{"id":1096,"date":"2019-03-28T18:43:59","date_gmt":"2019-03-28T18:43:59","guid":{"rendered":"https:\/\/lawcdh.com\/?page_id=1096"},"modified":"2024-03-05T20:54:59","modified_gmt":"2024-03-05T20:54:59","slug":"posesion-de-drogas","status":"publish","type":"page","link":"https:\/\/lawcdh.com\/es\/areas-de-practica\/delitos-de-drogas\/posesion-de-drogas\/","title":{"rendered":"Posesi\u00f3n de Drogas"},"content":{"rendered":"\n<p>Ser arrestado por posesi\u00f3n de drogas es una experiencia aterradora. Lo m\u00e1s probable es que su mente r\u00e1pidamente piense en todas las posibles consecuencias de su arresto: multas elevadas, encarcelamiento, antecedentes penales que pueden interferir con sus objetivos educativos o profesionales, una reputaci\u00f3n manchada, relaciones afectadas negativamente. Es cierto, especialmente en Nueva York, que las penas por posesi\u00f3n de drogas pueden ser particularmente duras (ir\u00f3nicamente, al mismo tiempo que el gobernador del estado est\u00e1 presionando para que se legalice la marihuana recreativa).<\/p>\n\n\n\n<p>Dependiendo de qu\u00e9 sustancia peligrosa controlada (CDS) se encuentre en posesi\u00f3n y la cantidad de la sustancia que tenga, las sanciones var\u00edan ampliamente. Las leyes relativas a la posesi\u00f3n de drogas son bastante complicadas en Nueva York, pero tambi\u00e9n tendr\u00e1 que lidiar con leyes federales establecidas en la Ley de Sustancias Controladas. Si lo arrestan en Syracuse, en cualquier parte del condado de Onondaga o en el \u00e1rea circundante del centro de Nueva York, <a href=\"https:\/\/lawcdh.com\/es\/areas-de-practica\/delitos-de-drogas\/\">los abogados con experiencia en delitos de drogas<\/a> de Carden Dotzler Hammond PLLC (CDH) est\u00e1n listos para defender sus derechos con la fuerza que proviene de habilidades bien perfeccionadas y a\u00f1os de defender exitosamente a clientes contra cargos de drogas.<\/p>\n\n\n\n<h2 class=\"wp-block-heading\" id=\"la-amplia-gama-de-penas-por-posesion-de-drogas-en-nueva-york\">La Amplia Gama de Penas Por Posesi\u00f3n de Drogas en Nueva York<\/h2>\n\n\n\n<p>Si lo arrestan con una cantidad relativamente grande de una sustancia controlada, es posible que lo acusen de un delito mayor que la posesi\u00f3n, ya sea que tuviera o no la intenci\u00f3n de distribuir o vender las drogas en cuesti\u00f3n. Tambi\u00e9n debe tener en cuenta que la ley del estado de Nueva York clasifica los compuestos utilizados para fabricar drogas, no s\u00f3lo las drogas en s\u00ed, como sustancias controladas y peligrosas. Adem\u00e1s de la cantidad de drogas que tenga en su poder en el momento del arresto y la clasificaci\u00f3n del tipo de droga que posee, cualquier antecedente penal que tenga tambi\u00e9n tendr\u00e1 un impacto negativo en su sentencia si es declarado culpable.<\/p>\n\n\n\n<p>Debido a estas variables, es posible que le impongan una multa de entre $ 100 y $ 100 000 y que tenga que pasar unos d\u00edas en la c\u00e1rcel o hasta 20 a\u00f1os de prisi\u00f3n. Es por eso que una vez arrestado usted debe buscar el consejo de los perspicaces y contundentes abogados de posesi\u00f3n de drogas de CDH. Una vez que se comunique con nosotros, sentir\u00e1 la tranquilidad de tener a su lado un equipo de abogados defensores criminales atentos y experimentados. Protegeremos sus derechos en cada paso del camino y siempre lo trataremos con respeto de acuerdo con nuestra firme creencia de que usted es &#8220;inocente hasta que se demuestre lo contrario&#8221;.<\/p>\n\n\n\n<h3 class=\"wp-block-heading\">Lo Que Los Abogados de Posesi\u00f3n de Drogas de CDH Law Pueden Hacer Por Usted<\/h3>\n\n\n\n<p>Una vez que nos explique las circunstancias particulares de su caso, podremos comenzar a trabajar en la mejor estrategia para defenderlo, ya sea en un tribunal de justicia o mediante t\u00e9cnicas bien elaboradas de negociaci\u00f3n de culpabilidad. Podemos utilizar t\u00e1cticas que nos son familiares o desarrollar un enfoque innovador. Nuestras prioridades son [1] lograr que se desestimen sus cargos, [2] obtener un veredicto de inocencia o [3] llegar a un acuerdo con la fiscal\u00eda para un delito menor, en ese orden. Buscamos llegar al mejor acuerdo posible con los fiscales, con suerte uno que proteja su billetera y su libertad personal. Nuestra bien merecida reputaci\u00f3n de ser negociadores de vanguardia y litigantes duros le ser\u00e1 de gran utilidad ya sea que su caso se decida dentro o fuera de la sala del tribunal.<\/p>\n\n\n\n<h3 class=\"wp-block-heading\">C\u00f3mo Le Afectar\u00e1 la Ley de Sustancias Controladas (CSA)<\/h3>\n\n\n\n<p>Seg\u00fan la Ley de Sustancias Controladas, las drogas se clasifican seg\u00fan una serie de factores, entre ellos: sus efectos psicol\u00f3gicos y f\u00edsicos en el cuerpo, su potencial de abuso y su factor de riesgo de dependencia o adicci\u00f3n. Las clasificaciones van desde las m\u00e1s peligrosas (Lista I) hasta las menos peligrosas (Lista V). Lo creas o no, la marihuana est\u00e1 a la altura de la Lista I junto con la hero\u00edna, el LSD, el \u00e9xtasis y el fentanilo. Al final de la lista, en el Anexo V, se encuentran los medicamentos para la tos con code\u00edna y Lomotil. En el rango medio se encuentran drogas como Ritalin, oxicodona, coca\u00edna, metanfetamina, ketamina, Xanax y Ambien.<\/p>\n\n\n\n<h3 class=\"wp-block-heading\">Los Abogados de CDH Luchar\u00e1n Por la Justicia<\/h3>\n\n\n\n<p>La droga por la que lo arrestan puede marcar una gran diferencia en c\u00f3mo lo tratan las autoridades y c\u00f3mo puede proceder su procesamiento. En <a href=\"https:\/\/lawcdh.com\/es\/\">CDH<\/a> tambi\u00e9n somos conscientes de que, a pesar de las leyes antidiscriminatorias, el color de su piel, su vestimenta, su identificaci\u00f3n de g\u00e9nero, su orientaci\u00f3n sexual o su acento tambi\u00e9n pueden alterar las circunstancias bajo las cuales usted es detenido y arrestado, lo que se le acusa y c\u00f3mo le trata el personal encargado de hacer cumplir la ley. Nuestros expertos abogados de defensa criminal aprovechar\u00e1n nuestra influencia para nivelar el campo de juego y garantizar que usted reciba un trato justo.<\/p>\n\n\n\n<h3 class=\"wp-block-heading\">Posibles Defensas Por Posesi\u00f3n de Drogas<\/h3>\n\n\n\n<p>Nuestros abogados de <a href=\"https:\/\/lawcdh.com\/es\/areas-de-practica\/delitos-de-drogas\/posesion-de-drogas\/\">posesi\u00f3n de drogas<\/a> est\u00e1n bien capacitados en todo tipo de defensa criminal. La estrategia que utilizaremos para liberarlo de sus problemas legales depender\u00e1 de cosas como su edad y las circunstancias que rodearon su arresto e interrogatorio.<\/p>\n\n\n\n<ul class=\"wp-block-list\">\n<li><strong>Edad<\/strong>: si es menor de 16 a\u00f1os, podemos utilizar una defensa conocida legalmente como \u201cinfancia\u201d, lo que significa que es demasiado joven para ser considerado penalmente responsable.<\/li>\n\n\n\n<li><strong>Falta de conocimiento<\/strong>: en algunos casos, podemos argumentar que usted no ten\u00eda conocimiento de la posesi\u00f3n y que las drogas fueron colocadas en su bolso o bolsillo por alguien que intentaba incriminarlo o salvarse del arresto.<\/li>\n\n\n\n<li><strong>Elaboraci\u00f3n de perfiles raciales o de otro tipo<\/strong>: si lo detuvieron mientras conduc\u00eda o estaba con sus amigos en el parque y cree que lo registraron porque era afroamericano, gay, transg\u00e9nero, musulm\u00e1n o miembro de alguna otra minor\u00eda protegida, podemos poder desestimar su caso.<\/li>\n\n\n\n<li><strong>Mala conducta policial<\/strong>: los registros e incautaciones ilegales que resultan en el descubrimiento de drogas ilegales pueden brindarnos los medios para liberarlo de la posesi\u00f3n, al igual que la brutalidad policial documentada.<\/li>\n\n\n\n<li><strong>Errores de procedimiento<\/strong>: si lo arrestaron e interrogaron sin que se le leyeran sus derechos Miranda, es posible que podamos desestimar sus cargos.<\/li>\n\n\n\n<li><strong>Identidad err\u00f3nea de la sustancia que pose\u00eda<\/strong>: muchos polvos o c\u00e1psulas se parecen a drogas ilegales, por lo que podemos insistir en un an\u00e1lisis de laboratorio para demostrar su inocencia.<\/li>\n\n\n\n<li><strong>P\u00e9rdida de las drogas despu\u00e9s del arresto<\/strong>: si la polic\u00eda no puede presentar las pruebas, que han desaparecido cuando lleguemos al juicio, las autoridades no tienen ning\u00fan caso contra usted.<\/li>\n\n\n\n<li><strong>Atrapamiento<\/strong>: debido a que el atrapamiento es muy dif\u00edcil de probar a menos que la polic\u00eda realmente le haya proporcionado las drogas, rara vez, o nunca, utilizamos esta defensa.<\/li>\n\n\n\n<li><strong>Marihuana medicinal<\/strong>: aunque nunca es una defensa en un tribunal federal, si porta marihuana medicinal en Nueva York, donde su uso es legal, y tiene documentaci\u00f3n de verificaci\u00f3n, probablemente podremos retirar los cargos en su contra.<\/li>\n<\/ul>\n\n\n\n<h4 class=\"wp-block-heading\"><strong>Contacte a Nuestro Abogado de Posesi\u00f3n de Drogas en Syracuse<\/strong><\/h4>\n\n\n\n<p>No pierda el tiempo preocup\u00e1ndose e imaginando los peores escenarios. En su lugar, comun\u00edquese con nuestros poderosos abogados de posesi\u00f3n de drogas. Inmediatamente tomaremos medidas efectivas para proteger su reputaci\u00f3n y su libertad. Puede comunicarse con nosotros por tel\u00e9fono, correo electr\u00f3nico o mediante el formulario de nuestro sitio web. No lo dudes. Cuanto antes se <a href=\"\/es\/contacto\/\">comunique con nosotros,<\/a> antes comenzaremos a luchar en\u00e9rgicamente por sus derechos.<\/p>\n","protected":false},"excerpt":{"rendered":"<p>Ser arrestado por posesi\u00f3n de drogas es una experiencia aterradora. Lo m\u00e1s probable es que su mente r\u00e1pidamente piense en todas las posibles consecuencias de su arresto: multas elevadas, encarcelamiento, antecedentes penales que pueden interferir con sus objetivos educativos o profesionales, una reputaci\u00f3n manchada, relaciones afectadas negativamente. Es cierto, especialmente en Nueva York, que las&#8230;<\/p>\n","protected":false},"author":17,"featured_media":2685,"parent":942,"menu_order":0,"comment_status":"closed","ping_status":"closed","template":"","meta":{"_acf_changed":false,"footnotes":""},"tags":[],"class_list":["post-1096","page","type-page","status-publish","has-post-thumbnail","hentry"],"acf":[],"yoast_head":"<!-- This site is optimized with the Yoast SEO plugin v27.4 - https:\/\/yoast.com\/product\/yoast-seo-wordpress\/ -->\n<title>Abogados de Posesi\u00f3n de Drogas en Syracuse | CDH Law<\/title>\n<meta name=\"description\" content=\"Si ha sido acusado de posesi\u00f3n de drogas, comun\u00edquese con nuestro abogado de posesi\u00f3n de drogas en Syracuse para una consulta sobre su caso.\" \/>\n<meta name=\"robots\" content=\"index, follow, max-snippet:-1, max-image-preview:large, max-video-preview:-1\" \/>\n<link rel=\"canonical\" href=\"https:\/\/lawcdh.com\/es\/areas-de-practica\/delitos-de-drogas\/posesion-de-drogas\/\" \/>\n<meta property=\"og:locale\" content=\"es_MX\" \/>\n<meta property=\"og:type\" content=\"article\" \/>\n<meta property=\"og:title\" content=\"Abogados de Posesi\u00f3n de Drogas en Syracuse | CDH Law\" \/>\n<meta property=\"og:description\" content=\"Si ha sido acusado de posesi\u00f3n de drogas, comun\u00edquese con nuestro abogado de posesi\u00f3n de drogas en Syracuse para una consulta sobre su caso.\" \/>\n<meta property=\"og:url\" content=\"https:\/\/lawcdh.com\/es\/areas-de-practica\/delitos-de-drogas\/posesion-de-drogas\/\" \/>\n<meta property=\"og:site_name\" content=\"CDH Law PLLC ES\" \/>\n<meta property=\"article:modified_time\" content=\"2024-03-05T20:54:59+00:00\" \/>\n<meta property=\"og:image\" content=\"https:\/\/lawcdh.com\/es\/wp-content\/uploads\/sites\/2\/2024\/01\/drug-posession-lawyer.png\" \/>\n\t<meta property=\"og:image:width\" content=\"730\" \/>\n\t<meta property=\"og:image:height\" content=\"300\" \/>\n\t<meta property=\"og:image:type\" content=\"image\/png\" \/>\n<meta name=\"twitter:card\" content=\"summary_large_image\" \/>\n<meta name=\"twitter:label1\" content=\"Est. reading time\" \/>\n\t<meta name=\"twitter:data1\" content=\"6 minutos\" \/>\n<script type=\"application\/ld+json\" class=\"yoast-schema-graph\">{\"@context\":\"https:\\\/\\\/schema.org\",\"@graph\":[{\"@type\":\"WebPage\",\"@id\":\"https:\\\/\\\/lawcdh.com\\\/es\\\/areas-de-practica\\\/delitos-de-drogas\\\/posesion-de-drogas\\\/\",\"url\":\"https:\\\/\\\/lawcdh.com\\\/es\\\/areas-de-practica\\\/delitos-de-drogas\\\/posesion-de-drogas\\\/\",\"name\":\"Abogados de Posesi\u00f3n de Drogas en Syracuse | CDH Law\",\"isPartOf\":{\"@id\":\"https:\\\/\\\/lawcdh.com\\\/es\\\/#website\"},\"primaryImageOfPage\":{\"@id\":\"https:\\\/\\\/lawcdh.com\\\/es\\\/areas-de-practica\\\/delitos-de-drogas\\\/posesion-de-drogas\\\/#primaryimage\"},\"image\":{\"@id\":\"https:\\\/\\\/lawcdh.com\\\/es\\\/areas-de-practica\\\/delitos-de-drogas\\\/posesion-de-drogas\\\/#primaryimage\"},\"thumbnailUrl\":\"https:\\\/\\\/lawcdh.com\\\/es\\\/wp-content\\\/uploads\\\/sites\\\/2\\\/2024\\\/01\\\/drug-posession-lawyer.png\",\"datePublished\":\"2019-03-28T18:43:59+00:00\",\"dateModified\":\"2024-03-05T20:54:59+00:00\",\"description\":\"Si ha sido acusado de posesi\u00f3n de drogas, comun\u00edquese con nuestro abogado de posesi\u00f3n de drogas en Syracuse para una consulta sobre su caso.\",\"breadcrumb\":{\"@id\":\"https:\\\/\\\/lawcdh.com\\\/es\\\/areas-de-practica\\\/delitos-de-drogas\\\/posesion-de-drogas\\\/#breadcrumb\"},\"inLanguage\":\"es\",\"potentialAction\":[{\"@type\":\"ReadAction\",\"target\":[\"https:\\\/\\\/lawcdh.com\\\/es\\\/areas-de-practica\\\/delitos-de-drogas\\\/posesion-de-drogas\\\/\"]}]},{\"@type\":\"ImageObject\",\"inLanguage\":\"es\",\"@id\":\"https:\\\/\\\/lawcdh.com\\\/es\\\/areas-de-practica\\\/delitos-de-drogas\\\/posesion-de-drogas\\\/#primaryimage\",\"url\":\"https:\\\/\\\/lawcdh.com\\\/es\\\/wp-content\\\/uploads\\\/sites\\\/2\\\/2024\\\/01\\\/drug-posession-lawyer.png\",\"contentUrl\":\"https:\\\/\\\/lawcdh.com\\\/es\\\/wp-content\\\/uploads\\\/sites\\\/2\\\/2024\\\/01\\\/drug-posession-lawyer.png\",\"width\":730,\"height\":300,\"caption\":\"Hombre con drogas en la mano\"},{\"@type\":\"BreadcrumbList\",\"@id\":\"https:\\\/\\\/lawcdh.com\\\/es\\\/areas-de-practica\\\/delitos-de-drogas\\\/posesion-de-drogas\\\/#breadcrumb\",\"itemListElement\":[{\"@type\":\"ListItem\",\"position\":1,\"name\":\"Home\",\"item\":\"https:\\\/\\\/lawcdh.com\\\/es\\\/\"},{\"@type\":\"ListItem\",\"position\":2,\"name\":\"\u00c1reas de Pr\u00e1ctica\",\"item\":\"https:\\\/\\\/lawcdh.com\\\/es\\\/areas-de-practica\\\/\"},{\"@type\":\"ListItem\",\"position\":3,\"name\":\"Delitos de Drogas\",\"item\":\"https:\\\/\\\/lawcdh.com\\\/es\\\/areas-de-practica\\\/delitos-de-drogas\\\/\"},{\"@type\":\"ListItem\",\"position\":4,\"name\":\"Posesi\u00f3n de Drogas\"}]},{\"@type\":\"WebSite\",\"@id\":\"https:\\\/\\\/lawcdh.com\\\/es\\\/#website\",\"url\":\"https:\\\/\\\/lawcdh.com\\\/es\\\/\",\"name\":\"CDH Law PLLC ES\",\"description\":\"\",\"potentialAction\":[{\"@type\":\"SearchAction\",\"target\":{\"@type\":\"EntryPoint\",\"urlTemplate\":\"https:\\\/\\\/lawcdh.com\\\/es\\\/?s={search_term_string}\"},\"query-input\":{\"@type\":\"PropertyValueSpecification\",\"valueRequired\":true,\"valueName\":\"search_term_string\"}}],\"inLanguage\":\"es\"}]}<\/script>\n<!-- \/ Yoast SEO plugin. -->","yoast_head_json":{"title":"Abogados de Posesi\u00f3n de Drogas en Syracuse | CDH Law","description":"Si ha sido acusado de posesi\u00f3n de drogas, comun\u00edquese con nuestro abogado de posesi\u00f3n de drogas en Syracuse para una consulta sobre su caso.","robots":{"index":"index","follow":"follow","max-snippet":"max-snippet:-1","max-image-preview":"max-image-preview:large","max-video-preview":"max-video-preview:-1"},"canonical":"https:\/\/lawcdh.com\/es\/areas-de-practica\/delitos-de-drogas\/posesion-de-drogas\/","og_locale":"es_MX","og_type":"article","og_title":"Abogados de Posesi\u00f3n de Drogas en Syracuse | CDH Law","og_description":"Si ha sido acusado de posesi\u00f3n de drogas, comun\u00edquese con nuestro abogado de posesi\u00f3n de drogas en Syracuse para una consulta sobre su caso.","og_url":"https:\/\/lawcdh.com\/es\/areas-de-practica\/delitos-de-drogas\/posesion-de-drogas\/","og_site_name":"CDH Law PLLC ES","article_modified_time":"2024-03-05T20:54:59+00:00","og_image":[{"width":730,"height":300,"url":"https:\/\/lawcdh.com\/es\/wp-content\/uploads\/sites\/2\/2024\/01\/drug-posession-lawyer.png","type":"image\/png"}],"twitter_card":"summary_large_image","twitter_misc":{"Est. reading time":"6 minutos"},"schema":{"@context":"https:\/\/schema.org","@graph":[{"@type":"WebPage","@id":"https:\/\/lawcdh.com\/es\/areas-de-practica\/delitos-de-drogas\/posesion-de-drogas\/","url":"https:\/\/lawcdh.com\/es\/areas-de-practica\/delitos-de-drogas\/posesion-de-drogas\/","name":"Abogados de Posesi\u00f3n de Drogas en Syracuse | CDH Law","isPartOf":{"@id":"https:\/\/lawcdh.com\/es\/#website"},"primaryImageOfPage":{"@id":"https:\/\/lawcdh.com\/es\/areas-de-practica\/delitos-de-drogas\/posesion-de-drogas\/#primaryimage"},"image":{"@id":"https:\/\/lawcdh.com\/es\/areas-de-practica\/delitos-de-drogas\/posesion-de-drogas\/#primaryimage"},"thumbnailUrl":"https:\/\/lawcdh.com\/es\/wp-content\/uploads\/sites\/2\/2024\/01\/drug-posession-lawyer.png","datePublished":"2019-03-28T18:43:59+00:00","dateModified":"2024-03-05T20:54:59+00:00","description":"Si ha sido acusado de posesi\u00f3n de drogas, comun\u00edquese con nuestro abogado de posesi\u00f3n de drogas en Syracuse para una consulta sobre su caso.","breadcrumb":{"@id":"https:\/\/lawcdh.com\/es\/areas-de-practica\/delitos-de-drogas\/posesion-de-drogas\/#breadcrumb"},"inLanguage":"es","potentialAction":[{"@type":"ReadAction","target":["https:\/\/lawcdh.com\/es\/areas-de-practica\/delitos-de-drogas\/posesion-de-drogas\/"]}]},{"@type":"ImageObject","inLanguage":"es","@id":"https:\/\/lawcdh.com\/es\/areas-de-practica\/delitos-de-drogas\/posesion-de-drogas\/#primaryimage","url":"https:\/\/lawcdh.com\/es\/wp-content\/uploads\/sites\/2\/2024\/01\/drug-posession-lawyer.png","contentUrl":"https:\/\/lawcdh.com\/es\/wp-content\/uploads\/sites\/2\/2024\/01\/drug-posession-lawyer.png","width":730,"height":300,"caption":"Hombre con drogas en la mano"},{"@type":"BreadcrumbList","@id":"https:\/\/lawcdh.com\/es\/areas-de-practica\/delitos-de-drogas\/posesion-de-drogas\/#breadcrumb","itemListElement":[{"@type":"ListItem","position":1,"name":"Home","item":"https:\/\/lawcdh.com\/es\/"},{"@type":"ListItem","position":2,"name":"\u00c1reas de Pr\u00e1ctica","item":"https:\/\/lawcdh.com\/es\/areas-de-practica\/"},{"@type":"ListItem","position":3,"name":"Delitos de Drogas","item":"https:\/\/lawcdh.com\/es\/areas-de-practica\/delitos-de-drogas\/"},{"@type":"ListItem","position":4,"name":"Posesi\u00f3n de Drogas"}]},{"@type":"WebSite","@id":"https:\/\/lawcdh.com\/es\/#website","url":"https:\/\/lawcdh.com\/es\/","name":"CDH Law PLLC ES","description":"","potentialAction":[{"@type":"SearchAction","target":{"@type":"EntryPoint","urlTemplate":"https:\/\/lawcdh.com\/es\/?s={search_term_string}"},"query-input":{"@type":"PropertyValueSpecification","valueRequired":true,"valueName":"search_term_string"}}],"inLanguage":"es"}]}},"_links":{"self":[{"href":"https:\/\/lawcdh.com\/es\/wp-json\/wp\/v2\/pages\/1096","targetHints":{"allow":["GET"]}}],"collection":[{"href":"https:\/\/lawcdh.com\/es\/wp-json\/wp\/v2\/pages"}],"about":[{"href":"https:\/\/lawcdh.com\/es\/wp-json\/wp\/v2\/types\/page"}],"author":[{"embeddable":true,"href":"https:\/\/lawcdh.com\/es\/wp-json\/wp\/v2\/users\/17"}],"replies":[{"embeddable":true,"href":"https:\/\/lawcdh.com\/es\/wp-json\/wp\/v2\/comments?post=1096"}],"version-history":[{"count":0,"href":"https:\/\/lawcdh.com\/es\/wp-json\/wp\/v2\/pages\/1096\/revisions"}],"up":[{"embeddable":true,"href":"https:\/\/lawcdh.com\/es\/wp-json\/wp\/v2\/pages\/942"}],"wp:featuredmedia":[{"embeddable":true,"href":"https:\/\/lawcdh.com\/es\/wp-json\/wp\/v2\/media\/2685"}],"wp:attachment":[{"href":"https:\/\/lawcdh.com\/es\/wp-json\/wp\/v2\/media?parent=1096"}],"wp:term":[{"taxonomy":"post_tag","embeddable":true,"href":"https:\/\/lawcdh.com\/es\/wp-json\/wp\/v2\/tags?post=1096"}],"curies":[{"name":"wp","href":"https:\/\/api.w.org\/{rel}","templated":true}]}}