{"id":1125,"date":"2019-05-17T13:00:44","date_gmt":"2019-05-17T13:00:44","guid":{"rendered":"https:\/\/lawcdh.com\/?page_id=1125"},"modified":"2024-08-12T19:45:37","modified_gmt":"2024-08-12T19:45:37","slug":"violencia-domestica","status":"publish","type":"page","link":"https:\/\/lawcdh.com\/es\/areas-de-practica\/defensa-criminal\/violencia-domestica\/","title":{"rendered":"Violencia Dom\u00e9stica"},"content":{"rendered":"\n<p>Durante los \u00faltimos 50 a\u00f1os, ha aumentado la conciencia sobre la violencia dom\u00e9stica y los intentos de frenar su aparici\u00f3n. Debido a que las relaciones \u00edntimas son complicadas, a menudo es dif\u00edcil desenredar sus hilos para descubrir la verdad. Si bien hay muchos casos de abuso real dentro de las familias o entre quienes comparten espacios cercanos, tambi\u00e9n hay m\u00faltiples casos de acusaciones falsas de violencia dom\u00e9stica y muchos arrestos falsos por estos cargos. Si usted est\u00e1 involucrado en la turbulencia de la violencia dom\u00e9stica, ya sea como v\u00edctima o como presunto perpetrador, necesita un abogado defensor penal s\u00f3lido que lo ayude a navegar por el sistema de justicia.<\/p>\n\n\n\n<p>Cualquiera que sea su papel en una situaci\u00f3n de violencia dom\u00e9stica, es probable que se sienta v\u00edctima y sola. Si vive en Syracuse, en cualquier otro lugar del condado de Onondaga o en cualquier lugar del centro de Nueva York, debe hacerse el favor de comunicarse con <a href=\"https:\/\/lawcdh.com\/es\/\">CDH Law, PLLC<\/a>. Debido a que tenemos experiencia en las dos \u00e1reas legales que se ocupan de asuntos de violencia dom\u00e9stica, somos capaces de comprender su lado del problema, independientemente del lado en el que se encuentre.<\/p>\n\n\n\n<h2 class=\"wp-block-heading\" id=\"la-violencia-domestica-como-cuestion-de-derecho-de-familia\">La Violencia Dom\u00e9stica Como Cuesti\u00f3n de Derecho de Familia<\/h2>\n\n\n\n<p>Hay varias razones por las que quiz\u00e1s desee trabajar con un abogado de derecho familiar si se ve atrapado en una vor\u00e1gine de violencia dom\u00e9stica. \u00c9stas incluyen:<\/p>\n\n\n\n<ul class=\"wp-block-list\">\n<li>Citar la violencia dom\u00e9stica como motivo para obtener una orden de protecci\u00f3n (orden de restricci\u00f3n)<\/li>\n\n\n\n<li>Citar la violencia dom\u00e9stica como motivo para iniciar un proceso de divorcio<\/li>\n\n\n\n<li>Citar la violencia dom\u00e9stica como motivo para determinar la custodia de los hijos en un acuerdo de divorcio<\/li>\n\n\n\n<li>Citar la violencia dom\u00e9stica como motivo para modificar la custodia de los hijos o los acuerdos de visita<\/li>\n<\/ul>\n\n\n\n<p>Nuestros abogados de derecho de familia est\u00e1n bien preparados para protegerlo a usted y a sus hijos de da\u00f1os en el hogar. Siempre es aconsejable contactarnos tan pronto como perciba que las disputas dom\u00e9sticas se est\u00e1n saliendo de control. No espere: busque asistencia legal atenta y atenta.<\/p>\n\n\n\n<p>Recuerde, en CDH Law siempre ser\u00e1 tratado con empat\u00eda y respeto. Estamos aqu\u00ed para ayudarle a evitar un mayor contacto y recuperar el equilibrio de su vida.<\/p>\n\n\n\n<h2 class=\"wp-block-heading\" id=\"la-historia-de-la-violencia-domestica\">La Historia de la Violencia Dom\u00e9stica<\/h2>\n\n\n\n<p>La violencia dom\u00e9stica ahora se considera un delito grave. Este no fue siempre el caso. En siglos pasados una mujer \u201cpertenec\u00eda\u201d a su marido; por lo tanto, no pod\u00eda ser acusado de violarla y ten\u00eda derecho a \u201cdisciplinarla\u201d mediante castigos corporales. Han sido necesarios muchos a\u00f1os para llegar a un lugar en el que la violencia dom\u00e9stica se considere un delito particularmente atroz. Cabe se\u00f1alar que los ni\u00f1os han sido, y siguen siendo, en algunos hogares, castigados con lo que legalmente puede considerarse un trato violento y\/o abusivo.<\/p>\n\n\n\n<p>Ahora se reconoce que una pareja \u00edntima con frecuencia tiene control emocional y financiero, lo que le proporciona m\u00e1s poder para intimidar. Sin embargo, como se mencion\u00f3 anteriormente, los casos de violencia dom\u00e9stica son complejos y la realidad a menudo difiere de los \u201chechos\u201d aparentes. Si ha sido acusado de un delito de violencia dom\u00e9stica, necesita un abogado defensor penal agresivo con un conocimiento profundo de este aspecto de la ley para salvar su reputaci\u00f3n, su libertad y su futuro.<\/p>\n\n\n\n<h3 class=\"wp-block-heading\">C\u00f3mo Se Define Legalmente la Violencia Dom\u00e9stica<\/h3>\n\n\n\n<p>Los delitos considerados violencia dom\u00e9stica ser\u00edan acciones delictivas fuera del hogar. Lo que diferencia la violencia dom\u00e9stica es la relaci\u00f3n entre el demandante y el demandado. Las siguientes relaciones con el perpetrador colocan las acciones violentas en la categor\u00eda de abuso dom\u00e9stico:<\/p>\n\n\n\n<ul class=\"wp-block-list\">\n<li>Miembro de la familia (c\u00f3nyuge, padre, hermano, hijo)<\/li>\n\n\n\n<li>Una persona con quien tiene un hijo.<\/li>\n\n\n\n<li>Compa\u00f1ero de cuarto o compa\u00f1ero de casa<\/li>\n\n\n\n<li>Otro pariente (como un suegro)<\/li>\n\n\n\n<li>Pareja rom\u00e1ntica pasada o presente<\/li>\n<\/ul>\n\n\n\n<p>B\u00e1sicamente, cualquier persona con la que tenga una relaci\u00f3n \u00edntima puede acusarlo de abuso dom\u00e9stico, incluido, por supuesto, una pareja rom\u00e1ntica o un c\u00f3nyuge del mismo sexo.<\/p>\n\n\n\n<h3 class=\"wp-block-heading\">Tipos de Abuso Dom\u00e9stico<\/h3>\n\n\n\n<p>Hay muchas maneras en que una persona puede sufrir abuso dom\u00e9stico:<\/p>\n\n\n\n<ul class=\"wp-block-list\">\n<li><strong>Abuso f\u00edsico<\/strong>: golpear, patear, empujar, tirar del pelo, pellizcar, quemar, asfixiar.<\/li>\n\n\n\n<li><strong>Encarcelamiento ilegal<\/strong>: impedir que el demandante abandone las instalaciones (ir a la escuela, al trabajo, a terapia, de compras)<\/li>\n\n\n\n<li><strong>Abuso sexual<\/strong>: violaci\u00f3n, agresi\u00f3n sexual<\/li>\n\n\n\n<li><strong>Abuso emocional<\/strong>: insultos, denigraci\u00f3n, menosprecio, desprecio, desprecio<\/li>\n\n\n\n<li><strong>Abuso econ\u00f3mico<\/strong>: impedir el acceso de la v\u00edctima a los fondos<\/li>\n\n\n\n<li><strong>Abuso psicol\u00f3gico<\/strong>: intimidar, amenazar con lastimar a la v\u00edctima, a sus hijos o a sus mascotas.<\/li>\n\n\n\n<li><strong>Acecho<\/strong>: espiar, hacer llamadas molestas, enviar mensajes de texto, presentarse en el lugar de trabajo de la v\u00edctima.<\/li>\n\n\n\n<li><strong>Acecho cibern\u00e9tico<\/strong>: publicaci\u00f3n de correos electr\u00f3nicos perturbadores, pornograf\u00eda de venganza y contenido vil en l\u00ednea<\/li>\n\n\n\n<li><strong>Homicidio<\/strong>: causar intencionalmente la muerte de la v\u00edctima o matarla durante un ataque.<\/li>\n<\/ul>\n\n\n\n<h2 class=\"wp-block-heading\" id=\"cdh-law-lo-defendera-contra-cargos-de-abuso-domestico\">CDH Law Lo Defender\u00e1 Contra Cargos de Abuso Dom\u00e9stico<\/h2>\n\n\n\n<p>Las penas por cualquier tipo de abuso dom\u00e9stico pueden ser extremadamente duras, incluidas multas elevadas, tasas judiciales, libertad condicional, consecuencias migratorias, inscripci\u00f3n obligatoria en programas de tratamiento prolongados y costosos y cadena perpetua o incluso cadena perpetua. Si lo condenan por un delito grave, tambi\u00e9n puede perder ciertos derechos civiles, como el derecho a poseer o portar un arma y el derecho a votar. Incluso es posible que se le niegue el acceso a sus hijos o que se le solicite que los vea s\u00f3lo en entornos supervisados.<\/p>\n\n\n\n<h3 class=\"wp-block-heading\">Defensas Contra Cargos de Abuso Dom\u00e9stico<\/h3>\n\n\n\n<p>Aunque las consecuencias de las condenas por violencia dom\u00e9stica pueden ser graves, nuestros experimentados abogados defensores penales tienen varias defensas viables para protegerlo. Trabajaremos incansablemente para exponer inconsistencias en las afirmaciones de su acusador, revisaremos los registros policiales y buscaremos relatos de testigos que ayuden en su caso. Tambi\u00e9n podremos demostrar que usted se estaba defendiendo a s\u00ed mismo o a sus hijos durante el incidente en cuesti\u00f3n. Hay varias razones por las que alguien cercano a usted puede acusarlo falsamente: celos, ira, venganza o para aumentar la influencia en los procedimientos de divorcio. Tambi\u00e9n existe la posibilidad de que lo hayan arrestado falsamente debido a suposiciones err\u00f3neas hechas por agentes del orden llamados a su casa.<\/p>\n\n\n\n<h4 class=\"wp-block-heading\"><strong>Comun\u00edquese Con Nuestros Abogados de Violencia Dom\u00e9stica en El Centro de Nueva York Y Syracuse<\/strong><\/h4>\n\n\n\n<p>Los abogados de CDH Law son muy conscientes de la naturaleza complicada de la violencia dom\u00e9stica. Ya sea que haya sido v\u00edctima o acusado falsamente, una vez que se convierta en nuestro cliente, estaremos de su lado. Contamos con el historial exitoso, las credenciales y los testimonios para ganarnos su confianza. <a href=\"\/es\/contacto\/\">Cont\u00e1ctenos<\/a> hoy para ver cu\u00e1n contundentes podemos ser al buscar justicia para usted y su familia.<\/p>\n\n\n\n<p><strong><em>Carden Dotzler Hammond, PLLC representa a clientes en el centro de Nueva York, Syracuse, el condado de Monroe, el condado de Jefferson, el condado de Oswego, el condado de Ontario y el condado de Onondaga, incluidos los pueblos y aldeas de Camillus, Cicero, Clay, Dewitt, Elbridge, Geddes, Manlius, Marcellus, Onondaga, Salina, Skaneateles, Baldwinsville, East Syracuse, Fayetteville, Liverpool, North Syracuse y Solvay.<\/em><\/strong><\/p>\n","protected":false},"excerpt":{"rendered":"<p>Durante los \u00faltimos 50 a\u00f1os, ha aumentado la conciencia sobre la violencia dom\u00e9stica y los intentos de frenar su aparici\u00f3n. Debido a que las relaciones \u00edntimas son complicadas, a menudo es dif\u00edcil desenredar sus hilos para descubrir la verdad. Si bien hay muchos casos de abuso real dentro de las familias o entre quienes comparten&#8230;<\/p>\n","protected":false},"author":17,"featured_media":2274,"parent":941,"menu_order":0,"comment_status":"closed","ping_status":"closed","template":"","meta":{"_acf_changed":true,"footnotes":""},"tags":[],"class_list":["post-1125","page","type-page","status-publish","has-post-thumbnail","hentry"],"acf":[],"yoast_head":"<!-- This site is optimized with the Yoast SEO plugin v27.5 - https:\/\/yoast.com\/product\/yoast-seo-wordpress\/ -->\n<title>Abogados de Violencia Dom\u00e9stica en Syracuse &amp; Central New York - CDH Law PLLC ES<\/title>\n<meta name=\"description\" content=\"Si ha sido acusado de violencia dom\u00e9stica, el mejor curso de acci\u00f3n es comunicarse con nuestros abogados de violencia dom\u00e9stica de Syracuse.\" \/>\n<meta name=\"robots\" content=\"index, follow, max-snippet:-1, max-image-preview:large, max-video-preview:-1\" \/>\n<link rel=\"canonical\" href=\"https:\/\/lawcdh.com\/es\/areas-de-practica\/defensa-criminal\/violencia-domestica\/\" \/>\n<meta property=\"og:locale\" content=\"es_MX\" \/>\n<meta property=\"og:type\" content=\"article\" \/>\n<meta property=\"og:title\" content=\"Abogados de Violencia Dom\u00e9stica en Syracuse &amp; Central New York - CDH Law PLLC ES\" \/>\n<meta property=\"og:description\" content=\"Si ha sido acusado de violencia dom\u00e9stica, el mejor curso de acci\u00f3n es comunicarse con nuestros abogados de violencia dom\u00e9stica de Syracuse.\" \/>\n<meta property=\"og:url\" content=\"https:\/\/lawcdh.com\/es\/areas-de-practica\/defensa-criminal\/violencia-domestica\/\" \/>\n<meta property=\"og:site_name\" content=\"CDH Law PLLC ES\" \/>\n<meta property=\"article:modified_time\" content=\"2024-08-12T19:45:37+00:00\" \/>\n<meta property=\"og:image\" content=\"https:\/\/lawcdh.com\/es\/wp-content\/uploads\/sites\/2\/2023\/10\/syracuse-domestic-violence-lawyers-2.jpg\" \/>\n\t<meta property=\"og:image:width\" content=\"730\" \/>\n\t<meta property=\"og:image:height\" content=\"300\" \/>\n\t<meta property=\"og:image:type\" content=\"image\/jpeg\" \/>\n<meta name=\"twitter:card\" content=\"summary_large_image\" \/>\n<meta name=\"twitter:label1\" content=\"Est. reading time\" \/>\n\t<meta name=\"twitter:data1\" content=\"6 minutos\" \/>\n<script type=\"application\/ld+json\" class=\"yoast-schema-graph\">{\"@context\":\"https:\\\/\\\/schema.org\",\"@graph\":[{\"@type\":\"WebPage\",\"@id\":\"https:\\\/\\\/lawcdh.com\\\/es\\\/areas-de-practica\\\/defensa-criminal\\\/violencia-domestica\\\/\",\"url\":\"https:\\\/\\\/lawcdh.com\\\/es\\\/areas-de-practica\\\/defensa-criminal\\\/violencia-domestica\\\/\",\"name\":\"Abogados de Violencia Dom\u00e9stica en Syracuse & Central New York - CDH Law PLLC ES\",\"isPartOf\":{\"@id\":\"https:\\\/\\\/lawcdh.com\\\/es\\\/#website\"},\"primaryImageOfPage\":{\"@id\":\"https:\\\/\\\/lawcdh.com\\\/es\\\/areas-de-practica\\\/defensa-criminal\\\/violencia-domestica\\\/#primaryimage\"},\"image\":{\"@id\":\"https:\\\/\\\/lawcdh.com\\\/es\\\/areas-de-practica\\\/defensa-criminal\\\/violencia-domestica\\\/#primaryimage\"},\"thumbnailUrl\":\"https:\\\/\\\/lawcdh.com\\\/es\\\/wp-content\\\/uploads\\\/sites\\\/2\\\/2023\\\/10\\\/syracuse-domestic-violence-lawyers-2.jpg\",\"datePublished\":\"2019-05-17T13:00:44+00:00\",\"dateModified\":\"2024-08-12T19:45:37+00:00\",\"description\":\"Si ha sido acusado de violencia dom\u00e9stica, el mejor curso de acci\u00f3n es comunicarse con nuestros abogados de violencia dom\u00e9stica de Syracuse.\",\"breadcrumb\":{\"@id\":\"https:\\\/\\\/lawcdh.com\\\/es\\\/areas-de-practica\\\/defensa-criminal\\\/violencia-domestica\\\/#breadcrumb\"},\"inLanguage\":\"es\",\"potentialAction\":[{\"@type\":\"ReadAction\",\"target\":[\"https:\\\/\\\/lawcdh.com\\\/es\\\/areas-de-practica\\\/defensa-criminal\\\/violencia-domestica\\\/\"]}]},{\"@type\":\"ImageObject\",\"inLanguage\":\"es\",\"@id\":\"https:\\\/\\\/lawcdh.com\\\/es\\\/areas-de-practica\\\/defensa-criminal\\\/violencia-domestica\\\/#primaryimage\",\"url\":\"https:\\\/\\\/lawcdh.com\\\/es\\\/wp-content\\\/uploads\\\/sites\\\/2\\\/2023\\\/10\\\/syracuse-domestic-violence-lawyers-2.jpg\",\"contentUrl\":\"https:\\\/\\\/lawcdh.com\\\/es\\\/wp-content\\\/uploads\\\/sites\\\/2\\\/2023\\\/10\\\/syracuse-domestic-violence-lawyers-2.jpg\",\"width\":730,\"height\":300,\"caption\":\"man grabbing womans hand\"},{\"@type\":\"BreadcrumbList\",\"@id\":\"https:\\\/\\\/lawcdh.com\\\/es\\\/areas-de-practica\\\/defensa-criminal\\\/violencia-domestica\\\/#breadcrumb\",\"itemListElement\":[{\"@type\":\"ListItem\",\"position\":1,\"name\":\"Home\",\"item\":\"https:\\\/\\\/lawcdh.com\\\/es\\\/\"},{\"@type\":\"ListItem\",\"position\":2,\"name\":\"\u00c1reas de Pr\u00e1ctica\",\"item\":\"https:\\\/\\\/lawcdh.com\\\/es\\\/areas-de-practica\\\/\"},{\"@type\":\"ListItem\",\"position\":3,\"name\":\"Defensa Penal\",\"item\":\"https:\\\/\\\/lawcdh.com\\\/es\\\/areas-de-practica\\\/defensa-criminal\\\/\"},{\"@type\":\"ListItem\",\"position\":4,\"name\":\"Violencia Dom\u00e9stica\"}]},{\"@type\":\"WebSite\",\"@id\":\"https:\\\/\\\/lawcdh.com\\\/es\\\/#website\",\"url\":\"https:\\\/\\\/lawcdh.com\\\/es\\\/\",\"name\":\"CDH Law PLLC ES\",\"description\":\"\",\"potentialAction\":[{\"@type\":\"SearchAction\",\"target\":{\"@type\":\"EntryPoint\",\"urlTemplate\":\"https:\\\/\\\/lawcdh.com\\\/es\\\/?s={search_term_string}\"},\"query-input\":{\"@type\":\"PropertyValueSpecification\",\"valueRequired\":true,\"valueName\":\"search_term_string\"}}],\"inLanguage\":\"es\"}]}<\/script>\n<!-- \/ Yoast SEO plugin. -->","yoast_head_json":{"title":"Abogados de Violencia Dom\u00e9stica en Syracuse & Central New York - CDH Law PLLC ES","description":"Si ha sido acusado de violencia dom\u00e9stica, el mejor curso de acci\u00f3n es comunicarse con nuestros abogados de violencia dom\u00e9stica de Syracuse.","robots":{"index":"index","follow":"follow","max-snippet":"max-snippet:-1","max-image-preview":"max-image-preview:large","max-video-preview":"max-video-preview:-1"},"canonical":"https:\/\/lawcdh.com\/es\/areas-de-practica\/defensa-criminal\/violencia-domestica\/","og_locale":"es_MX","og_type":"article","og_title":"Abogados de Violencia Dom\u00e9stica en Syracuse & Central New York - CDH Law PLLC ES","og_description":"Si ha sido acusado de violencia dom\u00e9stica, el mejor curso de acci\u00f3n es comunicarse con nuestros abogados de violencia dom\u00e9stica de Syracuse.","og_url":"https:\/\/lawcdh.com\/es\/areas-de-practica\/defensa-criminal\/violencia-domestica\/","og_site_name":"CDH Law PLLC ES","article_modified_time":"2024-08-12T19:45:37+00:00","og_image":[{"width":730,"height":300,"url":"https:\/\/lawcdh.com\/es\/wp-content\/uploads\/sites\/2\/2023\/10\/syracuse-domestic-violence-lawyers-2.jpg","type":"image\/jpeg"}],"twitter_card":"summary_large_image","twitter_misc":{"Est. reading time":"6 minutos"},"schema":{"@context":"https:\/\/schema.org","@graph":[{"@type":"WebPage","@id":"https:\/\/lawcdh.com\/es\/areas-de-practica\/defensa-criminal\/violencia-domestica\/","url":"https:\/\/lawcdh.com\/es\/areas-de-practica\/defensa-criminal\/violencia-domestica\/","name":"Abogados de Violencia Dom\u00e9stica en Syracuse & Central New York - CDH Law PLLC ES","isPartOf":{"@id":"https:\/\/lawcdh.com\/es\/#website"},"primaryImageOfPage":{"@id":"https:\/\/lawcdh.com\/es\/areas-de-practica\/defensa-criminal\/violencia-domestica\/#primaryimage"},"image":{"@id":"https:\/\/lawcdh.com\/es\/areas-de-practica\/defensa-criminal\/violencia-domestica\/#primaryimage"},"thumbnailUrl":"https:\/\/lawcdh.com\/es\/wp-content\/uploads\/sites\/2\/2023\/10\/syracuse-domestic-violence-lawyers-2.jpg","datePublished":"2019-05-17T13:00:44+00:00","dateModified":"2024-08-12T19:45:37+00:00","description":"Si ha sido acusado de violencia dom\u00e9stica, el mejor curso de acci\u00f3n es comunicarse con nuestros abogados de violencia dom\u00e9stica de Syracuse.","breadcrumb":{"@id":"https:\/\/lawcdh.com\/es\/areas-de-practica\/defensa-criminal\/violencia-domestica\/#breadcrumb"},"inLanguage":"es","potentialAction":[{"@type":"ReadAction","target":["https:\/\/lawcdh.com\/es\/areas-de-practica\/defensa-criminal\/violencia-domestica\/"]}]},{"@type":"ImageObject","inLanguage":"es","@id":"https:\/\/lawcdh.com\/es\/areas-de-practica\/defensa-criminal\/violencia-domestica\/#primaryimage","url":"https:\/\/lawcdh.com\/es\/wp-content\/uploads\/sites\/2\/2023\/10\/syracuse-domestic-violence-lawyers-2.jpg","contentUrl":"https:\/\/lawcdh.com\/es\/wp-content\/uploads\/sites\/2\/2023\/10\/syracuse-domestic-violence-lawyers-2.jpg","width":730,"height":300,"caption":"man grabbing womans hand"},{"@type":"BreadcrumbList","@id":"https:\/\/lawcdh.com\/es\/areas-de-practica\/defensa-criminal\/violencia-domestica\/#breadcrumb","itemListElement":[{"@type":"ListItem","position":1,"name":"Home","item":"https:\/\/lawcdh.com\/es\/"},{"@type":"ListItem","position":2,"name":"\u00c1reas de Pr\u00e1ctica","item":"https:\/\/lawcdh.com\/es\/areas-de-practica\/"},{"@type":"ListItem","position":3,"name":"Defensa Penal","item":"https:\/\/lawcdh.com\/es\/areas-de-practica\/defensa-criminal\/"},{"@type":"ListItem","position":4,"name":"Violencia Dom\u00e9stica"}]},{"@type":"WebSite","@id":"https:\/\/lawcdh.com\/es\/#website","url":"https:\/\/lawcdh.com\/es\/","name":"CDH Law PLLC ES","description":"","potentialAction":[{"@type":"SearchAction","target":{"@type":"EntryPoint","urlTemplate":"https:\/\/lawcdh.com\/es\/?s={search_term_string}"},"query-input":{"@type":"PropertyValueSpecification","valueRequired":true,"valueName":"search_term_string"}}],"inLanguage":"es"}]}},"_links":{"self":[{"href":"https:\/\/lawcdh.com\/es\/wp-json\/wp\/v2\/pages\/1125","targetHints":{"allow":["GET"]}}],"collection":[{"href":"https:\/\/lawcdh.com\/es\/wp-json\/wp\/v2\/pages"}],"about":[{"href":"https:\/\/lawcdh.com\/es\/wp-json\/wp\/v2\/types\/page"}],"author":[{"embeddable":true,"href":"https:\/\/lawcdh.com\/es\/wp-json\/wp\/v2\/users\/17"}],"replies":[{"embeddable":true,"href":"https:\/\/lawcdh.com\/es\/wp-json\/wp\/v2\/comments?post=1125"}],"version-history":[{"count":0,"href":"https:\/\/lawcdh.com\/es\/wp-json\/wp\/v2\/pages\/1125\/revisions"}],"up":[{"embeddable":true,"href":"https:\/\/lawcdh.com\/es\/wp-json\/wp\/v2\/pages\/941"}],"wp:featuredmedia":[{"embeddable":true,"href":"https:\/\/lawcdh.com\/es\/wp-json\/wp\/v2\/media\/2274"}],"wp:attachment":[{"href":"https:\/\/lawcdh.com\/es\/wp-json\/wp\/v2\/media?parent=1125"}],"wp:term":[{"taxonomy":"post_tag","embeddable":true,"href":"https:\/\/lawcdh.com\/es\/wp-json\/wp\/v2\/tags?post=1125"}],"curies":[{"name":"wp","href":"https:\/\/api.w.org\/{rel}","templated":true}]}}