{"id":1290,"date":"2019-08-05T15:24:48","date_gmt":"2019-08-05T15:24:48","guid":{"rendered":"https:\/\/lawcdh.com\/?page_id=1290"},"modified":"2024-01-30T17:22:59","modified_gmt":"2024-01-30T17:22:59","slug":"defensa-delito-menor","status":"publish","type":"page","link":"https:\/\/lawcdh.com\/es\/areas-de-practica\/defensa-criminal\/defensa-delito-menor\/","title":{"rendered":"Defensa de Delitos Menores"},"content":{"rendered":"\n<p>Enfrentar un cargo por un delito menor en Nueva York puede resultar intimidante, especialmente para los que cometen un delito por primera vez. Algunos pueden pensar err\u00f3neamente que un cargo por un delito menor no es grave y no requiere la ayuda de un abogado.<\/p>\n\n\n\n<p>Si bien los cargos por delitos menores no son tan graves como los <a href=\"https:\/\/lawcdh.com\/es\/areas-de-practica\/defensa-criminal\/delitos-graves\/\">delitos graves<\/a>, los delitos menores a\u00fan pueden tener consecuencias graves, incluida la pena de c\u00e1rcel. Adem\u00e1s, una condena por un delito menor significa tener antecedentes penales permanentes, lo que podr\u00eda afectar negativamente la vida profesional, familiar y social de una persona.<\/p>\n\n\n\n<p>Los abogados <a href=\"https:\/\/lawcdh.com\/es\/areas-de-practica\/defensa-criminal\/\">defensores penales<\/a> de CDH Law son todos ex fiscales con d\u00e9cadas de experiencia legal combinada. Conocemos los entresijos del sistema de defensa penal de Syracuse, Nueva York. Nuestros abogados disciplinados tienen como prioridad lograr el mejor resultado posible en los casos de defensa penal de nuestros clientes. Tomamos en serio los cargos penales por delitos menores en Nueva York y luchamos duro para defender a nuestros clientes.<\/p>\n\n\n\n<h2 class=\"wp-block-heading\" id=\"puedo-ir-a-la-carcel-si-me-declaran-culpable-de-un-delito-menor-en-nueva-york\">\u00bfPuedo Ir a la C\u00e1rcel Si Me Declaran Culpable de Un Delito Menor en Nueva York?<\/h2>\n\n\n\n<p>Si bien algunos pueden pensar que la pena de c\u00e1rcel est\u00e1 descartada cuando se es declarado culpable de un delito menor, es todo lo contrario. Dependiendo del tipo de delito menor que alguien cometa, esa persona puede recibir una sentencia de c\u00e1rcel. Sin embargo, un tribunal no puede sentenciarlo a m\u00e1s de un a\u00f1o de c\u00e1rcel por un delito menor. Adem\u00e1s, si enfrenta m\u00faltiples condenas por delitos menores al mismo tiempo, su exposici\u00f3n a la sentencia puede aumentar, seg\u00fan las circunstancias.<\/p>\n\n\n\n<h2 class=\"wp-block-heading\" id=\"cuales-son-las-diferencias-entre-un-delito-menor-y-un-delito-grave-en-nueva-york\">\u00bfCu\u00e1les Son Las Diferencias Entre Un Delito Menor Y Un Delito Grave en Nueva York?<\/h2>\n\n\n\n<p>La ley penal del estado de Nueva York divide los delitos en dos categor\u00edas amplias, delitos menores y delitos graves. Los delitos menores se consideran menos graves y generalmente conllevan penas menos severas que los delitos considerados delitos graves. La distinci\u00f3n entre estas dos categor\u00edas principales de delitos se reduce a la naturaleza del delito y la gravedad de las penas.<\/p>\n\n\n\n<p>Los delitos menores son delitos que generalmente se castigan con hasta un a\u00f1o de c\u00e1rcel y hasta $1,000 en multas, mientras que un delito que se castiga con m\u00e1s de un a\u00f1o de c\u00e1rcel o m\u00e1s de $1,000 en multas se considera un delito grave. Los delitos menores se dividen en las siguientes 3 categor\u00edas.<\/p>\n\n\n\n<h3 class=\"wp-block-heading\">Delitos Menores de Clase A<\/h3>\n\n\n\n<p>Los delitos menores de clase A son los delitos menores m\u00e1s severamente castigados. Alguien condenado por un delito menor de Clase A puede pasar hasta 1 a\u00f1o en prisi\u00f3n. Ejemplos de delitos menores de Clase A incluyen conducta sexual inapropiada, tocamientos forzados, robo de servicios, hurto menor y agresi\u00f3n en tercer grado.<\/p>\n\n\n\n<p>Adem\u00e1s de la pena de c\u00e1rcel, aquellas personas condenadas por un delito menor Clase A tambi\u00e9n pueden recibir hasta 3 a\u00f1os de libertad condicional, multas, recargos estatales, suspensi\u00f3n de la licencia de conducir, la imposici\u00f3n de una orden de protecci\u00f3n, servicio comunitario y libertad condicional. .<\/p>\n\n\n\n<h3 class=\"wp-block-heading\">Delitos Menores de Clase B<\/h3>\n\n\n\n<p>Un delito menor de Clase B no es tan grave como un delito menor de Clase A. Los delitos menores de clase B se castigan con una sentencia de c\u00e1rcel de hasta 90 d\u00edas, hasta un a\u00f1o de libertad condicional, multas, una orden de protecci\u00f3n, libertad condicional y servicio comunitario.<\/p>\n\n\n\n<h3 class=\"wp-block-heading\">Delitos Menores No Clasificados<\/h3>\n\n\n\n<p>Los delitos menores no clasificados conllevan una pena de c\u00e1rcel variable seg\u00fan el delito cometido. Este tipo de delitos menores suelen estar relacionados con infracciones de tr\u00e1fico y conducci\u00f3n. Cada delito menor no clasificado tiene una pena espec\u00edfica definida en la ley correspondiente. Ejemplos de delitos menores no clasificados incluyen conducir bajo la influencia de alcohol o drogas, operaci\u00f3n agravada de un veh\u00edculo sin licencia o conducir con un registro suspendido o revocado. Aquellos condenados por un delito menor no clasificado en Nueva York pueden enfrentar hasta un a\u00f1o de c\u00e1rcel. Los condenados tambi\u00e9n se enfrentan a hasta tres a\u00f1os de libertad condicional.<\/p>\n\n\n\n<h2 class=\"wp-block-heading\" id=\"delitos-menores-comunes-en-nueva-york\">Delitos Menores Comunes en Nueva York<\/h2>\n\n\n\n<p>Algunos de los delitos menores m\u00e1s comunes en Nueva York incluyen los siguientes:<\/p>\n\n\n\n<ul class=\"wp-block-list\">\n<li><a href=\"https:\/\/lawcdh.com\/es\/areas-de-practica\/delitos-de-drogas\/posesion-de-drogas\/\">Posesi\u00f3n criminal de una sustancia controlada<\/a><\/li>\n\n\n\n<li>Resistiendo el arresto<\/li>\n\n\n\n<li>Obstruyendo la administraci\u00f3n gubernamental<\/li>\n\n\n\n<li>falsa personificaci\u00f3n<\/li>\n\n\n\n<li>Desacato penal<\/li>\n\n\n\n<li>Travesura de criminal<\/li>\n\n\n\n<li>Hurto menor<\/li>\n\n\n\n<li>Agresi\u00f3n en tercer grado<\/li>\n\n\n\n<li>Invasi\u00f3n criminal<\/li>\n\n\n\n<li>Acoso agravado<\/li>\n\n\n\n<li>Operaci\u00f3n agravada de veh\u00edculo de motor sin licencia<\/li>\n\n\n\n<li>Conducir con matr\u00edcula suspendida o revocada<\/li>\n<\/ul>\n\n\n\n<h3 class=\"wp-block-heading\">Por Qu\u00e9 Deber\u00eda Tomar en Serio Su Cargo de Delito Menor<\/h3>\n\n\n\n<p>Muchas personas que escuchan la palabra delito menor piensan que no es gran cosa. No cometas el error de caer en esta forma de pensar. Imag\u00ednese tener que dejar su trabajo para cumplir un a\u00f1o de c\u00e1rcel. Tendr\u00edas que afrontar la separaci\u00f3n de tus seres queridos durante un a\u00f1o. Sin mencionar que estar en la c\u00e1rcel no es una experiencia agradable. Renunciar\u00edas a tu libertad y a todas las comodidades del hogar.<\/p>\n\n\n\n<p>Despu\u00e9s de cumplir una sentencia de un a\u00f1o, saldr\u00edas de la c\u00e1rcel con antecedentes penales. Muchas personas que salen de la c\u00e1rcel no tienen trabajo preparado despu\u00e9s. Si un tribunal lo conden\u00f3 por conducir bajo los efectos del alcohol, probablemente tendr\u00e1 que arregl\u00e1rselas con una licencia suspendida, lo que dificultar\u00e1 ir y volver del trabajo. Todos estos factores se combinan para dificultar su vida diaria. A ellos se suma el estigma que conlleva tener antecedentes penales.<\/p>\n\n\n\n<p>Muchos empleadores realizan verificaciones de antecedentes legales y descubrir\u00e1n la condena por un delito menor en su registro permanente. Si est\u00e1s en la universidad, una condena podr\u00eda resultar en una suspensi\u00f3n o expulsi\u00f3n. Una condena por un delito menor podr\u00eda causar un amplio espectro de consecuencias negativas para su vida profesional y personal.<\/p>\n\n\n\n<h4 class=\"wp-block-heading\"><strong>P\u00f3ngase en Contacto Con Nuestros Abogados Defensores de Delitos Menores en El Centro de Nueva York Y Syracuse<\/strong><\/h4>\n\n\n\n<p>Los abogados de delitos menores de Syracuse de <a href=\"https:\/\/lawcdh.com\/es\/\">CDH Law<\/a> tienen a\u00f1os de experiencia ayudando a clientes a luchar contra cargos penales. Ya sea que viva en Syracuse o en otra parte del condado de Onondaga en el centro de Nueva York, nuestros abogados est\u00e1n capacitados para representarlo de manera asertiva. Cuando los clientes ingresan a nuestro bufete de abogados, siempre los tratamos con la dignidad y el respeto que merecen. No importa cu\u00e1n graves sean sus antecedentes penales o cargos penales, asumimos que es inocente hasta que se demuestre lo contrario.<\/p>\n\n\n\n<p>En CDH Law, estamos disponibles para nuestros clientes los siete d\u00edas de la semana. La capacidad de respuesta de nuestros abogados es extremadamente importante. Con mucho gusto respondemos a todas las preguntas de nuestros clientes, para que se sientan lo m\u00e1s c\u00f3modos posible con el proceso legal. Saber que podr\u00eda enfrentar hasta un a\u00f1o de c\u00e1rcel es una idea aterradora. El proceso de justicia penal es abrumador, especialmente si es la primera vez que se enfrenta a un cargo penal.<\/p>\n\n\n\n<p>Nuestros abogados con sede en Syracuse se especializan en luchar contra cargos de delitos menores en Nueva York. Quiz\u00e1s se enfrente a un cargo de posesi\u00f3n criminal de una sustancia controlada, resistencia al arresto, conducta criminal, hurto menor, operaci\u00f3n agravada de un veh\u00edculo motorizado sin licencia, acoso agravado o cualquier otro delito menor. Si es as\u00ed, necesita abogados defensores penales de CDH capacitados de su lado. Si se encuentra en el \u00e1rea central de Nueva York, no se demore, <a href=\"\/es\/contacto\/\">comun\u00edquese con<\/a> CDH Law para programar su consulta inicial hoy.<\/p>\n\n\n\n<p><strong><em>Carden Dotzler Hammond, PLLC representa a clientes en el centro de Nueva York, Syracuse, el condado de Monroe, el condado de Jefferson, el condado de Oswego, el condado de Ontario y el condado de Onondaga, incluidos los pueblos y aldeas de Camillus, Cicero, Clay, Dewitt, Elbridge, Geddes, Manlius, Marcellus, Onondaga, Salina, Skaneateles, Baldwinsville, East Syracuse, Fayetteville, Liverpool, North Syracuse y Solvay.<\/em><\/strong><\/p>\n","protected":false},"excerpt":{"rendered":"<p>Enfrentar un cargo por un delito menor en Nueva York puede resultar intimidante, especialmente para los que cometen un delito por primera vez. Algunos pueden pensar err\u00f3neamente que un cargo por un delito menor no es grave y no requiere la ayuda de un abogado. Si bien los cargos por delitos menores no son tan&#8230;<\/p>\n","protected":false},"author":17,"featured_media":2280,"parent":941,"menu_order":0,"comment_status":"closed","ping_status":"closed","template":"","meta":{"_acf_changed":false,"footnotes":""},"tags":[],"class_list":["post-1290","page","type-page","status-publish","has-post-thumbnail","hentry"],"acf":[],"yoast_head":"<!-- This site is optimized with the Yoast SEO plugin v27.5 - https:\/\/yoast.com\/product\/yoast-seo-wordpress\/ -->\n<title>Abogados de Delitos Menores de Syracuse | CDH Law<\/title>\n<meta name=\"description\" content=\"Si ha sido acusado de un delito menor en Syracuse o el centro de Nueva York, comun\u00edquese con nuestro abogado defensor penal para una consulta.\" \/>\n<meta name=\"robots\" content=\"index, follow, max-snippet:-1, max-image-preview:large, max-video-preview:-1\" \/>\n<link rel=\"canonical\" href=\"https:\/\/lawcdh.com\/es\/areas-de-practica\/defensa-criminal\/defensa-delito-menor\/\" \/>\n<meta property=\"og:locale\" content=\"es_MX\" \/>\n<meta property=\"og:type\" content=\"article\" \/>\n<meta property=\"og:title\" content=\"Abogados de Delitos Menores de Syracuse | CDH Law\" \/>\n<meta property=\"og:description\" content=\"Si ha sido acusado de un delito menor en Syracuse o el centro de Nueva York, comun\u00edquese con nuestro abogado defensor penal para una consulta.\" \/>\n<meta property=\"og:url\" content=\"https:\/\/lawcdh.com\/es\/areas-de-practica\/defensa-criminal\/defensa-delito-menor\/\" \/>\n<meta property=\"og:site_name\" content=\"CDH Law PLLC ES\" \/>\n<meta property=\"article:modified_time\" content=\"2024-01-30T17:22:59+00:00\" \/>\n<meta property=\"og:image\" content=\"https:\/\/lawcdh.com\/es\/wp-content\/uploads\/sites\/2\/2023\/10\/misdemeanor-criminal-defense-lawyers-2.jpg\" \/>\n\t<meta property=\"og:image:width\" content=\"730\" \/>\n\t<meta property=\"og:image:height\" content=\"300\" \/>\n\t<meta property=\"og:image:type\" content=\"image\/jpeg\" \/>\n<meta name=\"twitter:card\" content=\"summary_large_image\" \/>\n<meta name=\"twitter:label1\" content=\"Est. reading time\" \/>\n\t<meta name=\"twitter:data1\" content=\"7 minutos\" \/>\n<script type=\"application\/ld+json\" class=\"yoast-schema-graph\">{\"@context\":\"https:\\\/\\\/schema.org\",\"@graph\":[{\"@type\":\"WebPage\",\"@id\":\"https:\\\/\\\/lawcdh.com\\\/es\\\/areas-de-practica\\\/defensa-criminal\\\/defensa-delito-menor\\\/\",\"url\":\"https:\\\/\\\/lawcdh.com\\\/es\\\/areas-de-practica\\\/defensa-criminal\\\/defensa-delito-menor\\\/\",\"name\":\"Abogados de Delitos Menores de Syracuse | CDH Law\",\"isPartOf\":{\"@id\":\"https:\\\/\\\/lawcdh.com\\\/es\\\/#website\"},\"primaryImageOfPage\":{\"@id\":\"https:\\\/\\\/lawcdh.com\\\/es\\\/areas-de-practica\\\/defensa-criminal\\\/defensa-delito-menor\\\/#primaryimage\"},\"image\":{\"@id\":\"https:\\\/\\\/lawcdh.com\\\/es\\\/areas-de-practica\\\/defensa-criminal\\\/defensa-delito-menor\\\/#primaryimage\"},\"thumbnailUrl\":\"https:\\\/\\\/lawcdh.com\\\/es\\\/wp-content\\\/uploads\\\/sites\\\/2\\\/2023\\\/10\\\/misdemeanor-criminal-defense-lawyers-2.jpg\",\"datePublished\":\"2019-08-05T15:24:48+00:00\",\"dateModified\":\"2024-01-30T17:22:59+00:00\",\"description\":\"Si ha sido acusado de un delito menor en Syracuse o el centro de Nueva York, comun\u00edquese con nuestro abogado defensor penal para una consulta.\",\"breadcrumb\":{\"@id\":\"https:\\\/\\\/lawcdh.com\\\/es\\\/areas-de-practica\\\/defensa-criminal\\\/defensa-delito-menor\\\/#breadcrumb\"},\"inLanguage\":\"es\",\"potentialAction\":[{\"@type\":\"ReadAction\",\"target\":[\"https:\\\/\\\/lawcdh.com\\\/es\\\/areas-de-practica\\\/defensa-criminal\\\/defensa-delito-menor\\\/\"]}]},{\"@type\":\"ImageObject\",\"inLanguage\":\"es\",\"@id\":\"https:\\\/\\\/lawcdh.com\\\/es\\\/areas-de-practica\\\/defensa-criminal\\\/defensa-delito-menor\\\/#primaryimage\",\"url\":\"https:\\\/\\\/lawcdh.com\\\/es\\\/wp-content\\\/uploads\\\/sites\\\/2\\\/2023\\\/10\\\/misdemeanor-criminal-defense-lawyers-2.jpg\",\"contentUrl\":\"https:\\\/\\\/lawcdh.com\\\/es\\\/wp-content\\\/uploads\\\/sites\\\/2\\\/2023\\\/10\\\/misdemeanor-criminal-defense-lawyers-2.jpg\",\"width\":\"730\",\"height\":\"300\",\"caption\":\"Misdemeanor crimes\"},{\"@type\":\"BreadcrumbList\",\"@id\":\"https:\\\/\\\/lawcdh.com\\\/es\\\/areas-de-practica\\\/defensa-criminal\\\/defensa-delito-menor\\\/#breadcrumb\",\"itemListElement\":[{\"@type\":\"ListItem\",\"position\":1,\"name\":\"Home\",\"item\":\"https:\\\/\\\/lawcdh.com\\\/es\\\/\"},{\"@type\":\"ListItem\",\"position\":2,\"name\":\"\u00c1reas de Pr\u00e1ctica\",\"item\":\"https:\\\/\\\/lawcdh.com\\\/es\\\/areas-de-practica\\\/\"},{\"@type\":\"ListItem\",\"position\":3,\"name\":\"Defensa Penal\",\"item\":\"https:\\\/\\\/lawcdh.com\\\/es\\\/areas-de-practica\\\/defensa-criminal\\\/\"},{\"@type\":\"ListItem\",\"position\":4,\"name\":\"Defensa de Delitos Menores\"}]},{\"@type\":\"WebSite\",\"@id\":\"https:\\\/\\\/lawcdh.com\\\/es\\\/#website\",\"url\":\"https:\\\/\\\/lawcdh.com\\\/es\\\/\",\"name\":\"CDH Law PLLC ES\",\"description\":\"\",\"potentialAction\":[{\"@type\":\"SearchAction\",\"target\":{\"@type\":\"EntryPoint\",\"urlTemplate\":\"https:\\\/\\\/lawcdh.com\\\/es\\\/?s={search_term_string}\"},\"query-input\":{\"@type\":\"PropertyValueSpecification\",\"valueRequired\":true,\"valueName\":\"search_term_string\"}}],\"inLanguage\":\"es\"}]}<\/script>\n<!-- \/ Yoast SEO plugin. -->","yoast_head_json":{"title":"Abogados de Delitos Menores de Syracuse | CDH Law","description":"Si ha sido acusado de un delito menor en Syracuse o el centro de Nueva York, comun\u00edquese con nuestro abogado defensor penal para una consulta.","robots":{"index":"index","follow":"follow","max-snippet":"max-snippet:-1","max-image-preview":"max-image-preview:large","max-video-preview":"max-video-preview:-1"},"canonical":"https:\/\/lawcdh.com\/es\/areas-de-practica\/defensa-criminal\/defensa-delito-menor\/","og_locale":"es_MX","og_type":"article","og_title":"Abogados de Delitos Menores de Syracuse | CDH Law","og_description":"Si ha sido acusado de un delito menor en Syracuse o el centro de Nueva York, comun\u00edquese con nuestro abogado defensor penal para una consulta.","og_url":"https:\/\/lawcdh.com\/es\/areas-de-practica\/defensa-criminal\/defensa-delito-menor\/","og_site_name":"CDH Law PLLC ES","article_modified_time":"2024-01-30T17:22:59+00:00","og_image":[{"width":730,"height":300,"url":"https:\/\/lawcdh.com\/es\/wp-content\/uploads\/sites\/2\/2023\/10\/misdemeanor-criminal-defense-lawyers-2.jpg","type":"image\/jpeg"}],"twitter_card":"summary_large_image","twitter_misc":{"Est. reading time":"7 minutos"},"schema":{"@context":"https:\/\/schema.org","@graph":[{"@type":"WebPage","@id":"https:\/\/lawcdh.com\/es\/areas-de-practica\/defensa-criminal\/defensa-delito-menor\/","url":"https:\/\/lawcdh.com\/es\/areas-de-practica\/defensa-criminal\/defensa-delito-menor\/","name":"Abogados de Delitos Menores de Syracuse | CDH Law","isPartOf":{"@id":"https:\/\/lawcdh.com\/es\/#website"},"primaryImageOfPage":{"@id":"https:\/\/lawcdh.com\/es\/areas-de-practica\/defensa-criminal\/defensa-delito-menor\/#primaryimage"},"image":{"@id":"https:\/\/lawcdh.com\/es\/areas-de-practica\/defensa-criminal\/defensa-delito-menor\/#primaryimage"},"thumbnailUrl":"https:\/\/lawcdh.com\/es\/wp-content\/uploads\/sites\/2\/2023\/10\/misdemeanor-criminal-defense-lawyers-2.jpg","datePublished":"2019-08-05T15:24:48+00:00","dateModified":"2024-01-30T17:22:59+00:00","description":"Si ha sido acusado de un delito menor en Syracuse o el centro de Nueva York, comun\u00edquese con nuestro abogado defensor penal para una consulta.","breadcrumb":{"@id":"https:\/\/lawcdh.com\/es\/areas-de-practica\/defensa-criminal\/defensa-delito-menor\/#breadcrumb"},"inLanguage":"es","potentialAction":[{"@type":"ReadAction","target":["https:\/\/lawcdh.com\/es\/areas-de-practica\/defensa-criminal\/defensa-delito-menor\/"]}]},{"@type":"ImageObject","inLanguage":"es","@id":"https:\/\/lawcdh.com\/es\/areas-de-practica\/defensa-criminal\/defensa-delito-menor\/#primaryimage","url":"https:\/\/lawcdh.com\/es\/wp-content\/uploads\/sites\/2\/2023\/10\/misdemeanor-criminal-defense-lawyers-2.jpg","contentUrl":"https:\/\/lawcdh.com\/es\/wp-content\/uploads\/sites\/2\/2023\/10\/misdemeanor-criminal-defense-lawyers-2.jpg","width":"730","height":"300","caption":"Misdemeanor crimes"},{"@type":"BreadcrumbList","@id":"https:\/\/lawcdh.com\/es\/areas-de-practica\/defensa-criminal\/defensa-delito-menor\/#breadcrumb","itemListElement":[{"@type":"ListItem","position":1,"name":"Home","item":"https:\/\/lawcdh.com\/es\/"},{"@type":"ListItem","position":2,"name":"\u00c1reas de Pr\u00e1ctica","item":"https:\/\/lawcdh.com\/es\/areas-de-practica\/"},{"@type":"ListItem","position":3,"name":"Defensa Penal","item":"https:\/\/lawcdh.com\/es\/areas-de-practica\/defensa-criminal\/"},{"@type":"ListItem","position":4,"name":"Defensa de Delitos Menores"}]},{"@type":"WebSite","@id":"https:\/\/lawcdh.com\/es\/#website","url":"https:\/\/lawcdh.com\/es\/","name":"CDH Law PLLC ES","description":"","potentialAction":[{"@type":"SearchAction","target":{"@type":"EntryPoint","urlTemplate":"https:\/\/lawcdh.com\/es\/?s={search_term_string}"},"query-input":{"@type":"PropertyValueSpecification","valueRequired":true,"valueName":"search_term_string"}}],"inLanguage":"es"}]}},"_links":{"self":[{"href":"https:\/\/lawcdh.com\/es\/wp-json\/wp\/v2\/pages\/1290","targetHints":{"allow":["GET"]}}],"collection":[{"href":"https:\/\/lawcdh.com\/es\/wp-json\/wp\/v2\/pages"}],"about":[{"href":"https:\/\/lawcdh.com\/es\/wp-json\/wp\/v2\/types\/page"}],"author":[{"embeddable":true,"href":"https:\/\/lawcdh.com\/es\/wp-json\/wp\/v2\/users\/17"}],"replies":[{"embeddable":true,"href":"https:\/\/lawcdh.com\/es\/wp-json\/wp\/v2\/comments?post=1290"}],"version-history":[{"count":0,"href":"https:\/\/lawcdh.com\/es\/wp-json\/wp\/v2\/pages\/1290\/revisions"}],"up":[{"embeddable":true,"href":"https:\/\/lawcdh.com\/es\/wp-json\/wp\/v2\/pages\/941"}],"wp:featuredmedia":[{"embeddable":true,"href":"https:\/\/lawcdh.com\/es\/wp-json\/wp\/v2\/media\/2280"}],"wp:attachment":[{"href":"https:\/\/lawcdh.com\/es\/wp-json\/wp\/v2\/media?parent=1290"}],"wp:term":[{"taxonomy":"post_tag","embeddable":true,"href":"https:\/\/lawcdh.com\/es\/wp-json\/wp\/v2\/tags?post=1290"}],"curies":[{"name":"wp","href":"https:\/\/api.w.org\/{rel}","templated":true}]}}