{"id":1292,"date":"2019-08-05T15:38:17","date_gmt":"2019-08-05T15:38:17","guid":{"rendered":"https:\/\/lawcdh.com\/?page_id=1292"},"modified":"2024-03-05T19:53:30","modified_gmt":"2024-03-05T19:53:30","slug":"multiples-dwi","status":"publish","type":"page","link":"https:\/\/lawcdh.com\/es\/areas-de-practica\/dwi\/multiples-dwi\/","title":{"rendered":"M\u00faltiples Cargos Por Conducir en Estado de Ebriedad (DWI)"},"content":{"rendered":"\n<p>Ser arrestado por un delito en Nueva York es preocupante. Ya sea que se enfrente a su primer cargo por conducir bajo los efectos del alcohol (DWI) o a un proceso por m\u00faltiples DWI, es fundamental comprender el proceso de DWI en Nueva York. Los clientes que contratan a los abogados de DWI de CDH Law experimentan inmediatamente la atenci\u00f3n personalizada y la representaci\u00f3n calificada que ofrece nuestra firma de abogados. Nuestros abogados en defensa penal pondr\u00e1n nuestra experiencia a trabajar en su nombre. Con d\u00e9cadas de experiencia legal combinada, ning\u00fan problema es demasiado rutinario o demasiado serio para nuestros <a href=\"https:\/\/lawcdh.com\/es\/areas-de-practica\/dwi\/\">abogados expertos en DWI<\/a>.<\/p>\n\n\n\n<p><a href=\"https:\/\/newyorktrafficticketlawyers.com\/\" target=\"_blank\" rel=\"noreferrer noopener\">Los abogados de multas de tr\u00e1nsito de Nueva York<\/a> est\u00e1n dirigidos por nuestro abogado <a href=\"https:\/\/lawcdh.com\/es\/sobre-nosotros\/matthew-dotzler\/\">Matthew Dotzler<\/a>, quien puede ayudar con infracciones de tr\u00e1nsito graves.<\/p>\n\n\n\n<h2 class=\"wp-block-heading\" id=\"que-constituye-un-dwi-en-nueva-york-que-significa-dwai\">\u00bfQu\u00e9 constituye un DWI en Nueva York? \u00bfQu\u00e9 significa DWAI?<\/h2>\n\n\n\n<p>En Nueva York, un cargo penal por DWI es un <a href=\"https:\/\/lawcdh.com\/es\/areas-de-practica\/defensa-criminal\/defensa-delito-menor\/\">delito menor<\/a>. Los condenados pueden enfrentar importantes consecuencias legales, incluida una pena de c\u00e1rcel de hasta un a\u00f1o y multas sustanciales. En Nueva York, alguien puede ser acusado de DWI o de conducir con discapacidad (DWAI). Estos dos t\u00e9rminos diferentes pueden resultar confusos. La diferencia cr\u00edtica entre ellos depende de cu\u00e1nto contenido de alcohol se encuentra en la sangre de una persona cuando la detienen.<\/p>\n\n\n\n<p>Si el contenido de alcohol en sangre de un conductor est\u00e1 entre 0,05 y 0,07 por ciento mientras conduce, ha cometido un DWAI. Si el contenido de alcohol en sangre del conductor es igual o superior al 0,08 por ciento, ese conductor cometi\u00f3 un DWI. Dado que un cargo de DWI se corresponde con un porcentaje de alcohol en sangre m\u00e1s alto, las consecuencias legales son m\u00e1s severas que con un cargo de DWAI. Una condena por DWI por primera vez conlleva una multa de hasta $500, hasta 15 d\u00edas de c\u00e1rcel y una suspensi\u00f3n de la licencia de conducir por tres meses.<\/p>\n\n\n\n<figure class=\"wp-block-image size-large is-resized\"><a href=\"https:\/\/lawcdh.com\/es\/contact\/%20\"><img loading=\"lazy\" decoding=\"async\" width=\"732\" height=\"164\" src=\"https:\/\/lawcdh.com\/es\/wp-content\/uploads\/sites\/2\/2024\/01\/cdh-banner.svg\" alt=\"\" class=\"wp-image-2648\" style=\"aspect-ratio:4.55;width:1017px;height:auto\"><\/a><\/figure>\n\n\n\n<h3 class=\"wp-block-heading\">\u00bfQu\u00e9 sucede cuando recibe varios DWI en Nueva York?<\/h3>\n\n\n\n<p>Las consecuencias de una primera condena por DWI o DWAI son serias. Si usted est\u00e1 enfrentando unos <a href=\"https:\/\/lawcdh.com\/es\/areas-de-practica\/dwi\/multiples-dwi\/\">segundos<\/a> cargos por DWI o DWAI, las implicaciones pueden ser m\u00e1s severas. Si usted tiene una condena por DWI en su registro y comete una segunda ofensa por DWI, la fiscal\u00eda muy probablemente elevar\u00e1 sus cargos a un delito grave de DWI.<\/p>\n\n\n\n<ul class=\"wp-block-list\">\n<li>Los fiscales de Nueva York pueden presentar cargos por un delito grave de DWI en contra de una persona, bajo las siguientes condicione:<\/li>\n\n\n\n<li>El acusado estaba con capacidad disminuida o intoxicado, y manej\u00f3 con un pasajero que es de 16 a\u00f1os o menor. <\/li>\n\n\n\n<li>El acusado recibi\u00f3 una condena por DWI dentro de los \u00faltimos diez a\u00f1os. <\/li>\n\n\n\n<li>Producto de la capacidad disminuida para manejar, el acusado caus\u00f3 la muerte o graves lesiones a otra persona.<\/li>\n\n\n\n<li>El acusado manej\u00f3 un veh\u00edculo mientras ten\u00eda la licencia suspendida producto de una condena previa por DWI. <\/li>\n<\/ul>\n\n\n\n<p>Las sanciones por un segundo DWI son m\u00e1s severas y pueden incluir lo siguiente:<\/p>\n\n\n\n<ul class=\"wp-block-list\">\n<li>Hasta siete a\u00f1os en la c\u00e1rcel.<\/li>\n\n\n\n<li>Una multa hasta de $10,000.<\/li>\n\n\n\n<li>Una revocaci\u00f3n mandatoria de dieciocho meses de la licencia de conducci\u00f3n. <\/li>\n<\/ul>\n\n\n\n<h3 class=\"wp-block-heading\">\u00bfQu\u00e9 sucede si mi primera condena por DWI o DWAI involucr\u00f3 drogas?<\/h3>\n\n\n\n<p>Digamos que su primera condena por DWI ocurri\u00f3 en los \u00faltimos diez a\u00f1os e involucr\u00f3 el uso de drogas o el uso de drogas y alcohol. Enfrentar\u00e1 consecuencias m\u00e1s importantes por su cargo actual de DWI. Si es declarado culpable por segunda vez, el tribunal suspender\u00e1 su licencia de conducir por un a\u00f1o completo. Tambi\u00e9n enfrentar\u00e1 una multa de $1,000 a $5,000 o una pena de c\u00e1rcel de hasta cuatro a\u00f1os. Puede enfrentar una sentencia m\u00e1xima de cuatro a\u00f1os de c\u00e1rcel y una multa de $5,000 dependiendo de las preferencias del juez que preside su caso.<\/p>\n\n\n\n<p>Quiz\u00e1s su segundo delito de DWI o DWAI sea un delito menor que ocurri\u00f3 en los \u00faltimos diez a\u00f1os e involucr\u00f3 drogas o tanto drogas como alcohol. Ahora enfrentar\u00e1 hasta un a\u00f1o de c\u00e1rcel, una multa de $500 a $1000 o ambas. Adem\u00e1s, el tribunal suspender\u00e1 su licencia de conducir durante al menos un a\u00f1o.<\/p>\n\n\n\n<p>Si su segunda condena por DWAI no implic\u00f3 el uso de drogas y solo involucr\u00f3 el uso de alcohol, enfrentar\u00e1 consecuencias menos severas. Cuando su primera condena por DWAI se produjo dentro de los cinco a\u00f1os posteriores a su segundo incidente, enfrentar\u00e1 hasta 30 d\u00edas de c\u00e1rcel, una multa de $500 a $700 o ambas. Tambi\u00e9n puede anticipar que el juez suspender\u00e1 su licencia de conducir por no menos de seis meses.<\/p>\n\n\n\n<h3 class=\"wp-block-heading\">M\u00faltiples DWI: instalaci\u00f3n obligatoria de dispositivos de bloqueo de encendido y evaluaciones de alcohol<\/h3>\n\n\n\n<p>Es importante tener en cuenta que existen consecuencias obligatorias para m\u00faltiples DWI. Si un tribunal lo declara culpable de un segundo delito de DWI dentro de diez a\u00f1os, el juez debe imponerle consecuencias inevitables seg\u00fan lo exige la ley de Nueva York.<\/p>\n\n\n\n<p>La primera condici\u00f3n es la instalaci\u00f3n de un dispositivo de bloqueo de encendido (IID). Si recibe una condena por un segundo DWI, un juez le exigir\u00e1 que tenga uno de estos dispositivos instalado en su veh\u00edculo. Un IID se conoce com\u00fanmente como alcohol\u00edmetro. La m\u00e1quina se conecta al sistema de encendido de su autom\u00f3vil. Cuando se instala correctamente, el motor de su veh\u00edculo no arrancar\u00e1 a menos que una persona inhale en su IID un aliento libre de alcohol. Los conductores obligados a utilizar una m\u00e1quina IID deben pagar el gasto ellos mismos. Estas m\u00e1quinas suelen costar entre 50 y 150 d\u00f3lares y requieren tarifas mensuales de mantenimiento, seguimiento y arrendamiento de entre 50 y 150 d\u00f3lares.<\/p>\n\n\n\n<p>Adem\u00e1s, los jueces deben ordenar a los condenados por un segundo DWI que participen en una evaluaci\u00f3n de alcohol. En esta evaluaci\u00f3n inicial, un profesional de tratamiento del alcoholismo utiliza una prueba de detecci\u00f3n estandarizada escrita para ayudar a determinar si usted es dependiente o abusa del alcohol o las drogas. Si los resultados del examen indican dependencia de drogas o alcohol, es necesario someterse a una evaluaci\u00f3n obligatoria. Recibir\u00e1 sus resultados dentro de los 30 d\u00edas posteriores a la evaluaci\u00f3n. Si la evaluaci\u00f3n recomienda que usted reciba tratamiento, la ley exige que el juez requiera tratamiento en su libertad condicional, sentencia o libertad condicional.<\/p>\n\n\n\n<h4 class=\"wp-block-heading\">Comun\u00edquese con nuestro abogado de DWI m\u00faltiples en Syracuse y el centro de Nueva York<\/h4>\n\n\n\n<p>Como puede ver, la ley que involucra m\u00faltiples condenas por DWI o DWAI es complicada. Si se enfrenta a su segundo o tercer DWI o DWAI en un plazo de diez a\u00f1os, se enfrenta a hasta siete a\u00f1os de c\u00e1rcel. Nuestros abogados tienen amplia experiencia defendiendo a clientes contra m\u00faltiples DWI. No permita que una decisi\u00f3n equivocada le conduzca a multas importantes y penas de c\u00e1rcel. Representamos asertivamente a nuestros clientes para que tengan la mejor oportunidad de derrotar sus cargos de DWI. Si se encuentra en el centro de Nueva York, no se demore, <a href=\"\/es\/contacto\/\">comun\u00edquese con<\/a> CDH Law para programar su consulta inicial hoy.<\/p>\n\n\n\n<p><strong><em>Carden Dotzler Hammond, PLLC representa a clientes en el centro de Nueva York, Syracuse, el condado de Monroe, el condado de Jefferson, el condado de Oswego, el condado de Ontario y el condado de Onondaga, incluidos los pueblos y aldeas de Camillus, Cicero, Clay, Dewitt, Elbridge, Geddes, Manlius, Marcellus, Onondaga, Salina, Skaneateles, Baldwinsville, East Syracuse, Fayetteville, Liverpool, North Syracuse y Solvay.<\/em><\/strong><\/p>\n","protected":false},"excerpt":{"rendered":"<p>Ser arrestado por un delito en Nueva York es preocupante. Ya sea que se enfrente a su primer cargo por conducir bajo los efectos del alcohol (DWI) o a un proceso por m\u00faltiples DWI, es fundamental comprender el proceso de DWI en Nueva York. Los clientes que contratan a los abogados de DWI de CDH&#8230;<\/p>\n","protected":false},"author":17,"featured_media":2310,"parent":943,"menu_order":0,"comment_status":"closed","ping_status":"closed","template":"","meta":{"_acf_changed":false,"footnotes":""},"tags":[],"class_list":["post-1292","page","type-page","status-publish","has-post-thumbnail","hentry"],"acf":[],"yoast_head":"<!-- This site is optimized with the Yoast SEO plugin v27.4 - https:\/\/yoast.com\/product\/yoast-seo-wordpress\/ -->\n<title>Abogado de M\u00faltiples DWIs en Syracuse | Abogado de DUI en NY<\/title>\n<meta name=\"description\" content=\"Si has sido arrestado por m\u00faltiples DWI, la mejor acci\u00f3n es contactar a nuestro abogado de DWI para una consulta sobre tu caso.\" \/>\n<meta name=\"robots\" content=\"index, follow, max-snippet:-1, max-image-preview:large, max-video-preview:-1\" \/>\n<link rel=\"canonical\" href=\"https:\/\/lawcdh.com\/es\/areas-de-practica\/dwi\/multiples-dwi\/\" \/>\n<meta property=\"og:locale\" content=\"es_MX\" \/>\n<meta property=\"og:type\" content=\"article\" \/>\n<meta property=\"og:title\" content=\"Abogado de M\u00faltiples DWIs en Syracuse | Abogado de DUI en NY\" \/>\n<meta property=\"og:description\" content=\"Si has sido arrestado por m\u00faltiples DWI, la mejor acci\u00f3n es contactar a nuestro abogado de DWI para una consulta sobre tu caso.\" \/>\n<meta property=\"og:url\" content=\"https:\/\/lawcdh.com\/es\/areas-de-practica\/dwi\/multiples-dwi\/\" \/>\n<meta property=\"og:site_name\" content=\"CDH Law PLLC ES\" \/>\n<meta property=\"article:modified_time\" content=\"2024-03-05T19:53:30+00:00\" \/>\n<meta property=\"og:image\" content=\"https:\/\/lawcdh.com\/es\/wp-content\/uploads\/sites\/2\/2023\/12\/syracuse-central-new-york-dwi-attorney-2.png\" \/>\n\t<meta property=\"og:image:width\" content=\"730\" \/>\n\t<meta property=\"og:image:height\" content=\"300\" \/>\n\t<meta property=\"og:image:type\" content=\"image\/png\" \/>\n<meta name=\"twitter:card\" content=\"summary_large_image\" \/>\n<meta name=\"twitter:label1\" content=\"Est. reading time\" \/>\n\t<meta name=\"twitter:data1\" content=\"6 minutos\" \/>\n<script type=\"application\/ld+json\" class=\"yoast-schema-graph\">{\"@context\":\"https:\\\/\\\/schema.org\",\"@graph\":[{\"@type\":\"WebPage\",\"@id\":\"https:\\\/\\\/lawcdh.com\\\/es\\\/areas-de-practica\\\/dwi\\\/multiples-dwi\\\/\",\"url\":\"https:\\\/\\\/lawcdh.com\\\/es\\\/areas-de-practica\\\/dwi\\\/multiples-dwi\\\/\",\"name\":\"Abogado de M\u00faltiples DWIs en Syracuse | Abogado de DUI en NY\",\"isPartOf\":{\"@id\":\"https:\\\/\\\/lawcdh.com\\\/es\\\/#website\"},\"primaryImageOfPage\":{\"@id\":\"https:\\\/\\\/lawcdh.com\\\/es\\\/areas-de-practica\\\/dwi\\\/multiples-dwi\\\/#primaryimage\"},\"image\":{\"@id\":\"https:\\\/\\\/lawcdh.com\\\/es\\\/areas-de-practica\\\/dwi\\\/multiples-dwi\\\/#primaryimage\"},\"thumbnailUrl\":\"https:\\\/\\\/lawcdh.com\\\/es\\\/wp-content\\\/uploads\\\/sites\\\/2\\\/2023\\\/12\\\/syracuse-central-new-york-dwi-attorney-2.png\",\"datePublished\":\"2019-08-05T15:38:17+00:00\",\"dateModified\":\"2024-03-05T19:53:30+00:00\",\"description\":\"Si has sido arrestado por m\u00faltiples DWI, la mejor acci\u00f3n es contactar a nuestro abogado de DWI para una consulta sobre tu caso.\",\"breadcrumb\":{\"@id\":\"https:\\\/\\\/lawcdh.com\\\/es\\\/areas-de-practica\\\/dwi\\\/multiples-dwi\\\/#breadcrumb\"},\"inLanguage\":\"es\",\"potentialAction\":[{\"@type\":\"ReadAction\",\"target\":[\"https:\\\/\\\/lawcdh.com\\\/es\\\/areas-de-practica\\\/dwi\\\/multiples-dwi\\\/\"]}]},{\"@type\":\"ImageObject\",\"inLanguage\":\"es\",\"@id\":\"https:\\\/\\\/lawcdh.com\\\/es\\\/areas-de-practica\\\/dwi\\\/multiples-dwi\\\/#primaryimage\",\"url\":\"https:\\\/\\\/lawcdh.com\\\/es\\\/wp-content\\\/uploads\\\/sites\\\/2\\\/2023\\\/12\\\/syracuse-central-new-york-dwi-attorney-2.png\",\"contentUrl\":\"https:\\\/\\\/lawcdh.com\\\/es\\\/wp-content\\\/uploads\\\/sites\\\/2\\\/2023\\\/12\\\/syracuse-central-new-york-dwi-attorney-2.png\",\"width\":730,\"height\":300,\"caption\":\"DWI police\"},{\"@type\":\"BreadcrumbList\",\"@id\":\"https:\\\/\\\/lawcdh.com\\\/es\\\/areas-de-practica\\\/dwi\\\/multiples-dwi\\\/#breadcrumb\",\"itemListElement\":[{\"@type\":\"ListItem\",\"position\":1,\"name\":\"Home\",\"item\":\"https:\\\/\\\/lawcdh.com\\\/es\\\/\"},{\"@type\":\"ListItem\",\"position\":2,\"name\":\"\u00c1reas de Pr\u00e1ctica\",\"item\":\"https:\\\/\\\/lawcdh.com\\\/es\\\/areas-de-practica\\\/\"},{\"@type\":\"ListItem\",\"position\":3,\"name\":\"Conducir en Estado de Ebriedad (DWI)\",\"item\":\"https:\\\/\\\/lawcdh.com\\\/es\\\/areas-de-practica\\\/dwi\\\/\"},{\"@type\":\"ListItem\",\"position\":4,\"name\":\"M\u00faltiples Cargos Por Conducir en Estado de Ebriedad (DWI)\"}]},{\"@type\":\"WebSite\",\"@id\":\"https:\\\/\\\/lawcdh.com\\\/es\\\/#website\",\"url\":\"https:\\\/\\\/lawcdh.com\\\/es\\\/\",\"name\":\"CDH Law PLLC ES\",\"description\":\"\",\"potentialAction\":[{\"@type\":\"SearchAction\",\"target\":{\"@type\":\"EntryPoint\",\"urlTemplate\":\"https:\\\/\\\/lawcdh.com\\\/es\\\/?s={search_term_string}\"},\"query-input\":{\"@type\":\"PropertyValueSpecification\",\"valueRequired\":true,\"valueName\":\"search_term_string\"}}],\"inLanguage\":\"es\"}]}<\/script>\n<!-- \/ Yoast SEO plugin. -->","yoast_head_json":{"title":"Abogado de M\u00faltiples DWIs en Syracuse | Abogado de DUI en NY","description":"Si has sido arrestado por m\u00faltiples DWI, la mejor acci\u00f3n es contactar a nuestro abogado de DWI para una consulta sobre tu caso.","robots":{"index":"index","follow":"follow","max-snippet":"max-snippet:-1","max-image-preview":"max-image-preview:large","max-video-preview":"max-video-preview:-1"},"canonical":"https:\/\/lawcdh.com\/es\/areas-de-practica\/dwi\/multiples-dwi\/","og_locale":"es_MX","og_type":"article","og_title":"Abogado de M\u00faltiples DWIs en Syracuse | Abogado de DUI en NY","og_description":"Si has sido arrestado por m\u00faltiples DWI, la mejor acci\u00f3n es contactar a nuestro abogado de DWI para una consulta sobre tu caso.","og_url":"https:\/\/lawcdh.com\/es\/areas-de-practica\/dwi\/multiples-dwi\/","og_site_name":"CDH Law PLLC ES","article_modified_time":"2024-03-05T19:53:30+00:00","og_image":[{"width":730,"height":300,"url":"https:\/\/lawcdh.com\/es\/wp-content\/uploads\/sites\/2\/2023\/12\/syracuse-central-new-york-dwi-attorney-2.png","type":"image\/png"}],"twitter_card":"summary_large_image","twitter_misc":{"Est. reading time":"6 minutos"},"schema":{"@context":"https:\/\/schema.org","@graph":[{"@type":"WebPage","@id":"https:\/\/lawcdh.com\/es\/areas-de-practica\/dwi\/multiples-dwi\/","url":"https:\/\/lawcdh.com\/es\/areas-de-practica\/dwi\/multiples-dwi\/","name":"Abogado de M\u00faltiples DWIs en Syracuse | Abogado de DUI en NY","isPartOf":{"@id":"https:\/\/lawcdh.com\/es\/#website"},"primaryImageOfPage":{"@id":"https:\/\/lawcdh.com\/es\/areas-de-practica\/dwi\/multiples-dwi\/#primaryimage"},"image":{"@id":"https:\/\/lawcdh.com\/es\/areas-de-practica\/dwi\/multiples-dwi\/#primaryimage"},"thumbnailUrl":"https:\/\/lawcdh.com\/es\/wp-content\/uploads\/sites\/2\/2023\/12\/syracuse-central-new-york-dwi-attorney-2.png","datePublished":"2019-08-05T15:38:17+00:00","dateModified":"2024-03-05T19:53:30+00:00","description":"Si has sido arrestado por m\u00faltiples DWI, la mejor acci\u00f3n es contactar a nuestro abogado de DWI para una consulta sobre tu caso.","breadcrumb":{"@id":"https:\/\/lawcdh.com\/es\/areas-de-practica\/dwi\/multiples-dwi\/#breadcrumb"},"inLanguage":"es","potentialAction":[{"@type":"ReadAction","target":["https:\/\/lawcdh.com\/es\/areas-de-practica\/dwi\/multiples-dwi\/"]}]},{"@type":"ImageObject","inLanguage":"es","@id":"https:\/\/lawcdh.com\/es\/areas-de-practica\/dwi\/multiples-dwi\/#primaryimage","url":"https:\/\/lawcdh.com\/es\/wp-content\/uploads\/sites\/2\/2023\/12\/syracuse-central-new-york-dwi-attorney-2.png","contentUrl":"https:\/\/lawcdh.com\/es\/wp-content\/uploads\/sites\/2\/2023\/12\/syracuse-central-new-york-dwi-attorney-2.png","width":730,"height":300,"caption":"DWI police"},{"@type":"BreadcrumbList","@id":"https:\/\/lawcdh.com\/es\/areas-de-practica\/dwi\/multiples-dwi\/#breadcrumb","itemListElement":[{"@type":"ListItem","position":1,"name":"Home","item":"https:\/\/lawcdh.com\/es\/"},{"@type":"ListItem","position":2,"name":"\u00c1reas de Pr\u00e1ctica","item":"https:\/\/lawcdh.com\/es\/areas-de-practica\/"},{"@type":"ListItem","position":3,"name":"Conducir en Estado de Ebriedad (DWI)","item":"https:\/\/lawcdh.com\/es\/areas-de-practica\/dwi\/"},{"@type":"ListItem","position":4,"name":"M\u00faltiples Cargos Por Conducir en Estado de Ebriedad (DWI)"}]},{"@type":"WebSite","@id":"https:\/\/lawcdh.com\/es\/#website","url":"https:\/\/lawcdh.com\/es\/","name":"CDH Law PLLC ES","description":"","potentialAction":[{"@type":"SearchAction","target":{"@type":"EntryPoint","urlTemplate":"https:\/\/lawcdh.com\/es\/?s={search_term_string}"},"query-input":{"@type":"PropertyValueSpecification","valueRequired":true,"valueName":"search_term_string"}}],"inLanguage":"es"}]}},"_links":{"self":[{"href":"https:\/\/lawcdh.com\/es\/wp-json\/wp\/v2\/pages\/1292","targetHints":{"allow":["GET"]}}],"collection":[{"href":"https:\/\/lawcdh.com\/es\/wp-json\/wp\/v2\/pages"}],"about":[{"href":"https:\/\/lawcdh.com\/es\/wp-json\/wp\/v2\/types\/page"}],"author":[{"embeddable":true,"href":"https:\/\/lawcdh.com\/es\/wp-json\/wp\/v2\/users\/17"}],"replies":[{"embeddable":true,"href":"https:\/\/lawcdh.com\/es\/wp-json\/wp\/v2\/comments?post=1292"}],"version-history":[{"count":0,"href":"https:\/\/lawcdh.com\/es\/wp-json\/wp\/v2\/pages\/1292\/revisions"}],"up":[{"embeddable":true,"href":"https:\/\/lawcdh.com\/es\/wp-json\/wp\/v2\/pages\/943"}],"wp:featuredmedia":[{"embeddable":true,"href":"https:\/\/lawcdh.com\/es\/wp-json\/wp\/v2\/media\/2310"}],"wp:attachment":[{"href":"https:\/\/lawcdh.com\/es\/wp-json\/wp\/v2\/media?parent=1292"}],"wp:term":[{"taxonomy":"post_tag","embeddable":true,"href":"https:\/\/lawcdh.com\/es\/wp-json\/wp\/v2\/tags?post=1292"}],"curies":[{"name":"wp","href":"https:\/\/api.w.org\/{rel}","templated":true}]}}