{"id":1305,"date":"2019-09-06T17:16:14","date_gmt":"2019-09-06T17:16:14","guid":{"rendered":"https:\/\/lawcdh.com\/?page_id=1305"},"modified":"2024-01-30T17:15:53","modified_gmt":"2024-01-30T17:15:53","slug":"delitos-graves","status":"publish","type":"page","link":"https:\/\/lawcdh.com\/es\/areas-de-practica\/defensa-criminal\/delitos-graves\/","title":{"rendered":"Defensa de Delitos Graves"},"content":{"rendered":"\n<p>Las penas para quienes son condenados por un delito grave en Nueva York son graves. Seg\u00fan la ley de Nueva York, los delitos graves son delitos m\u00e1s graves que los <a href=\"https:\/\/lawcdh.com\/es\/areas-de-practica\/defensa-criminal\/defensa-delito-menor\/\">delitos menores<\/a>. Las consecuencias son, por tanto, mucho m\u00e1s importantes. Si se enfrenta a un cargo de delito grave por primera vez, es posible que se sienta ansioso y abrumado. Los abogados <a href=\"https:\/\/lawcdh.com\/es\/areas-de-practica\/defensa-criminal\/\">defensores penales<\/a> altamente capacitados de <a href=\"https:\/\/lawcdh.com\/es\/\">CDH Law<\/a> abogan de manera persuasiva en nombre de nuestros clientes durante todo el proceso legal. Siempre asumimos que nuestros clientes son inocentes hasta que se demuestre lo contrario. Representamos habitualmente a clientes que enfrentan delitos graves de todas las clases en Syracuse, en otras partes del condado de Onondaga y en todo el centro de Nueva York.<\/p>\n\n\n\n<h2 class=\"wp-block-heading\" id=\"una-condena-por-un-delito-grave-conlleva-consecuencias-negativas-de-por-vida\">Una Condena Por Un Delito Grave Conlleva Consecuencias Negativas de Por Vida<\/h2>\n\n\n\n<p>La ley penal de Nueva York distingue entre delitos graves y delitos menores seg\u00fan la cantidad de tiempo de c\u00e1rcel que puede cumplir una persona condenada por un delito. Los condenados por un delito grave pueden cumplir un a\u00f1o o m\u00e1s de c\u00e1rcel, mientras que los condenados por un delito menor pueden cumplir un a\u00f1o o menos de c\u00e1rcel. Las consecuencias de cumplir un m\u00ednimo de un a\u00f1o de c\u00e1rcel, pagar multas y libertad condicional y tener antecedentes penales son bastante desafiantes. Los neoyorquinos condenados por delitos graves enfrentan autom\u00e1ticamente otras consecuencias negativas, como:<\/p>\n\n\n\n<ul class=\"wp-block-list\">\n<li>No tener derecho a prestaciones sociales<\/li>\n\n\n\n<li>Exclusi\u00f3n de programas espec\u00edficos de licencias profesionales<\/li>\n\n\n\n<li>Revocaci\u00f3n de ciertas licencias profesionales<\/li>\n\n\n\n<li>Prohibido comprar armas de fuego<\/li>\n\n\n\n<li>Prohibido participar como jurado<\/li>\n\n\n\n<li>No ser elegible para vivienda subsidiada por el gobierno federal<\/li>\n<\/ul>\n\n\n\n<h3 class=\"wp-block-heading\">Clases de Delitos Graves en El Estado de Nueva York<\/h3>\n\n\n\n<p>El c\u00f3digo penal de Nueva York clasifica los delitos graves en cinco clases diferentes. Cada clase tiene una sentencia m\u00e1xima correspondiente de c\u00e1rcel, que puede aumentarse para condenas posteriores. Cuando se producen varias condenas al mismo tiempo, el acusado puede cumplir sus penas de c\u00e1rcel de forma simult\u00e1nea o consecutiva seg\u00fan las circunstancias y la decisi\u00f3n de sentencia del juez.<\/p>\n\n\n\n<ul class=\"wp-block-list\">\n<li>Delito grave violento de clase A (A-I y A-II): cadena perpetua sin libertad condicional<\/li>\n\n\n\n<li>Delito grave violento clase B &#8211; 25 a\u00f1os<\/li>\n\n\n\n<li>Delito grave no violento de clase B: 25 a\u00f1os<\/li>\n\n\n\n<li>Delito grave violento clase C &#8211; 15 a\u00f1os<\/li>\n\n\n\n<li>Delito grave no violento de clase C: 15 a\u00f1os<\/li>\n\n\n\n<li>Delito grave violento clase D &#8211; 7 a\u00f1os<\/li>\n\n\n\n<li>Delito grave no violento de clase D: 7 a\u00f1os<\/li>\n\n\n\n<li>Clase E &#8211; Delito grave violento &#8211; 4 a\u00f1os<\/li>\n\n\n\n<li>Clase E &#8211; Delito grave no violento &#8211; 4 a\u00f1os<\/li>\n<\/ul>\n\n\n\n<h3 class=\"wp-block-heading\">Los Delitos Graves de Clase a en Nueva York Son Los M\u00e1s Graves<\/h3>\n\n\n\n<p>Los delitos graves de clase A en Nueva York son los delitos m\u00e1s graves. Hist\u00f3ricamente, los condenados por un delito grave de Clase A ser\u00edan elegibles para recibir la pena de muerte, pero el estado de Nueva York aboli\u00f3 la pena de muerte en 2007. Muchos acusados condenados por delitos graves de Clase A reciben una sentencia de cadena perpetua. Excepto el asesinato, todos los delitos graves de Clase A ocurren en primer grado. Los siguientes delitos son delitos graves de Clase A en Nueva York:<\/p>\n\n\n\n<ul class=\"wp-block-list\">\n<li>Asesinato en primer y segundo-grado<\/li>\n\n\n\n<li>Asesinato agravado<\/li>\n\n\n\n<li>Terrorismo<\/li>\n\n\n\n<li>Incendio provocado<\/li>\n\n\n\n<li>Secuestro<\/li>\n\n\n\n<li>Operando como un importante traficante<\/li>\n\n\n\n<li>Posesi\u00f3n criminal de un arma qu\u00edmica.<\/li>\n\n\n\n<li><a href=\"https:\/\/lawcdh.com\/es\/areas-de-practica\/delitos-de-drogas\/posesion-de-drogas\/\">Posesi\u00f3n criminal y uso de una sustancia controlada<\/a><\/li>\n\n\n\n<li>Agresi\u00f3n sexual depredadora<\/li>\n<\/ul>\n\n\n\n<p>La cantidad m\u00ednima de tiempo cumplido por un delito grave de Clase A suele ser de entre 15 y 40 a\u00f1os. La pena m\u00e1xima es cadena perpetua sin libertad condicional. Los delitos relacionados con drogas tienen sus propias pautas de sentencia. Los delitos graves de Clase A son graves, por lo que es aconsejable que hable con un abogado defensor penal con experiencia en Nueva York si se enfrenta a un cargo de delito grave de Clase A. El equipo de defensa penal de CDH Law comprende lo fundamental que es montar una defensa competente para los clientes acusados de delitos graves de Clase A.<\/p>\n\n\n\n<h3 class=\"wp-block-heading\">Delitos Graves Violentos Y No Violentos de Clase B en Nueva York<\/h3>\n\n\n\n<p>Tanto los delitos graves violentos como los no violentos de Clase B conllevan una pena m\u00e1xima de c\u00e1rcel de 25 a\u00f1os. Los fiscales pueden dejar cierto margen para negociar cargos por delitos graves de Clase B durante el proceso legal. Los delitos graves comunes de Clase B son los segundos delitos m\u00e1s graves seg\u00fan la ley penal de Nueva York e incluyen los siguientes:<\/p>\n\n\n\n<ul class=\"wp-block-list\">\n<li>Presunto homicidio<\/li>\n\n\n\n<li>Asalto violento<\/li>\n\n\n\n<li>Robo a mano armada<\/li>\n\n\n\n<li>Violaci\u00f3n<\/li>\n\n\n\n<li><a href=\"https:\/\/lawcdh.com\/es\/areas-de-practica\/delitos-de-drogas\/droga-ventas\/\">El tr\u00e1fico de drogas<\/a><\/li>\n<\/ul>\n\n\n\n<h3 class=\"wp-block-heading\">Delitos Graves de Clase C en Nueva York<\/h3>\n\n\n\n<p>Los delitos graves violentos de clase C conllevan una pena m\u00e1xima de c\u00e1rcel de 3,5 a 15 a\u00f1os. Las consecuencias de los delitos graves no violentos de Clase C van desde libertad condicional sin pena de c\u00e1rcel hasta hasta 15 a\u00f1os de c\u00e1rcel cumplidos. Los delitos graves de clase C incluyen los siguientes delitos:<\/p>\n\n\n\n<ul class=\"wp-block-list\">\n<li>Robo en segundo grado<\/li>\n\n\n\n<li><a href=\"https:\/\/lawcdh.com\/es\/areas-de-practica\/defensa-de-robo\/\">Hurto<\/a><\/li>\n\n\n\n<li>Distribuci\u00f3n de drogas<\/li>\n\n\n\n<li>Tenencia criminal agravada de arma<\/li>\n\n\n\n<li>Homicidio en segundo grado agravado<\/li>\n\n\n\n<li>Homicidio por negligencia criminal agravado<\/li>\n\n\n\n<li>Agravado penalmente<\/li>\n\n\n\n<li>Asalto vehicular agravado<\/li>\n\n\n\n<li>Intento de cometer un delito grave de clase B<\/li>\n\n\n\n<li>Posesi\u00f3n de drogas en cuarto grado<\/li>\n\n\n\n<li>Venta en cuarto grado de una sustancia controlada<\/li>\n\n\n\n<li>Robo en segundo grado<\/li>\n\n\n\n<li>Soborno en segundo grado<\/li>\n\n\n\n<li>Asalto de pandillas en segundo grado<\/li>\n\n\n\n<li><a href=\"https:\/\/lawcdh.com\/es\/areas-de-practica\/defensa-criminal\/delito-de-cuello-blanco\/\">Lavado de dinero en segundo grado<\/a><\/li>\n\n\n\n<li>Posesi\u00f3n criminal de un arma.<\/li>\n\n\n\n<li>Fraude de bienestar social en segundo grado<\/li>\n\n\n\n<li>Agresi\u00f3n a un oficial de polic\u00eda, bombero, agente del orden p\u00fablico o profesional de servicios m\u00e9dicos de emergencia<\/li>\n\n\n\n<li>Asalto en tercer grado<\/li>\n\n\n\n<li>Incendio provocado en tercer grado<\/li>\n<\/ul>\n\n\n\n<h3 class=\"wp-block-heading\">Ejemplos de Delitos Graves de Clase D en Nueva York<\/h3>\n\n\n\n<p>La mayor\u00eda de los delitos graves de clase D no son violentos. Los delitos graves violentos de Clase D incluyen los siguientes:<\/p>\n\n\n\n<ul class=\"wp-block-list\">\n<li>Acecho en primer grado<\/li>\n\n\n\n<li>Abuso sexual en primer grado<\/li>\n\n\n\n<li>asalto en segundo grado<\/li>\n\n\n\n<li>Posesi\u00f3n de un arma en tercer grado<\/li>\n<\/ul>\n\n\n\n<p>La mayor\u00eda de los delitos graves de Clase D no son violentos, como por ejemplo:<\/p>\n\n\n\n<ul class=\"wp-block-list\">\n<li>Robo de identidad agravado<\/li>\n\n\n\n<li>Posesi\u00f3n de drogas en quinto grado<\/li>\n\n\n\n<li>Venta en quinto grado de una sustancia controlada<\/li>\n\n\n\n<li>Patrocinio en primer grado de una prostituta<\/li>\n\n\n\n<li>Invasi\u00f3n criminal en primer grado<\/li>\n\n\n\n<li>Uso de parafernalia de drogas en primer grado.<\/li>\n\n\n\n<li>Asalto vehicular en primer grado<\/li>\n\n\n\n<li>Homicidio vehicular en segundo grado<\/li>\n\n\n\n<li>Robo en tercer grado<\/li>\n\n\n\n<li>Lavado de dinero en tercer grado<\/li>\n\n\n\n<li>Soborno en tercer grado<\/li>\n\n\n\n<li>Posesi\u00f3n de marihuana en segundo grado<\/li>\n\n\n\n<li>Peligro imprudente en primer grado<\/li>\n<\/ul>\n\n\n\n<h3 class=\"wp-block-heading\">Ejemplos de Cargos Por Delitos Graves Violentos Y No Violentos de Clase E<\/h3>\n\n\n\n<p>Los cargos por delitos graves de clase E son algunos de los delitos no violentos m\u00e1s comunes (aunque algunos se clasifican como delitos graves \u201cviolentos\u201d). Sin embargo, estos cargos no son menos peligrosos. Aquellos acusados de un delito grave de Clase E enfrentan hasta cuatro a\u00f1os de c\u00e1rcel y multas, y tendr\u00e1n antecedentes penales. Los delitos graves comunes de Clase E incluyen:<\/p>\n\n\n\n<ul class=\"wp-block-list\">\n<li>Asalto vehicular en segundo grado<\/li>\n\n\n\n<li>Homicidio por negligencia criminal<\/li>\n\n\n\n<li>Agresi\u00f3n imprudente a un menor por parte de un proveedor de guarder\u00eda<\/li>\n\n\n\n<li>Violaci\u00f3n en tercer grado<\/li>\n\n\n\n<li>Hurto mayor en cuarto grado<\/li>\n\n\n\n<li>Abandono de un ni\u00f1o<\/li>\n\n\n\n<li>Acoso agravado en primer grado<\/li>\n\n\n\n<li>Incendio provocado en cuarto grado<\/li>\n\n\n\n<li>Agresi\u00f3n agravada a un menor (de 11 a\u00f1os o menos)<\/li>\n\n\n\n<li>Inyecci\u00f3n criminal de un estupefaciente<\/li>\n\n\n\n<li>Venta criminal de marihuana en tercer grado<\/li>\n\n\n\n<li>Defraudar al gobierno<\/li>\n\n\n\n<li>Venta ilegal de marihuana en tercer grado<\/li>\n\n\n\n<li>Perjurio en segundo grado<\/li>\n\n\n\n<li>Acecho en segundo grado<\/li>\n\n\n\n<li>Ser condescendiente con una prostituta en segundo grado.<\/li>\n\n\n\n<li>Fraude de seguros en cuarto grado<\/li>\n\n\n\n<li>Hurto mayor en cuarto grado<\/li>\n\n\n\n<li>Posesi\u00f3n de desempe\u00f1o sexual o desempe\u00f1o sexual obsceno por parte de un menor<\/li>\n\n\n\n<li>Fraude de asistencia social en cuarto grado<\/li>\n<\/ul>\n\n\n\n<h4 class=\"wp-block-heading\">P\u00f3ngase en Contacto Con Nuestros Abogados Defensores de Delitos Graves en Syracuse Y El Centro de Nueva York<\/h4>\n\n\n\n<p>\u00bfSe enfrenta a un cargo de delito grave en Nueva York? Los abogados con experiencia en defensa penal de CDH Law est\u00e1n listos para defenderlo. Representamos a clientes en toda el \u00e1rea de Syracuse, Nueva York, y lucharemos por sus derechos durante todo el proceso. P\u00f3ngase en <a href=\"\/es\/contacto\/\">contacto<\/a> con nuestra firma de abogados hoy para programar su consulta inicial.<\/p>\n\n\n\n<p><strong><em>Carden Dotzler Hammond, PLLC representa a clientes en el centro de Nueva York, Syracuse, el condado de Monroe, el condado de Jefferson, el condado de Oswego, el condado de Ontario y el condado de Onondaga, incluidos los pueblos y aldeas de Camillus, Cicero, Clay, Dewitt, Elbridge, Geddes, Manlius, Marcellus, Onondaga, Salina, Skaneateles, Baldwinsville, East Syracuse, Fayetteville, Liverpool, North Syracuse y Solvay.<\/em><\/strong><\/p>\n","protected":false},"excerpt":{"rendered":"<p>Las penas para quienes son condenados por un delito grave en Nueva York son graves. Seg\u00fan la ley de Nueva York, los delitos graves son delitos m\u00e1s graves que los delitos menores. Las consecuencias son, por tanto, mucho m\u00e1s importantes. Si se enfrenta a un cargo de delito grave por primera vez, es posible que&#8230;<\/p>\n","protected":false},"author":17,"featured_media":2279,"parent":941,"menu_order":0,"comment_status":"closed","ping_status":"closed","template":"","meta":{"_acf_changed":false,"footnotes":""},"tags":[],"class_list":["post-1305","page","type-page","status-publish","has-post-thumbnail","hentry"],"acf":[],"yoast_head":"<!-- This site is optimized with the Yoast SEO plugin v27.4 - https:\/\/yoast.com\/product\/yoast-seo-wordpress\/ -->\n<title>Abogados Defensores de Cargos por Delitos Graves en Syracuse<\/title>\n<meta name=\"description\" content=\"Si ha sido acusado de un delito grave, comun\u00edquese con nuestros abogados defensores de delitos graves de Syracuse y el centro de Nueva York.\" \/>\n<meta name=\"robots\" content=\"index, follow, max-snippet:-1, max-image-preview:large, max-video-preview:-1\" \/>\n<link rel=\"canonical\" href=\"https:\/\/lawcdh.com\/es\/areas-de-practica\/defensa-criminal\/delitos-graves\/\" \/>\n<meta property=\"og:locale\" content=\"es_MX\" \/>\n<meta property=\"og:type\" content=\"article\" \/>\n<meta property=\"og:title\" content=\"Abogados Defensores de Cargos por Delitos Graves en Syracuse\" \/>\n<meta property=\"og:description\" content=\"Si ha sido acusado de un delito grave, comun\u00edquese con nuestros abogados defensores de delitos graves de Syracuse y el centro de Nueva York.\" \/>\n<meta property=\"og:url\" content=\"https:\/\/lawcdh.com\/es\/areas-de-practica\/defensa-criminal\/delitos-graves\/\" \/>\n<meta property=\"og:site_name\" content=\"CDH Law PLLC ES\" \/>\n<meta property=\"article:modified_time\" content=\"2024-01-30T17:15:53+00:00\" \/>\n<meta property=\"og:image\" content=\"https:\/\/lawcdh.com\/es\/wp-content\/uploads\/sites\/2\/2023\/10\/syracuse-felony-defense-2.jpg\" \/>\n\t<meta property=\"og:image:width\" content=\"730\" \/>\n\t<meta property=\"og:image:height\" content=\"300\" \/>\n\t<meta property=\"og:image:type\" content=\"image\/jpeg\" \/>\n<meta name=\"twitter:card\" content=\"summary_large_image\" \/>\n<meta name=\"twitter:label1\" content=\"Est. reading time\" \/>\n\t<meta name=\"twitter:data1\" content=\"7 minutos\" \/>\n<script type=\"application\/ld+json\" class=\"yoast-schema-graph\">{\"@context\":\"https:\\\/\\\/schema.org\",\"@graph\":[{\"@type\":\"WebPage\",\"@id\":\"https:\\\/\\\/lawcdh.com\\\/es\\\/areas-de-practica\\\/defensa-criminal\\\/delitos-graves\\\/\",\"url\":\"https:\\\/\\\/lawcdh.com\\\/es\\\/areas-de-practica\\\/defensa-criminal\\\/delitos-graves\\\/\",\"name\":\"Abogados Defensores de Cargos por Delitos Graves en Syracuse\",\"isPartOf\":{\"@id\":\"https:\\\/\\\/lawcdh.com\\\/es\\\/#website\"},\"primaryImageOfPage\":{\"@id\":\"https:\\\/\\\/lawcdh.com\\\/es\\\/areas-de-practica\\\/defensa-criminal\\\/delitos-graves\\\/#primaryimage\"},\"image\":{\"@id\":\"https:\\\/\\\/lawcdh.com\\\/es\\\/areas-de-practica\\\/defensa-criminal\\\/delitos-graves\\\/#primaryimage\"},\"thumbnailUrl\":\"https:\\\/\\\/lawcdh.com\\\/es\\\/wp-content\\\/uploads\\\/sites\\\/2\\\/2023\\\/10\\\/syracuse-felony-defense-2.jpg\",\"datePublished\":\"2019-09-06T17:16:14+00:00\",\"dateModified\":\"2024-01-30T17:15:53+00:00\",\"description\":\"Si ha sido acusado de un delito grave, comun\u00edquese con nuestros abogados defensores de delitos graves de Syracuse y el centro de Nueva York.\",\"breadcrumb\":{\"@id\":\"https:\\\/\\\/lawcdh.com\\\/es\\\/areas-de-practica\\\/defensa-criminal\\\/delitos-graves\\\/#breadcrumb\"},\"inLanguage\":\"es\",\"potentialAction\":[{\"@type\":\"ReadAction\",\"target\":[\"https:\\\/\\\/lawcdh.com\\\/es\\\/areas-de-practica\\\/defensa-criminal\\\/delitos-graves\\\/\"]}]},{\"@type\":\"ImageObject\",\"inLanguage\":\"es\",\"@id\":\"https:\\\/\\\/lawcdh.com\\\/es\\\/areas-de-practica\\\/defensa-criminal\\\/delitos-graves\\\/#primaryimage\",\"url\":\"https:\\\/\\\/lawcdh.com\\\/es\\\/wp-content\\\/uploads\\\/sites\\\/2\\\/2023\\\/10\\\/syracuse-felony-defense-2.jpg\",\"contentUrl\":\"https:\\\/\\\/lawcdh.com\\\/es\\\/wp-content\\\/uploads\\\/sites\\\/2\\\/2023\\\/10\\\/syracuse-felony-defense-2.jpg\",\"width\":730,\"height\":300,\"caption\":\"Felony defense lawyers\"},{\"@type\":\"BreadcrumbList\",\"@id\":\"https:\\\/\\\/lawcdh.com\\\/es\\\/areas-de-practica\\\/defensa-criminal\\\/delitos-graves\\\/#breadcrumb\",\"itemListElement\":[{\"@type\":\"ListItem\",\"position\":1,\"name\":\"Home\",\"item\":\"https:\\\/\\\/lawcdh.com\\\/es\\\/\"},{\"@type\":\"ListItem\",\"position\":2,\"name\":\"\u00c1reas de Pr\u00e1ctica\",\"item\":\"https:\\\/\\\/lawcdh.com\\\/es\\\/areas-de-practica\\\/\"},{\"@type\":\"ListItem\",\"position\":3,\"name\":\"Defensa Penal\",\"item\":\"https:\\\/\\\/lawcdh.com\\\/es\\\/areas-de-practica\\\/defensa-criminal\\\/\"},{\"@type\":\"ListItem\",\"position\":4,\"name\":\"Defensa de Delitos Graves\"}]},{\"@type\":\"WebSite\",\"@id\":\"https:\\\/\\\/lawcdh.com\\\/es\\\/#website\",\"url\":\"https:\\\/\\\/lawcdh.com\\\/es\\\/\",\"name\":\"CDH Law PLLC ES\",\"description\":\"\",\"potentialAction\":[{\"@type\":\"SearchAction\",\"target\":{\"@type\":\"EntryPoint\",\"urlTemplate\":\"https:\\\/\\\/lawcdh.com\\\/es\\\/?s={search_term_string}\"},\"query-input\":{\"@type\":\"PropertyValueSpecification\",\"valueRequired\":true,\"valueName\":\"search_term_string\"}}],\"inLanguage\":\"es\"}]}<\/script>\n<!-- \/ Yoast SEO plugin. -->","yoast_head_json":{"title":"Abogados Defensores de Cargos por Delitos Graves en Syracuse","description":"Si ha sido acusado de un delito grave, comun\u00edquese con nuestros abogados defensores de delitos graves de Syracuse y el centro de Nueva York.","robots":{"index":"index","follow":"follow","max-snippet":"max-snippet:-1","max-image-preview":"max-image-preview:large","max-video-preview":"max-video-preview:-1"},"canonical":"https:\/\/lawcdh.com\/es\/areas-de-practica\/defensa-criminal\/delitos-graves\/","og_locale":"es_MX","og_type":"article","og_title":"Abogados Defensores de Cargos por Delitos Graves en Syracuse","og_description":"Si ha sido acusado de un delito grave, comun\u00edquese con nuestros abogados defensores de delitos graves de Syracuse y el centro de Nueva York.","og_url":"https:\/\/lawcdh.com\/es\/areas-de-practica\/defensa-criminal\/delitos-graves\/","og_site_name":"CDH Law PLLC ES","article_modified_time":"2024-01-30T17:15:53+00:00","og_image":[{"width":730,"height":300,"url":"https:\/\/lawcdh.com\/es\/wp-content\/uploads\/sites\/2\/2023\/10\/syracuse-felony-defense-2.jpg","type":"image\/jpeg"}],"twitter_card":"summary_large_image","twitter_misc":{"Est. reading time":"7 minutos"},"schema":{"@context":"https:\/\/schema.org","@graph":[{"@type":"WebPage","@id":"https:\/\/lawcdh.com\/es\/areas-de-practica\/defensa-criminal\/delitos-graves\/","url":"https:\/\/lawcdh.com\/es\/areas-de-practica\/defensa-criminal\/delitos-graves\/","name":"Abogados Defensores de Cargos por Delitos Graves en Syracuse","isPartOf":{"@id":"https:\/\/lawcdh.com\/es\/#website"},"primaryImageOfPage":{"@id":"https:\/\/lawcdh.com\/es\/areas-de-practica\/defensa-criminal\/delitos-graves\/#primaryimage"},"image":{"@id":"https:\/\/lawcdh.com\/es\/areas-de-practica\/defensa-criminal\/delitos-graves\/#primaryimage"},"thumbnailUrl":"https:\/\/lawcdh.com\/es\/wp-content\/uploads\/sites\/2\/2023\/10\/syracuse-felony-defense-2.jpg","datePublished":"2019-09-06T17:16:14+00:00","dateModified":"2024-01-30T17:15:53+00:00","description":"Si ha sido acusado de un delito grave, comun\u00edquese con nuestros abogados defensores de delitos graves de Syracuse y el centro de Nueva York.","breadcrumb":{"@id":"https:\/\/lawcdh.com\/es\/areas-de-practica\/defensa-criminal\/delitos-graves\/#breadcrumb"},"inLanguage":"es","potentialAction":[{"@type":"ReadAction","target":["https:\/\/lawcdh.com\/es\/areas-de-practica\/defensa-criminal\/delitos-graves\/"]}]},{"@type":"ImageObject","inLanguage":"es","@id":"https:\/\/lawcdh.com\/es\/areas-de-practica\/defensa-criminal\/delitos-graves\/#primaryimage","url":"https:\/\/lawcdh.com\/es\/wp-content\/uploads\/sites\/2\/2023\/10\/syracuse-felony-defense-2.jpg","contentUrl":"https:\/\/lawcdh.com\/es\/wp-content\/uploads\/sites\/2\/2023\/10\/syracuse-felony-defense-2.jpg","width":730,"height":300,"caption":"Felony defense lawyers"},{"@type":"BreadcrumbList","@id":"https:\/\/lawcdh.com\/es\/areas-de-practica\/defensa-criminal\/delitos-graves\/#breadcrumb","itemListElement":[{"@type":"ListItem","position":1,"name":"Home","item":"https:\/\/lawcdh.com\/es\/"},{"@type":"ListItem","position":2,"name":"\u00c1reas de Pr\u00e1ctica","item":"https:\/\/lawcdh.com\/es\/areas-de-practica\/"},{"@type":"ListItem","position":3,"name":"Defensa Penal","item":"https:\/\/lawcdh.com\/es\/areas-de-practica\/defensa-criminal\/"},{"@type":"ListItem","position":4,"name":"Defensa de Delitos Graves"}]},{"@type":"WebSite","@id":"https:\/\/lawcdh.com\/es\/#website","url":"https:\/\/lawcdh.com\/es\/","name":"CDH Law PLLC ES","description":"","potentialAction":[{"@type":"SearchAction","target":{"@type":"EntryPoint","urlTemplate":"https:\/\/lawcdh.com\/es\/?s={search_term_string}"},"query-input":{"@type":"PropertyValueSpecification","valueRequired":true,"valueName":"search_term_string"}}],"inLanguage":"es"}]}},"_links":{"self":[{"href":"https:\/\/lawcdh.com\/es\/wp-json\/wp\/v2\/pages\/1305","targetHints":{"allow":["GET"]}}],"collection":[{"href":"https:\/\/lawcdh.com\/es\/wp-json\/wp\/v2\/pages"}],"about":[{"href":"https:\/\/lawcdh.com\/es\/wp-json\/wp\/v2\/types\/page"}],"author":[{"embeddable":true,"href":"https:\/\/lawcdh.com\/es\/wp-json\/wp\/v2\/users\/17"}],"replies":[{"embeddable":true,"href":"https:\/\/lawcdh.com\/es\/wp-json\/wp\/v2\/comments?post=1305"}],"version-history":[{"count":0,"href":"https:\/\/lawcdh.com\/es\/wp-json\/wp\/v2\/pages\/1305\/revisions"}],"up":[{"embeddable":true,"href":"https:\/\/lawcdh.com\/es\/wp-json\/wp\/v2\/pages\/941"}],"wp:featuredmedia":[{"embeddable":true,"href":"https:\/\/lawcdh.com\/es\/wp-json\/wp\/v2\/media\/2279"}],"wp:attachment":[{"href":"https:\/\/lawcdh.com\/es\/wp-json\/wp\/v2\/media?parent=1305"}],"wp:term":[{"taxonomy":"post_tag","embeddable":true,"href":"https:\/\/lawcdh.com\/es\/wp-json\/wp\/v2\/tags?post=1305"}],"curies":[{"name":"wp","href":"https:\/\/api.w.org\/{rel}","templated":true}]}}