{"id":1311,"date":"2019-09-17T15:32:17","date_gmt":"2019-09-17T15:32:17","guid":{"rendered":"https:\/\/lawcdh.com\/?page_id=1311"},"modified":"2024-01-30T18:39:39","modified_gmt":"2024-01-30T18:39:39","slug":"defensa-de-robo","status":"publish","type":"page","link":"https:\/\/lawcdh.com\/es\/areas-de-practica\/defensa-de-robo\/","title":{"rendered":"Cargos de Hurto"},"content":{"rendered":"<p>Si enfrenta un cargo de delito de hurto en Nueva York, podr\u00eda verse expuesto a sanciones penales severas. Si lo declaran culpable o lo acusan de un delito de hurto, es posible que se pregunte qu\u00e9 castigos enfrentar\u00e1. La severidad de la sentencia del acusado depende de la gravedad del delito as\u00ed como de los antecedentes penales del acusado. Por ejemplo, la pena por hurto en tiendas es menos severa que las penas por hurto de mayor cuant\u00eda. De manera similar, un infractor por primera vez probablemente enfrentar\u00e1 un castigo menos severo que un infractor reincidente. Si necesita una defensa porque ha sido acusado o arrestado por hurto, el mejor curso de acci\u00f3n es comunicarse con uno de nuestros abogados con experiencia en <a href=\"https:\/\/lawcdh.com\/es\/areas-de-practica\/defensa-criminal\/\">defensa criminal<\/a>.<\/p>\n<h2 id=\"nuestros-abogados-en-defensa-contra-cargos-de-hurto-pueden-ayudarlo\">Nuestros Abogados en Defensa Contra Cargos de Hurto Pueden Ayudarlo<\/h2>\n<p>Dado que ser declarado culpable de un delito de hurto puede tener consecuencias graves, es de vital importancia que busque y contrate a un abogado especializado en delitos de hurto en Nueva York, si enfrenta cargos. Los abogados defensores penales de CDH Law PLLC han ayudado a muchos clientes a luchar contra cargos por delitos de hurto. Seg\u00fan la ley de Nueva York, los delitos de hurto incluyen:<\/p>\n<ul>\n<li>Hurto de autos<\/li>\n<li>Hurto\u00a0de identidad<\/li>\n<li>Hurto violento<\/li>\n<li>Falsificaci\u00f3n<\/li>\n<li>Malversaci\u00f3n<\/li>\n<li>Hurto en inmuebles<\/li>\n<li>Hurto a personas<\/li>\n<li>Hurto de tarjetas de credito<\/li>\n<li>Hurto simple menor y mayor cuant\u00eda<\/li>\n<\/ul>\n<p>Nuestros abogados defensores penales comprenden lo estresante que puede ser enfrentar un cargo penal, por lo que el tiempo es esencial. Cuanto antes se comunique con nuestros abogados, antes podr\u00e1 programar una consulta para discutir los detalles de su caso y c\u00f3mo avanzar con una defensa viable. Nuestros abogados con experiencia en defensa penal luchan arduamente para defender a nuestros clientes contra cargos de Hurto. Al prepararse para el juicio, los abogados de CDH Law PLLC llevan a cabo una investigaci\u00f3n exhaustiva. Recopilaremos videos de vigilancia, registros policiales, declaraciones de testigos e informes policiales que pueden ofrecen pruebas valiosas para su defensa contra hurto. Buscamos cualquier evidencia que demuestre la inocencia de nuestro cliente y la utilizamos en su beneficio.<\/p>\n<h3>Cargos Comunes de Hurto<\/h3>\n<h4 style=\"padding-left: 40px\">Cargos de Hurto en Inmuebles (Robo)<\/h4>\n<p style=\"padding-left: 40px\">El delito de hurto en inmuebles es un delito grave en Nueva York con consecuencias potencialmente graves. La ley penal de Nueva York define el delito de hurto en inmueble como entrar o permanecer ilegalmente en un inmueble a sabiendas que el acusado tiene la intenci\u00f3n de cometer un delito. Nueva York divide los cargos por hurto en inmueble en tres grados diferentes, cuyas consecuencias var\u00edan en gravedad. El fiscal debe poder probar que las acciones del acusado cumplieron con todos los elementos del cargo de hurto en inmueble para obtener una condena.<\/p>\n<h4 style=\"padding-left: 40px\">Hurto en Inmuebles en Tercer Grado (Robo en Tercer Grado)<\/h4>\n<p style=\"padding-left: 40px\">El hurto en inmueble en tercer grado es el cargo menos grave. Los acusados condenados por hurto en inmueble en tercer grado enfrentan cargos menos severos que los condenados por hurto en inmueble en segundo o primer grado. Un acusado comete hurto en tercer grado cuando ingresa o permanece en un inmueble ilegalmente y tiene la intenci\u00f3n de cometer un delito dentro del inmueble.<\/p>\n<h4 style=\"padding-left: 40px\">Hurto en Inmuebles en Segundo Grado (Robo en Segundo Grado)<\/h4>\n<p style=\"padding-left: 40px\">Si un acusado comete un hurto en inmueble en tercer grado, el fiscal puede elevar el cargo a hurto en segundo grado. Tambi\u00e9n deben haber ocurrido uno o m\u00e1s de los siguientes elementos para condenar a un acusado de hurto en segundo grado:<\/p>\n<ul>\n<li style=\"list-style-type: none\">\n<ul>\n<li>El inmueble en el que entr\u00f3 el acusado era una vivienda o casa.<\/li>\n<li>El acusado ten\u00eda un arma en su poder durante el hurto.<\/li>\n<li>El acusado provoc\u00f3 que una persona inocente sufriera una lesi\u00f3n<\/li>\n<li>El acusado mostr\u00f3 lo que parec\u00eda ser un arma de fuego.<\/li>\n<li>El acusado amenaz\u00f3 a otra persona con un instrumento peligroso<\/li>\n<\/ul>\n<\/li>\n<\/ul>\n<h4 style=\"padding-left: 40px\">Hurto en Inmueble en Primer Grado (Robo en Primer Grado)<\/h4>\n<p style=\"padding-left: 40px\">El hurto en inmueble en primer grado en Nueva York tiene las consecuencias m\u00e1s graves. El hurto en inmueble en primer grado ocurre cuando ocurren todos los elementos siguientes:<\/p>\n<ul>\n<li style=\"list-style-type: none\">\n<ul>\n<li>El imputado entra o permanece ilegalmente en una vivienda o casa<\/li>\n<li>El acusado tambi\u00e9n debe causar da\u00f1o f\u00edsico a otra persona inocente, estar armado con un arma de fuego mientras se encuentre en la vivienda o amenazar a otra persona con el uso de un instrumento peligroso.<\/li>\n<\/ul>\n<\/li>\n<\/ul>\n<h4 style=\"padding-left: 40px\">Cargos de Hurto a Personas (Robo)<\/h4>\n<p style=\"padding-left: 40px\">El delito de hurto a personas tambi\u00e9n es un delito grave en el estado de Nueva York. El hurto a personas es el hurto por la fuerza de la propiedad de otra persona. Nueva York clasifica el hurto a personas en tres grados diferentes seg\u00fan su gravedad.<\/p>\n<h4 style=\"padding-left: 40px\">Hurto a Personas en Tercer grado (Robo en Tercer Grado)<\/h4>\n<p style=\"padding-left: 40px\">El hurto a personas en tercer grado ocurre cuando el acusado roba algo mediante el uso de fuerza f\u00edsica o la amenaza de fuerza f\u00edsica. El hurto a personas en tercer grado es un delito grave no violento de clase D. Los acusados por primera vez de un delito grave que son condenados por robo en tercer grado enfrentan una condena m\u00e1xima de prisi\u00f3n de 2 \u2153 a 7 a\u00f1os de prisi\u00f3n. Cuando alguien comete un hurto a personas en tercer grado, usa o amenaza con usar fuerza violenta. El t\u00e9rmino &#8220;delito grave no violento&#8221; se refiere a las pautas de sentencia, pero no al acto de hurto en s\u00ed.<\/p>\n<h4 style=\"padding-left: 40px\">Hurto a Personas en Segundo Grado (Robo en Segundo Grado)<\/h4>\n<p style=\"padding-left: 40px\">La ley de Nueva York considera el hurto a personas en segundo grado como un delito grave violento de clase C. El hurto a personas en segundo grado ocurre cuando un acusado roba algo mediante el uso de fuerza f\u00edsica o amenaza de fuerza, y ocurre una de las siguientes situaciones:<\/p>\n<ul>\n<li style=\"list-style-type: none\">\n<ul>\n<li>El acusado utiliz\u00f3 un arma<\/li>\n<li>El acusado tom\u00f3 un coche.<\/li>\n<li>La v\u00edctima sufri\u00f3 lesiones corporales.<\/li>\n<li>Otra persona o personas ayudaron al acusado a cometer el robo.<\/li>\n<\/ul>\n<\/li>\n<\/ul>\n<p style=\"padding-left: 40px\">Los acusados condenados por hurto a personas en segundo grado enfrentan una pena m\u00e1xima de prisi\u00f3n de 15 a\u00f1os. Si el acusado no tiene condenas previas, el juez debe sentenciarlo a al menos 3,5 a\u00f1os de prisi\u00f3n.<\/p>\n<h4 style=\"padding-left: 40px\">Hurto a Personas en Primer Grado (Robo en Primer Grado)<\/h4>\n<p style=\"padding-left: 40px\">El hurto a personas en primer grado es un delito grave. La pena m\u00e1xima t\u00edpica de prisi\u00f3n es de 25 a\u00f1os. Una persona comete hurto a personas en primer grado cuando sustrae por la fuerza la propiedad de otra persona y cuando ocurre uno de los siguientes elementos durante o inmediatamente despu\u00e9s del delito:<\/p>\n<ul>\n<li style=\"list-style-type: none\">\n<ul>\n<li>El acusado caus\u00f3 lesiones f\u00edsicas graves a otra persona que no est\u00e1 involucrada en el crimen.<\/li>\n<li>El imputado pose\u00eda un arma mortal al momento del robo<\/li>\n<li>El acusado utiliz\u00f3 un instrumento peligroso o amenaz\u00f3 a otra persona con el uso inmediato de un instrumento peligroso.<\/li>\n<li>Al acusado le apareci\u00f3 lo que parec\u00eda ser un rifle, escopeta, pistola o cualquier otra arma de fuego capaz de producir lesiones graves o la muerte.<\/li>\n<\/ul>\n<\/li>\n<\/ul>\n<h4 style=\"padding-left: 40px\">Cargos de Hurto Simple Menor Y Mayor Cuant\u00eda<\/h4>\n<p style=\"padding-left: 40px\">El estado de Nueva York define el hurto simple como la toma ilegal de la propiedad de otra persona sin su permiso. El hurto simple de menor cuant\u00eda se refiere a tomar la propiedad de alguien valorada en $1,000 o menos sin su consentimiento. En Nueva York, el hurto simple de menor cuant\u00eda es un delito menor de Clase A. Los acusados condenados por hurto simple de menor cuant\u00eda pueden pasar hasta 364 d\u00edas en prisi\u00f3n.<\/p>\n<p style=\"padding-left: 40px\">Cuando alguien comete un hurto simple de mayor cuant\u00eda, se apodera de la propiedad de otra persona valorada en al menos $1,000. El hurto simple de mayor cuant\u00eda tambi\u00e9n puede incluir robar la tarjeta de d\u00e9bito o cr\u00e9dito de alguien, quitarle algo a su persona f\u00edsica o tomar un veh\u00edculo motorizado con valor de m\u00e1s de $100 sin permiso.<\/p>\n<h4>P\u00f3ngase en Contacto Con Nuestro Abogado Defensor Penal de Syracuse Y El Centro de Nueva York<\/h4>\n<p>Nuestros abogados litigantes capacitados saben c\u00f3mo representar h\u00e1bilmente a nuestros clientes en las negociaciones previas al juicio, durante todo el juicio y despu\u00e9s del juicio cuando las apelaciones sean necesarias. <a href=\"\/es\/contacto\/\">Cont\u00e1ctenos<\/a> hoy para programar su consulta inicial.<\/p>\n","protected":false},"excerpt":{"rendered":"<p>Si enfrenta un cargo de delito de hurto en Nueva York, podr\u00eda verse expuesto a sanciones penales severas. Si lo declaran culpable o lo acusan de un delito de hurto, es posible que se pregunte qu\u00e9 castigos enfrentar\u00e1. La severidad de la sentencia del acusado depende de la gravedad del delito as\u00ed como de los&#8230;<\/p>\n","protected":false},"author":17,"featured_media":2659,"parent":487,"menu_order":0,"comment_status":"closed","ping_status":"closed","template":"","meta":{"_acf_changed":false,"footnotes":""},"tags":[],"class_list":["post-1311","page","type-page","status-publish","has-post-thumbnail","hentry"],"acf":[],"yoast_head":"<!-- This site is optimized with the Yoast SEO plugin v27.4 - https:\/\/yoast.com\/product\/yoast-seo-wordpress\/ -->\n<title>Abogado de Defensa Contra Robo en Syracuse | CDH Law<\/title>\n<meta name=\"description\" content=\"Si ha sido acusado de robo en el centro de Nueva York o Syracuse, comun\u00edquese con nuestro abogado defensor para una consulta sobre su caso.\" \/>\n<meta name=\"robots\" content=\"index, follow, max-snippet:-1, max-image-preview:large, max-video-preview:-1\" \/>\n<link rel=\"canonical\" href=\"https:\/\/lawcdh.com\/es\/areas-de-practica\/defensa-de-robo\/\" \/>\n<meta property=\"og:locale\" content=\"es_MX\" \/>\n<meta property=\"og:type\" content=\"article\" \/>\n<meta property=\"og:title\" content=\"Abogado de Defensa Contra Robo en Syracuse | CDH Law\" \/>\n<meta property=\"og:description\" content=\"Si ha sido acusado de robo en el centro de Nueva York o Syracuse, comun\u00edquese con nuestro abogado defensor para una consulta sobre su caso.\" \/>\n<meta property=\"og:url\" content=\"https:\/\/lawcdh.com\/es\/areas-de-practica\/defensa-de-robo\/\" \/>\n<meta property=\"og:site_name\" content=\"CDH Law PLLC ES\" \/>\n<meta property=\"article:modified_time\" content=\"2024-01-30T18:39:39+00:00\" \/>\n<meta property=\"og:image\" content=\"https:\/\/lawcdh.com\/es\/wp-content\/uploads\/sites\/2\/2024\/01\/syracuse-theft-attorney.png\" \/>\n\t<meta property=\"og:image:width\" content=\"730\" \/>\n\t<meta property=\"og:image:height\" content=\"300\" \/>\n\t<meta property=\"og:image:type\" content=\"image\/png\" \/>\n<meta name=\"twitter:card\" content=\"summary_large_image\" \/>\n<meta name=\"twitter:label1\" content=\"Est. reading time\" \/>\n\t<meta name=\"twitter:data1\" content=\"7 minutos\" \/>\n<script type=\"application\/ld+json\" class=\"yoast-schema-graph\">{\"@context\":\"https:\\\/\\\/schema.org\",\"@graph\":[{\"@type\":\"WebPage\",\"@id\":\"https:\\\/\\\/lawcdh.com\\\/es\\\/areas-de-practica\\\/defensa-de-robo\\\/\",\"url\":\"https:\\\/\\\/lawcdh.com\\\/es\\\/areas-de-practica\\\/defensa-de-robo\\\/\",\"name\":\"Abogado de Defensa Contra Robo en Syracuse | CDH Law\",\"isPartOf\":{\"@id\":\"https:\\\/\\\/lawcdh.com\\\/es\\\/#website\"},\"primaryImageOfPage\":{\"@id\":\"https:\\\/\\\/lawcdh.com\\\/es\\\/areas-de-practica\\\/defensa-de-robo\\\/#primaryimage\"},\"image\":{\"@id\":\"https:\\\/\\\/lawcdh.com\\\/es\\\/areas-de-practica\\\/defensa-de-robo\\\/#primaryimage\"},\"thumbnailUrl\":\"https:\\\/\\\/lawcdh.com\\\/es\\\/wp-content\\\/uploads\\\/sites\\\/2\\\/2024\\\/01\\\/syracuse-theft-attorney.png\",\"datePublished\":\"2019-09-17T15:32:17+00:00\",\"dateModified\":\"2024-01-30T18:39:39+00:00\",\"description\":\"Si ha sido acusado de robo en el centro de Nueva York o Syracuse, comun\u00edquese con nuestro abogado defensor para una consulta sobre su caso.\",\"breadcrumb\":{\"@id\":\"https:\\\/\\\/lawcdh.com\\\/es\\\/areas-de-practica\\\/defensa-de-robo\\\/#breadcrumb\"},\"inLanguage\":\"es\",\"potentialAction\":[{\"@type\":\"ReadAction\",\"target\":[\"https:\\\/\\\/lawcdh.com\\\/es\\\/areas-de-practica\\\/defensa-de-robo\\\/\"]}]},{\"@type\":\"ImageObject\",\"inLanguage\":\"es\",\"@id\":\"https:\\\/\\\/lawcdh.com\\\/es\\\/areas-de-practica\\\/defensa-de-robo\\\/#primaryimage\",\"url\":\"https:\\\/\\\/lawcdh.com\\\/es\\\/wp-content\\\/uploads\\\/sites\\\/2\\\/2024\\\/01\\\/syracuse-theft-attorney.png\",\"contentUrl\":\"https:\\\/\\\/lawcdh.com\\\/es\\\/wp-content\\\/uploads\\\/sites\\\/2\\\/2024\\\/01\\\/syracuse-theft-attorney.png\",\"width\":730,\"height\":300,\"caption\":\"Chico robando cosas de una casa.\"},{\"@type\":\"BreadcrumbList\",\"@id\":\"https:\\\/\\\/lawcdh.com\\\/es\\\/areas-de-practica\\\/defensa-de-robo\\\/#breadcrumb\",\"itemListElement\":[{\"@type\":\"ListItem\",\"position\":1,\"name\":\"Home\",\"item\":\"https:\\\/\\\/lawcdh.com\\\/es\\\/\"},{\"@type\":\"ListItem\",\"position\":2,\"name\":\"\u00c1reas de Pr\u00e1ctica\",\"item\":\"https:\\\/\\\/lawcdh.com\\\/es\\\/areas-de-practica\\\/\"},{\"@type\":\"ListItem\",\"position\":3,\"name\":\"Cargos de Hurto\"}]},{\"@type\":\"WebSite\",\"@id\":\"https:\\\/\\\/lawcdh.com\\\/es\\\/#website\",\"url\":\"https:\\\/\\\/lawcdh.com\\\/es\\\/\",\"name\":\"CDH Law PLLC ES\",\"description\":\"\",\"potentialAction\":[{\"@type\":\"SearchAction\",\"target\":{\"@type\":\"EntryPoint\",\"urlTemplate\":\"https:\\\/\\\/lawcdh.com\\\/es\\\/?s={search_term_string}\"},\"query-input\":{\"@type\":\"PropertyValueSpecification\",\"valueRequired\":true,\"valueName\":\"search_term_string\"}}],\"inLanguage\":\"es\"}]}<\/script>\n<!-- \/ Yoast SEO plugin. -->","yoast_head_json":{"title":"Abogado de Defensa Contra Robo en Syracuse | CDH Law","description":"Si ha sido acusado de robo en el centro de Nueva York o Syracuse, comun\u00edquese con nuestro abogado defensor para una consulta sobre su caso.","robots":{"index":"index","follow":"follow","max-snippet":"max-snippet:-1","max-image-preview":"max-image-preview:large","max-video-preview":"max-video-preview:-1"},"canonical":"https:\/\/lawcdh.com\/es\/areas-de-practica\/defensa-de-robo\/","og_locale":"es_MX","og_type":"article","og_title":"Abogado de Defensa Contra Robo en Syracuse | CDH Law","og_description":"Si ha sido acusado de robo en el centro de Nueva York o Syracuse, comun\u00edquese con nuestro abogado defensor para una consulta sobre su caso.","og_url":"https:\/\/lawcdh.com\/es\/areas-de-practica\/defensa-de-robo\/","og_site_name":"CDH Law PLLC ES","article_modified_time":"2024-01-30T18:39:39+00:00","og_image":[{"width":730,"height":300,"url":"https:\/\/lawcdh.com\/es\/wp-content\/uploads\/sites\/2\/2024\/01\/syracuse-theft-attorney.png","type":"image\/png"}],"twitter_card":"summary_large_image","twitter_misc":{"Est. reading time":"7 minutos"},"schema":{"@context":"https:\/\/schema.org","@graph":[{"@type":"WebPage","@id":"https:\/\/lawcdh.com\/es\/areas-de-practica\/defensa-de-robo\/","url":"https:\/\/lawcdh.com\/es\/areas-de-practica\/defensa-de-robo\/","name":"Abogado de Defensa Contra Robo en Syracuse | CDH Law","isPartOf":{"@id":"https:\/\/lawcdh.com\/es\/#website"},"primaryImageOfPage":{"@id":"https:\/\/lawcdh.com\/es\/areas-de-practica\/defensa-de-robo\/#primaryimage"},"image":{"@id":"https:\/\/lawcdh.com\/es\/areas-de-practica\/defensa-de-robo\/#primaryimage"},"thumbnailUrl":"https:\/\/lawcdh.com\/es\/wp-content\/uploads\/sites\/2\/2024\/01\/syracuse-theft-attorney.png","datePublished":"2019-09-17T15:32:17+00:00","dateModified":"2024-01-30T18:39:39+00:00","description":"Si ha sido acusado de robo en el centro de Nueva York o Syracuse, comun\u00edquese con nuestro abogado defensor para una consulta sobre su caso.","breadcrumb":{"@id":"https:\/\/lawcdh.com\/es\/areas-de-practica\/defensa-de-robo\/#breadcrumb"},"inLanguage":"es","potentialAction":[{"@type":"ReadAction","target":["https:\/\/lawcdh.com\/es\/areas-de-practica\/defensa-de-robo\/"]}]},{"@type":"ImageObject","inLanguage":"es","@id":"https:\/\/lawcdh.com\/es\/areas-de-practica\/defensa-de-robo\/#primaryimage","url":"https:\/\/lawcdh.com\/es\/wp-content\/uploads\/sites\/2\/2024\/01\/syracuse-theft-attorney.png","contentUrl":"https:\/\/lawcdh.com\/es\/wp-content\/uploads\/sites\/2\/2024\/01\/syracuse-theft-attorney.png","width":730,"height":300,"caption":"Chico robando cosas de una casa."},{"@type":"BreadcrumbList","@id":"https:\/\/lawcdh.com\/es\/areas-de-practica\/defensa-de-robo\/#breadcrumb","itemListElement":[{"@type":"ListItem","position":1,"name":"Home","item":"https:\/\/lawcdh.com\/es\/"},{"@type":"ListItem","position":2,"name":"\u00c1reas de Pr\u00e1ctica","item":"https:\/\/lawcdh.com\/es\/areas-de-practica\/"},{"@type":"ListItem","position":3,"name":"Cargos de Hurto"}]},{"@type":"WebSite","@id":"https:\/\/lawcdh.com\/es\/#website","url":"https:\/\/lawcdh.com\/es\/","name":"CDH Law PLLC ES","description":"","potentialAction":[{"@type":"SearchAction","target":{"@type":"EntryPoint","urlTemplate":"https:\/\/lawcdh.com\/es\/?s={search_term_string}"},"query-input":{"@type":"PropertyValueSpecification","valueRequired":true,"valueName":"search_term_string"}}],"inLanguage":"es"}]}},"_links":{"self":[{"href":"https:\/\/lawcdh.com\/es\/wp-json\/wp\/v2\/pages\/1311","targetHints":{"allow":["GET"]}}],"collection":[{"href":"https:\/\/lawcdh.com\/es\/wp-json\/wp\/v2\/pages"}],"about":[{"href":"https:\/\/lawcdh.com\/es\/wp-json\/wp\/v2\/types\/page"}],"author":[{"embeddable":true,"href":"https:\/\/lawcdh.com\/es\/wp-json\/wp\/v2\/users\/17"}],"replies":[{"embeddable":true,"href":"https:\/\/lawcdh.com\/es\/wp-json\/wp\/v2\/comments?post=1311"}],"version-history":[{"count":0,"href":"https:\/\/lawcdh.com\/es\/wp-json\/wp\/v2\/pages\/1311\/revisions"}],"up":[{"embeddable":true,"href":"https:\/\/lawcdh.com\/es\/wp-json\/wp\/v2\/pages\/487"}],"wp:featuredmedia":[{"embeddable":true,"href":"https:\/\/lawcdh.com\/es\/wp-json\/wp\/v2\/media\/2659"}],"wp:attachment":[{"href":"https:\/\/lawcdh.com\/es\/wp-json\/wp\/v2\/media?parent=1311"}],"wp:term":[{"taxonomy":"post_tag","embeddable":true,"href":"https:\/\/lawcdh.com\/es\/wp-json\/wp\/v2\/tags?post=1311"}],"curies":[{"name":"wp","href":"https:\/\/api.w.org\/{rel}","templated":true}]}}