{"id":1328,"date":"2019-10-14T21:27:45","date_gmt":"2019-10-14T21:27:45","guid":{"rendered":"https:\/\/lawcdh.com\/?page_id=1328"},"modified":"2024-01-30T17:47:56","modified_gmt":"2024-01-30T17:47:56","slug":"delitos-sexuales","status":"publish","type":"page","link":"https:\/\/lawcdh.com\/es\/areas-de-practica\/defensa-criminal\/delitos-sexuales\/","title":{"rendered":"Delitos Sexuales"},"content":{"rendered":"<p><span style=\"font-weight: 400\">El estado de Nueva York impone severas penas a los acusados condenados por delitos sexuales. Si bien las penas por violaci\u00f3n, abuso sexual u otro delito sexual dependen de varios factores, una condena podr\u00eda tener repercusiones duraderas. Si ha sido acusado de un delito sexual, es fundamental contar con un abogado <a href=\"https:\/\/lawcdh.com\/es\/areas-de-practica\/defensa-criminal\/\">defensor penal<\/a> con experiencia de su lado. <\/span><\/p>\n<p>En <a href=\"https:\/\/lawcdh.com\/es\/\">CDH Law<\/a>, somos muy conscientes de que los fiscales de Nueva York persiguen en\u00e9rgicamente los delitos sexuales. Nuestros abogados altamente experimentados brindan a los clientes que enfrentan cargos de delitos sexuales una representaci\u00f3n agresiva. Cuando nos consulta, puede estar seguro de que trabajaremos para proteger su libertad, su futuro y su reputaci\u00f3n.<\/p>\n<h2 id=\"tipos-de-delitos-sexuales-en-nueva-york\">Tipos de Delitos Sexuales en Nueva York<\/h2>\n<h3>Violaci\u00f3n en Primer Grado en Nueva York<\/h3>\n<p>La violaci\u00f3n es uno de los delitos sexuales m\u00e1s graves. La ley penal de Nueva York reconoce tres grados diferentes de violaci\u00f3n. Los fiscales de Nueva York a menudo intentan acusar de m\u00e1s a los acusados de violaci\u00f3n en primer grado, incluso si los hechos no respaldan el cargo. Un cargo de violaci\u00f3n en primer grado es el cargo de violaci\u00f3n m\u00e1s grave. Las condenas por violaci\u00f3n en primer grado requieren que los jueces impongan los castigos m\u00e1s severos. <a href=\"http:\/\/ypdcrime.com\/penal.law\/article130.htm#p130.35\" target=\"_blank\" rel=\"noopener\">El c\u00f3digo penal de Nueva York<\/a> define la violaci\u00f3n en primer grado como la relaci\u00f3n sexual con otra persona:<\/p>\n<ul>\n<li>Por compulsi\u00f3n forzosa, o<\/li>\n<li>Que tenga menos de once a\u00f1os, o<\/li>\n<li>\u00bfQui\u00e9n es incapaz de dar su consentimiento por estar f\u00edsicamente indefenso, o<\/li>\n<li>Que tenga menos de 13 a\u00f1os cuando el imputado tenga 18 a\u00f1os o m\u00e1s<\/li>\n<\/ul>\n<h3>Violaci\u00f3n en Segundo Grado en Nueva York<\/h3>\n<p>La ley penal de Nueva York clasifica la violaci\u00f3n en segundo grado como un delito grave de Clase D. La violaci\u00f3n en segundo grado ocurre cuando un adulto de 18 a\u00f1os o m\u00e1s tiene relaciones sexuales con una persona de 15 a\u00f1os o menos. La violaci\u00f3n en segundo grado tambi\u00e9n puede ocurrir cuando una persona mantiene relaciones sexuales con una persona que es incapaz de dar su consentimiento debido a una incapacidad mental.<\/p>\n<h3>Violaci\u00f3n en Tercer Grado en Nueva York<\/h3>\n<p><span style=\"font-weight: 400\">La violaci\u00f3n en tercer grado en Nueva York es un delito grave de Clase E. Una persona comete violaci\u00f3n en tercer grado cuando tiene relaciones sexuales con alguien que no est\u00e1 autorizado a dar su consentimiento. La falta de capacidad de la v\u00edctima para dar su consentimiento debe deberse a cualquier motivo distinto del de tener menos de diecisiete a\u00f1os. <\/span><\/p>\n<p>La violaci\u00f3n en tercer grado tambi\u00e9n puede ocurrir cuando una persona de 21 a\u00f1os o m\u00e1s tiene relaciones sexuales con otra persona menor de diecisiete a\u00f1os. Finalmente, la violaci\u00f3n en tercer grado puede ocurrir cuando una persona mantiene relaciones sexuales con otra sin el consentimiento de esa persona y la falta de consentimiento ocurre como resultado de un factor distinto a la incapacidad para dar consentimiento.<\/p>\n<h3>Sanciones Por Violaci\u00f3n en Nueva York<\/h3>\n<p>Los acusados condenados por violaci\u00f3n en primer grado enfrentan penas de decenas de miles de d\u00f3lares en multas, hasta 25 a\u00f1os de prisi\u00f3n, o ambas cosas. La ley de Nueva York clasifica la violaci\u00f3n en segundo grado y la violaci\u00f3n en tercer grado como delitos graves de Clase D y Clase E, respectivamente. Los tribunales pueden imponer hasta 7 a\u00f1os de prisi\u00f3n a los acusados condenados por un delito grave de Clase D y hasta 4 a\u00f1os de prisi\u00f3n a los condenados por un delito grave de Clase E. Este panorama de sanciones se vuelve a\u00fan m\u00e1s severo si un acusado tiene condenas por delitos graves anteriores.<\/p>\n<h3>Abuso Sexual Agravado en Nueva York<\/h3>\n<p>El abuso sexual agravado es uno de los cargos penales sexuales m\u00e1s graves. El abuso sexual agravado en primer grado ocurre cuando alguien inserta un objeto extra\u00f1o en la vagina, el recto, el ano, el pene o la uretra de otra persona. La inserci\u00f3n debe ocurrir por la fuerza, y la otra persona debe estar f\u00edsicamente indefensa o tener menos de 11 a\u00f1os.<\/p>\n<p>La ley penal de Nueva York clasifica el abuso sexual agravado en primer grado como un delito grave de Clase B. Los condenados se enfrentan a penas de hasta veinticinco a\u00f1os de prisi\u00f3n. En muchos casos, los fiscales incluir\u00e1n cargos penales adicionales al cargo de abuso sexual agravado. Un fiscal tambi\u00e9n puede acusarlo de abuso sexual en primer grado, violaci\u00f3n en primer grado o agresi\u00f3n sexual depredadora.<\/p>\n<p>Los acusados tambi\u00e9n pueden enfrentar cargos que no sean de base sexual, como secuestro, agresi\u00f3n, agresi\u00f3n o robo. Contratar a un abogado calificado es vital para aquellos acusados de abuso sexual agravado. Los abogados de CDH Law analizan los hechos en los casos de nuestros clientes y determinan la mejor estrategia de defensa penal disponible. En algunos casos, nuestros abogados defensores pueden argumentar con \u00e9xito que la otra persona dio su consentimiento para el acto sexual. En otros, podemos argumentar con \u00e9xito que los hechos son inventados o que la v\u00edctima se equivoca en cuanto a la identidad del perpetrador.<\/p>\n<p>En algunos casos, los fiscales o la polic\u00eda pueden haber acusado de m\u00e1s al acusado de abuso sexual agravado en lugar de abuso sexual. En esta circunstancia, la fiscal\u00eda tendr\u00e1 dificultades para probar los elementos necesarios de una condena por abuso sexual agravado.<\/p>\n<h3>Ley de Registro de Delincuentes Sexuales de Nueva York<\/h3>\n<p>Los delincuentes sexuales condenados deben registrarse en el Registro de delincuentes sexuales. La Divisi\u00f3n de Servicios de Justicia Penal del Estado de Nueva York opera el registro y clasifica a los delincuentes sexuales en tres categor\u00edas. Los delincuentes sexuales de bajo riesgo o Nivel 1 deben registrarse como delincuentes sexuales. Sin embargo, el p\u00fablico no puede acceder a informaci\u00f3n sobre delincuentes de Nivel 1 dentro del directorio en l\u00ednea. Se cree que los infractores de nivel 2 representan un riesgo moderado y se cree que los infractores de nivel 3 representan un riesgo alto para el p\u00fablico. La informaci\u00f3n relacionada con los delincuentes sexuales de nivel 2 y 3 est\u00e1 disponible para el p\u00fablico en l\u00ednea.<\/p>\n<p>Los acusados condenados por delitos sexuales deben someterse a una audiencia de debido proceso para determinar su nivel de riesgo. Conseguir representaci\u00f3n legal capacitada es esencial antes, durante y despu\u00e9s de un juicio penal. En CDH Law PLLC, hemos argumentado asertivamente en nombre de los intereses de nuestros clientes en audiencias de evaluaci\u00f3n de riesgos. Representamos h\u00e1bilmente los intereses de nuestros clientes y proporcionamos evidencia de que no son un riesgo para la sociedad y deben ser un infractor de Nivel 1.<\/p>\n<p>Despu\u00e9s de varios a\u00f1os en el registro de delincuentes sexuales, es posible que tenga buenos argumentos para \u201cmodificar\u201d su nivel de riesgo. Ciertos factores pueden persuadir a un tribunal a cambiar su nivel de riesgo a Nivel 1, como el paso del tiempo, un historial limpio desde su condena, contribuciones a la sociedad como empleo o trabajo voluntario, mantener relaciones saludables o formar una familia, y completar con \u00e9xito de programas de tratamiento, por nombrar algunos. CDH Law, PLLC ha litigado con \u00e9xito peticiones de modificaci\u00f3n de SORA y debe comunicarse con nosotros si desea considerar seguir una ruta similar para su caso.<\/p>\n<h4><strong>Solicite Una Consulta Confidencial Con Nuestro Abogado Defensor de Delitos Sexuales en Syracuse<\/strong><\/h4>\n<p>Enfrentar un cargo penal por un delito sexual es desalentador y una condena puede durar toda la vida. En CDH Law PLLC, nuestros abogados tienen a\u00f1os de experiencia defendiendo exitosamente a clientes acusados de delitos sexuales en Nueva York. P\u00f3ngase en <a href=\"\/es\/contacto\/\">contacto<\/a> con nuestra oficina legal de Syracuse para hablar hoy con un abogado defensor penal discreto y capacitado.<\/p>\n","protected":false},"excerpt":{"rendered":"<p>El estado de Nueva York impone severas penas a los acusados condenados por delitos sexuales. Si bien las penas por violaci\u00f3n, abuso sexual u otro delito sexual dependen de varios factores, una condena podr\u00eda tener repercusiones duraderas. Si ha sido acusado de un delito sexual, es fundamental contar con un abogado defensor penal con experiencia&#8230;<\/p>\n","protected":false},"author":17,"featured_media":2670,"parent":941,"menu_order":0,"comment_status":"closed","ping_status":"closed","template":"","meta":{"_acf_changed":false,"footnotes":""},"tags":[],"class_list":["post-1328","page","type-page","status-publish","has-post-thumbnail","hentry"],"acf":[],"yoast_head":"<!-- This site is optimized with the Yoast SEO plugin v27.3 - https:\/\/yoast.com\/product\/yoast-seo-wordpress\/ -->\n<title>Abogado Defensor de Delitos Sexuales en Syracuse | CDH Law<\/title>\n<meta name=\"description\" content=\"Si est\u00e1 acusado de un delito sexual, comun\u00edquese hoy con nuestros abogados defensores de delitos sexuales para programar una consulta.\" \/>\n<meta name=\"robots\" content=\"index, follow, max-snippet:-1, max-image-preview:large, max-video-preview:-1\" \/>\n<link rel=\"canonical\" href=\"https:\/\/lawcdh.com\/es\/areas-de-practica\/defensa-criminal\/delitos-sexuales\/\" \/>\n<meta property=\"og:locale\" content=\"es_MX\" \/>\n<meta property=\"og:type\" content=\"article\" \/>\n<meta property=\"og:title\" content=\"Abogado Defensor de Delitos Sexuales en Syracuse | CDH Law\" \/>\n<meta property=\"og:description\" content=\"Si est\u00e1 acusado de un delito sexual, comun\u00edquese hoy con nuestros abogados defensores de delitos sexuales para programar una consulta.\" \/>\n<meta property=\"og:url\" content=\"https:\/\/lawcdh.com\/es\/areas-de-practica\/defensa-criminal\/delitos-sexuales\/\" \/>\n<meta property=\"og:site_name\" content=\"CDH Law PLLC ES\" \/>\n<meta property=\"article:modified_time\" content=\"2024-01-30T17:47:56+00:00\" \/>\n<meta property=\"og:image\" content=\"https:\/\/lawcdh.com\/es\/wp-content\/uploads\/sites\/2\/2024\/01\/sex-crimes-attorney.png\" \/>\n\t<meta property=\"og:image:width\" content=\"730\" \/>\n\t<meta property=\"og:image:height\" content=\"300\" \/>\n\t<meta property=\"og:image:type\" content=\"image\/png\" \/>\n<meta name=\"twitter:card\" content=\"summary_large_image\" \/>\n<meta name=\"twitter:label1\" content=\"Est. reading time\" \/>\n\t<meta name=\"twitter:data1\" content=\"6 minutos\" \/>\n<script type=\"application\/ld+json\" class=\"yoast-schema-graph\">{\"@context\":\"https:\\\/\\\/schema.org\",\"@graph\":[{\"@type\":\"WebPage\",\"@id\":\"https:\\\/\\\/lawcdh.com\\\/es\\\/areas-de-practica\\\/defensa-criminal\\\/delitos-sexuales\\\/\",\"url\":\"https:\\\/\\\/lawcdh.com\\\/es\\\/areas-de-practica\\\/defensa-criminal\\\/delitos-sexuales\\\/\",\"name\":\"Abogado Defensor de Delitos Sexuales en Syracuse | CDH Law\",\"isPartOf\":{\"@id\":\"https:\\\/\\\/lawcdh.com\\\/es\\\/#website\"},\"primaryImageOfPage\":{\"@id\":\"https:\\\/\\\/lawcdh.com\\\/es\\\/areas-de-practica\\\/defensa-criminal\\\/delitos-sexuales\\\/#primaryimage\"},\"image\":{\"@id\":\"https:\\\/\\\/lawcdh.com\\\/es\\\/areas-de-practica\\\/defensa-criminal\\\/delitos-sexuales\\\/#primaryimage\"},\"thumbnailUrl\":\"https:\\\/\\\/lawcdh.com\\\/es\\\/wp-content\\\/uploads\\\/sites\\\/2\\\/2024\\\/01\\\/sex-crimes-attorney.png\",\"datePublished\":\"2019-10-14T21:27:45+00:00\",\"dateModified\":\"2024-01-30T17:47:56+00:00\",\"description\":\"Si est\u00e1 acusado de un delito sexual, comun\u00edquese hoy con nuestros abogados defensores de delitos sexuales para programar una consulta.\",\"breadcrumb\":{\"@id\":\"https:\\\/\\\/lawcdh.com\\\/es\\\/areas-de-practica\\\/defensa-criminal\\\/delitos-sexuales\\\/#breadcrumb\"},\"inLanguage\":\"es\",\"potentialAction\":[{\"@type\":\"ReadAction\",\"target\":[\"https:\\\/\\\/lawcdh.com\\\/es\\\/areas-de-practica\\\/defensa-criminal\\\/delitos-sexuales\\\/\"]}]},{\"@type\":\"ImageObject\",\"inLanguage\":\"es\",\"@id\":\"https:\\\/\\\/lawcdh.com\\\/es\\\/areas-de-practica\\\/defensa-criminal\\\/delitos-sexuales\\\/#primaryimage\",\"url\":\"https:\\\/\\\/lawcdh.com\\\/es\\\/wp-content\\\/uploads\\\/sites\\\/2\\\/2024\\\/01\\\/sex-crimes-attorney.png\",\"contentUrl\":\"https:\\\/\\\/lawcdh.com\\\/es\\\/wp-content\\\/uploads\\\/sites\\\/2\\\/2024\\\/01\\\/sex-crimes-attorney.png\",\"width\":730,\"height\":300,\"caption\":\"Luces policiales y cinta adhesiva en la escena del crimen.\"},{\"@type\":\"BreadcrumbList\",\"@id\":\"https:\\\/\\\/lawcdh.com\\\/es\\\/areas-de-practica\\\/defensa-criminal\\\/delitos-sexuales\\\/#breadcrumb\",\"itemListElement\":[{\"@type\":\"ListItem\",\"position\":1,\"name\":\"Home\",\"item\":\"https:\\\/\\\/lawcdh.com\\\/es\\\/\"},{\"@type\":\"ListItem\",\"position\":2,\"name\":\"\u00c1reas de Pr\u00e1ctica\",\"item\":\"https:\\\/\\\/lawcdh.com\\\/es\\\/areas-de-practica\\\/\"},{\"@type\":\"ListItem\",\"position\":3,\"name\":\"Defensa Penal\",\"item\":\"https:\\\/\\\/lawcdh.com\\\/es\\\/areas-de-practica\\\/defensa-criminal\\\/\"},{\"@type\":\"ListItem\",\"position\":4,\"name\":\"Delitos Sexuales\"}]},{\"@type\":\"WebSite\",\"@id\":\"https:\\\/\\\/lawcdh.com\\\/es\\\/#website\",\"url\":\"https:\\\/\\\/lawcdh.com\\\/es\\\/\",\"name\":\"CDH Law PLLC ES\",\"description\":\"\",\"potentialAction\":[{\"@type\":\"SearchAction\",\"target\":{\"@type\":\"EntryPoint\",\"urlTemplate\":\"https:\\\/\\\/lawcdh.com\\\/es\\\/?s={search_term_string}\"},\"query-input\":{\"@type\":\"PropertyValueSpecification\",\"valueRequired\":true,\"valueName\":\"search_term_string\"}}],\"inLanguage\":\"es\"}]}<\/script>\n<!-- \/ Yoast SEO plugin. -->","yoast_head_json":{"title":"Abogado Defensor de Delitos Sexuales en Syracuse | CDH Law","description":"Si est\u00e1 acusado de un delito sexual, comun\u00edquese hoy con nuestros abogados defensores de delitos sexuales para programar una consulta.","robots":{"index":"index","follow":"follow","max-snippet":"max-snippet:-1","max-image-preview":"max-image-preview:large","max-video-preview":"max-video-preview:-1"},"canonical":"https:\/\/lawcdh.com\/es\/areas-de-practica\/defensa-criminal\/delitos-sexuales\/","og_locale":"es_MX","og_type":"article","og_title":"Abogado Defensor de Delitos Sexuales en Syracuse | CDH Law","og_description":"Si est\u00e1 acusado de un delito sexual, comun\u00edquese hoy con nuestros abogados defensores de delitos sexuales para programar una consulta.","og_url":"https:\/\/lawcdh.com\/es\/areas-de-practica\/defensa-criminal\/delitos-sexuales\/","og_site_name":"CDH Law PLLC ES","article_modified_time":"2024-01-30T17:47:56+00:00","og_image":[{"width":730,"height":300,"url":"https:\/\/lawcdh.com\/es\/wp-content\/uploads\/sites\/2\/2024\/01\/sex-crimes-attorney.png","type":"image\/png"}],"twitter_card":"summary_large_image","twitter_misc":{"Est. reading time":"6 minutos"},"schema":{"@context":"https:\/\/schema.org","@graph":[{"@type":"WebPage","@id":"https:\/\/lawcdh.com\/es\/areas-de-practica\/defensa-criminal\/delitos-sexuales\/","url":"https:\/\/lawcdh.com\/es\/areas-de-practica\/defensa-criminal\/delitos-sexuales\/","name":"Abogado Defensor de Delitos Sexuales en Syracuse | CDH Law","isPartOf":{"@id":"https:\/\/lawcdh.com\/es\/#website"},"primaryImageOfPage":{"@id":"https:\/\/lawcdh.com\/es\/areas-de-practica\/defensa-criminal\/delitos-sexuales\/#primaryimage"},"image":{"@id":"https:\/\/lawcdh.com\/es\/areas-de-practica\/defensa-criminal\/delitos-sexuales\/#primaryimage"},"thumbnailUrl":"https:\/\/lawcdh.com\/es\/wp-content\/uploads\/sites\/2\/2024\/01\/sex-crimes-attorney.png","datePublished":"2019-10-14T21:27:45+00:00","dateModified":"2024-01-30T17:47:56+00:00","description":"Si est\u00e1 acusado de un delito sexual, comun\u00edquese hoy con nuestros abogados defensores de delitos sexuales para programar una consulta.","breadcrumb":{"@id":"https:\/\/lawcdh.com\/es\/areas-de-practica\/defensa-criminal\/delitos-sexuales\/#breadcrumb"},"inLanguage":"es","potentialAction":[{"@type":"ReadAction","target":["https:\/\/lawcdh.com\/es\/areas-de-practica\/defensa-criminal\/delitos-sexuales\/"]}]},{"@type":"ImageObject","inLanguage":"es","@id":"https:\/\/lawcdh.com\/es\/areas-de-practica\/defensa-criminal\/delitos-sexuales\/#primaryimage","url":"https:\/\/lawcdh.com\/es\/wp-content\/uploads\/sites\/2\/2024\/01\/sex-crimes-attorney.png","contentUrl":"https:\/\/lawcdh.com\/es\/wp-content\/uploads\/sites\/2\/2024\/01\/sex-crimes-attorney.png","width":730,"height":300,"caption":"Luces policiales y cinta adhesiva en la escena del crimen."},{"@type":"BreadcrumbList","@id":"https:\/\/lawcdh.com\/es\/areas-de-practica\/defensa-criminal\/delitos-sexuales\/#breadcrumb","itemListElement":[{"@type":"ListItem","position":1,"name":"Home","item":"https:\/\/lawcdh.com\/es\/"},{"@type":"ListItem","position":2,"name":"\u00c1reas de Pr\u00e1ctica","item":"https:\/\/lawcdh.com\/es\/areas-de-practica\/"},{"@type":"ListItem","position":3,"name":"Defensa Penal","item":"https:\/\/lawcdh.com\/es\/areas-de-practica\/defensa-criminal\/"},{"@type":"ListItem","position":4,"name":"Delitos Sexuales"}]},{"@type":"WebSite","@id":"https:\/\/lawcdh.com\/es\/#website","url":"https:\/\/lawcdh.com\/es\/","name":"CDH Law PLLC ES","description":"","potentialAction":[{"@type":"SearchAction","target":{"@type":"EntryPoint","urlTemplate":"https:\/\/lawcdh.com\/es\/?s={search_term_string}"},"query-input":{"@type":"PropertyValueSpecification","valueRequired":true,"valueName":"search_term_string"}}],"inLanguage":"es"}]}},"_links":{"self":[{"href":"https:\/\/lawcdh.com\/es\/wp-json\/wp\/v2\/pages\/1328","targetHints":{"allow":["GET"]}}],"collection":[{"href":"https:\/\/lawcdh.com\/es\/wp-json\/wp\/v2\/pages"}],"about":[{"href":"https:\/\/lawcdh.com\/es\/wp-json\/wp\/v2\/types\/page"}],"author":[{"embeddable":true,"href":"https:\/\/lawcdh.com\/es\/wp-json\/wp\/v2\/users\/17"}],"replies":[{"embeddable":true,"href":"https:\/\/lawcdh.com\/es\/wp-json\/wp\/v2\/comments?post=1328"}],"version-history":[{"count":0,"href":"https:\/\/lawcdh.com\/es\/wp-json\/wp\/v2\/pages\/1328\/revisions"}],"up":[{"embeddable":true,"href":"https:\/\/lawcdh.com\/es\/wp-json\/wp\/v2\/pages\/941"}],"wp:featuredmedia":[{"embeddable":true,"href":"https:\/\/lawcdh.com\/es\/wp-json\/wp\/v2\/media\/2670"}],"wp:attachment":[{"href":"https:\/\/lawcdh.com\/es\/wp-json\/wp\/v2\/media?parent=1328"}],"wp:term":[{"taxonomy":"post_tag","embeddable":true,"href":"https:\/\/lawcdh.com\/es\/wp-json\/wp\/v2\/tags?post=1328"}],"curies":[{"name":"wp","href":"https:\/\/api.w.org\/{rel}","templated":true}]}}