{"id":1337,"date":"2019-11-01T19:49:14","date_gmt":"2019-11-01T19:49:14","guid":{"rendered":"https:\/\/lawcdh.com\/?page_id=1337"},"modified":"2024-01-30T17:11:06","modified_gmt":"2024-01-30T17:11:06","slug":"crimenes-violentos","status":"publish","type":"page","link":"https:\/\/lawcdh.com\/es\/areas-de-practica\/defensa-criminal\/crimenes-violentos\/","title":{"rendered":"Cr\u00edmenes Violentos"},"content":{"rendered":"<p>Los acusados condenados por asesinato, agresi\u00f3n, robo u otros delitos violentos enfrentan penas severas en Nueva York. Los delitos violentos incluyen el uso de la fuerza o la violencia contra otra persona sin su consentimiento. Debido a que la ley de Nueva York impone penas severas a los acusados condenados por tales delitos, es fundamental consultar a un abogado con experiencia en delitos violentos.<\/p>\n<p>En <a href=\"https:\/\/lawcdh.com\/es\/\">CDH Law, PLLC<\/a>, nuestros abogados con experiencia en <a href=\"https:\/\/lawcdh.com\/es\/areas-de-practica\/defensa-criminal\/\">defensa penal<\/a> luchan duro por los derechos de nuestros clientes. Hemos logrado h\u00e1bilmente despidos y veredictos de no culpabilidad para muchos acusados de Nueva York. No se demore en buscar representaci\u00f3n legal calificada. P\u00f3ngase en contacto con nuestro bufete de abogados de defensa penal de Syracuse hoy para programar su consulta inicial.<\/p>\n<h2 id=\"crimenes-violentos-en-nueva-york\">Cr\u00edmenes Violentos en Nueva York<\/h2>\n<p>Seg\u00fan la ley penal de Nueva York, algunos delitos violentos son delitos graves de clase A, la clase de delitos graves m\u00e1s grave. La condena por un delito grave de clase A puede resultar en una sentencia de prisi\u00f3n de por vida sin posibilidad de libertad condicional. Los siguientes tipos de delitos son delitos violentos en Nueva York:<\/p>\n<ul>\n<li style=\"font-weight: 400\">Asesinato<\/li>\n<li style=\"font-weight: 400\">Homicidio<\/li>\n<li style=\"font-weight: 400\">Homicidio involuntario<\/li>\n<li style=\"font-weight: 400\">Violaci\u00f3n forzada<\/li>\n<li style=\"font-weight: 400\">Agresi\u00f3n<\/li>\n<\/ul>\n<h3>Asesinato en Primer Grado<\/h3>\n<p>El asesinato es uno de los cr\u00edmenes violentos m\u00e1s atroces porque le roba permanentemente la vida a otra persona. En consecuencia, los acusados condenados por asesinato en primer grado normalmente recibir\u00e1n una sentencia de por vida en prisi\u00f3n sin posibilidad de libertad condicional. El asesinato en primer grado es un delito grave violento de clase A-I en Nueva York. La fiscal\u00eda debe probar los siguientes elementos para condenar a un acusado de asesinato en primer grado:<\/p>\n<ul>\n<li>El acusado ten\u00eda la intenci\u00f3n necesaria de causar la muerte de otra persona.<\/li>\n<li>El acusado debe tener al menos 18 a\u00f1os de edad al momento del delito, y<\/li>\n<li>Uno de los factores adicionales enumerados en el estatuto ocurri\u00f3<\/li>\n<\/ul>\n<p>Algunos de los factores adicionales que elevan un asesinato en segundo grado a asesinato en primer grado incluyen los siguientes:<\/p>\n<ul>\n<li style=\"font-weight: 400\">La v\u00edctima tiene una identidad espec\u00edfica, como juez o polic\u00eda.<\/li>\n<li style=\"font-weight: 400\">El acusado mat\u00f3 a alguien mientras comet\u00eda un delito grave<\/li>\n<li style=\"font-weight: 400\">El acusado provoc\u00f3 la muerte de la v\u00edctima bajo tortura<\/li>\n<li style=\"font-weight: 400\">El acusado cometi\u00f3 un ataque terrorista cuando ocurri\u00f3 el asesinato.<\/li>\n<li style=\"font-weight: 400\">El acusado asesina mientras cumpl\u00eda cadena perpetua por otro delito<\/li>\n<\/ul>\n<h3>Abogado Defensor de Asalto de Nueva York<\/h3>\n<p>La ley penal de Nueva York clasifica algunas agresiones como delitos violentos. Una agresi\u00f3n ocurre cuando un sospechoso causa una conducta f\u00edsica ofensiva o da\u00f1o f\u00edsico a otra persona. Recibir una condena por agresi\u00f3n puede tener graves repercusiones negativas. El c\u00f3digo penal de Nueva York clasifica los diferentes tipos de agresi\u00f3n de la siguiente manera:<\/p>\n<ul>\n<li style=\"font-weight: 400\">Agresi\u00f3n<\/li>\n<li style=\"font-weight: 400\">Asalto Vehicular<\/li>\n<li style=\"font-weight: 400\">Asalto vehicular agravado<\/li>\n<li style=\"font-weight: 400\">Asalto de pandillas<\/li>\n<li style=\"font-weight: 400\">Agresi\u00f3n agravada (a un oficial de polic\u00eda o a un ni\u00f1o)<\/li>\n<li style=\"font-weight: 400\">Agresi\u00f3n sexual<\/li>\n<\/ul>\n<p>Los fiscales de Nueva York suelen ser agresivos al presentar cargos de agresi\u00f3n contra los acusados. Las penas por una condena por agresi\u00f3n dependen de la categor\u00eda de agresi\u00f3n. La agresi\u00f3n en primer grado es un delito grave de clase B. Los acusados condenados por agresi\u00f3n en primer grado se enfrentan a una pena de hasta 25 a\u00f1os de prisi\u00f3n.<\/p>\n<h3>Defensas Contra Cr\u00edmenes Violentos en Nueva York<\/h3>\n<p>Los acusados condenados por delitos violentos en Nueva York enfrentan graves consecuencias. Los acusados penales deben presentar una defensa convincente en el juicio. La autodefensa es una defensa legalmente reconocida de delitos violentos seg\u00fan la ley de Nueva York. Por ejemplo, en algunos casos, un cargo de agresi\u00f3n surge de un altercado f\u00edsico entre dos o m\u00e1s personas. Determinar la culpa de una o m\u00e1s de las personas involucradas en la pelea puede resultar dif\u00edcil. Si los acusados logran afirmar que cometieron la presunta agresi\u00f3n en defensa propia, aumentar\u00e1 la probabilidad de que reciban un veredicto de &#8220;inocencia&#8221;.<\/p>\n<p>En CDH Law PLLC, nuestros abogados tienen a\u00f1os de experiencia defendiendo exitosamente a clientes contra cargos de delitos violentos. Despu\u00e9s de evaluar los hechos de los casos de nuestros clientes, determinamos una estrategia de defensa legal convincente, adaptada a las circunstancias de su caso particular. Somos una firma de abogados orientada a resultados formada por ex fiscales. Nuestros abogados expertos saben c\u00f3mo representar a nuestros clientes en\u00e9rgicamente.<\/p>\n<h3>Directrices Para la Imposici\u00f3n de Sentencias Por Delitos Violentos en Nueva York<\/h3>\n<p>La ley de Nueva York exige que los jueces establezcan una cantidad determinada de prisi\u00f3n tras ser declarado culpable de un delito grave violento. Cuando un juez sentencia a un acusado por un delito no violento, la junta de libertad condicional puede influir en la pena de prisi\u00f3n. Sin embargo, los acusados condenados por delitos violentos deben cumplir la cantidad fija de a\u00f1os requerida por la sentencia del juez.<\/p>\n<h4><strong>P\u00f3ngase en Contacto Con Nuestra Firma de Abogados de Defensa Penal<\/strong><\/h4>\n<p>Debido a las estrictas pautas de sentencia para delitos violentos, los acusados de delitos violentos deben comunicarse con un abogado defensor penal calificado de Nueva York. Si enfrenta un cargo penal por violaci\u00f3n, agresi\u00f3n, robo, asesinato u otro delito violento, podemos ayudarlo. Tratamos cada uno de los casos penales de nuestros clientes con la atenci\u00f3n que merece. Nuestros h\u00e1biles abogados defensores penales de Syracuse utilizan nuestras habilidades como ex oficiales de polic\u00eda, fiscales y miembros del servicio militar para representar asertivamente a nuestros clientes. <a href=\"\/es\/contacto\/\">Comun\u00edquese con CDH Law PLLC<\/a> para programar su consulta inicial hoy.<\/p>\n","protected":false},"excerpt":{"rendered":"<p>Los acusados condenados por asesinato, agresi\u00f3n, robo u otros delitos violentos enfrentan penas severas en Nueva York. Los delitos violentos incluyen el uso de la fuerza o la violencia contra otra persona sin su consentimiento. Debido a que la ley de Nueva York impone penas severas a los acusados condenados por tales delitos, es fundamental&#8230;<\/p>\n","protected":false},"author":17,"featured_media":2679,"parent":941,"menu_order":0,"comment_status":"closed","ping_status":"closed","template":"","meta":{"_acf_changed":false,"footnotes":""},"tags":[],"class_list":["post-1337","page","type-page","status-publish","has-post-thumbnail","hentry"],"acf":[],"yoast_head":"<!-- This site is optimized with the Yoast SEO plugin v27.4 - https:\/\/yoast.com\/product\/yoast-seo-wordpress\/ -->\n<title>Abogado Defensor de Cr\u00edmenes Violentos en Syracuse | CDH Law<\/title>\n<meta name=\"description\" content=\"Si ha sido acusado de un delito violento, comun\u00edquese hoy con nuestro abogado defensor de delitos violentos para programar su consulta.\" \/>\n<meta name=\"robots\" content=\"index, follow, max-snippet:-1, max-image-preview:large, max-video-preview:-1\" \/>\n<link rel=\"canonical\" href=\"https:\/\/lawcdh.com\/es\/areas-de-practica\/defensa-criminal\/crimenes-violentos\/\" \/>\n<meta property=\"og:locale\" content=\"es_MX\" \/>\n<meta property=\"og:type\" content=\"article\" \/>\n<meta property=\"og:title\" content=\"Abogado Defensor de Cr\u00edmenes Violentos en Syracuse | CDH Law\" \/>\n<meta property=\"og:description\" content=\"Si ha sido acusado de un delito violento, comun\u00edquese hoy con nuestro abogado defensor de delitos violentos para programar su consulta.\" \/>\n<meta property=\"og:url\" content=\"https:\/\/lawcdh.com\/es\/areas-de-practica\/defensa-criminal\/crimenes-violentos\/\" \/>\n<meta property=\"og:site_name\" content=\"CDH Law PLLC ES\" \/>\n<meta property=\"article:modified_time\" content=\"2024-01-30T17:11:06+00:00\" \/>\n<meta property=\"og:image\" content=\"https:\/\/lawcdh.com\/es\/wp-content\/uploads\/sites\/2\/2024\/01\/violent-crimes-defense.png\" \/>\n\t<meta property=\"og:image:width\" content=\"730\" \/>\n\t<meta property=\"og:image:height\" content=\"300\" \/>\n\t<meta property=\"og:image:type\" content=\"image\/png\" \/>\n<meta name=\"twitter:card\" content=\"summary_large_image\" \/>\n<meta name=\"twitter:label1\" content=\"Est. reading time\" \/>\n\t<meta name=\"twitter:data1\" content=\"5 minutos\" \/>\n<script type=\"application\/ld+json\" class=\"yoast-schema-graph\">{\"@context\":\"https:\\\/\\\/schema.org\",\"@graph\":[{\"@type\":\"WebPage\",\"@id\":\"https:\\\/\\\/lawcdh.com\\\/es\\\/areas-de-practica\\\/defensa-criminal\\\/crimenes-violentos\\\/\",\"url\":\"https:\\\/\\\/lawcdh.com\\\/es\\\/areas-de-practica\\\/defensa-criminal\\\/crimenes-violentos\\\/\",\"name\":\"Abogado Defensor de Cr\u00edmenes Violentos en Syracuse | CDH Law\",\"isPartOf\":{\"@id\":\"https:\\\/\\\/lawcdh.com\\\/es\\\/#website\"},\"primaryImageOfPage\":{\"@id\":\"https:\\\/\\\/lawcdh.com\\\/es\\\/areas-de-practica\\\/defensa-criminal\\\/crimenes-violentos\\\/#primaryimage\"},\"image\":{\"@id\":\"https:\\\/\\\/lawcdh.com\\\/es\\\/areas-de-practica\\\/defensa-criminal\\\/crimenes-violentos\\\/#primaryimage\"},\"thumbnailUrl\":\"https:\\\/\\\/lawcdh.com\\\/es\\\/wp-content\\\/uploads\\\/sites\\\/2\\\/2024\\\/01\\\/violent-crimes-defense.png\",\"datePublished\":\"2019-11-01T19:49:14+00:00\",\"dateModified\":\"2024-01-30T17:11:06+00:00\",\"description\":\"Si ha sido acusado de un delito violento, comun\u00edquese hoy con nuestro abogado defensor de delitos violentos para programar su consulta.\",\"breadcrumb\":{\"@id\":\"https:\\\/\\\/lawcdh.com\\\/es\\\/areas-de-practica\\\/defensa-criminal\\\/crimenes-violentos\\\/#breadcrumb\"},\"inLanguage\":\"es\",\"potentialAction\":[{\"@type\":\"ReadAction\",\"target\":[\"https:\\\/\\\/lawcdh.com\\\/es\\\/areas-de-practica\\\/defensa-criminal\\\/crimenes-violentos\\\/\"]}]},{\"@type\":\"ImageObject\",\"inLanguage\":\"es\",\"@id\":\"https:\\\/\\\/lawcdh.com\\\/es\\\/areas-de-practica\\\/defensa-criminal\\\/crimenes-violentos\\\/#primaryimage\",\"url\":\"https:\\\/\\\/lawcdh.com\\\/es\\\/wp-content\\\/uploads\\\/sites\\\/2\\\/2024\\\/01\\\/violent-crimes-defense.png\",\"contentUrl\":\"https:\\\/\\\/lawcdh.com\\\/es\\\/wp-content\\\/uploads\\\/sites\\\/2\\\/2024\\\/01\\\/violent-crimes-defense.png\",\"width\":730,\"height\":300,\"caption\":\"Crimines violentos\"},{\"@type\":\"BreadcrumbList\",\"@id\":\"https:\\\/\\\/lawcdh.com\\\/es\\\/areas-de-practica\\\/defensa-criminal\\\/crimenes-violentos\\\/#breadcrumb\",\"itemListElement\":[{\"@type\":\"ListItem\",\"position\":1,\"name\":\"Home\",\"item\":\"https:\\\/\\\/lawcdh.com\\\/es\\\/\"},{\"@type\":\"ListItem\",\"position\":2,\"name\":\"\u00c1reas de Pr\u00e1ctica\",\"item\":\"https:\\\/\\\/lawcdh.com\\\/es\\\/areas-de-practica\\\/\"},{\"@type\":\"ListItem\",\"position\":3,\"name\":\"Defensa Penal\",\"item\":\"https:\\\/\\\/lawcdh.com\\\/es\\\/areas-de-practica\\\/defensa-criminal\\\/\"},{\"@type\":\"ListItem\",\"position\":4,\"name\":\"Cr\u00edmenes Violentos\"}]},{\"@type\":\"WebSite\",\"@id\":\"https:\\\/\\\/lawcdh.com\\\/es\\\/#website\",\"url\":\"https:\\\/\\\/lawcdh.com\\\/es\\\/\",\"name\":\"CDH Law PLLC ES\",\"description\":\"\",\"potentialAction\":[{\"@type\":\"SearchAction\",\"target\":{\"@type\":\"EntryPoint\",\"urlTemplate\":\"https:\\\/\\\/lawcdh.com\\\/es\\\/?s={search_term_string}\"},\"query-input\":{\"@type\":\"PropertyValueSpecification\",\"valueRequired\":true,\"valueName\":\"search_term_string\"}}],\"inLanguage\":\"es\"}]}<\/script>\n<!-- \/ Yoast SEO plugin. -->","yoast_head_json":{"title":"Abogado Defensor de Cr\u00edmenes Violentos en Syracuse | CDH Law","description":"Si ha sido acusado de un delito violento, comun\u00edquese hoy con nuestro abogado defensor de delitos violentos para programar su consulta.","robots":{"index":"index","follow":"follow","max-snippet":"max-snippet:-1","max-image-preview":"max-image-preview:large","max-video-preview":"max-video-preview:-1"},"canonical":"https:\/\/lawcdh.com\/es\/areas-de-practica\/defensa-criminal\/crimenes-violentos\/","og_locale":"es_MX","og_type":"article","og_title":"Abogado Defensor de Cr\u00edmenes Violentos en Syracuse | CDH Law","og_description":"Si ha sido acusado de un delito violento, comun\u00edquese hoy con nuestro abogado defensor de delitos violentos para programar su consulta.","og_url":"https:\/\/lawcdh.com\/es\/areas-de-practica\/defensa-criminal\/crimenes-violentos\/","og_site_name":"CDH Law PLLC ES","article_modified_time":"2024-01-30T17:11:06+00:00","og_image":[{"width":730,"height":300,"url":"https:\/\/lawcdh.com\/es\/wp-content\/uploads\/sites\/2\/2024\/01\/violent-crimes-defense.png","type":"image\/png"}],"twitter_card":"summary_large_image","twitter_misc":{"Est. reading time":"5 minutos"},"schema":{"@context":"https:\/\/schema.org","@graph":[{"@type":"WebPage","@id":"https:\/\/lawcdh.com\/es\/areas-de-practica\/defensa-criminal\/crimenes-violentos\/","url":"https:\/\/lawcdh.com\/es\/areas-de-practica\/defensa-criminal\/crimenes-violentos\/","name":"Abogado Defensor de Cr\u00edmenes Violentos en Syracuse | CDH Law","isPartOf":{"@id":"https:\/\/lawcdh.com\/es\/#website"},"primaryImageOfPage":{"@id":"https:\/\/lawcdh.com\/es\/areas-de-practica\/defensa-criminal\/crimenes-violentos\/#primaryimage"},"image":{"@id":"https:\/\/lawcdh.com\/es\/areas-de-practica\/defensa-criminal\/crimenes-violentos\/#primaryimage"},"thumbnailUrl":"https:\/\/lawcdh.com\/es\/wp-content\/uploads\/sites\/2\/2024\/01\/violent-crimes-defense.png","datePublished":"2019-11-01T19:49:14+00:00","dateModified":"2024-01-30T17:11:06+00:00","description":"Si ha sido acusado de un delito violento, comun\u00edquese hoy con nuestro abogado defensor de delitos violentos para programar su consulta.","breadcrumb":{"@id":"https:\/\/lawcdh.com\/es\/areas-de-practica\/defensa-criminal\/crimenes-violentos\/#breadcrumb"},"inLanguage":"es","potentialAction":[{"@type":"ReadAction","target":["https:\/\/lawcdh.com\/es\/areas-de-practica\/defensa-criminal\/crimenes-violentos\/"]}]},{"@type":"ImageObject","inLanguage":"es","@id":"https:\/\/lawcdh.com\/es\/areas-de-practica\/defensa-criminal\/crimenes-violentos\/#primaryimage","url":"https:\/\/lawcdh.com\/es\/wp-content\/uploads\/sites\/2\/2024\/01\/violent-crimes-defense.png","contentUrl":"https:\/\/lawcdh.com\/es\/wp-content\/uploads\/sites\/2\/2024\/01\/violent-crimes-defense.png","width":730,"height":300,"caption":"Crimines violentos"},{"@type":"BreadcrumbList","@id":"https:\/\/lawcdh.com\/es\/areas-de-practica\/defensa-criminal\/crimenes-violentos\/#breadcrumb","itemListElement":[{"@type":"ListItem","position":1,"name":"Home","item":"https:\/\/lawcdh.com\/es\/"},{"@type":"ListItem","position":2,"name":"\u00c1reas de Pr\u00e1ctica","item":"https:\/\/lawcdh.com\/es\/areas-de-practica\/"},{"@type":"ListItem","position":3,"name":"Defensa Penal","item":"https:\/\/lawcdh.com\/es\/areas-de-practica\/defensa-criminal\/"},{"@type":"ListItem","position":4,"name":"Cr\u00edmenes Violentos"}]},{"@type":"WebSite","@id":"https:\/\/lawcdh.com\/es\/#website","url":"https:\/\/lawcdh.com\/es\/","name":"CDH Law PLLC ES","description":"","potentialAction":[{"@type":"SearchAction","target":{"@type":"EntryPoint","urlTemplate":"https:\/\/lawcdh.com\/es\/?s={search_term_string}"},"query-input":{"@type":"PropertyValueSpecification","valueRequired":true,"valueName":"search_term_string"}}],"inLanguage":"es"}]}},"_links":{"self":[{"href":"https:\/\/lawcdh.com\/es\/wp-json\/wp\/v2\/pages\/1337","targetHints":{"allow":["GET"]}}],"collection":[{"href":"https:\/\/lawcdh.com\/es\/wp-json\/wp\/v2\/pages"}],"about":[{"href":"https:\/\/lawcdh.com\/es\/wp-json\/wp\/v2\/types\/page"}],"author":[{"embeddable":true,"href":"https:\/\/lawcdh.com\/es\/wp-json\/wp\/v2\/users\/17"}],"replies":[{"embeddable":true,"href":"https:\/\/lawcdh.com\/es\/wp-json\/wp\/v2\/comments?post=1337"}],"version-history":[{"count":0,"href":"https:\/\/lawcdh.com\/es\/wp-json\/wp\/v2\/pages\/1337\/revisions"}],"up":[{"embeddable":true,"href":"https:\/\/lawcdh.com\/es\/wp-json\/wp\/v2\/pages\/941"}],"wp:featuredmedia":[{"embeddable":true,"href":"https:\/\/lawcdh.com\/es\/wp-json\/wp\/v2\/media\/2679"}],"wp:attachment":[{"href":"https:\/\/lawcdh.com\/es\/wp-json\/wp\/v2\/media?parent=1337"}],"wp:term":[{"taxonomy":"post_tag","embeddable":true,"href":"https:\/\/lawcdh.com\/es\/wp-json\/wp\/v2\/tags?post=1337"}],"curies":[{"name":"wp","href":"https:\/\/api.w.org\/{rel}","templated":true}]}}