{"id":1357,"date":"2019-12-27T17:57:02","date_gmt":"2019-12-27T17:57:02","guid":{"rendered":"https:\/\/lawcdh.com\/?page_id=1357"},"modified":"2024-01-30T17:07:04","modified_gmt":"2024-01-30T17:07:04","slug":"armas-cargos","status":"publish","type":"page","link":"https:\/\/lawcdh.com\/es\/areas-de-practica\/defensa-criminal\/armas-cargos\/","title":{"rendered":"Cargos de Armas"},"content":{"rendered":"\n<p><span style=\"font-weight: 400\">El estado de Nueva York tiene algunas de las leyes sobre armas y armas de fuego m\u00e1s estrictas del pa\u00eds. Los acusados que enfrentan cargos por armas y armas de fuego podr\u00edan ser sentenciados a penas graves de prisi\u00f3n si son declarados culpables. Los acusados de Nueva York pueden enfrentar cargos por armas como su \u00fanico delito o, los cargos por armas podr\u00edan ser adicionales a otro delito. Las penas por delitos suelen ser m\u00e1s severas cuando el acusado utiliza un arma durante la comisi\u00f3n del delito. Por ejemplo, los fiscales podr\u00edan agregar un cargo de armas a los cargos de homicidio, agresi\u00f3n u otros cargos penales. Si son declarados culpables tanto de un cargo de armas como de un cargo de homicidio, los acusados podr\u00edan enfrentar cadena perpetua.<\/span><\/p>\n\n\n\n<h2 class=\"wp-block-heading\" id=\"nuestros-abogados-estan-capacitados-en-la-defensa-de-armas-de-fuego-y-cargos-por-armas\">Nuestros Abogados Est\u00e1n Capacitados en la Defensa de Armas de Fuego Y Cargos Por Armas<\/h2>\n\n\n\n<p><span style=\"font-weight: 400\">Enfrentar un cargo de armas en Syracuse, Nueva York, es algo serio. A menudo la gente se sorprende al enterarse de las posibles sentencias, ya que la pena de prisi\u00f3n suele ser obligatoria. Un acusado debe conseguir una representaci\u00f3n especializada cuando se enfrente a cargos por posesi\u00f3n de armas. En <a href=\"https:\/\/lawcdh.com\/es\/\">CDH Law, PLLC<\/a>, nuestros abogados tienen amplia experiencia representando a clientes en cargos de armas en Nueva York. Entendemos las t\u00e1cticas que los fiscales suelen utilizar para intentar aumentar las penas de c\u00e1rcel y otras penas. Ayudamos a los acusados a revisar sus opciones legales y negociamos asertivamente en su nombre con los fiscales. Nuestro equipo de defensa penal tiene experiencia comprobada en los tribunales y una reputaci\u00f3n de \u00e9xito en los juicios. P\u00f3ngase en contacto con nuestro bufete de abogados de defensa penal de Syracuse hoy para saber c\u00f3mo podemos proteger sus derechos.<\/span><\/p>\n\n\n\n<h3 class=\"wp-block-heading\">Uso Ilegal de Un Arma de Fuego en Nueva York<\/h3>\n\n\n\n<p><span style=\"font-weight: 400\">Los fiscales acusan a los acusados de un delito menor Clase A por uso ilegal de un arma de fuego cuando el acusado hace cualquiera de las siguientes cosas:<\/span><\/p>\n\n\n\n<ul class=\"wp-block-list\">\n<li>Disparar intencionalmente un arma en un lugar o \u00e1rea p\u00fablica.<\/li>\n\n\n\n<li>Disparar intencionalmente un arma dentro de un cuarto de milla de un edificio escolar ocupado<\/li>\n\n\n\n<li>Apuntar con un arma a otra persona sin malicia<\/li>\n<\/ul>\n\n\n\n<p><span style=\"font-weight: 400\">Disparar intencionalmente un arma a un tren, autob\u00fas, avi\u00f3n u otro veh\u00edculo mientras se pone a otros en peligro es un delito grave de clase D en Nueva York que se castiga con hasta 5 a\u00f1os de prisi\u00f3n. El uso delictivo de un arma de fuego en primer grado se castiga con hasta 25 a\u00f1os de c\u00e1rcel.<\/span><\/p>\n\n\n\n<p><span style=\"font-weight: 400\">La fiscal\u00eda debe probar que el acusado cometi\u00f3 cualquier delito grave violento de Clase B para procesar a un acusado por uso criminal de un arma de fuego en primer grado. Adem\u00e1s de cometer el delito grave de Clase B, el acusado tambi\u00e9n debe haber pose\u00eddo ilegalmente un arma cargada mortal o haber exhibido lo que parece ser una pistola, un rev\u00f3lver, un rifle, una escopeta, una ametralladora u otra arma de fuego.<\/span><\/p>\n\n\n\n<p><span style=\"font-weight: 400\">Por ejemplo, si la polic\u00eda descubre que el acusado estaba cometiendo un robo y ten\u00eda un arma cargada en la mano, los fiscales podr\u00edan acusarlo de robo en primer grado. Debido a que el robo en primer grado es un delito grave de clase B, los fiscales podr\u00edan agregar el cargo de uso criminal de un arma de fuego en primer grado.<\/span><\/p>\n\n\n\n<h3 class=\"wp-block-heading\">Posesi\u00f3n de Armas Ilegales en Nueva York<\/h3>\n\n\n\n<p><span style=\"font-weight: 400\">La ley penal de Nueva York declara ilegal la posesi\u00f3n de ciertos tipos de armas. Los siguientes cargos penales se incluyen en el \u00e1mbito de posesi\u00f3n de un arma ilegal:<\/span><\/p>\n\n\n\n<ul class=\"wp-block-list\">\n<li>Posesi\u00f3n criminal de un arma de fuego<\/li>\n\n\n\n<li>Posesi\u00f3n Criminal de Arma en Primer a Cuarto Grado<\/li>\n\n\n\n<li>Posesi\u00f3n criminal de un arma en terrenos escolares<\/li>\n\n\n\n<li>Posesi\u00f3n ilegal de un arma en terrenos escolares<\/li>\n\n\n\n<li>Posesi\u00f3n ilegal de armas por personas menores de diecis\u00e9is a\u00f1os<\/li>\n<\/ul>\n\n\n\n<h3 class=\"wp-block-heading\">Posesi\u00f3n Criminal de Un Arma en Cuarto Grado<\/h3>\n\n\n\n<p><span style=\"font-weight: 400\">Las sanciones por posesi\u00f3n de armas ilegales var\u00edan. Por ejemplo, la posesi\u00f3n criminal de un arma en cuarto grado es un delito menor de clase A. Un delito menor de Clase A puede resultar en una multa de hasta $1,000 y hasta un a\u00f1o de c\u00e1rcel. En algunos casos, los fiscales no necesitan probar que un acusado ten\u00eda alguna intenci\u00f3n criminal de acusarlo de posesi\u00f3n de un arma ilegal. La ley penal de Nueva York proh\u00edbe la posesi\u00f3n de muchos tipos de armas peligrosas adem\u00e1s de las armas de fuego. El simple hecho de tener cualquiera de las siguientes armas en posesi\u00f3n es suficiente para violar la ley penal de Nueva York:<\/span><\/p>\n\n\n\n<ul class=\"wp-block-list\">\n<li>Posesi\u00f3n de un arma de fuego sin licencia<\/li>\n\n\n\n<li>pistola de dardos electronica<\/li>\n\n\n\n<li>pistola paralizante electr\u00f3nica<\/li>\n\n\n\n<li>cuchillo de gravedad<\/li>\n\n\n\n<li>navaja autom\u00e1tica<\/li>\n\n\n\n<li>cuchillo bal\u00edstico pilum<\/li>\n\n\n\n<li>Cuchillo de nudillo de metal<\/li>\n\n\n\n<li>Espada de ca\u00f1a<\/li>\n\n\n\n<li>Porra<\/li>\n\n\n\n<li>Veintiuna<\/li>\n\n\n\n<li>Maza<\/li>\n\n\n\n<li>Nudillos de plastico<\/li>\n\n\n\n<li>Nudillos de metal<\/li>\n\n\n\n<li>Palo de chuka<\/li>\n\n\n\n<li>Bolsa de arena<\/li>\n\n\n\n<li>club de arena<\/li>\n\n\n\n<li>Tirachinas tipo mu\u00f1equera<\/li>\n\n\n\n<li>Eludir<\/li>\n\n\n\n<li>&#8220;Estrella de Kung Fu&#8221;<\/li>\n<\/ul>\n\n\n\n<p><span style=\"font-weight: 400\">En algunos casos, el acusado debe haber pose\u00eddo un arma peligrosa y haber tenido la intenci\u00f3n criminal de usar el arma ilegalmente contra otra persona para enfrentar un cargo de posesi\u00f3n criminal de armas. Por ejemplo, el acusado debe haber tenido intenciones criminales mientras estaba en posesi\u00f3n de una de las siguientes armas:<\/span><\/p>\n\n\n\n<ul class=\"wp-block-list\">\n<li>Daga<\/li>\n\n\n\n<li>Cuchillo peligroso<\/li>\n\n\n\n<li>Pu\u00f1al<\/li>\n\n\n\n<li>Machete<\/li>\n\n\n\n<li>Maquinilla de afeitar<\/li>\n\n\n\n<li>Estilete<\/li>\n\n\n\n<li>Pistola de imitaci\u00f3n<\/li>\n\n\n\n<li>Cualquier otro tipo de arma peligrosa o mortal.<\/li>\n<\/ul>\n\n\n\n<p><span style=\"font-weight: 400\">Los acusados pueden enfrentar un cargo criminal de posesi\u00f3n de armas por posesi\u00f3n de un rifle, una escopeta, un rifle de p\u00f3lvora o una escopeta, o cualquier arma de fuego de avancarga cuando el acusado ha sido condenado por un delito grave u otro delito grave. Los no ciudadanos tambi\u00e9n pueden enfrentar cargos penales por posesi\u00f3n de cualquier arma mortal o peligrosa. Finalmente, los propietarios de armas que poseen legalmente un rifle o una escopeta pueden enfrentar cargos penales por posesi\u00f3n de armas cuando se niegan a ceder la posesi\u00f3n de su arma a un oficial de polic\u00eda cuando lo solicita.<\/span><\/p>\n\n\n\n<h3 class=\"wp-block-heading\">Sanciones Por Cargos de Armas en Nueva York<\/h3>\n\n\n\n<p><span style=\"font-weight: 400\">Las penas por una condena por un cargo de posesi\u00f3n de armas dependen del grado del delito. Los fiscales determinan en qu\u00e9 grado acusar a los acusados bas\u00e1ndose en varios factores, como si es ciudadano, el tipo y cantidad de armas involucradas y si el arma estaba cargada o no en el momento de la posesi\u00f3n. Hay cuatro grados de cargos por posesi\u00f3n de armas, de la siguiente manera:<\/span><\/p>\n\n\n\n<ul class=\"wp-block-list\">\n<li>La posesi\u00f3n criminal de armas en primer grado es un delito grave de clase B<\/li>\n\n\n\n<li>La posesi\u00f3n criminal de armas en segundo grado es un delito grave de clase C<\/li>\n\n\n\n<li>La posesi\u00f3n criminal de armas en tercer grado es un delito grave de clase D<\/li>\n\n\n\n<li>La posesi\u00f3n criminal de armas en cuarto grado es un delito menor de clase A<\/li>\n<\/ul>\n\n\n\n<p><span style=\"font-weight: 400\">La condena por un delito menor de Clase A puede resultar en una multa de $1,000 y hasta un a\u00f1o de c\u00e1rcel. Los acusados condenados por un delito grave de clase B se enfrentan a penas severas de hasta 25 a\u00f1os de prisi\u00f3n.<\/span><\/p>\n\n\n\n<h4 class=\"wp-block-heading\"><strong>Nuestros Abogados Defensores de Cargos Por Armas en Syracuse Y El Centro de Nueva York Pueden Ayudar<\/strong><\/h4>\n\n\n\n<p><span style=\"font-weight: 400\">Tanto las condenas por delitos menores como por delitos graves relacionadas con armas dar\u00e1n lugar a la creaci\u00f3n de antecedentes penales. Las personas con antecedentes penales a menudo experimentan dificultades para ser contratadas para trabajos, obtener aprobaci\u00f3n para un pr\u00e9stamo para un autom\u00f3vil o una vivienda, y para alquilar o comprar una propiedad. Es esencial luchar contra su cargo criminal de armas lo m\u00e1s seriamente posible. <a href=\"\/es\/contacto\/\">Comun\u00edquese con CDH Law PLLC<\/a> hoy para programar su consulta inicial y conocer c\u00f3mo nuestros abogados pueden ayudarlo a luchar contra su cargo de armas en Nueva York.<\/span><\/p>\n","protected":false},"excerpt":{"rendered":"<p>El estado de Nueva York tiene algunas de las leyes sobre armas y armas de fuego m\u00e1s estrictas del pa\u00eds. Los acusados que enfrentan cargos por armas y armas de fuego podr\u00edan ser sentenciados a penas graves de prisi\u00f3n si son declarados culpables. Los acusados de Nueva York pueden enfrentar cargos por armas como su&#8230;<\/p>\n","protected":false},"author":17,"featured_media":2284,"parent":941,"menu_order":0,"comment_status":"closed","ping_status":"closed","template":"","meta":{"_acf_changed":false,"footnotes":""},"tags":[],"class_list":["post-1357","page","type-page","status-publish","has-post-thumbnail","hentry"],"acf":[],"yoast_head":"<!-- This site is optimized with the Yoast SEO plugin v27.4 - https:\/\/yoast.com\/product\/yoast-seo-wordpress\/ -->\n<title>Abogados de Cargos por Armas en Syracuse y Nueva York<\/title>\n<meta name=\"description\" content=\"Si enfrenta cargos criminales por armas, comun\u00edquese hoy con nuestro h\u00e1bil abogado defensor penal para programar su consulta inicial.\" \/>\n<meta name=\"robots\" content=\"index, follow, max-snippet:-1, max-image-preview:large, max-video-preview:-1\" \/>\n<link rel=\"canonical\" href=\"https:\/\/lawcdh.com\/es\/areas-de-practica\/defensa-criminal\/armas-cargos\/\" \/>\n<meta property=\"og:locale\" content=\"es_MX\" \/>\n<meta property=\"og:type\" content=\"article\" \/>\n<meta property=\"og:title\" content=\"Abogados de Cargos por Armas en Syracuse y Nueva York\" \/>\n<meta property=\"og:description\" content=\"Si enfrenta cargos criminales por armas, comun\u00edquese hoy con nuestro h\u00e1bil abogado defensor penal para programar su consulta inicial.\" \/>\n<meta property=\"og:url\" content=\"https:\/\/lawcdh.com\/es\/areas-de-practica\/defensa-criminal\/armas-cargos\/\" \/>\n<meta property=\"og:site_name\" content=\"CDH Law PLLC ES\" \/>\n<meta property=\"article:modified_time\" content=\"2024-01-30T17:07:04+00:00\" \/>\n<meta property=\"og:image\" content=\"https:\/\/lawcdh.com\/es\/wp-content\/uploads\/sites\/2\/2023\/10\/syracuse-and-central-new-york-federal-crime-defense-1-3.jpg\" \/>\n\t<meta property=\"og:image:width\" content=\"730\" \/>\n\t<meta property=\"og:image:height\" content=\"300\" \/>\n\t<meta property=\"og:image:type\" content=\"image\/jpeg\" \/>\n<meta name=\"twitter:card\" content=\"summary_large_image\" \/>\n<meta name=\"twitter:label1\" content=\"Est. reading time\" \/>\n\t<meta name=\"twitter:data1\" content=\"7 minutos\" \/>\n<script type=\"application\/ld+json\" class=\"yoast-schema-graph\">{\"@context\":\"https:\\\/\\\/schema.org\",\"@graph\":[{\"@type\":\"WebPage\",\"@id\":\"https:\\\/\\\/lawcdh.com\\\/es\\\/areas-de-practica\\\/defensa-criminal\\\/armas-cargos\\\/\",\"url\":\"https:\\\/\\\/lawcdh.com\\\/es\\\/areas-de-practica\\\/defensa-criminal\\\/armas-cargos\\\/\",\"name\":\"Abogados de Cargos por Armas en Syracuse y Nueva York\",\"isPartOf\":{\"@id\":\"https:\\\/\\\/lawcdh.com\\\/es\\\/#website\"},\"primaryImageOfPage\":{\"@id\":\"https:\\\/\\\/lawcdh.com\\\/es\\\/areas-de-practica\\\/defensa-criminal\\\/armas-cargos\\\/#primaryimage\"},\"image\":{\"@id\":\"https:\\\/\\\/lawcdh.com\\\/es\\\/areas-de-practica\\\/defensa-criminal\\\/armas-cargos\\\/#primaryimage\"},\"thumbnailUrl\":\"https:\\\/\\\/lawcdh.com\\\/es\\\/wp-content\\\/uploads\\\/sites\\\/2\\\/2023\\\/10\\\/syracuse-and-central-new-york-federal-crime-defense-1-3.jpg\",\"datePublished\":\"2019-12-27T17:57:02+00:00\",\"dateModified\":\"2024-01-30T17:07:04+00:00\",\"description\":\"Si enfrenta cargos criminales por armas, comun\u00edquese hoy con nuestro h\u00e1bil abogado defensor penal para programar su consulta inicial.\",\"breadcrumb\":{\"@id\":\"https:\\\/\\\/lawcdh.com\\\/es\\\/areas-de-practica\\\/defensa-criminal\\\/armas-cargos\\\/#breadcrumb\"},\"inLanguage\":\"es\",\"potentialAction\":[{\"@type\":\"ReadAction\",\"target\":[\"https:\\\/\\\/lawcdh.com\\\/es\\\/areas-de-practica\\\/defensa-criminal\\\/armas-cargos\\\/\"]}]},{\"@type\":\"ImageObject\",\"inLanguage\":\"es\",\"@id\":\"https:\\\/\\\/lawcdh.com\\\/es\\\/areas-de-practica\\\/defensa-criminal\\\/armas-cargos\\\/#primaryimage\",\"url\":\"https:\\\/\\\/lawcdh.com\\\/es\\\/wp-content\\\/uploads\\\/sites\\\/2\\\/2023\\\/10\\\/syracuse-and-central-new-york-federal-crime-defense-1-3.jpg\",\"contentUrl\":\"https:\\\/\\\/lawcdh.com\\\/es\\\/wp-content\\\/uploads\\\/sites\\\/2\\\/2023\\\/10\\\/syracuse-and-central-new-york-federal-crime-defense-1-3.jpg\",\"width\":730,\"height\":300,\"caption\":\"Weapon charges\"},{\"@type\":\"BreadcrumbList\",\"@id\":\"https:\\\/\\\/lawcdh.com\\\/es\\\/areas-de-practica\\\/defensa-criminal\\\/armas-cargos\\\/#breadcrumb\",\"itemListElement\":[{\"@type\":\"ListItem\",\"position\":1,\"name\":\"Home\",\"item\":\"https:\\\/\\\/lawcdh.com\\\/es\\\/\"},{\"@type\":\"ListItem\",\"position\":2,\"name\":\"\u00c1reas de Pr\u00e1ctica\",\"item\":\"https:\\\/\\\/lawcdh.com\\\/es\\\/areas-de-practica\\\/\"},{\"@type\":\"ListItem\",\"position\":3,\"name\":\"Defensa Penal\",\"item\":\"https:\\\/\\\/lawcdh.com\\\/es\\\/areas-de-practica\\\/defensa-criminal\\\/\"},{\"@type\":\"ListItem\",\"position\":4,\"name\":\"Cargos de Armas\"}]},{\"@type\":\"WebSite\",\"@id\":\"https:\\\/\\\/lawcdh.com\\\/es\\\/#website\",\"url\":\"https:\\\/\\\/lawcdh.com\\\/es\\\/\",\"name\":\"CDH Law PLLC ES\",\"description\":\"\",\"potentialAction\":[{\"@type\":\"SearchAction\",\"target\":{\"@type\":\"EntryPoint\",\"urlTemplate\":\"https:\\\/\\\/lawcdh.com\\\/es\\\/?s={search_term_string}\"},\"query-input\":{\"@type\":\"PropertyValueSpecification\",\"valueRequired\":true,\"valueName\":\"search_term_string\"}}],\"inLanguage\":\"es\"}]}<\/script>\n<!-- \/ Yoast SEO plugin. -->","yoast_head_json":{"title":"Abogados de Cargos por Armas en Syracuse y Nueva York","description":"Si enfrenta cargos criminales por armas, comun\u00edquese hoy con nuestro h\u00e1bil abogado defensor penal para programar su consulta inicial.","robots":{"index":"index","follow":"follow","max-snippet":"max-snippet:-1","max-image-preview":"max-image-preview:large","max-video-preview":"max-video-preview:-1"},"canonical":"https:\/\/lawcdh.com\/es\/areas-de-practica\/defensa-criminal\/armas-cargos\/","og_locale":"es_MX","og_type":"article","og_title":"Abogados de Cargos por Armas en Syracuse y Nueva York","og_description":"Si enfrenta cargos criminales por armas, comun\u00edquese hoy con nuestro h\u00e1bil abogado defensor penal para programar su consulta inicial.","og_url":"https:\/\/lawcdh.com\/es\/areas-de-practica\/defensa-criminal\/armas-cargos\/","og_site_name":"CDH Law PLLC ES","article_modified_time":"2024-01-30T17:07:04+00:00","og_image":[{"width":730,"height":300,"url":"https:\/\/lawcdh.com\/es\/wp-content\/uploads\/sites\/2\/2023\/10\/syracuse-and-central-new-york-federal-crime-defense-1-3.jpg","type":"image\/jpeg"}],"twitter_card":"summary_large_image","twitter_misc":{"Est. reading time":"7 minutos"},"schema":{"@context":"https:\/\/schema.org","@graph":[{"@type":"WebPage","@id":"https:\/\/lawcdh.com\/es\/areas-de-practica\/defensa-criminal\/armas-cargos\/","url":"https:\/\/lawcdh.com\/es\/areas-de-practica\/defensa-criminal\/armas-cargos\/","name":"Abogados de Cargos por Armas en Syracuse y Nueva York","isPartOf":{"@id":"https:\/\/lawcdh.com\/es\/#website"},"primaryImageOfPage":{"@id":"https:\/\/lawcdh.com\/es\/areas-de-practica\/defensa-criminal\/armas-cargos\/#primaryimage"},"image":{"@id":"https:\/\/lawcdh.com\/es\/areas-de-practica\/defensa-criminal\/armas-cargos\/#primaryimage"},"thumbnailUrl":"https:\/\/lawcdh.com\/es\/wp-content\/uploads\/sites\/2\/2023\/10\/syracuse-and-central-new-york-federal-crime-defense-1-3.jpg","datePublished":"2019-12-27T17:57:02+00:00","dateModified":"2024-01-30T17:07:04+00:00","description":"Si enfrenta cargos criminales por armas, comun\u00edquese hoy con nuestro h\u00e1bil abogado defensor penal para programar su consulta inicial.","breadcrumb":{"@id":"https:\/\/lawcdh.com\/es\/areas-de-practica\/defensa-criminal\/armas-cargos\/#breadcrumb"},"inLanguage":"es","potentialAction":[{"@type":"ReadAction","target":["https:\/\/lawcdh.com\/es\/areas-de-practica\/defensa-criminal\/armas-cargos\/"]}]},{"@type":"ImageObject","inLanguage":"es","@id":"https:\/\/lawcdh.com\/es\/areas-de-practica\/defensa-criminal\/armas-cargos\/#primaryimage","url":"https:\/\/lawcdh.com\/es\/wp-content\/uploads\/sites\/2\/2023\/10\/syracuse-and-central-new-york-federal-crime-defense-1-3.jpg","contentUrl":"https:\/\/lawcdh.com\/es\/wp-content\/uploads\/sites\/2\/2023\/10\/syracuse-and-central-new-york-federal-crime-defense-1-3.jpg","width":730,"height":300,"caption":"Weapon charges"},{"@type":"BreadcrumbList","@id":"https:\/\/lawcdh.com\/es\/areas-de-practica\/defensa-criminal\/armas-cargos\/#breadcrumb","itemListElement":[{"@type":"ListItem","position":1,"name":"Home","item":"https:\/\/lawcdh.com\/es\/"},{"@type":"ListItem","position":2,"name":"\u00c1reas de Pr\u00e1ctica","item":"https:\/\/lawcdh.com\/es\/areas-de-practica\/"},{"@type":"ListItem","position":3,"name":"Defensa Penal","item":"https:\/\/lawcdh.com\/es\/areas-de-practica\/defensa-criminal\/"},{"@type":"ListItem","position":4,"name":"Cargos de Armas"}]},{"@type":"WebSite","@id":"https:\/\/lawcdh.com\/es\/#website","url":"https:\/\/lawcdh.com\/es\/","name":"CDH Law PLLC ES","description":"","potentialAction":[{"@type":"SearchAction","target":{"@type":"EntryPoint","urlTemplate":"https:\/\/lawcdh.com\/es\/?s={search_term_string}"},"query-input":{"@type":"PropertyValueSpecification","valueRequired":true,"valueName":"search_term_string"}}],"inLanguage":"es"}]}},"_links":{"self":[{"href":"https:\/\/lawcdh.com\/es\/wp-json\/wp\/v2\/pages\/1357","targetHints":{"allow":["GET"]}}],"collection":[{"href":"https:\/\/lawcdh.com\/es\/wp-json\/wp\/v2\/pages"}],"about":[{"href":"https:\/\/lawcdh.com\/es\/wp-json\/wp\/v2\/types\/page"}],"author":[{"embeddable":true,"href":"https:\/\/lawcdh.com\/es\/wp-json\/wp\/v2\/users\/17"}],"replies":[{"embeddable":true,"href":"https:\/\/lawcdh.com\/es\/wp-json\/wp\/v2\/comments?post=1357"}],"version-history":[{"count":0,"href":"https:\/\/lawcdh.com\/es\/wp-json\/wp\/v2\/pages\/1357\/revisions"}],"up":[{"embeddable":true,"href":"https:\/\/lawcdh.com\/es\/wp-json\/wp\/v2\/pages\/941"}],"wp:featuredmedia":[{"embeddable":true,"href":"https:\/\/lawcdh.com\/es\/wp-json\/wp\/v2\/media\/2284"}],"wp:attachment":[{"href":"https:\/\/lawcdh.com\/es\/wp-json\/wp\/v2\/media?parent=1357"}],"wp:term":[{"taxonomy":"post_tag","embeddable":true,"href":"https:\/\/lawcdh.com\/es\/wp-json\/wp\/v2\/tags?post=1357"}],"curies":[{"name":"wp","href":"https:\/\/api.w.org\/{rel}","templated":true}]}}