{"id":1390,"date":"2020-02-12T21:12:54","date_gmt":"2020-02-12T21:12:54","guid":{"rendered":"https:\/\/lawcdh.com\/?page_id=1390"},"modified":"2024-02-01T15:15:02","modified_gmt":"2024-02-01T15:15:02","slug":"planificacion-patrimonial","status":"publish","type":"page","link":"https:\/\/lawcdh.com\/es\/areas-de-practica\/planificacion-patrimonial\/","title":{"rendered":"Planificaci\u00f3n Patrimonial"},"content":{"rendered":"\n<p>Si bien nadie quiere pensar en la muerte o la discapacidad, establecer un plan patrimonial es uno de los pasos m\u00e1s importantes que puede tomar para protegerse a s\u00ed mismo y a sus seres queridos. Una planificaci\u00f3n patrimonial adecuada no s\u00f3lo lo pone a usted a cargo de sus finanzas, sino que tambi\u00e9n puede ahorrarles a sus seres queridos los gastos, retrasos y frustraciones asociados con la gesti\u00f3n de sus asuntos cuando usted fallece o queda discapacitado.<\/p>\n\n\n\n<h2 class=\"wp-block-heading\" id=\"razones-comunes-para-la-planificacion-patrimonial\">Razones Comunes Para la Planificaci\u00f3n Patrimonial<\/h2>\n\n\n\n<h3 class=\"wp-block-heading\">Proporcionar Por Incapacidad<\/h3>\n\n\n\n<p>Si queda incapacitado, no podr\u00e1 gestionar sus propios asuntos financieros. Muchos tienen la impresi\u00f3n err\u00f3nea de que su c\u00f3nyuge o sus hijos adultos pueden autom\u00e1ticamente reemplazarlos en caso de que queden incapacitados. La verdad es que para que otros puedan administrar sus finanzas, deben solicitar a un tribunal que lo declare legalmente incompetente. Este proceso puede ser largo, costoso y estresante. Incluso si el tribunal designa a la persona que usted habr\u00eda elegido, es posible que tenga que volver al tribunal todos los a\u00f1os y demostrar c\u00f3mo est\u00e1 gastando e invirtiendo cada centavo. Si desea que su familia pueda hacerse cargo de usted de inmediato, debe designar a una persona o personas en las que conf\u00ede y que tengan los documentos legales adecuados para que tengan la autoridad para retirar dinero de sus cuentas, pagar facturas, recibir distribuciones de su Cuentas IRA, vende acciones y refinancia tu casa. Un testamento no entra en vigor hasta que usted fallezca y un poder puede ser insuficiente.<\/p>\n\n\n\n<p>Adem\u00e1s de planificar el aspecto financiero de sus asuntos durante su incapacidad, debe establecer un plan para su atenci\u00f3n m\u00e9dica. La ley le permite designar a alguien en quien usted conf\u00eda, por ejemplo, un familiar o un amigo cercano, para que tome decisiones en su nombre sobre las opciones de tratamiento m\u00e9dico si usted pierde la capacidad de decidir por s\u00ed mismo. Puede hacerlo utilizando un poder notarial duradero para la atenci\u00f3n m\u00e9dica en el que designe a la persona para tomar dichas decisiones. Adem\u00e1s de un poder para la atenci\u00f3n m\u00e9dica, tambi\u00e9n debe tener un <a href=\"https:\/\/lawcdh.com\/es\/areas-de-practica\/planificacion-patrimonial\/testamentos-y-fideicomisos\/\">testamento vital<\/a> que informe a otros sobre sus tratamientos m\u00e9dicos preferidos, como el uso de medidas extraordinarias en caso de que quede permanentemente inconsciente o tenga una enfermedad terminal.<\/p>\n\n\n\n<h3 class=\"wp-block-heading\">La Planificaci\u00f3n Patrimonial Puede Ayudarle a Evitar la Legalizaci\u00f3n de Un Testamento<\/h3>\n\n\n\n<p>Si deja su patrimonio a sus seres queridos mediante un testamento, todo lo que posee pasar\u00e1 por la legalizaci\u00f3n. El proceso es costoso, requiere mucho tiempo y est\u00e1 abierto al p\u00fablico. El tribunal sucesorio tiene el control del proceso hasta que el patrimonio haya sido liquidado y distribuido. Si est\u00e1 casado y tiene hijos, desea asegurarse de que su familia sobreviviente tenga acceso inmediato a efectivo para pagar los gastos de manutenci\u00f3n mientras se liquida su patrimonio. No es inusual que los tribunales sucesorios congelen activos durante semanas o incluso meses mientras intentan determinar la disposici\u00f3n adecuada del patrimonio. Su c\u00f3nyuge sobreviviente puede verse obligado a solicitar al tribunal testamentario el dinero en efectivo necesario para pagar los gastos de manutenci\u00f3n actuales. Puedes imaginar lo estresante que puede ser este proceso. Con una planificaci\u00f3n adecuada, sus bienes pueden pasar a sus seres queridos sin necesidad de someterse a una sucesi\u00f3n, de una manera r\u00e1pida, econ\u00f3mica y privada.<\/p>\n\n\n\n<h3 class=\"wp-block-heading\">Proporcionar a Los Ni\u00f1os Menores<\/h3>\n\n\n\n<p>Es importante que su plan patrimonial aborde cuestiones relativas a la crianza de sus hijos. Si sus hijos son peque\u00f1os, es posible que desee considerar implementar un plan que le permita a su c\u00f3nyuge sobreviviente dedicar m\u00e1s atenci\u00f3n a sus hijos, sin la carga de las obligaciones laborales. Tambi\u00e9n es posible que desee brindar asesoramiento y recursos especiales a su c\u00f3nyuge si cree que carece de la experiencia o la capacidad para manejar asuntos financieros y legales. Tambi\u00e9n debe discutir con su abogado la posibilidad de que tanto usted como su c\u00f3nyuge mueran simult\u00e1neamente o en un corto per\u00edodo de tiempo. Un plan de contingencia debe incluir a las personas que le gustar\u00eda administrar sus bienes, as\u00ed como al tutor que le gustar\u00eda nombrar para la crianza de sus hijos. La persona o el administrador a cargo de las finanzas no tiene por qu\u00e9 ser la misma persona que el tutor. De hecho, en muchas situaciones, es posible que desee designar deliberadamente a diferentes personas para mantener un sistema de controles y contrapesos. De lo contrario, la decisi\u00f3n sobre qui\u00e9n administrar\u00e1 sus finanzas y criar\u00e1 a sus hijos quedar\u00e1 en manos de un tribunal de justicia. Incluso si tiene la suerte de que el tribunal seleccione a la persona o personas que hubiera deseado, es posible que el tribunal les imponga cargas y restricciones indebidas, como tener que presentar una contabilidad anual.<\/p>\n\n\n\n<p>Otras cuestiones a considerar a este respecto es si desea que sus beneficiarios reciban sus activos directamente o si prefiere que los activos se coloquen en fideicomiso y se distribuyan en funci\u00f3n de una serie de factores que usted designe, como la edad, la necesidad e incluso incentivos basados en el comportamiento y la educaci\u00f3n. Con demasiada frecuencia, los ni\u00f1os reciben bienes sustanciales antes de que tengan la madurez suficiente para manejarlos adecuadamente, con resultados devastadores.<\/p>\n\n\n\n<p>Debe pensar detenidamente en la elecci\u00f3n del tutor, asegur\u00e1ndose de que comparta los valores que desea inculcar a sus hijos. Tambi\u00e9n querr\u00e1s tener en cuenta la edad y la situaci\u00f3n financiera de un posible tutor. Es posible que algunos tutores carezcan de las habilidades para criar a los ni\u00f1os que usted considere necesarias. Aseg\u00farese de que su plan no cree una carga financiera adicional para el tutor.<\/p>\n\n\n\n<h3 class=\"wp-block-heading\">Planificaci\u00f3n de Impuestos Sobre Sucesiones<\/h3>\n\n\n\n<p>El IRS querr\u00e1 revisar su patrimonio al momento de su muerte para asegurarse de que no les deba ese \u00faltimo impuesto: el impuesto federal sobre el patrimonio. Si habr\u00e1 que pagar alg\u00fan impuesto depende del tama\u00f1o de su patrimonio y de c\u00f3mo funciona su plan patrimonial. Muchos estados tienen sus propios impuestos sobre sucesiones y herencias separados que usted debe conocer. Hay muchas estrategias efectivas que se pueden implementar para reducir o eliminar los impuestos sobre sucesiones, pero debe comenzar el proceso de planificaci\u00f3n con anticipaci\u00f3n para poder implementar muchos de estos planes.<\/p>\n\n\n\n<h3 class=\"wp-block-heading\">Legados Caritativos: Donaciones Planificadas<\/h3>\n\n\n\n<p>\u00bfQuieres beneficiar a una organizaci\u00f3n o causa ben\u00e9fica? Su plan patrimonial puede cubrir dichas organizaciones de diversas maneras, ya sea durante su vida o en el momento de su muerte. Dependiendo de c\u00f3mo est\u00e9 configurado su plan de donaciones, tambi\u00e9n puede permitirle recibir un flujo de ingresos de por vida, obtener un mayor rendimiento de la inversi\u00f3n o reducir sus ganancias de capital o impuestos sobre el patrimonio.<\/p>\n\n\n\n<h4 class=\"wp-block-heading\"><strong>Comun\u00edquese Con Nuestro Abogado de Planificaci\u00f3n Patrimonial de Syracuse Y El Centro de Nueva York<\/strong><\/h4>\n\n\n\n<p>Un plan patrimonial bien elaborado debe atender a sus seres queridos de manera eficaz y eficiente, evitando la tutela durante su vida, la sucesi\u00f3n en caso de muerte, los impuestos sobre el patrimonio y las demoras innecesarias. Debe consultar a un abogado calificado en planificaci\u00f3n patrimonial para revisar su situaci\u00f3n familiar y financiera, sus objetivos y explicarle las diversas opciones disponibles para usted. Una vez que su plan patrimonial est\u00e9 implementado, tendr\u00e1 la tranquilidad de saber que ha mantenido a usted y a su familia en caso de que suceda lo peor. <a href=\"\/es\/contacto\/\">Cont\u00e1ctenos<\/a> hoy para una consulta sobre sus necesidades de planificaci\u00f3n patrimonial.<\/p>\n","protected":false},"excerpt":{"rendered":"<p>Si bien nadie quiere pensar en la muerte o la discapacidad, establecer un plan patrimonial es uno de los pasos m\u00e1s importantes que puede tomar para protegerse a s\u00ed mismo y a sus seres queridos. Una planificaci\u00f3n patrimonial adecuada no s\u00f3lo lo pone a usted a cargo de sus finanzas, sino que tambi\u00e9n puede ahorrarles&#8230;<\/p>\n","protected":false},"author":17,"featured_media":2843,"parent":487,"menu_order":0,"comment_status":"closed","ping_status":"closed","template":"","meta":{"_acf_changed":false,"footnotes":""},"tags":[],"class_list":["post-1390","page","type-page","status-publish","has-post-thumbnail","hentry"],"acf":[],"yoast_head":"<!-- This site is optimized with the Yoast SEO plugin v27.4 - https:\/\/yoast.com\/product\/yoast-seo-wordpress\/ -->\n<title>Abogados de Planificaci\u00f3n Patrimonial de El Centro de Nueva York<\/title>\n<meta name=\"description\" content=\"Si necesita servicios de planificaci\u00f3n patrimonial, no dude en ponerse en contacto con nuestros abogados de planificaci\u00f3n patrimonial.\" \/>\n<meta name=\"robots\" content=\"index, follow, max-snippet:-1, max-image-preview:large, max-video-preview:-1\" \/>\n<link rel=\"canonical\" href=\"https:\/\/lawcdh.com\/es\/areas-de-practica\/planificacion-patrimonial\/\" \/>\n<meta property=\"og:locale\" content=\"es_MX\" \/>\n<meta property=\"og:type\" content=\"article\" \/>\n<meta property=\"og:title\" content=\"Abogados de Planificaci\u00f3n Patrimonial de El Centro de Nueva York\" \/>\n<meta property=\"og:description\" content=\"Si necesita servicios de planificaci\u00f3n patrimonial, no dude en ponerse en contacto con nuestros abogados de planificaci\u00f3n patrimonial.\" \/>\n<meta property=\"og:url\" content=\"https:\/\/lawcdh.com\/es\/areas-de-practica\/planificacion-patrimonial\/\" \/>\n<meta property=\"og:site_name\" content=\"CDH Law PLLC ES\" \/>\n<meta property=\"article:modified_time\" content=\"2024-02-01T15:15:02+00:00\" \/>\n<meta property=\"og:image\" content=\"https:\/\/lawcdh.com\/es\/wp-content\/uploads\/sites\/2\/2024\/02\/Planificacion-Patrimonial.png\" \/>\n\t<meta property=\"og:image:width\" content=\"730\" \/>\n\t<meta property=\"og:image:height\" content=\"300\" \/>\n\t<meta property=\"og:image:type\" content=\"image\/png\" \/>\n<meta name=\"twitter:card\" content=\"summary_large_image\" \/>\n<meta name=\"twitter:label1\" content=\"Est. reading time\" \/>\n\t<meta name=\"twitter:data1\" content=\"6 minutos\" \/>\n<script type=\"application\/ld+json\" class=\"yoast-schema-graph\">{\"@context\":\"https:\\\/\\\/schema.org\",\"@graph\":[{\"@type\":\"WebPage\",\"@id\":\"https:\\\/\\\/lawcdh.com\\\/es\\\/areas-de-practica\\\/planificacion-patrimonial\\\/\",\"url\":\"https:\\\/\\\/lawcdh.com\\\/es\\\/areas-de-practica\\\/planificacion-patrimonial\\\/\",\"name\":\"Abogados de Planificaci\u00f3n Patrimonial de El Centro de Nueva York\",\"isPartOf\":{\"@id\":\"https:\\\/\\\/lawcdh.com\\\/es\\\/#website\"},\"primaryImageOfPage\":{\"@id\":\"https:\\\/\\\/lawcdh.com\\\/es\\\/areas-de-practica\\\/planificacion-patrimonial\\\/#primaryimage\"},\"image\":{\"@id\":\"https:\\\/\\\/lawcdh.com\\\/es\\\/areas-de-practica\\\/planificacion-patrimonial\\\/#primaryimage\"},\"thumbnailUrl\":\"https:\\\/\\\/lawcdh.com\\\/es\\\/wp-content\\\/uploads\\\/sites\\\/2\\\/2024\\\/02\\\/Planificacion-Patrimonial.png\",\"datePublished\":\"2020-02-12T21:12:54+00:00\",\"dateModified\":\"2024-02-01T15:15:02+00:00\",\"description\":\"Si necesita servicios de planificaci\u00f3n patrimonial, no dude en ponerse en contacto con nuestros abogados de planificaci\u00f3n patrimonial.\",\"breadcrumb\":{\"@id\":\"https:\\\/\\\/lawcdh.com\\\/es\\\/areas-de-practica\\\/planificacion-patrimonial\\\/#breadcrumb\"},\"inLanguage\":\"es\",\"potentialAction\":[{\"@type\":\"ReadAction\",\"target\":[\"https:\\\/\\\/lawcdh.com\\\/es\\\/areas-de-practica\\\/planificacion-patrimonial\\\/\"]}]},{\"@type\":\"ImageObject\",\"inLanguage\":\"es\",\"@id\":\"https:\\\/\\\/lawcdh.com\\\/es\\\/areas-de-practica\\\/planificacion-patrimonial\\\/#primaryimage\",\"url\":\"https:\\\/\\\/lawcdh.com\\\/es\\\/wp-content\\\/uploads\\\/sites\\\/2\\\/2024\\\/02\\\/Planificacion-Patrimonial.png\",\"contentUrl\":\"https:\\\/\\\/lawcdh.com\\\/es\\\/wp-content\\\/uploads\\\/sites\\\/2\\\/2024\\\/02\\\/Planificacion-Patrimonial.png\",\"width\":730,\"height\":300,\"caption\":\"Planificaci\u00f3n Patrimonial\"},{\"@type\":\"BreadcrumbList\",\"@id\":\"https:\\\/\\\/lawcdh.com\\\/es\\\/areas-de-practica\\\/planificacion-patrimonial\\\/#breadcrumb\",\"itemListElement\":[{\"@type\":\"ListItem\",\"position\":1,\"name\":\"Home\",\"item\":\"https:\\\/\\\/lawcdh.com\\\/es\\\/\"},{\"@type\":\"ListItem\",\"position\":2,\"name\":\"\u00c1reas de Pr\u00e1ctica\",\"item\":\"https:\\\/\\\/lawcdh.com\\\/es\\\/areas-de-practica\\\/\"},{\"@type\":\"ListItem\",\"position\":3,\"name\":\"Planificaci\u00f3n Patrimonial\"}]},{\"@type\":\"WebSite\",\"@id\":\"https:\\\/\\\/lawcdh.com\\\/es\\\/#website\",\"url\":\"https:\\\/\\\/lawcdh.com\\\/es\\\/\",\"name\":\"CDH Law PLLC ES\",\"description\":\"\",\"potentialAction\":[{\"@type\":\"SearchAction\",\"target\":{\"@type\":\"EntryPoint\",\"urlTemplate\":\"https:\\\/\\\/lawcdh.com\\\/es\\\/?s={search_term_string}\"},\"query-input\":{\"@type\":\"PropertyValueSpecification\",\"valueRequired\":true,\"valueName\":\"search_term_string\"}}],\"inLanguage\":\"es\"}]}<\/script>\n<!-- \/ Yoast SEO plugin. -->","yoast_head_json":{"title":"Abogados de Planificaci\u00f3n Patrimonial de El Centro de Nueva York","description":"Si necesita servicios de planificaci\u00f3n patrimonial, no dude en ponerse en contacto con nuestros abogados de planificaci\u00f3n patrimonial.","robots":{"index":"index","follow":"follow","max-snippet":"max-snippet:-1","max-image-preview":"max-image-preview:large","max-video-preview":"max-video-preview:-1"},"canonical":"https:\/\/lawcdh.com\/es\/areas-de-practica\/planificacion-patrimonial\/","og_locale":"es_MX","og_type":"article","og_title":"Abogados de Planificaci\u00f3n Patrimonial de El Centro de Nueva York","og_description":"Si necesita servicios de planificaci\u00f3n patrimonial, no dude en ponerse en contacto con nuestros abogados de planificaci\u00f3n patrimonial.","og_url":"https:\/\/lawcdh.com\/es\/areas-de-practica\/planificacion-patrimonial\/","og_site_name":"CDH Law PLLC ES","article_modified_time":"2024-02-01T15:15:02+00:00","og_image":[{"width":730,"height":300,"url":"https:\/\/lawcdh.com\/es\/wp-content\/uploads\/sites\/2\/2024\/02\/Planificacion-Patrimonial.png","type":"image\/png"}],"twitter_card":"summary_large_image","twitter_misc":{"Est. reading time":"6 minutos"},"schema":{"@context":"https:\/\/schema.org","@graph":[{"@type":"WebPage","@id":"https:\/\/lawcdh.com\/es\/areas-de-practica\/planificacion-patrimonial\/","url":"https:\/\/lawcdh.com\/es\/areas-de-practica\/planificacion-patrimonial\/","name":"Abogados de Planificaci\u00f3n Patrimonial de El Centro de Nueva York","isPartOf":{"@id":"https:\/\/lawcdh.com\/es\/#website"},"primaryImageOfPage":{"@id":"https:\/\/lawcdh.com\/es\/areas-de-practica\/planificacion-patrimonial\/#primaryimage"},"image":{"@id":"https:\/\/lawcdh.com\/es\/areas-de-practica\/planificacion-patrimonial\/#primaryimage"},"thumbnailUrl":"https:\/\/lawcdh.com\/es\/wp-content\/uploads\/sites\/2\/2024\/02\/Planificacion-Patrimonial.png","datePublished":"2020-02-12T21:12:54+00:00","dateModified":"2024-02-01T15:15:02+00:00","description":"Si necesita servicios de planificaci\u00f3n patrimonial, no dude en ponerse en contacto con nuestros abogados de planificaci\u00f3n patrimonial.","breadcrumb":{"@id":"https:\/\/lawcdh.com\/es\/areas-de-practica\/planificacion-patrimonial\/#breadcrumb"},"inLanguage":"es","potentialAction":[{"@type":"ReadAction","target":["https:\/\/lawcdh.com\/es\/areas-de-practica\/planificacion-patrimonial\/"]}]},{"@type":"ImageObject","inLanguage":"es","@id":"https:\/\/lawcdh.com\/es\/areas-de-practica\/planificacion-patrimonial\/#primaryimage","url":"https:\/\/lawcdh.com\/es\/wp-content\/uploads\/sites\/2\/2024\/02\/Planificacion-Patrimonial.png","contentUrl":"https:\/\/lawcdh.com\/es\/wp-content\/uploads\/sites\/2\/2024\/02\/Planificacion-Patrimonial.png","width":730,"height":300,"caption":"Planificaci\u00f3n Patrimonial"},{"@type":"BreadcrumbList","@id":"https:\/\/lawcdh.com\/es\/areas-de-practica\/planificacion-patrimonial\/#breadcrumb","itemListElement":[{"@type":"ListItem","position":1,"name":"Home","item":"https:\/\/lawcdh.com\/es\/"},{"@type":"ListItem","position":2,"name":"\u00c1reas de Pr\u00e1ctica","item":"https:\/\/lawcdh.com\/es\/areas-de-practica\/"},{"@type":"ListItem","position":3,"name":"Planificaci\u00f3n Patrimonial"}]},{"@type":"WebSite","@id":"https:\/\/lawcdh.com\/es\/#website","url":"https:\/\/lawcdh.com\/es\/","name":"CDH Law PLLC ES","description":"","potentialAction":[{"@type":"SearchAction","target":{"@type":"EntryPoint","urlTemplate":"https:\/\/lawcdh.com\/es\/?s={search_term_string}"},"query-input":{"@type":"PropertyValueSpecification","valueRequired":true,"valueName":"search_term_string"}}],"inLanguage":"es"}]}},"_links":{"self":[{"href":"https:\/\/lawcdh.com\/es\/wp-json\/wp\/v2\/pages\/1390","targetHints":{"allow":["GET"]}}],"collection":[{"href":"https:\/\/lawcdh.com\/es\/wp-json\/wp\/v2\/pages"}],"about":[{"href":"https:\/\/lawcdh.com\/es\/wp-json\/wp\/v2\/types\/page"}],"author":[{"embeddable":true,"href":"https:\/\/lawcdh.com\/es\/wp-json\/wp\/v2\/users\/17"}],"replies":[{"embeddable":true,"href":"https:\/\/lawcdh.com\/es\/wp-json\/wp\/v2\/comments?post=1390"}],"version-history":[{"count":0,"href":"https:\/\/lawcdh.com\/es\/wp-json\/wp\/v2\/pages\/1390\/revisions"}],"up":[{"embeddable":true,"href":"https:\/\/lawcdh.com\/es\/wp-json\/wp\/v2\/pages\/487"}],"wp:featuredmedia":[{"embeddable":true,"href":"https:\/\/lawcdh.com\/es\/wp-json\/wp\/v2\/media\/2843"}],"wp:attachment":[{"href":"https:\/\/lawcdh.com\/es\/wp-json\/wp\/v2\/media?parent=1390"}],"wp:term":[{"taxonomy":"post_tag","embeddable":true,"href":"https:\/\/lawcdh.com\/es\/wp-json\/wp\/v2\/tags?post=1390"}],"curies":[{"name":"wp","href":"https:\/\/api.w.org\/{rel}","templated":true}]}}