{"id":1391,"date":"2020-02-12T21:29:55","date_gmt":"2020-02-12T21:29:55","guid":{"rendered":"https:\/\/lawcdh.com\/?page_id=1391"},"modified":"2024-02-01T15:45:12","modified_gmt":"2024-02-01T15:45:12","slug":"testamentos-y-fideicomisos","status":"publish","type":"page","link":"https:\/\/lawcdh.com\/es\/areas-de-practica\/planificacion-patrimonial\/testamentos-y-fideicomisos\/","title":{"rendered":"Testamentos y Fideicomisos"},"content":{"rendered":"\n<p><span style=\"font-weight: 400\">Los testamentos son uno de los documentos legales m\u00e1s comunes; sin embargo, un testamento debe cumplir con los requisitos legales establecidos por la ley de Nueva York. Ya sea que desee hacer un testamento o desee asegurarse de que su testamento actual sea legalmente v\u00e1lido, CDH Law PLLC puede ayudarlo. P\u00f3ngase en contacto con nuestro <a href=\"https:\/\/lawcdh.com\/es\/areas-de-practica\/planificacion-patrimonial\/\">bufete de abogados de planificaci\u00f3n patrimonial<\/a> y testamentos de Syracuse hoy para programar su consulta inicial.<\/span><\/p>\n\n\n\n<h2 class=\"wp-block-heading\" id=\"los-beneficios-de-crear-testamentos\">Los Beneficios de Crear Testamentos<\/h2>\n\n\n\n<p>Si fallece sin hacer un testamento, morir\u00e1 \u201cintestado\u201d, lo que significa que sus bienes se dividir\u00e1n de acuerdo con la ley estatal. Los c\u00f3nyuges y los hijos son los primeros en heredar seg\u00fan las leyes sucesorias de Nueva York. Si no tiene c\u00f3nyuge ni hijos menores, los tribunales sucesorios de Nueva York, llamados Tribunales Sustitutos, distribuir\u00e1n sus bienes a otros miembros de la familia.<\/p>\n\n\n\n<p>Cuando no tenga un testamento, el tribunal tambi\u00e9n tendr\u00e1 la autoridad para decidir qui\u00e9n cuidar\u00e1 de sus hijos. Esto significa que un juez puede nombrar un tutor para sus hijos que usted nunca habr\u00eda elegido. Crear un testamento le permite especificar qu\u00e9 familiares y amigos le gustar\u00eda que recibieran sus bienes. Puedes ser tan espec\u00edfico como quieras.<\/p>\n\n\n\n<p>El tribunal no dividir\u00e1 su propiedad pieza por pieza seg\u00fan sus preferencias. Por ejemplo, puedes optar por regalarle a uno de tus amigos tu piano antiguo y a otro miembro de la familia tu coche cl\u00e1sico. Crear un testamento le brinda el control de c\u00f3mo divide sus bienes seg\u00fan sus deseos.<\/p>\n\n\n\n<p>Finalmente, si no est\u00e1 casado con su pareja, su pareja no heredar\u00e1 ninguno de sus bienes seg\u00fan las leyes estatales de sucesi\u00f3n de testamentos en caso de que usted fallezca sin un testamento, incluso si han vivido juntos como pareja durante un per\u00edodo de tiempo significativo.<\/p>\n\n\n\n<h3 class=\"wp-block-heading\">Los Requisitos Para Testamentos Legalmente v\u00e1lidos en Nueva York<\/h3>\n\n\n\n<p>Su testamento debe cumplir requisitos legales espec\u00edficos para que sea ejecutable. Para crear un testamento legalmente v\u00e1lido, debe tener al menos 18 a\u00f1os y estar &#8220;en pleno uso de su mente y memoria&#8221;. El estado de Nueva York s\u00f3lo reconoce testamentos escritos. En circunstancias excepcionales, el tribunal puede hacer cumplir un testamento escrito a mano (hologr\u00e1fico) o un testamento oral (nuncupativo). No obstante, es mejor trabajar con un abogado con experiencia en planificaci\u00f3n patrimonial para garantizar que su testamento sea v\u00e1lido.<\/p>\n\n\n\n<p>El testador que crea el testamento debe firmarlo \u00e9l mismo. Cuando el testador no puede firmar el testamento por s\u00ed mismo, una persona puede firmar por \u00e9l. La persona que firma en nombre del testador debe firmar el testamento en presencia del testador seg\u00fan las indicaciones del testador. El testador debe estar en su sano juicio al firmar el testamento. Para cumplir con este est\u00e1ndar, el testador debe comprender las tres cosas siguientes:<\/p>\n\n\n\n<ul class=\"wp-block-list\">\n<li>La naturaleza de los bienes y bienes que posee el testador.<\/li>\n\n\n\n<li>Los objetos naturales de la generosidad del testador<\/li>\n\n\n\n<li>La disposici\u00f3n de los bienes seg\u00fan el testamento.<\/li>\n<\/ul>\n\n\n\n<p><span style=\"font-weight: 400\">Al menos otras dos personas deben presenciar la firma del testamento por parte del testador. O bien, el testador debe informar a los testigos que firm\u00f3 el testamento. Los testigos deben firmar el testamento con un plazo de 30 d\u00edas de diferencia entre s\u00ed para que el testamento sea legalmente ejecutable. El testador debe declarar a cada testigo que el documento que firm\u00f3 era efectivamente su testamento. Los abogados con experiencia en fideicomisos y herencias de CDH Law PLLC pueden ayudarlo a garantizar que su testamento sea legalmente v\u00e1lido en el estado de Nueva York.<\/span><\/p>\n\n\n\n<h3 class=\"wp-block-heading\">Concursos de Testamento en Nueva York<\/h3>\n\n\n\n<p><span style=\"font-weight: 400\">En Nueva York, las partes interesadas tienen derecho a impugnar o impugnar un testamento. Nuestros abogados de testamentos de Syracuse pueden ayudarlo a determinar si tiene o no la capacidad legal necesaria para impugnar un testamento. Las siguientes categor\u00edas de personas tienen derecho a impugnar un testamento en Nueva York:<\/span><\/p>\n\n\n\n<ul class=\"wp-block-list\">\n<li>Distribuidores que habr\u00edan heredado m\u00e1s bienes seg\u00fan el testamento anterior<\/li>\n\n\n\n<li>Distribuidores o herederos de derecho que habr\u00edan heredado m\u00e1s bienes si no existiera testamento<\/li>\n<\/ul>\n\n\n\n<p><span style=\"font-weight: 400\">Cuando el hijo del testador habr\u00eda heredado bienes seg\u00fan las leyes de sucesi\u00f3n de testamento de Nueva York, pero el testamento excluye al hijo de heredar, \u00e9l o ella tiene derecho a impugnar el testamento. Para impugnar un testamento, la persona que lo impugna debe presentar una objeci\u00f3n a la sucesi\u00f3n en el Tribunal Sustituto. Las impugnaciones de testamentos deben tener lugar antes de la fecha de la citaci\u00f3n que el tribunal emita. Cuando no se produzcan impugnaciones de testamento, el Tribunal Sustituto distribuir\u00e1 el patrimonio de acuerdo con los t\u00e9rminos del testamento.<\/span><\/p>\n\n\n\n<h3 class=\"wp-block-heading\">Motivos Para Los Concursos de Testamentos en Nueva York<\/h3>\n\n\n\n<p><span style=\"font-weight: 400\">Los que est\u00e9n legitimados pueden impugnar el testamento. Cuando quienes impugnan un testamento tengan \u00e9xito, el tribunal impedir\u00e1 que el testamento sea validado. Los siguientes son motivos para impugnaciones de testamentos en Nueva York:<\/span><\/p>\n\n\n\n<ul class=\"wp-block-list\">\n<li><strong>Ejecuci\u00f3n indebida<\/strong>: el testador no ejecut\u00f3 correctamente la firma del testamento<\/li>\n\n\n\n<li><strong>Revocaci\u00f3n<\/strong>: el testador revoc\u00f3 el testamento<\/li>\n\n\n\n<li><strong>Incapacitaci\u00f3n<\/strong>: el testador carec\u00eda de capacidad testamentaria por falta de sano juicio<\/li>\n\n\n\n<li><strong>Fraude<\/strong>: alguien indujo fraudulentamente al testador a ejecutar el testamento<\/li>\n\n\n\n<li><strong>Influencia indebida<\/strong>: alguien ejerci\u00f3 una influencia indebida sobre el testador.<\/li>\n<\/ul>\n\n\n\n<h4 class=\"wp-block-heading\"><strong>Hable Hoy Con Un Abogado Con Experiencia en Testamentos de Syracuse<\/strong><\/h4>\n\n\n\n<p><span style=\"font-weight: 400\">Si est\u00e1 interesado en hacer un testamento para proteger sus intereses o si le preocupa la validez de su testamento, podemos ayudarlo. <a href=\"\/es\/contacto\/\">P\u00f3ngase en contacto con los abogados expertos en testamentos de Syracuse hoy<\/a> para saber c\u00f3mo podemos ayudarlo a proteger sus intereses.<\/span><\/p>\n","protected":false},"excerpt":{"rendered":"<p>Los testamentos son uno de los documentos legales m\u00e1s comunes; sin embargo, un testamento debe cumplir con los requisitos legales establecidos por la ley de Nueva York. Ya sea que desee hacer un testamento o desee asegurarse de que su testamento actual sea legalmente v\u00e1lido, CDH Law PLLC puede ayudarlo. P\u00f3ngase en contacto con nuestro&#8230;<\/p>\n","protected":false},"author":17,"featured_media":0,"parent":1390,"menu_order":0,"comment_status":"closed","ping_status":"closed","template":"","meta":{"_acf_changed":false,"footnotes":""},"tags":[],"class_list":["post-1391","page","type-page","status-publish","hentry"],"acf":[],"yoast_head":"<!-- This site is optimized with the Yoast SEO plugin v27.4 - https:\/\/yoast.com\/product\/yoast-seo-wordpress\/ -->\n<title>Abogado de Testamentos Y Fideicomisos en Centro de Nueva York<\/title>\n<meta name=\"description\" content=\"Hay varias razones por las que es importante crear testamentos para su plan patrimonial. \u00a1Contacte con nuestros abogados patrimoniales!\" \/>\n<meta name=\"robots\" content=\"index, follow, max-snippet:-1, max-image-preview:large, max-video-preview:-1\" \/>\n<link rel=\"canonical\" href=\"https:\/\/lawcdh.com\/es\/areas-de-practica\/planificacion-patrimonial\/testamentos-y-fideicomisos\/\" \/>\n<meta property=\"og:locale\" content=\"es_MX\" \/>\n<meta property=\"og:type\" content=\"article\" \/>\n<meta property=\"og:title\" content=\"Abogado de Testamentos Y Fideicomisos en Centro de Nueva York\" \/>\n<meta property=\"og:description\" content=\"Hay varias razones por las que es importante crear testamentos para su plan patrimonial. \u00a1Contacte con nuestros abogados patrimoniales!\" \/>\n<meta property=\"og:url\" content=\"https:\/\/lawcdh.com\/es\/areas-de-practica\/planificacion-patrimonial\/testamentos-y-fideicomisos\/\" \/>\n<meta property=\"og:site_name\" content=\"CDH Law PLLC ES\" \/>\n<meta property=\"article:modified_time\" content=\"2024-02-01T15:45:12+00:00\" \/>\n<meta name=\"twitter:card\" content=\"summary_large_image\" \/>\n<meta name=\"twitter:label1\" content=\"Est. reading time\" \/>\n\t<meta name=\"twitter:data1\" content=\"5 minutos\" \/>\n<script type=\"application\/ld+json\" class=\"yoast-schema-graph\">{\"@context\":\"https:\\\/\\\/schema.org\",\"@graph\":[{\"@type\":\"WebPage\",\"@id\":\"https:\\\/\\\/lawcdh.com\\\/es\\\/areas-de-practica\\\/planificacion-patrimonial\\\/testamentos-y-fideicomisos\\\/\",\"url\":\"https:\\\/\\\/lawcdh.com\\\/es\\\/areas-de-practica\\\/planificacion-patrimonial\\\/testamentos-y-fideicomisos\\\/\",\"name\":\"Abogado de Testamentos Y Fideicomisos en Centro de Nueva York\",\"isPartOf\":{\"@id\":\"https:\\\/\\\/lawcdh.com\\\/es\\\/#website\"},\"datePublished\":\"2020-02-12T21:29:55+00:00\",\"dateModified\":\"2024-02-01T15:45:12+00:00\",\"description\":\"Hay varias razones por las que es importante crear testamentos para su plan patrimonial. \u00a1Contacte con nuestros abogados patrimoniales!\",\"breadcrumb\":{\"@id\":\"https:\\\/\\\/lawcdh.com\\\/es\\\/areas-de-practica\\\/planificacion-patrimonial\\\/testamentos-y-fideicomisos\\\/#breadcrumb\"},\"inLanguage\":\"es\",\"potentialAction\":[{\"@type\":\"ReadAction\",\"target\":[\"https:\\\/\\\/lawcdh.com\\\/es\\\/areas-de-practica\\\/planificacion-patrimonial\\\/testamentos-y-fideicomisos\\\/\"]}]},{\"@type\":\"BreadcrumbList\",\"@id\":\"https:\\\/\\\/lawcdh.com\\\/es\\\/areas-de-practica\\\/planificacion-patrimonial\\\/testamentos-y-fideicomisos\\\/#breadcrumb\",\"itemListElement\":[{\"@type\":\"ListItem\",\"position\":1,\"name\":\"Home\",\"item\":\"https:\\\/\\\/lawcdh.com\\\/es\\\/\"},{\"@type\":\"ListItem\",\"position\":2,\"name\":\"\u00c1reas de Pr\u00e1ctica\",\"item\":\"https:\\\/\\\/lawcdh.com\\\/es\\\/areas-de-practica\\\/\"},{\"@type\":\"ListItem\",\"position\":3,\"name\":\"Planificaci\u00f3n Patrimonial\",\"item\":\"https:\\\/\\\/lawcdh.com\\\/es\\\/areas-de-practica\\\/planificacion-patrimonial\\\/\"},{\"@type\":\"ListItem\",\"position\":4,\"name\":\"Testamentos y Fideicomisos\"}]},{\"@type\":\"WebSite\",\"@id\":\"https:\\\/\\\/lawcdh.com\\\/es\\\/#website\",\"url\":\"https:\\\/\\\/lawcdh.com\\\/es\\\/\",\"name\":\"CDH Law PLLC ES\",\"description\":\"\",\"potentialAction\":[{\"@type\":\"SearchAction\",\"target\":{\"@type\":\"EntryPoint\",\"urlTemplate\":\"https:\\\/\\\/lawcdh.com\\\/es\\\/?s={search_term_string}\"},\"query-input\":{\"@type\":\"PropertyValueSpecification\",\"valueRequired\":true,\"valueName\":\"search_term_string\"}}],\"inLanguage\":\"es\"}]}<\/script>\n<!-- \/ Yoast SEO plugin. -->","yoast_head_json":{"title":"Abogado de Testamentos Y Fideicomisos en Centro de Nueva York","description":"Hay varias razones por las que es importante crear testamentos para su plan patrimonial. \u00a1Contacte con nuestros abogados patrimoniales!","robots":{"index":"index","follow":"follow","max-snippet":"max-snippet:-1","max-image-preview":"max-image-preview:large","max-video-preview":"max-video-preview:-1"},"canonical":"https:\/\/lawcdh.com\/es\/areas-de-practica\/planificacion-patrimonial\/testamentos-y-fideicomisos\/","og_locale":"es_MX","og_type":"article","og_title":"Abogado de Testamentos Y Fideicomisos en Centro de Nueva York","og_description":"Hay varias razones por las que es importante crear testamentos para su plan patrimonial. \u00a1Contacte con nuestros abogados patrimoniales!","og_url":"https:\/\/lawcdh.com\/es\/areas-de-practica\/planificacion-patrimonial\/testamentos-y-fideicomisos\/","og_site_name":"CDH Law PLLC ES","article_modified_time":"2024-02-01T15:45:12+00:00","twitter_card":"summary_large_image","twitter_misc":{"Est. reading time":"5 minutos"},"schema":{"@context":"https:\/\/schema.org","@graph":[{"@type":"WebPage","@id":"https:\/\/lawcdh.com\/es\/areas-de-practica\/planificacion-patrimonial\/testamentos-y-fideicomisos\/","url":"https:\/\/lawcdh.com\/es\/areas-de-practica\/planificacion-patrimonial\/testamentos-y-fideicomisos\/","name":"Abogado de Testamentos Y Fideicomisos en Centro de Nueva York","isPartOf":{"@id":"https:\/\/lawcdh.com\/es\/#website"},"datePublished":"2020-02-12T21:29:55+00:00","dateModified":"2024-02-01T15:45:12+00:00","description":"Hay varias razones por las que es importante crear testamentos para su plan patrimonial. \u00a1Contacte con nuestros abogados patrimoniales!","breadcrumb":{"@id":"https:\/\/lawcdh.com\/es\/areas-de-practica\/planificacion-patrimonial\/testamentos-y-fideicomisos\/#breadcrumb"},"inLanguage":"es","potentialAction":[{"@type":"ReadAction","target":["https:\/\/lawcdh.com\/es\/areas-de-practica\/planificacion-patrimonial\/testamentos-y-fideicomisos\/"]}]},{"@type":"BreadcrumbList","@id":"https:\/\/lawcdh.com\/es\/areas-de-practica\/planificacion-patrimonial\/testamentos-y-fideicomisos\/#breadcrumb","itemListElement":[{"@type":"ListItem","position":1,"name":"Home","item":"https:\/\/lawcdh.com\/es\/"},{"@type":"ListItem","position":2,"name":"\u00c1reas de Pr\u00e1ctica","item":"https:\/\/lawcdh.com\/es\/areas-de-practica\/"},{"@type":"ListItem","position":3,"name":"Planificaci\u00f3n Patrimonial","item":"https:\/\/lawcdh.com\/es\/areas-de-practica\/planificacion-patrimonial\/"},{"@type":"ListItem","position":4,"name":"Testamentos y Fideicomisos"}]},{"@type":"WebSite","@id":"https:\/\/lawcdh.com\/es\/#website","url":"https:\/\/lawcdh.com\/es\/","name":"CDH Law PLLC ES","description":"","potentialAction":[{"@type":"SearchAction","target":{"@type":"EntryPoint","urlTemplate":"https:\/\/lawcdh.com\/es\/?s={search_term_string}"},"query-input":{"@type":"PropertyValueSpecification","valueRequired":true,"valueName":"search_term_string"}}],"inLanguage":"es"}]}},"_links":{"self":[{"href":"https:\/\/lawcdh.com\/es\/wp-json\/wp\/v2\/pages\/1391","targetHints":{"allow":["GET"]}}],"collection":[{"href":"https:\/\/lawcdh.com\/es\/wp-json\/wp\/v2\/pages"}],"about":[{"href":"https:\/\/lawcdh.com\/es\/wp-json\/wp\/v2\/types\/page"}],"author":[{"embeddable":true,"href":"https:\/\/lawcdh.com\/es\/wp-json\/wp\/v2\/users\/17"}],"replies":[{"embeddable":true,"href":"https:\/\/lawcdh.com\/es\/wp-json\/wp\/v2\/comments?post=1391"}],"version-history":[{"count":0,"href":"https:\/\/lawcdh.com\/es\/wp-json\/wp\/v2\/pages\/1391\/revisions"}],"up":[{"embeddable":true,"href":"https:\/\/lawcdh.com\/es\/wp-json\/wp\/v2\/pages\/1390"}],"wp:attachment":[{"href":"https:\/\/lawcdh.com\/es\/wp-json\/wp\/v2\/media?parent=1391"}],"wp:term":[{"taxonomy":"post_tag","embeddable":true,"href":"https:\/\/lawcdh.com\/es\/wp-json\/wp\/v2\/tags?post=1391"}],"curies":[{"name":"wp","href":"https:\/\/api.w.org\/{rel}","templated":true}]}}