{"id":1392,"date":"2020-02-12T21:26:13","date_gmt":"2020-02-12T21:26:13","guid":{"rendered":"https:\/\/lawcdh.com\/?page_id=1392"},"modified":"2024-02-01T15:29:54","modified_gmt":"2024-02-01T15:29:54","slug":"litigio-patrimonial","status":"publish","type":"page","link":"https:\/\/lawcdh.com\/es\/areas-de-practica\/planificacion-patrimonial\/litigio-patrimonial\/","title":{"rendered":"Litigio Patrimonial"},"content":{"rendered":"\n<p><span style=\"font-weight: 400\">Un testamento redactado correctamente debe identificar claramente a todos los beneficiarios y no dejar ambig\u00fcedades en torno a las intenciones del testador. Desafortunadamente, los documentos de <a href=\"https:\/\/lawcdh.com\/es\/areas-de-practica\/planificacion-patrimonial\/planificacion-de-impuestos-patrimoniales\/\">planificaci\u00f3n patrimonial<\/a>, ya sean testamentos o fideicomisos, no siempre reflejan claramente las intenciones del testador. Incluso si el lenguaje de los documentos es claro, las partes pueden tener otras razones para iniciar una demanda u objetar un testamento. Cuando alguien con legitimaci\u00f3n activa se opone a un testamento o un fideicomiso, es posible que sea necesario litigar el patrimonio. A esto a veces se le llama litigio sucesorio o \u201cimpugnaci\u00f3n de testamento\u201d. Estas disputas pueden ser complejas y deben ser manejadas por abogados con experiencia en tales asuntos, incluido un conocimiento profundo de las reglas y procedimientos del tribunal sucesorio.<\/span><\/p>\n\n\n\n<h2 class=\"wp-block-heading\" id=\"tribunales-testamentarios\">Tribunales Testamentarios<\/h2>\n\n\n\n<p><span style=\"font-weight: 400\">Por lo general, si se trata de un testamento, un tribunal sucesorio determinar\u00e1 si es v\u00e1lido o no y debe ejecutarse. Si se determina que el testamento es v\u00e1lido, el tribunal supervisar\u00e1 la asignaci\u00f3n de activos y se asegurar\u00e1 de que el albacea designado cumpla los deseos del difunto de manera legal y oportuna. El tribunal tambi\u00e9n supervisa la distribuci\u00f3n de bienes si el testador, o la persona fallecida, falleci\u00f3 intestado, sin un testamento v\u00e1lido.<\/span><\/p>\n\n\n\n<h3 class=\"wp-block-heading\">\u00bfQui\u00e9n Puede Impugnar Un Testamento?<\/h3>\n\n\n\n<p>Una parte que protesta s\u00f3lo puede impugnar un testamento si se encuentra dentro de una de dos categor\u00edas. En primer lugar, los mencionados en el testamento, conocidos como beneficiarios del testamento, pueden impugnarlo formalmente. Alternativamente, si el retador puede heredar de acuerdo con las leyes de intestado (como un miembro de la familia), pero no figura en el testamento o est\u00e1 expresamente desheredado, puede intentar impugnar. Si uno no es nombrado beneficiario en el testamento y no es un miembro de la familia elegible para la herencia, conocido como beneficiario distribuido, no puede presentar una impugnaci\u00f3n formal.<\/p>\n\n\n\n<p>Para impugnar con \u00e9xito un testamento, la parte que protesta debe demostrar que el testamento no es v\u00e1lido. Hay varios escenarios bajo los cuales no se puede admitir un testamento, que incluyen, entre otros:<\/p>\n\n\n\n<ul class=\"wp-block-list\">\n<li><em>Influencia indebida<\/em> &#8211; Si el testador alter\u00f3 su testamento bajo amenaza de fuerza u otras persuasiones, se dice que estuvo bajo influencia indebida.<\/li>\n\n\n\n<li><em>Incapacidad mental<\/em>: de manera similar, si se demuestra que el testador se encontraba en un estado mental incapacitado o deteriorado de otro modo en el momento en que se ejecut\u00f3 el testamento, \u00e9ste puede considerarse nulo.<\/li>\n\n\n\n<li><em>El testamento no sigue el procedimiento<\/em>: un testamento puede impugnarse si se firm\u00f3 en ausencia de testigos, no fue firmado por el testador o no se ejecut\u00f3 de acuerdo con la ley.<\/li>\n\n\n\n<li><em>El testamento fue revocado<\/em> &#8211; Si el testamento fue revocado despu\u00e9s de su firma, tambi\u00e9n se considerar\u00e1 nulo. Un testamento, matrimonio o acci\u00f3n legal posterior tambi\u00e9n puede revocar un testamento.<\/li>\n\n\n\n<li><em>Fraude<\/em> &#8211; Por \u00faltimo, la parte que protesta puede impugnar si tiene pruebas de que el testador fue enga\u00f1ado deliberadamente por un tercero.<\/li>\n<\/ul>\n\n\n\n<h3 class=\"wp-block-heading\">Litigio Patrimonial Cuando No Hay Testamento<\/h3>\n\n\n\n<p><span style=\"font-weight: 400\">En los casos en los que no existe un testamento v\u00e1lido, entran en vigor las leyes de intestado que indican qu\u00e9 bienes debe recibir cada miembro de la familia. Normalmente, la herencia se concede a los miembros de la familia seg\u00fan un orden espec\u00edfico. Una vez que las deudas del difunto han sido pagadas con cargo al patrimonio, los activos restantes se distribuyen entre el c\u00f3nyuge, hijos, padres, hermanos, abuelos, nietos o bisnietos del testador. Los miembros de la familia que son parientes mestizos generalmente se consideran como si fueran de pura sangre.<\/span><\/p>\n\n\n\n<h4 class=\"wp-block-heading\"><strong>Comun\u00edquese Con Nuestro Abogado de Litigios Patrimoniales de Syracuse Y El Centro de Nueva York<\/strong><\/h4>\n\n\n\n<p><span style=\"font-weight: 400\">Sin la gu\u00eda de un abogado especializado en litigios patrimoniales, la red de reglas involucradas en el proceso puede ser abrumadora y provocar errores graves o incluso la p\u00e9rdida de los derechos. Si usted es albacea, fideicomisario, beneficiario o alguien excluido indebidamente de un testamento, <a href=\"\/es\/contacto\/\">comun\u00edquese<\/a> con nuestros abogados de litigios patrimoniales para analizar sus opciones.<\/span><\/p>\n","protected":false},"excerpt":{"rendered":"<p>Un testamento redactado correctamente debe identificar claramente a todos los beneficiarios y no dejar ambig\u00fcedades en torno a las intenciones del testador. Desafortunadamente, los documentos de planificaci\u00f3n patrimonial, ya sean testamentos o fideicomisos, no siempre reflejan claramente las intenciones del testador. Incluso si el lenguaje de los documentos es claro, las partes pueden tener otras&#8230;<\/p>\n","protected":false},"author":17,"featured_media":0,"parent":1390,"menu_order":0,"comment_status":"closed","ping_status":"closed","template":"","meta":{"_acf_changed":false,"footnotes":""},"tags":[],"class_list":["post-1392","page","type-page","status-publish","hentry"],"acf":[],"yoast_head":"<!-- This site is optimized with the Yoast SEO plugin v27.3 - https:\/\/yoast.com\/product\/yoast-seo-wordpress\/ -->\n<title>Abogados de Litigios Patrimoniales de Centro de Nueva York<\/title>\n<meta name=\"description\" content=\"Si necesita impugnar un testamento, comun\u00edquese con nuestros abogados de litigios patrimoniales en el Centro de Nueva York.\" \/>\n<meta name=\"robots\" content=\"index, follow, max-snippet:-1, max-image-preview:large, max-video-preview:-1\" \/>\n<link rel=\"canonical\" href=\"https:\/\/lawcdh.com\/es\/areas-de-practica\/planificacion-patrimonial\/litigio-patrimonial\/\" \/>\n<meta property=\"og:locale\" content=\"es_MX\" \/>\n<meta property=\"og:type\" content=\"article\" \/>\n<meta property=\"og:title\" content=\"Abogados de Litigios Patrimoniales de Centro de Nueva York\" \/>\n<meta property=\"og:description\" content=\"Si necesita impugnar un testamento, comun\u00edquese con nuestros abogados de litigios patrimoniales en el Centro de Nueva York.\" \/>\n<meta property=\"og:url\" content=\"https:\/\/lawcdh.com\/es\/areas-de-practica\/planificacion-patrimonial\/litigio-patrimonial\/\" \/>\n<meta property=\"og:site_name\" content=\"CDH Law PLLC ES\" \/>\n<meta property=\"article:modified_time\" content=\"2024-02-01T15:29:54+00:00\" \/>\n<meta name=\"twitter:card\" content=\"summary_large_image\" \/>\n<meta name=\"twitter:label1\" content=\"Est. reading time\" \/>\n\t<meta name=\"twitter:data1\" content=\"3 minutos\" \/>\n<script type=\"application\/ld+json\" class=\"yoast-schema-graph\">{\"@context\":\"https:\\\/\\\/schema.org\",\"@graph\":[{\"@type\":\"WebPage\",\"@id\":\"https:\\\/\\\/lawcdh.com\\\/es\\\/areas-de-practica\\\/planificacion-patrimonial\\\/litigio-patrimonial\\\/\",\"url\":\"https:\\\/\\\/lawcdh.com\\\/es\\\/areas-de-practica\\\/planificacion-patrimonial\\\/litigio-patrimonial\\\/\",\"name\":\"Abogados de Litigios Patrimoniales de Centro de Nueva York\",\"isPartOf\":{\"@id\":\"https:\\\/\\\/lawcdh.com\\\/es\\\/#website\"},\"datePublished\":\"2020-02-12T21:26:13+00:00\",\"dateModified\":\"2024-02-01T15:29:54+00:00\",\"description\":\"Si necesita impugnar un testamento, comun\u00edquese con nuestros abogados de litigios patrimoniales en el Centro de Nueva York.\",\"breadcrumb\":{\"@id\":\"https:\\\/\\\/lawcdh.com\\\/es\\\/areas-de-practica\\\/planificacion-patrimonial\\\/litigio-patrimonial\\\/#breadcrumb\"},\"inLanguage\":\"es\",\"potentialAction\":[{\"@type\":\"ReadAction\",\"target\":[\"https:\\\/\\\/lawcdh.com\\\/es\\\/areas-de-practica\\\/planificacion-patrimonial\\\/litigio-patrimonial\\\/\"]}]},{\"@type\":\"BreadcrumbList\",\"@id\":\"https:\\\/\\\/lawcdh.com\\\/es\\\/areas-de-practica\\\/planificacion-patrimonial\\\/litigio-patrimonial\\\/#breadcrumb\",\"itemListElement\":[{\"@type\":\"ListItem\",\"position\":1,\"name\":\"Home\",\"item\":\"https:\\\/\\\/lawcdh.com\\\/es\\\/\"},{\"@type\":\"ListItem\",\"position\":2,\"name\":\"\u00c1reas de Pr\u00e1ctica\",\"item\":\"https:\\\/\\\/lawcdh.com\\\/es\\\/areas-de-practica\\\/\"},{\"@type\":\"ListItem\",\"position\":3,\"name\":\"Planificaci\u00f3n Patrimonial\",\"item\":\"https:\\\/\\\/lawcdh.com\\\/es\\\/areas-de-practica\\\/planificacion-patrimonial\\\/\"},{\"@type\":\"ListItem\",\"position\":4,\"name\":\"Litigio Patrimonial\"}]},{\"@type\":\"WebSite\",\"@id\":\"https:\\\/\\\/lawcdh.com\\\/es\\\/#website\",\"url\":\"https:\\\/\\\/lawcdh.com\\\/es\\\/\",\"name\":\"CDH Law PLLC ES\",\"description\":\"\",\"potentialAction\":[{\"@type\":\"SearchAction\",\"target\":{\"@type\":\"EntryPoint\",\"urlTemplate\":\"https:\\\/\\\/lawcdh.com\\\/es\\\/?s={search_term_string}\"},\"query-input\":{\"@type\":\"PropertyValueSpecification\",\"valueRequired\":true,\"valueName\":\"search_term_string\"}}],\"inLanguage\":\"es\"}]}<\/script>\n<!-- \/ Yoast SEO plugin. -->","yoast_head_json":{"title":"Abogados de Litigios Patrimoniales de Centro de Nueva York","description":"Si necesita impugnar un testamento, comun\u00edquese con nuestros abogados de litigios patrimoniales en el Centro de Nueva York.","robots":{"index":"index","follow":"follow","max-snippet":"max-snippet:-1","max-image-preview":"max-image-preview:large","max-video-preview":"max-video-preview:-1"},"canonical":"https:\/\/lawcdh.com\/es\/areas-de-practica\/planificacion-patrimonial\/litigio-patrimonial\/","og_locale":"es_MX","og_type":"article","og_title":"Abogados de Litigios Patrimoniales de Centro de Nueva York","og_description":"Si necesita impugnar un testamento, comun\u00edquese con nuestros abogados de litigios patrimoniales en el Centro de Nueva York.","og_url":"https:\/\/lawcdh.com\/es\/areas-de-practica\/planificacion-patrimonial\/litigio-patrimonial\/","og_site_name":"CDH Law PLLC ES","article_modified_time":"2024-02-01T15:29:54+00:00","twitter_card":"summary_large_image","twitter_misc":{"Est. reading time":"3 minutos"},"schema":{"@context":"https:\/\/schema.org","@graph":[{"@type":"WebPage","@id":"https:\/\/lawcdh.com\/es\/areas-de-practica\/planificacion-patrimonial\/litigio-patrimonial\/","url":"https:\/\/lawcdh.com\/es\/areas-de-practica\/planificacion-patrimonial\/litigio-patrimonial\/","name":"Abogados de Litigios Patrimoniales de Centro de Nueva York","isPartOf":{"@id":"https:\/\/lawcdh.com\/es\/#website"},"datePublished":"2020-02-12T21:26:13+00:00","dateModified":"2024-02-01T15:29:54+00:00","description":"Si necesita impugnar un testamento, comun\u00edquese con nuestros abogados de litigios patrimoniales en el Centro de Nueva York.","breadcrumb":{"@id":"https:\/\/lawcdh.com\/es\/areas-de-practica\/planificacion-patrimonial\/litigio-patrimonial\/#breadcrumb"},"inLanguage":"es","potentialAction":[{"@type":"ReadAction","target":["https:\/\/lawcdh.com\/es\/areas-de-practica\/planificacion-patrimonial\/litigio-patrimonial\/"]}]},{"@type":"BreadcrumbList","@id":"https:\/\/lawcdh.com\/es\/areas-de-practica\/planificacion-patrimonial\/litigio-patrimonial\/#breadcrumb","itemListElement":[{"@type":"ListItem","position":1,"name":"Home","item":"https:\/\/lawcdh.com\/es\/"},{"@type":"ListItem","position":2,"name":"\u00c1reas de Pr\u00e1ctica","item":"https:\/\/lawcdh.com\/es\/areas-de-practica\/"},{"@type":"ListItem","position":3,"name":"Planificaci\u00f3n Patrimonial","item":"https:\/\/lawcdh.com\/es\/areas-de-practica\/planificacion-patrimonial\/"},{"@type":"ListItem","position":4,"name":"Litigio Patrimonial"}]},{"@type":"WebSite","@id":"https:\/\/lawcdh.com\/es\/#website","url":"https:\/\/lawcdh.com\/es\/","name":"CDH Law PLLC ES","description":"","potentialAction":[{"@type":"SearchAction","target":{"@type":"EntryPoint","urlTemplate":"https:\/\/lawcdh.com\/es\/?s={search_term_string}"},"query-input":{"@type":"PropertyValueSpecification","valueRequired":true,"valueName":"search_term_string"}}],"inLanguage":"es"}]}},"_links":{"self":[{"href":"https:\/\/lawcdh.com\/es\/wp-json\/wp\/v2\/pages\/1392","targetHints":{"allow":["GET"]}}],"collection":[{"href":"https:\/\/lawcdh.com\/es\/wp-json\/wp\/v2\/pages"}],"about":[{"href":"https:\/\/lawcdh.com\/es\/wp-json\/wp\/v2\/types\/page"}],"author":[{"embeddable":true,"href":"https:\/\/lawcdh.com\/es\/wp-json\/wp\/v2\/users\/17"}],"replies":[{"embeddable":true,"href":"https:\/\/lawcdh.com\/es\/wp-json\/wp\/v2\/comments?post=1392"}],"version-history":[{"count":0,"href":"https:\/\/lawcdh.com\/es\/wp-json\/wp\/v2\/pages\/1392\/revisions"}],"up":[{"embeddable":true,"href":"https:\/\/lawcdh.com\/es\/wp-json\/wp\/v2\/pages\/1390"}],"wp:attachment":[{"href":"https:\/\/lawcdh.com\/es\/wp-json\/wp\/v2\/media?parent=1392"}],"wp:term":[{"taxonomy":"post_tag","embeddable":true,"href":"https:\/\/lawcdh.com\/es\/wp-json\/wp\/v2\/tags?post=1392"}],"curies":[{"name":"wp","href":"https:\/\/api.w.org\/{rel}","templated":true}]}}