{"id":1393,"date":"2020-02-12T21:18:40","date_gmt":"2020-02-12T21:18:40","guid":{"rendered":"https:\/\/lawcdh.com\/?page_id=1393"},"modified":"2024-02-01T15:40:49","modified_gmt":"2024-02-01T15:40:49","slug":"planificacion-patrimonial-de-alto-patrimonio","status":"publish","type":"page","link":"https:\/\/lawcdh.com\/es\/areas-de-practica\/planificacion-patrimonial\/planificacion-patrimonial-de-alto-patrimonio\/","title":{"rendered":"Planificaci\u00f3n Patrimonial de Alto Patrimonio Neto"},"content":{"rendered":"\n<p>Ha trabajado duro toda su vida para mantener a su familia y hacer que sus seres queridos est\u00e9n m\u00e1s seguros. Sin estrategias avanzadas de <a href=\"https:\/\/lawcdh.com\/es\/areas-de-practica\/planificacion-patrimonial\/\">planificaci\u00f3n patrimonial<\/a>, muchos de los activos importantes que ha acumulado pueden terminar en manos del IRS y de las autoridades fiscales estatales. Nuestra firma ayuda regularmente a familias adineradas con estrategias sofisticadas de planificaci\u00f3n patrimonial de alto patrimonio, como <em>sociedades limitadas familiares <\/em>o<em> compa\u00f1\u00edas de responsabilidad limitada, fideicomisos de residencia personal, fideicomisos de seguros de vida irrevocables y una amplia gama de t\u00e9cnicas de donaciones caritativas para reducir los impuestos federales sobre el patrimonio, los impuestos sobre donaciones y los impuestos de generaci\u00f3n. Saltarse los impuestos de transferencia.<\/em><\/p>\n\n\n\n<h2 class=\"wp-block-heading\" id=\"tacticas-comunes-de-planificacion-patrimonial-de-alto-patrimonio-neto\">T\u00e1cticas Comunes de Planificaci\u00f3n Patrimonial de Alto Patrimonio Neto<\/h2>\n\n\n\n<h3 class=\"wp-block-heading\">Sociedades en Comandita Familiar<\/h3>\n\n\n\n<p>Una sociedad limitada familiar (FLP) es una forma de sociedad limitada entre miembros de una familia. Las principales ventajas de formar y financiar un FLP implican ahorros en impuestos sobre sucesiones y donaciones y protecci\u00f3n de activos. Un FLP tambi\u00e9n le permite conservar el control sobre los activos transferidos mientras disfruta de estas ventajas.<\/p>\n\n\n\n<p>Una vez que se establece el FLP y se le transfieren sus activos, puede hacer donaciones de intereses de sociedad limitada a sus hijos u otros beneficiarios. Esto logra varios objetivos diferentes de planificaci\u00f3n patrimonial simult\u00e1neamente.<\/p>\n\n\n\n<p>En primer lugar, el valor de cada inter\u00e9s de sociedad limitada que usted regala disminuye el valor de su patrimonio sujeto a impuestos y, en consecuencia, cualquier impuesto que sus herederos tendr\u00edan que pagar tras su muerte. Las donaciones se realizan utilizando la exclusi\u00f3n anual del impuesto sobre donaciones, por lo que no tiene que pagar ning\u00fan impuesto sobre donaciones por la transferencia.<\/p>\n\n\n\n<p>En segundo lugar, el valor de los intereses de la sociedad transferidos a sus beneficiarios es mucho menor que el valor correspondiente de los activos de la sociedad. Dado que los socios comanditarios no tienen la capacidad de dirigir o controlar la operaci\u00f3n diaria de la sociedad, se puede aplicar un descuento minoritario para reducir el valor de los intereses de la sociedad comanditaria que usted est\u00e1 donando. Adem\u00e1s, debido a que la sociedad es una entidad cerrada y no cotiza en bolsa, se puede aplicar un descuento basado en la falta de comerciabilidad del inter\u00e9s de la sociedad limitada. Esto le permite aprovechar el FLP como veh\u00edculo para transferir m\u00e1s riqueza a sus beneficiarios, manteniendo al mismo tiempo el control de los activos subyacentes. Por \u00faltimo, una FLP adecuadamente estructurada puede tener caracter\u00edsticas de protecci\u00f3n de los acreedores, ya que los socios generales no est\u00e1n obligados a distribuir las ganancias de la sociedad.<\/p>\n\n\n\n<h3 class=\"wp-block-heading\">Fideicomisos de Residencia Personal Calificados<\/h3>\n\n\n\n<p>Nuestras casas son a menudo nuestros activos m\u00e1s valiosos y, por lo tanto, uno de los componentes m\u00e1s grandes de nuestro patrimonio sujeto a impuestos. Un Fideicomiso de Residencia Personal Calificado o QPRT (pronunciado \u201ccue-pert\u201d le permite regalar su casa o casa de vacaciones con un gran descuento, congelar su valor a efectos del impuesto sobre el patrimonio y seguir viviendo en ella. As\u00ed es como se crea obras: Usted transfiere el t\u00edtulo de su casa al QPRT (generalmente para el beneficio de los miembros de su familia), reserv\u00e1ndose el derecho de vivir en la casa por un n\u00famero espec\u00edfico de a\u00f1os. Si vive hasta el final del per\u00edodo especificado, el La casa (as\u00ed como cualquier apreciaci\u00f3n de su valor desde la transferencia) pasa a sus hijos u otros beneficiarios libres de impuestos adicionales sobre sucesiones o donaciones. Despu\u00e9s del final del per\u00edodo especificado, puede continuar viviendo en la casa, pero debe pagar. alquilar a su familia o beneficiario designado para evitar la inclusi\u00f3n de la residencia en su patrimonio. Esto puede ser un beneficio adicional ya que sirve para reducir a\u00fan m\u00e1s el valor de su patrimonio imponible, aunque los ingresos por alquiler tienen consecuencias fiscales para su familia. Si muere antes del final del per\u00edodo, el valor total de la casa se incluir\u00e1 en su patrimonio a efectos del impuesto sobre el patrimonio, aunque en la mayor\u00eda de los casos no estar\u00e1 en peor situaci\u00f3n que si no hubiera establecido un QPRT. Un beneficio adicional del QPRT es que tambi\u00e9n sirve como un excelente veh\u00edculo de protecci\u00f3n de activos\/acreedores, ya que t\u00e9cnicamente usted ya no es propietario de la propiedad una vez que se establece el fideicomiso y su residencia se transfiere al QPRT.<\/p>\n\n\n\n<h3 class=\"wp-block-heading\">La Planificaci\u00f3n Patrimonial de Alto Patrimonio Deber\u00eda Incluir Fideicomisos de Seguros de Vida Irrevocables<\/h3>\n\n\n\n<p>Existe la idea err\u00f3nea de que los ingresos del seguro de vida no est\u00e1n sujetos a impuestos federales sobre el patrimonio. Si bien sus seres queridos reciben las ganancias libres de impuestos sobre la renta, son contables como parte de su patrimonio imponible y, por lo tanto, sus seres queridos pueden perder aproximadamente la mitad de su valor en impuestos sobre el patrimonio.<\/p>\n\n\n\n<p>Un Fideicomiso de Seguro de Vida Irrevocable se crea espec\u00edficamente con el prop\u00f3sito de ser propietario de su p\u00f3liza de seguro de vida. Un fideicomiso debidamente establecido y administrado mantiene la p\u00f3liza fuera de su patrimonio y evita que las ganancias est\u00e9n sujetas a impuestos a su patrimonio. Los ingresos de la p\u00f3liza de seguro se pueden utilizar para proporcionar a su patrimonio la liquidez necesaria para pagar impuestos sobre el patrimonio, saldar deudas, pagar gastos finales y proporcionar ingresos a un c\u00f3nyuge o hijos sobrevivientes. El ILIT ser\u00e1 el titular y beneficiario de la p\u00f3liza. Una vez establecido su fideicomiso, puede utilizar su exclusi\u00f3n anual del impuesto sobre donaciones para realizar donaciones en efectivo a su fideicomiso. Sus beneficiarios renuncian a la donaci\u00f3n presente (en lugar de los ingresos futuros) y el fideicomisario utiliza la donaci\u00f3n restante para pagar la prima de la p\u00f3liza de seguro de vida.<\/p>\n\n\n\n<p>Hay muchas opciones disponibles al configurar un ILIT. Por ejemplo, los ILIT se pueden estructurar para proporcionar ingresos a un c\u00f3nyuge sobreviviente y el resto a sus hijos de un matrimonio anterior. Tambi\u00e9n puede prever la distribuci\u00f3n de una cantidad limitada de los ingresos del seguro durante un per\u00edodo de tiempo a un ni\u00f1o financieramente irresponsable.<\/p>\n\n\n\n<h4 class=\"wp-block-heading\">Comun\u00edquese Con Nuestro Abogado de Planificaci\u00f3n Patrimonial de Alto Patrimonio Neto de Syracuse Y El Centro de Nueva York<\/h4>\n\n\n\n<p>Nuestra firma se dedica a ayudar a los clientes a tomar decisiones educadas e informadas sobre sus activos y trabajar\u00e1 con usted y su equipo de asesores financieros y contadores p\u00fablicos para implementar un plan patrimonial altamente sofisticado y eficaz que permita la m\u00e1xima transferencia de activos a sus seres queridos. <a href=\"\/es\/contacto\/\">Cont\u00e1ctenos<\/a> hoy para una consulta sobre sus necesidades de planificaci\u00f3n patrimonial.<\/p>\n","protected":false},"excerpt":{"rendered":"<p>Ha trabajado duro toda su vida para mantener a su familia y hacer que sus seres queridos est\u00e9n m\u00e1s seguros. Sin estrategias avanzadas de planificaci\u00f3n patrimonial, muchos de los activos importantes que ha acumulado pueden terminar en manos del IRS y de las autoridades fiscales estatales. Nuestra firma ayuda regularmente a familias adineradas con estrategias&#8230;<\/p>\n","protected":false},"author":17,"featured_media":0,"parent":1390,"menu_order":0,"comment_status":"closed","ping_status":"closed","template":"","meta":{"_acf_changed":false,"footnotes":""},"tags":[],"class_list":["post-1393","page","type-page","status-publish","hentry"],"acf":[],"yoast_head":"<!-- This site is optimized with the Yoast SEO plugin v27.5 - https:\/\/yoast.com\/product\/yoast-seo-wordpress\/ -->\n<title>Abogado de Planificaci\u00f3n Patrimonial de Alto Patrimonio Neto<\/title>\n<meta name=\"description\" content=\"Nuestros abogados de planificaci\u00f3n patrimonial de alto patrimonio pueden ayudarle a proteger sus activos. Cont\u00e1ctenos.\" \/>\n<meta name=\"robots\" content=\"index, follow, max-snippet:-1, max-image-preview:large, max-video-preview:-1\" \/>\n<link rel=\"canonical\" href=\"https:\/\/lawcdh.com\/es\/areas-de-practica\/planificacion-patrimonial\/planificacion-patrimonial-de-alto-patrimonio\/\" \/>\n<meta property=\"og:locale\" content=\"es_MX\" \/>\n<meta property=\"og:type\" content=\"article\" \/>\n<meta property=\"og:title\" content=\"Abogado de Planificaci\u00f3n Patrimonial de Alto Patrimonio Neto\" \/>\n<meta property=\"og:description\" content=\"Nuestros abogados de planificaci\u00f3n patrimonial de alto patrimonio pueden ayudarle a proteger sus activos. Cont\u00e1ctenos.\" \/>\n<meta property=\"og:url\" content=\"https:\/\/lawcdh.com\/es\/areas-de-practica\/planificacion-patrimonial\/planificacion-patrimonial-de-alto-patrimonio\/\" \/>\n<meta property=\"og:site_name\" content=\"CDH Law PLLC ES\" \/>\n<meta property=\"article:modified_time\" content=\"2024-02-01T15:40:49+00:00\" \/>\n<meta name=\"twitter:card\" content=\"summary_large_image\" \/>\n<meta name=\"twitter:label1\" content=\"Est. reading time\" \/>\n\t<meta name=\"twitter:data1\" content=\"5 minutos\" \/>\n<script type=\"application\/ld+json\" class=\"yoast-schema-graph\">{\"@context\":\"https:\\\/\\\/schema.org\",\"@graph\":[{\"@type\":\"WebPage\",\"@id\":\"https:\\\/\\\/lawcdh.com\\\/es\\\/areas-de-practica\\\/planificacion-patrimonial\\\/planificacion-patrimonial-de-alto-patrimonio\\\/\",\"url\":\"https:\\\/\\\/lawcdh.com\\\/es\\\/areas-de-practica\\\/planificacion-patrimonial\\\/planificacion-patrimonial-de-alto-patrimonio\\\/\",\"name\":\"Abogado de Planificaci\u00f3n Patrimonial de Alto Patrimonio Neto\",\"isPartOf\":{\"@id\":\"https:\\\/\\\/lawcdh.com\\\/es\\\/#website\"},\"datePublished\":\"2020-02-12T21:18:40+00:00\",\"dateModified\":\"2024-02-01T15:40:49+00:00\",\"description\":\"Nuestros abogados de planificaci\u00f3n patrimonial de alto patrimonio pueden ayudarle a proteger sus activos. Cont\u00e1ctenos.\",\"breadcrumb\":{\"@id\":\"https:\\\/\\\/lawcdh.com\\\/es\\\/areas-de-practica\\\/planificacion-patrimonial\\\/planificacion-patrimonial-de-alto-patrimonio\\\/#breadcrumb\"},\"inLanguage\":\"es\",\"potentialAction\":[{\"@type\":\"ReadAction\",\"target\":[\"https:\\\/\\\/lawcdh.com\\\/es\\\/areas-de-practica\\\/planificacion-patrimonial\\\/planificacion-patrimonial-de-alto-patrimonio\\\/\"]}]},{\"@type\":\"BreadcrumbList\",\"@id\":\"https:\\\/\\\/lawcdh.com\\\/es\\\/areas-de-practica\\\/planificacion-patrimonial\\\/planificacion-patrimonial-de-alto-patrimonio\\\/#breadcrumb\",\"itemListElement\":[{\"@type\":\"ListItem\",\"position\":1,\"name\":\"Home\",\"item\":\"https:\\\/\\\/lawcdh.com\\\/es\\\/\"},{\"@type\":\"ListItem\",\"position\":2,\"name\":\"\u00c1reas de Pr\u00e1ctica\",\"item\":\"https:\\\/\\\/lawcdh.com\\\/es\\\/areas-de-practica\\\/\"},{\"@type\":\"ListItem\",\"position\":3,\"name\":\"Planificaci\u00f3n Patrimonial\",\"item\":\"https:\\\/\\\/lawcdh.com\\\/es\\\/areas-de-practica\\\/planificacion-patrimonial\\\/\"},{\"@type\":\"ListItem\",\"position\":4,\"name\":\"Planificaci\u00f3n Patrimonial de Alto Patrimonio Neto\"}]},{\"@type\":\"WebSite\",\"@id\":\"https:\\\/\\\/lawcdh.com\\\/es\\\/#website\",\"url\":\"https:\\\/\\\/lawcdh.com\\\/es\\\/\",\"name\":\"CDH Law PLLC ES\",\"description\":\"\",\"potentialAction\":[{\"@type\":\"SearchAction\",\"target\":{\"@type\":\"EntryPoint\",\"urlTemplate\":\"https:\\\/\\\/lawcdh.com\\\/es\\\/?s={search_term_string}\"},\"query-input\":{\"@type\":\"PropertyValueSpecification\",\"valueRequired\":true,\"valueName\":\"search_term_string\"}}],\"inLanguage\":\"es\"}]}<\/script>\n<!-- \/ Yoast SEO plugin. -->","yoast_head_json":{"title":"Abogado de Planificaci\u00f3n Patrimonial de Alto Patrimonio Neto","description":"Nuestros abogados de planificaci\u00f3n patrimonial de alto patrimonio pueden ayudarle a proteger sus activos. Cont\u00e1ctenos.","robots":{"index":"index","follow":"follow","max-snippet":"max-snippet:-1","max-image-preview":"max-image-preview:large","max-video-preview":"max-video-preview:-1"},"canonical":"https:\/\/lawcdh.com\/es\/areas-de-practica\/planificacion-patrimonial\/planificacion-patrimonial-de-alto-patrimonio\/","og_locale":"es_MX","og_type":"article","og_title":"Abogado de Planificaci\u00f3n Patrimonial de Alto Patrimonio Neto","og_description":"Nuestros abogados de planificaci\u00f3n patrimonial de alto patrimonio pueden ayudarle a proteger sus activos. Cont\u00e1ctenos.","og_url":"https:\/\/lawcdh.com\/es\/areas-de-practica\/planificacion-patrimonial\/planificacion-patrimonial-de-alto-patrimonio\/","og_site_name":"CDH Law PLLC ES","article_modified_time":"2024-02-01T15:40:49+00:00","twitter_card":"summary_large_image","twitter_misc":{"Est. reading time":"5 minutos"},"schema":{"@context":"https:\/\/schema.org","@graph":[{"@type":"WebPage","@id":"https:\/\/lawcdh.com\/es\/areas-de-practica\/planificacion-patrimonial\/planificacion-patrimonial-de-alto-patrimonio\/","url":"https:\/\/lawcdh.com\/es\/areas-de-practica\/planificacion-patrimonial\/planificacion-patrimonial-de-alto-patrimonio\/","name":"Abogado de Planificaci\u00f3n Patrimonial de Alto Patrimonio Neto","isPartOf":{"@id":"https:\/\/lawcdh.com\/es\/#website"},"datePublished":"2020-02-12T21:18:40+00:00","dateModified":"2024-02-01T15:40:49+00:00","description":"Nuestros abogados de planificaci\u00f3n patrimonial de alto patrimonio pueden ayudarle a proteger sus activos. Cont\u00e1ctenos.","breadcrumb":{"@id":"https:\/\/lawcdh.com\/es\/areas-de-practica\/planificacion-patrimonial\/planificacion-patrimonial-de-alto-patrimonio\/#breadcrumb"},"inLanguage":"es","potentialAction":[{"@type":"ReadAction","target":["https:\/\/lawcdh.com\/es\/areas-de-practica\/planificacion-patrimonial\/planificacion-patrimonial-de-alto-patrimonio\/"]}]},{"@type":"BreadcrumbList","@id":"https:\/\/lawcdh.com\/es\/areas-de-practica\/planificacion-patrimonial\/planificacion-patrimonial-de-alto-patrimonio\/#breadcrumb","itemListElement":[{"@type":"ListItem","position":1,"name":"Home","item":"https:\/\/lawcdh.com\/es\/"},{"@type":"ListItem","position":2,"name":"\u00c1reas de Pr\u00e1ctica","item":"https:\/\/lawcdh.com\/es\/areas-de-practica\/"},{"@type":"ListItem","position":3,"name":"Planificaci\u00f3n Patrimonial","item":"https:\/\/lawcdh.com\/es\/areas-de-practica\/planificacion-patrimonial\/"},{"@type":"ListItem","position":4,"name":"Planificaci\u00f3n Patrimonial de Alto Patrimonio Neto"}]},{"@type":"WebSite","@id":"https:\/\/lawcdh.com\/es\/#website","url":"https:\/\/lawcdh.com\/es\/","name":"CDH Law PLLC ES","description":"","potentialAction":[{"@type":"SearchAction","target":{"@type":"EntryPoint","urlTemplate":"https:\/\/lawcdh.com\/es\/?s={search_term_string}"},"query-input":{"@type":"PropertyValueSpecification","valueRequired":true,"valueName":"search_term_string"}}],"inLanguage":"es"}]}},"_links":{"self":[{"href":"https:\/\/lawcdh.com\/es\/wp-json\/wp\/v2\/pages\/1393","targetHints":{"allow":["GET"]}}],"collection":[{"href":"https:\/\/lawcdh.com\/es\/wp-json\/wp\/v2\/pages"}],"about":[{"href":"https:\/\/lawcdh.com\/es\/wp-json\/wp\/v2\/types\/page"}],"author":[{"embeddable":true,"href":"https:\/\/lawcdh.com\/es\/wp-json\/wp\/v2\/users\/17"}],"replies":[{"embeddable":true,"href":"https:\/\/lawcdh.com\/es\/wp-json\/wp\/v2\/comments?post=1393"}],"version-history":[{"count":0,"href":"https:\/\/lawcdh.com\/es\/wp-json\/wp\/v2\/pages\/1393\/revisions"}],"up":[{"embeddable":true,"href":"https:\/\/lawcdh.com\/es\/wp-json\/wp\/v2\/pages\/1390"}],"wp:attachment":[{"href":"https:\/\/lawcdh.com\/es\/wp-json\/wp\/v2\/media?parent=1393"}],"wp:term":[{"taxonomy":"post_tag","embeddable":true,"href":"https:\/\/lawcdh.com\/es\/wp-json\/wp\/v2\/tags?post=1393"}],"curies":[{"name":"wp","href":"https:\/\/api.w.org\/{rel}","templated":true}]}}