{"id":1428,"date":"2020-02-25T17:34:17","date_gmt":"2020-02-25T17:34:17","guid":{"rendered":"https:\/\/lawcdh.com\/?page_id=1428"},"modified":"2024-01-30T17:49:48","modified_gmt":"2024-01-30T17:49:48","slug":"defensa-del-crimen-federal","status":"publish","type":"page","link":"https:\/\/lawcdh.com\/es\/areas-de-practica\/defensa-criminal\/defensa-del-crimen-federal\/","title":{"rendered":"Delitos Federales"},"content":{"rendered":"\n<p>Una condena por un delito federal conlleva sanciones graves, que incluyen penas de c\u00e1rcel importantes, multas y libertad condicional. Estamos familiarizados con las leyes federales y entendemos los desaf\u00edos que enfrentan los acusados penales en los tribunales federales. Sabiendo que es posible que no tenga experiencia con el sistema judicial, lo ayudaremos a navegar el proceso y luchar incansablemente para proteger su libertad.<\/p>\n\n\n\n<h2 class=\"wp-block-heading\" id=\"por-que-necesito-un-abogado-defensor-penal-federal\">\u00bfPor Qu\u00e9 Necesito Un Abogado Defensor Penal Federal?<\/h2>\n\n\n\n<p>Aunque la mayor\u00eda de los procesos penales se llevan a cabo en tribunales estatales, las leyes federales tipifican ciertos delitos como delitos federales. Los delitos federales com\u00fanmente acusados incluyen delitos relacionados con drogas, fraude postal, pornograf\u00eda infantil, robo de identidad y delitos inform\u00e1ticos. En \u00faltima instancia, la experiencia en defensa penal a nivel estatal no es suficiente cuando se trata de defensa federal. Los juicios penales federales suelen ser incre\u00edblemente complejos y se rigen por estrictas normas de procedimiento.<span style=\"font-weight: 400\">\u00a0<\/span><\/p>\n\n\n\n<h3 class=\"wp-block-heading\">Delitos Federales de Cuello Blanco<\/h3>\n\n\n\n<p>El C\u00f3digo de los Estados Unidos enumera m\u00e1s de 200 delitos federales, muchos de los cuales entran en la categor\u00eda de <a href=\"https:\/\/lawcdh.com\/es\/areas-de-practica\/defensa-criminal\/delito-de-cuello-blanco\/\">delitos de cuello blanco<\/a>: delitos no violentos motivados por ganancias financieras. Los delitos de cuello blanco incluyen:<\/p>\n\n\n\n<ul class=\"wp-block-list\">\n<li>Fraude bancario<\/li>\n\n\n\n<li>Fraude de tarjeta de credito<\/li>\n\n\n\n<li>Malversaci\u00f3n<\/li>\n\n\n\n<li>El robo de identidad<\/li>\n\n\n\n<li>Fraude en atenci\u00f3n m\u00e9dica (fraude a Medicare\/Medicaid)<\/li>\n\n\n\n<li>Fraude de seguro<\/li>\n\n\n\n<li>Lavado de dinero<\/li>\n\n\n\n<li>Fraude hipotecario\/fraude inmobiliario<\/li>\n\n\n\n<li>Fraude de seguridad<\/li>\n\n\n\n<li>Fraude fiscal<\/li>\n\n\n\n<li>Fraude postal\/fraude electr\u00f3nico<\/li>\n<\/ul>\n\n\n\n<p><span style=\"font-weight: 400\">Las consecuencias de una condena por delitos de cuello blanco son graves e incluyen penas de prisi\u00f3n, multas, detenci\u00f3n domiciliaria, confinamiento comunitario y el pago de las costas del proceso. Cuando una v\u00edctima de un delito de cuello blanco sufre un da\u00f1o financiero sustancial, las Directrices Federales de Sentencia exigen penas de prisi\u00f3n m\u00e1s largas.<\/span><\/p>\n\n\n\n<h3 class=\"wp-block-heading\">Abogados de Cargos Federales Por Drogas<\/h3>\n\n\n\n<p><a href=\"https:\/\/lawcdh.com\/es\/areas-de-practica\/delitos-de-drogas\/\">La Ley Federal de Sustancias Controladas<\/a> criminaliza la <a href=\"https:\/\/lawcdh.com\/es\/areas-de-practica\/delitos-de-drogas\/posesion-de-drogas\/\">posesi\u00f3n y distribuci\u00f3n de ciertas drogas<\/a>. La <a href=\"https:\/\/www.usa.gov\/es\/agencias\/administracion-de-control-de-drogas\" target=\"_blank\" rel=\"noreferrer noopener\">Administraci\u00f3n de Control de Drogas (DEA)<\/a> hace cumplir las leyes descritas en la Ley de Sustancias Controladas. La Ley clasifica las drogas en cinco Listas o categor\u00edas diferentes. La ley tambi\u00e9n establece regulaciones para la distribuci\u00f3n y fabricaci\u00f3n de medicamentos. La Ley define los siguientes delitos federales relacionados con las drogas:<\/p>\n\n\n\n<ul class=\"wp-block-list\">\n<li>Fabricaci\u00f3n de medicamentos<\/li>\n\n\n\n<li>El tr\u00e1fico de drogas<\/li>\n\n\n\n<li>Continuos delitos de empresas criminales<\/li>\n\n\n\n<li>Conspiraci\u00f3n para fabricar, distribuir o importar drogas ilegales<\/li>\n\n\n\n<li>Distribuir drogas il\u00edcitas en lugares ilegales o a personas menores de 21 a\u00f1os.<\/li>\n\n\n\n<li>Posesi\u00f3n simple de sustancias controladas sin receta v\u00e1lida<\/li>\n\n\n\n<li>Invertir las ganancias de la venta de drogas ilegales en negocios interestatales<\/li>\n<\/ul>\n\n\n\n<h3 class=\"wp-block-heading\">Cargos Federales Por Armas de Fuego<\/h3>\n\n\n\n<p>Varias leyes federales regulan la compra y posesi\u00f3n de armas de fuego. Muchos neoyorquinos no se dan cuenta de que pueden enfrentar cargos tanto estatales como federales relacionados con armas de fuego. El uso de un arma de fuego en la comisi\u00f3n de otro delito puede resultar en mejoras significativas en la sentencia. La mayor\u00eda de los cargos federales por armas de fuego implican la posesi\u00f3n, uso, transferencia, env\u00edo y adquisici\u00f3n ilegal de armas de fuego. Los fiscales federales acusan con mayor frecuencia los siguientes delitos:<\/p>\n\n\n\n<ul class=\"wp-block-list\">\n<li>Delito de posesi\u00f3n de arma de fuego<\/li>\n\n\n\n<li>Usar o portar un arma de fuego al cometer un delito de violencia.<\/li>\n\n\n\n<li>Hacer declaraciones falsas sobre la compra de armas de fuego.<\/li>\n\n\n\n<li>Delitos con armas de fuego robadas<\/li>\n\n\n\n<li>Posesi\u00f3n y venta de armas de fuego con n\u00fameros de serie alterados o borrados<\/li>\n\n\n\n<li>Posesi\u00f3n o transferencia ilegal de ametralladoras<\/li>\n<\/ul>\n\n\n\n<h3 class=\"wp-block-heading\">Cargos de Abuso Sexual de Un Menor<\/h3>\n\n\n\n<p>Aunque los gobiernos estatales tradicionalmente persiguen <a href=\"https:\/\/lawcdh.com\/es\/areas-de-practica\/defensa-criminal\/delitos-sexuales\/\">delitos sexuales<\/a>, los procesamientos federales por delitos sexuales han aumentado en los \u00faltimos cuarenta a\u00f1os. Para asegurar una condena por abuso sexual de un menor, los fiscales federales deben demostrar que el acusado particip\u00f3 o intent\u00f3 participar a sabiendas en un acto sexual con una persona (1) entre las edades de 12 y 16 a\u00f1os, y (2) al menos cuatro a\u00f1os menor que el acusado. Los acusados condenados por abuso sexual de un menor se enfrentan a una pena m\u00e1xima de prisi\u00f3n de 15 a\u00f1os.<\/p>\n\n\n\n<h3 class=\"wp-block-heading\">Cargos Federales de Pornograf\u00eda Infantil<\/h3>\n\n\n\n<p>La posesi\u00f3n, distribuci\u00f3n o producci\u00f3n de pornograf\u00eda infantil es un delito federal. La pornograf\u00eda infantil incluye cualquier fotograf\u00eda, pel\u00edcula, video, imagen generada por computadora u otra representaci\u00f3n visual que muestre una conducta sexualmente expl\u00edcita que involucre a un menor. La pornograf\u00eda debe producirse por medios electr\u00f3nicos o mec\u00e1nicos, incluida la modificaci\u00f3n o creaci\u00f3n de im\u00e1genes visuales.<\/p>\n\n\n\n<p>Las penas por delitos federales de pornograf\u00eda son severas. La pena por obligar a un menor a participar en conductas sexualmente expl\u00edcitas para producir pornograf\u00eda es una pena de 15 a 30 a\u00f1os de prisi\u00f3n. La mayor\u00eda de las condenas por pornograf\u00eda infantil resultan en sentencias de entre 5 y 20 a\u00f1os. Las condenas repetidas aumentar\u00e1n la duraci\u00f3n de la pena de prisi\u00f3n por condenas por pornograf\u00eda infantil.<\/p>\n\n\n\n<h2 class=\"wp-block-heading\" id=\"pautas-federales-para-sentencias-por-delitos\">Pautas Federales Para Sentencias Por Delitos<\/h2>\n\n\n\n<p><span style=\"font-weight: 400\">Los tribunales federales utilizan las Pautas federales de sentencias al sentenciar a los acusados condenados por delitos federales. Los jueces federales consideran, entre otros, los siguientes factores al dictar sentencia:<\/span><\/p>\n\n\n\n<ul class=\"wp-block-list\">\n<li>Si el delito implic\u00f3 o no lesiones a otra persona<\/li>\n\n\n\n<li>Si el acusado pose\u00eda o us\u00f3 un arma durante el crimen<\/li>\n\n\n\n<li>Los antecedentes penales del acusado.<\/li>\n<\/ul>\n\n\n\n<p><span style=\"font-weight: 400\">Los jueces tienen la discreci\u00f3n de apartarse de las Pautas Federales de Sentencia. Sin embargo, las sentencias deben mantenerse dentro de los requisitos m\u00ednimos y m\u00e1ximos obligatorios de sentencia establecidos por los estatutos federales. Se pueden aplicar penas mejoradas cuando un delito ocurre en una zona protegida o en una escuela.<\/span><\/p>\n\n\n\n<p><span style=\"font-weight: 400\">En <a href=\"https:\/\/lawcdh.com\/es\/\">CDH Law<\/a>, nuestros abogados utilizan la evidencia recopilada en nuestra investigaci\u00f3n del caso para demostrar que los fiscales del gobierno no pueden cumplir con su carga de probar todos los elementos del delito. Adem\u00e1s, cuando los fiscales no pueden justificar los requisitos de sentencia obligatoria, luchamos arduamente para disminuir la severidad de las sentencias.<\/span><\/p>\n\n\n\n<h4 class=\"wp-block-heading\"><strong>Comun\u00edquese Con Nuestros Abogados de Delitos Federales en El Centro de Nueva York Y Syracuse<\/strong><\/h4>\n\n\n\n<p><span style=\"font-weight: 400\">Enfrentar cargos penales federales puede resultar confuso y aterrador. Los fiscales federales tienen a su disposici\u00f3n muchos equipos poderosos de abogados e investigadores. En CDH Law PLLC, tenemos las habilidades y los recursos para nivelar el campo de juego. Nuestros abogados defensores penales tienen una reputaci\u00f3n bien ganada por brindar a nuestros clientes una representaci\u00f3n poderosa y luchar para proteger sus derechos. Cuanto antes se <a href=\"\/es\/contacto\/\">comunique con nuestra oficina<\/a>, antes podremos comenzar a defender su libertad.<\/span><\/p>\n\n\n\n<p><strong><em>Carden Dotzler Hammond, PLLC representa a clientes en el centro de Nueva York, Syracuse, el condado de Monroe, el condado de Jefferson, el condado de Oswego, el condado de Ontario y el condado de Onondaga, incluidos los pueblos y aldeas de Camillus, Cicero, Clay, Dewitt, Elbridge, Geddes, Manlius, Marcellus, Onondaga, Salina, Skaneateles, Baldwinsville, East Syracuse, Fayetteville, Liverpool, North Syracuse y Solvay.<\/em><\/strong><\/p>\n","protected":false},"excerpt":{"rendered":"<p>Una condena por un delito federal conlleva sanciones graves, que incluyen penas de c\u00e1rcel importantes, multas y libertad condicional. Estamos familiarizados con las leyes federales y entendemos los desaf\u00edos que enfrentan los acusados penales en los tribunales federales. Sabiendo que es posible que no tenga experiencia con el sistema judicial, lo ayudaremos a navegar el&#8230;<\/p>\n","protected":false},"author":17,"featured_media":2277,"parent":941,"menu_order":0,"comment_status":"closed","ping_status":"closed","template":"","meta":{"_acf_changed":false,"footnotes":""},"tags":[],"class_list":["post-1428","page","type-page","status-publish","has-post-thumbnail","hentry"],"acf":[],"yoast_head":"<!-- This site is optimized with the Yoast SEO plugin v27.3 - https:\/\/yoast.com\/product\/yoast-seo-wordpress\/ -->\n<title>Abogado de Delitos Federales en Syracuse | Defensa Penal<\/title>\n<meta name=\"description\" content=\"Si ha sido acusado de un delito federal, comun\u00edquese hoy con nuestro abogado defensor penal para programar una consulta inicial.\" \/>\n<meta name=\"robots\" content=\"index, follow, max-snippet:-1, max-image-preview:large, max-video-preview:-1\" \/>\n<link rel=\"canonical\" href=\"https:\/\/lawcdh.com\/es\/areas-de-practica\/defensa-criminal\/defensa-del-crimen-federal\/\" \/>\n<meta property=\"og:locale\" content=\"es_MX\" \/>\n<meta property=\"og:type\" content=\"article\" \/>\n<meta property=\"og:title\" content=\"Abogado de Delitos Federales en Syracuse | Defensa Penal\" \/>\n<meta property=\"og:description\" content=\"Si ha sido acusado de un delito federal, comun\u00edquese hoy con nuestro abogado defensor penal para programar una consulta inicial.\" \/>\n<meta property=\"og:url\" content=\"https:\/\/lawcdh.com\/es\/areas-de-practica\/defensa-criminal\/defensa-del-crimen-federal\/\" \/>\n<meta property=\"og:site_name\" content=\"CDH Law PLLC ES\" \/>\n<meta property=\"article:modified_time\" content=\"2024-01-30T17:49:48+00:00\" \/>\n<meta property=\"og:image\" content=\"https:\/\/lawcdh.com\/es\/wp-content\/uploads\/sites\/2\/2023\/10\/syracuse-and-central-new-york-federal-crime-defense-2.jpg\" \/>\n\t<meta property=\"og:image:width\" content=\"730\" \/>\n\t<meta property=\"og:image:height\" content=\"300\" \/>\n\t<meta property=\"og:image:type\" content=\"image\/jpeg\" \/>\n<meta name=\"twitter:card\" content=\"summary_large_image\" \/>\n<meta name=\"twitter:label1\" content=\"Est. reading time\" \/>\n\t<meta name=\"twitter:data1\" content=\"6 minutos\" \/>\n<script type=\"application\/ld+json\" class=\"yoast-schema-graph\">{\"@context\":\"https:\\\/\\\/schema.org\",\"@graph\":[{\"@type\":\"WebPage\",\"@id\":\"https:\\\/\\\/lawcdh.com\\\/es\\\/areas-de-practica\\\/defensa-criminal\\\/defensa-del-crimen-federal\\\/\",\"url\":\"https:\\\/\\\/lawcdh.com\\\/es\\\/areas-de-practica\\\/defensa-criminal\\\/defensa-del-crimen-federal\\\/\",\"name\":\"Abogado de Delitos Federales en Syracuse | Defensa Penal\",\"isPartOf\":{\"@id\":\"https:\\\/\\\/lawcdh.com\\\/es\\\/#website\"},\"primaryImageOfPage\":{\"@id\":\"https:\\\/\\\/lawcdh.com\\\/es\\\/areas-de-practica\\\/defensa-criminal\\\/defensa-del-crimen-federal\\\/#primaryimage\"},\"image\":{\"@id\":\"https:\\\/\\\/lawcdh.com\\\/es\\\/areas-de-practica\\\/defensa-criminal\\\/defensa-del-crimen-federal\\\/#primaryimage\"},\"thumbnailUrl\":\"https:\\\/\\\/lawcdh.com\\\/es\\\/wp-content\\\/uploads\\\/sites\\\/2\\\/2023\\\/10\\\/syracuse-and-central-new-york-federal-crime-defense-2.jpg\",\"datePublished\":\"2020-02-25T17:34:17+00:00\",\"dateModified\":\"2024-01-30T17:49:48+00:00\",\"description\":\"Si ha sido acusado de un delito federal, comun\u00edquese hoy con nuestro abogado defensor penal para programar una consulta inicial.\",\"breadcrumb\":{\"@id\":\"https:\\\/\\\/lawcdh.com\\\/es\\\/areas-de-practica\\\/defensa-criminal\\\/defensa-del-crimen-federal\\\/#breadcrumb\"},\"inLanguage\":\"es\",\"potentialAction\":[{\"@type\":\"ReadAction\",\"target\":[\"https:\\\/\\\/lawcdh.com\\\/es\\\/areas-de-practica\\\/defensa-criminal\\\/defensa-del-crimen-federal\\\/\"]}]},{\"@type\":\"ImageObject\",\"inLanguage\":\"es\",\"@id\":\"https:\\\/\\\/lawcdh.com\\\/es\\\/areas-de-practica\\\/defensa-criminal\\\/defensa-del-crimen-federal\\\/#primaryimage\",\"url\":\"https:\\\/\\\/lawcdh.com\\\/es\\\/wp-content\\\/uploads\\\/sites\\\/2\\\/2023\\\/10\\\/syracuse-and-central-new-york-federal-crime-defense-2.jpg\",\"contentUrl\":\"https:\\\/\\\/lawcdh.com\\\/es\\\/wp-content\\\/uploads\\\/sites\\\/2\\\/2023\\\/10\\\/syracuse-and-central-new-york-federal-crime-defense-2.jpg\",\"width\":730,\"height\":300,\"caption\":\"Federal crime defense\"},{\"@type\":\"BreadcrumbList\",\"@id\":\"https:\\\/\\\/lawcdh.com\\\/es\\\/areas-de-practica\\\/defensa-criminal\\\/defensa-del-crimen-federal\\\/#breadcrumb\",\"itemListElement\":[{\"@type\":\"ListItem\",\"position\":1,\"name\":\"Home\",\"item\":\"https:\\\/\\\/lawcdh.com\\\/es\\\/\"},{\"@type\":\"ListItem\",\"position\":2,\"name\":\"\u00c1reas de Pr\u00e1ctica\",\"item\":\"https:\\\/\\\/lawcdh.com\\\/es\\\/areas-de-practica\\\/\"},{\"@type\":\"ListItem\",\"position\":3,\"name\":\"Defensa Penal\",\"item\":\"https:\\\/\\\/lawcdh.com\\\/es\\\/areas-de-practica\\\/defensa-criminal\\\/\"},{\"@type\":\"ListItem\",\"position\":4,\"name\":\"Delitos Federales\"}]},{\"@type\":\"WebSite\",\"@id\":\"https:\\\/\\\/lawcdh.com\\\/es\\\/#website\",\"url\":\"https:\\\/\\\/lawcdh.com\\\/es\\\/\",\"name\":\"CDH Law PLLC ES\",\"description\":\"\",\"potentialAction\":[{\"@type\":\"SearchAction\",\"target\":{\"@type\":\"EntryPoint\",\"urlTemplate\":\"https:\\\/\\\/lawcdh.com\\\/es\\\/?s={search_term_string}\"},\"query-input\":{\"@type\":\"PropertyValueSpecification\",\"valueRequired\":true,\"valueName\":\"search_term_string\"}}],\"inLanguage\":\"es\"}]}<\/script>\n<!-- \/ Yoast SEO plugin. -->","yoast_head_json":{"title":"Abogado de Delitos Federales en Syracuse | Defensa Penal","description":"Si ha sido acusado de un delito federal, comun\u00edquese hoy con nuestro abogado defensor penal para programar una consulta inicial.","robots":{"index":"index","follow":"follow","max-snippet":"max-snippet:-1","max-image-preview":"max-image-preview:large","max-video-preview":"max-video-preview:-1"},"canonical":"https:\/\/lawcdh.com\/es\/areas-de-practica\/defensa-criminal\/defensa-del-crimen-federal\/","og_locale":"es_MX","og_type":"article","og_title":"Abogado de Delitos Federales en Syracuse | Defensa Penal","og_description":"Si ha sido acusado de un delito federal, comun\u00edquese hoy con nuestro abogado defensor penal para programar una consulta inicial.","og_url":"https:\/\/lawcdh.com\/es\/areas-de-practica\/defensa-criminal\/defensa-del-crimen-federal\/","og_site_name":"CDH Law PLLC ES","article_modified_time":"2024-01-30T17:49:48+00:00","og_image":[{"width":730,"height":300,"url":"https:\/\/lawcdh.com\/es\/wp-content\/uploads\/sites\/2\/2023\/10\/syracuse-and-central-new-york-federal-crime-defense-2.jpg","type":"image\/jpeg"}],"twitter_card":"summary_large_image","twitter_misc":{"Est. reading time":"6 minutos"},"schema":{"@context":"https:\/\/schema.org","@graph":[{"@type":"WebPage","@id":"https:\/\/lawcdh.com\/es\/areas-de-practica\/defensa-criminal\/defensa-del-crimen-federal\/","url":"https:\/\/lawcdh.com\/es\/areas-de-practica\/defensa-criminal\/defensa-del-crimen-federal\/","name":"Abogado de Delitos Federales en Syracuse | Defensa Penal","isPartOf":{"@id":"https:\/\/lawcdh.com\/es\/#website"},"primaryImageOfPage":{"@id":"https:\/\/lawcdh.com\/es\/areas-de-practica\/defensa-criminal\/defensa-del-crimen-federal\/#primaryimage"},"image":{"@id":"https:\/\/lawcdh.com\/es\/areas-de-practica\/defensa-criminal\/defensa-del-crimen-federal\/#primaryimage"},"thumbnailUrl":"https:\/\/lawcdh.com\/es\/wp-content\/uploads\/sites\/2\/2023\/10\/syracuse-and-central-new-york-federal-crime-defense-2.jpg","datePublished":"2020-02-25T17:34:17+00:00","dateModified":"2024-01-30T17:49:48+00:00","description":"Si ha sido acusado de un delito federal, comun\u00edquese hoy con nuestro abogado defensor penal para programar una consulta inicial.","breadcrumb":{"@id":"https:\/\/lawcdh.com\/es\/areas-de-practica\/defensa-criminal\/defensa-del-crimen-federal\/#breadcrumb"},"inLanguage":"es","potentialAction":[{"@type":"ReadAction","target":["https:\/\/lawcdh.com\/es\/areas-de-practica\/defensa-criminal\/defensa-del-crimen-federal\/"]}]},{"@type":"ImageObject","inLanguage":"es","@id":"https:\/\/lawcdh.com\/es\/areas-de-practica\/defensa-criminal\/defensa-del-crimen-federal\/#primaryimage","url":"https:\/\/lawcdh.com\/es\/wp-content\/uploads\/sites\/2\/2023\/10\/syracuse-and-central-new-york-federal-crime-defense-2.jpg","contentUrl":"https:\/\/lawcdh.com\/es\/wp-content\/uploads\/sites\/2\/2023\/10\/syracuse-and-central-new-york-federal-crime-defense-2.jpg","width":730,"height":300,"caption":"Federal crime defense"},{"@type":"BreadcrumbList","@id":"https:\/\/lawcdh.com\/es\/areas-de-practica\/defensa-criminal\/defensa-del-crimen-federal\/#breadcrumb","itemListElement":[{"@type":"ListItem","position":1,"name":"Home","item":"https:\/\/lawcdh.com\/es\/"},{"@type":"ListItem","position":2,"name":"\u00c1reas de Pr\u00e1ctica","item":"https:\/\/lawcdh.com\/es\/areas-de-practica\/"},{"@type":"ListItem","position":3,"name":"Defensa Penal","item":"https:\/\/lawcdh.com\/es\/areas-de-practica\/defensa-criminal\/"},{"@type":"ListItem","position":4,"name":"Delitos Federales"}]},{"@type":"WebSite","@id":"https:\/\/lawcdh.com\/es\/#website","url":"https:\/\/lawcdh.com\/es\/","name":"CDH Law PLLC ES","description":"","potentialAction":[{"@type":"SearchAction","target":{"@type":"EntryPoint","urlTemplate":"https:\/\/lawcdh.com\/es\/?s={search_term_string}"},"query-input":{"@type":"PropertyValueSpecification","valueRequired":true,"valueName":"search_term_string"}}],"inLanguage":"es"}]}},"_links":{"self":[{"href":"https:\/\/lawcdh.com\/es\/wp-json\/wp\/v2\/pages\/1428","targetHints":{"allow":["GET"]}}],"collection":[{"href":"https:\/\/lawcdh.com\/es\/wp-json\/wp\/v2\/pages"}],"about":[{"href":"https:\/\/lawcdh.com\/es\/wp-json\/wp\/v2\/types\/page"}],"author":[{"embeddable":true,"href":"https:\/\/lawcdh.com\/es\/wp-json\/wp\/v2\/users\/17"}],"replies":[{"embeddable":true,"href":"https:\/\/lawcdh.com\/es\/wp-json\/wp\/v2\/comments?post=1428"}],"version-history":[{"count":0,"href":"https:\/\/lawcdh.com\/es\/wp-json\/wp\/v2\/pages\/1428\/revisions"}],"up":[{"embeddable":true,"href":"https:\/\/lawcdh.com\/es\/wp-json\/wp\/v2\/pages\/941"}],"wp:featuredmedia":[{"embeddable":true,"href":"https:\/\/lawcdh.com\/es\/wp-json\/wp\/v2\/media\/2277"}],"wp:attachment":[{"href":"https:\/\/lawcdh.com\/es\/wp-json\/wp\/v2\/media?parent=1428"}],"wp:term":[{"taxonomy":"post_tag","embeddable":true,"href":"https:\/\/lawcdh.com\/es\/wp-json\/wp\/v2\/tags?post=1428"}],"curies":[{"name":"wp","href":"https:\/\/api.w.org\/{rel}","templated":true}]}}