{"id":1461,"date":"2020-05-08T18:59:47","date_gmt":"2020-05-08T18:59:47","guid":{"rendered":"https:\/\/lawcdh.com\/?page_id=1461"},"modified":"2024-02-01T15:18:07","modified_gmt":"2024-02-01T15:18:07","slug":"administracion-testamentaria-y-patrimonial","status":"publish","type":"page","link":"https:\/\/lawcdh.com\/es\/areas-de-practica\/planificacion-patrimonial\/administracion-testamentaria-y-patrimonial\/","title":{"rendered":"Administraci\u00f3n Testamentaria y Patrimonial"},"content":{"rendered":"\n<p>La legalizaci\u00f3n es el proceso legal que distribuye la propiedad de una persona despu\u00e9s de su muerte. Los tribunales sucesorios de Nueva York, llamados tribunales sustitutos, rigen la distribuci\u00f3n del patrimonio de una persona despu\u00e9s de su muerte. Cuando un difunto crea un testamento, el tribunal sustituto har\u00e1 cumplir el testamento. Cuando una persona muere sin un testamento, el Tribunal Sustituto distribuir\u00e1 el patrimonio de acuerdo con las leyes sucesorias de Nueva York.<\/p>\n\n\n\n<p>Pasar por el proceso sucesorio puede resultar intimidante y abrumador, especialmente para quienes se enfrentan a la muerte de un ser querido. En <a href=\"https:\/\/lawcdh.com\/es\/\">CDH Law PLLC<\/a>, nuestros abogados sucesorios de Syracuse se enfocan en ayudar a los familiares durante el proceso. Nuestros abogados testamentarios comprenden lo complejo que puede llegar a ser el proceso testamentario en Nueva York. Luchamos duro para representar los mejores intereses de nuestros clientes en todas las \u00e1reas del derecho sucesorio. P\u00f3ngase en contacto con nuestros abogados sucesorios de Syracuse hoy para programar su consulta inicial y saber c\u00f3mo podemos ayudarlo.<\/p>\n\n\n\n<h2 class=\"wp-block-heading\" id=\"que-activos-forman-parte-del-proceso-sucesorio-de-nueva-york\">\u00bfQu\u00e9 Activos Forman Parte Del Proceso Sucesorio de Nueva York?<\/h2>\n\n\n\n<p><span style=\"font-weight: 400\">Los activos testamentarios incluyen cualquier activo que no pase autom\u00e1ticamente a otra persona. Los activos testamentarios incluyen bienes ra\u00edces, cuentas bancarias, veh\u00edculos y bienes personales de propiedad exclusiva del difunto. Los siguientes bienes no son parte del proceso testamentario porque pasan autom\u00e1ticamente a otra persona al fallecer el difunto:<\/span><\/p>\n\n\n\n<ul class=\"wp-block-list\">\n<li>Cuentas de ahorro mancomunadas<\/li>\n\n\n\n<li>Cuentas corrientes mancomunadas<\/li>\n\n\n\n<li>Bienes inmuebles de propiedad conjunta<\/li>\n\n\n\n<li>Cuentas bancarias con un beneficiario designado<\/li>\n\n\n\n<li>P\u00f3lizas de seguro de vida con beneficiario designado<\/li>\n\n\n\n<li>Activos mantenidos en un fideicomiso<\/li>\n<\/ul>\n\n\n\n<h3 class=\"wp-block-heading\">El Proceso Sucesorio de Nueva York Con Testamento<\/h3>\n\n\n\n<p><span style=\"font-weight: 400\">En Nueva York, pasar por el proceso sucesorio s\u00f3lo es necesario cuando una persona muere y deja bienes en su patrimonio. Comprender los siguientes t\u00e9rminos testamentarios ayudar\u00e1 a comprender el proceso testamentario de Nueva York:<\/span><\/p>\n\n\n\n<ul class=\"wp-block-list\">\n<li>El difunto es el individuo fallecido.<\/li>\n\n\n\n<li>Un patrimonio incluye todos los bienes muebles y bienes inmuebles propiedad del difunto.<\/li>\n\n\n\n<li>Los beneficiarios son las personas u organizaciones que se beneficiar\u00e1n del patrimonio seg\u00fan el testamento.<\/li>\n<\/ul>\n\n\n\n<p>Cuando el difunto falleci\u00f3 con un testamento v\u00e1lido, falleci\u00f3 testado. Despu\u00e9s de presentar el testamento, ciertas personas interesadas tienen la oportunidad de impugnar el testamento. Cuando el Tribunal Sustituto determine que el testamento es legalmente v\u00e1lido, otorgar\u00e1 autoridad a un albacea para administrar el patrimonio del testador. En muchos casos, el difunto habr\u00e1 nombrado un albacea en su testamento. Cuando el testador no nombre albacea, el Tribunal Sustituto nombrar\u00e1 uno.<\/p>\n\n\n\n<p>El albacea, tambi\u00e9n llamado peticionario, tiene el deber fiduciario de distribuir los bienes del difunto de acuerdo con los t\u00e9rminos del testamento. El peticionario debe presentar el testamento ante el Tribunal Sustituto y notificar a los familiares del difunto sobre el procedimiento sucesorio. El peticionario tambi\u00e9n debe notificar a todos los beneficiarios que se beneficiar\u00e1n del testamento del difunto. Una vez validado el testamento, el albacea pagar\u00e1 las deudas del patrimonio. El albacea distribuir\u00e1 los bienes del patrimonio a los beneficiarios de acuerdo con los t\u00e9rminos del testamento.<\/p>\n\n\n\n<h3 class=\"wp-block-heading\">El Proceso Sucesorio de Nueva York Sin Testamento<\/h3>\n\n\n\n<p>Cuando una persona muere sin testamento, muere intestada. Cuando un difunto no tiene un testamento, el tribunal sustituto distribuye la propiedad de acuerdo con las leyes de Nueva York. El Tribunal Sustituto divide el patrimonio del difunto de acuerdo con un conjunto de estatutos que dictan qu\u00e9 familiares reciben los bienes primero. El Tribunal Sustituto tambi\u00e9n nombrar\u00e1 un fiduciario llamado administrador que administrar\u00e1 el patrimonio.<\/p>\n\n\n\n<p>Por ejemplo, cuando el difunto ten\u00eda c\u00f3nyuge y no ten\u00eda hijos, el c\u00f3nyuge hereda todo el patrimonio. Cuando el causante tuviera hijos pero no c\u00f3nyuge, los hijos heredar\u00e1n todo el patrimonio. La divisi\u00f3n de bienes se vuelve m\u00e1s complicada cuando el difunto muere con c\u00f3nyuge e hijos. En ese escenario, el c\u00f3nyuge heredar\u00e1 los primeros $50,000 m\u00e1s la mitad de los activos restantes. Los hijos heredan la parte restante del patrimonio, dividida en partes iguales entre ellos.<\/p>\n\n\n\n<p>Si el difunto muere sin c\u00f3nyuge ni hijos, los padres del difunto heredar\u00e1n todo el patrimonio. Cuando los padres del difunto hayan fallecido y el difunto no tuviera c\u00f3nyuge ni hijos, sus hermanos heredar\u00e1n el patrimonio. \u00bfQu\u00e9 sucede cuando el hijo de un difunto muere antes que \u00e9l? En este escenario, cualquier nieto ocupar\u00eda el lugar del hijo del difunto y heredar\u00eda lo que el hijo habr\u00eda heredado.<\/p>\n\n\n\n<h4 class=\"wp-block-heading\"><strong>Necesita Un Abogado de Planificaci\u00f3n Patrimonial de Syracuse a Su Lado<\/strong><\/h4>\n\n\n\n<p>Como puede ver, el proceso de sucesi\u00f3n testamentaria puede volverse incre\u00edblemente complicado. Pueden surgir muchas cuestiones legales diferentes durante este proceso. En algunos casos, el testador crea un testamento inv\u00e1lido que excluye a los c\u00f3nyuges e hijos que heredar\u00edan el patrimonio seg\u00fan las leyes de sucesi\u00f3n intestada de Nueva York. En otros casos, los familiares descubren que el testador cre\u00f3 varios testamentos y necesitan determinar cu\u00e1l es v\u00e1lido.<\/p>\n\n\n\n<p>Si bien la ley no exige un abogado sucesorio, trabajar con uno ser\u00e1 de gran utilidad para sus intereses. Si ha sido designado albacea o administrador, le debe al patrimonio un deber legal y fiduciario. Si incumple ese deber, incluso sin querer, podr\u00eda enfrentar consecuencias negativas. El proceso requiere que las personas completen la documentaci\u00f3n judicial, notifiquen adecuadamente y distribuyan correctamente los bienes del difunto. En CDH Law PLLC, tenemos amplia experiencia representando a administradores y albaceas patrimoniales durante el proceso sucesorio.<\/p>\n\n\n\n<p>Si planea impugnar el testamento del difunto durante el proceso sucesorio, se beneficiar\u00e1 significativamente de la representaci\u00f3n legal. En CDH Law PLLC, hemos representado con \u00e9xito a clientes en muchos tipos diferentes de litigios sucesorios, incluidos los concursos de testamentos. Ya sea que necesite que nuestro equipo legal lo gu\u00ede a trav\u00e9s del proceso testamentario o que luchemos en su nombre en una impugnaci\u00f3n testamentaria, podemos ayudarlo. <a href=\"\/es\/contacto\/\">Comun\u00edquese con CDH Law PLLC hoy<\/a> para programar su consulta inicial.<\/p>\n","protected":false},"excerpt":{"rendered":"<p>La legalizaci\u00f3n es el proceso legal que distribuye la propiedad de una persona despu\u00e9s de su muerte. Los tribunales sucesorios de Nueva York, llamados tribunales sustitutos, rigen la distribuci\u00f3n del patrimonio de una persona despu\u00e9s de su muerte. Cuando un difunto crea un testamento, el tribunal sustituto har\u00e1 cumplir el testamento. Cuando una persona muere&#8230;<\/p>\n","protected":false},"author":17,"featured_media":2845,"parent":1390,"menu_order":0,"comment_status":"closed","ping_status":"closed","template":"","meta":{"_acf_changed":false,"footnotes":""},"tags":[],"class_list":["post-1461","page","type-page","status-publish","has-post-thumbnail","hentry"],"acf":[],"yoast_head":"<!-- This site is optimized with the Yoast SEO plugin v27.5 - https:\/\/yoast.com\/product\/yoast-seo-wordpress\/ -->\n<title>Abogados de Administraci\u00f3n Patrimonial Y Sucesoria de Syracuse<\/title>\n<meta name=\"description\" content=\"Si su patrimonio est\u00e1 pasando por el proceso sucesorio, comun\u00edquese hoy con nuestros abogados de planificaci\u00f3n patrimonial.\" \/>\n<meta name=\"robots\" content=\"index, follow, max-snippet:-1, max-image-preview:large, max-video-preview:-1\" \/>\n<link rel=\"canonical\" href=\"https:\/\/lawcdh.com\/es\/areas-de-practica\/planificacion-patrimonial\/administracion-testamentaria-y-patrimonial\/\" \/>\n<meta property=\"og:locale\" content=\"es_MX\" \/>\n<meta property=\"og:type\" content=\"article\" \/>\n<meta property=\"og:title\" content=\"Abogados de Administraci\u00f3n Patrimonial Y Sucesoria de Syracuse\" \/>\n<meta property=\"og:description\" content=\"Si su patrimonio est\u00e1 pasando por el proceso sucesorio, comun\u00edquese hoy con nuestros abogados de planificaci\u00f3n patrimonial.\" \/>\n<meta property=\"og:url\" content=\"https:\/\/lawcdh.com\/es\/areas-de-practica\/planificacion-patrimonial\/administracion-testamentaria-y-patrimonial\/\" \/>\n<meta property=\"og:site_name\" content=\"CDH Law PLLC ES\" \/>\n<meta property=\"article:modified_time\" content=\"2024-02-01T15:18:07+00:00\" \/>\n<meta property=\"og:image\" content=\"https:\/\/lawcdh.com\/es\/wp-content\/uploads\/sites\/2\/2024\/02\/Administracion-Patrimonial-Y-Sucesoria.png\" \/>\n\t<meta property=\"og:image:width\" content=\"730\" \/>\n\t<meta property=\"og:image:height\" content=\"300\" \/>\n\t<meta property=\"og:image:type\" content=\"image\/png\" \/>\n<meta name=\"twitter:card\" content=\"summary_large_image\" \/>\n<meta name=\"twitter:label1\" content=\"Est. reading time\" \/>\n\t<meta name=\"twitter:data1\" content=\"5 minutos\" \/>\n<script type=\"application\/ld+json\" class=\"yoast-schema-graph\">{\"@context\":\"https:\\\/\\\/schema.org\",\"@graph\":[{\"@type\":\"WebPage\",\"@id\":\"https:\\\/\\\/lawcdh.com\\\/es\\\/areas-de-practica\\\/planificacion-patrimonial\\\/administracion-testamentaria-y-patrimonial\\\/\",\"url\":\"https:\\\/\\\/lawcdh.com\\\/es\\\/areas-de-practica\\\/planificacion-patrimonial\\\/administracion-testamentaria-y-patrimonial\\\/\",\"name\":\"Abogados de Administraci\u00f3n Patrimonial Y Sucesoria de Syracuse\",\"isPartOf\":{\"@id\":\"https:\\\/\\\/lawcdh.com\\\/es\\\/#website\"},\"primaryImageOfPage\":{\"@id\":\"https:\\\/\\\/lawcdh.com\\\/es\\\/areas-de-practica\\\/planificacion-patrimonial\\\/administracion-testamentaria-y-patrimonial\\\/#primaryimage\"},\"image\":{\"@id\":\"https:\\\/\\\/lawcdh.com\\\/es\\\/areas-de-practica\\\/planificacion-patrimonial\\\/administracion-testamentaria-y-patrimonial\\\/#primaryimage\"},\"thumbnailUrl\":\"https:\\\/\\\/lawcdh.com\\\/es\\\/wp-content\\\/uploads\\\/sites\\\/2\\\/2024\\\/02\\\/Administracion-Patrimonial-Y-Sucesoria.png\",\"datePublished\":\"2020-05-08T18:59:47+00:00\",\"dateModified\":\"2024-02-01T15:18:07+00:00\",\"description\":\"Si su patrimonio est\u00e1 pasando por el proceso sucesorio, comun\u00edquese hoy con nuestros abogados de planificaci\u00f3n patrimonial.\",\"breadcrumb\":{\"@id\":\"https:\\\/\\\/lawcdh.com\\\/es\\\/areas-de-practica\\\/planificacion-patrimonial\\\/administracion-testamentaria-y-patrimonial\\\/#breadcrumb\"},\"inLanguage\":\"es\",\"potentialAction\":[{\"@type\":\"ReadAction\",\"target\":[\"https:\\\/\\\/lawcdh.com\\\/es\\\/areas-de-practica\\\/planificacion-patrimonial\\\/administracion-testamentaria-y-patrimonial\\\/\"]}]},{\"@type\":\"ImageObject\",\"inLanguage\":\"es\",\"@id\":\"https:\\\/\\\/lawcdh.com\\\/es\\\/areas-de-practica\\\/planificacion-patrimonial\\\/administracion-testamentaria-y-patrimonial\\\/#primaryimage\",\"url\":\"https:\\\/\\\/lawcdh.com\\\/es\\\/wp-content\\\/uploads\\\/sites\\\/2\\\/2024\\\/02\\\/Administracion-Patrimonial-Y-Sucesoria.png\",\"contentUrl\":\"https:\\\/\\\/lawcdh.com\\\/es\\\/wp-content\\\/uploads\\\/sites\\\/2\\\/2024\\\/02\\\/Administracion-Patrimonial-Y-Sucesoria.png\",\"width\":730,\"height\":300,\"caption\":\"Administraci\u00f3n Patrimonial Y Sucesoria\"},{\"@type\":\"BreadcrumbList\",\"@id\":\"https:\\\/\\\/lawcdh.com\\\/es\\\/areas-de-practica\\\/planificacion-patrimonial\\\/administracion-testamentaria-y-patrimonial\\\/#breadcrumb\",\"itemListElement\":[{\"@type\":\"ListItem\",\"position\":1,\"name\":\"Home\",\"item\":\"https:\\\/\\\/lawcdh.com\\\/es\\\/\"},{\"@type\":\"ListItem\",\"position\":2,\"name\":\"\u00c1reas de Pr\u00e1ctica\",\"item\":\"https:\\\/\\\/lawcdh.com\\\/es\\\/areas-de-practica\\\/\"},{\"@type\":\"ListItem\",\"position\":3,\"name\":\"Planificaci\u00f3n Patrimonial\",\"item\":\"https:\\\/\\\/lawcdh.com\\\/es\\\/areas-de-practica\\\/planificacion-patrimonial\\\/\"},{\"@type\":\"ListItem\",\"position\":4,\"name\":\"Administraci\u00f3n Testamentaria y Patrimonial\"}]},{\"@type\":\"WebSite\",\"@id\":\"https:\\\/\\\/lawcdh.com\\\/es\\\/#website\",\"url\":\"https:\\\/\\\/lawcdh.com\\\/es\\\/\",\"name\":\"CDH Law PLLC ES\",\"description\":\"\",\"potentialAction\":[{\"@type\":\"SearchAction\",\"target\":{\"@type\":\"EntryPoint\",\"urlTemplate\":\"https:\\\/\\\/lawcdh.com\\\/es\\\/?s={search_term_string}\"},\"query-input\":{\"@type\":\"PropertyValueSpecification\",\"valueRequired\":true,\"valueName\":\"search_term_string\"}}],\"inLanguage\":\"es\"}]}<\/script>\n<!-- \/ Yoast SEO plugin. -->","yoast_head_json":{"title":"Abogados de Administraci\u00f3n Patrimonial Y Sucesoria de Syracuse","description":"Si su patrimonio est\u00e1 pasando por el proceso sucesorio, comun\u00edquese hoy con nuestros abogados de planificaci\u00f3n patrimonial.","robots":{"index":"index","follow":"follow","max-snippet":"max-snippet:-1","max-image-preview":"max-image-preview:large","max-video-preview":"max-video-preview:-1"},"canonical":"https:\/\/lawcdh.com\/es\/areas-de-practica\/planificacion-patrimonial\/administracion-testamentaria-y-patrimonial\/","og_locale":"es_MX","og_type":"article","og_title":"Abogados de Administraci\u00f3n Patrimonial Y Sucesoria de Syracuse","og_description":"Si su patrimonio est\u00e1 pasando por el proceso sucesorio, comun\u00edquese hoy con nuestros abogados de planificaci\u00f3n patrimonial.","og_url":"https:\/\/lawcdh.com\/es\/areas-de-practica\/planificacion-patrimonial\/administracion-testamentaria-y-patrimonial\/","og_site_name":"CDH Law PLLC ES","article_modified_time":"2024-02-01T15:18:07+00:00","og_image":[{"width":730,"height":300,"url":"https:\/\/lawcdh.com\/es\/wp-content\/uploads\/sites\/2\/2024\/02\/Administracion-Patrimonial-Y-Sucesoria.png","type":"image\/png"}],"twitter_card":"summary_large_image","twitter_misc":{"Est. reading time":"5 minutos"},"schema":{"@context":"https:\/\/schema.org","@graph":[{"@type":"WebPage","@id":"https:\/\/lawcdh.com\/es\/areas-de-practica\/planificacion-patrimonial\/administracion-testamentaria-y-patrimonial\/","url":"https:\/\/lawcdh.com\/es\/areas-de-practica\/planificacion-patrimonial\/administracion-testamentaria-y-patrimonial\/","name":"Abogados de Administraci\u00f3n Patrimonial Y Sucesoria de Syracuse","isPartOf":{"@id":"https:\/\/lawcdh.com\/es\/#website"},"primaryImageOfPage":{"@id":"https:\/\/lawcdh.com\/es\/areas-de-practica\/planificacion-patrimonial\/administracion-testamentaria-y-patrimonial\/#primaryimage"},"image":{"@id":"https:\/\/lawcdh.com\/es\/areas-de-practica\/planificacion-patrimonial\/administracion-testamentaria-y-patrimonial\/#primaryimage"},"thumbnailUrl":"https:\/\/lawcdh.com\/es\/wp-content\/uploads\/sites\/2\/2024\/02\/Administracion-Patrimonial-Y-Sucesoria.png","datePublished":"2020-05-08T18:59:47+00:00","dateModified":"2024-02-01T15:18:07+00:00","description":"Si su patrimonio est\u00e1 pasando por el proceso sucesorio, comun\u00edquese hoy con nuestros abogados de planificaci\u00f3n patrimonial.","breadcrumb":{"@id":"https:\/\/lawcdh.com\/es\/areas-de-practica\/planificacion-patrimonial\/administracion-testamentaria-y-patrimonial\/#breadcrumb"},"inLanguage":"es","potentialAction":[{"@type":"ReadAction","target":["https:\/\/lawcdh.com\/es\/areas-de-practica\/planificacion-patrimonial\/administracion-testamentaria-y-patrimonial\/"]}]},{"@type":"ImageObject","inLanguage":"es","@id":"https:\/\/lawcdh.com\/es\/areas-de-practica\/planificacion-patrimonial\/administracion-testamentaria-y-patrimonial\/#primaryimage","url":"https:\/\/lawcdh.com\/es\/wp-content\/uploads\/sites\/2\/2024\/02\/Administracion-Patrimonial-Y-Sucesoria.png","contentUrl":"https:\/\/lawcdh.com\/es\/wp-content\/uploads\/sites\/2\/2024\/02\/Administracion-Patrimonial-Y-Sucesoria.png","width":730,"height":300,"caption":"Administraci\u00f3n Patrimonial Y Sucesoria"},{"@type":"BreadcrumbList","@id":"https:\/\/lawcdh.com\/es\/areas-de-practica\/planificacion-patrimonial\/administracion-testamentaria-y-patrimonial\/#breadcrumb","itemListElement":[{"@type":"ListItem","position":1,"name":"Home","item":"https:\/\/lawcdh.com\/es\/"},{"@type":"ListItem","position":2,"name":"\u00c1reas de Pr\u00e1ctica","item":"https:\/\/lawcdh.com\/es\/areas-de-practica\/"},{"@type":"ListItem","position":3,"name":"Planificaci\u00f3n Patrimonial","item":"https:\/\/lawcdh.com\/es\/areas-de-practica\/planificacion-patrimonial\/"},{"@type":"ListItem","position":4,"name":"Administraci\u00f3n Testamentaria y Patrimonial"}]},{"@type":"WebSite","@id":"https:\/\/lawcdh.com\/es\/#website","url":"https:\/\/lawcdh.com\/es\/","name":"CDH Law PLLC ES","description":"","potentialAction":[{"@type":"SearchAction","target":{"@type":"EntryPoint","urlTemplate":"https:\/\/lawcdh.com\/es\/?s={search_term_string}"},"query-input":{"@type":"PropertyValueSpecification","valueRequired":true,"valueName":"search_term_string"}}],"inLanguage":"es"}]}},"_links":{"self":[{"href":"https:\/\/lawcdh.com\/es\/wp-json\/wp\/v2\/pages\/1461","targetHints":{"allow":["GET"]}}],"collection":[{"href":"https:\/\/lawcdh.com\/es\/wp-json\/wp\/v2\/pages"}],"about":[{"href":"https:\/\/lawcdh.com\/es\/wp-json\/wp\/v2\/types\/page"}],"author":[{"embeddable":true,"href":"https:\/\/lawcdh.com\/es\/wp-json\/wp\/v2\/users\/17"}],"replies":[{"embeddable":true,"href":"https:\/\/lawcdh.com\/es\/wp-json\/wp\/v2\/comments?post=1461"}],"version-history":[{"count":0,"href":"https:\/\/lawcdh.com\/es\/wp-json\/wp\/v2\/pages\/1461\/revisions"}],"up":[{"embeddable":true,"href":"https:\/\/lawcdh.com\/es\/wp-json\/wp\/v2\/pages\/1390"}],"wp:featuredmedia":[{"embeddable":true,"href":"https:\/\/lawcdh.com\/es\/wp-json\/wp\/v2\/media\/2845"}],"wp:attachment":[{"href":"https:\/\/lawcdh.com\/es\/wp-json\/wp\/v2\/media?parent=1461"}],"wp:term":[{"taxonomy":"post_tag","embeddable":true,"href":"https:\/\/lawcdh.com\/es\/wp-json\/wp\/v2\/tags?post=1461"}],"curies":[{"name":"wp","href":"https:\/\/api.w.org\/{rel}","templated":true}]}}