{"id":1479,"date":"2020-06-06T19:20:50","date_gmt":"2020-06-06T19:20:50","guid":{"rendered":"https:\/\/lawcdh.com\/?page_id=1479"},"modified":"2024-02-01T15:07:10","modified_gmt":"2024-02-01T15:07:10","slug":"divorcio-sin-culpa","status":"publish","type":"page","link":"https:\/\/lawcdh.com\/es\/areas-de-practica\/ley-familiar\/divorcio\/divorcio-sin-culpa\/","title":{"rendered":"Divorcio Sin Culpa"},"content":{"rendered":"\n<p>Los divorcios sin culpa en Nueva York se est\u00e1n utilizando cada vez m\u00e1s. En este tipo de divorcios, los c\u00f3nyuges no necesitan acreditar una o m\u00e1s causales de divorcio. En cambio, uno de los c\u00f3nyuges debe alegar que el matrimonio est\u00e1 irremediablemente roto para comenzar el proceso de divorcio sin culpa en Nueva York.<\/p>\n\n\n\n<p>Si est\u00e1 considerando un divorcio sin culpa en Syracuse, o su c\u00f3nyuge ha solicitado un divorcio sin culpa, tiene derecho a un abogado calificado. P\u00f3ngase en contacto con <a href=\"https:\/\/lawcdh.com\/es\/areas-de-practica\/ley-familiar\/divorcio\/\">nuestros abogados con experiencia en divorcios<\/a> de CDH Law PLLC hoy para una consulta inicial.<\/p>\n\n\n\n<h2 class=\"wp-block-heading\" id=\"requisitos-para-un-divorcio-sin-culpa-en-nueva-york\">Requisitos Para Un Divorcio Sin Culpa en Nueva York<\/h2>\n\n\n\n<p><span style=\"font-weight: 400\">Nueva York se convirti\u00f3 en el \u00faltimo estado en permitir un divorcio sin culpa en 2010. Nueva York permite un divorcio sin culpa cuando el matrimonio \u201cse rompi\u00f3 irremediablemente\u201d durante al menos seis meses antes del inicio del divorcio. Cuando una pareja decide solicitar un divorcio sin culpa, uno de los c\u00f3nyuges deber\u00e1 jurar que el matrimonio se rompi\u00f3 irremediablemente.<\/span><\/p>\n\n\n\n<h3 class=\"wp-block-heading\">Los Beneficios de Un Divorcio Sin Oposici\u00f3n en Nueva York<\/h3>\n\n\n\n<p>Buscar un divorcio sin oposici\u00f3n en Nueva York conlleva muchos beneficios. Cuando ambos c\u00f3nyuges est\u00e1n de acuerdo en todas las cuestiones importantes, no hay necesidad de pasar por un juicio de divorcio complicado y desafiante. Para muchos neoyorquinos que buscan el divorcio, no tener que sacar a la luz los trapos sucios en una audiencia p\u00fablica es enormemente atractivo.<\/p>\n\n\n\n<p>En lugar de un juicio largo e interminable, el c\u00f3nyuge que solicit\u00f3 el divorcio presentar\u00e1 todos los documentos necesarios al tribunal. El juez revisar\u00e1 todos los documentos y firmar\u00e1 la sentencia de divorcio si lo aprueba. Una vez que el juez firme la sentencia de divorcio, el c\u00f3nyuge que solicit\u00f3 el divorcio deber\u00e1 presentarla en la Oficina del Secretario del Condado y entregar una copia al exc\u00f3nyuge.<\/p>\n\n\n\n<h3 class=\"wp-block-heading\">Requisitos de Residencia en Nueva York<\/h3>\n\n\n\n<p><span style=\"font-weight: 400\">Las parejas que buscan un divorcio sin culpa deben cumplir con los requisitos de residencia de la ley de divorcio de Nueva York. La ley de divorcio de Nueva York exige que:<\/span><\/p>\n\n\n\n<ul class=\"wp-block-list\">\n<li>Uno o ambos c\u00f3nyuges han vivido en Nueva York durante dos a\u00f1os consecutivos antes de presentar la solicitud, o<\/li>\n\n\n\n<li>Uno o ambos c\u00f3nyuges deben haber vivido en Nueva York durante al menos un a\u00f1o, y adem\u00e1s la pareja:\n<ul class=\"wp-block-list\">\n<li>Se cas\u00f3 en nueva york<\/li>\n\n\n\n<li>Viv\u00edan en Nueva York como pareja casada, o<\/li>\n\n\n\n<li>Los motivos del divorcio se produjeron en Nueva York.<\/li>\n<\/ul>\n<\/li>\n<\/ul>\n\n\n\n<h3 class=\"wp-block-heading\">Divorcio Basado en Culpa Versus Divorcio Sin Culpa en Nueva York<\/h3>\n\n\n\n<p><span style=\"font-weight: 400\">Desde 2010, Nueva York permite el divorcio sin culpa. Sin embargo, Nueva York todav\u00eda permite el divorcio por culpa. La ley de Nueva York reconoce varios motivos diferentes para un divorcio por culpa, incluidos los siguientes:<\/span><\/p>\n\n\n\n<ul class=\"wp-block-list\">\n<li>Adulterio<\/li>\n\n\n\n<li>Trato cruel e inhumano que hace inseguro que los c\u00f3nyuges vivan juntos<\/li>\n\n\n\n<li>Prisi\u00f3n de tres o m\u00e1s a\u00f1os despu\u00e9s del matrimonio.<\/li>\n\n\n\n<li>Abandono por un per\u00edodo continuado de al menos un a\u00f1o<\/li>\n\n\n\n<li>Vivir separados durante uno o m\u00e1s a\u00f1os despu\u00e9s de que un tribunal emita una sentencia de separaci\u00f3n<\/li>\n\n\n\n<li>Vivir separados durante uno o m\u00e1s a\u00f1os seg\u00fan un acuerdo de separaci\u00f3n<\/li>\n<\/ul>\n\n\n\n<h3 class=\"wp-block-heading\">Divorcio Sin Oposici\u00f3n Sin Culpa en Nueva York<\/h3>\n\n\n\n<p><span style=\"font-weight: 400\">Un divorcio sin culpa puede ser un divorcio impugnado o un divorcio no impugnado. En un divorcio de mutuo acuerdo, los c\u00f3nyuges acuerdan divorciarse y acuerdan las cuestiones esenciales que intervienen en el divorcio. Un c\u00f3nyuge puede solicitar un divorcio sin oposici\u00f3n en Nueva York cuando ambos c\u00f3nyuges acuerdan lo siguiente:<\/span><\/p>\n\n\n\n<ul class=\"wp-block-list\">\n<li>Divorciarse<\/li>\n\n\n\n<li>Los <a href=\"https:\/\/lawcdh.com\/es\/areas-de-practica\/ley-familiar\/divorcio\/motivos-de-divorcio-en-nueva-york\/\">motivos del divorcio<\/a><\/li>\n\n\n\n<li>C\u00f3mo dividir la deuda conyugal y los bienes conyugales<\/li>\n\n\n\n<li>\u00bfQu\u00e9 c\u00f3nyuge obtendr\u00e1 la custodia de los hijos y las visitas?<\/li>\n\n\n\n<li>Si un c\u00f3nyuge pagar\u00e1 o no manutenci\u00f3n de los hijos al otro c\u00f3nyuge<\/li>\n\n\n\n<li>El monto de la manutenci\u00f3n infantil.<\/li>\n<\/ul>\n\n\n\n<p><span style=\"font-weight: 400\">Un divorcio sin oposici\u00f3n tambi\u00e9n puede ocurrir cuando uno de los c\u00f3nyuges no comparece ante el tribunal. El divorcio de mutuo acuerdo tambi\u00e9n ocurre cuando un c\u00f3nyuge entrega a otro una citaci\u00f3n y demanda, y el c\u00f3nyuge no se presenta ante el tribunal a la hora programada. Incluso si el c\u00f3nyuge ten\u00eda la intenci\u00f3n de impugnar el divorcio, si no se presenta, el juez tiene la autoridad para dictar sentencia de divorcio.<\/span><\/p>\n\n\n\n<h3 class=\"wp-block-heading\">Divorcio Impugnado Sin Culpa en Nueva York<\/h3>\n\n\n\n<p><span style=\"font-weight: 400\">Cuando los c\u00f3nyuges no pueden ponerse de acuerdo sobre la divisi\u00f3n de bienes y las cuestiones de manutenci\u00f3n de los hijos, necesitar\u00e1n que un juez intervenga y tome una decisi\u00f3n. Cuando un juez necesita decidir sobre los asuntos involucrados en el divorcio, el divorcio se convierte en un divorcio impugnado. En CDH Law PLLC, nuestro equipo legal tiene experiencia en presentar la documentaci\u00f3n necesaria para resolver problemas de custodia y manutenci\u00f3n de los hijos, as\u00ed como problemas relacionados con la divisi\u00f3n de bienes.<\/span><\/p>\n\n\n\n<h4 class=\"wp-block-heading\"><strong>P\u00f3ngase en Contacto Con Nuestros Abogados de Divorcio Sin Culpa de Syracuse Hoy<\/strong><\/h4>\n\n\n\n<p>En CDH Law PLLC, nuestro equipo legal trabaja arduamente para ayudar a nuestros clientes a finalizar sus divorcios sin oposici\u00f3n lo m\u00e1s r\u00e1pido posible. Cuando surgen problemas, sabemos c\u00f3mo negociar la situaci\u00f3n en nombre de nuestros clientes. Ya sea que est\u00e9 buscando un divorcio sin oposici\u00f3n o sin culpa, estamos aqu\u00ed para ayudarlo.<\/p>\n\n\n\n<p>Nuestro bufete de abogados le ayudar\u00e1 a llegar a un acuerdo con su c\u00f3nyuge sobre las cuestiones cruciales. Tambi\u00e9n nos aseguraremos de que complete correctamente todos los tr\u00e1mites de divorcio sin culpa. Cuando contrata a CDH Law PLLC, lo ayudaremos a presentar toda la documentaci\u00f3n requerida con prontitud. P\u00f3ngase <a href=\"\/es\/contacto\/\">en contacto con nuestra firma de abogados<\/a> hoy para programar su consulta inicial gratuita.<\/p>\n","protected":false},"excerpt":{"rendered":"<p>Los divorcios sin culpa en Nueva York se est\u00e1n utilizando cada vez m\u00e1s. En este tipo de divorcios, los c\u00f3nyuges no necesitan acreditar una o m\u00e1s causales de divorcio. En cambio, uno de los c\u00f3nyuges debe alegar que el matrimonio est\u00e1 irremediablemente roto para comenzar el proceso de divorcio sin culpa en Nueva York. Si&#8230;<\/p>\n","protected":false},"author":17,"featured_media":2836,"parent":945,"menu_order":0,"comment_status":"closed","ping_status":"closed","template":"","meta":{"_acf_changed":false,"footnotes":""},"tags":[],"class_list":["post-1479","page","type-page","status-publish","has-post-thumbnail","hentry"],"acf":[],"yoast_head":"<!-- This site is optimized with the Yoast SEO plugin v27.4 - https:\/\/yoast.com\/product\/yoast-seo-wordpress\/ -->\n<title>Abogado de Divorcio Sin Culpa Centro de Nueva York | CDH Law<\/title>\n<meta name=\"description\" content=\"Si est\u00e1 solicitando un divorcio sin culpa, comun\u00edquese con nuestros abogados de derecho familiar para programar una consulta gratuita.\" \/>\n<meta name=\"robots\" content=\"index, follow, max-snippet:-1, max-image-preview:large, max-video-preview:-1\" \/>\n<link rel=\"canonical\" href=\"https:\/\/lawcdh.com\/es\/areas-de-practica\/ley-familiar\/divorcio\/divorcio-sin-culpa\/\" \/>\n<meta property=\"og:locale\" content=\"es_MX\" \/>\n<meta property=\"og:type\" content=\"article\" \/>\n<meta property=\"og:title\" content=\"Abogado de Divorcio Sin Culpa Centro de Nueva York | CDH Law\" \/>\n<meta property=\"og:description\" content=\"Si est\u00e1 solicitando un divorcio sin culpa, comun\u00edquese con nuestros abogados de derecho familiar para programar una consulta gratuita.\" \/>\n<meta property=\"og:url\" content=\"https:\/\/lawcdh.com\/es\/areas-de-practica\/ley-familiar\/divorcio\/divorcio-sin-culpa\/\" \/>\n<meta property=\"og:site_name\" content=\"CDH Law PLLC ES\" \/>\n<meta property=\"article:modified_time\" content=\"2024-02-01T15:07:10+00:00\" \/>\n<meta property=\"og:image\" content=\"https:\/\/lawcdh.com\/es\/wp-content\/uploads\/sites\/2\/2024\/02\/divorcio-sin-culpa.png\" \/>\n\t<meta property=\"og:image:width\" content=\"730\" \/>\n\t<meta property=\"og:image:height\" content=\"300\" \/>\n\t<meta property=\"og:image:type\" content=\"image\/png\" \/>\n<meta name=\"twitter:card\" content=\"summary_large_image\" \/>\n<meta name=\"twitter:label1\" content=\"Est. reading time\" \/>\n\t<meta name=\"twitter:data1\" content=\"5 minutos\" \/>\n<script type=\"application\/ld+json\" class=\"yoast-schema-graph\">{\"@context\":\"https:\\\/\\\/schema.org\",\"@graph\":[{\"@type\":\"WebPage\",\"@id\":\"https:\\\/\\\/lawcdh.com\\\/es\\\/areas-de-practica\\\/ley-familiar\\\/divorcio\\\/divorcio-sin-culpa\\\/\",\"url\":\"https:\\\/\\\/lawcdh.com\\\/es\\\/areas-de-practica\\\/ley-familiar\\\/divorcio\\\/divorcio-sin-culpa\\\/\",\"name\":\"Abogado de Divorcio Sin Culpa Centro de Nueva York | CDH Law\",\"isPartOf\":{\"@id\":\"https:\\\/\\\/lawcdh.com\\\/es\\\/#website\"},\"primaryImageOfPage\":{\"@id\":\"https:\\\/\\\/lawcdh.com\\\/es\\\/areas-de-practica\\\/ley-familiar\\\/divorcio\\\/divorcio-sin-culpa\\\/#primaryimage\"},\"image\":{\"@id\":\"https:\\\/\\\/lawcdh.com\\\/es\\\/areas-de-practica\\\/ley-familiar\\\/divorcio\\\/divorcio-sin-culpa\\\/#primaryimage\"},\"thumbnailUrl\":\"https:\\\/\\\/lawcdh.com\\\/es\\\/wp-content\\\/uploads\\\/sites\\\/2\\\/2024\\\/02\\\/divorcio-sin-culpa.png\",\"datePublished\":\"2020-06-06T19:20:50+00:00\",\"dateModified\":\"2024-02-01T15:07:10+00:00\",\"description\":\"Si est\u00e1 solicitando un divorcio sin culpa, comun\u00edquese con nuestros abogados de derecho familiar para programar una consulta gratuita.\",\"breadcrumb\":{\"@id\":\"https:\\\/\\\/lawcdh.com\\\/es\\\/areas-de-practica\\\/ley-familiar\\\/divorcio\\\/divorcio-sin-culpa\\\/#breadcrumb\"},\"inLanguage\":\"es\",\"potentialAction\":[{\"@type\":\"ReadAction\",\"target\":[\"https:\\\/\\\/lawcdh.com\\\/es\\\/areas-de-practica\\\/ley-familiar\\\/divorcio\\\/divorcio-sin-culpa\\\/\"]}]},{\"@type\":\"ImageObject\",\"inLanguage\":\"es\",\"@id\":\"https:\\\/\\\/lawcdh.com\\\/es\\\/areas-de-practica\\\/ley-familiar\\\/divorcio\\\/divorcio-sin-culpa\\\/#primaryimage\",\"url\":\"https:\\\/\\\/lawcdh.com\\\/es\\\/wp-content\\\/uploads\\\/sites\\\/2\\\/2024\\\/02\\\/divorcio-sin-culpa.png\",\"contentUrl\":\"https:\\\/\\\/lawcdh.com\\\/es\\\/wp-content\\\/uploads\\\/sites\\\/2\\\/2024\\\/02\\\/divorcio-sin-culpa.png\",\"width\":730,\"height\":300,\"caption\":\"Divorcio sin culpa\"},{\"@type\":\"BreadcrumbList\",\"@id\":\"https:\\\/\\\/lawcdh.com\\\/es\\\/areas-de-practica\\\/ley-familiar\\\/divorcio\\\/divorcio-sin-culpa\\\/#breadcrumb\",\"itemListElement\":[{\"@type\":\"ListItem\",\"position\":1,\"name\":\"Home\",\"item\":\"https:\\\/\\\/lawcdh.com\\\/es\\\/\"},{\"@type\":\"ListItem\",\"position\":2,\"name\":\"\u00c1reas de Pr\u00e1ctica\",\"item\":\"https:\\\/\\\/lawcdh.com\\\/es\\\/areas-de-practica\\\/\"},{\"@type\":\"ListItem\",\"position\":3,\"name\":\"Ley Familiar\",\"item\":\"https:\\\/\\\/lawcdh.com\\\/es\\\/areas-de-practica\\\/ley-familiar\\\/\"},{\"@type\":\"ListItem\",\"position\":4,\"name\":\"Divorcio\",\"item\":\"https:\\\/\\\/lawcdh.com\\\/es\\\/areas-de-practica\\\/ley-familiar\\\/divorcio\\\/\"},{\"@type\":\"ListItem\",\"position\":5,\"name\":\"Divorcio Sin Culpa\"}]},{\"@type\":\"WebSite\",\"@id\":\"https:\\\/\\\/lawcdh.com\\\/es\\\/#website\",\"url\":\"https:\\\/\\\/lawcdh.com\\\/es\\\/\",\"name\":\"CDH Law PLLC ES\",\"description\":\"\",\"potentialAction\":[{\"@type\":\"SearchAction\",\"target\":{\"@type\":\"EntryPoint\",\"urlTemplate\":\"https:\\\/\\\/lawcdh.com\\\/es\\\/?s={search_term_string}\"},\"query-input\":{\"@type\":\"PropertyValueSpecification\",\"valueRequired\":true,\"valueName\":\"search_term_string\"}}],\"inLanguage\":\"es\"}]}<\/script>\n<!-- \/ Yoast SEO plugin. -->","yoast_head_json":{"title":"Abogado de Divorcio Sin Culpa Centro de Nueva York | CDH Law","description":"Si est\u00e1 solicitando un divorcio sin culpa, comun\u00edquese con nuestros abogados de derecho familiar para programar una consulta gratuita.","robots":{"index":"index","follow":"follow","max-snippet":"max-snippet:-1","max-image-preview":"max-image-preview:large","max-video-preview":"max-video-preview:-1"},"canonical":"https:\/\/lawcdh.com\/es\/areas-de-practica\/ley-familiar\/divorcio\/divorcio-sin-culpa\/","og_locale":"es_MX","og_type":"article","og_title":"Abogado de Divorcio Sin Culpa Centro de Nueva York | CDH Law","og_description":"Si est\u00e1 solicitando un divorcio sin culpa, comun\u00edquese con nuestros abogados de derecho familiar para programar una consulta gratuita.","og_url":"https:\/\/lawcdh.com\/es\/areas-de-practica\/ley-familiar\/divorcio\/divorcio-sin-culpa\/","og_site_name":"CDH Law PLLC ES","article_modified_time":"2024-02-01T15:07:10+00:00","og_image":[{"width":730,"height":300,"url":"https:\/\/lawcdh.com\/es\/wp-content\/uploads\/sites\/2\/2024\/02\/divorcio-sin-culpa.png","type":"image\/png"}],"twitter_card":"summary_large_image","twitter_misc":{"Est. reading time":"5 minutos"},"schema":{"@context":"https:\/\/schema.org","@graph":[{"@type":"WebPage","@id":"https:\/\/lawcdh.com\/es\/areas-de-practica\/ley-familiar\/divorcio\/divorcio-sin-culpa\/","url":"https:\/\/lawcdh.com\/es\/areas-de-practica\/ley-familiar\/divorcio\/divorcio-sin-culpa\/","name":"Abogado de Divorcio Sin Culpa Centro de Nueva York | CDH Law","isPartOf":{"@id":"https:\/\/lawcdh.com\/es\/#website"},"primaryImageOfPage":{"@id":"https:\/\/lawcdh.com\/es\/areas-de-practica\/ley-familiar\/divorcio\/divorcio-sin-culpa\/#primaryimage"},"image":{"@id":"https:\/\/lawcdh.com\/es\/areas-de-practica\/ley-familiar\/divorcio\/divorcio-sin-culpa\/#primaryimage"},"thumbnailUrl":"https:\/\/lawcdh.com\/es\/wp-content\/uploads\/sites\/2\/2024\/02\/divorcio-sin-culpa.png","datePublished":"2020-06-06T19:20:50+00:00","dateModified":"2024-02-01T15:07:10+00:00","description":"Si est\u00e1 solicitando un divorcio sin culpa, comun\u00edquese con nuestros abogados de derecho familiar para programar una consulta gratuita.","breadcrumb":{"@id":"https:\/\/lawcdh.com\/es\/areas-de-practica\/ley-familiar\/divorcio\/divorcio-sin-culpa\/#breadcrumb"},"inLanguage":"es","potentialAction":[{"@type":"ReadAction","target":["https:\/\/lawcdh.com\/es\/areas-de-practica\/ley-familiar\/divorcio\/divorcio-sin-culpa\/"]}]},{"@type":"ImageObject","inLanguage":"es","@id":"https:\/\/lawcdh.com\/es\/areas-de-practica\/ley-familiar\/divorcio\/divorcio-sin-culpa\/#primaryimage","url":"https:\/\/lawcdh.com\/es\/wp-content\/uploads\/sites\/2\/2024\/02\/divorcio-sin-culpa.png","contentUrl":"https:\/\/lawcdh.com\/es\/wp-content\/uploads\/sites\/2\/2024\/02\/divorcio-sin-culpa.png","width":730,"height":300,"caption":"Divorcio sin culpa"},{"@type":"BreadcrumbList","@id":"https:\/\/lawcdh.com\/es\/areas-de-practica\/ley-familiar\/divorcio\/divorcio-sin-culpa\/#breadcrumb","itemListElement":[{"@type":"ListItem","position":1,"name":"Home","item":"https:\/\/lawcdh.com\/es\/"},{"@type":"ListItem","position":2,"name":"\u00c1reas de Pr\u00e1ctica","item":"https:\/\/lawcdh.com\/es\/areas-de-practica\/"},{"@type":"ListItem","position":3,"name":"Ley Familiar","item":"https:\/\/lawcdh.com\/es\/areas-de-practica\/ley-familiar\/"},{"@type":"ListItem","position":4,"name":"Divorcio","item":"https:\/\/lawcdh.com\/es\/areas-de-practica\/ley-familiar\/divorcio\/"},{"@type":"ListItem","position":5,"name":"Divorcio Sin Culpa"}]},{"@type":"WebSite","@id":"https:\/\/lawcdh.com\/es\/#website","url":"https:\/\/lawcdh.com\/es\/","name":"CDH Law PLLC ES","description":"","potentialAction":[{"@type":"SearchAction","target":{"@type":"EntryPoint","urlTemplate":"https:\/\/lawcdh.com\/es\/?s={search_term_string}"},"query-input":{"@type":"PropertyValueSpecification","valueRequired":true,"valueName":"search_term_string"}}],"inLanguage":"es"}]}},"_links":{"self":[{"href":"https:\/\/lawcdh.com\/es\/wp-json\/wp\/v2\/pages\/1479","targetHints":{"allow":["GET"]}}],"collection":[{"href":"https:\/\/lawcdh.com\/es\/wp-json\/wp\/v2\/pages"}],"about":[{"href":"https:\/\/lawcdh.com\/es\/wp-json\/wp\/v2\/types\/page"}],"author":[{"embeddable":true,"href":"https:\/\/lawcdh.com\/es\/wp-json\/wp\/v2\/users\/17"}],"replies":[{"embeddable":true,"href":"https:\/\/lawcdh.com\/es\/wp-json\/wp\/v2\/comments?post=1479"}],"version-history":[{"count":0,"href":"https:\/\/lawcdh.com\/es\/wp-json\/wp\/v2\/pages\/1479\/revisions"}],"up":[{"embeddable":true,"href":"https:\/\/lawcdh.com\/es\/wp-json\/wp\/v2\/pages\/945"}],"wp:featuredmedia":[{"embeddable":true,"href":"https:\/\/lawcdh.com\/es\/wp-json\/wp\/v2\/media\/2836"}],"wp:attachment":[{"href":"https:\/\/lawcdh.com\/es\/wp-json\/wp\/v2\/media?parent=1479"}],"wp:term":[{"taxonomy":"post_tag","embeddable":true,"href":"https:\/\/lawcdh.com\/es\/wp-json\/wp\/v2\/tags?post=1479"}],"curies":[{"name":"wp","href":"https:\/\/api.w.org\/{rel}","templated":true}]}}