{"id":1500,"date":"2020-09-01T19:58:05","date_gmt":"2020-09-01T19:58:05","guid":{"rendered":"https:\/\/lawcdh.com\/?page_id=1500"},"modified":"2024-02-01T22:02:17","modified_gmt":"2024-02-01T22:02:17","slug":"droga-ventas","status":"publish","type":"page","link":"https:\/\/lawcdh.com\/es\/areas-de-practica\/delitos-de-drogas\/droga-ventas\/","title":{"rendered":"Venta de Drogas"},"content":{"rendered":"<p><span style=\"font-weight: 400\">Las leyes sobre drogas en Nueva York son notoriamente duras, especialmente cuando se trata de venta de drogas. Los fiscales de Nueva York son bien conocidos por procesar celosamente a los acusados de venta de drogas. Muchos acusados que enfrentan cargos por venta de drogas tambi\u00e9n enfrentan cargos de posesi\u00f3n de drogas. Incluso los acusados que son sorprendidos vendiendo una peque\u00f1a cantidad de drogas pueden enfrentar penas devastadoras, si son declarados culpables. <\/span><\/p>\n<p>Si enfrenta cargos penales por venta de drogas, necesita un abogado <a href=\"https:\/\/lawcdh.com\/es\/areas-de-practica\/defensa-criminal\/\">defensor<\/a> con experiencia en delitos relacionados con <a href=\"https:\/\/lawcdh.com\/es\/areas-de-practica\/delitos-de-drogas\/\">drogas<\/a>. Los abogados defensores de la venta de drogas de CDH Law PLLC comprenden la gravedad de los cargos por venta de drogas. Comun\u00edquese con nuestro bufete de abogados de Syracuse lo antes posible para programar su consulta inicial y aprender c\u00f3mo podemos defender sus derechos.<\/p>\n<h2 id=\"leyes-de-venta-de-drogas-en-nueva-york\">Leyes de Venta de Drogas en Nueva York<\/h2>\n<p>Varias leyes de Nueva York implican tomar medidas en\u00e9rgicas contra la venta de drogas en Nueva York. Espec\u00edficamente, las secciones <a href=\"https:\/\/www.nysenate.gov\/legislation\/laws\/PEN\/220.31\" target=\"_blank\" rel=\"noopener\">220.31<\/a>, <a href=\"https:\/\/www.nysenate.gov\/legislation\/laws\/PEN\/220.34\" target=\"_blank\" rel=\"noopener\">220.34<\/a>, <a href=\"https:\/\/www.nysenate.gov\/legislation\/laws\/PEN\/220.39\" target=\"_blank\" rel=\"noopener\">220.39<\/a>, <a href=\"https:\/\/www.nysenate.gov\/legislation\/laws\/PEN\/220.41\" target=\"_blank\" rel=\"noopener\">220.41<\/a>, <a href=\"https:\/\/www.nysenate.gov\/legislation\/laws\/PEN\/220.43\" target=\"_blank\" rel=\"noopener\">220.43<\/a> y <a href=\"https:\/\/www.nycourts.gov\/judges\/cji\/2-PenalLaw\/220\/220-44%282%29.pdf\" target=\"_blank\" rel=\"noopener\">220.44<\/a> de la Ley Penal de Nueva York abordan la venta de drogas en Nueva York. La gravedad de las sanciones asociadas con la venta de drogas en Nueva York depende del tipo de droga involucrada.<\/p>\n<h3>Drogas Com\u00fanmente Involucradas en Delitos de Venta de Drogas<\/h3>\n<p>Nueva York define qu\u00e9 drogas o sustancias controladas son ilegales a trav\u00e9s de la Secci\u00f3n 3305 de la Ley de Salud P\u00fablica de Nueva York. Esta ley divide todas las sustancias controladas ilegales en cinco categor\u00edas o listas diferentes. Las drogas de la Lista 1 tienen la mayor probabilidad de causar adicci\u00f3n o abuso de drogas.<\/p>\n<p>Las drogas de la Lista V pueden causar adicci\u00f3n o abuso, pero tambi\u00e9n tienen cierto valor con fines medicinales. Las drogas de la lista 1 incluyen hero\u00edna, diampromida, metilfentanilo y mefedrona. Por el contrario, los f\u00e1rmacos de la Lista V incluyen pregabalina, ezogabina, pirovalerona y lacosamida. Delitos de venta de drogas de marihuana incluidos en una ley diferente. Los delitos de venta de drogas a menudo incluyen la venta de las siguientes sustancias controladas:<\/p>\n<ul>\n<li>Hero\u00edna<\/li>\n<li>Hach\u00eds (y aceite de hach\u00eds)<\/li>\n<li>Cannabis (marihuana)<\/li>\n<li>Coca\u00edna<\/li>\n<li>Coca\u00edna crack<\/li>\n<li>Metanfetamina<\/li>\n<li>PCP<\/li>\n<li>Marijuana<\/li>\n<li>\u00c9xtasis (MDMA)<\/li>\n<li>Analg\u00e9sicos recetados sin receta<\/li>\n<li>Estimulantes recetados sin receta<\/li>\n<\/ul>\n<h3>Posesi\u00f3n de Drogas a la Venta en Nueva York<\/h3>\n<p><a href=\"https:\/\/lawcdh.com\/es\/areas-de-practica\/delitos-de-drogas\/posesion-de-drogas\/\">Poseer<\/a> o comprar drogas ilegales con la intenci\u00f3n de venderlas es un delito en Nueva York. Los fiscales de Nueva York no tienen que probar que el acusado vendi\u00f3 las drogas en cuesti\u00f3n. En cambio, la fiscal\u00eda s\u00f3lo necesita demostrar que el acusado ten\u00eda la intenci\u00f3n de venderlos.<\/p>\n<p>Por ejemplo, un tribunal puede condenar a un acusado por posesi\u00f3n de drogas para la venta incluso si no hubo intercambio de dinero y no hubo ning\u00fan negocio de drogas. Los fiscales intentan probar la intenci\u00f3n de vender del acusado presentando los siguientes tipos de pruebas:<\/p>\n<ul>\n<li style=\"font-weight: 400\">Envases de medicamentos, como paquetes peque\u00f1os.<\/li>\n<li style=\"font-weight: 400\">Balanzas<\/li>\n<li style=\"font-weight: 400\">Agentes de corte<\/li>\n<li style=\"font-weight: 400\">Visitantes que entran y salen de casa a todas horas.<\/li>\n<li style=\"font-weight: 400\">Pruebas de informantes policiales.<\/li>\n<li style=\"font-weight: 400\">Agentes policiales encubiertos<\/li>\n<li style=\"font-weight: 400\">Ventanas fortificadas<\/li>\n<li style=\"font-weight: 400\">Conversaciones telef\u00f3nicas intervenidas<\/li>\n<\/ul>\n<p><span style=\"font-weight: 400\">Cuanto antes hable con un abogado <a href=\"https:\/\/lawcdh.com\/es\/areas-de-practica\/defensa-criminal\/\">defensor penal<\/a> con experiencia, mejor. En CDH Law PLLC, podemos ayudarlo a desarrollar una estrategia de defensa legal ganadora. En muchos casos, los fiscales no tienen pruebas suficientes para probar los cargos de posesi\u00f3n de drogas para la venta. <\/span><\/p>\n<h3>Delitos de Venta de Drogas de Marihuana<\/h3>\n<p><span style=\"font-weight: 400\">La marihuana se considera una sustancia ilegal en Nueva York. Los acusados que poseen marihuana enfrentan graves consecuencias. Los condenados por cultivo y venta de marihuana se enfrentan a multas de entre 500 y 5000 d\u00f3lares. Tambi\u00e9n se enfrentan a una pena de prisi\u00f3n de entre 3 meses y 15 a\u00f1os. <\/span><\/p>\n<p>En muchos casos, los acusados de cultivo y venta de marihuana tambi\u00e9n enfrentan cargos por posesi\u00f3n de parafernalia de marihuana, lo que lleva a penas m\u00e1s severas. Otros factores tambi\u00e9n pueden aumentar las penas por la venta de drogas de marihuana. Por ejemplo, cuando un acusado vende marihuana a un menor de 18 a\u00f1os, se enfrentar\u00e1 a una multa de 5.000 d\u00f3lares y a una sentencia de c\u00e1rcel de siete a\u00f1os. La cantidad de marihuana involucrada en el delito tambi\u00e9n afectar\u00e1 la sentencia, en caso de que el tribunal condene al acusado.<\/p>\n<h3>Cargos de Tr\u00e1fico de Drogas<\/h3>\n<p><span style=\"font-weight: 400\">El tr\u00e1fico de drogas es un cargo a\u00fan m\u00e1s grave que la venta y posesi\u00f3n ilegal de drogas. En Nueva York, el tr\u00e1fico de drogas es distinto del tr\u00e1fico de drogas. Seg\u00fan la ley de Nueva York, el tr\u00e1fico de drogas incluye la fabricaci\u00f3n, el transporte, la distribuci\u00f3n o la venta de drogas ilegales. Cuando la cantidad de drogas involucradas en la venta de drogas consiste en una cantidad de drogas que excede una cierta cantidad, el acusado enfrentar\u00e1 cargos de tr\u00e1fico de drogas en lugar de cargos de posesi\u00f3n de drogas. <\/span><\/p>\n<p>Operar como narcotraficante es un delito grave A-1 en Nueva York. Actuar como narcotraficante implica vender una sustancia controlada o recetada como parte de una operaci\u00f3n m\u00e1s amplia. Vender a alguien un narc\u00f3tico en una o m\u00e1s ocasiones en seis meses o menos con un valor total de $75,000 o m\u00e1s constituye tr\u00e1fico de drogas. Las penas por tr\u00e1fico de drogas son extremadamente graves y pueden incluir d\u00e9cadas de prisi\u00f3n y multas cuantiosas.<\/p>\n<h3>Venta Y Posesi\u00f3n Ilegal de Medicamentos Recetados<\/h3>\n<p>M\u00e1s personas que nunca abusan de los medicamentos recetados. Como resultado, han aumentado los procesamientos por venta de medicamentos recetados. Si se enfrenta a un proceso por cualquier delito grave relacionado con medicamentos recetados en Nueva York, se enfrenta a sanciones severas. Dependiendo de la clase de medicamentos recetados, los acusados enfrentan entre 1 y 9 a\u00f1os de prisi\u00f3n.<\/p>\n<p>Incluso los acusados que enfrentan cargos por primera vez por venta y posesi\u00f3n ilegal de medicamentos recetados enfrentan una presunta sentencia de prisi\u00f3n de al menos un a\u00f1o. Otras circunstancias tambi\u00e9n pueden aumentar las penas. Por ejemplo, si el acusado vendi\u00f3 medicamentos recetados en terrenos escolares, el cargo aumentar\u00e1 de un delito grave de clase D a un delito grave de clase C. Las sanciones por la venta de medicamentos recetados aumentan a medida que aumenta la naturaleza peligrosa del medicamento, de la siguiente manera:<\/p>\n<ul>\n<li style=\"font-weight: 400\">Primera condena por delito grave de medicamentos recetados clase \u201cE\u201d: 1 a 1,5 a\u00f1os de prisi\u00f3n<\/li>\n<li style=\"font-weight: 400\">Primera condena por delito grave de medicamentos recetados clase \u201cD\u201d: de 1 a 2,5 a\u00f1os de prisi\u00f3n<\/li>\n<li style=\"font-weight: 400\">Primera condena por delito grave de medicamentos recetados de clase \u201cC\u201d: 1 a 5,5 a\u00f1os de prisi\u00f3n<\/li>\n<li style=\"font-weight: 400\">Primera condena por delito grave de medicamentos recetados clase \u201cB\u201d: de 1 a 9 a\u00f1os de prisi\u00f3n<\/li>\n<\/ul>\n<h4><strong>Comun\u00edquese Con Nuestros Abogados Defensores de la Venta de Drogas en Syracuse<\/strong><\/h4>\n<p>Si se enfrenta a un cargo por venta de drogas en Syracuse, su futuro est\u00e1 en juego. Los fiscales de Nueva York son conocidos por utilizar t\u00e1cticas demasiado agresivas para conseguir condenas. Cuanto antes hable con un abogado defensor penal con experiencia, mejor. <a href=\"\/es\/contacto\/\">Comun\u00edquese con nuestro bufete de abogados de Syracuse lo<\/a> m\u00e1s r\u00e1pido posible para programar su consulta inicial.<\/p>\n<p><b><i>Carden Dotzler Hammond, PLLC representa a clientes en el centro de Nueva York, Syracuse, el condado de Monroe, el condado de Jefferson, el condado de Oswego, el condado de Ontario y el condado de Onondaga, incluidos los pueblos y aldeas de Camillus, Cicero, Clay, Dewitt, Elbridge, Geddes, Manlius, Marcellus, Onondaga, Salina, Skaneateles, Baldwinsville, East Syracuse, Fayetteville, Liverpool, North Syracuse y Solvay.<\/i><\/b><\/p>\n","protected":false},"excerpt":{"rendered":"<p>Las leyes sobre drogas en Nueva York son notoriamente duras, especialmente cuando se trata de venta de drogas. Los fiscales de Nueva York son bien conocidos por procesar celosamente a los acusados de venta de drogas. Muchos acusados que enfrentan cargos por venta de drogas tambi\u00e9n enfrentan cargos de posesi\u00f3n de drogas. Incluso los acusados&#8230;<\/p>\n","protected":false},"author":17,"featured_media":2683,"parent":942,"menu_order":0,"comment_status":"closed","ping_status":"closed","template":"","meta":{"_acf_changed":false,"footnotes":""},"tags":[],"class_list":["post-1500","page","type-page","status-publish","has-post-thumbnail","hentry"],"acf":[],"yoast_head":"<!-- This site is optimized with the Yoast SEO plugin v27.4 - https:\/\/yoast.com\/product\/yoast-seo-wordpress\/ -->\n<title>Abogado Defensor de Ventas de Drogas en Syracuse y Centro NY<\/title>\n<meta name=\"description\" content=\"Si enfrenta cargos por venta de drogas y necesita representaci\u00f3n, comun\u00edquese hoy con nuestro h\u00e1bil abogado defensor penal para una consulta.\" \/>\n<meta name=\"robots\" content=\"index, follow, max-snippet:-1, max-image-preview:large, max-video-preview:-1\" \/>\n<link rel=\"canonical\" href=\"https:\/\/lawcdh.com\/es\/areas-de-practica\/delitos-de-drogas\/droga-ventas\/\" \/>\n<meta property=\"og:locale\" content=\"es_MX\" \/>\n<meta property=\"og:type\" content=\"article\" \/>\n<meta property=\"og:title\" content=\"Abogado Defensor de Ventas de Drogas en Syracuse y Centro NY\" \/>\n<meta property=\"og:description\" content=\"Si enfrenta cargos por venta de drogas y necesita representaci\u00f3n, comun\u00edquese hoy con nuestro h\u00e1bil abogado defensor penal para una consulta.\" \/>\n<meta property=\"og:url\" content=\"https:\/\/lawcdh.com\/es\/areas-de-practica\/delitos-de-drogas\/droga-ventas\/\" \/>\n<meta property=\"og:site_name\" content=\"CDH Law PLLC ES\" \/>\n<meta property=\"article:modified_time\" content=\"2024-02-01T22:02:17+00:00\" \/>\n<meta property=\"og:image\" content=\"https:\/\/lawcdh.com\/es\/wp-content\/uploads\/sites\/2\/2024\/01\/drug-sales-lawyer.png\" \/>\n\t<meta property=\"og:image:width\" content=\"730\" \/>\n\t<meta property=\"og:image:height\" content=\"300\" \/>\n\t<meta property=\"og:image:type\" content=\"image\/png\" \/>\n<meta name=\"twitter:card\" content=\"summary_large_image\" \/>\n<meta name=\"twitter:label1\" content=\"Est. reading time\" \/>\n\t<meta name=\"twitter:data1\" content=\"6 minutos\" \/>\n<script type=\"application\/ld+json\" class=\"yoast-schema-graph\">{\"@context\":\"https:\\\/\\\/schema.org\",\"@graph\":[{\"@type\":\"WebPage\",\"@id\":\"https:\\\/\\\/lawcdh.com\\\/es\\\/areas-de-practica\\\/delitos-de-drogas\\\/droga-ventas\\\/\",\"url\":\"https:\\\/\\\/lawcdh.com\\\/es\\\/areas-de-practica\\\/delitos-de-drogas\\\/droga-ventas\\\/\",\"name\":\"Abogado Defensor de Ventas de Drogas en Syracuse y Centro NY\",\"isPartOf\":{\"@id\":\"https:\\\/\\\/lawcdh.com\\\/es\\\/#website\"},\"primaryImageOfPage\":{\"@id\":\"https:\\\/\\\/lawcdh.com\\\/es\\\/areas-de-practica\\\/delitos-de-drogas\\\/droga-ventas\\\/#primaryimage\"},\"image\":{\"@id\":\"https:\\\/\\\/lawcdh.com\\\/es\\\/areas-de-practica\\\/delitos-de-drogas\\\/droga-ventas\\\/#primaryimage\"},\"thumbnailUrl\":\"https:\\\/\\\/lawcdh.com\\\/es\\\/wp-content\\\/uploads\\\/sites\\\/2\\\/2024\\\/01\\\/drug-sales-lawyer.png\",\"datePublished\":\"2020-09-01T19:58:05+00:00\",\"dateModified\":\"2024-02-01T22:02:17+00:00\",\"description\":\"Si enfrenta cargos por venta de drogas y necesita representaci\u00f3n, comun\u00edquese hoy con nuestro h\u00e1bil abogado defensor penal para una consulta.\",\"breadcrumb\":{\"@id\":\"https:\\\/\\\/lawcdh.com\\\/es\\\/areas-de-practica\\\/delitos-de-drogas\\\/droga-ventas\\\/#breadcrumb\"},\"inLanguage\":\"es\",\"potentialAction\":[{\"@type\":\"ReadAction\",\"target\":[\"https:\\\/\\\/lawcdh.com\\\/es\\\/areas-de-practica\\\/delitos-de-drogas\\\/droga-ventas\\\/\"]}]},{\"@type\":\"ImageObject\",\"inLanguage\":\"es\",\"@id\":\"https:\\\/\\\/lawcdh.com\\\/es\\\/areas-de-practica\\\/delitos-de-drogas\\\/droga-ventas\\\/#primaryimage\",\"url\":\"https:\\\/\\\/lawcdh.com\\\/es\\\/wp-content\\\/uploads\\\/sites\\\/2\\\/2024\\\/01\\\/drug-sales-lawyer.png\",\"contentUrl\":\"https:\\\/\\\/lawcdh.com\\\/es\\\/wp-content\\\/uploads\\\/sites\\\/2\\\/2024\\\/01\\\/drug-sales-lawyer.png\",\"width\":730,\"height\":300,\"caption\":\"Venta de drogas en un coche.\"},{\"@type\":\"BreadcrumbList\",\"@id\":\"https:\\\/\\\/lawcdh.com\\\/es\\\/areas-de-practica\\\/delitos-de-drogas\\\/droga-ventas\\\/#breadcrumb\",\"itemListElement\":[{\"@type\":\"ListItem\",\"position\":1,\"name\":\"Home\",\"item\":\"https:\\\/\\\/lawcdh.com\\\/es\\\/\"},{\"@type\":\"ListItem\",\"position\":2,\"name\":\"\u00c1reas de Pr\u00e1ctica\",\"item\":\"https:\\\/\\\/lawcdh.com\\\/es\\\/areas-de-practica\\\/\"},{\"@type\":\"ListItem\",\"position\":3,\"name\":\"Delitos de Drogas\",\"item\":\"https:\\\/\\\/lawcdh.com\\\/es\\\/areas-de-practica\\\/delitos-de-drogas\\\/\"},{\"@type\":\"ListItem\",\"position\":4,\"name\":\"Venta de Drogas\"}]},{\"@type\":\"WebSite\",\"@id\":\"https:\\\/\\\/lawcdh.com\\\/es\\\/#website\",\"url\":\"https:\\\/\\\/lawcdh.com\\\/es\\\/\",\"name\":\"CDH Law PLLC ES\",\"description\":\"\",\"potentialAction\":[{\"@type\":\"SearchAction\",\"target\":{\"@type\":\"EntryPoint\",\"urlTemplate\":\"https:\\\/\\\/lawcdh.com\\\/es\\\/?s={search_term_string}\"},\"query-input\":{\"@type\":\"PropertyValueSpecification\",\"valueRequired\":true,\"valueName\":\"search_term_string\"}}],\"inLanguage\":\"es\"}]}<\/script>\n<!-- \/ Yoast SEO plugin. -->","yoast_head_json":{"title":"Abogado Defensor de Ventas de Drogas en Syracuse y Centro NY","description":"Si enfrenta cargos por venta de drogas y necesita representaci\u00f3n, comun\u00edquese hoy con nuestro h\u00e1bil abogado defensor penal para una consulta.","robots":{"index":"index","follow":"follow","max-snippet":"max-snippet:-1","max-image-preview":"max-image-preview:large","max-video-preview":"max-video-preview:-1"},"canonical":"https:\/\/lawcdh.com\/es\/areas-de-practica\/delitos-de-drogas\/droga-ventas\/","og_locale":"es_MX","og_type":"article","og_title":"Abogado Defensor de Ventas de Drogas en Syracuse y Centro NY","og_description":"Si enfrenta cargos por venta de drogas y necesita representaci\u00f3n, comun\u00edquese hoy con nuestro h\u00e1bil abogado defensor penal para una consulta.","og_url":"https:\/\/lawcdh.com\/es\/areas-de-practica\/delitos-de-drogas\/droga-ventas\/","og_site_name":"CDH Law PLLC ES","article_modified_time":"2024-02-01T22:02:17+00:00","og_image":[{"width":730,"height":300,"url":"https:\/\/lawcdh.com\/es\/wp-content\/uploads\/sites\/2\/2024\/01\/drug-sales-lawyer.png","type":"image\/png"}],"twitter_card":"summary_large_image","twitter_misc":{"Est. reading time":"6 minutos"},"schema":{"@context":"https:\/\/schema.org","@graph":[{"@type":"WebPage","@id":"https:\/\/lawcdh.com\/es\/areas-de-practica\/delitos-de-drogas\/droga-ventas\/","url":"https:\/\/lawcdh.com\/es\/areas-de-practica\/delitos-de-drogas\/droga-ventas\/","name":"Abogado Defensor de Ventas de Drogas en Syracuse y Centro NY","isPartOf":{"@id":"https:\/\/lawcdh.com\/es\/#website"},"primaryImageOfPage":{"@id":"https:\/\/lawcdh.com\/es\/areas-de-practica\/delitos-de-drogas\/droga-ventas\/#primaryimage"},"image":{"@id":"https:\/\/lawcdh.com\/es\/areas-de-practica\/delitos-de-drogas\/droga-ventas\/#primaryimage"},"thumbnailUrl":"https:\/\/lawcdh.com\/es\/wp-content\/uploads\/sites\/2\/2024\/01\/drug-sales-lawyer.png","datePublished":"2020-09-01T19:58:05+00:00","dateModified":"2024-02-01T22:02:17+00:00","description":"Si enfrenta cargos por venta de drogas y necesita representaci\u00f3n, comun\u00edquese hoy con nuestro h\u00e1bil abogado defensor penal para una consulta.","breadcrumb":{"@id":"https:\/\/lawcdh.com\/es\/areas-de-practica\/delitos-de-drogas\/droga-ventas\/#breadcrumb"},"inLanguage":"es","potentialAction":[{"@type":"ReadAction","target":["https:\/\/lawcdh.com\/es\/areas-de-practica\/delitos-de-drogas\/droga-ventas\/"]}]},{"@type":"ImageObject","inLanguage":"es","@id":"https:\/\/lawcdh.com\/es\/areas-de-practica\/delitos-de-drogas\/droga-ventas\/#primaryimage","url":"https:\/\/lawcdh.com\/es\/wp-content\/uploads\/sites\/2\/2024\/01\/drug-sales-lawyer.png","contentUrl":"https:\/\/lawcdh.com\/es\/wp-content\/uploads\/sites\/2\/2024\/01\/drug-sales-lawyer.png","width":730,"height":300,"caption":"Venta de drogas en un coche."},{"@type":"BreadcrumbList","@id":"https:\/\/lawcdh.com\/es\/areas-de-practica\/delitos-de-drogas\/droga-ventas\/#breadcrumb","itemListElement":[{"@type":"ListItem","position":1,"name":"Home","item":"https:\/\/lawcdh.com\/es\/"},{"@type":"ListItem","position":2,"name":"\u00c1reas de Pr\u00e1ctica","item":"https:\/\/lawcdh.com\/es\/areas-de-practica\/"},{"@type":"ListItem","position":3,"name":"Delitos de Drogas","item":"https:\/\/lawcdh.com\/es\/areas-de-practica\/delitos-de-drogas\/"},{"@type":"ListItem","position":4,"name":"Venta de Drogas"}]},{"@type":"WebSite","@id":"https:\/\/lawcdh.com\/es\/#website","url":"https:\/\/lawcdh.com\/es\/","name":"CDH Law PLLC ES","description":"","potentialAction":[{"@type":"SearchAction","target":{"@type":"EntryPoint","urlTemplate":"https:\/\/lawcdh.com\/es\/?s={search_term_string}"},"query-input":{"@type":"PropertyValueSpecification","valueRequired":true,"valueName":"search_term_string"}}],"inLanguage":"es"}]}},"_links":{"self":[{"href":"https:\/\/lawcdh.com\/es\/wp-json\/wp\/v2\/pages\/1500","targetHints":{"allow":["GET"]}}],"collection":[{"href":"https:\/\/lawcdh.com\/es\/wp-json\/wp\/v2\/pages"}],"about":[{"href":"https:\/\/lawcdh.com\/es\/wp-json\/wp\/v2\/types\/page"}],"author":[{"embeddable":true,"href":"https:\/\/lawcdh.com\/es\/wp-json\/wp\/v2\/users\/17"}],"replies":[{"embeddable":true,"href":"https:\/\/lawcdh.com\/es\/wp-json\/wp\/v2\/comments?post=1500"}],"version-history":[{"count":0,"href":"https:\/\/lawcdh.com\/es\/wp-json\/wp\/v2\/pages\/1500\/revisions"}],"up":[{"embeddable":true,"href":"https:\/\/lawcdh.com\/es\/wp-json\/wp\/v2\/pages\/942"}],"wp:featuredmedia":[{"embeddable":true,"href":"https:\/\/lawcdh.com\/es\/wp-json\/wp\/v2\/media\/2683"}],"wp:attachment":[{"href":"https:\/\/lawcdh.com\/es\/wp-json\/wp\/v2\/media?parent=1500"}],"wp:term":[{"taxonomy":"post_tag","embeddable":true,"href":"https:\/\/lawcdh.com\/es\/wp-json\/wp\/v2\/tags?post=1500"}],"curies":[{"name":"wp","href":"https:\/\/api.w.org\/{rel}","templated":true}]}}