{"id":1532,"date":"2020-11-04T20:57:35","date_gmt":"2020-11-04T20:57:35","guid":{"rendered":"https:\/\/lawcdh.com\/?page_id=1532"},"modified":"2024-02-01T15:10:18","modified_gmt":"2024-02-01T15:10:18","slug":"custodia-del-nino","status":"publish","type":"page","link":"https:\/\/lawcdh.com\/es\/areas-de-practica\/ley-familiar\/custodia-del-nino\/","title":{"rendered":"Custodia del Ni\u00f1o"},"content":{"rendered":"\n<p>Divorciarse y lidiar con los problemas de custodia de los hijos puede ser una de las experiencias m\u00e1s desafiantes en la vida de un padre. Como padre, tus hijos son las personas m\u00e1s importantes de tu vida. El resultado de un caso de <a href=\"https:\/\/lawcdh.com\/es\/areas-de-practica\/ley-familiar\/divorcio\/\">divorcio<\/a> y custodia de los hijos tendr\u00e1 un impacto significativo en la relaci\u00f3n con sus hijos. Los asuntos de custodia son algunas de las experiencias m\u00e1s agotadoras emocionalmente, especialmente en un divorcio disputado. Tener el abogado adecuado de su lado es esencial.<\/p>\n\n\n\n<p>Si est\u00e1 pasando por un divorcio o una batalla por la custodia de sus hijos, necesita un <a href=\"https:\/\/lawcdh.com\/es\/areas-de-practica\/ley-familiar\/\">abogado de derecho familiar<\/a> familiarizado con las leyes de familia y custodia de Nueva York. En CDH Law PLLC, nuestros abogados tienen amplia experiencia representando a clientes en asuntos de custodia en todo el \u00e1rea metropolitana de Syracuse y CNY. Nos aseguraremos de que sus derechos como padre est\u00e9n protegidos durante todo el proceso. Comun\u00edquese con CDH Law PLLC hoy para programar su consulta inicial.<\/p>\n\n\n\n<h2 class=\"wp-block-heading\" id=\"custodia-de-los-hijos-y-divorcio\">Custodia de Los Hijos Y Divorcio<\/h2>\n\n\n\n<p>Cuando los padres de hijos menores se divorcian, los asuntos de visitas y custodia se convierten en una parte importante del proceso de divorcio. Muchos padres est\u00e1n preocupados por el bienestar de sus hijos, incluida la escuela a la que asistir\u00e1n, su situaci\u00f3n de vida, sus actividades extracurriculares y posibles problemas m\u00e9dicos.<\/p>\n\n\n\n<p>A los padres de ni\u00f1os con necesidades especiales a menudo les preocupa que el divorcio afecte negativamente la rutina de sus hijos y les cause contratiempos. Los abogados eficaces en custodia de menores trabajan con su cliente y el otro c\u00f3nyuge para llegar a un acuerdo cuando sea posible, teniendo en cuenta el inter\u00e9s superior del ni\u00f1o. Si est\u00e1 involucrado en una disputa por la custodia de sus hijos, es aconsejable contratar a un abogado con experiencia para que represente sus mejores intereses y los de su hijo lo antes posible.<\/p>\n\n\n\n<h3 class=\"wp-block-heading\">Determinaciones de Custodia en Nueva York<\/h3>\n\n\n\n<p><span style=\"font-weight: 400\">En Nueva York, los jueces intentan tomar las mejores decisiones posibles cuando se trata de casos de custodia de menores. En los casos de divorcio, la manutenci\u00f3n de los hijos, la custodia de los hijos y las visitas a menudo se convierten en los aspectos m\u00e1s cr\u00edticos y controvertidos del caso. Los jueces utilizan m\u00faltiples factores determinantes para decidir qu\u00e9 padre recibir\u00e1 la custodia. El objetivo general de los jueces del estado de Nueva York es tomar una decisi\u00f3n que perturbe al ni\u00f1o lo menos posible. Algunos de los factores cr\u00edticos que los jueces consideran al determinar asuntos de custodia incluyen los siguientes:<\/span><\/p>\n\n\n\n<ul class=\"wp-block-list\">\n<li>La voluntad de cada padre de trabajar con el otro padre.<\/li>\n\n\n\n<li>La relaci\u00f3n del ni\u00f1o con otros miembros de la familia y hermanos.<\/li>\n\n\n\n<li>El horario de trabajo de cada padre.<\/li>\n\n\n\n<li>La capacidad financiera de cada padre para mantener a sus hijos.<\/li>\n\n\n\n<li>El lugar donde viven el hermano o los hermanos del ni\u00f1o.<\/li>\n\n\n\n<li>La salud f\u00edsica de cada padre.<\/li>\n\n\n\n<li>La salud mental de cada padre<\/li>\n\n\n\n<li>Las habilidades parentales de cada padre<\/li>\n\n\n\n<li>La calidad del ambiente hogare\u00f1o de cada padre.<\/li>\n\n\n\n<li>\u00bfQu\u00e9 padre act\u00faa como el cuidador principal?<\/li>\n<\/ul>\n\n\n\n<p><span style=\"font-weight: 400\">Cuando el ni\u00f1o involucrado en el asunto de la custodia tenga edad suficiente, los jueces le preguntar\u00e1n d\u00f3nde le gustar\u00eda residir. Los jueces tambi\u00e9n preguntar\u00e1n al ni\u00f1o sobre su relaci\u00f3n con cada padre.<\/span><\/p>\n\n\n\n<h3 class=\"wp-block-heading\">Custodia Exclusiva en Nueva York<\/h3>\n\n\n\n<p>Existen varios tipos diferentes de acuerdos de custodia infantil en el estado de Nueva York. Los tribunales pueden dictaminar que uno de los padres tiene la custodia exclusiva del ni\u00f1o o los ni\u00f1os. En un acuerdo de custodia exclusiva, uno de los padres tiene la custodia f\u00edsica y legal. El padre que debe recibir la custodia exclusiva es legalmente responsable del cuidado del ni\u00f1o y toma todas las decisiones con respecto al ni\u00f1o.<\/p>\n\n\n\n<p>En un acuerdo de custodia exclusiva, el padre que no tiene la custodia a menudo tiene derecho a tomar decisiones b\u00e1sicas del d\u00eda a d\u00eda cuando el ni\u00f1o est\u00e1 bajo su custodia f\u00edsica. Cuando los padres no pueden tomar decisiones juntos, o cuando uno de los padres representa un peligro para la salud y la seguridad de los ni\u00f1os, los tribunales impondr\u00e1n un acuerdo de custodia exclusiva.<\/p>\n\n\n\n<h3 class=\"wp-block-heading\">Custodia Compartida en Nueva York<\/h3>\n\n\n\n<p>La mayor\u00eda de los tribunales y los padres de Nueva York prefieren un acuerdo de custodia compartida en el que ambos padres comparten la responsabilidad del cuidado y la toma de decisiones relacionadas con sus hijos. En un acuerdo de custodia compartida, ambos padres deciden sobre la atenci\u00f3n m\u00e9dica, la religi\u00f3n, la escolarizaci\u00f3n, las actividades y el bienestar general del ni\u00f1o. Los tribunales prefieren acuerdos de custodia compartida porque alientan a los padres a trabajar juntos y a ser padres como un equipo.<\/p>\n\n\n\n<p>Los padres en un acuerdo de custodia compartida comparten la custodia f\u00edsica de sus hijos. Seguir\u00e1n un horario de visitas en el que el ni\u00f1o vivir\u00e1 con uno de los padres durante un per\u00edodo determinado y luego pasar\u00e1 a vivir con el otro padre. Este acuerdo se llama custodia f\u00edsica compartida. En algunos casos, un juez otorgar\u00e1 la custodia f\u00edsica exclusiva a uno de los padres, quien actuar\u00e1 como tutor principal. A\u00fan as\u00ed, el otro padre puede contribuir al proceso de toma de decisiones.<\/p>\n\n\n\n<h3 class=\"wp-block-heading\">Por Qu\u00e9 Necesita Un Abogado Con Experiencia en Custodia Infantil<\/h3>\n\n\n\n<p><span style=\"font-weight: 400\">La mayor\u00eda de los jueces del estado de Nueva York intentan ser justos cuando toman decisiones sobre la custodia de los hijos. Lamentablemente, sus decisiones no siempre son correctas; Es crucial que los padres tengan una representaci\u00f3n legal efectiva. Para muchos padres, la idea de perder la custodia de sus hijos es aterradora. Un abogado experto en custodia infantil lo ayudar\u00e1 a presentar su caso ante el juez de manera efectiva y persuasiva mientras se asegura de que sus derechos est\u00e9n protegidos durante todo el proceso.<\/span><\/p>\n\n\n\n<h3 class=\"wp-block-heading\">Otros Asuntos Legales Relacionados<\/h3>\n\n\n\n<p><span style=\"font-weight: 400\">Los casos de divorcio constituyen la mayor\u00eda de las cuestiones de custodia de los hijos que deben resolverse en los tribunales. Sin embargo, existen otros tipos de asuntos de custodia de los hijos que los padres pueden enfrentar. Los abogados de CDH Law PLLC tienen d\u00e9cadas de experiencia combinada en el manejo de una variedad de disputas de custodia en Nueva York. Sabemos c\u00f3mo calmar los conflictos entre padres y al mismo tiempo ayudar a las partes a lograr un acuerdo. Nuestro objetivo final es proteger su inter\u00e9s superior y el de su hijo. Los asuntos de custodia comunes incluyen:<\/span><\/p>\n\n\n\n<ul class=\"wp-block-list\">\n<li>Modificar un horario de visitas<\/li>\n\n\n\n<li>Hacer cumplir un acuerdo de visitas cuando uno de los padres con custodia infringe<\/li>\n\n\n\n<li>Ayudar a los abuelos que buscan derechos de visita<\/li>\n\n\n\n<li>Proteger los derechos de los padres del mismo sexo o de los padres no biol\u00f3gicos<\/li>\n<\/ul>\n\n\n\n<h4 class=\"wp-block-heading\">P\u00f3ngase en Contacto Con Nuestro Abogado Con Experiencia en Derecho Familiar Hoy<\/h4>\n\n\n\n<p><span style=\"font-weight: 400\">En CDH Law PLLC, trabajamos duro para proteger los derechos de nuestros clientes durante todo el proceso de divorcio y custodia de los hijos. Si necesita un abogado de custodia infantil en Syracuse, <a href=\"\/es\/contacto\/\">cont\u00e1ctenos<\/a> para programar su consulta inicial.<\/span><\/p>\n","protected":false},"excerpt":{"rendered":"<p>Divorciarse y lidiar con los problemas de custodia de los hijos puede ser una de las experiencias m\u00e1s desafiantes en la vida de un padre. Como padre, tus hijos son las personas m\u00e1s importantes de tu vida. El resultado de un caso de divorcio y custodia de los hijos tendr\u00e1 un impacto significativo en la&#8230;<\/p>\n","protected":false},"author":17,"featured_media":2824,"parent":944,"menu_order":0,"comment_status":"closed","ping_status":"closed","template":"","meta":{"_acf_changed":false,"footnotes":""},"tags":[],"class_list":["post-1532","page","type-page","status-publish","has-post-thumbnail","hentry"],"acf":[],"yoast_head":"<!-- This site is optimized with the Yoast SEO plugin v27.4 - https:\/\/yoast.com\/product\/yoast-seo-wordpress\/ -->\n<title>Abogado de Custodia de Menores de Centro de Nueva York | CDH<\/title>\n<meta name=\"description\" content=\"Si necesita ayuda para lidiar con asuntos de custodia de los hijos, comun\u00edquese hoy con nuestros abogados de derecho de familia.\" \/>\n<meta name=\"robots\" content=\"index, follow, max-snippet:-1, max-image-preview:large, max-video-preview:-1\" \/>\n<link rel=\"canonical\" href=\"https:\/\/lawcdh.com\/es\/areas-de-practica\/ley-familiar\/custodia-del-nino\/\" \/>\n<meta property=\"og:locale\" content=\"es_MX\" \/>\n<meta property=\"og:type\" content=\"article\" \/>\n<meta property=\"og:title\" content=\"Abogado de Custodia de Menores de Centro de Nueva York | CDH\" \/>\n<meta property=\"og:description\" content=\"Si necesita ayuda para lidiar con asuntos de custodia de los hijos, comun\u00edquese hoy con nuestros abogados de derecho de familia.\" \/>\n<meta property=\"og:url\" content=\"https:\/\/lawcdh.com\/es\/areas-de-practica\/ley-familiar\/custodia-del-nino\/\" \/>\n<meta property=\"og:site_name\" content=\"CDH Law PLLC ES\" \/>\n<meta property=\"article:modified_time\" content=\"2024-02-01T15:10:18+00:00\" \/>\n<meta property=\"og:image\" content=\"https:\/\/lawcdh.com\/es\/wp-content\/uploads\/sites\/2\/2024\/02\/Custodia-del-Nino.png\" \/>\n\t<meta property=\"og:image:width\" content=\"730\" \/>\n\t<meta property=\"og:image:height\" content=\"300\" \/>\n\t<meta property=\"og:image:type\" content=\"image\/png\" \/>\n<meta name=\"twitter:card\" content=\"summary_large_image\" \/>\n<meta name=\"twitter:label1\" content=\"Est. reading time\" \/>\n\t<meta name=\"twitter:data1\" content=\"6 minutos\" \/>\n<script type=\"application\/ld+json\" class=\"yoast-schema-graph\">{\"@context\":\"https:\\\/\\\/schema.org\",\"@graph\":[{\"@type\":\"WebPage\",\"@id\":\"https:\\\/\\\/lawcdh.com\\\/es\\\/areas-de-practica\\\/ley-familiar\\\/custodia-del-nino\\\/\",\"url\":\"https:\\\/\\\/lawcdh.com\\\/es\\\/areas-de-practica\\\/ley-familiar\\\/custodia-del-nino\\\/\",\"name\":\"Abogado de Custodia de Menores de Centro de Nueva York | CDH\",\"isPartOf\":{\"@id\":\"https:\\\/\\\/lawcdh.com\\\/es\\\/#website\"},\"primaryImageOfPage\":{\"@id\":\"https:\\\/\\\/lawcdh.com\\\/es\\\/areas-de-practica\\\/ley-familiar\\\/custodia-del-nino\\\/#primaryimage\"},\"image\":{\"@id\":\"https:\\\/\\\/lawcdh.com\\\/es\\\/areas-de-practica\\\/ley-familiar\\\/custodia-del-nino\\\/#primaryimage\"},\"thumbnailUrl\":\"https:\\\/\\\/lawcdh.com\\\/es\\\/wp-content\\\/uploads\\\/sites\\\/2\\\/2024\\\/02\\\/Custodia-del-Nino.png\",\"datePublished\":\"2020-11-04T20:57:35+00:00\",\"dateModified\":\"2024-02-01T15:10:18+00:00\",\"description\":\"Si necesita ayuda para lidiar con asuntos de custodia de los hijos, comun\u00edquese hoy con nuestros abogados de derecho de familia.\",\"breadcrumb\":{\"@id\":\"https:\\\/\\\/lawcdh.com\\\/es\\\/areas-de-practica\\\/ley-familiar\\\/custodia-del-nino\\\/#breadcrumb\"},\"inLanguage\":\"es\",\"potentialAction\":[{\"@type\":\"ReadAction\",\"target\":[\"https:\\\/\\\/lawcdh.com\\\/es\\\/areas-de-practica\\\/ley-familiar\\\/custodia-del-nino\\\/\"]}]},{\"@type\":\"ImageObject\",\"inLanguage\":\"es\",\"@id\":\"https:\\\/\\\/lawcdh.com\\\/es\\\/areas-de-practica\\\/ley-familiar\\\/custodia-del-nino\\\/#primaryimage\",\"url\":\"https:\\\/\\\/lawcdh.com\\\/es\\\/wp-content\\\/uploads\\\/sites\\\/2\\\/2024\\\/02\\\/Custodia-del-Nino.png\",\"contentUrl\":\"https:\\\/\\\/lawcdh.com\\\/es\\\/wp-content\\\/uploads\\\/sites\\\/2\\\/2024\\\/02\\\/Custodia-del-Nino.png\",\"width\":730,\"height\":300,\"caption\":\"Madre sosteniendo la mano de su hija en una batalla por la custodia de los hijos\"},{\"@type\":\"BreadcrumbList\",\"@id\":\"https:\\\/\\\/lawcdh.com\\\/es\\\/areas-de-practica\\\/ley-familiar\\\/custodia-del-nino\\\/#breadcrumb\",\"itemListElement\":[{\"@type\":\"ListItem\",\"position\":1,\"name\":\"Home\",\"item\":\"https:\\\/\\\/lawcdh.com\\\/es\\\/\"},{\"@type\":\"ListItem\",\"position\":2,\"name\":\"\u00c1reas de Pr\u00e1ctica\",\"item\":\"https:\\\/\\\/lawcdh.com\\\/es\\\/areas-de-practica\\\/\"},{\"@type\":\"ListItem\",\"position\":3,\"name\":\"Ley Familiar\",\"item\":\"https:\\\/\\\/lawcdh.com\\\/es\\\/areas-de-practica\\\/ley-familiar\\\/\"},{\"@type\":\"ListItem\",\"position\":4,\"name\":\"Custodia del Ni\u00f1o\"}]},{\"@type\":\"WebSite\",\"@id\":\"https:\\\/\\\/lawcdh.com\\\/es\\\/#website\",\"url\":\"https:\\\/\\\/lawcdh.com\\\/es\\\/\",\"name\":\"CDH Law PLLC ES\",\"description\":\"\",\"potentialAction\":[{\"@type\":\"SearchAction\",\"target\":{\"@type\":\"EntryPoint\",\"urlTemplate\":\"https:\\\/\\\/lawcdh.com\\\/es\\\/?s={search_term_string}\"},\"query-input\":{\"@type\":\"PropertyValueSpecification\",\"valueRequired\":true,\"valueName\":\"search_term_string\"}}],\"inLanguage\":\"es\"}]}<\/script>\n<!-- \/ Yoast SEO plugin. -->","yoast_head_json":{"title":"Abogado de Custodia de Menores de Centro de Nueva York | CDH","description":"Si necesita ayuda para lidiar con asuntos de custodia de los hijos, comun\u00edquese hoy con nuestros abogados de derecho de familia.","robots":{"index":"index","follow":"follow","max-snippet":"max-snippet:-1","max-image-preview":"max-image-preview:large","max-video-preview":"max-video-preview:-1"},"canonical":"https:\/\/lawcdh.com\/es\/areas-de-practica\/ley-familiar\/custodia-del-nino\/","og_locale":"es_MX","og_type":"article","og_title":"Abogado de Custodia de Menores de Centro de Nueva York | CDH","og_description":"Si necesita ayuda para lidiar con asuntos de custodia de los hijos, comun\u00edquese hoy con nuestros abogados de derecho de familia.","og_url":"https:\/\/lawcdh.com\/es\/areas-de-practica\/ley-familiar\/custodia-del-nino\/","og_site_name":"CDH Law PLLC ES","article_modified_time":"2024-02-01T15:10:18+00:00","og_image":[{"width":730,"height":300,"url":"https:\/\/lawcdh.com\/es\/wp-content\/uploads\/sites\/2\/2024\/02\/Custodia-del-Nino.png","type":"image\/png"}],"twitter_card":"summary_large_image","twitter_misc":{"Est. reading time":"6 minutos"},"schema":{"@context":"https:\/\/schema.org","@graph":[{"@type":"WebPage","@id":"https:\/\/lawcdh.com\/es\/areas-de-practica\/ley-familiar\/custodia-del-nino\/","url":"https:\/\/lawcdh.com\/es\/areas-de-practica\/ley-familiar\/custodia-del-nino\/","name":"Abogado de Custodia de Menores de Centro de Nueva York | CDH","isPartOf":{"@id":"https:\/\/lawcdh.com\/es\/#website"},"primaryImageOfPage":{"@id":"https:\/\/lawcdh.com\/es\/areas-de-practica\/ley-familiar\/custodia-del-nino\/#primaryimage"},"image":{"@id":"https:\/\/lawcdh.com\/es\/areas-de-practica\/ley-familiar\/custodia-del-nino\/#primaryimage"},"thumbnailUrl":"https:\/\/lawcdh.com\/es\/wp-content\/uploads\/sites\/2\/2024\/02\/Custodia-del-Nino.png","datePublished":"2020-11-04T20:57:35+00:00","dateModified":"2024-02-01T15:10:18+00:00","description":"Si necesita ayuda para lidiar con asuntos de custodia de los hijos, comun\u00edquese hoy con nuestros abogados de derecho de familia.","breadcrumb":{"@id":"https:\/\/lawcdh.com\/es\/areas-de-practica\/ley-familiar\/custodia-del-nino\/#breadcrumb"},"inLanguage":"es","potentialAction":[{"@type":"ReadAction","target":["https:\/\/lawcdh.com\/es\/areas-de-practica\/ley-familiar\/custodia-del-nino\/"]}]},{"@type":"ImageObject","inLanguage":"es","@id":"https:\/\/lawcdh.com\/es\/areas-de-practica\/ley-familiar\/custodia-del-nino\/#primaryimage","url":"https:\/\/lawcdh.com\/es\/wp-content\/uploads\/sites\/2\/2024\/02\/Custodia-del-Nino.png","contentUrl":"https:\/\/lawcdh.com\/es\/wp-content\/uploads\/sites\/2\/2024\/02\/Custodia-del-Nino.png","width":730,"height":300,"caption":"Madre sosteniendo la mano de su hija en una batalla por la custodia de los hijos"},{"@type":"BreadcrumbList","@id":"https:\/\/lawcdh.com\/es\/areas-de-practica\/ley-familiar\/custodia-del-nino\/#breadcrumb","itemListElement":[{"@type":"ListItem","position":1,"name":"Home","item":"https:\/\/lawcdh.com\/es\/"},{"@type":"ListItem","position":2,"name":"\u00c1reas de Pr\u00e1ctica","item":"https:\/\/lawcdh.com\/es\/areas-de-practica\/"},{"@type":"ListItem","position":3,"name":"Ley Familiar","item":"https:\/\/lawcdh.com\/es\/areas-de-practica\/ley-familiar\/"},{"@type":"ListItem","position":4,"name":"Custodia del Ni\u00f1o"}]},{"@type":"WebSite","@id":"https:\/\/lawcdh.com\/es\/#website","url":"https:\/\/lawcdh.com\/es\/","name":"CDH Law PLLC ES","description":"","potentialAction":[{"@type":"SearchAction","target":{"@type":"EntryPoint","urlTemplate":"https:\/\/lawcdh.com\/es\/?s={search_term_string}"},"query-input":{"@type":"PropertyValueSpecification","valueRequired":true,"valueName":"search_term_string"}}],"inLanguage":"es"}]}},"_links":{"self":[{"href":"https:\/\/lawcdh.com\/es\/wp-json\/wp\/v2\/pages\/1532","targetHints":{"allow":["GET"]}}],"collection":[{"href":"https:\/\/lawcdh.com\/es\/wp-json\/wp\/v2\/pages"}],"about":[{"href":"https:\/\/lawcdh.com\/es\/wp-json\/wp\/v2\/types\/page"}],"author":[{"embeddable":true,"href":"https:\/\/lawcdh.com\/es\/wp-json\/wp\/v2\/users\/17"}],"replies":[{"embeddable":true,"href":"https:\/\/lawcdh.com\/es\/wp-json\/wp\/v2\/comments?post=1532"}],"version-history":[{"count":0,"href":"https:\/\/lawcdh.com\/es\/wp-json\/wp\/v2\/pages\/1532\/revisions"}],"up":[{"embeddable":true,"href":"https:\/\/lawcdh.com\/es\/wp-json\/wp\/v2\/pages\/944"}],"wp:featuredmedia":[{"embeddable":true,"href":"https:\/\/lawcdh.com\/es\/wp-json\/wp\/v2\/media\/2824"}],"wp:attachment":[{"href":"https:\/\/lawcdh.com\/es\/wp-json\/wp\/v2\/media?parent=1532"}],"wp:term":[{"taxonomy":"post_tag","embeddable":true,"href":"https:\/\/lawcdh.com\/es\/wp-json\/wp\/v2\/tags?post=1532"}],"curies":[{"name":"wp","href":"https:\/\/api.w.org\/{rel}","templated":true}]}}