{"id":1553,"date":"2020-12-01T21:40:50","date_gmt":"2020-12-01T21:40:50","guid":{"rendered":"https:\/\/lawcdh.com\/?page_id=1553"},"modified":"2024-01-31T22:04:35","modified_gmt":"2024-01-31T22:04:35","slug":"alivio-pendente-lite-temporal","status":"publish","type":"page","link":"https:\/\/lawcdh.com\/es\/areas-de-practica\/ley-familiar\/alivio-pendente-lite-temporal\/","title":{"rendered":"Alivio Pendente Lite Temporal"},"content":{"rendered":"\n<p>Los asuntos de divorcio y custodia de los hijos no siempre se resuelven r\u00e1pidamente en los tribunales de Nueva York. En algunos casos, es necesario que los padres presenten una moci\u00f3n pendente lite. Las mociones pendente lite permiten a los padres solicitar un fallo judicial anticipado sobre un tema urgente. Al presentar una moci\u00f3n pendente lite, puede solicitar que el tribunal intervenga en su caso y emita un fallo temporal.<\/p>\n\n\n\n<p>Existen m\u00faltiples requisitos y condiciones que debe cumplir para presentar una moci\u00f3n pendente lite con \u00e9xito. Si est\u00e1 involucrado en un problema de divorcio o custodia de los hijos y necesita resolver un problema de inmediato, <a href=\"https:\/\/lawcdh.com\/es\/\">CDH Law, PLLC<\/a> est\u00e1 aqu\u00ed para ayudarlo. Tenemos un conocimiento profundo de las leyes de divorcio y custodia de menores de Nueva York. Nuestros abogados experimentados revisar\u00e1n su caso y le asesorar\u00e1n sobre si puede presentar una moci\u00f3n pendente lite. Cont\u00e1ctenos hoy para programar su consulta inicial y saber c\u00f3mo podemos ayudarlo.<\/p>\n\n\n\n<h2 class=\"wp-block-heading\" id=\"presentar-una-mocion-pendente-lite\">Presentar una Moci\u00f3n Pendente Lite<\/h2>\n\n\n\n<p><span style=\"font-weight: 400\">Las mociones pendente lite son mociones que solicitan al tribunal que intervenga y se pronuncie sobre un asunto urgente que no puede esperar hasta el fallo final en su caso. En CDH Law PLLC, hemos ayudado a clientes a presentar mociones pendente lite en una variedad de situaciones, tales como:<\/span><\/p>\n\n\n\n<ul class=\"wp-block-list\">\n<li>Su c\u00f3nyuge se niega a pagar la manutenci\u00f3n de los hijos<\/li>\n\n\n\n<li>No puede pagar parte o la totalidad de sus honorarios legales<\/li>\n\n\n\n<li>Su c\u00f3nyuge gana mucho m\u00e1s dinero que usted pero no le ayuda econ\u00f3micamente<\/li>\n\n\n\n<li>No puede pagar a los peritos necesarios para asegurar una parte justa de sus bienes conyugales.<\/li>\n\n\n\n<li>Tus hijos corren peligro por el comportamiento de tu c\u00f3nyuge<\/li>\n\n\n\n<li>Su c\u00f3nyuge es abusivo f\u00edsica o verbalmente<\/li>\n<\/ul>\n\n\n\n<h3 class=\"wp-block-heading\">Obtener una Moci\u00f3n<\/h3>\n\n\n\n<p>Cuando surgen desacuerdos durante la custodia de los hijos o los casos de divorcio, el primer paso es intentar llegar a un acuerdo temporal con su c\u00f3nyuge o copadre. Sin embargo, cuando no se puede llegar a un acuerdo temporal, es necesario presentar una moci\u00f3n pendente lite. Existen m\u00faltiples requisitos para presentar una moci\u00f3n pendente lite.<\/p>\n\n\n\n<p>Primero, si est\u00e1 involucrado en una acci\u00f3n de anulaci\u00f3n o divorcio, debe presentar la petici\u00f3n de divorcio o anulaci\u00f3n antes de poder presentar una moci\u00f3n pendente lite. Los tribunales de Nueva York ni siquiera abordar\u00e1n su moci\u00f3n a menos que haya iniciado el caso de divorcio o anulaci\u00f3n subyacente. Puede notificar a su c\u00f3nyuge la moci\u00f3n pendente lite y la citaci\u00f3n de divorcio al mismo tiempo.<\/p>\n\n\n\n<p>Si es posible, deber\u00e1 presentar la moci\u00f3n pendente lite antes de su conferencia preliminar, pero los tribunales de Nueva York no exigen que esto sea un requisito para presentar la moci\u00f3n. Tambi\u00e9n deber\u00e1 proporcionar una declaraci\u00f3n de patrimonio neto como prueba si presenta la moci\u00f3n pendente lite porque su c\u00f3nyuge gana significativamente m\u00e1s que usted pero no contribuye financieramente.<\/p>\n\n\n\n<h3 class=\"wp-block-heading\">Mociones Sobre Honorarios Legales<\/h3>\n\n\n\n<p><span style=\"font-weight: 400\">Cuando presente una moci\u00f3n pendente lite con respecto a los honorarios legales, deber\u00e1 incluir informaci\u00f3n adicional. Por lo general, quienes presentan una moci\u00f3n pendente lite lo hacen porque no pueden pagar sus honorarios legales. Primero, deber\u00e1 adjuntar un documento que incluya la cantidad de dinero que recibi\u00f3 su abogado. Tambi\u00e9n deber\u00e1 incluir la tarifa por hora de su abogado, el monto de los honorarios legales que pag\u00f3 o el monto de los honorarios legales que a\u00fan est\u00e1n pendientes, y cualquier costo o desembolso adicional. Tambi\u00e9n debe incluir la cantidad de dinero que su abogado ha prometido recibir de otra persona que no sea usted.<\/span><\/p>\n\n\n\n<h3 class=\"wp-block-heading\">Mociones Pendente Lite Relacionadas Con la Manutenci\u00f3n Del C\u00f3nyuge<\/h3>\n\n\n\n<p><span style=\"font-weight: 400\">\u00bfQu\u00e9 sucede cuando presenta una moci\u00f3n pendente lite para recibir manutenci\u00f3n conyugal de emergencia? Los jueces de Nueva York utilizar\u00e1n una Calculadora de pautas temporales de manutenci\u00f3n del c\u00f3nyuge para determinar la manutenci\u00f3n del c\u00f3nyuge para las mociones pendente lite. El tribunal registrar\u00e1 los ingresos del demandante y del demandado. La f\u00f3rmula tambi\u00e9n tiene en cuenta si uno de los c\u00f3nyuges pagar\u00e1 la manutenci\u00f3n de los hijos y si el pagador es un padre sin custodia. Seg\u00fan la ley de Nueva York, los jueces deben considerar 13 factores diferentes cuando deciden otorgar manutenci\u00f3n conyugal temporal si el nivel de ingresos de su c\u00f3nyuge excede los $192,000. Despu\u00e9s de analizar estos factores, el tribunal decidir\u00e1 cu\u00e1nta manutenci\u00f3n conyugal temporal otorgar\u00e1.<\/span><\/p>\n\n\n\n<h3 class=\"wp-block-heading\">Mociones Pendente Lite Relacionadas Con El R\u00e9gimen de Crianza Y la Custodia<\/h3>\n\n\n\n<p>Los tribunales de Nueva York tienen la autoridad legal para otorgar horarios de crianza temporales y custodia temporal en virtud de una moci\u00f3n Pendente lite. Los tribunales de Nueva York utilizan un enfoque basado en hechos para decidir sobre estos asuntos, y el resultado de cada caso depender\u00e1 de los hechos \u00fanicos de ese caso.<\/p>\n\n\n\n<p>Uno de los padres puede presentar una moci\u00f3n pendente lite cuando el otro padre lo priva de cualquier acceso significativo a los ni\u00f1os. Por ejemplo, despu\u00e9s de que un c\u00f3nyuge solicita el divorcio, el otro c\u00f3nyuge puede llevar a los ni\u00f1os a otro hogar y negarse a permitir que el otro padre vea a los ni\u00f1os bajo cualquier circunstancia.<\/p>\n\n\n\n<p>En lugar de esperar a que el tribunal se pronuncie sobre un acuerdo final de divorcio y custodia, el padre a quien se le niega el acceso a sus hijos debe presentar una moci\u00f3n pendente lite y solicitar que el tribunal decida sobre un acuerdo de custodia temporal. En la mayor\u00eda de los casos, las mociones Pendente lite relacionadas con la custodia de los hijos se reservan para casos graves que involucran violencia dom\u00e9stica o cuando hay evidencia clara de que uno de los padres est\u00e1 siendo obligado a permanecer ausente de la vida de los ni\u00f1os.<\/p>\n\n\n\n<h4 class=\"wp-block-heading\"><strong>P\u00f3ngase en Contacto Con CDH Law Hoy<\/strong><\/h4>\n\n\n\n<p><span style=\"font-weight: 400\">Si est\u00e1 involucrado en un asunto de divorcio o custodia de los hijos y est\u00e1 considerando presentar una moci\u00f3n pendente lite, podemos ayudarlo. Tenemos la experiencia y las habilidades legales necesarias para asesorarlo de manera efectiva sobre si est\u00e1 en condiciones de presentar una moci\u00f3n pendente lite. <a href=\"\/es\/contacto\/\">P\u00f3ngase en contacto con los abogados experimentados de CDH Law hoy<\/a> para saber c\u00f3mo podemos ayudarlo a defender sus derechos durante este proceso.<\/span><\/p>\n","protected":false},"excerpt":{"rendered":"<p>Los asuntos de divorcio y custodia de los hijos no siempre se resuelven r\u00e1pidamente en los tribunales de Nueva York. En algunos casos, es necesario que los padres presenten una moci\u00f3n pendente lite. Las mociones pendente lite permiten a los padres solicitar un fallo judicial anticipado sobre un tema urgente. Al presentar una moci\u00f3n pendente&#8230;<\/p>\n","protected":false},"author":17,"featured_media":0,"parent":944,"menu_order":0,"comment_status":"closed","ping_status":"closed","template":"","meta":{"_acf_changed":false,"footnotes":""},"tags":[],"class_list":["post-1553","page","type-page","status-publish","hentry"],"acf":[],"yoast_head":"<!-- This site is optimized with the Yoast SEO plugin v27.4 - https:\/\/yoast.com\/product\/yoast-seo-wordpress\/ -->\n<title>Abogados de Alivio Temporal de Pendientes Lite en Syracuse<\/title>\n<meta name=\"description\" content=\"Si est\u00e1 buscando una moci\u00f3n pendente lite temporal en su caso de derecho familiar, comun\u00edquese con nuestros abogados hoy.\" \/>\n<meta name=\"robots\" content=\"index, follow, max-snippet:-1, max-image-preview:large, max-video-preview:-1\" \/>\n<link rel=\"canonical\" href=\"https:\/\/lawcdh.com\/es\/areas-de-practica\/ley-familiar\/alivio-pendente-lite-temporal\/\" \/>\n<meta property=\"og:locale\" content=\"es_MX\" \/>\n<meta property=\"og:type\" content=\"article\" \/>\n<meta property=\"og:title\" content=\"Abogados de Alivio Temporal de Pendientes Lite en Syracuse\" \/>\n<meta property=\"og:description\" content=\"Si est\u00e1 buscando una moci\u00f3n pendente lite temporal en su caso de derecho familiar, comun\u00edquese con nuestros abogados hoy.\" \/>\n<meta property=\"og:url\" content=\"https:\/\/lawcdh.com\/es\/areas-de-practica\/ley-familiar\/alivio-pendente-lite-temporal\/\" \/>\n<meta property=\"og:site_name\" content=\"CDH Law PLLC ES\" \/>\n<meta property=\"article:modified_time\" content=\"2024-01-31T22:04:35+00:00\" \/>\n<meta name=\"twitter:card\" content=\"summary_large_image\" \/>\n<meta name=\"twitter:label1\" content=\"Est. reading time\" \/>\n\t<meta name=\"twitter:data1\" content=\"5 minutos\" \/>\n<script type=\"application\/ld+json\" class=\"yoast-schema-graph\">{\"@context\":\"https:\\\/\\\/schema.org\",\"@graph\":[{\"@type\":\"WebPage\",\"@id\":\"https:\\\/\\\/lawcdh.com\\\/es\\\/areas-de-practica\\\/ley-familiar\\\/alivio-pendente-lite-temporal\\\/\",\"url\":\"https:\\\/\\\/lawcdh.com\\\/es\\\/areas-de-practica\\\/ley-familiar\\\/alivio-pendente-lite-temporal\\\/\",\"name\":\"Abogados de Alivio Temporal de Pendientes Lite en Syracuse\",\"isPartOf\":{\"@id\":\"https:\\\/\\\/lawcdh.com\\\/es\\\/#website\"},\"datePublished\":\"2020-12-01T21:40:50+00:00\",\"dateModified\":\"2024-01-31T22:04:35+00:00\",\"description\":\"Si est\u00e1 buscando una moci\u00f3n pendente lite temporal en su caso de derecho familiar, comun\u00edquese con nuestros abogados hoy.\",\"breadcrumb\":{\"@id\":\"https:\\\/\\\/lawcdh.com\\\/es\\\/areas-de-practica\\\/ley-familiar\\\/alivio-pendente-lite-temporal\\\/#breadcrumb\"},\"inLanguage\":\"es\",\"potentialAction\":[{\"@type\":\"ReadAction\",\"target\":[\"https:\\\/\\\/lawcdh.com\\\/es\\\/areas-de-practica\\\/ley-familiar\\\/alivio-pendente-lite-temporal\\\/\"]}]},{\"@type\":\"BreadcrumbList\",\"@id\":\"https:\\\/\\\/lawcdh.com\\\/es\\\/areas-de-practica\\\/ley-familiar\\\/alivio-pendente-lite-temporal\\\/#breadcrumb\",\"itemListElement\":[{\"@type\":\"ListItem\",\"position\":1,\"name\":\"Home\",\"item\":\"https:\\\/\\\/lawcdh.com\\\/es\\\/\"},{\"@type\":\"ListItem\",\"position\":2,\"name\":\"\u00c1reas de Pr\u00e1ctica\",\"item\":\"https:\\\/\\\/lawcdh.com\\\/es\\\/areas-de-practica\\\/\"},{\"@type\":\"ListItem\",\"position\":3,\"name\":\"Ley Familiar\",\"item\":\"https:\\\/\\\/lawcdh.com\\\/es\\\/areas-de-practica\\\/ley-familiar\\\/\"},{\"@type\":\"ListItem\",\"position\":4,\"name\":\"Alivio Pendente Lite Temporal\"}]},{\"@type\":\"WebSite\",\"@id\":\"https:\\\/\\\/lawcdh.com\\\/es\\\/#website\",\"url\":\"https:\\\/\\\/lawcdh.com\\\/es\\\/\",\"name\":\"CDH Law PLLC ES\",\"description\":\"\",\"potentialAction\":[{\"@type\":\"SearchAction\",\"target\":{\"@type\":\"EntryPoint\",\"urlTemplate\":\"https:\\\/\\\/lawcdh.com\\\/es\\\/?s={search_term_string}\"},\"query-input\":{\"@type\":\"PropertyValueSpecification\",\"valueRequired\":true,\"valueName\":\"search_term_string\"}}],\"inLanguage\":\"es\"}]}<\/script>\n<!-- \/ Yoast SEO plugin. -->","yoast_head_json":{"title":"Abogados de Alivio Temporal de Pendientes Lite en Syracuse","description":"Si est\u00e1 buscando una moci\u00f3n pendente lite temporal en su caso de derecho familiar, comun\u00edquese con nuestros abogados hoy.","robots":{"index":"index","follow":"follow","max-snippet":"max-snippet:-1","max-image-preview":"max-image-preview:large","max-video-preview":"max-video-preview:-1"},"canonical":"https:\/\/lawcdh.com\/es\/areas-de-practica\/ley-familiar\/alivio-pendente-lite-temporal\/","og_locale":"es_MX","og_type":"article","og_title":"Abogados de Alivio Temporal de Pendientes Lite en Syracuse","og_description":"Si est\u00e1 buscando una moci\u00f3n pendente lite temporal en su caso de derecho familiar, comun\u00edquese con nuestros abogados hoy.","og_url":"https:\/\/lawcdh.com\/es\/areas-de-practica\/ley-familiar\/alivio-pendente-lite-temporal\/","og_site_name":"CDH Law PLLC ES","article_modified_time":"2024-01-31T22:04:35+00:00","twitter_card":"summary_large_image","twitter_misc":{"Est. reading time":"5 minutos"},"schema":{"@context":"https:\/\/schema.org","@graph":[{"@type":"WebPage","@id":"https:\/\/lawcdh.com\/es\/areas-de-practica\/ley-familiar\/alivio-pendente-lite-temporal\/","url":"https:\/\/lawcdh.com\/es\/areas-de-practica\/ley-familiar\/alivio-pendente-lite-temporal\/","name":"Abogados de Alivio Temporal de Pendientes Lite en Syracuse","isPartOf":{"@id":"https:\/\/lawcdh.com\/es\/#website"},"datePublished":"2020-12-01T21:40:50+00:00","dateModified":"2024-01-31T22:04:35+00:00","description":"Si est\u00e1 buscando una moci\u00f3n pendente lite temporal en su caso de derecho familiar, comun\u00edquese con nuestros abogados hoy.","breadcrumb":{"@id":"https:\/\/lawcdh.com\/es\/areas-de-practica\/ley-familiar\/alivio-pendente-lite-temporal\/#breadcrumb"},"inLanguage":"es","potentialAction":[{"@type":"ReadAction","target":["https:\/\/lawcdh.com\/es\/areas-de-practica\/ley-familiar\/alivio-pendente-lite-temporal\/"]}]},{"@type":"BreadcrumbList","@id":"https:\/\/lawcdh.com\/es\/areas-de-practica\/ley-familiar\/alivio-pendente-lite-temporal\/#breadcrumb","itemListElement":[{"@type":"ListItem","position":1,"name":"Home","item":"https:\/\/lawcdh.com\/es\/"},{"@type":"ListItem","position":2,"name":"\u00c1reas de Pr\u00e1ctica","item":"https:\/\/lawcdh.com\/es\/areas-de-practica\/"},{"@type":"ListItem","position":3,"name":"Ley Familiar","item":"https:\/\/lawcdh.com\/es\/areas-de-practica\/ley-familiar\/"},{"@type":"ListItem","position":4,"name":"Alivio Pendente Lite Temporal"}]},{"@type":"WebSite","@id":"https:\/\/lawcdh.com\/es\/#website","url":"https:\/\/lawcdh.com\/es\/","name":"CDH Law PLLC ES","description":"","potentialAction":[{"@type":"SearchAction","target":{"@type":"EntryPoint","urlTemplate":"https:\/\/lawcdh.com\/es\/?s={search_term_string}"},"query-input":{"@type":"PropertyValueSpecification","valueRequired":true,"valueName":"search_term_string"}}],"inLanguage":"es"}]}},"_links":{"self":[{"href":"https:\/\/lawcdh.com\/es\/wp-json\/wp\/v2\/pages\/1553","targetHints":{"allow":["GET"]}}],"collection":[{"href":"https:\/\/lawcdh.com\/es\/wp-json\/wp\/v2\/pages"}],"about":[{"href":"https:\/\/lawcdh.com\/es\/wp-json\/wp\/v2\/types\/page"}],"author":[{"embeddable":true,"href":"https:\/\/lawcdh.com\/es\/wp-json\/wp\/v2\/users\/17"}],"replies":[{"embeddable":true,"href":"https:\/\/lawcdh.com\/es\/wp-json\/wp\/v2\/comments?post=1553"}],"version-history":[{"count":0,"href":"https:\/\/lawcdh.com\/es\/wp-json\/wp\/v2\/pages\/1553\/revisions"}],"up":[{"embeddable":true,"href":"https:\/\/lawcdh.com\/es\/wp-json\/wp\/v2\/pages\/944"}],"wp:attachment":[{"href":"https:\/\/lawcdh.com\/es\/wp-json\/wp\/v2\/media?parent=1553"}],"wp:term":[{"taxonomy":"post_tag","embeddable":true,"href":"https:\/\/lawcdh.com\/es\/wp-json\/wp\/v2\/tags?post=1553"}],"curies":[{"name":"wp","href":"https:\/\/api.w.org\/{rel}","templated":true}]}}