{"id":1573,"date":"2020-12-06T16:01:51","date_gmt":"2020-12-06T16:01:51","guid":{"rendered":"https:\/\/lawcdh.com\/?page_id=1573"},"modified":"2024-02-01T14:43:50","modified_gmt":"2024-02-01T14:43:50","slug":"parentesco-tutela","status":"publish","type":"page","link":"https:\/\/lawcdh.com\/es\/areas-de-practica\/ley-familiar\/custodia-del-nino\/parentesco-tutela\/","title":{"rendered":"Tutela Por Parentesco"},"content":{"rendered":"\n<p>Cuando los Servicios Sociales retiran a un ni\u00f1o de la <a href=\"https:\/\/lawcdh.com\/es\/areas-de-practica\/ley-familiar\/custodia-del-nino\/\">custodia<\/a> de sus padres, a menudo investigan si el ni\u00f1o tiene parientes que podr\u00edan recibir la custodia. Nueva York ofrece un programa de tutela por parentesco que brinda asistencia financiera a un padre de crianza relacionado con el ni\u00f1o de crianza. El proceso de tutela por parentesco promueve una alternativa a la colocaci\u00f3n de ni\u00f1os en hogares de guarda al proporcionarles un hogar permanente para un ni\u00f1o.<\/p>\n\n\n\n<p><a href=\"https:\/\/www.acf.hhs.gov\/administracion-para-ninos-y-familias\" target=\"_blank\" rel=\"noreferrer noopener\">La Administraci\u00f3n de Servicios<\/a> para Ni\u00f1os de Nueva York cubre la mayor parte del costo de la representaci\u00f3n legal de los padres de crianza relativos que buscan tutela por parentesco. En <a href=\"https:\/\/lawcdh.com\/es\/\">CDH Law, PLLC<\/a>, nuestros abogados han ayudado a muchos clientes a obtener con \u00e9xito tutelas por parentesco en Nueva York. Si usted es un familiar que busca convertirse en tutor por parentesco o un padre que busca proteger sus derechos de paternidad, podemos ayudarlo. P\u00f3ngase en contacto con nuestro bufete de abogados de Syracuse hoy para programar su consulta inicial y saber c\u00f3mo podemos ayudarlo.<\/p>\n\n\n\n<h2 class=\"wp-block-heading\" id=\"el-programa-de-asistencia-de-tutela-por-parentesco-kingap\">El Programa de Asistencia de Tutela Por Parentesco (KinGAP)<\/h2>\n\n\n\n<p>La Administraci\u00f3n de Servicios para Ni\u00f1os del estado de Nueva York administra el <a href=\"https:\/\/ocfs.ny.gov\/kinship\/kingap.asp#:~:text=The%20Kinship%20Guardianship%20Assistance%20Program,for%20at%20least%20six%20months.&amp;text=The%20level%20of%20financial%20support,child%20was%20in%20foster%20care.\" target=\"_blank\" rel=\"noreferrer noopener\">Programa de Asistencia de Tutela por Parentesco (KinGAP)<\/a>. Los tutores que califican para la tutor\u00eda legal por parentesco tienen derecho a una compensaci\u00f3n mensual para cubrir los gastos de cuidado del ni\u00f1o. Los padres de crianza certificados que hayan estado cuidando a un ni\u00f1o de crianza durante al menos seis meses pueden ser elegibles para convertirse en tutores legales del ni\u00f1o.<\/p>\n\n\n\n<p>El Programa de asistencia de tutela por parentesco brinda a los padres de crianza que califican ayuda financiera mensual y cobertura m\u00e9dica para el ni\u00f1o hasta que cumpla 18 a\u00f1os. Estos beneficios ayudan a los padres de crianza a brindarle al ni\u00f1o una excelente atenci\u00f3n y cobertura m\u00e9dica. El programa anima a los ni\u00f1os a permanecer con sus familiares. Vivir con un familiar responsable en lugar de mudarse hacia y desde un hogar de acogida proporciona a los ni\u00f1os que a menudo est\u00e1n en riesgo una estabilizaci\u00f3n muy necesaria.<\/p>\n\n\n\n<h3 class=\"wp-block-heading\">Elegibilidad Para la Tutela Legal Por Parentesco<\/h3>\n\n\n\n<p>No todos los familiares califican para el programa de tutela legal por parentesco en Nueva York. El padre de crianza debe estar relacionado con el ni\u00f1o por sangre, adopci\u00f3n o matrimonio. El solicitante debe ser un padre de crianza con licencia que haya cuidado al ni\u00f1o en su hogar durante seis meses o m\u00e1s. Un tribunal debe descartar la adopci\u00f3n o el regreso al hogar de los padres como opciones de custodia apropiadas para el ni\u00f1o.<\/p>\n\n\n\n<p>La Oficina de Servicios para Ni\u00f1os y Familias realizar\u00e1 una evaluaci\u00f3n del cuidador sin cargo para el padre de crianza. El tribunal considerar\u00e1 las recomendaciones de la agencia, incluidas sugerencias sobre restricciones de visitas a los padres biol\u00f3gicos del ni\u00f1o. Los tribunales intentan facilitar los derechos de visita entre los padres biol\u00f3gicos y sus hijos siempre que no represente un riesgo para la seguridad del ni\u00f1o. En algunas circunstancias, los tribunales consideran necesario limitar el contacto entre el padre biol\u00f3gico y el ni\u00f1o una vez que otorgan la tutela legal por parentesco. La agencia tambi\u00e9n debe demostrar que los intentos de unificaci\u00f3n entre los padres fueron innecesarios o infructuosos y que la adopci\u00f3n del ni\u00f1o no es probable ni posible.<\/p>\n\n\n\n<h3 class=\"wp-block-heading\">Solicitud de Tutela Legal Por Parentesco<\/h3>\n\n\n\n<p>Solicitar el programa de tutela legal por parentesco puede resultar abrumador. El estado de Nueva York paga los honorarios legales asociados con el proceso de tutela por parentesco. Le recomendamos que hable con uno de nuestros abogados con experiencia en derecho de familia antes de comenzar el proceso de solicitud. Si ha estado cuidando a su familiar menor durante al menos seis meses y cree que una tutela por parentesco podr\u00eda ser una opci\u00f3n adecuada para su familiar, podemos ayudarlo. Puede contactarnos directamente o puede hablar con su asistente social sobre la solicitud.<\/p>\n\n\n\n<p>Tenemos un conocimiento profundo del proceso de solicitud de tutor por parentesco y podemos ayudarlo a recopilar toda la informaci\u00f3n que necesita para solicitar el programa con \u00e9xito. Tan pronto como el estado apruebe su solicitud, se reunir\u00e1 con la Administraci\u00f3n de Servicios Infantiles de Nueva York. Ellos le proporcionar\u00e1n los detalles sobre la cantidad de asistencia financiera que recibir\u00e1. Tambi\u00e9n le informar\u00e1n sobre qu\u00e9 tipo de cobertura m\u00e9dica le brindar\u00e1n a su hijo en cuidado de crianza.<\/p>\n\n\n\n<p>Nuestros abogados tienen un conocimiento profundo del <a href=\"https:\/\/lawcdh.com\/es\/areas-de-practica\/ley-familiar\/\">derecho de familia<\/a> de Nueva York. A menudo podemos responder preguntas legales sobre la tutela por parentesco que las agencias estatales no pueden discutir de manera efectiva. Si tiene preguntas sobre el proceso en s\u00ed o le preocupa que el tribunal pueda rechazar su solicitud, podemos ayudarlo durante el proceso. Adem\u00e1s, si su solicitud ha sido denegada, podemos revisarla y asesorarlo sobre sus opciones legales. Disfrutamos ayudando a los padres de crianza relativos a obtener la asistencia financiera mensual y la atenci\u00f3n m\u00e9dica que sus hijos de crianza merecen seg\u00fan la ley de Nueva York.<\/p>\n\n\n\n<h3 class=\"wp-block-heading\">Los Derechos Y Obligaciones de Los Padres Del Ni\u00f1o<\/h3>\n\n\n\n<p>Los derechos de los padres biol\u00f3gicos del ni\u00f1o no terminan cuando un tutor por parentesco obtiene la tutela legal. Debido a que los tribunales no necesitan poner fin a los derechos de los padres, solicitar y finalizar la tutela es un proceso m\u00e1s corto que el proceso de adopci\u00f3n legal. Si usted se convierte en el tutor familiar del ni\u00f1o, tendr\u00e1 la autoridad legal para tomar todas las decisiones de crianza.<\/p>\n\n\n\n<p>Tan pronto como el tribunal finalice la tutela por parentesco, el ni\u00f1o ser\u00e1 colocado permanentemente con un tutor y la Oficina de Servicios para Ni\u00f1os y Familias cerrar\u00e1 el caso. La agencia de cuidado de crianza ya no lo supervisar\u00e1 despu\u00e9s de que se convierta en tutor familiar.<\/p>\n\n\n\n<h4 class=\"wp-block-heading\"><strong>P\u00f3ngase en Contacto Con Un Abogado de Tutela de Parentesco de Nueva York Hoy<\/strong><\/h4>\n\n\n\n<p>Los abogados experimentados de CDH Law PLLC tienen una amplia experiencia ayudando a sus seres queridos a obtener la tutela legal por parentesco. Si el Programa de asistencia de tutela por parentesco lo aprob\u00f3 para ser tutor o desea obtener m\u00e1s informaci\u00f3n sobre sus derechos, podemos ayudarlo. Adem\u00e1s, si usted es un padre que desea impugnar una tutela por parentesco, podemos proteger sus derechos y defenderlo en su nombre. <a href=\"\/es\/contacto\/\">P\u00f3ngase en contacto con nuestros abogados de derecho de familia de Syracuse hoy<\/a> para programar su consulta inicial.<\/p>\n","protected":false},"excerpt":{"rendered":"<p>Cuando los Servicios Sociales retiran a un ni\u00f1o de la custodia de sus padres, a menudo investigan si el ni\u00f1o tiene parientes que podr\u00edan recibir la custodia. Nueva York ofrece un programa de tutela por parentesco que brinda asistencia financiera a un padre de crianza relacionado con el ni\u00f1o de crianza. El proceso de tutela&#8230;<\/p>\n","protected":false},"author":17,"featured_media":2829,"parent":1532,"menu_order":0,"comment_status":"closed","ping_status":"closed","template":"","meta":{"_acf_changed":false,"footnotes":""},"tags":[],"class_list":["post-1573","page","type-page","status-publish","has-post-thumbnail","hentry"],"acf":[],"yoast_head":"<!-- This site is optimized with the Yoast SEO plugin v27.4 - https:\/\/yoast.com\/product\/yoast-seo-wordpress\/ -->\n<title>Abogados de Tutela Por Parentesco en El Centro de Nueva York<\/title>\n<meta name=\"description\" content=\"Si tiene preguntas sobre la tutela por parentesco y c\u00f3mo afecta la custodia de los hijos, \u00a1comun\u00edquese con nuestros abogados de Syracuse!\" \/>\n<meta name=\"robots\" content=\"index, follow, max-snippet:-1, max-image-preview:large, max-video-preview:-1\" \/>\n<link rel=\"canonical\" href=\"https:\/\/lawcdh.com\/es\/areas-de-practica\/ley-familiar\/custodia-del-nino\/parentesco-tutela\/\" \/>\n<meta property=\"og:locale\" content=\"es_MX\" \/>\n<meta property=\"og:type\" content=\"article\" \/>\n<meta property=\"og:title\" content=\"Abogados de Tutela Por Parentesco en El Centro de Nueva York\" \/>\n<meta property=\"og:description\" content=\"Si tiene preguntas sobre la tutela por parentesco y c\u00f3mo afecta la custodia de los hijos, \u00a1comun\u00edquese con nuestros abogados de Syracuse!\" \/>\n<meta property=\"og:url\" content=\"https:\/\/lawcdh.com\/es\/areas-de-practica\/ley-familiar\/custodia-del-nino\/parentesco-tutela\/\" \/>\n<meta property=\"og:site_name\" content=\"CDH Law PLLC ES\" \/>\n<meta property=\"article:modified_time\" content=\"2024-02-01T14:43:50+00:00\" \/>\n<meta property=\"og:image\" content=\"https:\/\/lawcdh.com\/es\/wp-content\/uploads\/sites\/2\/2024\/02\/Tutela-Por-Parentesco.png\" \/>\n\t<meta property=\"og:image:width\" content=\"730\" \/>\n\t<meta property=\"og:image:height\" content=\"300\" \/>\n\t<meta property=\"og:image:type\" content=\"image\/png\" \/>\n<meta name=\"twitter:card\" content=\"summary_large_image\" \/>\n<meta name=\"twitter:label1\" content=\"Est. reading time\" \/>\n\t<meta name=\"twitter:data1\" content=\"6 minutos\" \/>\n<script type=\"application\/ld+json\" class=\"yoast-schema-graph\">{\"@context\":\"https:\\\/\\\/schema.org\",\"@graph\":[{\"@type\":\"WebPage\",\"@id\":\"https:\\\/\\\/lawcdh.com\\\/es\\\/areas-de-practica\\\/ley-familiar\\\/custodia-del-nino\\\/parentesco-tutela\\\/\",\"url\":\"https:\\\/\\\/lawcdh.com\\\/es\\\/areas-de-practica\\\/ley-familiar\\\/custodia-del-nino\\\/parentesco-tutela\\\/\",\"name\":\"Abogados de Tutela Por Parentesco en El Centro de Nueva York\",\"isPartOf\":{\"@id\":\"https:\\\/\\\/lawcdh.com\\\/es\\\/#website\"},\"primaryImageOfPage\":{\"@id\":\"https:\\\/\\\/lawcdh.com\\\/es\\\/areas-de-practica\\\/ley-familiar\\\/custodia-del-nino\\\/parentesco-tutela\\\/#primaryimage\"},\"image\":{\"@id\":\"https:\\\/\\\/lawcdh.com\\\/es\\\/areas-de-practica\\\/ley-familiar\\\/custodia-del-nino\\\/parentesco-tutela\\\/#primaryimage\"},\"thumbnailUrl\":\"https:\\\/\\\/lawcdh.com\\\/es\\\/wp-content\\\/uploads\\\/sites\\\/2\\\/2024\\\/02\\\/Tutela-Por-Parentesco.png\",\"datePublished\":\"2020-12-06T16:01:51+00:00\",\"dateModified\":\"2024-02-01T14:43:50+00:00\",\"description\":\"Si tiene preguntas sobre la tutela por parentesco y c\u00f3mo afecta la custodia de los hijos, \u00a1comun\u00edquese con nuestros abogados de Syracuse!\",\"breadcrumb\":{\"@id\":\"https:\\\/\\\/lawcdh.com\\\/es\\\/areas-de-practica\\\/ley-familiar\\\/custodia-del-nino\\\/parentesco-tutela\\\/#breadcrumb\"},\"inLanguage\":\"es\",\"potentialAction\":[{\"@type\":\"ReadAction\",\"target\":[\"https:\\\/\\\/lawcdh.com\\\/es\\\/areas-de-practica\\\/ley-familiar\\\/custodia-del-nino\\\/parentesco-tutela\\\/\"]}]},{\"@type\":\"ImageObject\",\"inLanguage\":\"es\",\"@id\":\"https:\\\/\\\/lawcdh.com\\\/es\\\/areas-de-practica\\\/ley-familiar\\\/custodia-del-nino\\\/parentesco-tutela\\\/#primaryimage\",\"url\":\"https:\\\/\\\/lawcdh.com\\\/es\\\/wp-content\\\/uploads\\\/sites\\\/2\\\/2024\\\/02\\\/Tutela-Por-Parentesco.png\",\"contentUrl\":\"https:\\\/\\\/lawcdh.com\\\/es\\\/wp-content\\\/uploads\\\/sites\\\/2\\\/2024\\\/02\\\/Tutela-Por-Parentesco.png\",\"width\":730,\"height\":300,\"caption\":\"Miembro de la familia sosteniendo la mano de su hijo en una tutela\"},{\"@type\":\"BreadcrumbList\",\"@id\":\"https:\\\/\\\/lawcdh.com\\\/es\\\/areas-de-practica\\\/ley-familiar\\\/custodia-del-nino\\\/parentesco-tutela\\\/#breadcrumb\",\"itemListElement\":[{\"@type\":\"ListItem\",\"position\":1,\"name\":\"Home\",\"item\":\"https:\\\/\\\/lawcdh.com\\\/es\\\/\"},{\"@type\":\"ListItem\",\"position\":2,\"name\":\"\u00c1reas de Pr\u00e1ctica\",\"item\":\"https:\\\/\\\/lawcdh.com\\\/es\\\/areas-de-practica\\\/\"},{\"@type\":\"ListItem\",\"position\":3,\"name\":\"Ley Familiar\",\"item\":\"https:\\\/\\\/lawcdh.com\\\/es\\\/areas-de-practica\\\/ley-familiar\\\/\"},{\"@type\":\"ListItem\",\"position\":4,\"name\":\"Custodia del Ni\u00f1o\",\"item\":\"https:\\\/\\\/lawcdh.com\\\/es\\\/areas-de-practica\\\/ley-familiar\\\/custodia-del-nino\\\/\"},{\"@type\":\"ListItem\",\"position\":5,\"name\":\"Tutela Por Parentesco\"}]},{\"@type\":\"WebSite\",\"@id\":\"https:\\\/\\\/lawcdh.com\\\/es\\\/#website\",\"url\":\"https:\\\/\\\/lawcdh.com\\\/es\\\/\",\"name\":\"CDH Law PLLC ES\",\"description\":\"\",\"potentialAction\":[{\"@type\":\"SearchAction\",\"target\":{\"@type\":\"EntryPoint\",\"urlTemplate\":\"https:\\\/\\\/lawcdh.com\\\/es\\\/?s={search_term_string}\"},\"query-input\":{\"@type\":\"PropertyValueSpecification\",\"valueRequired\":true,\"valueName\":\"search_term_string\"}}],\"inLanguage\":\"es\"}]}<\/script>\n<!-- \/ Yoast SEO plugin. -->","yoast_head_json":{"title":"Abogados de Tutela Por Parentesco en El Centro de Nueva York","description":"Si tiene preguntas sobre la tutela por parentesco y c\u00f3mo afecta la custodia de los hijos, \u00a1comun\u00edquese con nuestros abogados de Syracuse!","robots":{"index":"index","follow":"follow","max-snippet":"max-snippet:-1","max-image-preview":"max-image-preview:large","max-video-preview":"max-video-preview:-1"},"canonical":"https:\/\/lawcdh.com\/es\/areas-de-practica\/ley-familiar\/custodia-del-nino\/parentesco-tutela\/","og_locale":"es_MX","og_type":"article","og_title":"Abogados de Tutela Por Parentesco en El Centro de Nueva York","og_description":"Si tiene preguntas sobre la tutela por parentesco y c\u00f3mo afecta la custodia de los hijos, \u00a1comun\u00edquese con nuestros abogados de Syracuse!","og_url":"https:\/\/lawcdh.com\/es\/areas-de-practica\/ley-familiar\/custodia-del-nino\/parentesco-tutela\/","og_site_name":"CDH Law PLLC ES","article_modified_time":"2024-02-01T14:43:50+00:00","og_image":[{"width":730,"height":300,"url":"https:\/\/lawcdh.com\/es\/wp-content\/uploads\/sites\/2\/2024\/02\/Tutela-Por-Parentesco.png","type":"image\/png"}],"twitter_card":"summary_large_image","twitter_misc":{"Est. reading time":"6 minutos"},"schema":{"@context":"https:\/\/schema.org","@graph":[{"@type":"WebPage","@id":"https:\/\/lawcdh.com\/es\/areas-de-practica\/ley-familiar\/custodia-del-nino\/parentesco-tutela\/","url":"https:\/\/lawcdh.com\/es\/areas-de-practica\/ley-familiar\/custodia-del-nino\/parentesco-tutela\/","name":"Abogados de Tutela Por Parentesco en El Centro de Nueva York","isPartOf":{"@id":"https:\/\/lawcdh.com\/es\/#website"},"primaryImageOfPage":{"@id":"https:\/\/lawcdh.com\/es\/areas-de-practica\/ley-familiar\/custodia-del-nino\/parentesco-tutela\/#primaryimage"},"image":{"@id":"https:\/\/lawcdh.com\/es\/areas-de-practica\/ley-familiar\/custodia-del-nino\/parentesco-tutela\/#primaryimage"},"thumbnailUrl":"https:\/\/lawcdh.com\/es\/wp-content\/uploads\/sites\/2\/2024\/02\/Tutela-Por-Parentesco.png","datePublished":"2020-12-06T16:01:51+00:00","dateModified":"2024-02-01T14:43:50+00:00","description":"Si tiene preguntas sobre la tutela por parentesco y c\u00f3mo afecta la custodia de los hijos, \u00a1comun\u00edquese con nuestros abogados de Syracuse!","breadcrumb":{"@id":"https:\/\/lawcdh.com\/es\/areas-de-practica\/ley-familiar\/custodia-del-nino\/parentesco-tutela\/#breadcrumb"},"inLanguage":"es","potentialAction":[{"@type":"ReadAction","target":["https:\/\/lawcdh.com\/es\/areas-de-practica\/ley-familiar\/custodia-del-nino\/parentesco-tutela\/"]}]},{"@type":"ImageObject","inLanguage":"es","@id":"https:\/\/lawcdh.com\/es\/areas-de-practica\/ley-familiar\/custodia-del-nino\/parentesco-tutela\/#primaryimage","url":"https:\/\/lawcdh.com\/es\/wp-content\/uploads\/sites\/2\/2024\/02\/Tutela-Por-Parentesco.png","contentUrl":"https:\/\/lawcdh.com\/es\/wp-content\/uploads\/sites\/2\/2024\/02\/Tutela-Por-Parentesco.png","width":730,"height":300,"caption":"Miembro de la familia sosteniendo la mano de su hijo en una tutela"},{"@type":"BreadcrumbList","@id":"https:\/\/lawcdh.com\/es\/areas-de-practica\/ley-familiar\/custodia-del-nino\/parentesco-tutela\/#breadcrumb","itemListElement":[{"@type":"ListItem","position":1,"name":"Home","item":"https:\/\/lawcdh.com\/es\/"},{"@type":"ListItem","position":2,"name":"\u00c1reas de Pr\u00e1ctica","item":"https:\/\/lawcdh.com\/es\/areas-de-practica\/"},{"@type":"ListItem","position":3,"name":"Ley Familiar","item":"https:\/\/lawcdh.com\/es\/areas-de-practica\/ley-familiar\/"},{"@type":"ListItem","position":4,"name":"Custodia del Ni\u00f1o","item":"https:\/\/lawcdh.com\/es\/areas-de-practica\/ley-familiar\/custodia-del-nino\/"},{"@type":"ListItem","position":5,"name":"Tutela Por Parentesco"}]},{"@type":"WebSite","@id":"https:\/\/lawcdh.com\/es\/#website","url":"https:\/\/lawcdh.com\/es\/","name":"CDH Law PLLC ES","description":"","potentialAction":[{"@type":"SearchAction","target":{"@type":"EntryPoint","urlTemplate":"https:\/\/lawcdh.com\/es\/?s={search_term_string}"},"query-input":{"@type":"PropertyValueSpecification","valueRequired":true,"valueName":"search_term_string"}}],"inLanguage":"es"}]}},"_links":{"self":[{"href":"https:\/\/lawcdh.com\/es\/wp-json\/wp\/v2\/pages\/1573","targetHints":{"allow":["GET"]}}],"collection":[{"href":"https:\/\/lawcdh.com\/es\/wp-json\/wp\/v2\/pages"}],"about":[{"href":"https:\/\/lawcdh.com\/es\/wp-json\/wp\/v2\/types\/page"}],"author":[{"embeddable":true,"href":"https:\/\/lawcdh.com\/es\/wp-json\/wp\/v2\/users\/17"}],"replies":[{"embeddable":true,"href":"https:\/\/lawcdh.com\/es\/wp-json\/wp\/v2\/comments?post=1573"}],"version-history":[{"count":0,"href":"https:\/\/lawcdh.com\/es\/wp-json\/wp\/v2\/pages\/1573\/revisions"}],"up":[{"embeddable":true,"href":"https:\/\/lawcdh.com\/es\/wp-json\/wp\/v2\/pages\/1532"}],"wp:featuredmedia":[{"embeddable":true,"href":"https:\/\/lawcdh.com\/es\/wp-json\/wp\/v2\/media\/2829"}],"wp:attachment":[{"href":"https:\/\/lawcdh.com\/es\/wp-json\/wp\/v2\/media?parent=1573"}],"wp:term":[{"taxonomy":"post_tag","embeddable":true,"href":"https:\/\/lawcdh.com\/es\/wp-json\/wp\/v2\/tags?post=1573"}],"curies":[{"name":"wp","href":"https:\/\/api.w.org\/{rel}","templated":true}]}}