{"id":1611,"date":"2021-04-05T18:15:40","date_gmt":"2021-04-05T18:15:40","guid":{"rendered":"https:\/\/lawcdh.com\/?page_id=1611"},"modified":"2024-01-30T17:59:41","modified_gmt":"2024-01-30T17:59:41","slug":"ley-de-registro-delincuentes-sexuales","status":"publish","type":"page","link":"https:\/\/lawcdh.com\/es\/areas-de-practica\/defensa-criminal\/ley-de-registro-delincuentes-sexuales\/","title":{"rendered":"Ley de Registro de Delincuentes Sexuales"},"content":{"rendered":"<p>Es probable que aquellos condenados por un <a href=\"https:\/\/lawcdh.com\/es\/areas-de-practica\/defensa-criminal\/delitos-sexuales\/\">delito sexual<\/a> deban registrarse como delincuentes sexuales seg\u00fan la Ley de <a href=\"https:\/\/www.criminaljustice.ny.gov\/nsor\/settlement_notice_espanol.htm\" target=\"_blank\" rel=\"noopener\">Registro de Delincuentes Sexuales de Nueva York (SORA)<\/a>. Una vez que haya sido incluido en el Registro de delincuentes sexuales, es posible que las personas puedan buscarlo por nombre, condado o c\u00f3digo postal, seg\u00fan su nivel de riesgo. Ya sea que todav\u00eda est\u00e9 luchando contra acusaciones de un delito sexual o que ya haya sido condenado, necesita un abogado defensor penal con experiencia de su lado.<\/p>\n<p>Los delitos sexuales conllevan un tipo \u00fanico de estigma y el registro como delincuente sexual puede arruinar la vida profesional y personal de una persona. En <a href=\"https:\/\/lawcdh.com\/es\/\">CDH Law, PLLC<\/a>, representamos a clientes en toda el \u00e1rea de Syracuse que han sido acusados de delitos sexuales. Tambi\u00e9n representamos a clientes que buscan cambiar su estatus como delincuente sexual registrado. P\u00f3ngase en contacto con nuestro bufete de abogados de defensa penal de Syracuse hoy para programar su consulta inicial.<\/p>\n<h2 id=\"quien-debe-registrarse-como-delincuente-sexual-en-nueva-york\">\u00bfQui\u00e9n Debe Registrarse Como Delincuente Sexual en Nueva York?<\/h2>\n<p>Cualquier persona condenada por un delito sexual registrable en Nueva York debe registrarse como delincuente sexual, incluidos los siguientes tipos de delitos:<\/p>\n<ul>\n<li>Agresi\u00f3n sexual<\/li>\n<li><a href=\"https:\/\/lawcdh.com\/es\/areas-de-practica\/defensa-criminal\/delitos-sexuales\/\">Abuso sexual<\/a><\/li>\n<li>La mayor\u00eda de los delitos sexuales que involucran a menores<\/li>\n<li>Violaci\u00f3n<\/li>\n<li>Sodom\u00eda<\/li>\n<li>Incesto<\/li>\n<li>Tr\u00e1fico sexual<\/li>\n<li>Ciertos delitos de prostituci\u00f3n<\/li>\n<li>Secuestro<\/li>\n<li>Vigilancia ilegal<\/li>\n<li>Toque forzado<\/li>\n<li>Mala conducta sexual<\/li>\n<li>Encarcelamiento ilegal<\/li>\n<li>Actos sexuales criminales<\/li>\n<li>Sodom\u00eda<\/li>\n<\/ul>\n<h3>Comprender la Ley de Registro de Delincuentes Sexuales<\/h3>\n<p>Seg\u00fan la ley de Nueva York, los delincuentes sexuales deben registrarse en el estado de acuerdo con la Ley de Registro de Delincuentes Sexuales. El registro de delincuentes sexuales es obligatorio porque los delitos sexuales se consideran graves y el estado quiere realizar un seguimiento del paradero de los condenados por estos delitos. Los condenados por otros tipos de delitos no necesitan registrarse en una base de datos accesible al p\u00fablico. La inclusi\u00f3n en el registro de delincuentes sexuales puede ser una de las penas m\u00e1s devastadoras impuestas por los tribunales penales de Nueva York.<\/p>\n<p>Muchos de nuestros clientes nos preguntan qu\u00e9 tipo de informaci\u00f3n estar\u00e1 disponible sobre ellos en el sitio web de registro de delincuentes sexuales de Nueva York. La informaci\u00f3n incluida en el sitio web depende de la categor\u00eda de delito sexual y del nivel de riesgo del registrante. Un perfil de registro p\u00fablico puede constar de la siguiente informaci\u00f3n:<\/p>\n<ul>\n<li style=\"font-weight: 400\">Nombre<\/li>\n<li style=\"font-weight: 400\">Una descripci\u00f3n f\u00edsica<\/li>\n<li style=\"font-weight: 400\">Direccion actual<\/li>\n<li style=\"font-weight: 400\">Fecha de nacimiento<\/li>\n<li style=\"font-weight: 400\">Foto actual<\/li>\n<li style=\"font-weight: 400\">Identificar marcas como cicatrices o tatuajes.<\/li>\n<li style=\"font-weight: 400\">Una descripci\u00f3n del veh\u00edculo o veh\u00edculos de la persona.<\/li>\n<li style=\"font-weight: 400\">El nivel de riesgo de la persona.<\/li>\n<li style=\"font-weight: 400\">Designaci\u00f3n de delincuente sexual<\/li>\n<li style=\"font-weight: 400\">El tipo de delito sexual involucrado.<\/li>\n<li style=\"font-weight: 400\">La edad y el sexo de la v\u00edctima.<\/li>\n<li style=\"font-weight: 400\">La sentencia penal del delincuente<\/li>\n<li style=\"font-weight: 400\">Agencia de jurisdicci\u00f3n<\/li>\n<li style=\"font-weight: 400\">Tipo de fuerza utilizada en el delito sexual<\/li>\n<\/ul>\n<h3>Categor\u00edas en la Ley de Registro de Delincuentes Sexuales<\/h3>\n<p>Nueva York clasifica los delitos sexuales seg\u00fan su nivel de riesgo, lo que busca definir el riesgo del acusado de cometer otro delito sexual. La categor\u00eda de delito sexual afecta los requisitos de registro de delincuente sexual del acusado. Los delitos sexuales de nivel 3 se consideran de alto riesgo, los delitos sexuales de nivel 2 se consideran de riesgo moderado y los delitos sexuales de nivel 1 se consideran de bajo riesgo. El nivel de riesgo del acusado determina cu\u00e1nta informaci\u00f3n estar\u00e1 disponible para el p\u00fablico a trav\u00e9s de su registro de delincuente sexual.<\/p>\n<p>El tribunal de sentencia determinar\u00e1 el nivel de riesgo del acusado en una audiencia. Antes de que el acusado sea liberado de la c\u00e1rcel y regresado a la comunidad, la Junta Examinadora de Delincuentes Sexuales evaluar\u00e1 los hechos del caso y brindar\u00e1 al tribunal una recomendaci\u00f3n sobre el nivel de riesgo.<\/p>\n<h3>\u00bfCu\u00e1nto Tiempo Debe Permanecer Registrado Un Acusado Como Delincuente Sexual?<\/h3>\n<p>Los acusados tambi\u00e9n pueden recibir una designaci\u00f3n que determinar\u00e1 cu\u00e1nto tiempo deben permanecer registrados como delincuentes sexuales. Un acusado que ha sido condenado por un delito sexual violento y que probablemente participar\u00e1 en otros delitos sexualmente violentos debido a una personalidad o anormalidad mental se considera un depredador sexual. Los depredadores sexuales se consideran el tipo de acusados m\u00e1s peligroso y deben permanecer en el Registro de Delincuentes Sexuales de por vida.<\/p>\n<p>Un acusado condenado por un delito sexual violento se considera un delincuente sexualmente violento. Finalmente, un delincuente sexual determinante tiene una o m\u00e1s condenas previas por delitos sexuales en sus antecedentes penales. Cada una de estas designaciones, si se aplica en la audiencia SORA, resulta en un requisito de registro de por vida.<\/p>\n<h3>Sanciones Por No Registrarse Como Delincuente Sexual en Nueva York<\/h3>\n<p>Los requisitos de registro para delincuentes sexuales son estrictos. Quienes no cumplan se enfrentan a severas sanciones en Nueva York. No registrarse como delincuente sexual es en s\u00ed mismo un delito grave. No registrarse como delincuente sexual es un delito grave de Clase E para los infractores primerizos, punible con uno a cuatro a\u00f1os de prisi\u00f3n. La posterior falta de registro como delincuente sexual son delitos graves de clase D punibles con hasta siete a\u00f1os de prisi\u00f3n.<\/p>\n<p>Los delincuentes sexuales registrados deben cumplir con regulaciones espec\u00edficas incluso despu\u00e9s de salir de la c\u00e1rcel o de la libertad condicional. Por ejemplo, los delincuentes sexuales registrados deben presentarse en la comisar\u00eda de polic\u00eda local para que les tomen una nueva fotograf\u00eda cada tres a\u00f1os si se les considera delincuentes de Nivel 1 o Nivel 2. Los infractores de nivel 3 deben hacerse una nueva fotograf\u00eda cada a\u00f1o en la comisar\u00eda.<\/p>\n<p>Aquellos con una designaci\u00f3n de depredador sexual que sean delincuentes de Nivel 3 deben verificar su direcci\u00f3n con un oficial de polic\u00eda cada 90 d\u00edas en persona. Los delincuentes sexuales de nivel 2 y 3 tambi\u00e9n deben informar el nombre y la direcci\u00f3n de su empleador y notificar por escrito cualquier cambio en su direcci\u00f3n o empleo.<\/p>\n<h3>Ser eliminado de la Ley de Registro de Delincuentes Sexuales de Nueva York<\/h3>\n<p><span style=\"font-weight: 400\">La mejor manera de proteger su libertad es contratar a un abogado defensor penal tan pronto como lo arresten por un delito sexual en Nueva York. Sin embargo, si ya ha sido condenado por un delito sexual y est\u00e1 registrado como delincuente sexual, todav\u00eda tiene opciones. Tiene derecho a solicitar una audiencia una vez al a\u00f1o solicitando su eliminaci\u00f3n del registro de delincuentes sexuales. Podr\u00e1 presentar pruebas que demuestren que ha completado el tratamiento para delincuentes sexuales, mantiene un historial limpio y que ya no representa un riesgo. Nuestra oficina maneja habitualmente estos procedimientos de \u201cmodificaci\u00f3n\u201d y puede aconsejarle si presentar una petici\u00f3n de modificaci\u00f3n es lo correcto para usted seg\u00fan las circunstancias de su caso. \u00a0<\/span><\/p>\n<h4>P\u00f3ngase en Contacto Con Un Abogado Defensor Penal de Syracuse Hoy<\/h4>\n<p>Estar registrado como delincuente sexual puede cambiar la vida. Si enfrenta cargos penales por un delito sexual, o ya ha sido registrado como delincuente sexual, necesita un abogado con experiencia de su lado. <a href=\"\/es\/contacto\/\">Comun\u00edquese con CDH Law PLLC hoy<\/a> para programar su consulta inicial gratuita y saber c\u00f3mo podemos ayudarlo a proteger sus derechos.<\/p>\n","protected":false},"excerpt":{"rendered":"<p>Es probable que aquellos condenados por un delito sexual deban registrarse como delincuentes sexuales seg\u00fan la Ley de Registro de Delincuentes Sexuales de Nueva York (SORA). Una vez que haya sido incluido en el Registro de delincuentes sexuales, es posible que las personas puedan buscarlo por nombre, condado o c\u00f3digo postal, seg\u00fan su nivel de&#8230;<\/p>\n","protected":false},"author":17,"featured_media":2673,"parent":941,"menu_order":0,"comment_status":"closed","ping_status":"closed","template":"","meta":{"_acf_changed":false,"footnotes":""},"tags":[],"class_list":["post-1611","page","type-page","status-publish","has-post-thumbnail","hentry"],"acf":[],"yoast_head":"<!-- This site is optimized with the Yoast SEO plugin v27.6 - https:\/\/yoast.com\/product\/yoast-seo-wordpress\/ -->\n<title>Abogados de la Ley de Registro de Delincuentes Sexuales de Syracuse<\/title>\n<meta name=\"description\" content=\"Si enfrenta cargos por delitos sexuales o ya ha sido registrado como delincuente sexual, comun\u00edquese con nuestros abogados.\" \/>\n<meta name=\"robots\" content=\"index, follow, max-snippet:-1, max-image-preview:large, max-video-preview:-1\" \/>\n<link rel=\"canonical\" href=\"https:\/\/lawcdh.com\/es\/areas-de-practica\/defensa-criminal\/ley-de-registro-delincuentes-sexuales\/\" \/>\n<meta property=\"og:locale\" content=\"es_MX\" \/>\n<meta property=\"og:type\" content=\"article\" \/>\n<meta property=\"og:title\" content=\"Abogados de la Ley de Registro de Delincuentes Sexuales de Syracuse\" \/>\n<meta property=\"og:description\" content=\"Si enfrenta cargos por delitos sexuales o ya ha sido registrado como delincuente sexual, comun\u00edquese con nuestros abogados.\" \/>\n<meta property=\"og:url\" content=\"https:\/\/lawcdh.com\/es\/areas-de-practica\/defensa-criminal\/ley-de-registro-delincuentes-sexuales\/\" \/>\n<meta property=\"og:site_name\" content=\"CDH Law PLLC ES\" \/>\n<meta property=\"article:modified_time\" content=\"2024-01-30T17:59:41+00:00\" \/>\n<meta property=\"og:image\" content=\"https:\/\/lawcdh.com\/es\/wp-content\/uploads\/sites\/2\/2024\/01\/sex-offender-registry-act-attorney.png\" \/>\n\t<meta property=\"og:image:width\" content=\"730\" \/>\n\t<meta property=\"og:image:height\" content=\"300\" \/>\n\t<meta property=\"og:image:type\" content=\"image\/png\" \/>\n<meta name=\"twitter:card\" content=\"summary_large_image\" \/>\n<meta name=\"twitter:label1\" content=\"Est. reading time\" \/>\n\t<meta name=\"twitter:data1\" content=\"6 minutos\" \/>\n<script type=\"application\/ld+json\" class=\"yoast-schema-graph\">{\"@context\":\"https:\\\/\\\/schema.org\",\"@graph\":[{\"@type\":\"WebPage\",\"@id\":\"https:\\\/\\\/lawcdh.com\\\/es\\\/areas-de-practica\\\/defensa-criminal\\\/ley-de-registro-delincuentes-sexuales\\\/\",\"url\":\"https:\\\/\\\/lawcdh.com\\\/es\\\/areas-de-practica\\\/defensa-criminal\\\/ley-de-registro-delincuentes-sexuales\\\/\",\"name\":\"Abogados de la Ley de Registro de Delincuentes Sexuales de Syracuse\",\"isPartOf\":{\"@id\":\"https:\\\/\\\/lawcdh.com\\\/es\\\/#website\"},\"primaryImageOfPage\":{\"@id\":\"https:\\\/\\\/lawcdh.com\\\/es\\\/areas-de-practica\\\/defensa-criminal\\\/ley-de-registro-delincuentes-sexuales\\\/#primaryimage\"},\"image\":{\"@id\":\"https:\\\/\\\/lawcdh.com\\\/es\\\/areas-de-practica\\\/defensa-criminal\\\/ley-de-registro-delincuentes-sexuales\\\/#primaryimage\"},\"thumbnailUrl\":\"https:\\\/\\\/lawcdh.com\\\/es\\\/wp-content\\\/uploads\\\/sites\\\/2\\\/2024\\\/01\\\/sex-offender-registry-act-attorney.png\",\"datePublished\":\"2021-04-05T18:15:40+00:00\",\"dateModified\":\"2024-01-30T17:59:41+00:00\",\"description\":\"Si enfrenta cargos por delitos sexuales o ya ha sido registrado como delincuente sexual, comun\u00edquese con nuestros abogados.\",\"breadcrumb\":{\"@id\":\"https:\\\/\\\/lawcdh.com\\\/es\\\/areas-de-practica\\\/defensa-criminal\\\/ley-de-registro-delincuentes-sexuales\\\/#breadcrumb\"},\"inLanguage\":\"es\",\"potentialAction\":[{\"@type\":\"ReadAction\",\"target\":[\"https:\\\/\\\/lawcdh.com\\\/es\\\/areas-de-practica\\\/defensa-criminal\\\/ley-de-registro-delincuentes-sexuales\\\/\"]}]},{\"@type\":\"ImageObject\",\"inLanguage\":\"es\",\"@id\":\"https:\\\/\\\/lawcdh.com\\\/es\\\/areas-de-practica\\\/defensa-criminal\\\/ley-de-registro-delincuentes-sexuales\\\/#primaryimage\",\"url\":\"https:\\\/\\\/lawcdh.com\\\/es\\\/wp-content\\\/uploads\\\/sites\\\/2\\\/2024\\\/01\\\/sex-offender-registry-act-attorney.png\",\"contentUrl\":\"https:\\\/\\\/lawcdh.com\\\/es\\\/wp-content\\\/uploads\\\/sites\\\/2\\\/2024\\\/01\\\/sex-offender-registry-act-attorney.png\",\"width\":730,\"height\":300,\"caption\":\"Oficial de polic\u00eda tomando huellas dactilares\"},{\"@type\":\"BreadcrumbList\",\"@id\":\"https:\\\/\\\/lawcdh.com\\\/es\\\/areas-de-practica\\\/defensa-criminal\\\/ley-de-registro-delincuentes-sexuales\\\/#breadcrumb\",\"itemListElement\":[{\"@type\":\"ListItem\",\"position\":1,\"name\":\"Home\",\"item\":\"https:\\\/\\\/lawcdh.com\\\/es\\\/\"},{\"@type\":\"ListItem\",\"position\":2,\"name\":\"\u00c1reas de Pr\u00e1ctica\",\"item\":\"https:\\\/\\\/lawcdh.com\\\/es\\\/areas-de-practica\\\/\"},{\"@type\":\"ListItem\",\"position\":3,\"name\":\"Defensa Penal\",\"item\":\"https:\\\/\\\/lawcdh.com\\\/es\\\/areas-de-practica\\\/defensa-criminal\\\/\"},{\"@type\":\"ListItem\",\"position\":4,\"name\":\"Ley de Registro de Delincuentes Sexuales\"}]},{\"@type\":\"WebSite\",\"@id\":\"https:\\\/\\\/lawcdh.com\\\/es\\\/#website\",\"url\":\"https:\\\/\\\/lawcdh.com\\\/es\\\/\",\"name\":\"CDH Law PLLC ES\",\"description\":\"\",\"potentialAction\":[{\"@type\":\"SearchAction\",\"target\":{\"@type\":\"EntryPoint\",\"urlTemplate\":\"https:\\\/\\\/lawcdh.com\\\/es\\\/?s={search_term_string}\"},\"query-input\":{\"@type\":\"PropertyValueSpecification\",\"valueRequired\":true,\"valueName\":\"search_term_string\"}}],\"inLanguage\":\"es\"}]}<\/script>\n<!-- \/ Yoast SEO plugin. -->","yoast_head_json":{"title":"Abogados de la Ley de Registro de Delincuentes Sexuales de Syracuse","description":"Si enfrenta cargos por delitos sexuales o ya ha sido registrado como delincuente sexual, comun\u00edquese con nuestros abogados.","robots":{"index":"index","follow":"follow","max-snippet":"max-snippet:-1","max-image-preview":"max-image-preview:large","max-video-preview":"max-video-preview:-1"},"canonical":"https:\/\/lawcdh.com\/es\/areas-de-practica\/defensa-criminal\/ley-de-registro-delincuentes-sexuales\/","og_locale":"es_MX","og_type":"article","og_title":"Abogados de la Ley de Registro de Delincuentes Sexuales de Syracuse","og_description":"Si enfrenta cargos por delitos sexuales o ya ha sido registrado como delincuente sexual, comun\u00edquese con nuestros abogados.","og_url":"https:\/\/lawcdh.com\/es\/areas-de-practica\/defensa-criminal\/ley-de-registro-delincuentes-sexuales\/","og_site_name":"CDH Law PLLC ES","article_modified_time":"2024-01-30T17:59:41+00:00","og_image":[{"width":730,"height":300,"url":"https:\/\/lawcdh.com\/es\/wp-content\/uploads\/sites\/2\/2024\/01\/sex-offender-registry-act-attorney.png","type":"image\/png"}],"twitter_card":"summary_large_image","twitter_misc":{"Est. reading time":"6 minutos"},"schema":{"@context":"https:\/\/schema.org","@graph":[{"@type":"WebPage","@id":"https:\/\/lawcdh.com\/es\/areas-de-practica\/defensa-criminal\/ley-de-registro-delincuentes-sexuales\/","url":"https:\/\/lawcdh.com\/es\/areas-de-practica\/defensa-criminal\/ley-de-registro-delincuentes-sexuales\/","name":"Abogados de la Ley de Registro de Delincuentes Sexuales de Syracuse","isPartOf":{"@id":"https:\/\/lawcdh.com\/es\/#website"},"primaryImageOfPage":{"@id":"https:\/\/lawcdh.com\/es\/areas-de-practica\/defensa-criminal\/ley-de-registro-delincuentes-sexuales\/#primaryimage"},"image":{"@id":"https:\/\/lawcdh.com\/es\/areas-de-practica\/defensa-criminal\/ley-de-registro-delincuentes-sexuales\/#primaryimage"},"thumbnailUrl":"https:\/\/lawcdh.com\/es\/wp-content\/uploads\/sites\/2\/2024\/01\/sex-offender-registry-act-attorney.png","datePublished":"2021-04-05T18:15:40+00:00","dateModified":"2024-01-30T17:59:41+00:00","description":"Si enfrenta cargos por delitos sexuales o ya ha sido registrado como delincuente sexual, comun\u00edquese con nuestros abogados.","breadcrumb":{"@id":"https:\/\/lawcdh.com\/es\/areas-de-practica\/defensa-criminal\/ley-de-registro-delincuentes-sexuales\/#breadcrumb"},"inLanguage":"es","potentialAction":[{"@type":"ReadAction","target":["https:\/\/lawcdh.com\/es\/areas-de-practica\/defensa-criminal\/ley-de-registro-delincuentes-sexuales\/"]}]},{"@type":"ImageObject","inLanguage":"es","@id":"https:\/\/lawcdh.com\/es\/areas-de-practica\/defensa-criminal\/ley-de-registro-delincuentes-sexuales\/#primaryimage","url":"https:\/\/lawcdh.com\/es\/wp-content\/uploads\/sites\/2\/2024\/01\/sex-offender-registry-act-attorney.png","contentUrl":"https:\/\/lawcdh.com\/es\/wp-content\/uploads\/sites\/2\/2024\/01\/sex-offender-registry-act-attorney.png","width":730,"height":300,"caption":"Oficial de polic\u00eda tomando huellas dactilares"},{"@type":"BreadcrumbList","@id":"https:\/\/lawcdh.com\/es\/areas-de-practica\/defensa-criminal\/ley-de-registro-delincuentes-sexuales\/#breadcrumb","itemListElement":[{"@type":"ListItem","position":1,"name":"Home","item":"https:\/\/lawcdh.com\/es\/"},{"@type":"ListItem","position":2,"name":"\u00c1reas de Pr\u00e1ctica","item":"https:\/\/lawcdh.com\/es\/areas-de-practica\/"},{"@type":"ListItem","position":3,"name":"Defensa Penal","item":"https:\/\/lawcdh.com\/es\/areas-de-practica\/defensa-criminal\/"},{"@type":"ListItem","position":4,"name":"Ley de Registro de Delincuentes Sexuales"}]},{"@type":"WebSite","@id":"https:\/\/lawcdh.com\/es\/#website","url":"https:\/\/lawcdh.com\/es\/","name":"CDH Law PLLC ES","description":"","potentialAction":[{"@type":"SearchAction","target":{"@type":"EntryPoint","urlTemplate":"https:\/\/lawcdh.com\/es\/?s={search_term_string}"},"query-input":{"@type":"PropertyValueSpecification","valueRequired":true,"valueName":"search_term_string"}}],"inLanguage":"es"}]}},"_links":{"self":[{"href":"https:\/\/lawcdh.com\/es\/wp-json\/wp\/v2\/pages\/1611","targetHints":{"allow":["GET"]}}],"collection":[{"href":"https:\/\/lawcdh.com\/es\/wp-json\/wp\/v2\/pages"}],"about":[{"href":"https:\/\/lawcdh.com\/es\/wp-json\/wp\/v2\/types\/page"}],"author":[{"embeddable":true,"href":"https:\/\/lawcdh.com\/es\/wp-json\/wp\/v2\/users\/17"}],"replies":[{"embeddable":true,"href":"https:\/\/lawcdh.com\/es\/wp-json\/wp\/v2\/comments?post=1611"}],"version-history":[{"count":0,"href":"https:\/\/lawcdh.com\/es\/wp-json\/wp\/v2\/pages\/1611\/revisions"}],"up":[{"embeddable":true,"href":"https:\/\/lawcdh.com\/es\/wp-json\/wp\/v2\/pages\/941"}],"wp:featuredmedia":[{"embeddable":true,"href":"https:\/\/lawcdh.com\/es\/wp-json\/wp\/v2\/media\/2673"}],"wp:attachment":[{"href":"https:\/\/lawcdh.com\/es\/wp-json\/wp\/v2\/media?parent=1611"}],"wp:term":[{"taxonomy":"post_tag","embeddable":true,"href":"https:\/\/lawcdh.com\/es\/wp-json\/wp\/v2\/tags?post=1611"}],"curies":[{"name":"wp","href":"https:\/\/api.w.org\/{rel}","templated":true}]}}