{"id":1629,"date":"2021-05-05T20:51:41","date_gmt":"2021-05-05T20:51:41","guid":{"rendered":"https:\/\/lawcdh.com\/?page_id=1629"},"modified":"2024-01-30T18:25:47","modified_gmt":"2024-01-30T18:25:47","slug":"el-sellado-de-una-condena-criminal","status":"publish","type":"page","link":"https:\/\/lawcdh.com\/es\/areas-de-practica\/defensa-criminal\/el-sellado-de-una-condena-criminal\/","title":{"rendered":"Sellando una Condena Penal"},"content":{"rendered":"<p>Despu\u00e9s de que un acusado es declarado culpable de un delito en Nueva York, tendr\u00e1 antecedentes penales. Tener antecedentes penales puede crear desaf\u00edos relacionados con el empleo, la vivienda e incluso las relaciones personales. Algunos estados permiten que los descendientes soliciten al tribunal que limpie o elimine sus antecedentes penales. En Nueva York, no existe ning\u00fan procedimiento para la eliminaci\u00f3n total o eliminaci\u00f3n de los antecedentes penales de una persona. Sin embargo, en determinadas circunstancias, un tribunal de Nueva York puede ayudar a sellar una condena penal.<\/p>\n<p>Sellar una condena penal no borra los antecedentes penales, pero los hace mucho menos visibles para el p\u00fablico. Si ha sido condenado por un delito en Nueva York y est\u00e1 interesado en sellar su condena penal, necesita un abogado <a href=\"https:\/\/lawcdh.com\/es\/areas-de-practica\/defensa-criminal\/\">defensor penal<\/a> con experiencia de su lado. Comun\u00edquese con <a href=\"https:\/\/lawcdh.com\/es\/\">CDH Law PLLC<\/a> hoy para programar su consulta inicial.<\/p>\n<h2 id=\"los-beneficios-de-sellar-su-condena-penal\">Los Beneficios de Sellar Su Condena Penal<\/h2>\n<p>Se obtienen muchos beneficios al sellar su condena penal. Una vez que su expediente est\u00e9 sellado, seguir\u00e1 estando disponible para los funcionarios encargados de hacer cumplir la ley y en el sistema judicial. Sin embargo, las organizaciones privadas no podr\u00e1n acceder a sus antecedentes penales una vez sellados. Suponga que solicita el trabajo de sus sue\u00f1os y el entrevistador le informa que necesitar\u00e1n realizar una verificaci\u00f3n de antecedentes penales de usted. Una vez que se hayan sellado sus antecedentes penales, la verificaci\u00f3n de antecedentes aparecer\u00e1 sin que su condena sea visible para el entrevistador.<\/p>\n<p><span style=\"font-weight: 400\">Otros beneficios de sellar sus antecedentes penales incluyen tener \u00e9xito con las solicitudes de pr\u00e9stamos estudiantiles y adquirir ciertos tipos de asistencia para la vivienda. Tambi\u00e9n se le puede restaurar su derecho a votar. Sellar sus antecedentes penales puede ayudarle en sus relaciones profesionales y personales. Muchos de nuestros clientes sienten que se les quita un peso de encima una vez que se han sellado sus antecedentes penales. <\/span><\/p>\n<h3>Condenas Penales Que Se Pueden Sellar en Nueva York<\/h3>\n<p>En algunos casos, los tribunales de Nueva York sellan el historial de una persona autom\u00e1ticamente sin que \u00e9sta tome ninguna medida. Por ejemplo, cuando un tribunal emite un veredicto de no culpabilidad en un caso penal, el tribunal sellar\u00e1 autom\u00e1ticamente el expediente en el plazo de un a\u00f1o. Cuando un ni\u00f1o comete un delito, el tribunal sellar\u00e1 los antecedentes penales en el plazo de un a\u00f1o. Finalmente, el tribunal sellar\u00e1 autom\u00e1ticamente la mayor\u00eda de las condenas relacionadas con delitos de tr\u00e1nsito y otras infracciones.<\/p>\n<p>En todos los dem\u00e1s casos, el acusado debe solicitar al tribunal que selle su condena penal. En octubre de 2017, entr\u00f3 en vigor la Ley de Procedimiento Penal 160.59 de Nueva York, ampliando enormemente los tipos de condenas penales que los tribunales pueden sellar. No obstante, la regulaci\u00f3n todav\u00eda impone categor\u00edas estrictas de delitos a los que se aplica la nueva ley. S\u00f3lo los siguientes tipos de condenas son elegibles para sellarse en Nueva York:<\/p>\n<ul>\n<li style=\"font-weight: 400\">Han pasado diez a\u00f1os o m\u00e1s desde la fecha de la condena si no hubo tiempo de c\u00e1rcel.<\/li>\n<li style=\"font-weight: 400\">Han pasado diez a\u00f1os o m\u00e1s desde que el acusado sali\u00f3 de la c\u00e1rcel<\/li>\n<li style=\"font-weight: 400\">El cargo no es un delito sexual, un delito grave violento ni ning\u00fan otro delito grave de clase A.<\/li>\n<li style=\"font-weight: 400\">S\u00f3lo se puede pedir el sellado de dos condenas, y s\u00f3lo una puede ser delito grave.<\/li>\n<\/ul>\n<p>Muchos delitos no pueden sellarse, como asalto, robo, conspiraci\u00f3n, homicidio y uso criminal de un arma de fuego. Sin embargo, los tribunales tienen la autoridad para sellar condenas de muchos delitos com\u00fanmente imputados, como:<\/p>\n<ul>\n<li style=\"font-weight: 400\"><span style=\"font-weight: 400\">Shoplifting<\/span><\/li>\n<li>Hurto<\/li>\n<li><a href=\"https:\/\/lawcdh.com\/es\/areas-de-practica\/defensa-de-robo\/\">Robo<\/a><\/li>\n<li>Conducta desordenada<\/li>\n<li>Intoxicaci\u00f3n p\u00fablica<\/li>\n<li>Asalto simple<\/li>\n<li><a href=\"https:\/\/lawcdh.com\/es\/areas-de-practica\/delitos-de-drogas\/posesion-de-drogas\/\">Posesi\u00f3n de drogas<\/a><\/li>\n<li>Vandalismo<\/li>\n<li>Merodeando<\/li>\n<li>Entrar Sin Derecho<\/li>\n<li>Novatadas en segundo grado<\/li>\n<li>Publicar anuncios ilegalmente<\/li>\n<\/ul>\n<h3>El Proceso de Sellar Sus Antecedentes Penales en Nueva York<\/h3>\n<p>Cuando un acusado cumple con todos los criterios enumerados anteriormente, puede solicitar al tribunal que selle hasta dos condenas penales. Cuando el acusado desee sellar dos delitos, deber\u00e1 solicitarlo al tribunal que lo conden\u00f3 por el m\u00e1s grave de los dos delitos. El acusado debe incluir una declaraci\u00f3n jurada que enumere las razones por las que el tribunal deber\u00eda sellar la condena en su petici\u00f3n.<\/p>\n<p>Despu\u00e9s de que el acusado presente la petici\u00f3n, el fiscal de distrito tendr\u00e1 45 d\u00edas para objetar que se selle el expediente. Cuando el fiscal de distrito no se opone, el tribunal tiene la opci\u00f3n de decidir si sella el expediente sin realizar una audiencia. Cuando un tribunal concede una petici\u00f3n para sellar antecedentes penales, todos los registros oficiales de la condena de la persona ser\u00e1n sellados y no estar\u00e1n disponibles para ninguna agencia p\u00fablica o persona privada. Sin embargo, existen algunas excepciones a esta regla. Las siguientes agencias seguir\u00e1n teniendo acceso al registro oficial de las condenas selladas:<\/p>\n<ul>\n<li style=\"font-weight: 400\">Tribunales<\/li>\n<li style=\"font-weight: 400\">instalaciones correccionales<\/li>\n<li style=\"font-weight: 400\">Autoridades de licencias de armas de fuego<\/li>\n<li style=\"font-weight: 400\">Cumplimiento de la ley<\/li>\n<\/ul>\n<h3>Sellando Los Cr\u00edmenes de Drogas en Nueva York<\/h3>\n<p>Muchos de nuestros clientes necesitan sellar delitos relacionados con drogas que obstaculizan sus aspiraciones profesionales y personales. En Nueva York, puede solicitar al tribunal que selle los delitos menores y graves relacionados con las drogas. Sin embargo, la persona que presenta la petici\u00f3n al tribunal deber\u00e1 completar un programa de tratamiento por abuso de sustancias aprobado por el tribunal. \u00c9l o ella tambi\u00e9n deber\u00e1 completar cualquier sentencia adicional y no tener ning\u00fan cargo penal pendiente en su contra.<\/p>\n<h3>\u00bfQu\u00e9 Puedo Hacer Mientras Espero Para Presentar Una Petici\u00f3n Ante El Tribunal?<\/h3>\n<p>Si est\u00e1 esperando que se complete el plazo de 10 a\u00f1os antes de solicitar al tribunal que selle su expediente, todav\u00eda tiene opciones. Puede solicitar un Certificado de Buena Conducta o un Certificado de Alivio de Incapacidades, que aliviar\u00e1 algunas de las restricciones que enfrenta debido a su condena penal. Recomendamos mantener una lista de todos los servicios comunitarios que realiza y otros logros que puede presentar en su eventual audiencia. Debe trabajar conscientemente para acumular acciones en su caso durante el per\u00edodo de 10 a\u00f1os para que pueda avanzar en el mejor caso posible para sellar cuando llegue el momento.<\/p>\n<h4><strong>P\u00f3ngase en Contacto Con Nuestros Abogados de Defensa Penal de Syracuse Hoy<\/strong><\/h4>\n<p>En CDH Law PLLC, hemos ayudado a muchos clientes del \u00e1rea de Syracuse a lograr sellar sus antecedentes penales. Revisaremos cuidadosamente sus antecedentes penales y le asesoraremos sobre si es elegible para el l\u00edmite m\u00e1ximo de su condena penal. Completaremos toda la documentaci\u00f3n necesaria y presentaremos un argumento legal convincente en su nombre ante el tribunal. P\u00f3ngase en <a href=\"\/es\/contacto\/\">contacto<\/a> con nuestros abogados de defensa penal hoy para saber c\u00f3mo podemos ayudarle a intentar sellar sus antecedentes penales.<\/p>\n","protected":false},"excerpt":{"rendered":"<p>Despu\u00e9s de que un acusado es declarado culpable de un delito en Nueva York, tendr\u00e1 antecedentes penales. Tener antecedentes penales puede crear desaf\u00edos relacionados con el empleo, la vivienda e incluso las relaciones personales. Algunos estados permiten que los descendientes soliciten al tribunal que limpie o elimine sus antecedentes penales. En Nueva York, no existe&#8230;<\/p>\n","protected":false},"author":17,"featured_media":2281,"parent":941,"menu_order":0,"comment_status":"closed","ping_status":"closed","template":"","meta":{"_acf_changed":false,"footnotes":""},"tags":[],"class_list":["post-1629","page","type-page","status-publish","has-post-thumbnail","hentry"],"acf":[],"yoast_head":"<!-- This site is optimized with the Yoast SEO plugin v27.4 - https:\/\/yoast.com\/product\/yoast-seo-wordpress\/ -->\n<title>Sellado de Una Condena Penal en Syracuse | CDH Law<\/title>\n<meta name=\"description\" content=\"Si est\u00e1 considerando sellar su condena penal y necesita la ayuda de un abogado, comun\u00edquese con nuestro abogado defensor penal de Syracuse.\" \/>\n<meta name=\"robots\" content=\"index, follow, max-snippet:-1, max-image-preview:large, max-video-preview:-1\" \/>\n<link rel=\"canonical\" href=\"https:\/\/lawcdh.com\/es\/areas-de-practica\/defensa-criminal\/el-sellado-de-una-condena-criminal\/\" \/>\n<meta property=\"og:locale\" content=\"es_MX\" \/>\n<meta property=\"og:type\" content=\"article\" \/>\n<meta property=\"og:title\" content=\"Sellado de Una Condena Penal en Syracuse | CDH Law\" \/>\n<meta property=\"og:description\" content=\"Si est\u00e1 considerando sellar su condena penal y necesita la ayuda de un abogado, comun\u00edquese con nuestro abogado defensor penal de Syracuse.\" \/>\n<meta property=\"og:url\" content=\"https:\/\/lawcdh.com\/es\/areas-de-practica\/defensa-criminal\/el-sellado-de-una-condena-criminal\/\" \/>\n<meta property=\"og:site_name\" content=\"CDH Law PLLC ES\" \/>\n<meta property=\"article:modified_time\" content=\"2024-01-30T18:25:47+00:00\" \/>\n<meta property=\"og:image\" content=\"https:\/\/lawcdh.com\/es\/wp-content\/uploads\/sites\/2\/2023\/10\/sealing-of-a-criminal-conviction-lawyers-1.jpg\" \/>\n\t<meta property=\"og:image:width\" content=\"730\" \/>\n\t<meta property=\"og:image:height\" content=\"300\" \/>\n\t<meta property=\"og:image:type\" content=\"image\/jpeg\" \/>\n<meta name=\"twitter:card\" content=\"summary_large_image\" \/>\n<meta name=\"twitter:label1\" content=\"Est. reading time\" \/>\n\t<meta name=\"twitter:data1\" content=\"6 minutos\" \/>\n<script type=\"application\/ld+json\" class=\"yoast-schema-graph\">{\"@context\":\"https:\\\/\\\/schema.org\",\"@graph\":[{\"@type\":\"WebPage\",\"@id\":\"https:\\\/\\\/lawcdh.com\\\/es\\\/areas-de-practica\\\/defensa-criminal\\\/el-sellado-de-una-condena-criminal\\\/\",\"url\":\"https:\\\/\\\/lawcdh.com\\\/es\\\/areas-de-practica\\\/defensa-criminal\\\/el-sellado-de-una-condena-criminal\\\/\",\"name\":\"Sellado de Una Condena Penal en Syracuse | CDH Law\",\"isPartOf\":{\"@id\":\"https:\\\/\\\/lawcdh.com\\\/es\\\/#website\"},\"primaryImageOfPage\":{\"@id\":\"https:\\\/\\\/lawcdh.com\\\/es\\\/areas-de-practica\\\/defensa-criminal\\\/el-sellado-de-una-condena-criminal\\\/#primaryimage\"},\"image\":{\"@id\":\"https:\\\/\\\/lawcdh.com\\\/es\\\/areas-de-practica\\\/defensa-criminal\\\/el-sellado-de-una-condena-criminal\\\/#primaryimage\"},\"thumbnailUrl\":\"https:\\\/\\\/lawcdh.com\\\/es\\\/wp-content\\\/uploads\\\/sites\\\/2\\\/2023\\\/10\\\/sealing-of-a-criminal-conviction-lawyers-1.jpg\",\"datePublished\":\"2021-05-05T20:51:41+00:00\",\"dateModified\":\"2024-01-30T18:25:47+00:00\",\"description\":\"Si est\u00e1 considerando sellar su condena penal y necesita la ayuda de un abogado, comun\u00edquese con nuestro abogado defensor penal de Syracuse.\",\"breadcrumb\":{\"@id\":\"https:\\\/\\\/lawcdh.com\\\/es\\\/areas-de-practica\\\/defensa-criminal\\\/el-sellado-de-una-condena-criminal\\\/#breadcrumb\"},\"inLanguage\":\"es\",\"potentialAction\":[{\"@type\":\"ReadAction\",\"target\":[\"https:\\\/\\\/lawcdh.com\\\/es\\\/areas-de-practica\\\/defensa-criminal\\\/el-sellado-de-una-condena-criminal\\\/\"]}]},{\"@type\":\"ImageObject\",\"inLanguage\":\"es\",\"@id\":\"https:\\\/\\\/lawcdh.com\\\/es\\\/areas-de-practica\\\/defensa-criminal\\\/el-sellado-de-una-condena-criminal\\\/#primaryimage\",\"url\":\"https:\\\/\\\/lawcdh.com\\\/es\\\/wp-content\\\/uploads\\\/sites\\\/2\\\/2023\\\/10\\\/sealing-of-a-criminal-conviction-lawyers-1.jpg\",\"contentUrl\":\"https:\\\/\\\/lawcdh.com\\\/es\\\/wp-content\\\/uploads\\\/sites\\\/2\\\/2023\\\/10\\\/sealing-of-a-criminal-conviction-lawyers-1.jpg\",\"width\":\"730\",\"height\":\"300\",\"caption\":\"Sealing a conviction\"},{\"@type\":\"BreadcrumbList\",\"@id\":\"https:\\\/\\\/lawcdh.com\\\/es\\\/areas-de-practica\\\/defensa-criminal\\\/el-sellado-de-una-condena-criminal\\\/#breadcrumb\",\"itemListElement\":[{\"@type\":\"ListItem\",\"position\":1,\"name\":\"Home\",\"item\":\"https:\\\/\\\/lawcdh.com\\\/es\\\/\"},{\"@type\":\"ListItem\",\"position\":2,\"name\":\"\u00c1reas de Pr\u00e1ctica\",\"item\":\"https:\\\/\\\/lawcdh.com\\\/es\\\/areas-de-practica\\\/\"},{\"@type\":\"ListItem\",\"position\":3,\"name\":\"Defensa Penal\",\"item\":\"https:\\\/\\\/lawcdh.com\\\/es\\\/areas-de-practica\\\/defensa-criminal\\\/\"},{\"@type\":\"ListItem\",\"position\":4,\"name\":\"Sellando una Condena Penal\"}]},{\"@type\":\"WebSite\",\"@id\":\"https:\\\/\\\/lawcdh.com\\\/es\\\/#website\",\"url\":\"https:\\\/\\\/lawcdh.com\\\/es\\\/\",\"name\":\"CDH Law PLLC ES\",\"description\":\"\",\"potentialAction\":[{\"@type\":\"SearchAction\",\"target\":{\"@type\":\"EntryPoint\",\"urlTemplate\":\"https:\\\/\\\/lawcdh.com\\\/es\\\/?s={search_term_string}\"},\"query-input\":{\"@type\":\"PropertyValueSpecification\",\"valueRequired\":true,\"valueName\":\"search_term_string\"}}],\"inLanguage\":\"es\"}]}<\/script>\n<!-- \/ Yoast SEO plugin. -->","yoast_head_json":{"title":"Sellado de Una Condena Penal en Syracuse | CDH Law","description":"Si est\u00e1 considerando sellar su condena penal y necesita la ayuda de un abogado, comun\u00edquese con nuestro abogado defensor penal de Syracuse.","robots":{"index":"index","follow":"follow","max-snippet":"max-snippet:-1","max-image-preview":"max-image-preview:large","max-video-preview":"max-video-preview:-1"},"canonical":"https:\/\/lawcdh.com\/es\/areas-de-practica\/defensa-criminal\/el-sellado-de-una-condena-criminal\/","og_locale":"es_MX","og_type":"article","og_title":"Sellado de Una Condena Penal en Syracuse | CDH Law","og_description":"Si est\u00e1 considerando sellar su condena penal y necesita la ayuda de un abogado, comun\u00edquese con nuestro abogado defensor penal de Syracuse.","og_url":"https:\/\/lawcdh.com\/es\/areas-de-practica\/defensa-criminal\/el-sellado-de-una-condena-criminal\/","og_site_name":"CDH Law PLLC ES","article_modified_time":"2024-01-30T18:25:47+00:00","og_image":[{"width":730,"height":300,"url":"https:\/\/lawcdh.com\/es\/wp-content\/uploads\/sites\/2\/2023\/10\/sealing-of-a-criminal-conviction-lawyers-1.jpg","type":"image\/jpeg"}],"twitter_card":"summary_large_image","twitter_misc":{"Est. reading time":"6 minutos"},"schema":{"@context":"https:\/\/schema.org","@graph":[{"@type":"WebPage","@id":"https:\/\/lawcdh.com\/es\/areas-de-practica\/defensa-criminal\/el-sellado-de-una-condena-criminal\/","url":"https:\/\/lawcdh.com\/es\/areas-de-practica\/defensa-criminal\/el-sellado-de-una-condena-criminal\/","name":"Sellado de Una Condena Penal en Syracuse | CDH Law","isPartOf":{"@id":"https:\/\/lawcdh.com\/es\/#website"},"primaryImageOfPage":{"@id":"https:\/\/lawcdh.com\/es\/areas-de-practica\/defensa-criminal\/el-sellado-de-una-condena-criminal\/#primaryimage"},"image":{"@id":"https:\/\/lawcdh.com\/es\/areas-de-practica\/defensa-criminal\/el-sellado-de-una-condena-criminal\/#primaryimage"},"thumbnailUrl":"https:\/\/lawcdh.com\/es\/wp-content\/uploads\/sites\/2\/2023\/10\/sealing-of-a-criminal-conviction-lawyers-1.jpg","datePublished":"2021-05-05T20:51:41+00:00","dateModified":"2024-01-30T18:25:47+00:00","description":"Si est\u00e1 considerando sellar su condena penal y necesita la ayuda de un abogado, comun\u00edquese con nuestro abogado defensor penal de Syracuse.","breadcrumb":{"@id":"https:\/\/lawcdh.com\/es\/areas-de-practica\/defensa-criminal\/el-sellado-de-una-condena-criminal\/#breadcrumb"},"inLanguage":"es","potentialAction":[{"@type":"ReadAction","target":["https:\/\/lawcdh.com\/es\/areas-de-practica\/defensa-criminal\/el-sellado-de-una-condena-criminal\/"]}]},{"@type":"ImageObject","inLanguage":"es","@id":"https:\/\/lawcdh.com\/es\/areas-de-practica\/defensa-criminal\/el-sellado-de-una-condena-criminal\/#primaryimage","url":"https:\/\/lawcdh.com\/es\/wp-content\/uploads\/sites\/2\/2023\/10\/sealing-of-a-criminal-conviction-lawyers-1.jpg","contentUrl":"https:\/\/lawcdh.com\/es\/wp-content\/uploads\/sites\/2\/2023\/10\/sealing-of-a-criminal-conviction-lawyers-1.jpg","width":"730","height":"300","caption":"Sealing a conviction"},{"@type":"BreadcrumbList","@id":"https:\/\/lawcdh.com\/es\/areas-de-practica\/defensa-criminal\/el-sellado-de-una-condena-criminal\/#breadcrumb","itemListElement":[{"@type":"ListItem","position":1,"name":"Home","item":"https:\/\/lawcdh.com\/es\/"},{"@type":"ListItem","position":2,"name":"\u00c1reas de Pr\u00e1ctica","item":"https:\/\/lawcdh.com\/es\/areas-de-practica\/"},{"@type":"ListItem","position":3,"name":"Defensa Penal","item":"https:\/\/lawcdh.com\/es\/areas-de-practica\/defensa-criminal\/"},{"@type":"ListItem","position":4,"name":"Sellando una Condena Penal"}]},{"@type":"WebSite","@id":"https:\/\/lawcdh.com\/es\/#website","url":"https:\/\/lawcdh.com\/es\/","name":"CDH Law PLLC ES","description":"","potentialAction":[{"@type":"SearchAction","target":{"@type":"EntryPoint","urlTemplate":"https:\/\/lawcdh.com\/es\/?s={search_term_string}"},"query-input":{"@type":"PropertyValueSpecification","valueRequired":true,"valueName":"search_term_string"}}],"inLanguage":"es"}]}},"_links":{"self":[{"href":"https:\/\/lawcdh.com\/es\/wp-json\/wp\/v2\/pages\/1629","targetHints":{"allow":["GET"]}}],"collection":[{"href":"https:\/\/lawcdh.com\/es\/wp-json\/wp\/v2\/pages"}],"about":[{"href":"https:\/\/lawcdh.com\/es\/wp-json\/wp\/v2\/types\/page"}],"author":[{"embeddable":true,"href":"https:\/\/lawcdh.com\/es\/wp-json\/wp\/v2\/users\/17"}],"replies":[{"embeddable":true,"href":"https:\/\/lawcdh.com\/es\/wp-json\/wp\/v2\/comments?post=1629"}],"version-history":[{"count":0,"href":"https:\/\/lawcdh.com\/es\/wp-json\/wp\/v2\/pages\/1629\/revisions"}],"up":[{"embeddable":true,"href":"https:\/\/lawcdh.com\/es\/wp-json\/wp\/v2\/pages\/941"}],"wp:featuredmedia":[{"embeddable":true,"href":"https:\/\/lawcdh.com\/es\/wp-json\/wp\/v2\/media\/2281"}],"wp:attachment":[{"href":"https:\/\/lawcdh.com\/es\/wp-json\/wp\/v2\/media?parent=1629"}],"wp:term":[{"taxonomy":"post_tag","embeddable":true,"href":"https:\/\/lawcdh.com\/es\/wp-json\/wp\/v2\/tags?post=1629"}],"curies":[{"name":"wp","href":"https:\/\/api.w.org\/{rel}","templated":true}]}}