{"id":1646,"date":"2021-06-09T17:29:55","date_gmt":"2021-06-09T17:29:55","guid":{"rendered":"https:\/\/lawcdh.com\/?page_id=1646"},"modified":"2024-02-01T15:26:54","modified_gmt":"2024-02-01T15:26:54","slug":"fideicomiso-de-medicaid","status":"publish","type":"page","link":"https:\/\/lawcdh.com\/es\/areas-de-practica\/planificacion-patrimonial\/fideicomiso-de-medicaid\/","title":{"rendered":"Fideicomiso de Medicaid"},"content":{"rendered":"\n<p>El costo de la <a href=\"https:\/\/www.dfs.ny.gov\/consumers\/health_insurance\/long_term_care_insurance\/cost_ltc\" target=\"_blank\" rel=\"noreferrer noopener\">atenci\u00f3n en hogares de ancianos<\/a> contin\u00faa aumentando en Nueva York, con un promedio de $112,420 por a\u00f1o en el norte del estado de Nueva York. Medicare y la mayor\u00eda de las p\u00f3lizas de seguro privadas no cubren estad\u00edas prolongadas en hogares de ancianos. Una forma de proteger sus activos mientras califica para la cobertura de atenci\u00f3n a largo plazo a trav\u00e9s de Medicaid es utilizar un <a href=\"https:\/\/lawcdh.com\/es\/areas-de-practica\/planificacion-patrimonial\/testamentos-y-fideicomisos\/\">fideicomiso<\/a> de Medicaid.<\/p>\n\n\n\n<p>Las emergencias m\u00e9dicas y las enfermedades pueden ocurrir en cualquier momento. Muchos residentes de Nueva York no est\u00e1n dispuestos a pagar una estancia en una residencia de ancianos. La creaci\u00f3n de un fideicomiso de Medicaid le permitir\u00e1 estar preparado para calificar para Medicaid en caso de que sea necesaria la atenci\u00f3n en un hogar de ancianos. <a href=\"https:\/\/lawcdh.com\/es\/areas-de-practica\/planificacion-patrimonial\/planificacion-de-impuestos-patrimoniales\/\">Los abogados con experiencia en planificaci\u00f3n patrimonial<\/a> de CDH Law PLLC pueden ayudarlo a crear un fideicomiso de Medicaid para proteger sus activos. Cont\u00e1ctenos hoy para obtener m\u00e1s informaci\u00f3n sobre los beneficios de utilizar un fideicomiso de Medicaid.<\/p>\n\n\n\n<h2 class=\"wp-block-heading\" id=\"que-es-un-fideicomiso-de-proteccion-de-activos-de-medicaid-mapt\">\u00bfQu\u00e9 ES Un Fideicomiso de Protecci\u00f3n de Activos de Medicaid (MAPT)?<\/h2>\n\n\n\n<p>Un Fideicomiso de Protecci\u00f3n de Activos de Medicaid (MAPT) es un tipo de fideicomiso irrevocable que no se puede cancelar ni revocar. Los MAPT se utilizan para ayudar a las personas a calificar para ser elegibles para Medicaid. Medicaid proporciona a los beneficiarios cobertura de seguro para estad\u00edas prolongadas en hogares de ancianos. Sin embargo, calificar para Medicaid no es f\u00e1cil. Debe tener ingresos y recursos m\u00ednimos para calificar. Cualquier activo que transfiera a un Fideicomiso de protecci\u00f3n de activos de Medicaid no contar\u00e1 como ingreso o activo para ser elegible para los beneficios de Medicaid.<\/p>\n\n\n\n<p>En un fideicomiso en vida revocable, usted, como propietario, mantendr\u00e1 la propiedad de los activos que transfiera al fideicomiso mientras est\u00e9 vivo. Por el contrario, con un Fideicomiso de Protecci\u00f3n de Activos de Medicaid, los activos que usted ya no posee son los que transfiere al fideicomiso. El fideicomiso es propietario de sus activos, aunque usted todav\u00eda los controle.<\/p>\n\n\n\n<h3 class=\"wp-block-heading\">Nombrar Un Administrador en SU Fideicomiso de Protecci\u00f3n de Activos de Medicaid (MAPT)<\/h3>\n\n\n\n<p>El otorgante de un fideicomiso debe nombrar uno o m\u00e1s fiduciarios para administrar los activos del fideicomiso en nombre de los beneficiarios. En un fideicomiso irrevocable, usted puede designarse a s\u00ed mismo como \u00fanico fideicomisario. En un Fideicomiso de Protecci\u00f3n de Activos de Medicaid, usted debe designar a un fideicomisario independiente que no sea usted o su c\u00f3nyuge para administrar los activos del fideicomiso. Muchas personas designan a un amigo cercano de confianza o a un hijo adulto como su administrador independiente. Podr\u00e1 cambiar su administrador independiente m\u00e1s adelante si es necesario.<\/p>\n\n\n\n<p>Es comprensible que muchos de nuestros clientes est\u00e9n preocupados sobre si podr\u00e1n conservar sus hogares y a\u00fan calificar para los beneficios de Medicaid. Tendr\u00e1 que transferir su residencia principal (hogar) a su MAPT, pero seguir\u00e1 viviendo en su hogar. Incluso puede decidir vender la casa que posee el fideicomiso o comprar una casa nueva a nombre del fideicomiso sin perder el valor de protecci\u00f3n de activos del fideicomiso. Sus herederos pueden ahorrar en impuestos sobre las ganancias de capital transfiriendo la propiedad de su casa a un MAPT. La base del costo para el impuesto sobre las ganancias de capital se produce en el momento de su muerte, no desde el momento de su compra inicial.<\/p>\n\n\n\n<p>Puede transferir sus activos que generan ingresos a su MAPT, como sus acciones y bonos. A\u00fan podr\u00e1 utilizar los ingresos que produzcan o vender los ingresos que generaron. Sin embargo, no podr\u00e1 tocar el capital de sus acciones y bonos porque el fideicomiso posee el principio. A\u00fan podr\u00e1 controlar sus activos aunque ya no los posea.<\/p>\n\n\n\n<h3 class=\"wp-block-heading\">Per\u00edodo Retrospectivo de Medicaid<\/h3>\n\n\n\n<p><span style=\"font-weight: 400\">Muchas personas planean posponer la planificaci\u00f3n de Medicaid hasta que necesiten mudarse a un asilo de ancianos. Desafortunadamente, esperar para participar en la planificaci\u00f3n de Medicaid puede tener efectos problem\u00e1ticos. Medicaid tiene un per\u00edodo retrospectivo de cinco a\u00f1os. Deber\u00e1 crear su Fideicomiso de protecci\u00f3n de activos de Medicaid cinco a\u00f1os antes del momento en que necesitar\u00e1 calificar para Medicaid. Si crea el fideicomiso demasiado pronto, los activos que transfiera al fideicomiso contar\u00e1n en su contra para ser elegible para Medicaid.<\/span><\/p>\n\n\n\n<h3 class=\"wp-block-heading\">\u00bfDeber\u00eda Utilizar Un MAPT en Lugar de Entregar Sus Bienes a Sus Hijos?<\/h3>\n\n\n\n<p>A veces, nuestros clientes asumen que podr\u00e1n donar sus bienes a sus hijos adultos para que puedan calificar para Medicaid. Sin embargo, hay muchas razones por las que es preferible transferir la propiedad a un MAPT que regalar sus activos a otros. Por ejemplo, puede pensar que transferir el t\u00edtulo de su casa a su hijo los ayudar\u00e1 a ambos. Sin embargo, si decide solicitar Medicaid tres a\u00f1os despu\u00e9s de transferir el t\u00edtulo, Medicaid revisar\u00e1 sus transferencias anteriores y rechazar\u00e1 su solicitud.<\/p>\n\n\n\n<p>Cuando transfiere su casa directamente a su hijo o ser querido, pueden ocurrir otros problemas. Su hijo adulto podr\u00eda divorciarse y perder la mitad del valor l\u00edquido de la vivienda despu\u00e9s del divorcio. O, si su hijo adulto obtiene una cantidad significativa de deuda de tarjeta de cr\u00e9dito, los acreedores pueden intentar que su casa cobre el pago. Tambi\u00e9n hemos visto casos en los que el hijo adulto decide hipotecar la casa por dinero en efectivo. Cuando transfiere su casa a un MAPT, puede estar seguro de que su casa y otros bienes estar\u00e1n protegidos contra acreedores o c\u00f3nyuges amargados.<\/p>\n\n\n\n<p>Es posible que usted transfiera efectivamente su hogar a su hijo utilizando la Excepci\u00f3n de cuidador infantil de Mediaid. Debe analizar los pros y los contras de utilizar esta excepci\u00f3n en lugar de transferir sus activos a un MAPT. Antes de continuar, es aconsejable hablar con un abogado con experiencia en planificaci\u00f3n patrimonial que pueda analizar los pros y los contras de crear un MAPT para calificar para Medicaid.<\/p>\n\n\n\n<h4 class=\"wp-block-heading\"><strong>P\u00f3ngase en Contacto Con Un Abogado de Medicaid Trust en El Centro De Nueva York Hoy<\/strong><\/h4>\n\n\n\n<p>\u00bfCree que se beneficiar\u00e1 de un Fideicomiso de protecci\u00f3n de activos de Medicaid? Si es as\u00ed, los abogados de planificaci\u00f3n patrimonial de Syracuse de CDH Law PLLC est\u00e1n aqu\u00ed para ayudarlo. Nuestros abogados de planificaci\u00f3n patrimonial tienen un conocimiento profundo de las reglas relacionadas con la calificaci\u00f3n para Medicaid. Consideraremos cuidadosamente su situaci\u00f3n particular para crear un plan de atenci\u00f3n a largo plazo eficaz que funcione para usted y su familia. <a href=\"\/es\/contacto\/\">Cont\u00e1ctenos hoy<\/a> para programar su consulta inicial.<span style=\"font-weight: 400\">\u00a0<\/span><\/p>\n","protected":false},"excerpt":{"rendered":"<p>El costo de la atenci\u00f3n en hogares de ancianos contin\u00faa aumentando en Nueva York, con un promedio de $112,420 por a\u00f1o en el norte del estado de Nueva York. Medicare y la mayor\u00eda de las p\u00f3lizas de seguro privadas no cubren estad\u00edas prolongadas en hogares de ancianos. Una forma de proteger sus activos mientras califica&#8230;<\/p>\n","protected":false},"author":17,"featured_media":0,"parent":1390,"menu_order":0,"comment_status":"closed","ping_status":"closed","template":"","meta":{"_acf_changed":false,"footnotes":""},"tags":[],"class_list":["post-1646","page","type-page","status-publish","hentry"],"acf":[],"yoast_head":"<!-- This site is optimized with the Yoast SEO plugin v27.4 - https:\/\/yoast.com\/product\/yoast-seo-wordpress\/ -->\n<title>Abogado Fiduciario de Medicaid de Syracuse (MAPT) | CDH Law<\/title>\n<meta name=\"description\" content=\"Si cree que se beneficiar\u00e1 de un fideicomiso de Medicaid, comun\u00edquese con nuestros abogados expertos en planificaci\u00f3n estatal de Syracuse.\" \/>\n<meta name=\"robots\" content=\"index, follow, max-snippet:-1, max-image-preview:large, max-video-preview:-1\" \/>\n<link rel=\"canonical\" href=\"https:\/\/lawcdh.com\/es\/areas-de-practica\/planificacion-patrimonial\/fideicomiso-de-medicaid\/\" \/>\n<meta property=\"og:locale\" content=\"es_MX\" \/>\n<meta property=\"og:type\" content=\"article\" \/>\n<meta property=\"og:title\" content=\"Abogado Fiduciario de Medicaid de Syracuse (MAPT) | CDH Law\" \/>\n<meta property=\"og:description\" content=\"Si cree que se beneficiar\u00e1 de un fideicomiso de Medicaid, comun\u00edquese con nuestros abogados expertos en planificaci\u00f3n estatal de Syracuse.\" \/>\n<meta property=\"og:url\" content=\"https:\/\/lawcdh.com\/es\/areas-de-practica\/planificacion-patrimonial\/fideicomiso-de-medicaid\/\" \/>\n<meta property=\"og:site_name\" content=\"CDH Law PLLC ES\" \/>\n<meta property=\"article:modified_time\" content=\"2024-02-01T15:26:54+00:00\" \/>\n<meta name=\"twitter:card\" content=\"summary_large_image\" \/>\n<meta name=\"twitter:label1\" content=\"Est. reading time\" \/>\n\t<meta name=\"twitter:data1\" content=\"5 minutos\" \/>\n<script type=\"application\/ld+json\" class=\"yoast-schema-graph\">{\"@context\":\"https:\\\/\\\/schema.org\",\"@graph\":[{\"@type\":\"WebPage\",\"@id\":\"https:\\\/\\\/lawcdh.com\\\/es\\\/areas-de-practica\\\/planificacion-patrimonial\\\/fideicomiso-de-medicaid\\\/\",\"url\":\"https:\\\/\\\/lawcdh.com\\\/es\\\/areas-de-practica\\\/planificacion-patrimonial\\\/fideicomiso-de-medicaid\\\/\",\"name\":\"Abogado Fiduciario de Medicaid de Syracuse (MAPT) | CDH Law\",\"isPartOf\":{\"@id\":\"https:\\\/\\\/lawcdh.com\\\/es\\\/#website\"},\"datePublished\":\"2021-06-09T17:29:55+00:00\",\"dateModified\":\"2024-02-01T15:26:54+00:00\",\"description\":\"Si cree que se beneficiar\u00e1 de un fideicomiso de Medicaid, comun\u00edquese con nuestros abogados expertos en planificaci\u00f3n estatal de Syracuse.\",\"breadcrumb\":{\"@id\":\"https:\\\/\\\/lawcdh.com\\\/es\\\/areas-de-practica\\\/planificacion-patrimonial\\\/fideicomiso-de-medicaid\\\/#breadcrumb\"},\"inLanguage\":\"es\",\"potentialAction\":[{\"@type\":\"ReadAction\",\"target\":[\"https:\\\/\\\/lawcdh.com\\\/es\\\/areas-de-practica\\\/planificacion-patrimonial\\\/fideicomiso-de-medicaid\\\/\"]}]},{\"@type\":\"BreadcrumbList\",\"@id\":\"https:\\\/\\\/lawcdh.com\\\/es\\\/areas-de-practica\\\/planificacion-patrimonial\\\/fideicomiso-de-medicaid\\\/#breadcrumb\",\"itemListElement\":[{\"@type\":\"ListItem\",\"position\":1,\"name\":\"Home\",\"item\":\"https:\\\/\\\/lawcdh.com\\\/es\\\/\"},{\"@type\":\"ListItem\",\"position\":2,\"name\":\"\u00c1reas de Pr\u00e1ctica\",\"item\":\"https:\\\/\\\/lawcdh.com\\\/es\\\/areas-de-practica\\\/\"},{\"@type\":\"ListItem\",\"position\":3,\"name\":\"Planificaci\u00f3n Patrimonial\",\"item\":\"https:\\\/\\\/lawcdh.com\\\/es\\\/areas-de-practica\\\/planificacion-patrimonial\\\/\"},{\"@type\":\"ListItem\",\"position\":4,\"name\":\"Fideicomiso de Medicaid\"}]},{\"@type\":\"WebSite\",\"@id\":\"https:\\\/\\\/lawcdh.com\\\/es\\\/#website\",\"url\":\"https:\\\/\\\/lawcdh.com\\\/es\\\/\",\"name\":\"CDH Law PLLC ES\",\"description\":\"\",\"potentialAction\":[{\"@type\":\"SearchAction\",\"target\":{\"@type\":\"EntryPoint\",\"urlTemplate\":\"https:\\\/\\\/lawcdh.com\\\/es\\\/?s={search_term_string}\"},\"query-input\":{\"@type\":\"PropertyValueSpecification\",\"valueRequired\":true,\"valueName\":\"search_term_string\"}}],\"inLanguage\":\"es\"}]}<\/script>\n<!-- \/ Yoast SEO plugin. -->","yoast_head_json":{"title":"Abogado Fiduciario de Medicaid de Syracuse (MAPT) | CDH Law","description":"Si cree que se beneficiar\u00e1 de un fideicomiso de Medicaid, comun\u00edquese con nuestros abogados expertos en planificaci\u00f3n estatal de Syracuse.","robots":{"index":"index","follow":"follow","max-snippet":"max-snippet:-1","max-image-preview":"max-image-preview:large","max-video-preview":"max-video-preview:-1"},"canonical":"https:\/\/lawcdh.com\/es\/areas-de-practica\/planificacion-patrimonial\/fideicomiso-de-medicaid\/","og_locale":"es_MX","og_type":"article","og_title":"Abogado Fiduciario de Medicaid de Syracuse (MAPT) | CDH Law","og_description":"Si cree que se beneficiar\u00e1 de un fideicomiso de Medicaid, comun\u00edquese con nuestros abogados expertos en planificaci\u00f3n estatal de Syracuse.","og_url":"https:\/\/lawcdh.com\/es\/areas-de-practica\/planificacion-patrimonial\/fideicomiso-de-medicaid\/","og_site_name":"CDH Law PLLC ES","article_modified_time":"2024-02-01T15:26:54+00:00","twitter_card":"summary_large_image","twitter_misc":{"Est. reading time":"5 minutos"},"schema":{"@context":"https:\/\/schema.org","@graph":[{"@type":"WebPage","@id":"https:\/\/lawcdh.com\/es\/areas-de-practica\/planificacion-patrimonial\/fideicomiso-de-medicaid\/","url":"https:\/\/lawcdh.com\/es\/areas-de-practica\/planificacion-patrimonial\/fideicomiso-de-medicaid\/","name":"Abogado Fiduciario de Medicaid de Syracuse (MAPT) | CDH Law","isPartOf":{"@id":"https:\/\/lawcdh.com\/es\/#website"},"datePublished":"2021-06-09T17:29:55+00:00","dateModified":"2024-02-01T15:26:54+00:00","description":"Si cree que se beneficiar\u00e1 de un fideicomiso de Medicaid, comun\u00edquese con nuestros abogados expertos en planificaci\u00f3n estatal de Syracuse.","breadcrumb":{"@id":"https:\/\/lawcdh.com\/es\/areas-de-practica\/planificacion-patrimonial\/fideicomiso-de-medicaid\/#breadcrumb"},"inLanguage":"es","potentialAction":[{"@type":"ReadAction","target":["https:\/\/lawcdh.com\/es\/areas-de-practica\/planificacion-patrimonial\/fideicomiso-de-medicaid\/"]}]},{"@type":"BreadcrumbList","@id":"https:\/\/lawcdh.com\/es\/areas-de-practica\/planificacion-patrimonial\/fideicomiso-de-medicaid\/#breadcrumb","itemListElement":[{"@type":"ListItem","position":1,"name":"Home","item":"https:\/\/lawcdh.com\/es\/"},{"@type":"ListItem","position":2,"name":"\u00c1reas de Pr\u00e1ctica","item":"https:\/\/lawcdh.com\/es\/areas-de-practica\/"},{"@type":"ListItem","position":3,"name":"Planificaci\u00f3n Patrimonial","item":"https:\/\/lawcdh.com\/es\/areas-de-practica\/planificacion-patrimonial\/"},{"@type":"ListItem","position":4,"name":"Fideicomiso de Medicaid"}]},{"@type":"WebSite","@id":"https:\/\/lawcdh.com\/es\/#website","url":"https:\/\/lawcdh.com\/es\/","name":"CDH Law PLLC ES","description":"","potentialAction":[{"@type":"SearchAction","target":{"@type":"EntryPoint","urlTemplate":"https:\/\/lawcdh.com\/es\/?s={search_term_string}"},"query-input":{"@type":"PropertyValueSpecification","valueRequired":true,"valueName":"search_term_string"}}],"inLanguage":"es"}]}},"_links":{"self":[{"href":"https:\/\/lawcdh.com\/es\/wp-json\/wp\/v2\/pages\/1646","targetHints":{"allow":["GET"]}}],"collection":[{"href":"https:\/\/lawcdh.com\/es\/wp-json\/wp\/v2\/pages"}],"about":[{"href":"https:\/\/lawcdh.com\/es\/wp-json\/wp\/v2\/types\/page"}],"author":[{"embeddable":true,"href":"https:\/\/lawcdh.com\/es\/wp-json\/wp\/v2\/users\/17"}],"replies":[{"embeddable":true,"href":"https:\/\/lawcdh.com\/es\/wp-json\/wp\/v2\/comments?post=1646"}],"version-history":[{"count":0,"href":"https:\/\/lawcdh.com\/es\/wp-json\/wp\/v2\/pages\/1646\/revisions"}],"up":[{"embeddable":true,"href":"https:\/\/lawcdh.com\/es\/wp-json\/wp\/v2\/pages\/1390"}],"wp:attachment":[{"href":"https:\/\/lawcdh.com\/es\/wp-json\/wp\/v2\/media?parent=1646"}],"wp:term":[{"taxonomy":"post_tag","embeddable":true,"href":"https:\/\/lawcdh.com\/es\/wp-json\/wp\/v2\/tags?post=1646"}],"curies":[{"name":"wp","href":"https:\/\/api.w.org\/{rel}","templated":true}]}}