{"id":1668,"date":"2021-08-09T18:53:53","date_gmt":"2021-08-09T18:53:53","guid":{"rendered":"https:\/\/lawcdh.com\/?page_id=1668"},"modified":"2024-02-01T15:38:44","modified_gmt":"2024-02-01T15:38:44","slug":"proteccion-de-activos","status":"publish","type":"page","link":"https:\/\/lawcdh.com\/es\/areas-de-practica\/planificacion-patrimonial\/proteccion-de-activos\/","title":{"rendered":"Protecci\u00f3n de Activos"},"content":{"rendered":"\n<p>Ha trabajado duro durante toda su vida y ha ahorrado cuidadosamente para su jubilaci\u00f3n. Estados Unidos se ha convertido en una sociedad cada vez m\u00e1s litigiosa y el 90% de los juicios se originan en Estados Unidos. Trabajar con un abogado de protecci\u00f3n de activos es m\u00e1s importante que nunca para proteger la propiedad que tanto le cost\u00f3 ganar.<\/p>\n\n\n\n<p>En <a href=\"https:\/\/lawcdh.com\/es\/\">CDH Law PLLC<\/a>, nuestros abogados de protecci\u00f3n de activos identificar\u00e1n t\u00e1cticas y estrategias que podemos utilizar para protegerlo a usted y a sus beneficiarios contra demandas y reclamos de acreedores en el futuro. Le ayudaremos a proteger sus bienes para evitar que su arduo trabajo enriquezca a un tercero a expensas de su c\u00f3nyuge, hijos y seres queridos. P\u00f3ngase en contacto con nuestro bufete de abogados de Syracuse hoy para obtener m\u00e1s informaci\u00f3n sobre nuestros servicios de protecci\u00f3n de activos.<\/p>\n\n\n\n<h2 class=\"wp-block-heading\" id=\"proteccion-de-activos-contra-demandas\">Protecci\u00f3n de Activos Contra Demandas<\/h2>\n\n\n\n<p>Cada a\u00f1o, la gente presenta miles de demandas fr\u00edvolas s\u00f3lo en Nueva York. Muchas demandas y acuerdos de conciliaci\u00f3n podr\u00edan absorber una cantidad injusta de los activos de una persona inocente. Si es propietario de una peque\u00f1a empresa en Nueva York, debe asegurarse de que los activos de su empresa est\u00e9n separados de sus activos personales para protegerlos. Hablar de sus circunstancias con un abogado de protecci\u00f3n de activos en Syracuse le ayudar\u00e1 a salvaguardar su patrimonio.<\/p>\n\n\n\n<p>En CDH Law PLLC, utilizamos estrategias comprobadas y legalmente s\u00f3lidas que adaptamos a su situaci\u00f3n particular para brindarle la mayor protecci\u00f3n posible de sus activos. Proteger sus activos es m\u00e1s cr\u00edtico que nunca. El riesgo de una posible responsabilidad probablemente seguir\u00e1 aumentando a menos que llevemos a cabo una revisi\u00f3n masiva de nuestro sistema legal. Sus activos pueden estar en riesgo debido a una o m\u00e1s de las siguientes vulnerabilidades:<\/p>\n\n\n\n<ul class=\"wp-block-list\">\n<li>Responsabilidad personal de los funcionarios y directores corporativos<\/li>\n\n\n\n<li>Responsabilidad por negligencia profesional<\/li>\n\n\n\n<li>Demandas de antiguos socios comerciales<\/li>\n\n\n\n<li>Demandas por lesiones personales resultantes de un accidente automovil\u00edstico<\/li>\n\n\n\n<li>Accidentes con lesiones personales que ocurrieron en sus instalaciones<\/li>\n\n\n\n<li>Responsabilidad como garante por la muerte de otra persona<\/li>\n\n\n\n<li>Responsabilidad derivada de mala conducta<\/li>\n<\/ul>\n\n\n\n<h3 class=\"wp-block-heading\">Proteger Las Herencias de Los Acreedores<\/h3>\n\n\n\n<p>Para la mayor\u00eda de nosotros, transmitir nuestra riqueza a nuestros seres queridos es un objetivo importante. Lo \u00faltimo que queremos es que los posibles acreedores o el divorcio roben a nuestros hijos o nietos su herencia. Los abogados con experiencia en protecci\u00f3n de activos de CDH Law PLLC organizar\u00e1n su planificaci\u00f3n patrimonial para que cualquier herencia que transmita a sus seres queridos tras su muerte est\u00e9 protegida de posibles acreedores.<\/p>\n\n\n\n<p>Los acreedores pueden iniciar una demanda contra usted, sabiendo que usted posee activos. Adem\u00e1s de que personas externas reclamen sus activos, es posible que deba preocuparse por los propios beneficiarios. Por ejemplo, si su hijo adulto tiene adicci\u00f3n a las drogas o al alcohol, es posible que le preocupe que gaste toda su herencia en su adicci\u00f3n en lugar de usarla sabiamente.<\/p>\n\n\n\n<p>Una de las mejores maneras de proteger la herencia de sus seres queridos de personas externas o de ellos mismos es crear un fideicomiso. Si bien los fideicomisos en vida revocables son populares y valiosos para muchos prop\u00f3sitos, un fideicomiso en vida revocable brinda muy poca protecci\u00f3n de activos. Nuestro equipo puede ayudarlo a crear un fideicomiso que proteger\u00e1 sus activos en los a\u00f1os venideros. Hay muchos beneficios que se obtienen al transferir sus activos a un fideicomiso u otro tipo de entidad legal para sus herederos, incluidos los siguientes:<\/p>\n\n\n\n<ul class=\"wp-block-list\">\n<li>Los activos y los fideicomisos normalmente no est\u00e1n sujetos a reclamaciones de los acreedores.<\/li>\n\n\n\n<li>Los bienes transferidos a un fideicomiso no pueden considerarse bienes conyugales en un divorcio<\/li>\n\n\n\n<li>Evitar el impuesto al patrimonio cuando fallece su beneficiario<\/li>\n\n\n\n<li>Preservar el acceso para que dure toda la vida del beneficiario<\/li>\n<\/ul>\n\n\n\n<p><span style=\"font-weight: 400\">Nuestros abogados de protecci\u00f3n de activos saben c\u00f3mo evaluar las tenencias de nuestros clientes. Trabajamos con nuestros clientes para identificar las mejores formas de proteger su patrimonio de varios acreedores potenciales. Consideramos lo que suceder\u00eda si nuestros clientes fueran demandados por negligencia, mala pr\u00e1ctica o incumplimiento de contrato. En CDH Law PLLC, nuestros abogados saben que cada caso es \u00fanico. Es por eso que utilizamos diferentes estrategias dependiendo de los objetivos del cliente, el pa\u00eds de origen, la naturaleza de los activos y las regulaciones fiscales estatales y federales aplicables. Contamos con s\u00f3lidos conocimientos respecto a:<\/span><\/p>\n\n\n\n<ul class=\"wp-block-list\">\n<li>Fideicomisos nacionales y extraterritoriales<\/li>\n\n\n\n<li>Protecciones de activos exentos seg\u00fan la ley del estado de Nueva York<\/li>\n\n\n\n<li>Formaci\u00f3n de entidades comerciales nacionales<\/li>\n\n\n\n<li>Negociaci\u00f3n y preparaci\u00f3n de acuerdos prematrimoniales y postmatrimoniales.<\/li>\n<\/ul>\n\n\n\n<h3 class=\"wp-block-heading\">Fideicomisos de Protecci\u00f3n de Activos de Medicaid<\/h3>\n\n\n\n<p>El costo de la atenci\u00f3n en residencias de ancianos sigue aumentando; muchas residencias de ancianos de Nueva York cuestan m\u00e1s de 100.000 d\u00f3lares al a\u00f1o. La planificaci\u00f3n de los cuidados a largo plazo es un aspecto importante de la protecci\u00f3n de activos. Nuestro bufete de abogados brinda a los clientes servicios espec\u00edficos de protecci\u00f3n de activos que se enfocan en ayudar a las personas mayores a proteger los ahorros de toda su vida para que no se agoten debido a los costos de atenci\u00f3n a largo plazo. La mayor\u00eda de las compa\u00f1\u00edas de seguros privadas no pagar\u00e1n la atenci\u00f3n a largo plazo, ni tampoco Medicare.<\/p>\n\n\n\n<p>Una de las mejores opciones para pagar la atenci\u00f3n de enfermer\u00eda a largo plazo es calificar para Medicaid. Sin embargo, Medicaid est\u00e1 limitado a aquellos con ingresos y bienes escasos. Una forma de ser elegible para los beneficios de Medicaid sin perder sus activos es crear un fideicomiso irrevocable de protecci\u00f3n de activos de Medicaid y transferir sus activos al fideicomiso. Deber\u00e1 crear el fideicomiso y transferir sus activos al menos cinco a\u00f1os antes de solicitar Medicaid. Cuanto antes empieces a planificar, mejor.<\/p>\n\n\n\n<h3 class=\"wp-block-heading\">No Espere Para Comenzar a Planificar la Protecci\u00f3n de Activos<\/h3>\n\n\n\n<p><span style=\"font-weight: 400\">Muchas personas asumen que esperar\u00e1n hasta necesitar hablar con un abogado para comenzar a planificar la protecci\u00f3n de sus activos. Sin embargo, supongamos que ya se ha presentado una demanda y un juez descubre que usted ha estado transfiriendo sus activos en previsi\u00f3n de un fallo negativo. En ese caso, enfrentar\u00e1 otras posibles consecuencias, incluidos posibles cargos por fraude. El mejor momento para comenzar a proteger sus bienes es ahora, antes de que un acreedor lo demande o lo persiga.\u00a0<\/span><\/p>\n\n\n\n<h4 class=\"wp-block-heading\"><strong>Consulte Hoy Con Un Abogado de Protecci\u00f3n de Activos de Syracuse<\/strong><\/h4>\n\n\n\n<p><span style=\"font-weight: 400\">La protecci\u00f3n de activos puede protegerlo a usted y a sus seres queridos durante generaciones. Los abogados de planificaci\u00f3n patrimonial de CDH Law PLLC se asegurar\u00e1n de que sus activos est\u00e9n protegidos ahora y en el futuro. Nuestro objetivo final es proteger los activos de nuestros clientes de una manera legal, \u00e9tica y efectiva. <a href=\"\/es\/contacto\/\">Cont\u00e1ctenos hoy<\/a> para programar su consulta inicial gratuita y obtener m\u00e1s informaci\u00f3n sobre c\u00f3mo podemos ayudarlo a proteger sus activos.<\/span><\/p>\n","protected":false},"excerpt":{"rendered":"<p>Ha trabajado duro durante toda su vida y ha ahorrado cuidadosamente para su jubilaci\u00f3n. Estados Unidos se ha convertido en una sociedad cada vez m\u00e1s litigiosa y el 90% de los juicios se originan en Estados Unidos. Trabajar con un abogado de protecci\u00f3n de activos es m\u00e1s importante que nunca para proteger la propiedad que&#8230;<\/p>\n","protected":false},"author":17,"featured_media":0,"parent":1390,"menu_order":0,"comment_status":"closed","ping_status":"closed","template":"","meta":{"_acf_changed":false,"footnotes":""},"tags":[],"class_list":["post-1668","page","type-page","status-publish","hentry"],"acf":[],"yoast_head":"<!-- This site is optimized with the Yoast SEO plugin v27.3 - https:\/\/yoast.com\/product\/yoast-seo-wordpress\/ -->\n<title>Abogado de Protecci\u00f3n de Activos de El Centro de Nueva York<\/title>\n<meta name=\"description\" content=\"Si necesita ayuda para crear un plan de protecci\u00f3n de activos, comun\u00edquese con nuestra oficina hoy para programar una consulta.\" \/>\n<meta name=\"robots\" content=\"index, follow, max-snippet:-1, max-image-preview:large, max-video-preview:-1\" \/>\n<link rel=\"canonical\" href=\"https:\/\/lawcdh.com\/es\/areas-de-practica\/planificacion-patrimonial\/proteccion-de-activos\/\" \/>\n<meta property=\"og:locale\" content=\"es_MX\" \/>\n<meta property=\"og:type\" content=\"article\" \/>\n<meta property=\"og:title\" content=\"Abogado de Protecci\u00f3n de Activos de El Centro de Nueva York\" \/>\n<meta property=\"og:description\" content=\"Si necesita ayuda para crear un plan de protecci\u00f3n de activos, comun\u00edquese con nuestra oficina hoy para programar una consulta.\" \/>\n<meta property=\"og:url\" content=\"https:\/\/lawcdh.com\/es\/areas-de-practica\/planificacion-patrimonial\/proteccion-de-activos\/\" \/>\n<meta property=\"og:site_name\" content=\"CDH Law PLLC ES\" \/>\n<meta property=\"article:modified_time\" content=\"2024-02-01T15:38:44+00:00\" \/>\n<meta name=\"twitter:card\" content=\"summary_large_image\" \/>\n<meta name=\"twitter:label1\" content=\"Est. reading time\" \/>\n\t<meta name=\"twitter:data1\" content=\"6 minutos\" \/>\n<script type=\"application\/ld+json\" class=\"yoast-schema-graph\">{\"@context\":\"https:\\\/\\\/schema.org\",\"@graph\":[{\"@type\":\"WebPage\",\"@id\":\"https:\\\/\\\/lawcdh.com\\\/es\\\/areas-de-practica\\\/planificacion-patrimonial\\\/proteccion-de-activos\\\/\",\"url\":\"https:\\\/\\\/lawcdh.com\\\/es\\\/areas-de-practica\\\/planificacion-patrimonial\\\/proteccion-de-activos\\\/\",\"name\":\"Abogado de Protecci\u00f3n de Activos de El Centro de Nueva York\",\"isPartOf\":{\"@id\":\"https:\\\/\\\/lawcdh.com\\\/es\\\/#website\"},\"datePublished\":\"2021-08-09T18:53:53+00:00\",\"dateModified\":\"2024-02-01T15:38:44+00:00\",\"description\":\"Si necesita ayuda para crear un plan de protecci\u00f3n de activos, comun\u00edquese con nuestra oficina hoy para programar una consulta.\",\"breadcrumb\":{\"@id\":\"https:\\\/\\\/lawcdh.com\\\/es\\\/areas-de-practica\\\/planificacion-patrimonial\\\/proteccion-de-activos\\\/#breadcrumb\"},\"inLanguage\":\"es\",\"potentialAction\":[{\"@type\":\"ReadAction\",\"target\":[\"https:\\\/\\\/lawcdh.com\\\/es\\\/areas-de-practica\\\/planificacion-patrimonial\\\/proteccion-de-activos\\\/\"]}]},{\"@type\":\"BreadcrumbList\",\"@id\":\"https:\\\/\\\/lawcdh.com\\\/es\\\/areas-de-practica\\\/planificacion-patrimonial\\\/proteccion-de-activos\\\/#breadcrumb\",\"itemListElement\":[{\"@type\":\"ListItem\",\"position\":1,\"name\":\"Home\",\"item\":\"https:\\\/\\\/lawcdh.com\\\/es\\\/\"},{\"@type\":\"ListItem\",\"position\":2,\"name\":\"\u00c1reas de Pr\u00e1ctica\",\"item\":\"https:\\\/\\\/lawcdh.com\\\/es\\\/areas-de-practica\\\/\"},{\"@type\":\"ListItem\",\"position\":3,\"name\":\"Planificaci\u00f3n Patrimonial\",\"item\":\"https:\\\/\\\/lawcdh.com\\\/es\\\/areas-de-practica\\\/planificacion-patrimonial\\\/\"},{\"@type\":\"ListItem\",\"position\":4,\"name\":\"Protecci\u00f3n de Activos\"}]},{\"@type\":\"WebSite\",\"@id\":\"https:\\\/\\\/lawcdh.com\\\/es\\\/#website\",\"url\":\"https:\\\/\\\/lawcdh.com\\\/es\\\/\",\"name\":\"CDH Law PLLC ES\",\"description\":\"\",\"potentialAction\":[{\"@type\":\"SearchAction\",\"target\":{\"@type\":\"EntryPoint\",\"urlTemplate\":\"https:\\\/\\\/lawcdh.com\\\/es\\\/?s={search_term_string}\"},\"query-input\":{\"@type\":\"PropertyValueSpecification\",\"valueRequired\":true,\"valueName\":\"search_term_string\"}}],\"inLanguage\":\"es\"}]}<\/script>\n<!-- \/ Yoast SEO plugin. -->","yoast_head_json":{"title":"Abogado de Protecci\u00f3n de Activos de El Centro de Nueva York","description":"Si necesita ayuda para crear un plan de protecci\u00f3n de activos, comun\u00edquese con nuestra oficina hoy para programar una consulta.","robots":{"index":"index","follow":"follow","max-snippet":"max-snippet:-1","max-image-preview":"max-image-preview:large","max-video-preview":"max-video-preview:-1"},"canonical":"https:\/\/lawcdh.com\/es\/areas-de-practica\/planificacion-patrimonial\/proteccion-de-activos\/","og_locale":"es_MX","og_type":"article","og_title":"Abogado de Protecci\u00f3n de Activos de El Centro de Nueva York","og_description":"Si necesita ayuda para crear un plan de protecci\u00f3n de activos, comun\u00edquese con nuestra oficina hoy para programar una consulta.","og_url":"https:\/\/lawcdh.com\/es\/areas-de-practica\/planificacion-patrimonial\/proteccion-de-activos\/","og_site_name":"CDH Law PLLC ES","article_modified_time":"2024-02-01T15:38:44+00:00","twitter_card":"summary_large_image","twitter_misc":{"Est. reading time":"6 minutos"},"schema":{"@context":"https:\/\/schema.org","@graph":[{"@type":"WebPage","@id":"https:\/\/lawcdh.com\/es\/areas-de-practica\/planificacion-patrimonial\/proteccion-de-activos\/","url":"https:\/\/lawcdh.com\/es\/areas-de-practica\/planificacion-patrimonial\/proteccion-de-activos\/","name":"Abogado de Protecci\u00f3n de Activos de El Centro de Nueva York","isPartOf":{"@id":"https:\/\/lawcdh.com\/es\/#website"},"datePublished":"2021-08-09T18:53:53+00:00","dateModified":"2024-02-01T15:38:44+00:00","description":"Si necesita ayuda para crear un plan de protecci\u00f3n de activos, comun\u00edquese con nuestra oficina hoy para programar una consulta.","breadcrumb":{"@id":"https:\/\/lawcdh.com\/es\/areas-de-practica\/planificacion-patrimonial\/proteccion-de-activos\/#breadcrumb"},"inLanguage":"es","potentialAction":[{"@type":"ReadAction","target":["https:\/\/lawcdh.com\/es\/areas-de-practica\/planificacion-patrimonial\/proteccion-de-activos\/"]}]},{"@type":"BreadcrumbList","@id":"https:\/\/lawcdh.com\/es\/areas-de-practica\/planificacion-patrimonial\/proteccion-de-activos\/#breadcrumb","itemListElement":[{"@type":"ListItem","position":1,"name":"Home","item":"https:\/\/lawcdh.com\/es\/"},{"@type":"ListItem","position":2,"name":"\u00c1reas de Pr\u00e1ctica","item":"https:\/\/lawcdh.com\/es\/areas-de-practica\/"},{"@type":"ListItem","position":3,"name":"Planificaci\u00f3n Patrimonial","item":"https:\/\/lawcdh.com\/es\/areas-de-practica\/planificacion-patrimonial\/"},{"@type":"ListItem","position":4,"name":"Protecci\u00f3n de Activos"}]},{"@type":"WebSite","@id":"https:\/\/lawcdh.com\/es\/#website","url":"https:\/\/lawcdh.com\/es\/","name":"CDH Law PLLC ES","description":"","potentialAction":[{"@type":"SearchAction","target":{"@type":"EntryPoint","urlTemplate":"https:\/\/lawcdh.com\/es\/?s={search_term_string}"},"query-input":{"@type":"PropertyValueSpecification","valueRequired":true,"valueName":"search_term_string"}}],"inLanguage":"es"}]}},"_links":{"self":[{"href":"https:\/\/lawcdh.com\/es\/wp-json\/wp\/v2\/pages\/1668","targetHints":{"allow":["GET"]}}],"collection":[{"href":"https:\/\/lawcdh.com\/es\/wp-json\/wp\/v2\/pages"}],"about":[{"href":"https:\/\/lawcdh.com\/es\/wp-json\/wp\/v2\/types\/page"}],"author":[{"embeddable":true,"href":"https:\/\/lawcdh.com\/es\/wp-json\/wp\/v2\/users\/17"}],"replies":[{"embeddable":true,"href":"https:\/\/lawcdh.com\/es\/wp-json\/wp\/v2\/comments?post=1668"}],"version-history":[{"count":0,"href":"https:\/\/lawcdh.com\/es\/wp-json\/wp\/v2\/pages\/1668\/revisions"}],"up":[{"embeddable":true,"href":"https:\/\/lawcdh.com\/es\/wp-json\/wp\/v2\/pages\/1390"}],"wp:attachment":[{"href":"https:\/\/lawcdh.com\/es\/wp-json\/wp\/v2\/media?parent=1668"}],"wp:term":[{"taxonomy":"post_tag","embeddable":true,"href":"https:\/\/lawcdh.com\/es\/wp-json\/wp\/v2\/tags?post=1668"}],"curies":[{"name":"wp","href":"https:\/\/api.w.org\/{rel}","templated":true}]}}