{"id":1685,"date":"2021-09-13T19:52:38","date_gmt":"2021-09-13T19:52:38","guid":{"rendered":"https:\/\/lawcdh.com\/?page_id=1685"},"modified":"2024-02-01T15:42:37","modified_gmt":"2024-02-01T15:42:37","slug":"planificacion-de-incapacidad","status":"publish","type":"page","link":"https:\/\/lawcdh.com\/es\/areas-de-practica\/planificacion-patrimonial\/planificacion-de-incapacidad\/","title":{"rendered":"Planificaci\u00f3n de Incapacidad"},"content":{"rendered":"\n<p><span style=\"font-weight: 400\">La planificaci\u00f3n de la incapacidad es un aspecto crucial de la planificaci\u00f3n patrimonial. Si queda incapacitado, es importante estar preparado. Sin prepararse para la incapacidad, sus bienes y su futuro financiero podr\u00edan estar en peligro. Planificar los costos de atenci\u00f3n m\u00e9dica a largo plazo y la incapacidad puede ayudarlo a proteger sus bienes y los de sus seres queridos. Todo plan patrimonial integral debe incluir un plan de incapacidad s\u00f3lido.<\/span><\/p>\n\n\n\n<h2 class=\"wp-block-heading\" id=\"consultar-con-un-abogado-de-planificacion-de-la-incapacidad\">Consultar Con Un Abogado de Planificaci\u00f3n de la Incapacidad<\/h2>\n\n\n\n<p><span style=\"font-weight: 400\">Nadie espera quedar incapacitado y es f\u00e1cil posponer la planificaci\u00f3n de la incapacidad con nuestras vidas ocupadas. Sin embargo, cada a\u00f1o innumerables personas se ven incapaces de gestionar sus asuntos debido a una incapacidad o una enfermedad. Los <a href=\"https:\/\/lawcdh.com\/es\/areas-de-practica\/planificacion-patrimonial\/\">abogados de planificaci\u00f3n patrimonial de CDH Law PLLC<\/a> han ayudado a muchos clientes en el \u00e1rea metropolitana de Syracuse a prepararse para la incapacidad. Comun\u00edquese con CDH Law PLLC hoy para programar su consulta inicial y obtener m\u00e1s informaci\u00f3n sobre nuestros servicios de planificaci\u00f3n de incapacidad.<\/span><\/p>\n\n\n\n<h3 class=\"wp-block-heading\">La Importancia de la Planificaci\u00f3n de la Incapacidad<\/h3>\n\n\n\n<p>La incapacidad puede ocurrirle en cualquier momento a cualquiera de nosotros. Los accidentes automovil\u00edsticos, las enfermedades y las enfermedades degenerativas pueden hacer que las personas sean incapaces de tomar decisiones por s\u00ed mismas. La planificaci\u00f3n de la incapacidad es esencial para todos, pero es vital para las personas con antecedentes familiares de enfermedad de Alzheimer y demencia. Estos diagn\u00f3sticos m\u00e9dicos podr\u00edan resultar en una falta de capacidad mental para gestionar los asuntos de una persona.<\/p>\n\n\n\n<p>Cuando un ser querido queda incapacitado, las consecuencias pueden ser emocionalmente devastadoras. Cuando los familiares no conocen las preferencias de su ser querido, es posible que no sepan c\u00f3mo proceder. Adem\u00e1s, las responsabilidades diarias de cuidado pueden ser emocionalmente agotadoras. Preocuparse por los tr\u00e1mites legales despu\u00e9s de una lesi\u00f3n puede ser un desaf\u00edo. Sin un plan establecido, los miembros de su familia deber\u00e1n pasar por un proceso judicial para obtener la tutela o curatela para cuidar de usted y tomar decisiones por usted. Este proceso agregar\u00e1 estr\u00e9s financiero y emocional en un momento que ya es emocionalmente dif\u00edcil.<\/p>\n\n\n\n<h3 class=\"wp-block-heading\">Un Poder Notarial de Atenci\u00f3n M\u00e9dica<\/h3>\n\n\n\n<p><span style=\"font-weight: 400\">Uno de los documentos legales m\u00e1s importantes que puede tener para protegerse en caso de incapacidad es una directiva anticipada de atenci\u00f3n m\u00e9dica. Este tipo de documento legal proporcionar\u00e1 a sus m\u00e9dicos instrucciones sobre qu\u00e9 tipo de decisiones m\u00e9dicas le gustar\u00eda que tomaran en una situaci\u00f3n al final de la vida. Tambi\u00e9n puede designar a un agente de atenci\u00f3n m\u00e9dica para que tome decisiones m\u00e9dicas por usted en caso de que quede incapacitado. El estado de Nueva York reconoce los siguientes cinco tipos de directivas anticipadas:<\/span><\/p>\n\n\n\n<ul class=\"wp-block-list\">\n<li>El poder de atenci\u00f3n m\u00e9dica le permite designar a un agente de atenci\u00f3n m\u00e9dica para que tome decisiones m\u00e9dicas por usted si usted no puede tomar decisiones por s\u00ed mismo.<\/li>\n\n\n\n<li>El testamento vital le permite explicar sus deseos de atenci\u00f3n m\u00e9dica y dejar instrucciones escritas, especialmente sobre los cuidados al final de la vida.<\/li>\n\n\n\n<li>El testamento vital combinado con un poder de atenci\u00f3n m\u00e9dica le permitir\u00e1 expresar sus deseos de atenci\u00f3n m\u00e9dica y seleccionar un agente de atenci\u00f3n m\u00e9dica para tomar decisiones en su nombre.<\/li>\n\n\n\n<li>La orden de no reanimaci\u00f3n (DNR) le permitir\u00e1 optar por prescindir de la RCP si su respiraci\u00f3n o sus latidos card\u00edacos se detienen.<\/li>\n\n\n\n<li>El formulario de \u00d3rdenes m\u00e9dicas para tratamientos de soporte vital (MOLST) es una forma de documentar las preferencias de tratamiento m\u00e9dico de un paciente con respecto al tratamiento de soporte vital.<\/li>\n<\/ul>\n\n\n\n<h3 class=\"wp-block-heading\">Un Poder Notarial Duradero<\/h3>\n\n\n\n<p><span style=\"font-weight: 400\">Crear un poder notarial duradero le ayudar\u00e1 a planificar eficazmente la incapacidad de varias maneras diferentes. Cuando crea un poder notarial duradero, designar\u00e1 a un agente que tomar\u00e1 decisiones financieras en su nombre en caso de que quede incapacitado. A diferencia de un poder notarial de atenci\u00f3n m\u00e9dica, un poder notarial duradero rige sus asuntos financieros, no sus asuntos m\u00e9dicos. Seleccionar un agente para que act\u00fae como su poder notarial duradero le ayudar\u00e1 de las siguientes maneras:<\/span><\/p>\n\n\n\n<ul class=\"wp-block-list\">\n<li>Designar a alguien para que administre sus asuntos financieros si usted no puede hacerlo<\/li>\n\n\n\n<li>El poder notarial duradero entrar\u00e1 en vigor una vez que lo firme<\/li>\n\n\n\n<li>El poder notarial duradero no ser\u00e1 efectivo despu\u00e9s de su fallecimiento<\/li>\n\n\n\n<li>El poder notarial duradero ayudar\u00e1 a sus seres queridos a evitar tener que pasar por el proceso de tutela<\/li>\n<\/ul>\n\n\n\n<p><span style=\"font-weight: 400\">Designar un poder notarial duradero le permitir\u00e1 a su agente intervenir y tomar decisiones cr\u00edticas por usted de inmediato. Su agente podr\u00e1 pagar sus facturas y administrar sus inversiones por usted.<\/span><\/p>\n\n\n\n<h3 class=\"wp-block-heading\">Un Fideicomiso en Vida Revocable<\/h3>\n\n\n\n<p><span style=\"font-weight: 400\">Los fideicomisos en vida revocables son una de las herramientas m\u00e1s eficaces para la planificaci\u00f3n de la incapacidad. Cuando crea un fideicomiso en vida revocable, a\u00fan puede conservar el control sobre los activos que transfiere al fideicomiso. Si queda incapacitado, los bienes que haya trasladado al fideicomiso estar\u00e1n protegidos. Puede nombrar un fideicomisario sucesor despu\u00e9s de su fallecimiento, quien administrar\u00e1 los activos del fideicomiso en beneficio de los beneficiarios. Un fideicomiso en vida revocable le permitir\u00e1 asegurarse de que sus facturas se paguen y sus activos est\u00e9n protegidos de los acreedores y se administren de manera efectiva mientras estuvo incapacitado.<\/span><\/p>\n\n\n\n<h3 class=\"wp-block-heading\">Planificaci\u00f3n de Medicaid en Syracuse<\/h3>\n\n\n\n<p><span style=\"font-weight: 400\">La planificaci\u00f3n del pago de los cuidados a largo plazo es un aspecto crucial de la planificaci\u00f3n de la incapacidad. Muchos residentes de Nueva York no pueden pagar las costosas tarifas de los hogares de ancianos, especialmente cuando muchos hogares de ancianos cobran m\u00e1s de $8,000 por mes. En CDH Law PLLC, nuestros abogados de planificaci\u00f3n de incapacidad pueden ayudarlo a crear un plan para calificar para los beneficios de Medicaid que cubrir\u00e1 los gastos de su hogar de ancianos.<\/span><\/p>\n\n\n\n<h3 class=\"wp-block-heading\">Planificaci\u00f3n de Incapacidad Para Peque\u00f1as Empresas<\/h3>\n\n\n\n<p>\u00bfSi es usted un peque\u00f1o negocio? Si es as\u00ed, la planificaci\u00f3n por incapacidad es esencial para el futuro de su negocio y el futuro financiero de su familia. Su familia podr\u00e1 consultar el plan de incapacidad en caso de emergencia. Su plan de incapacidad debe discutir las estrategias a corto y largo plazo. A corto plazo, su plan puede identificar c\u00f3mo notificar a acreedores, proveedores y clientes.<\/p>\n\n\n\n<p>Tambi\u00e9n puede priorizar qu\u00e9 acciones debe tomar su empleado y qui\u00e9n estar\u00e1 a cargo a corto plazo y a largo plazo si usted queda incapacitado. El plan de incapacidad tambi\u00e9n debe definir la relaci\u00f3n entre los miembros de la familia, los empleados de la empresa, los fideicomisarios del patrimonio y cualquier otra persona involucrada en la venta o la operaci\u00f3n continua de la empresa.<\/p>\n\n\n\n<h4 class=\"wp-block-heading\"><strong>P\u00f3ngase en Contacto Con Un Abogado de Planificaci\u00f3n Patrimonial de Syracuse Hoy<\/strong><\/h4>\n\n\n\n<p><span style=\"font-weight: 400\">\u00bfLe gustar\u00eda trabajar en una estrategia de planificaci\u00f3n de incapacidad o proteger a\u00fan m\u00e1s sus activos de los gastos de cuidados a largo plazo? Si es as\u00ed, necesita un abogado experimentado de su lado. La incapacidad puede ocurrir cuando menos lo esperamos y ninguno de nosotros puede controlar el futuro. En CDH Law PLLC, nuestros abogados de planificaci\u00f3n patrimonial pueden ayudarlo a implementar un plan de incapacidad que proteger\u00e1 sus bienes y a su familia cuando sea necesario. <a href=\"\/es\/contacto\/\">Cont\u00e1ctenos lo antes posible para discutir la creaci\u00f3n de un plan de incapacidad<\/a>.<\/span><\/p>\n","protected":false},"excerpt":{"rendered":"<p>La planificaci\u00f3n de la incapacidad es un aspecto crucial de la planificaci\u00f3n patrimonial. Si queda incapacitado, es importante estar preparado. Sin prepararse para la incapacidad, sus bienes y su futuro financiero podr\u00edan estar en peligro. Planificar los costos de atenci\u00f3n m\u00e9dica a largo plazo y la incapacidad puede ayudarlo a proteger sus bienes y los&#8230;<\/p>\n","protected":false},"author":17,"featured_media":0,"parent":1390,"menu_order":0,"comment_status":"closed","ping_status":"closed","template":"","meta":{"_acf_changed":false,"footnotes":""},"tags":[],"class_list":["post-1685","page","type-page","status-publish","hentry"],"acf":[],"yoast_head":"<!-- This site is optimized with the Yoast SEO plugin v27.4 - https:\/\/yoast.com\/product\/yoast-seo-wordpress\/ -->\n<title>Abogado de Planificaci\u00f3n de Incapacidad en Centro de Nueva York<\/title>\n<meta name=\"description\" content=\"Si necesita ayuda con la planificaci\u00f3n de incapacidad en su plan patrimonial, comun\u00edquese con nuestro abogado de planificaci\u00f3n patrimonial.\" \/>\n<meta name=\"robots\" content=\"index, follow, max-snippet:-1, max-image-preview:large, max-video-preview:-1\" \/>\n<link rel=\"canonical\" href=\"https:\/\/lawcdh.com\/es\/areas-de-practica\/planificacion-patrimonial\/planificacion-de-incapacidad\/\" \/>\n<meta property=\"og:locale\" content=\"es_MX\" \/>\n<meta property=\"og:type\" content=\"article\" \/>\n<meta property=\"og:title\" content=\"Abogado de Planificaci\u00f3n de Incapacidad en Centro de Nueva York\" \/>\n<meta property=\"og:description\" content=\"Si necesita ayuda con la planificaci\u00f3n de incapacidad en su plan patrimonial, comun\u00edquese con nuestro abogado de planificaci\u00f3n patrimonial.\" \/>\n<meta property=\"og:url\" content=\"https:\/\/lawcdh.com\/es\/areas-de-practica\/planificacion-patrimonial\/planificacion-de-incapacidad\/\" \/>\n<meta property=\"og:site_name\" content=\"CDH Law PLLC ES\" \/>\n<meta property=\"article:modified_time\" content=\"2024-02-01T15:42:37+00:00\" \/>\n<meta name=\"twitter:card\" content=\"summary_large_image\" \/>\n<meta name=\"twitter:label1\" content=\"Est. reading time\" \/>\n\t<meta name=\"twitter:data1\" content=\"6 minutos\" \/>\n<script type=\"application\/ld+json\" class=\"yoast-schema-graph\">{\"@context\":\"https:\\\/\\\/schema.org\",\"@graph\":[{\"@type\":\"WebPage\",\"@id\":\"https:\\\/\\\/lawcdh.com\\\/es\\\/areas-de-practica\\\/planificacion-patrimonial\\\/planificacion-de-incapacidad\\\/\",\"url\":\"https:\\\/\\\/lawcdh.com\\\/es\\\/areas-de-practica\\\/planificacion-patrimonial\\\/planificacion-de-incapacidad\\\/\",\"name\":\"Abogado de Planificaci\u00f3n de Incapacidad en Centro de Nueva York\",\"isPartOf\":{\"@id\":\"https:\\\/\\\/lawcdh.com\\\/es\\\/#website\"},\"datePublished\":\"2021-09-13T19:52:38+00:00\",\"dateModified\":\"2024-02-01T15:42:37+00:00\",\"description\":\"Si necesita ayuda con la planificaci\u00f3n de incapacidad en su plan patrimonial, comun\u00edquese con nuestro abogado de planificaci\u00f3n patrimonial.\",\"breadcrumb\":{\"@id\":\"https:\\\/\\\/lawcdh.com\\\/es\\\/areas-de-practica\\\/planificacion-patrimonial\\\/planificacion-de-incapacidad\\\/#breadcrumb\"},\"inLanguage\":\"es\",\"potentialAction\":[{\"@type\":\"ReadAction\",\"target\":[\"https:\\\/\\\/lawcdh.com\\\/es\\\/areas-de-practica\\\/planificacion-patrimonial\\\/planificacion-de-incapacidad\\\/\"]}]},{\"@type\":\"BreadcrumbList\",\"@id\":\"https:\\\/\\\/lawcdh.com\\\/es\\\/areas-de-practica\\\/planificacion-patrimonial\\\/planificacion-de-incapacidad\\\/#breadcrumb\",\"itemListElement\":[{\"@type\":\"ListItem\",\"position\":1,\"name\":\"Home\",\"item\":\"https:\\\/\\\/lawcdh.com\\\/es\\\/\"},{\"@type\":\"ListItem\",\"position\":2,\"name\":\"\u00c1reas de Pr\u00e1ctica\",\"item\":\"https:\\\/\\\/lawcdh.com\\\/es\\\/areas-de-practica\\\/\"},{\"@type\":\"ListItem\",\"position\":3,\"name\":\"Planificaci\u00f3n Patrimonial\",\"item\":\"https:\\\/\\\/lawcdh.com\\\/es\\\/areas-de-practica\\\/planificacion-patrimonial\\\/\"},{\"@type\":\"ListItem\",\"position\":4,\"name\":\"Planificaci\u00f3n de Incapacidad\"}]},{\"@type\":\"WebSite\",\"@id\":\"https:\\\/\\\/lawcdh.com\\\/es\\\/#website\",\"url\":\"https:\\\/\\\/lawcdh.com\\\/es\\\/\",\"name\":\"CDH Law PLLC ES\",\"description\":\"\",\"potentialAction\":[{\"@type\":\"SearchAction\",\"target\":{\"@type\":\"EntryPoint\",\"urlTemplate\":\"https:\\\/\\\/lawcdh.com\\\/es\\\/?s={search_term_string}\"},\"query-input\":{\"@type\":\"PropertyValueSpecification\",\"valueRequired\":true,\"valueName\":\"search_term_string\"}}],\"inLanguage\":\"es\"}]}<\/script>\n<!-- \/ Yoast SEO plugin. -->","yoast_head_json":{"title":"Abogado de Planificaci\u00f3n de Incapacidad en Centro de Nueva York","description":"Si necesita ayuda con la planificaci\u00f3n de incapacidad en su plan patrimonial, comun\u00edquese con nuestro abogado de planificaci\u00f3n patrimonial.","robots":{"index":"index","follow":"follow","max-snippet":"max-snippet:-1","max-image-preview":"max-image-preview:large","max-video-preview":"max-video-preview:-1"},"canonical":"https:\/\/lawcdh.com\/es\/areas-de-practica\/planificacion-patrimonial\/planificacion-de-incapacidad\/","og_locale":"es_MX","og_type":"article","og_title":"Abogado de Planificaci\u00f3n de Incapacidad en Centro de Nueva York","og_description":"Si necesita ayuda con la planificaci\u00f3n de incapacidad en su plan patrimonial, comun\u00edquese con nuestro abogado de planificaci\u00f3n patrimonial.","og_url":"https:\/\/lawcdh.com\/es\/areas-de-practica\/planificacion-patrimonial\/planificacion-de-incapacidad\/","og_site_name":"CDH Law PLLC ES","article_modified_time":"2024-02-01T15:42:37+00:00","twitter_card":"summary_large_image","twitter_misc":{"Est. reading time":"6 minutos"},"schema":{"@context":"https:\/\/schema.org","@graph":[{"@type":"WebPage","@id":"https:\/\/lawcdh.com\/es\/areas-de-practica\/planificacion-patrimonial\/planificacion-de-incapacidad\/","url":"https:\/\/lawcdh.com\/es\/areas-de-practica\/planificacion-patrimonial\/planificacion-de-incapacidad\/","name":"Abogado de Planificaci\u00f3n de Incapacidad en Centro de Nueva York","isPartOf":{"@id":"https:\/\/lawcdh.com\/es\/#website"},"datePublished":"2021-09-13T19:52:38+00:00","dateModified":"2024-02-01T15:42:37+00:00","description":"Si necesita ayuda con la planificaci\u00f3n de incapacidad en su plan patrimonial, comun\u00edquese con nuestro abogado de planificaci\u00f3n patrimonial.","breadcrumb":{"@id":"https:\/\/lawcdh.com\/es\/areas-de-practica\/planificacion-patrimonial\/planificacion-de-incapacidad\/#breadcrumb"},"inLanguage":"es","potentialAction":[{"@type":"ReadAction","target":["https:\/\/lawcdh.com\/es\/areas-de-practica\/planificacion-patrimonial\/planificacion-de-incapacidad\/"]}]},{"@type":"BreadcrumbList","@id":"https:\/\/lawcdh.com\/es\/areas-de-practica\/planificacion-patrimonial\/planificacion-de-incapacidad\/#breadcrumb","itemListElement":[{"@type":"ListItem","position":1,"name":"Home","item":"https:\/\/lawcdh.com\/es\/"},{"@type":"ListItem","position":2,"name":"\u00c1reas de Pr\u00e1ctica","item":"https:\/\/lawcdh.com\/es\/areas-de-practica\/"},{"@type":"ListItem","position":3,"name":"Planificaci\u00f3n Patrimonial","item":"https:\/\/lawcdh.com\/es\/areas-de-practica\/planificacion-patrimonial\/"},{"@type":"ListItem","position":4,"name":"Planificaci\u00f3n de Incapacidad"}]},{"@type":"WebSite","@id":"https:\/\/lawcdh.com\/es\/#website","url":"https:\/\/lawcdh.com\/es\/","name":"CDH Law PLLC ES","description":"","potentialAction":[{"@type":"SearchAction","target":{"@type":"EntryPoint","urlTemplate":"https:\/\/lawcdh.com\/es\/?s={search_term_string}"},"query-input":{"@type":"PropertyValueSpecification","valueRequired":true,"valueName":"search_term_string"}}],"inLanguage":"es"}]}},"_links":{"self":[{"href":"https:\/\/lawcdh.com\/es\/wp-json\/wp\/v2\/pages\/1685","targetHints":{"allow":["GET"]}}],"collection":[{"href":"https:\/\/lawcdh.com\/es\/wp-json\/wp\/v2\/pages"}],"about":[{"href":"https:\/\/lawcdh.com\/es\/wp-json\/wp\/v2\/types\/page"}],"author":[{"embeddable":true,"href":"https:\/\/lawcdh.com\/es\/wp-json\/wp\/v2\/users\/17"}],"replies":[{"embeddable":true,"href":"https:\/\/lawcdh.com\/es\/wp-json\/wp\/v2\/comments?post=1685"}],"version-history":[{"count":0,"href":"https:\/\/lawcdh.com\/es\/wp-json\/wp\/v2\/pages\/1685\/revisions"}],"up":[{"embeddable":true,"href":"https:\/\/lawcdh.com\/es\/wp-json\/wp\/v2\/pages\/1390"}],"wp:attachment":[{"href":"https:\/\/lawcdh.com\/es\/wp-json\/wp\/v2\/media?parent=1685"}],"wp:term":[{"taxonomy":"post_tag","embeddable":true,"href":"https:\/\/lawcdh.com\/es\/wp-json\/wp\/v2\/tags?post=1685"}],"curies":[{"name":"wp","href":"https:\/\/api.w.org\/{rel}","templated":true}]}}