{"id":1760,"date":"2021-11-16T17:49:57","date_gmt":"2021-11-16T17:49:57","guid":{"rendered":"https:\/\/lawcdh.com\/?page_id=1760"},"modified":"2024-02-01T15:10:57","modified_gmt":"2024-02-01T15:10:57","slug":"modificacion-de-la-custodia-de-los-hijos","status":"publish","type":"page","link":"https:\/\/lawcdh.com\/es\/areas-de-practica\/ley-familiar\/custodia-del-nino\/modificacion-de-la-custodia-de-los-hijos\/","title":{"rendered":"Modificaci\u00f3n de la Custodia de Los Hijos"},"content":{"rendered":"\n<p>Ya sea que sea nuevo en la crianza compartida, est\u00e9 pasando por un <a href=\"https:\/\/lawcdh.com\/es\/areas-de-practica\/ley-familiar\/divorcio\/\">divorcio<\/a> o haya experimentado un cambio de vida, es posible que se pregunte c\u00f3mo modificar su acuerdo de custodia infantil. En Nueva York, su orden de custodia de los hijos original del tribunal es un documento legal vinculante. Debe seguir el acuerdo de custodia de los hijos a menos que el tribunal le permita modificar el acuerdo. Si bien es posible modificar la custodia de los hijos, el proceso puede resultar dif\u00edcil sin un abogado experimentado a su lado.<\/p>\n\n\n\n<h2 class=\"wp-block-heading\" id=\"pongase-en-contacto-con-un-abogado-de-modificacion-de-custodia-infantil-hoy\">P\u00f3ngase en Contacto Con Un Abogado de Modificaci\u00f3n de Custodia Infantil Hoy<\/h2>\n\n\n\n<p><span style=\"font-weight: 400\">En <a href=\"https:\/\/lawcdh.com\/es\/\">CDH Law PLLC<\/a>, nuestro equipo legal comprende lo dif\u00edcil que puede ser comprender que su hijo est\u00e1 en peligro o no vive en un ambiente saludable y seguro. Tambi\u00e9n entendemos lo que es sufrir un cambio sustancial que requiere una modificaci\u00f3n de su acuerdo de manutenci\u00f3n infantil. Nuestro bufete de abogados de familia con sede en Syracuse tiene d\u00e9cadas de experiencia ayudando a los clientes a lograr los resultados que necesitan para mantener a sus hijos seguros en sus casos. Cuando trabaje con nosotros, usted y su hijo ser\u00e1n nuestra m\u00e1xima prioridad. No dude en comunicarse con CDH Law PLLC para programar su consulta inicial para discutir su caso.<\/span><\/p>\n\n\n\n<h3 class=\"wp-block-heading\">Leyes de Custodia de Menores de Nueva York<\/h3>\n\n\n\n<p><span style=\"font-weight: 400\">Uno de los asuntos m\u00e1s dif\u00edciles de abordar despu\u00e9s de un divorcio es la modificaci\u00f3n de la custodia de los hijos. Cuando un divorcio impugnado resulta en una acalorada batalla por la custodia de los hijos, el tribunal de familia decide qui\u00e9n recibir\u00e1 la custodia en funci\u00f3n de varios factores. A partir de este momento, es posible que se espere o no que el c\u00f3nyuge que no obtiene la custodia pague la manutenci\u00f3n de los hijos. Cuando un padre experimenta un cambio sustancial o no puede cuidar a sus hijos, el otro padre puede solicitar al tribunal que modifique el acuerdo de custodia de los hijos.<\/span><\/p>\n\n\n\n<h3 class=\"wp-block-heading\">Petici\u00f3n de Modificaci\u00f3n de la Custodia de Los Hijos en Nueva York<\/h3>\n\n\n\n<p><span style=\"font-weight: 400\">Si su orden actual de custodia de los hijos ya no le funciona, tiene derecho a solicitar al tribunal que la modifique. Sin embargo, deber\u00e1 probar varios factores para que el tribunal modifique su acuerdo de custodia de los hijos. Deber\u00e1 demostrar que el cambio en el acuerdo es lo mejor para su hijo. Tambi\u00e9n debe demostrar que ha experimentado un cambio sustancial de circunstancias que justifica modificar el acuerdo de custodia. Hay varias razones comunes por las que los padres buscan una modificaci\u00f3n de la custodia de los hijos, entre ellas:<\/span><\/p>\n\n\n\n<ul class=\"wp-block-list\">\n<li>Uno de los padres tiene un problema de abuso de sustancias que pone en peligro la seguridad del ni\u00f1o<\/li>\n\n\n\n<li>Uno de los padres ha cometido actos de violencia dom\u00e9stica.<\/li>\n\n\n\n<li>El entorno familiar de uno de los padres se ha vuelto inestable<\/li>\n\n\n\n<li>Uno de los padres ha desarrollado una condici\u00f3n m\u00e9dica grave.<\/li>\n\n\n\n<li>Uno de los padres est\u00e1 interesado en mudarse con el ni\u00f1o.<\/li>\n\n\n\n<li>El ni\u00f1o mayor de 12 a\u00f1os solicita un cambio.<\/li>\n\n\n\n<li>Uno de los padres ha descuidado o abandonado al ni\u00f1o.<\/li>\n\n\n\n<li>El padre con custodia se muda con frecuencia<\/li>\n\n\n\n<li>El padre con custodia cambia con frecuencia de trabajo o tiene horarios de trabajo impredecibles.<\/li>\n\n\n\n<li>El padre con custodia ha experimentado un cambio significativo en los ingresos.<\/li>\n\n\n\n<li>El padre con custodia rutinariamente no hace que el ni\u00f1o est\u00e9 disponible para visitas con el otro padre.<\/li>\n<\/ul>\n\n\n\n<p><span style=\"font-weight: 400\">En los casos que involucran abuso infantil, modificar el acuerdo de custodia del ni\u00f1o casi seguramente ser\u00e1 lo mejor para el ni\u00f1o, y es probable que un juez haga la modificaci\u00f3n. Independientemente de los problemas que est\u00e9n surgiendo actualmente, es aconsejable discutir su caso con un abogado de custodia infantil; su abogado le ayudar\u00e1 a comprender si es probable que el tribunal considere sustancial el motivo del cambio.<\/span><\/p>\n\n\n\n<h3 class=\"wp-block-heading\"><b>Cambios Sustanciales en Las Circunstancias<\/b><\/h3>\n\n\n\n<p>Para modificar con \u00e9xito un acuerdo de custodia de los hijos, deber\u00e1 demostrar que ha ocurrido un cambio sustancial en las circunstancias. Es poco probable que un tribunal de Nueva York acepte su solicitud de modificar el acuerdo de custodia a menos que demuestre que usted o el otro padre han experimentado un cambio sustancial en las circunstancias.<\/p>\n\n\n\n<p>Tambi\u00e9n deber\u00e1 demostrar que este cambio sustancial ha afectado profundamente la eficacia del acuerdo de custodia de los hijos original que se encuentra en la sentencia de divorcio. Los cambios sustanciales que califican podr\u00edan incluir la p\u00e9rdida del empleo, volver a casarse, conducta criminal o un cambio significativo en el estilo de vida. Tambi\u00e9n es posible que el juez est\u00e9 dispuesto a escuchar solicitudes de ni\u00f1os mayores de 12 a\u00f1os que quisieran pasar m\u00e1s tiempo con uno de sus padres.<\/p>\n\n\n\n<h3 class=\"wp-block-heading\"><b>\u00bfTengo Que Acudir a Los Tribunales Para Modificar El Acuerdo de Custodia?<\/b><\/h3>\n\n\n\n<p>\u00bfQu\u00e9 pasa si usted y su c\u00f3nyuge est\u00e1n de acuerdo con los cambios que les gustar\u00eda hacer? \u00bfA\u00fan necesitas acudir a los tribunales? Acordar mutuamente que es necesario un cambio puede ser \u00fatil, pero es s\u00f3lo una soluci\u00f3n a corto plazo. Es importante comprender las desventajas de los acuerdos de custodia informales. Si su copadre decide volver al acuerdo original de custodia de los hijos, no hay nada que pueda hacer para detenerlo. No tendr\u00e1 capacidad legal para prohibirles abandonar el nuevo acuerdo.<\/p>\n\n\n\n<p>Por esta raz\u00f3n, siempre es mejor para el ni\u00f1o buscar una modificaci\u00f3n de la custodia a trav\u00e9s del sistema judicial. Una vez que el juez haya aprobado el acuerdo de custodia modificado, la nueva orden ser\u00e1 legalmente vinculante. Como resultado, usted tendr\u00e1 derecho a hacer cumplir la orden si el otro padre no cumple con los nuevos t\u00e9rminos. Recuerde, no est\u00e1 obligado a acudir al sistema judicial si usted y el otro padre ya han tomado una decisi\u00f3n, pero hacerlo es la mejor manera de proteger sus derechos legales y los de su hijo.<\/p>\n\n\n\n<h4 class=\"wp-block-heading\"><b>Discuta SU Caso Con Un Abogado de Modificaci\u00f3n de Custodia Infantil de Syracuse<\/b><\/h4>\n\n\n\n<p>Puede presentar una petici\u00f3n para modificar una orden de custodia de los hijos por su cuenta, pero contratar a un abogado con experiencia le ser\u00e1 de gran ayuda. En CDH Law PLLC, nuestros abogados de modificaci\u00f3n de custodia infantil revisar\u00e1n cuidadosamente su caso y le asesorar\u00e1n sobre sus opciones legales. Podemos ayudarlo a solicitar al tribunal que modifique su acuerdo de custodia infantil para su beneficio y el de su hijo. <a href=\"https:\/\/lawcdh.com\/es\/contacto\/\">Comun\u00edquese con CDH Law PLLC hoy<\/a> para programar su consulta inicial con un abogado experto en custodia infantil en Syracuse.<\/p>\n","protected":false},"excerpt":{"rendered":"<p>Ya sea que sea nuevo en la crianza compartida, est\u00e9 pasando por un divorcio o haya experimentado un cambio de vida, es posible que se pregunte c\u00f3mo modificar su acuerdo de custodia infantil. En Nueva York, su orden de custodia de los hijos original del tribunal es un documento legal vinculante. Debe seguir el acuerdo&#8230;<\/p>\n","protected":false},"author":17,"featured_media":2827,"parent":1532,"menu_order":0,"comment_status":"closed","ping_status":"closed","template":"","meta":{"_acf_changed":false,"footnotes":""},"tags":[],"class_list":["post-1760","page","type-page","status-publish","has-post-thumbnail","hentry"],"acf":[],"yoast_head":"<!-- This site is optimized with the Yoast SEO plugin v27.6 - https:\/\/yoast.com\/product\/yoast-seo-wordpress\/ -->\n<title>Abogados de Modificaci\u00f3n de Custodia de Menores de Syracuse<\/title>\n<meta name=\"description\" content=\"Si necesita modificar su orden de custodia infantil, \u00a1comun\u00edquese hoy con nuestro abogado experto en custodia infantil de Syracuse!\" \/>\n<meta name=\"robots\" content=\"index, follow, max-snippet:-1, max-image-preview:large, max-video-preview:-1\" \/>\n<link rel=\"canonical\" href=\"https:\/\/lawcdh.com\/es\/areas-de-practica\/ley-familiar\/custodia-del-nino\/modificacion-de-la-custodia-de-los-hijos\/\" \/>\n<meta property=\"og:locale\" content=\"es_MX\" \/>\n<meta property=\"og:type\" content=\"article\" \/>\n<meta property=\"og:title\" content=\"Abogados de Modificaci\u00f3n de Custodia de Menores de Syracuse\" \/>\n<meta property=\"og:description\" content=\"Si necesita modificar su orden de custodia infantil, \u00a1comun\u00edquese hoy con nuestro abogado experto en custodia infantil de Syracuse!\" \/>\n<meta property=\"og:url\" content=\"https:\/\/lawcdh.com\/es\/areas-de-practica\/ley-familiar\/custodia-del-nino\/modificacion-de-la-custodia-de-los-hijos\/\" \/>\n<meta property=\"og:site_name\" content=\"CDH Law PLLC ES\" \/>\n<meta property=\"article:modified_time\" content=\"2024-02-01T15:10:57+00:00\" \/>\n<meta property=\"og:image\" content=\"https:\/\/lawcdh.com\/es\/wp-content\/uploads\/sites\/2\/2024\/02\/Modificacion-de-la-Custodia-de-Los-Hijos.png\" \/>\n\t<meta property=\"og:image:width\" content=\"730\" \/>\n\t<meta property=\"og:image:height\" content=\"300\" \/>\n\t<meta property=\"og:image:type\" content=\"image\/png\" \/>\n<meta name=\"twitter:card\" content=\"summary_large_image\" \/>\n<meta name=\"twitter:label1\" content=\"Est. reading time\" \/>\n\t<meta name=\"twitter:data1\" content=\"6 minutos\" \/>\n<script type=\"application\/ld+json\" class=\"yoast-schema-graph\">{\"@context\":\"https:\\\/\\\/schema.org\",\"@graph\":[{\"@type\":\"WebPage\",\"@id\":\"https:\\\/\\\/lawcdh.com\\\/es\\\/areas-de-practica\\\/ley-familiar\\\/custodia-del-nino\\\/modificacion-de-la-custodia-de-los-hijos\\\/\",\"url\":\"https:\\\/\\\/lawcdh.com\\\/es\\\/areas-de-practica\\\/ley-familiar\\\/custodia-del-nino\\\/modificacion-de-la-custodia-de-los-hijos\\\/\",\"name\":\"Abogados de Modificaci\u00f3n de Custodia de Menores de Syracuse\",\"isPartOf\":{\"@id\":\"https:\\\/\\\/lawcdh.com\\\/es\\\/#website\"},\"primaryImageOfPage\":{\"@id\":\"https:\\\/\\\/lawcdh.com\\\/es\\\/areas-de-practica\\\/ley-familiar\\\/custodia-del-nino\\\/modificacion-de-la-custodia-de-los-hijos\\\/#primaryimage\"},\"image\":{\"@id\":\"https:\\\/\\\/lawcdh.com\\\/es\\\/areas-de-practica\\\/ley-familiar\\\/custodia-del-nino\\\/modificacion-de-la-custodia-de-los-hijos\\\/#primaryimage\"},\"thumbnailUrl\":\"https:\\\/\\\/lawcdh.com\\\/es\\\/wp-content\\\/uploads\\\/sites\\\/2\\\/2024\\\/02\\\/Modificacion-de-la-Custodia-de-Los-Hijos.png\",\"datePublished\":\"2021-11-16T17:49:57+00:00\",\"dateModified\":\"2024-02-01T15:10:57+00:00\",\"description\":\"Si necesita modificar su orden de custodia infantil, \u00a1comun\u00edquese hoy con nuestro abogado experto en custodia infantil de Syracuse!\",\"breadcrumb\":{\"@id\":\"https:\\\/\\\/lawcdh.com\\\/es\\\/areas-de-practica\\\/ley-familiar\\\/custodia-del-nino\\\/modificacion-de-la-custodia-de-los-hijos\\\/#breadcrumb\"},\"inLanguage\":\"es\",\"potentialAction\":[{\"@type\":\"ReadAction\",\"target\":[\"https:\\\/\\\/lawcdh.com\\\/es\\\/areas-de-practica\\\/ley-familiar\\\/custodia-del-nino\\\/modificacion-de-la-custodia-de-los-hijos\\\/\"]}]},{\"@type\":\"ImageObject\",\"inLanguage\":\"es\",\"@id\":\"https:\\\/\\\/lawcdh.com\\\/es\\\/areas-de-practica\\\/ley-familiar\\\/custodia-del-nino\\\/modificacion-de-la-custodia-de-los-hijos\\\/#primaryimage\",\"url\":\"https:\\\/\\\/lawcdh.com\\\/es\\\/wp-content\\\/uploads\\\/sites\\\/2\\\/2024\\\/02\\\/Modificacion-de-la-Custodia-de-Los-Hijos.png\",\"contentUrl\":\"https:\\\/\\\/lawcdh.com\\\/es\\\/wp-content\\\/uploads\\\/sites\\\/2\\\/2024\\\/02\\\/Modificacion-de-la-Custodia-de-Los-Hijos.png\",\"width\":730,\"height\":300,\"caption\":\"Manos de padre e hijos\"},{\"@type\":\"BreadcrumbList\",\"@id\":\"https:\\\/\\\/lawcdh.com\\\/es\\\/areas-de-practica\\\/ley-familiar\\\/custodia-del-nino\\\/modificacion-de-la-custodia-de-los-hijos\\\/#breadcrumb\",\"itemListElement\":[{\"@type\":\"ListItem\",\"position\":1,\"name\":\"Home\",\"item\":\"https:\\\/\\\/lawcdh.com\\\/es\\\/\"},{\"@type\":\"ListItem\",\"position\":2,\"name\":\"\u00c1reas de Pr\u00e1ctica\",\"item\":\"https:\\\/\\\/lawcdh.com\\\/es\\\/areas-de-practica\\\/\"},{\"@type\":\"ListItem\",\"position\":3,\"name\":\"Ley Familiar\",\"item\":\"https:\\\/\\\/lawcdh.com\\\/es\\\/areas-de-practica\\\/ley-familiar\\\/\"},{\"@type\":\"ListItem\",\"position\":4,\"name\":\"Custodia del Ni\u00f1o\",\"item\":\"https:\\\/\\\/lawcdh.com\\\/es\\\/areas-de-practica\\\/ley-familiar\\\/custodia-del-nino\\\/\"},{\"@type\":\"ListItem\",\"position\":5,\"name\":\"Modificaci\u00f3n de la Custodia de Los Hijos\"}]},{\"@type\":\"WebSite\",\"@id\":\"https:\\\/\\\/lawcdh.com\\\/es\\\/#website\",\"url\":\"https:\\\/\\\/lawcdh.com\\\/es\\\/\",\"name\":\"CDH Law PLLC ES\",\"description\":\"\",\"potentialAction\":[{\"@type\":\"SearchAction\",\"target\":{\"@type\":\"EntryPoint\",\"urlTemplate\":\"https:\\\/\\\/lawcdh.com\\\/es\\\/?s={search_term_string}\"},\"query-input\":{\"@type\":\"PropertyValueSpecification\",\"valueRequired\":true,\"valueName\":\"search_term_string\"}}],\"inLanguage\":\"es\"}]}<\/script>\n<!-- \/ Yoast SEO plugin. -->","yoast_head_json":{"title":"Abogados de Modificaci\u00f3n de Custodia de Menores de Syracuse","description":"Si necesita modificar su orden de custodia infantil, \u00a1comun\u00edquese hoy con nuestro abogado experto en custodia infantil de Syracuse!","robots":{"index":"index","follow":"follow","max-snippet":"max-snippet:-1","max-image-preview":"max-image-preview:large","max-video-preview":"max-video-preview:-1"},"canonical":"https:\/\/lawcdh.com\/es\/areas-de-practica\/ley-familiar\/custodia-del-nino\/modificacion-de-la-custodia-de-los-hijos\/","og_locale":"es_MX","og_type":"article","og_title":"Abogados de Modificaci\u00f3n de Custodia de Menores de Syracuse","og_description":"Si necesita modificar su orden de custodia infantil, \u00a1comun\u00edquese hoy con nuestro abogado experto en custodia infantil de Syracuse!","og_url":"https:\/\/lawcdh.com\/es\/areas-de-practica\/ley-familiar\/custodia-del-nino\/modificacion-de-la-custodia-de-los-hijos\/","og_site_name":"CDH Law PLLC ES","article_modified_time":"2024-02-01T15:10:57+00:00","og_image":[{"width":730,"height":300,"url":"https:\/\/lawcdh.com\/es\/wp-content\/uploads\/sites\/2\/2024\/02\/Modificacion-de-la-Custodia-de-Los-Hijos.png","type":"image\/png"}],"twitter_card":"summary_large_image","twitter_misc":{"Est. reading time":"6 minutos"},"schema":{"@context":"https:\/\/schema.org","@graph":[{"@type":"WebPage","@id":"https:\/\/lawcdh.com\/es\/areas-de-practica\/ley-familiar\/custodia-del-nino\/modificacion-de-la-custodia-de-los-hijos\/","url":"https:\/\/lawcdh.com\/es\/areas-de-practica\/ley-familiar\/custodia-del-nino\/modificacion-de-la-custodia-de-los-hijos\/","name":"Abogados de Modificaci\u00f3n de Custodia de Menores de Syracuse","isPartOf":{"@id":"https:\/\/lawcdh.com\/es\/#website"},"primaryImageOfPage":{"@id":"https:\/\/lawcdh.com\/es\/areas-de-practica\/ley-familiar\/custodia-del-nino\/modificacion-de-la-custodia-de-los-hijos\/#primaryimage"},"image":{"@id":"https:\/\/lawcdh.com\/es\/areas-de-practica\/ley-familiar\/custodia-del-nino\/modificacion-de-la-custodia-de-los-hijos\/#primaryimage"},"thumbnailUrl":"https:\/\/lawcdh.com\/es\/wp-content\/uploads\/sites\/2\/2024\/02\/Modificacion-de-la-Custodia-de-Los-Hijos.png","datePublished":"2021-11-16T17:49:57+00:00","dateModified":"2024-02-01T15:10:57+00:00","description":"Si necesita modificar su orden de custodia infantil, \u00a1comun\u00edquese hoy con nuestro abogado experto en custodia infantil de Syracuse!","breadcrumb":{"@id":"https:\/\/lawcdh.com\/es\/areas-de-practica\/ley-familiar\/custodia-del-nino\/modificacion-de-la-custodia-de-los-hijos\/#breadcrumb"},"inLanguage":"es","potentialAction":[{"@type":"ReadAction","target":["https:\/\/lawcdh.com\/es\/areas-de-practica\/ley-familiar\/custodia-del-nino\/modificacion-de-la-custodia-de-los-hijos\/"]}]},{"@type":"ImageObject","inLanguage":"es","@id":"https:\/\/lawcdh.com\/es\/areas-de-practica\/ley-familiar\/custodia-del-nino\/modificacion-de-la-custodia-de-los-hijos\/#primaryimage","url":"https:\/\/lawcdh.com\/es\/wp-content\/uploads\/sites\/2\/2024\/02\/Modificacion-de-la-Custodia-de-Los-Hijos.png","contentUrl":"https:\/\/lawcdh.com\/es\/wp-content\/uploads\/sites\/2\/2024\/02\/Modificacion-de-la-Custodia-de-Los-Hijos.png","width":730,"height":300,"caption":"Manos de padre e hijos"},{"@type":"BreadcrumbList","@id":"https:\/\/lawcdh.com\/es\/areas-de-practica\/ley-familiar\/custodia-del-nino\/modificacion-de-la-custodia-de-los-hijos\/#breadcrumb","itemListElement":[{"@type":"ListItem","position":1,"name":"Home","item":"https:\/\/lawcdh.com\/es\/"},{"@type":"ListItem","position":2,"name":"\u00c1reas de Pr\u00e1ctica","item":"https:\/\/lawcdh.com\/es\/areas-de-practica\/"},{"@type":"ListItem","position":3,"name":"Ley Familiar","item":"https:\/\/lawcdh.com\/es\/areas-de-practica\/ley-familiar\/"},{"@type":"ListItem","position":4,"name":"Custodia del Ni\u00f1o","item":"https:\/\/lawcdh.com\/es\/areas-de-practica\/ley-familiar\/custodia-del-nino\/"},{"@type":"ListItem","position":5,"name":"Modificaci\u00f3n de la Custodia de Los Hijos"}]},{"@type":"WebSite","@id":"https:\/\/lawcdh.com\/es\/#website","url":"https:\/\/lawcdh.com\/es\/","name":"CDH Law PLLC ES","description":"","potentialAction":[{"@type":"SearchAction","target":{"@type":"EntryPoint","urlTemplate":"https:\/\/lawcdh.com\/es\/?s={search_term_string}"},"query-input":{"@type":"PropertyValueSpecification","valueRequired":true,"valueName":"search_term_string"}}],"inLanguage":"es"}]}},"_links":{"self":[{"href":"https:\/\/lawcdh.com\/es\/wp-json\/wp\/v2\/pages\/1760","targetHints":{"allow":["GET"]}}],"collection":[{"href":"https:\/\/lawcdh.com\/es\/wp-json\/wp\/v2\/pages"}],"about":[{"href":"https:\/\/lawcdh.com\/es\/wp-json\/wp\/v2\/types\/page"}],"author":[{"embeddable":true,"href":"https:\/\/lawcdh.com\/es\/wp-json\/wp\/v2\/users\/17"}],"replies":[{"embeddable":true,"href":"https:\/\/lawcdh.com\/es\/wp-json\/wp\/v2\/comments?post=1760"}],"version-history":[{"count":0,"href":"https:\/\/lawcdh.com\/es\/wp-json\/wp\/v2\/pages\/1760\/revisions"}],"up":[{"embeddable":true,"href":"https:\/\/lawcdh.com\/es\/wp-json\/wp\/v2\/pages\/1532"}],"wp:featuredmedia":[{"embeddable":true,"href":"https:\/\/lawcdh.com\/es\/wp-json\/wp\/v2\/media\/2827"}],"wp:attachment":[{"href":"https:\/\/lawcdh.com\/es\/wp-json\/wp\/v2\/media?parent=1760"}],"wp:term":[{"taxonomy":"post_tag","embeddable":true,"href":"https:\/\/lawcdh.com\/es\/wp-json\/wp\/v2\/tags?post=1760"}],"curies":[{"name":"wp","href":"https:\/\/api.w.org\/{rel}","templated":true}]}}