{"id":1761,"date":"2021-11-16T17:58:49","date_gmt":"2021-11-16T17:58:49","guid":{"rendered":"https:\/\/lawcdh.com\/?page_id=1761"},"modified":"2024-02-01T19:12:51","modified_gmt":"2024-02-01T19:12:51","slug":"fideicomiso-totten","status":"publish","type":"page","link":"https:\/\/lawcdh.com\/es\/areas-de-practica\/planificacion-patrimonial\/fideicomiso-totten\/","title":{"rendered":"Confianza Totten"},"content":{"rendered":"\n<p><span style=\"font-weight: 400\">El uso de un fideicomiso Totten es una forma de transferir el dinero mantenido en cuentas bancarias o de corretaje a sus herederos. Los fideicomisos Totten tambi\u00e9n se conocen como cuentas pagaderas en caso de fallecimiento. La mayor\u00eda de las cuentas se crean cuando el propietario establece la cuenta &#8220;en fideicomiso para&#8221; el beneficiario. Las diferentes instituciones financieras suelen tener requisitos diferentes sobre el idioma que se debe incluir para crear el fideicomiso Totten.<\/span><\/p>\n\n\n\n<h2 class=\"wp-block-heading\" id=\"discuta-su-plan-patrimonial-con-un-abogado-de-syracuse\">Discuta su plan patrimonial con un abogado de Syracuse<\/h2>\n\n\n\n<p>\u00bfLe gustar\u00eda obtener m\u00e1s informaci\u00f3n sobre c\u00f3mo transmitir sus activos a sus herederos mediante un fideicomiso Totten? Si es as\u00ed, los <a href=\"https:\/\/lawcdh.com\/es\/areas-de-practica\/planificacion-patrimonial\/planificacion-de-impuestos-patrimoniales\/\">abogados expertos en planificaci\u00f3n patrimonial<\/a> de CDH Law PLLC est\u00e1n aqu\u00ed para ayudarle. Nuestro equipo legal tiene amplia experiencia en el uso de fideicomisos Totten y otros fideicomisos para crear los planes patrimoniales m\u00e1s completos para nuestros clientes. Cont\u00e1ctenos hoy para obtener m\u00e1s informaci\u00f3n sobre c\u00f3mo podemos ayudarlo a prepararse para el futuro mediante la creaci\u00f3n de un plan patrimonial.<\/p>\n\n\n\n<h3 class=\"wp-block-heading\">\u00bfQu\u00e9 es un Totten Trust?<\/h3>\n\n\n\n<p>Un fideicomiso Totten es esencialmente una cuenta pagadera en caso de muerte que puede utilizar para transferir activos desde su cuenta a su beneficiario. Puede crear un fideicomiso Totten para la mayor\u00eda de las cuentas financieras que contienen efectivo, como acciones, bonos, valores del Tesoro de los EE. UU. o cuentas bancarias. Uno de los beneficios clave de crear un fideicomiso Totten es evitar el proceso testamentario formal. El uso de un fideicomiso Totten tambi\u00e9n puede ayudar a sus seres queridos sobrevivientes a pagar los gastos de su funeral.<\/p>\n\n\n\n<p>El propietario de una cuenta puede abrir una cuenta a su nombre para beneficiar a un beneficiario designado. El titular de la cuenta tiene derecho a utilizarla plenamente durante su vida. Por ejemplo, el propietario de la cuenta puede agregar o retirar fondos de la cuenta, cambiar los beneficiarios de la cuenta o cerrar la cuenta en cualquier momento. Durante la vida del titular de la cuenta, el beneficiario no tiene ninguna autoridad legal para utilizar los fondos de la cuenta.<\/p>\n\n\n\n<h3 class=\"wp-block-heading\">Beneficios de crear un Totten Trust<\/h3>\n\n\n\n<p>Cuando el propietario de la cuenta fallece, los fondos de la cuenta se transferir\u00e1n autom\u00e1ticamente al beneficiario. El beneficiario no tendr\u00e1 que pasar por el proceso testamentario formal. En cambio, \u00e9l o ella recibir\u00e1 autom\u00e1ticamente la propiedad de los activos tras la muerte del propietario. La creaci\u00f3n de un fideicomiso Totten le ahorra al beneficiario una cantidad significativa de tiempo y dinero porque no tendr\u00e1 que esperar a que el tribunal sucesorio libere los activos de la cuenta.<\/p>\n\n\n\n<p>Los activos estar\u00e1n asegurados por la FDIC hasta $100,000 por cada beneficiario designado. Los activos estar\u00e1n asegurados por separado de cualquier otra cuenta que posea en la misma instituci\u00f3n. Muchas familias utilizan los fideicomisos Totten como una forma de pagar los gastos funerarios del difunto. Al utilizar un fideicomiso Totten, el beneficiario puede evitar utilizar sus fondos para pagar los gastos de entierro y funeral del difunto. Configurar uno puede ayudar a su familia sobreviviente a tener acceso a fondos inmediatamente despu\u00e9s de su muerte, lo que puede ayudarlos significativamente mientras se encuentran en el proceso de duelo.<\/p>\n\n\n\n<h3 class=\"wp-block-heading\">Totten Trusts frente a otros fideicomisos<\/h3>\n\n\n\n<p>Un fideicomiso Totten es similar a un fideicomiso formal en algunos aspectos. En un fideicomiso Totten, los activos mantenidos en la cuenta se transfieren autom\u00e1ticamente al beneficiario. Los fondos se transfieren fuera del patrimonio, como ocurre con un fideicomiso formal. Sin embargo, existen varias diferencias entre los fideicomisos Totten y los fideicomisos formales. En un fideicomiso Totten, no hay ning\u00fan administrador responsable de administrar los activos de la cuenta.<\/p>\n\n\n\n<p>Otros tipos de fideicomisos, como los fideicomisos irrevocables, son m\u00e1s eficaces para proteger los activos. Los activos probablemente estar\u00e1n sujetos a las reclamaciones de un acreedor. Por ejemplo, si el propietario de la cuenta enfrenta una demanda y pierde, el demandante tendr\u00eda acceso a los fondos del fideicomiso Totten. Por el contrario, cuando los fondos se transfieren a un fideicomiso irrevocable bien estructurado, los fondos estar\u00e1n protegidos de los acreedores del difunto.<\/p>\n\n\n\n<p>Con un fideicomiso Totten, los acreedores tienen derecho a que se les pague primero con los activos del fideicomiso antes de que el beneficiario pueda recibir los amigos restantes de la cuenta. Si el difunto muere con deudas importantes o es insolvente cuando muere, existe la posibilidad de que el beneficiario no reciba ninguno de los fondos del fideicomiso Totten o reciba una cantidad reducida.<\/p>\n\n\n\n<h3 class=\"wp-block-heading\">Estableciendo un Totten Trust<\/h3>\n\n\n\n<p>Establecer un fideicomiso Totten es un proceso relativamente simple. Deber\u00e1 abrir una cuenta en una instituci\u00f3n financiera, como una cooperativa de cr\u00e9dito, un banco o una empresa de corretaje de bolsa. No es necesario crear la cuenta a su nombre para beneficio de su beneficiario. Supongamos que desea abrir una cuenta en beneficio de su pareja. En ese caso, deber\u00e1 nombrar a su pareja como beneficiario de la cuenta utilizando el lenguaje &#8220;en fideicomiso para&#8221;. Su pareja no tendr\u00e1 ning\u00fan derecho a utilizar los fondos de la cuenta antes de su fallecimiento. Una vez que usted fallezca, su pareja se convertir\u00e1 autom\u00e1ticamente en propietaria de los activos de la cuenta.<\/p>\n\n\n\n<p>Luego de crear uno, debes mantener actualizada tu designaci\u00f3n de beneficiario. Olvidarse de la designaci\u00f3n de beneficiarios es f\u00e1cil, especialmente cuando estamos ocupados con las actividades del d\u00eda a d\u00eda. Sin embargo, hemos visto casos en los que un exc\u00f3nyuge termina heredando el dinero de una cuenta porque el propietario olvid\u00f3 cambiar la designaci\u00f3n del beneficiario despu\u00e9s de su divorcio. Siempre que experimente un cambio significativo en su vida, es aconsejable revisar su plan patrimonial, incluidas las designaciones de beneficiarios o las cuentas que haya creado.<\/p>\n\n\n\n<h4 class=\"wp-block-heading\"><strong>Comun\u00edquese con un abogado de Syracuse Totten Trust<\/strong><\/h4>\n\n\n\n<p>Existen muchas herramientas eficaces de planificaci\u00f3n patrimonial que puede utilizar para proteger sus activos y garantizar que sus seres queridos los reciban despu\u00e9s de su fallecimiento. Crear un fideicomiso Totten puede facilitar que sus seres queridos accedan al dinero en sus cuentas financieras. Ya sea que desee crear un plan patrimonial o actualizar su plan patrimonial, le recomendamos <a href=\"https:\/\/lawcdh.com\/es\/contacto\/\">comunicarse con CDH Law PLLC<\/a> para programar una consulta con uno de nuestros abogados expertos en planificaci\u00f3n patrimonial.<\/p>\n","protected":false},"excerpt":{"rendered":"<p>El uso de un fideicomiso Totten es una forma de transferir el dinero mantenido en cuentas bancarias o de corretaje a sus herederos. Los fideicomisos Totten tambi\u00e9n se conocen como cuentas pagaderas en caso de fallecimiento. La mayor\u00eda de las cuentas se crean cuando el propietario establece la cuenta &#8220;en fideicomiso para&#8221; el beneficiario. Las&#8230;<\/p>\n","protected":false},"author":2,"featured_media":0,"parent":1390,"menu_order":0,"comment_status":"closed","ping_status":"closed","template":"","meta":{"_acf_changed":false,"footnotes":""},"tags":[],"class_list":["post-1761","page","type-page","status-publish","hentry"],"acf":[],"yoast_head":"<!-- This site is optimized with the Yoast SEO plugin v27.3 - https:\/\/yoast.com\/product\/yoast-seo-wordpress\/ -->\n<title>Abogados de Syracuse Y Centro de Nueva York Fideicomiso Totten<\/title>\n<meta name=\"description\" content=\"Si est\u00e1 considerando un fideicomiso totten, comun\u00edquese con nuestros abogados de testamentos y fideicomisos de Syracuse para una consulta.\" \/>\n<meta name=\"robots\" content=\"index, follow, max-snippet:-1, max-image-preview:large, max-video-preview:-1\" \/>\n<link rel=\"canonical\" href=\"https:\/\/lawcdh.com\/es\/areas-de-practica\/planificacion-patrimonial\/fideicomiso-totten\/\" \/>\n<meta property=\"og:locale\" content=\"es_MX\" \/>\n<meta property=\"og:type\" content=\"article\" \/>\n<meta property=\"og:title\" content=\"Abogados de Syracuse Y Centro de Nueva York Fideicomiso Totten\" \/>\n<meta property=\"og:description\" content=\"Si est\u00e1 considerando un fideicomiso totten, comun\u00edquese con nuestros abogados de testamentos y fideicomisos de Syracuse para una consulta.\" \/>\n<meta property=\"og:url\" content=\"https:\/\/lawcdh.com\/es\/areas-de-practica\/planificacion-patrimonial\/fideicomiso-totten\/\" \/>\n<meta property=\"og:site_name\" content=\"CDH Law PLLC ES\" \/>\n<meta property=\"article:modified_time\" content=\"2024-02-01T19:12:51+00:00\" \/>\n<meta name=\"twitter:card\" content=\"summary_large_image\" \/>\n<meta name=\"twitter:label1\" content=\"Est. reading time\" \/>\n\t<meta name=\"twitter:data1\" content=\"5 minutos\" \/>\n<script type=\"application\/ld+json\" class=\"yoast-schema-graph\">{\"@context\":\"https:\\\/\\\/schema.org\",\"@graph\":[{\"@type\":\"WebPage\",\"@id\":\"https:\\\/\\\/lawcdh.com\\\/es\\\/areas-de-practica\\\/planificacion-patrimonial\\\/fideicomiso-totten\\\/\",\"url\":\"https:\\\/\\\/lawcdh.com\\\/es\\\/areas-de-practica\\\/planificacion-patrimonial\\\/fideicomiso-totten\\\/\",\"name\":\"Abogados de Syracuse Y Centro de Nueva York Fideicomiso Totten\",\"isPartOf\":{\"@id\":\"https:\\\/\\\/lawcdh.com\\\/es\\\/#website\"},\"datePublished\":\"2021-11-16T17:58:49+00:00\",\"dateModified\":\"2024-02-01T19:12:51+00:00\",\"description\":\"Si est\u00e1 considerando un fideicomiso totten, comun\u00edquese con nuestros abogados de testamentos y fideicomisos de Syracuse para una consulta.\",\"breadcrumb\":{\"@id\":\"https:\\\/\\\/lawcdh.com\\\/es\\\/areas-de-practica\\\/planificacion-patrimonial\\\/fideicomiso-totten\\\/#breadcrumb\"},\"inLanguage\":\"es\",\"potentialAction\":[{\"@type\":\"ReadAction\",\"target\":[\"https:\\\/\\\/lawcdh.com\\\/es\\\/areas-de-practica\\\/planificacion-patrimonial\\\/fideicomiso-totten\\\/\"]}]},{\"@type\":\"BreadcrumbList\",\"@id\":\"https:\\\/\\\/lawcdh.com\\\/es\\\/areas-de-practica\\\/planificacion-patrimonial\\\/fideicomiso-totten\\\/#breadcrumb\",\"itemListElement\":[{\"@type\":\"ListItem\",\"position\":1,\"name\":\"Home\",\"item\":\"https:\\\/\\\/lawcdh.com\\\/es\\\/\"},{\"@type\":\"ListItem\",\"position\":2,\"name\":\"\u00c1reas de Pr\u00e1ctica\",\"item\":\"https:\\\/\\\/lawcdh.com\\\/es\\\/areas-de-practica\\\/\"},{\"@type\":\"ListItem\",\"position\":3,\"name\":\"Planificaci\u00f3n Patrimonial\",\"item\":\"https:\\\/\\\/lawcdh.com\\\/es\\\/areas-de-practica\\\/planificacion-patrimonial\\\/\"},{\"@type\":\"ListItem\",\"position\":4,\"name\":\"Confianza Totten\"}]},{\"@type\":\"WebSite\",\"@id\":\"https:\\\/\\\/lawcdh.com\\\/es\\\/#website\",\"url\":\"https:\\\/\\\/lawcdh.com\\\/es\\\/\",\"name\":\"CDH Law PLLC ES\",\"description\":\"\",\"potentialAction\":[{\"@type\":\"SearchAction\",\"target\":{\"@type\":\"EntryPoint\",\"urlTemplate\":\"https:\\\/\\\/lawcdh.com\\\/es\\\/?s={search_term_string}\"},\"query-input\":{\"@type\":\"PropertyValueSpecification\",\"valueRequired\":true,\"valueName\":\"search_term_string\"}}],\"inLanguage\":\"es\"}]}<\/script>\n<!-- \/ Yoast SEO plugin. -->","yoast_head_json":{"title":"Abogados de Syracuse Y Centro de Nueva York Fideicomiso Totten","description":"Si est\u00e1 considerando un fideicomiso totten, comun\u00edquese con nuestros abogados de testamentos y fideicomisos de Syracuse para una consulta.","robots":{"index":"index","follow":"follow","max-snippet":"max-snippet:-1","max-image-preview":"max-image-preview:large","max-video-preview":"max-video-preview:-1"},"canonical":"https:\/\/lawcdh.com\/es\/areas-de-practica\/planificacion-patrimonial\/fideicomiso-totten\/","og_locale":"es_MX","og_type":"article","og_title":"Abogados de Syracuse Y Centro de Nueva York Fideicomiso Totten","og_description":"Si est\u00e1 considerando un fideicomiso totten, comun\u00edquese con nuestros abogados de testamentos y fideicomisos de Syracuse para una consulta.","og_url":"https:\/\/lawcdh.com\/es\/areas-de-practica\/planificacion-patrimonial\/fideicomiso-totten\/","og_site_name":"CDH Law PLLC ES","article_modified_time":"2024-02-01T19:12:51+00:00","twitter_card":"summary_large_image","twitter_misc":{"Est. reading time":"5 minutos"},"schema":{"@context":"https:\/\/schema.org","@graph":[{"@type":"WebPage","@id":"https:\/\/lawcdh.com\/es\/areas-de-practica\/planificacion-patrimonial\/fideicomiso-totten\/","url":"https:\/\/lawcdh.com\/es\/areas-de-practica\/planificacion-patrimonial\/fideicomiso-totten\/","name":"Abogados de Syracuse Y Centro de Nueva York Fideicomiso Totten","isPartOf":{"@id":"https:\/\/lawcdh.com\/es\/#website"},"datePublished":"2021-11-16T17:58:49+00:00","dateModified":"2024-02-01T19:12:51+00:00","description":"Si est\u00e1 considerando un fideicomiso totten, comun\u00edquese con nuestros abogados de testamentos y fideicomisos de Syracuse para una consulta.","breadcrumb":{"@id":"https:\/\/lawcdh.com\/es\/areas-de-practica\/planificacion-patrimonial\/fideicomiso-totten\/#breadcrumb"},"inLanguage":"es","potentialAction":[{"@type":"ReadAction","target":["https:\/\/lawcdh.com\/es\/areas-de-practica\/planificacion-patrimonial\/fideicomiso-totten\/"]}]},{"@type":"BreadcrumbList","@id":"https:\/\/lawcdh.com\/es\/areas-de-practica\/planificacion-patrimonial\/fideicomiso-totten\/#breadcrumb","itemListElement":[{"@type":"ListItem","position":1,"name":"Home","item":"https:\/\/lawcdh.com\/es\/"},{"@type":"ListItem","position":2,"name":"\u00c1reas de Pr\u00e1ctica","item":"https:\/\/lawcdh.com\/es\/areas-de-practica\/"},{"@type":"ListItem","position":3,"name":"Planificaci\u00f3n Patrimonial","item":"https:\/\/lawcdh.com\/es\/areas-de-practica\/planificacion-patrimonial\/"},{"@type":"ListItem","position":4,"name":"Confianza Totten"}]},{"@type":"WebSite","@id":"https:\/\/lawcdh.com\/es\/#website","url":"https:\/\/lawcdh.com\/es\/","name":"CDH Law PLLC ES","description":"","potentialAction":[{"@type":"SearchAction","target":{"@type":"EntryPoint","urlTemplate":"https:\/\/lawcdh.com\/es\/?s={search_term_string}"},"query-input":{"@type":"PropertyValueSpecification","valueRequired":true,"valueName":"search_term_string"}}],"inLanguage":"es"}]}},"_links":{"self":[{"href":"https:\/\/lawcdh.com\/es\/wp-json\/wp\/v2\/pages\/1761","targetHints":{"allow":["GET"]}}],"collection":[{"href":"https:\/\/lawcdh.com\/es\/wp-json\/wp\/v2\/pages"}],"about":[{"href":"https:\/\/lawcdh.com\/es\/wp-json\/wp\/v2\/types\/page"}],"author":[{"embeddable":true,"href":"https:\/\/lawcdh.com\/es\/wp-json\/wp\/v2\/users\/2"}],"replies":[{"embeddable":true,"href":"https:\/\/lawcdh.com\/es\/wp-json\/wp\/v2\/comments?post=1761"}],"version-history":[{"count":0,"href":"https:\/\/lawcdh.com\/es\/wp-json\/wp\/v2\/pages\/1761\/revisions"}],"up":[{"embeddable":true,"href":"https:\/\/lawcdh.com\/es\/wp-json\/wp\/v2\/pages\/1390"}],"wp:attachment":[{"href":"https:\/\/lawcdh.com\/es\/wp-json\/wp\/v2\/media?parent=1761"}],"wp:term":[{"taxonomy":"post_tag","embeddable":true,"href":"https:\/\/lawcdh.com\/es\/wp-json\/wp\/v2\/tags?post=1761"}],"curies":[{"name":"wp","href":"https:\/\/api.w.org\/{rel}","templated":true}]}}