{"id":1762,"date":"2021-11-16T18:07:45","date_gmt":"2021-11-16T18:07:45","guid":{"rendered":"https:\/\/lawcdh.com\/?page_id=1762"},"modified":"2024-02-01T15:36:46","modified_gmt":"2024-02-01T15:36:46","slug":"planificacion-de-impuestos-patrimoniales","status":"publish","type":"page","link":"https:\/\/lawcdh.com\/es\/areas-de-practica\/planificacion-patrimonial\/planificacion-de-impuestos-patrimoniales\/","title":{"rendered":"Planificaci\u00f3n de Impuestos Patrimoniales"},"content":{"rendered":"\n<p>Los impuestos sobre el patrimonio de Nueva York se encuentran entre los m\u00e1s altos de los Estados Unidos. Menos de la mitad de los estados de Estados Unidos todav\u00eda imponen impuestos sobre el patrimonio a sus residentes, como lo hace Nueva York. Despu\u00e9s de trabajar duro toda su vida y ahorrar e invertir cuidadosamente sus activos, lo \u00faltimo que desea es darle m\u00e1s dinero al estado de Nueva York del que tiene a trav\u00e9s de impuestos sobre el patrimonio. Si desea ahorrar dinero en sus impuestos sobre el patrimonio, vale la pena tomarse el tiempo para consultar con un abogado con experiencia en planificaci\u00f3n de impuestos sobre el patrimonio.<\/p>\n\n\n\n<p>Trabajar con un abogado con experiencia en planificaci\u00f3n de impuestos sobre el patrimonio puede ayudarle a reducir su obligaci\u00f3n tributaria sobre el patrimonio. Los abogados de planificaci\u00f3n de impuestos patrimoniales de Nueva York est\u00e1n aqu\u00ed para ayudarlo. Revisaremos cuidadosamente su plan patrimonial y su situaci\u00f3n financiera para participar en la planificaci\u00f3n del impuesto patrimonial. Cont\u00e1ctenos hoy para programar su consulta inicial y aprender c\u00f3mo reducir su obligaci\u00f3n tributaria sobre el patrimonio.<\/p>\n\n\n\n<h2 class=\"wp-block-heading\" id=\"leyes-de-impuestos-sobre-el-patrimonio-de-nueva-york\"><b>Leyes de Impuestos Sobre El Patrimonio de Nueva York<\/b><\/h2>\n\n\n\n<p>Despu\u00e9s de su fallecimiento, su patrimonio debe pagar un impuesto sobre la renta y un impuesto sobre el patrimonio. Un impuesto al patrimonio consiste en un pago de una suma global despu\u00e9s de su fallecimiento. El monto que un patrimonio debe pagar por el impuesto al patrimonio se basa en el valor de su patrimonio en el momento de su muerte. El albacea de su patrimonio es responsable de pagar el impuesto al patrimonio.<\/p>\n\n\n\n<p>Los residentes de Nueva York que sean ciudadanos estadounidenses deben cumplir con las leyes de impuestos sobre el patrimonio de Nueva York. Adem\u00e1s, los residentes de otros estados que sean ciudadanos estadounidenses y posean bienes tangibles o inmuebles en Nueva York deben cumplir con las leyes de impuestos sobre el patrimonio de Nueva York. Las personas que poseen bienes ra\u00edces o bienes tangibles en Nueva York pero que no son ciudadanos estadounidenses deben presentar una declaraci\u00f3n de impuestos sobre el patrimonio cuando su patrimonio debe presentar una declaraci\u00f3n de impuestos federales.<\/p>\n\n\n\n<h3 class=\"wp-block-heading\"><b>Exenciones de Impuestos Sobre El Patrimonio<\/b><\/h3>\n\n\n\n<p>Cuando un patrimonio est\u00e1 valorado en m\u00e1s de $5,930,000 al momento de la muerte del testador, el albacea debe presentar una declaraci\u00f3n de impuestos sobre el patrimonio. Cuando los patrimonios est\u00e1n valorados en menos de $5,930,000, est\u00e1n exentos de pagar impuestos sobre el patrimonio seg\u00fan la ley de Nueva York. Nueva York traza una l\u00ednea dura al determinar qu\u00e9 sucesiones deben pagar el impuesto al patrimonio. El monto de la l\u00ednea dura se modifica cada a\u00f1o y aumenta al mismo ritmo que el \u00edndice de precios al consumidor.<\/p>\n\n\n\n<p>Incluso si el patrimonio excede el monto exento en s\u00f3lo un 1 por ciento, la ley de Nueva York exige que se grave todo el patrimonio, no solo el 1 por ciento que excede el monto exento. El uso de estrategias legales para disminuir el valor de su patrimonio puede generar ahorros de cientos de miles o incluso millones de d\u00f3lares en impuestos sobre el patrimonio.<\/p>\n\n\n\n<p>Supongamos que un testador tiene un patrimonio valorado en $6.000.000, s\u00f3lo $70.000 por encima del l\u00edmite de exenci\u00f3n. En ese caso, el testador deber\u00eda $171,840 en impuestos sobre el patrimonio. Sus herederos heredar\u00edan $101,840 menos de un patrimonio de $6,000,0000 que de un patrimonio valorado en $5,930,000. Garantizar que el valor del patrimonio est\u00e9 dentro del l\u00edmite de exenci\u00f3n puede ahorrarle a sus beneficiarios una cantidad significativa de dinero. En <a href=\"https:\/\/lawcdh.com\/es\/\">CDH Law PLLC<\/a>, revisaremos su plan patrimonial y desarrollaremos estrategias para disminuir el valor de su patrimonio y evitar pagar impuestos sobre el patrimonio a trav\u00e9s de una exenci\u00f3n.<\/p>\n\n\n\n<h3 class=\"wp-block-heading\"><b>Planificaci\u00f3n de Impuestos Patrimoniales<\/b><\/h3>\n\n\n\n<p><span style=\"font-weight: 400\">Es comprensible que muchos residentes de Nueva York est\u00e9n preocupados por los impuestos sobre el patrimonio a los que sus activos y propiedades pueden estar sujetos despu\u00e9s de su muerte. Pensar en que una gran cantidad de los activos y propiedades que usted gan\u00f3 con tanto esfuerzo vayan al estado en lugar de a los beneficiarios elegidos puede resultar desalentador. Sin embargo, existen muchas estrategias diferentes que un abogado de planificaci\u00f3n patrimonial puede utilizar para ayudarle a reducir su responsabilidad. Utilizando las siguientes herramientas de planificaci\u00f3n patrimonial, el equipo legal de CDH Law PLLC puede ayudarle a reducir el impacto del impuesto al patrimonio de Nueva York.<\/span><\/p>\n\n\n\n<h3 class=\"wp-block-heading\"><b>Incluir Una Disposici\u00f3n de \u201cSanta Claus\u201d<\/b><\/h3>\n\n\n\n<p><span style=\"font-weight: 400\">Esta estrategia implica hacer un legado condicional a su organizaci\u00f3n ben\u00e9fica favorita. Incluir\u00e1 una disposici\u00f3n de \u201cSanta Claus\u201d en su testamento o fideicomiso revocable que dona la cantidad de activos por encima del monto de exenci\u00f3n del estado de Nueva York a una organizaci\u00f3n sin fines de lucro de su elecci\u00f3n. Esta donaci\u00f3n solo entra en vigor cuando la cantidad de activos que superen el monto de la exenci\u00f3n de Nueva York estar\u00e1n gravados en m\u00e1s del 100%. Utilizando una disposici\u00f3n de \u201cSanta Claus\u201d, puede asegurarse de que su patrimonio est\u00e9 exento del l\u00edmite del impuesto sobre el patrimonio de Nueva York.<\/span><\/p>\n\n\n\n<h3 class=\"wp-block-heading\"><b>Donaciones de Por Vida Y Transferencias de Activos<\/b><\/h3>\n\n\n\n<p><span style=\"font-weight: 400\">Las personas con un alto patrimonio neto tambi\u00e9n deber\u00edan considerar hacer obsequios de por vida a amigos, familiares u organizaciones ben\u00e9ficas de su elecci\u00f3n. Los individuos pueden donar hasta 11,7 millones de d\u00f3lares antes de deber un impuesto federal sobre donaciones. El estado de Nueva York no impone un impuesto sobre donaciones, pero s\u00ed aplica una &#8220;regla de recuperaci\u00f3n&#8221;. Cualquier donaci\u00f3n que alguien haga dentro de los tres a\u00f1os posteriores a su muerte se recupera o se agrega al valor de su patrimonio para determinar los impuestos sobre el patrimonio en Nueva York. Podemos ayudarlo a dise\u00f1ar una estrategia de donaci\u00f3n que reduzca el valor de su patrimonio para evitar pagar impuestos sobre el patrimonio.<\/span><\/p>\n\n\n\n<h3 class=\"wp-block-heading\"><b>Estructura de Propiedad Y Planificaci\u00f3n Patrimonial<\/b><\/h3>\n\n\n\n<p><span style=\"font-weight: 400\">En otros casos, puede participar en la estructura de propiedad y la planificaci\u00f3n de la entidad para reducir el valor de su patrimonio. Por ejemplo, es posible que pueda transferir la propiedad de una casa principal o de vacaciones a nombre de una empresa legal, como una LLC o una sociedad. El uso de una entidad puede facilitarle la entrega de una parte de los bienes inmuebles a sus herederos o la transferencia de la propiedad a un fideicomiso. Si es residente del estado de Nueva York y posee propiedades en el estado, es posible que pueda utilizar la planificaci\u00f3n de entidades para eximir su propiedad del impuesto sobre el patrimonio.<\/span><\/p>\n\n\n\n<h4 class=\"wp-block-heading\"><b>P\u00f3ngase en Contacto Con Un Abogado de Planificaci\u00f3n Fiscal Patrimonial de Syracuse Hoy<\/b><\/h4>\n\n\n\n<p><span style=\"font-weight: 400\">Consultar con un abogado de planificaci\u00f3n patrimonial lo ayudar\u00e1 a navegar por las complicadas regulaciones de impuestos sobre el patrimonio de Nueva York. Los abogados de impuestos sobre el patrimonio de CDH Law PLLC han ayudado a muchos clientes de Nueva York a proteger sus activos de los impuestos estatales de Nueva York. <a href=\"https:\/\/lawcdh.com\/es\/contacto\/\">Cont\u00e1ctenos<\/a> hoy para comenzar el proceso de creaci\u00f3n de una estrategia de planificaci\u00f3n de impuestos patrimoniales para proteger los activos que tanto le cost\u00f3 ganar.<\/span><\/p>\n","protected":false},"excerpt":{"rendered":"<p>Los impuestos sobre el patrimonio de Nueva York se encuentran entre los m\u00e1s altos de los Estados Unidos. Menos de la mitad de los estados de Estados Unidos todav\u00eda imponen impuestos sobre el patrimonio a sus residentes, como lo hace Nueva York. Despu\u00e9s de trabajar duro toda su vida y ahorrar e invertir cuidadosamente sus&#8230;<\/p>\n","protected":false},"author":17,"featured_media":0,"parent":1390,"menu_order":0,"comment_status":"closed","ping_status":"closed","template":"","meta":{"_acf_changed":false,"footnotes":""},"tags":[],"class_list":["post-1762","page","type-page","status-publish","hentry"],"acf":[],"yoast_head":"<!-- This site is optimized with the Yoast SEO plugin v27.4 - https:\/\/yoast.com\/product\/yoast-seo-wordpress\/ -->\n<title>Abogados de Planificaci\u00f3n Fiscal Patrimonial de Syracuse | CDH<\/title>\n<meta name=\"description\" content=\"Si necesita ayuda con la planificaci\u00f3n de impuestos patrimoniales, comun\u00edquese con nuestros abogados de planificaci\u00f3n patrimonial.\" \/>\n<meta name=\"robots\" content=\"index, follow, max-snippet:-1, max-image-preview:large, max-video-preview:-1\" \/>\n<link rel=\"canonical\" href=\"https:\/\/lawcdh.com\/es\/areas-de-practica\/planificacion-patrimonial\/planificacion-de-impuestos-patrimoniales\/\" \/>\n<meta property=\"og:locale\" content=\"es_MX\" \/>\n<meta property=\"og:type\" content=\"article\" \/>\n<meta property=\"og:title\" content=\"Abogados de Planificaci\u00f3n Fiscal Patrimonial de Syracuse | CDH\" \/>\n<meta property=\"og:description\" content=\"Si necesita ayuda con la planificaci\u00f3n de impuestos patrimoniales, comun\u00edquese con nuestros abogados de planificaci\u00f3n patrimonial.\" \/>\n<meta property=\"og:url\" content=\"https:\/\/lawcdh.com\/es\/areas-de-practica\/planificacion-patrimonial\/planificacion-de-impuestos-patrimoniales\/\" \/>\n<meta property=\"og:site_name\" content=\"CDH Law PLLC ES\" \/>\n<meta property=\"article:modified_time\" content=\"2024-02-01T15:36:46+00:00\" \/>\n<meta name=\"twitter:card\" content=\"summary_large_image\" \/>\n<meta name=\"twitter:label1\" content=\"Est. reading time\" \/>\n\t<meta name=\"twitter:data1\" content=\"6 minutos\" \/>\n<script type=\"application\/ld+json\" class=\"yoast-schema-graph\">{\"@context\":\"https:\\\/\\\/schema.org\",\"@graph\":[{\"@type\":\"WebPage\",\"@id\":\"https:\\\/\\\/lawcdh.com\\\/es\\\/areas-de-practica\\\/planificacion-patrimonial\\\/planificacion-de-impuestos-patrimoniales\\\/\",\"url\":\"https:\\\/\\\/lawcdh.com\\\/es\\\/areas-de-practica\\\/planificacion-patrimonial\\\/planificacion-de-impuestos-patrimoniales\\\/\",\"name\":\"Abogados de Planificaci\u00f3n Fiscal Patrimonial de Syracuse | CDH\",\"isPartOf\":{\"@id\":\"https:\\\/\\\/lawcdh.com\\\/es\\\/#website\"},\"datePublished\":\"2021-11-16T18:07:45+00:00\",\"dateModified\":\"2024-02-01T15:36:46+00:00\",\"description\":\"Si necesita ayuda con la planificaci\u00f3n de impuestos patrimoniales, comun\u00edquese con nuestros abogados de planificaci\u00f3n patrimonial.\",\"breadcrumb\":{\"@id\":\"https:\\\/\\\/lawcdh.com\\\/es\\\/areas-de-practica\\\/planificacion-patrimonial\\\/planificacion-de-impuestos-patrimoniales\\\/#breadcrumb\"},\"inLanguage\":\"es\",\"potentialAction\":[{\"@type\":\"ReadAction\",\"target\":[\"https:\\\/\\\/lawcdh.com\\\/es\\\/areas-de-practica\\\/planificacion-patrimonial\\\/planificacion-de-impuestos-patrimoniales\\\/\"]}]},{\"@type\":\"BreadcrumbList\",\"@id\":\"https:\\\/\\\/lawcdh.com\\\/es\\\/areas-de-practica\\\/planificacion-patrimonial\\\/planificacion-de-impuestos-patrimoniales\\\/#breadcrumb\",\"itemListElement\":[{\"@type\":\"ListItem\",\"position\":1,\"name\":\"Home\",\"item\":\"https:\\\/\\\/lawcdh.com\\\/es\\\/\"},{\"@type\":\"ListItem\",\"position\":2,\"name\":\"\u00c1reas de Pr\u00e1ctica\",\"item\":\"https:\\\/\\\/lawcdh.com\\\/es\\\/areas-de-practica\\\/\"},{\"@type\":\"ListItem\",\"position\":3,\"name\":\"Planificaci\u00f3n Patrimonial\",\"item\":\"https:\\\/\\\/lawcdh.com\\\/es\\\/areas-de-practica\\\/planificacion-patrimonial\\\/\"},{\"@type\":\"ListItem\",\"position\":4,\"name\":\"Planificaci\u00f3n de Impuestos Patrimoniales\"}]},{\"@type\":\"WebSite\",\"@id\":\"https:\\\/\\\/lawcdh.com\\\/es\\\/#website\",\"url\":\"https:\\\/\\\/lawcdh.com\\\/es\\\/\",\"name\":\"CDH Law PLLC ES\",\"description\":\"\",\"potentialAction\":[{\"@type\":\"SearchAction\",\"target\":{\"@type\":\"EntryPoint\",\"urlTemplate\":\"https:\\\/\\\/lawcdh.com\\\/es\\\/?s={search_term_string}\"},\"query-input\":{\"@type\":\"PropertyValueSpecification\",\"valueRequired\":true,\"valueName\":\"search_term_string\"}}],\"inLanguage\":\"es\"}]}<\/script>\n<!-- \/ Yoast SEO plugin. -->","yoast_head_json":{"title":"Abogados de Planificaci\u00f3n Fiscal Patrimonial de Syracuse | CDH","description":"Si necesita ayuda con la planificaci\u00f3n de impuestos patrimoniales, comun\u00edquese con nuestros abogados de planificaci\u00f3n patrimonial.","robots":{"index":"index","follow":"follow","max-snippet":"max-snippet:-1","max-image-preview":"max-image-preview:large","max-video-preview":"max-video-preview:-1"},"canonical":"https:\/\/lawcdh.com\/es\/areas-de-practica\/planificacion-patrimonial\/planificacion-de-impuestos-patrimoniales\/","og_locale":"es_MX","og_type":"article","og_title":"Abogados de Planificaci\u00f3n Fiscal Patrimonial de Syracuse | CDH","og_description":"Si necesita ayuda con la planificaci\u00f3n de impuestos patrimoniales, comun\u00edquese con nuestros abogados de planificaci\u00f3n patrimonial.","og_url":"https:\/\/lawcdh.com\/es\/areas-de-practica\/planificacion-patrimonial\/planificacion-de-impuestos-patrimoniales\/","og_site_name":"CDH Law PLLC ES","article_modified_time":"2024-02-01T15:36:46+00:00","twitter_card":"summary_large_image","twitter_misc":{"Est. reading time":"6 minutos"},"schema":{"@context":"https:\/\/schema.org","@graph":[{"@type":"WebPage","@id":"https:\/\/lawcdh.com\/es\/areas-de-practica\/planificacion-patrimonial\/planificacion-de-impuestos-patrimoniales\/","url":"https:\/\/lawcdh.com\/es\/areas-de-practica\/planificacion-patrimonial\/planificacion-de-impuestos-patrimoniales\/","name":"Abogados de Planificaci\u00f3n Fiscal Patrimonial de Syracuse | CDH","isPartOf":{"@id":"https:\/\/lawcdh.com\/es\/#website"},"datePublished":"2021-11-16T18:07:45+00:00","dateModified":"2024-02-01T15:36:46+00:00","description":"Si necesita ayuda con la planificaci\u00f3n de impuestos patrimoniales, comun\u00edquese con nuestros abogados de planificaci\u00f3n patrimonial.","breadcrumb":{"@id":"https:\/\/lawcdh.com\/es\/areas-de-practica\/planificacion-patrimonial\/planificacion-de-impuestos-patrimoniales\/#breadcrumb"},"inLanguage":"es","potentialAction":[{"@type":"ReadAction","target":["https:\/\/lawcdh.com\/es\/areas-de-practica\/planificacion-patrimonial\/planificacion-de-impuestos-patrimoniales\/"]}]},{"@type":"BreadcrumbList","@id":"https:\/\/lawcdh.com\/es\/areas-de-practica\/planificacion-patrimonial\/planificacion-de-impuestos-patrimoniales\/#breadcrumb","itemListElement":[{"@type":"ListItem","position":1,"name":"Home","item":"https:\/\/lawcdh.com\/es\/"},{"@type":"ListItem","position":2,"name":"\u00c1reas de Pr\u00e1ctica","item":"https:\/\/lawcdh.com\/es\/areas-de-practica\/"},{"@type":"ListItem","position":3,"name":"Planificaci\u00f3n Patrimonial","item":"https:\/\/lawcdh.com\/es\/areas-de-practica\/planificacion-patrimonial\/"},{"@type":"ListItem","position":4,"name":"Planificaci\u00f3n de Impuestos Patrimoniales"}]},{"@type":"WebSite","@id":"https:\/\/lawcdh.com\/es\/#website","url":"https:\/\/lawcdh.com\/es\/","name":"CDH Law PLLC ES","description":"","potentialAction":[{"@type":"SearchAction","target":{"@type":"EntryPoint","urlTemplate":"https:\/\/lawcdh.com\/es\/?s={search_term_string}"},"query-input":{"@type":"PropertyValueSpecification","valueRequired":true,"valueName":"search_term_string"}}],"inLanguage":"es"}]}},"_links":{"self":[{"href":"https:\/\/lawcdh.com\/es\/wp-json\/wp\/v2\/pages\/1762","targetHints":{"allow":["GET"]}}],"collection":[{"href":"https:\/\/lawcdh.com\/es\/wp-json\/wp\/v2\/pages"}],"about":[{"href":"https:\/\/lawcdh.com\/es\/wp-json\/wp\/v2\/types\/page"}],"author":[{"embeddable":true,"href":"https:\/\/lawcdh.com\/es\/wp-json\/wp\/v2\/users\/17"}],"replies":[{"embeddable":true,"href":"https:\/\/lawcdh.com\/es\/wp-json\/wp\/v2\/comments?post=1762"}],"version-history":[{"count":0,"href":"https:\/\/lawcdh.com\/es\/wp-json\/wp\/v2\/pages\/1762\/revisions"}],"up":[{"embeddable":true,"href":"https:\/\/lawcdh.com\/es\/wp-json\/wp\/v2\/pages\/1390"}],"wp:attachment":[{"href":"https:\/\/lawcdh.com\/es\/wp-json\/wp\/v2\/media?parent=1762"}],"wp:term":[{"taxonomy":"post_tag","embeddable":true,"href":"https:\/\/lawcdh.com\/es\/wp-json\/wp\/v2\/tags?post=1762"}],"curies":[{"name":"wp","href":"https:\/\/api.w.org\/{rel}","templated":true}]}}