{"id":1784,"date":"2022-01-28T19:59:36","date_gmt":"2022-01-28T19:59:36","guid":{"rendered":"https:\/\/lawcdh.com\/?page_id=1784"},"modified":"2024-01-31T21:25:46","modified_gmt":"2024-01-31T21:25:46","slug":"negligencia-medica","status":"publish","type":"page","link":"https:\/\/lawcdh.com\/es\/areas-de-practica\/lesiones-personales\/negligencia-medica\/","title":{"rendered":"Negligencia M\u00e9dica"},"content":{"rendered":"\n<p><span style=\"font-weight: 400\">Cuando recibimos atenci\u00f3n en el hospital o en el consultorio m\u00e9dico, asumimos que los m\u00e9dicos, enfermeras y dem\u00e1s personal realizar\u00e1n el procedimiento correctamente. Desafortunadamente, este no es siempre el caso. Todos los d\u00edas, errores m\u00e9dicos graves causan lesiones de por vida o incluso la muerte a pacientes en Nueva York y en todo Estados Unidos. Cuando un profesional m\u00e9dico no utiliza un cuidado razonable y causa una lesi\u00f3n al paciente, el paciente tiene derecho a presentar una demanda por negligencia m\u00e9dica contra el profesional de la salud.<\/span><\/p>\n\n\n\n<h2 class=\"wp-block-heading\" id=\"discuta-su-caso-con-un-abogado-de-negligencia-medica\">Discuta Su Caso Con Un Abogado de Negligencia M\u00e9dica<\/h2>\n\n\n\n<p><span style=\"font-weight: 400\">Si usted o su ser querido han resultado gravemente heridos debido a negligencia o imprudencia de un profesional m\u00e9dico, es posible que tenga derecho a una compensaci\u00f3n. Los abogados de negligencia m\u00e9dica de Syracuse de <a href=\"\/es\/\">CDH Law PLLC<\/a> tienen un historial comprobado de obtenci\u00f3n exitosa de compensaci\u00f3n para las v\u00edctimas de negligencia m\u00e9dica. Cont\u00e1ctenos hoy para programar la evaluaci\u00f3n gratuita de su caso y hablar con uno de nuestros abogados con experiencia en negligencia m\u00e9dica.<\/span><\/p>\n\n\n\n<h3 class=\"wp-block-heading\">Tipos de Casos Que Manejamos<\/h3>\n\n\n\n<p><span style=\"font-weight: 400\">En CDH Law PLLC, nuestros abogados de negligencia m\u00e9dica tienen d\u00e9cadas de experiencia en el manejo de diversos casos de negligencia m\u00e9dica. Entendemos que los casos de negligencia m\u00e9dica suelen ser complejos y emocionalmente dolorosos. Algunas de las causas m\u00e1s comunes de demandas por negligencia m\u00e9dica incluyen casos relacionados con lo siguiente:<\/span><\/p>\n\n\n\n<ul class=\"wp-block-list\">\n<li>Errores de medicaci\u00f3n recetada<\/li>\n\n\n\n<li><a href=\"https:\/\/lawcdh.com\/es\/areas-de-practica\/lesiones-personales\/negligencia-medica\/lesion-de-nacimiento\/\">Lesiones de nacimiento<\/a> que causan condiciones m\u00e9dicas de por vida.<\/li>\n\n\n\n<li>Errores m\u00e9dicos cometidos durante una cirug\u00eda card\u00edaca, como procedimientos de derivaci\u00f3n<\/li>\n\n\n\n<li>Errores cometidos al tratar afecciones \u00f3pticas, como glaucoma o cataratas<\/li>\n\n\n\n<li>Diagn\u00f3stico retrasado o omitido de enfermedad card\u00edaca, c\u00e1ncer, meningitis o sepsis.<\/li>\n\n\n\n<li><a href=\"https:\/\/lawcdh.com\/es\/areas-de-practica\/lesiones-personales\/negligencia-medica\/negligencia-hospitalaria\/\">Negligencia<\/a> en la sala de emergencias, como el alta inadecuada de pacientes con accidente cerebrovascular.<\/li>\n\n\n\n<li>Casos de responsabilidad por productos relacionados con medicamentos y dispositivos m\u00e9dicos peligrosos<\/li>\n\n\n\n<li>Un error quir\u00fargico, como operar en la parte equivocada del cuerpo.<\/li>\n\n\n\n<li>No obtener un historial completo del paciente.<\/li>\n\n\n\n<li>Errores de anestesia<\/li>\n\n\n\n<li>No obtener el consentimiento informado del paciente<\/li>\n<\/ul>\n\n\n\n<h3 class=\"wp-block-heading\">\u00bfQui\u00e9n Puede Ser Considerado Responsable en Una Demanda Por Negligencia M\u00e9dica?<\/h3>\n\n\n\n<p><span style=\"font-weight: 400\">Cuando la gente piensa en negligencia m\u00e9dica, suele pensar en m\u00e9dicos. En realidad, cualquier proveedor de atenci\u00f3n m\u00e9dica puede ser considerado responsable mediante una demanda por negligencia m\u00e9dica. Si un m\u00e9dico act\u00faa con negligencia y causa lesiones al paciente, el paciente puede tener un reclamo legal contra el m\u00e9dico y el hospital. Para demandar al hospital, el paciente tendr\u00eda que demostrar que el hospital no tom\u00f3 medidas razonables para contratar a un m\u00e9dico competente. Seg\u00fan las leyes del estado de Nueva York, las v\u00edctimas de negligencia m\u00e9dica pueden responsabilizar a cualquiera de las siguientes partes por causar sus lesiones:<\/span><\/p>\n\n\n\n<ul class=\"wp-block-list\">\n<li>Hospitales<\/li>\n\n\n\n<li>Doctores<\/li>\n\n\n\n<li>Hogares de ancianos<\/li>\n\n\n\n<li>Cirujanos<\/li>\n\n\n\n<li>Radi\u00f3logos<\/li>\n\n\n\n<li>Fisioterapeutas<\/li>\n\n\n\n<li>Enfermeras<\/li>\n\n\n\n<li>Especialistas como obstetras, ginec\u00f3logos y cardi\u00f3logos.<\/li>\n<\/ul>\n\n\n\n<h3 class=\"wp-block-heading\">Leyes de Negligencia M\u00e9dica de Nueva York<\/h3>\n\n\n\n<p>Las demandas por negligencia m\u00e9dica son tipos espec\u00edficos de demandas por <a href=\"https:\/\/lawcdh.com\/es\/areas-de-practica\/lesiones-personales\/\">lesiones personales<\/a>. Como resultado, cuando presente un reclamo, deber\u00e1 probar la teor\u00eda legal de negligencia. Primero, deber\u00e1 demostrar que la persona u organizaci\u00f3n a la que est\u00e1 demandando ten\u00eda la obligaci\u00f3n legal y moral de tratarlo. Deber\u00e1 establecer que usted y el m\u00e9dico ten\u00edan una relaci\u00f3n m\u00e9dico-paciente en el momento de la lesi\u00f3n.<\/p>\n\n\n\n<p>Despu\u00e9s de establecer el deber de diligencia, deber\u00e1 demostrar que el m\u00e9dico incumpli\u00f3 el deber de diligencia. Tambi\u00e9n debe demostrar que el incumplimiento del deber de diligencia por parte del m\u00e9dico provoc\u00f3 sus lesiones. Finalmente, deber\u00e1 demostrar que la negligencia m\u00e9dica caus\u00f3 directamente las complicaciones m\u00e9dicas que experiment\u00f3 o contin\u00faa experimentando.<\/p>\n\n\n\n<h3 class=\"wp-block-heading\">Plazos Para Presentar Una Demanda Por Lesiones Personales en Nueva York<\/h3>\n\n\n\n<p>Nueva York establece un l\u00edmite de tiempo para presentar demandas llamado estatuto de limitaciones. En la mayor\u00eda de los casos, una persona lesionada debe presentar una demanda por negligencia m\u00e9dica 30 meses despu\u00e9s de la fecha de la lesi\u00f3n. Cuando se produce un error m\u00e9dico durante el tratamiento del paciente, el plazo de 30 meses no comienza hasta que el paciente haya completado el tratamiento prescrito.<\/p>\n\n\n\n<p>Sin embargo, existen algunas excepciones a esta regla general. En los casos quir\u00fargicos, cuando un cirujano deja un instrumento dentro del cuerpo de un paciente, el paciente tiene 12 meses a partir de la fecha en que descubre la lesi\u00f3n para iniciar una demanda. Nueva York les da a los pacientes en estas situaciones m\u00e1s tiempo para presentar una demanda porque es posible que no comiencen a experimentar s\u00edntomas de su lesi\u00f3n de inmediato. Adem\u00e1s, supongamos que un ni\u00f1o es v\u00edctima de negligencia m\u00e9dica. En ese caso, el plazo de prescripci\u00f3n no comienza hasta que la v\u00edctima cumpla 18 a\u00f1os. La v\u00edctima debe presentar una demanda dentro de los 10 a\u00f1os siguientes a la fecha del incidente que caus\u00f3 la lesi\u00f3n.<\/p>\n\n\n\n<h3 class=\"wp-block-heading\">Da\u00f1os Disponibles<\/h3>\n\n\n\n<p>Muchas v\u00edctimas sufren s\u00edntomas dolorosos y continuos que requieren tratamiento m\u00e9dico continuo. Cuando un paciente sufre una lesi\u00f3n grave, la lesi\u00f3n resultante puede ser costosa y emocionalmente traumatizante. Muchos pacientes no pueden regresar a trabajar, lo que hace imposible pagar sus facturas m\u00e9dicas en curso.<\/p>\n\n\n\n<p>Los demandantes que presentan demandas en Nueva York tienen derecho a da\u00f1os econ\u00f3micos y no econ\u00f3micos. Los da\u00f1os econ\u00f3micos cubren costos que son cuantificables y relacionados con sus lesiones, tales como:<\/p>\n\n\n\n<ul class=\"wp-block-list\">\n<li>Facturas m\u00e9dicas actuales y futuras relacionadas con el da\u00f1o causado por la negligencia de su m\u00e9dico<\/li>\n\n\n\n<li>Atenci\u00f3n domiciliaria, modificaciones en el hogar, dispositivos m\u00e9dicos y fisioterapia.<\/li>\n\n\n\n<li>P\u00e9rdida de ingresos y salarios<\/li>\n\n\n\n<li>P\u00e9rdida de su capacidad de ingresos futura<\/li>\n<\/ul>\n\n\n\n<p><span style=\"font-weight: 400\">Adem\u00e1s de los da\u00f1os econ\u00f3micos, los demandantes tambi\u00e9n tienen derecho a da\u00f1os no econ\u00f3micos por su dolor y sufrimiento, angustia emocional y p\u00e9rdida del disfrute de la vida. Cuando causa la muerte de un paciente, la familia del paciente puede presentar una demanda por muerte por negligencia para recuperar los gastos funerarios, la p\u00e9rdida de la capacidad de generar ingresos y m\u00e1s. Finalmente, el demandante puede solicitar da\u00f1os punitivos adicionales cuando el demandado act\u00faa intencional o atrozmente.<\/span><\/p>\n\n\n\n<h4 class=\"wp-block-heading\"><strong>Nuestros Abogados de Negligencia M\u00e9dica de Syracuse Y El Centro de Nueva York Est\u00e1n Aqu\u00ed Para Ayudar<\/strong><\/h4>\n\n\n\n<p><span style=\"font-weight: 400\">Vivir con una lesi\u00f3n causada por un profesional m\u00e9dico negligente puede ser devastador. Si un proveedor de atenci\u00f3n m\u00e9dica cometi\u00f3 un error m\u00e9dico que le caus\u00f3 una lesi\u00f3n o algo peor que ella, es posible que tenga derecho a una compensaci\u00f3n. No es necesario que usted pase solo por el proceso de b\u00fasqueda de una compensaci\u00f3n. Uno de los abogados con experiencia en negligencia m\u00e9dica de Syracuse de CDH Law PLLC evaluar\u00e1 su caso y lo ayudar\u00e1 a comprender sus opciones m\u00e9dicas. <a href=\"\/es\/contacto\/\">Cont\u00e1ctenos<\/a> para programar la revisi\u00f3n gratuita de su caso con un abogado calificado en negligencia m\u00e9dica.<\/span><\/p>\n\n\n\n<p><strong>Carden Dotzler Hammond, PLLC representa a v\u00edctimas de negligencia m\u00e9dica en Syracuse, en el centro de Nueva York, y en las siguientes ciudades y pueblos del condado de Onondaga: Camillus, Cicero, Clay, Dewitt, Elbridge, Geddes, Manlius, Marcellus, Onondaga, Salina, Skaneateles, Baldwinsville, East Syracuse, Fayetteville, Condado de Jefferson, Liverpool, North Syracuse y Solvay.<\/strong><\/p>\n","protected":false},"excerpt":{"rendered":"<p>Cuando recibimos atenci\u00f3n en el hospital o en el consultorio m\u00e9dico, asumimos que los m\u00e9dicos, enfermeras y dem\u00e1s personal realizar\u00e1n el procedimiento correctamente. Desafortunadamente, este no es siempre el caso. Todos los d\u00edas, errores m\u00e9dicos graves causan lesiones de por vida o incluso la muerte a pacientes en Nueva York y en todo Estados Unidos&#8230;.<\/p>\n","protected":false},"author":17,"featured_media":2151,"parent":1771,"menu_order":0,"comment_status":"closed","ping_status":"closed","template":"","meta":{"_acf_changed":false,"footnotes":""},"tags":[],"class_list":["post-1784","page","type-page","status-publish","has-post-thumbnail","hentry"],"acf":[],"yoast_head":"<!-- This site is optimized with the Yoast SEO plugin v27.4 - https:\/\/yoast.com\/product\/yoast-seo-wordpress\/ -->\n<title>Abogado de Negligencia M\u00e9dica en Syracuse | CDH Law<\/title>\n<meta name=\"description\" content=\"Si ha resultado lesionado debido a la negligencia de un profesional m\u00e9dico, comun\u00edquese con nuestros abogados de Syracuse.\" \/>\n<meta name=\"robots\" content=\"index, follow, max-snippet:-1, max-image-preview:large, max-video-preview:-1\" \/>\n<link rel=\"canonical\" href=\"https:\/\/lawcdh.com\/es\/areas-de-practica\/lesiones-personales\/negligencia-medica\/\" \/>\n<meta property=\"og:locale\" content=\"es_MX\" \/>\n<meta property=\"og:type\" content=\"article\" \/>\n<meta property=\"og:title\" content=\"Abogado de Negligencia M\u00e9dica en Syracuse | CDH Law\" \/>\n<meta property=\"og:description\" content=\"Si ha resultado lesionado debido a la negligencia de un profesional m\u00e9dico, comun\u00edquese con nuestros abogados de Syracuse.\" \/>\n<meta property=\"og:url\" content=\"https:\/\/lawcdh.com\/es\/areas-de-practica\/lesiones-personales\/negligencia-medica\/\" \/>\n<meta property=\"og:site_name\" content=\"CDH Law PLLC ES\" \/>\n<meta property=\"article:modified_time\" content=\"2024-01-31T21:25:46+00:00\" \/>\n<meta property=\"og:image\" content=\"https:\/\/lawcdh.com\/es\/wp-content\/uploads\/sites\/2\/2023\/07\/medical-malpractice-3.png\" \/>\n\t<meta property=\"og:image:width\" content=\"1200\" \/>\n\t<meta property=\"og:image:height\" content=\"500\" \/>\n\t<meta property=\"og:image:type\" content=\"image\/png\" \/>\n<meta name=\"twitter:card\" content=\"summary_large_image\" \/>\n<meta name=\"twitter:label1\" content=\"Est. reading time\" \/>\n\t<meta name=\"twitter:data1\" content=\"6 minutos\" \/>\n<script type=\"application\/ld+json\" class=\"yoast-schema-graph\">{\"@context\":\"https:\\\/\\\/schema.org\",\"@graph\":[{\"@type\":\"WebPage\",\"@id\":\"https:\\\/\\\/lawcdh.com\\\/es\\\/areas-de-practica\\\/lesiones-personales\\\/negligencia-medica\\\/\",\"url\":\"https:\\\/\\\/lawcdh.com\\\/es\\\/areas-de-practica\\\/lesiones-personales\\\/negligencia-medica\\\/\",\"name\":\"Abogado de Negligencia M\u00e9dica en Syracuse | CDH Law\",\"isPartOf\":{\"@id\":\"https:\\\/\\\/lawcdh.com\\\/es\\\/#website\"},\"primaryImageOfPage\":{\"@id\":\"https:\\\/\\\/lawcdh.com\\\/es\\\/areas-de-practica\\\/lesiones-personales\\\/negligencia-medica\\\/#primaryimage\"},\"image\":{\"@id\":\"https:\\\/\\\/lawcdh.com\\\/es\\\/areas-de-practica\\\/lesiones-personales\\\/negligencia-medica\\\/#primaryimage\"},\"thumbnailUrl\":\"https:\\\/\\\/lawcdh.com\\\/es\\\/wp-content\\\/uploads\\\/sites\\\/2\\\/2023\\\/07\\\/medical-malpractice-3.png\",\"datePublished\":\"2022-01-28T19:59:36+00:00\",\"dateModified\":\"2024-01-31T21:25:46+00:00\",\"description\":\"Si ha resultado lesionado debido a la negligencia de un profesional m\u00e9dico, comun\u00edquese con nuestros abogados de Syracuse.\",\"breadcrumb\":{\"@id\":\"https:\\\/\\\/lawcdh.com\\\/es\\\/areas-de-practica\\\/lesiones-personales\\\/negligencia-medica\\\/#breadcrumb\"},\"inLanguage\":\"es\",\"potentialAction\":[{\"@type\":\"ReadAction\",\"target\":[\"https:\\\/\\\/lawcdh.com\\\/es\\\/areas-de-practica\\\/lesiones-personales\\\/negligencia-medica\\\/\"]}]},{\"@type\":\"ImageObject\",\"inLanguage\":\"es\",\"@id\":\"https:\\\/\\\/lawcdh.com\\\/es\\\/areas-de-practica\\\/lesiones-personales\\\/negligencia-medica\\\/#primaryimage\",\"url\":\"https:\\\/\\\/lawcdh.com\\\/es\\\/wp-content\\\/uploads\\\/sites\\\/2\\\/2023\\\/07\\\/medical-malpractice-3.png\",\"contentUrl\":\"https:\\\/\\\/lawcdh.com\\\/es\\\/wp-content\\\/uploads\\\/sites\\\/2\\\/2023\\\/07\\\/medical-malpractice-3.png\",\"width\":1200,\"height\":500,\"caption\":\"Doctor shocked at results\"},{\"@type\":\"BreadcrumbList\",\"@id\":\"https:\\\/\\\/lawcdh.com\\\/es\\\/areas-de-practica\\\/lesiones-personales\\\/negligencia-medica\\\/#breadcrumb\",\"itemListElement\":[{\"@type\":\"ListItem\",\"position\":1,\"name\":\"Home\",\"item\":\"https:\\\/\\\/lawcdh.com\\\/es\\\/\"},{\"@type\":\"ListItem\",\"position\":2,\"name\":\"\u00c1reas de Pr\u00e1ctica\",\"item\":\"https:\\\/\\\/lawcdh.com\\\/es\\\/areas-de-practica\\\/\"},{\"@type\":\"ListItem\",\"position\":3,\"name\":\"Lesiones Personales\",\"item\":\"https:\\\/\\\/lawcdh.com\\\/es\\\/areas-de-practica\\\/lesiones-personales\\\/\"},{\"@type\":\"ListItem\",\"position\":4,\"name\":\"Negligencia M\u00e9dica\"}]},{\"@type\":\"WebSite\",\"@id\":\"https:\\\/\\\/lawcdh.com\\\/es\\\/#website\",\"url\":\"https:\\\/\\\/lawcdh.com\\\/es\\\/\",\"name\":\"CDH Law PLLC ES\",\"description\":\"\",\"potentialAction\":[{\"@type\":\"SearchAction\",\"target\":{\"@type\":\"EntryPoint\",\"urlTemplate\":\"https:\\\/\\\/lawcdh.com\\\/es\\\/?s={search_term_string}\"},\"query-input\":{\"@type\":\"PropertyValueSpecification\",\"valueRequired\":true,\"valueName\":\"search_term_string\"}}],\"inLanguage\":\"es\"}]}<\/script>\n<!-- \/ Yoast SEO plugin. -->","yoast_head_json":{"title":"Abogado de Negligencia M\u00e9dica en Syracuse | CDH Law","description":"Si ha resultado lesionado debido a la negligencia de un profesional m\u00e9dico, comun\u00edquese con nuestros abogados de Syracuse.","robots":{"index":"index","follow":"follow","max-snippet":"max-snippet:-1","max-image-preview":"max-image-preview:large","max-video-preview":"max-video-preview:-1"},"canonical":"https:\/\/lawcdh.com\/es\/areas-de-practica\/lesiones-personales\/negligencia-medica\/","og_locale":"es_MX","og_type":"article","og_title":"Abogado de Negligencia M\u00e9dica en Syracuse | CDH Law","og_description":"Si ha resultado lesionado debido a la negligencia de un profesional m\u00e9dico, comun\u00edquese con nuestros abogados de Syracuse.","og_url":"https:\/\/lawcdh.com\/es\/areas-de-practica\/lesiones-personales\/negligencia-medica\/","og_site_name":"CDH Law PLLC ES","article_modified_time":"2024-01-31T21:25:46+00:00","og_image":[{"width":1200,"height":500,"url":"https:\/\/lawcdh.com\/es\/wp-content\/uploads\/sites\/2\/2023\/07\/medical-malpractice-3.png","type":"image\/png"}],"twitter_card":"summary_large_image","twitter_misc":{"Est. reading time":"6 minutos"},"schema":{"@context":"https:\/\/schema.org","@graph":[{"@type":"WebPage","@id":"https:\/\/lawcdh.com\/es\/areas-de-practica\/lesiones-personales\/negligencia-medica\/","url":"https:\/\/lawcdh.com\/es\/areas-de-practica\/lesiones-personales\/negligencia-medica\/","name":"Abogado de Negligencia M\u00e9dica en Syracuse | CDH Law","isPartOf":{"@id":"https:\/\/lawcdh.com\/es\/#website"},"primaryImageOfPage":{"@id":"https:\/\/lawcdh.com\/es\/areas-de-practica\/lesiones-personales\/negligencia-medica\/#primaryimage"},"image":{"@id":"https:\/\/lawcdh.com\/es\/areas-de-practica\/lesiones-personales\/negligencia-medica\/#primaryimage"},"thumbnailUrl":"https:\/\/lawcdh.com\/es\/wp-content\/uploads\/sites\/2\/2023\/07\/medical-malpractice-3.png","datePublished":"2022-01-28T19:59:36+00:00","dateModified":"2024-01-31T21:25:46+00:00","description":"Si ha resultado lesionado debido a la negligencia de un profesional m\u00e9dico, comun\u00edquese con nuestros abogados de Syracuse.","breadcrumb":{"@id":"https:\/\/lawcdh.com\/es\/areas-de-practica\/lesiones-personales\/negligencia-medica\/#breadcrumb"},"inLanguage":"es","potentialAction":[{"@type":"ReadAction","target":["https:\/\/lawcdh.com\/es\/areas-de-practica\/lesiones-personales\/negligencia-medica\/"]}]},{"@type":"ImageObject","inLanguage":"es","@id":"https:\/\/lawcdh.com\/es\/areas-de-practica\/lesiones-personales\/negligencia-medica\/#primaryimage","url":"https:\/\/lawcdh.com\/es\/wp-content\/uploads\/sites\/2\/2023\/07\/medical-malpractice-3.png","contentUrl":"https:\/\/lawcdh.com\/es\/wp-content\/uploads\/sites\/2\/2023\/07\/medical-malpractice-3.png","width":1200,"height":500,"caption":"Doctor shocked at results"},{"@type":"BreadcrumbList","@id":"https:\/\/lawcdh.com\/es\/areas-de-practica\/lesiones-personales\/negligencia-medica\/#breadcrumb","itemListElement":[{"@type":"ListItem","position":1,"name":"Home","item":"https:\/\/lawcdh.com\/es\/"},{"@type":"ListItem","position":2,"name":"\u00c1reas de Pr\u00e1ctica","item":"https:\/\/lawcdh.com\/es\/areas-de-practica\/"},{"@type":"ListItem","position":3,"name":"Lesiones Personales","item":"https:\/\/lawcdh.com\/es\/areas-de-practica\/lesiones-personales\/"},{"@type":"ListItem","position":4,"name":"Negligencia M\u00e9dica"}]},{"@type":"WebSite","@id":"https:\/\/lawcdh.com\/es\/#website","url":"https:\/\/lawcdh.com\/es\/","name":"CDH Law PLLC ES","description":"","potentialAction":[{"@type":"SearchAction","target":{"@type":"EntryPoint","urlTemplate":"https:\/\/lawcdh.com\/es\/?s={search_term_string}"},"query-input":{"@type":"PropertyValueSpecification","valueRequired":true,"valueName":"search_term_string"}}],"inLanguage":"es"}]}},"_links":{"self":[{"href":"https:\/\/lawcdh.com\/es\/wp-json\/wp\/v2\/pages\/1784","targetHints":{"allow":["GET"]}}],"collection":[{"href":"https:\/\/lawcdh.com\/es\/wp-json\/wp\/v2\/pages"}],"about":[{"href":"https:\/\/lawcdh.com\/es\/wp-json\/wp\/v2\/types\/page"}],"author":[{"embeddable":true,"href":"https:\/\/lawcdh.com\/es\/wp-json\/wp\/v2\/users\/17"}],"replies":[{"embeddable":true,"href":"https:\/\/lawcdh.com\/es\/wp-json\/wp\/v2\/comments?post=1784"}],"version-history":[{"count":0,"href":"https:\/\/lawcdh.com\/es\/wp-json\/wp\/v2\/pages\/1784\/revisions"}],"up":[{"embeddable":true,"href":"https:\/\/lawcdh.com\/es\/wp-json\/wp\/v2\/pages\/1771"}],"wp:featuredmedia":[{"embeddable":true,"href":"https:\/\/lawcdh.com\/es\/wp-json\/wp\/v2\/media\/2151"}],"wp:attachment":[{"href":"https:\/\/lawcdh.com\/es\/wp-json\/wp\/v2\/media?parent=1784"}],"wp:term":[{"taxonomy":"post_tag","embeddable":true,"href":"https:\/\/lawcdh.com\/es\/wp-json\/wp\/v2\/tags?post=1784"}],"curies":[{"name":"wp","href":"https:\/\/api.w.org\/{rel}","templated":true}]}}