{"id":1794,"date":"2022-02-14T17:32:02","date_gmt":"2022-02-14T17:32:02","guid":{"rendered":"https:\/\/lawcdh.com\/?page_id=1794"},"modified":"2024-02-08T21:12:53","modified_gmt":"2024-02-08T21:12:53","slug":"accidente-automovilistico","status":"publish","type":"page","link":"https:\/\/lawcdh.com\/es\/areas-de-practica\/lesiones-personales\/accidente-automovilistico\/","title":{"rendered":"Accidente Automovilistico"},"content":{"rendered":"\n<p>Desafortunadamente, los neoyorquinos resultan heridos en accidentes automovil\u00edsticos todos los d\u00edas. Los accidentes automovil\u00edsticos se encuentran entre las causas m\u00e1s comunes de lesiones graves, incluidas lesiones cerebrales traum\u00e1ticas y lesiones de la m\u00e9dula espinal. Si ha tenido un accidente automovil\u00edstico en Nueva York, debe discutir su caso con un abogado lo antes posible. Es posible que tenga derecho a una compensaci\u00f3n a trav\u00e9s de la p\u00f3liza de seguro del conductor culpable o de una <a href=\"https:\/\/lawcdh.com\/es\/reclamaciones-por-lesiones-personales-en-un-accidente-de-atropello-y-fuga-que-debo-hacer\/\">demanda por lesiones personales<\/a>.<\/p>\n\n\n\n<h2 class=\"wp-block-heading\" id=\"como-puede-ayudar-un-abogado-de-accidentes-automovilisticos-en-syracuse-y-el-centro-de-nueva-york\">C\u00f3mo Puede Ayudar Un Abogado de Accidentes Automovil\u00edsticos en Syracuse Y El Centro de Nueva York<\/h2>\n\n\n\n<p>En <a href=\"\/es\/\">CDH Law PLLC<\/a>, nuestros abogados de accidentes automovil\u00edsticos de Syracuse y el centro de Nueva York tienen la experiencia y las habilidades necesarias para abogar por que usted obtenga la mayor compensaci\u00f3n posible en su caso. Conocemos todas las t\u00e1cticas que utilizan las compa\u00f1\u00edas de seguros para evitar pagar acuerdos justos a las v\u00edctimas. Nuestros abogados los har\u00e1n responsables mientras protegen sus derechos. Cont\u00e1ctenos hoy para programar su consulta inicial.<\/p>\n\n\n\n<h3 class=\"wp-block-heading\">Causas Comunes de Accidentes Automovil\u00edsticos en Nueva York<\/h3>\n\n\n\n<p>Conducir distra\u00eddo es una de las causas m\u00e1s comunes de accidentes automovil\u00edsticos. Cada vez que un conductor desv\u00eda la vista o la atenci\u00f3n de la carretera, aumenta la posibilidad de sufrir un accidente automovil\u00edstico. Los conductores tienen m\u00e1s distracciones a su disposici\u00f3n que nunca, incluidos tel\u00e9fonos m\u00f3viles, tabletas, sistemas GPS y otros dispositivos electr\u00f3nicos. Otras causas comunes de accidentes automovil\u00edsticos incluyen:<\/p>\n\n\n\n<ul class=\"wp-block-list\">\n<li>Seguir demasiado de cerca al veh\u00edculo que va delante<\/li>\n\n\n\n<li>No ceder<\/li>\n\n\n\n<li>Exceso de velocidad<\/li>\n\n\n\n<li><a href=\"https:\/\/lawcdh.com\/es\/areas-de-practica\/lesiones-personales\/accidente-automovilistico\/accidente-por-conducir-ebrio\/\">Conducir ebrio<\/a><\/li>\n\n\n\n<li>paso inadecuado<\/li>\n\n\n\n<li>Defectos en la carretera<\/li>\n\n\n\n<li>Veh\u00edculos y equipos defectuosos.<\/li>\n\n\n\n<li>Conducci\u00f3n fatigada<\/li>\n<\/ul>\n\n\n\n<h3 class=\"wp-block-heading\">\u00bfPor Qu\u00e9 Deber\u00eda Contratar a Un Abogado de Accidentes Automovil\u00edsticos en Nueva York?<\/h3>\n\n\n\n<p>Quiz\u00e1s se pregunte si necesita contratar a un abogado de accidentes automovil\u00edsticos en Nueva York. Consultar con un abogado puede ayudarlo a recuperar la m\u00e1xima cantidad de compensaci\u00f3n posible en su caso. En CDH Law PLLC, nuestros abogados saben a qu\u00e9 se enfrenta usted y qu\u00e9 se necesita para tener \u00e9xito en su caso. Hemos recuperado millones de d\u00f3lares para v\u00edctimas de accidentes automovil\u00edsticos como usted y lo ayudaremos a obtener el mejor acuerdo o indemnizaci\u00f3n posible. Cuando trabaja con CDH Law PLLC, puede estar seguro de que:<\/p>\n\n\n\n<ul class=\"wp-block-list\">\n<li>Brindarle la orientaci\u00f3n y el apoyo que necesita durante este momento abrumador.<\/li>\n\n\n\n<li>Escuche atentamente su versi\u00f3n de los hechos como base de nuestra investigaci\u00f3n.<\/li>\n\n\n\n<li>Llevar a cabo una investigaci\u00f3n exhaustiva sobre las circunstancias que rodearon el accidente automovil\u00edstico.<\/li>\n\n\n\n<li>Re\u00fana pruebas relevantes, como fotograf\u00edas, informes policiales y secuencias de v\u00eddeo.<\/li>\n\n\n\n<li>Manejar todas las comunicaciones con los proveedores de seguros y todas las dem\u00e1s partes.<\/li>\n\n\n\n<li>Trabaje para minimizar cualquier reclamo de que comparta la responsabilidad por el accidente automovil\u00edstico.<\/li>\n\n\n\n<li>Consulte con expertos en reconstrucci\u00f3n de accidentes.<\/li>\n\n\n\n<li>Consulte con especialistas en lesiones para estimar eficazmente el valor total de su reclamo.<\/li>\n<\/ul>\n\n\n\n<h3 class=\"wp-block-heading\">Demostrar Responsabilidad en Un Caso de Accidente Automovil\u00edstico<\/h3>\n\n\n\n<p>Demostrar la responsabilidad en un accidente automovil\u00edstico no siempre es f\u00e1cil, por lo que se beneficiar\u00e1 al trabajar con un abogado con experiencia. El estado de Nueva York tiene reglas de seguro sin culpa. Como resultado, primero deber\u00e1 acudir a su propio proveedor de seguros, independientemente de si tuvo o no la culpa. Su compa\u00f1\u00eda de seguros puede intentar negar o minimizar su reclamo. Nuestros abogados tienen amplia experiencia en el trato con compa\u00f1\u00edas de seguros.<\/p>\n\n\n\n<p>Si las lesiones por accidente automovil\u00edstico son graves, el costo de los da\u00f1os puede exceder lo que el proveedor de seguros est\u00e1 dispuesto a pagar. En ese caso, es posible que deba considerar presentar una demanda directamente contra el conductor o la empresa responsable. Trabajaremos para identificar a todas las partes responsables y demostrar que sus lesiones son lo suficientemente graves como para justificar una demanda por lesiones personales contra las partes culpables. Por ejemplo, es posible que tenga un reclamo legal contra el empleador del conductor o la Autoridad de Tr\u00e1nsito de la ciudad de Nueva York.<\/p>\n\n\n\n<h3 class=\"wp-block-heading\">Recuperaci\u00f3n de Compensaci\u00f3n en Un Accidente Automovil\u00edstico<\/h3>\n\n\n\n<p>Los accidentes automovil\u00edsticos pueden tener un efecto devastador en la salud f\u00edsica y las finanzas de una persona. Quienes sufren lesiones graves pueden perder la capacidad de volver a trabajar, lo que a\u00f1ade estr\u00e9s financiero a una situaci\u00f3n que ya es estresante. Las v\u00edctimas de accidentes automovil\u00edsticos en Nueva York tienen dos opciones diferentes para solicitar una compensaci\u00f3n. En primer lugar, pueden solicitar una indemnizaci\u00f3n a trav\u00e9s de la compa\u00f1\u00eda de seguros del conductor culpable. En segundo lugar, pueden optar por solicitar una indemnizaci\u00f3n mediante una demanda por lesiones personales.<\/p>\n\n\n\n<p>Cuando las acciones intencionales o atroces del conductor culpable causaron el accidente que result\u00f3 en la lesi\u00f3n de la v\u00edctima, la v\u00edctima puede solicitar da\u00f1os punitivos adicionales. En CDH Law PLLC, investigaremos cuidadosamente su caso y determinaremos el alcance total de sus da\u00f1os econ\u00f3micos y no econ\u00f3micos. Utilizando esta informaci\u00f3n, negociaremos para lograr el mejor acuerdo o veredicto posible en su caso.<\/p>\n\n\n\n<h3 class=\"wp-block-heading\">Da\u00f1os Econ\u00f3micos<\/h3>\n\n\n\n<p>El objetivo de conceder una indemnizaci\u00f3n econ\u00f3mica es intentar que la v\u00edctima vuelva a la situaci\u00f3n financiera en la que se encontraba antes del accidente automovil\u00edstico. Los da\u00f1os econ\u00f3micos tienen como objetivo compensar a la v\u00edctima por los costos financieros, gastos y p\u00e9rdidas f\u00e1cilmente cuantificables relacionados con el accidente automovil\u00edstico, que incluyen:<\/p>\n\n\n\n<ul class=\"wp-block-list\">\n<li>Gastos m\u00e9dicos actuales, incluidas estad\u00edas en el hospital, cirug\u00eda, rehabilitaci\u00f3n y m\u00e1s<\/li>\n\n\n\n<li>Gastos m\u00e9dicos futuros, incluida la atenci\u00f3n de seguimiento, dispositivos y equipos m\u00e9dicos<\/li>\n\n\n\n<li>Rehabilitaci\u00f3n<\/li>\n\n\n\n<li>Terapia f\u00edsica y ocupacional.<\/li>\n\n\n\n<li>Cuidado de enfermera<\/li>\n\n\n\n<li>Capacidad de ganancia reducida<\/li>\n\n\n\n<li>El costo de reemplazar o reparar la propiedad da\u00f1ada.<\/li>\n\n\n\n<li>Incapacidad temporal y\/o permanente<\/li>\n\n\n\n<li>P\u00e9rdida de ingresos y salarios<\/li>\n<\/ul>\n\n\n\n<h3 class=\"wp-block-heading\">Da\u00f1os No Econ\u00f3micos<\/h3>\n\n\n\n<p>No todos los da\u00f1os causados por un accidente automovil\u00edstico son econ\u00f3micos. Algunos son emocionales y mentales. Las v\u00edctimas que sufren lesiones graves a menudo experimentan un dolor f\u00edsico cr\u00f3nico insoportable y un sufrimiento emocional insoportable. A una v\u00edctima se le puede diagnosticar un trastorno de estr\u00e9s postraum\u00e1tico debido al incidente traum\u00e1tico del accidente automovil\u00edstico. Otra v\u00edctima de un accidente automovil\u00edstico puede enfrentar limitaciones importantes y no poder disfrutar de las actividades y relaciones que antes disfrutaba. Este tipo de consecuencias pueden ser tan graves como los da\u00f1os financieros. Ejemplos comunes de da\u00f1os no econ\u00f3micos incluyen los siguientes:<\/p>\n\n\n\n<ul class=\"wp-block-list\">\n<li>Estr\u00e9s emocional<\/li>\n\n\n\n<li>Dolor y sufrimiento<\/li>\n\n\n\n<li>Trastorno de estr\u00e9s postraum\u00e1tico, depresi\u00f3n y ansiedad<\/li>\n\n\n\n<li>Desfiguraci\u00f3n<\/li>\n\n\n\n<li>cicatrizaci\u00f3n<\/li>\n\n\n\n<li>P\u00e9rdida del disfrute de la vida.<\/li>\n\n\n\n<li>P\u00e9rdida de consorcio<\/li>\n\n\n\n<li>P\u00e9rdida de calidad de vida.<\/li>\n<\/ul>\n\n\n\n<h4 class=\"wp-block-heading\"><strong>Discuta Su Caso Con Un Abogado de Accidentes Automovil\u00edsticos de Syracuse Y El Centro de Nueva York Hoy<\/strong><\/h4>\n\n\n\n<p>CDH Law PLLC ha ayudado a sus clientes a recuperar millones de d\u00f3lares en compensaciones por accidentes automovil\u00edsticos en Syracuse y en todo el norte del estado de Nueva York. Si ha estado involucrado en alg\u00fan tipo de accidente automovil\u00edstico, incluido un accidente de peatones o de bicicletas, necesita un abogado con experiencia de su lado. Es posible que tenga derecho a una compensaci\u00f3n por sus lesiones. P\u00f3ngase en <a href=\"https:\/\/lawcdh.com\/es\/contacto\/\">contacto<\/a> con los abogados expertos en accidentes automovil\u00edsticos de Syracuse de CDH Law PLLC hoy para programar su consulta inicial gratuita.<\/p>\n","protected":false},"excerpt":{"rendered":"<p>Desafortunadamente, los neoyorquinos resultan heridos en accidentes automovil\u00edsticos todos los d\u00edas. Los accidentes automovil\u00edsticos se encuentran entre las causas m\u00e1s comunes de lesiones graves, incluidas lesiones cerebrales traum\u00e1ticas y lesiones de la m\u00e9dula espinal. Si ha tenido un accidente automovil\u00edstico en Nueva York, debe discutir su caso con un abogado lo antes posible. Es posible&#8230;<\/p>\n","protected":false},"author":17,"featured_media":2147,"parent":1771,"menu_order":0,"comment_status":"closed","ping_status":"closed","template":"","meta":{"_acf_changed":false,"footnotes":""},"tags":[],"class_list":["post-1794","page","type-page","status-publish","has-post-thumbnail","hentry"],"acf":[],"yoast_head":"<!-- This site is optimized with the Yoast SEO plugin v27.3 - https:\/\/yoast.com\/product\/yoast-seo-wordpress\/ -->\n<title>Abogado de Accidentes Automovil\u00edsticos en Syracuse | CDH Law<\/title>\n<meta name=\"description\" content=\"Si result\u00f3 lesionado en un accidente automovil\u00edstico en Syracuse, comun\u00edquese con nuestros abogados de lesiones personales.\" \/>\n<meta name=\"robots\" content=\"index, follow, max-snippet:-1, max-image-preview:large, max-video-preview:-1\" \/>\n<link rel=\"canonical\" href=\"https:\/\/lawcdh.com\/es\/areas-de-practica\/lesiones-personales\/accidente-automovilistico\/\" \/>\n<meta property=\"og:locale\" content=\"es_MX\" \/>\n<meta property=\"og:type\" content=\"article\" \/>\n<meta property=\"og:title\" content=\"Abogado de Accidentes Automovil\u00edsticos en Syracuse | CDH Law\" \/>\n<meta property=\"og:description\" content=\"Si result\u00f3 lesionado en un accidente automovil\u00edstico en Syracuse, comun\u00edquese con nuestros abogados de lesiones personales.\" \/>\n<meta property=\"og:url\" content=\"https:\/\/lawcdh.com\/es\/areas-de-practica\/lesiones-personales\/accidente-automovilistico\/\" \/>\n<meta property=\"og:site_name\" content=\"CDH Law PLLC ES\" \/>\n<meta property=\"article:modified_time\" content=\"2024-02-08T21:12:53+00:00\" \/>\n<meta property=\"og:image\" content=\"https:\/\/lawcdh.com\/es\/wp-content\/uploads\/sites\/2\/2023\/07\/car-accident-attorney-3.png\" \/>\n\t<meta property=\"og:image:width\" content=\"1200\" \/>\n\t<meta property=\"og:image:height\" content=\"500\" \/>\n\t<meta property=\"og:image:type\" content=\"image\/png\" \/>\n<meta name=\"twitter:card\" content=\"summary_large_image\" \/>\n<meta name=\"twitter:label1\" content=\"Est. reading time\" \/>\n\t<meta name=\"twitter:data1\" content=\"6 minutos\" \/>\n<script type=\"application\/ld+json\" class=\"yoast-schema-graph\">{\"@context\":\"https:\\\/\\\/schema.org\",\"@graph\":[{\"@type\":\"WebPage\",\"@id\":\"https:\\\/\\\/lawcdh.com\\\/es\\\/areas-de-practica\\\/lesiones-personales\\\/accidente-automovilistico\\\/\",\"url\":\"https:\\\/\\\/lawcdh.com\\\/es\\\/areas-de-practica\\\/lesiones-personales\\\/accidente-automovilistico\\\/\",\"name\":\"Abogado de Accidentes Automovil\u00edsticos en Syracuse | CDH Law\",\"isPartOf\":{\"@id\":\"https:\\\/\\\/lawcdh.com\\\/es\\\/#website\"},\"primaryImageOfPage\":{\"@id\":\"https:\\\/\\\/lawcdh.com\\\/es\\\/areas-de-practica\\\/lesiones-personales\\\/accidente-automovilistico\\\/#primaryimage\"},\"image\":{\"@id\":\"https:\\\/\\\/lawcdh.com\\\/es\\\/areas-de-practica\\\/lesiones-personales\\\/accidente-automovilistico\\\/#primaryimage\"},\"thumbnailUrl\":\"https:\\\/\\\/lawcdh.com\\\/es\\\/wp-content\\\/uploads\\\/sites\\\/2\\\/2023\\\/07\\\/car-accident-attorney-3.png\",\"datePublished\":\"2022-02-14T17:32:02+00:00\",\"dateModified\":\"2024-02-08T21:12:53+00:00\",\"description\":\"Si result\u00f3 lesionado en un accidente automovil\u00edstico en Syracuse, comun\u00edquese con nuestros abogados de lesiones personales.\",\"breadcrumb\":{\"@id\":\"https:\\\/\\\/lawcdh.com\\\/es\\\/areas-de-practica\\\/lesiones-personales\\\/accidente-automovilistico\\\/#breadcrumb\"},\"inLanguage\":\"es\",\"potentialAction\":[{\"@type\":\"ReadAction\",\"target\":[\"https:\\\/\\\/lawcdh.com\\\/es\\\/areas-de-practica\\\/lesiones-personales\\\/accidente-automovilistico\\\/\"]}]},{\"@type\":\"ImageObject\",\"inLanguage\":\"es\",\"@id\":\"https:\\\/\\\/lawcdh.com\\\/es\\\/areas-de-practica\\\/lesiones-personales\\\/accidente-automovilistico\\\/#primaryimage\",\"url\":\"https:\\\/\\\/lawcdh.com\\\/es\\\/wp-content\\\/uploads\\\/sites\\\/2\\\/2023\\\/07\\\/car-accident-attorney-3.png\",\"contentUrl\":\"https:\\\/\\\/lawcdh.com\\\/es\\\/wp-content\\\/uploads\\\/sites\\\/2\\\/2023\\\/07\\\/car-accident-attorney-3.png\",\"width\":1200,\"height\":500,\"caption\":\"Car accident\"},{\"@type\":\"BreadcrumbList\",\"@id\":\"https:\\\/\\\/lawcdh.com\\\/es\\\/areas-de-practica\\\/lesiones-personales\\\/accidente-automovilistico\\\/#breadcrumb\",\"itemListElement\":[{\"@type\":\"ListItem\",\"position\":1,\"name\":\"Home\",\"item\":\"https:\\\/\\\/lawcdh.com\\\/es\\\/\"},{\"@type\":\"ListItem\",\"position\":2,\"name\":\"\u00c1reas de Pr\u00e1ctica\",\"item\":\"https:\\\/\\\/lawcdh.com\\\/es\\\/areas-de-practica\\\/\"},{\"@type\":\"ListItem\",\"position\":3,\"name\":\"Lesiones Personales\",\"item\":\"https:\\\/\\\/lawcdh.com\\\/es\\\/areas-de-practica\\\/lesiones-personales\\\/\"},{\"@type\":\"ListItem\",\"position\":4,\"name\":\"Accidente Automovilistico\"}]},{\"@type\":\"WebSite\",\"@id\":\"https:\\\/\\\/lawcdh.com\\\/es\\\/#website\",\"url\":\"https:\\\/\\\/lawcdh.com\\\/es\\\/\",\"name\":\"CDH Law PLLC ES\",\"description\":\"\",\"potentialAction\":[{\"@type\":\"SearchAction\",\"target\":{\"@type\":\"EntryPoint\",\"urlTemplate\":\"https:\\\/\\\/lawcdh.com\\\/es\\\/?s={search_term_string}\"},\"query-input\":{\"@type\":\"PropertyValueSpecification\",\"valueRequired\":true,\"valueName\":\"search_term_string\"}}],\"inLanguage\":\"es\"}]}<\/script>\n<!-- \/ Yoast SEO plugin. -->","yoast_head_json":{"title":"Abogado de Accidentes Automovil\u00edsticos en Syracuse | CDH Law","description":"Si result\u00f3 lesionado en un accidente automovil\u00edstico en Syracuse, comun\u00edquese con nuestros abogados de lesiones personales.","robots":{"index":"index","follow":"follow","max-snippet":"max-snippet:-1","max-image-preview":"max-image-preview:large","max-video-preview":"max-video-preview:-1"},"canonical":"https:\/\/lawcdh.com\/es\/areas-de-practica\/lesiones-personales\/accidente-automovilistico\/","og_locale":"es_MX","og_type":"article","og_title":"Abogado de Accidentes Automovil\u00edsticos en Syracuse | CDH Law","og_description":"Si result\u00f3 lesionado en un accidente automovil\u00edstico en Syracuse, comun\u00edquese con nuestros abogados de lesiones personales.","og_url":"https:\/\/lawcdh.com\/es\/areas-de-practica\/lesiones-personales\/accidente-automovilistico\/","og_site_name":"CDH Law PLLC ES","article_modified_time":"2024-02-08T21:12:53+00:00","og_image":[{"width":1200,"height":500,"url":"https:\/\/lawcdh.com\/es\/wp-content\/uploads\/sites\/2\/2023\/07\/car-accident-attorney-3.png","type":"image\/png"}],"twitter_card":"summary_large_image","twitter_misc":{"Est. reading time":"6 minutos"},"schema":{"@context":"https:\/\/schema.org","@graph":[{"@type":"WebPage","@id":"https:\/\/lawcdh.com\/es\/areas-de-practica\/lesiones-personales\/accidente-automovilistico\/","url":"https:\/\/lawcdh.com\/es\/areas-de-practica\/lesiones-personales\/accidente-automovilistico\/","name":"Abogado de Accidentes Automovil\u00edsticos en Syracuse | CDH Law","isPartOf":{"@id":"https:\/\/lawcdh.com\/es\/#website"},"primaryImageOfPage":{"@id":"https:\/\/lawcdh.com\/es\/areas-de-practica\/lesiones-personales\/accidente-automovilistico\/#primaryimage"},"image":{"@id":"https:\/\/lawcdh.com\/es\/areas-de-practica\/lesiones-personales\/accidente-automovilistico\/#primaryimage"},"thumbnailUrl":"https:\/\/lawcdh.com\/es\/wp-content\/uploads\/sites\/2\/2023\/07\/car-accident-attorney-3.png","datePublished":"2022-02-14T17:32:02+00:00","dateModified":"2024-02-08T21:12:53+00:00","description":"Si result\u00f3 lesionado en un accidente automovil\u00edstico en Syracuse, comun\u00edquese con nuestros abogados de lesiones personales.","breadcrumb":{"@id":"https:\/\/lawcdh.com\/es\/areas-de-practica\/lesiones-personales\/accidente-automovilistico\/#breadcrumb"},"inLanguage":"es","potentialAction":[{"@type":"ReadAction","target":["https:\/\/lawcdh.com\/es\/areas-de-practica\/lesiones-personales\/accidente-automovilistico\/"]}]},{"@type":"ImageObject","inLanguage":"es","@id":"https:\/\/lawcdh.com\/es\/areas-de-practica\/lesiones-personales\/accidente-automovilistico\/#primaryimage","url":"https:\/\/lawcdh.com\/es\/wp-content\/uploads\/sites\/2\/2023\/07\/car-accident-attorney-3.png","contentUrl":"https:\/\/lawcdh.com\/es\/wp-content\/uploads\/sites\/2\/2023\/07\/car-accident-attorney-3.png","width":1200,"height":500,"caption":"Car accident"},{"@type":"BreadcrumbList","@id":"https:\/\/lawcdh.com\/es\/areas-de-practica\/lesiones-personales\/accidente-automovilistico\/#breadcrumb","itemListElement":[{"@type":"ListItem","position":1,"name":"Home","item":"https:\/\/lawcdh.com\/es\/"},{"@type":"ListItem","position":2,"name":"\u00c1reas de Pr\u00e1ctica","item":"https:\/\/lawcdh.com\/es\/areas-de-practica\/"},{"@type":"ListItem","position":3,"name":"Lesiones Personales","item":"https:\/\/lawcdh.com\/es\/areas-de-practica\/lesiones-personales\/"},{"@type":"ListItem","position":4,"name":"Accidente Automovilistico"}]},{"@type":"WebSite","@id":"https:\/\/lawcdh.com\/es\/#website","url":"https:\/\/lawcdh.com\/es\/","name":"CDH Law PLLC ES","description":"","potentialAction":[{"@type":"SearchAction","target":{"@type":"EntryPoint","urlTemplate":"https:\/\/lawcdh.com\/es\/?s={search_term_string}"},"query-input":{"@type":"PropertyValueSpecification","valueRequired":true,"valueName":"search_term_string"}}],"inLanguage":"es"}]}},"_links":{"self":[{"href":"https:\/\/lawcdh.com\/es\/wp-json\/wp\/v2\/pages\/1794","targetHints":{"allow":["GET"]}}],"collection":[{"href":"https:\/\/lawcdh.com\/es\/wp-json\/wp\/v2\/pages"}],"about":[{"href":"https:\/\/lawcdh.com\/es\/wp-json\/wp\/v2\/types\/page"}],"author":[{"embeddable":true,"href":"https:\/\/lawcdh.com\/es\/wp-json\/wp\/v2\/users\/17"}],"replies":[{"embeddable":true,"href":"https:\/\/lawcdh.com\/es\/wp-json\/wp\/v2\/comments?post=1794"}],"version-history":[{"count":0,"href":"https:\/\/lawcdh.com\/es\/wp-json\/wp\/v2\/pages\/1794\/revisions"}],"up":[{"embeddable":true,"href":"https:\/\/lawcdh.com\/es\/wp-json\/wp\/v2\/pages\/1771"}],"wp:featuredmedia":[{"embeddable":true,"href":"https:\/\/lawcdh.com\/es\/wp-json\/wp\/v2\/media\/2147"}],"wp:attachment":[{"href":"https:\/\/lawcdh.com\/es\/wp-json\/wp\/v2\/media?parent=1794"}],"wp:term":[{"taxonomy":"post_tag","embeddable":true,"href":"https:\/\/lawcdh.com\/es\/wp-json\/wp\/v2\/tags?post=1794"}],"curies":[{"name":"wp","href":"https:\/\/api.w.org\/{rel}","templated":true}]}}