{"id":1840,"date":"2022-05-16T14:10:25","date_gmt":"2022-05-16T14:10:25","guid":{"rendered":"https:\/\/lawcdh.com\/?page_id=1840"},"modified":"2024-01-31T21:36:06","modified_gmt":"2024-01-31T21:36:06","slug":"paralisis-cerebral","status":"publish","type":"page","link":"https:\/\/lawcdh.com\/es\/areas-de-practica\/lesiones-personales\/negligencia-medica\/lesion-de-nacimiento\/paralisis-cerebral\/","title":{"rendered":"Par\u00e1lisis Cerebral"},"content":{"rendered":"\n<p><span style=\"font-weight: 400\">A pesar de todos los avances significativos en la ciencia y la medicina, muchos ni\u00f1os todav\u00eda nacen con lesiones graves como par\u00e1lisis cerebral. Algunas lesiones de nacimiento que causan par\u00e1lisis cerebral se pueden prevenir y ocurren debido a la negligencia del profesional m\u00e9dico tratante. Cuando la <a href=\"https:\/\/lawcdh.com\/es\/areas-de-practica\/lesiones-personales\/negligencia-medica\/negligencia-hospitalaria\/\">negligencia <\/a>de m\u00e9dicos, enfermeras, parteras u otros profesionales m\u00e9dicos resulta en una lesi\u00f3n en el parto, la v\u00edctima y su familia pueden solicitar una compensaci\u00f3n a trav\u00e9s de un caso de negligencia m\u00e9dica.<\/span><\/p>\n\n\n\n<p>Con sede en Syracuse, Nueva York, el abogado Josh Gillette, asesor de <a href=\"https:\/\/lawcdh.com\/es\/\">CDH Law PLLC<\/a>, ha ayudado a nuestros clientes a obtener da\u00f1os monetarios por muchos tipos de lesiones de nacimiento, incluida la par\u00e1lisis cerebral. El Estado de Nueva York tiene un <a href=\"https:\/\/www.health.ny.gov\/regulations\/medical_indemnity_fund\/\" target=\"_blank\" rel=\"noreferrer noopener\">Fondo de Indemnizaci\u00f3n M\u00e9dica (FOMIN)<\/a> para beb\u00e9s nacidos con lesiones cerebrales que cambia la forma en que se calculan los da\u00f1os y permite a los lesionados tener multitud de tratamientos, e incluso cierto tipo de modificaciones en sus hogares, y sus veh\u00edculos por el FOMIN. El Sr. Gillette ha manejado casos a trav\u00e9s del FOMIN y cre\u00f3 y present\u00f3 un CLE (Curso de Educaci\u00f3n Legal Continua) sobre lesiones de nacimiento que resultan en lesiones cerebrales y el FOMIN.<\/p>\n\n\n\n<p><span style=\"font-weight: 400\">Revisaremos cuidadosamente su caso para comprender el alcance total de sus lesiones. Cont\u00e1ctenos hoy para programar su consulta inicial gratuita y obtener m\u00e1s informaci\u00f3n sobre sus derechos legales.<\/span><\/p>\n\n\n\n<h2 class=\"wp-block-heading\" id=\"que-es-la-paralisis-cerebral\">\u00bfQu\u00e9 Es La Par\u00e1lisis Cerebral?<\/h2>\n\n\n\n<p>La par\u00e1lisis cerebral puede ser una lesi\u00f3n debilitante en el nacimiento causada de forma org\u00e1nica o debido a una negligencia m\u00e9dica. La mayor\u00eda de los casos se producen antes o durante el nacimiento del ni\u00f1o. La par\u00e1lisis cerebral describe un grupo de trastornos m\u00e9dicos que afectan la capacidad de las personas para controlar sus movimientos corporales. Los retrasos motores pueden ocurrir cuando el cerebro de una persona sufre da\u00f1o en el \u00e1rea que controla los m\u00fasculos. La par\u00e1lisis cerebral puede ser causada por una falta de ox\u00edgeno en el cerebro durante el proceso del parto, lo que puede prevenirse si los proveedores de atenci\u00f3n m\u00e9dica act\u00faan con la suficiente rapidez y no son negligentes cuando se presentan los signos y s\u00edntomas.<\/p>\n\n\n\n<p>Adem\u00e1s, la par\u00e1lisis cerebral puede ser causada por un golpe en la cabeza durante el proceso de parto, lo que provoca hematomas y sangrado en el cerebro. Por ejemplo, supongamos que un m\u00e9dico utiliza negligentemente f\u00f3rceps para dar a luz al beb\u00e9 y los f\u00f3rceps aplastan parte del cr\u00e1neo del beb\u00e9, lo que provoca una lesi\u00f3n cerebral. En ese caso, al beb\u00e9 se le puede diagnosticar par\u00e1lisis cerebral. Aunque es una de las causas m\u00e1s comunes de discapacidad cr\u00f3nica infantil, puede causar una variedad de deficiencias que van desde leves hasta graves.<\/p>\n\n\n\n<h3 class=\"wp-block-heading\">Causas Comunes de Par\u00e1lisis Cerebral en Casos de Negligencia M\u00e9dica<\/h3>\n\n\n\n<p>En algunos casos, no se conoce el motivo del diagn\u00f3stico de par\u00e1lisis cerebral de un beb\u00e9 o un ni\u00f1o. Sin embargo, aunque a\u00fan se desconoce mucho sobre las causas exactas de la par\u00e1lisis cerebral, sabemos que la negligencia m\u00e9dica es una de las causas m\u00e1s comunes. Los casos t\u00edpicos causados por negligencia m\u00e9dica ocurren cuando el proveedor m\u00e9dico no reconoce ni trata correctamente los riesgos para el ni\u00f1o. Por ejemplo, cualquier alteraci\u00f3n en el suministro de ox\u00edgeno y sangre al feto puede causar angustia y provocar una lesi\u00f3n cerebral al feto.<\/p>\n\n\n\n<p>La angustia puede manifestarse en las contradicciones de la madre o en la visualizaci\u00f3n gr\u00e1fica del ritmo y frecuencia card\u00edaca del beb\u00e9. Los m\u00e9dicos deben controlar a las madres durante el embarazo. Si ven alguna anomal\u00eda, los m\u00e9dicos tienen la responsabilidad legal de tratar el problema con prontitud. En algunos casos, puede ser necesaria una ces\u00e1rea.<\/p>\n\n\n\n<h3 class=\"wp-block-heading\">Negligencia M\u00e9dica Por Falta de Diagn\u00f3stico<\/h3>\n\n\n\n<p><span style=\"font-weight: 400\">Si el m\u00e9dico no diagnostica el problema ni trata a la madre para detener el sufrimiento fetal que causa la par\u00e1lisis cerebral, puede ser considerado responsable. Del mismo modo, si un m\u00e9dico no toma medidas razonables para evitar que se produzca un parto prematuro, podr\u00eda ser considerado responsable de la par\u00e1lisis cerebral resultante causada por el parto prematuro. Las siguientes causas pueden deberse a negligencia del m\u00e9dico:\u00a0<\/span><\/p>\n\n\n\n<ul class=\"wp-block-list\">\n<li>El m\u00e9dico no control\u00f3 los niveles de ox\u00edgeno del beb\u00e9 antes o durante el parto.<\/li>\n\n\n\n<li>El m\u00e9dico no logr\u00f3 identificar la infecci\u00f3n de la madre durante el embarazo.<\/li>\n\n\n\n<li>El m\u00e9dico no pudo diagnosticar una infecci\u00f3n urinaria o renal durante el embarazo.<\/li>\n\n\n\n<li>El beb\u00e9 sufri\u00f3 un traumatismo craneoencef\u00e1lico durante el proceso del parto.<\/li>\n\n\n\n<li>El m\u00e9dico no orden\u00f3 una ces\u00e1rea o no la orden\u00f3 a tiempo<\/li>\n\n\n\n<li>El personal m\u00e9dico no reaccion\u00f3 adecuadamente ante las complicaciones de manera oportuna.<\/li>\n\n\n\n<li>El m\u00e9dico le administr\u00f3 demasiada pitocina.<\/li>\n<\/ul>\n\n\n\n<h3 class=\"wp-block-heading\">Signos Y S\u00edntomas<\/h3>\n\n\n\n<p><span style=\"font-weight: 400\">En casos graves, los signos de par\u00e1lisis cerebral pueden aparecer poco despu\u00e9s del nacimiento. Por ejemplo, es posible que un reci\u00e9n nacido gravemente afectado no pueda beber leche por s\u00ed solo debido a una discapacidad motora. En otros casos, los signos de par\u00e1lisis cerebral no se hacen evidentes hasta que el ni\u00f1o cumple dos o tres a\u00f1os. Algunos de los signos m\u00e1s comunes incluyen los siguientes:<\/span><\/p>\n\n\n\n<ul class=\"wp-block-list\">\n<li>Ataxia, que es la falta de coordinaci\u00f3n muscular durante los movimientos voluntarios.<\/li>\n\n\n\n<li>Espasticidad, que involucra m\u00fasculos que se tensan junto con reflejos exagerados.<\/li>\n\n\n\n<li>Dificultades excesivas para tragar o babeo.<\/li>\n\n\n\n<li>Movimientos involuntarios o temblores.<\/li>\n\n\n\n<li>Arrastrar un pie al caminar<\/li>\n\n\n\n<li>Caminar de puntillas<\/li>\n\n\n\n<li>Favorecer un lado del cuerpo<\/li>\n\n\n\n<li>Tono muscular demasiado \u201cflexible\u201d o demasiado tenso<\/li>\n\n\n\n<li>Dificultad con las habilidades motoras finas, como escribir o agarrar objetos peque\u00f1os.<\/li>\n<\/ul>\n\n\n\n<h3 class=\"wp-block-heading\">Compensaci\u00f3n Disponible en Una Demanda Por Par\u00e1lisis Cerebral<\/h3>\n\n\n\n<p>En los casos de negligencia m\u00e9dica, las v\u00edctimas exitosas pueden recuperar da\u00f1os econ\u00f3micos y no econ\u00f3micos. Los da\u00f1os econ\u00f3micos incluyen da\u00f1os f\u00e1cilmente cuantificables, como gastos m\u00e9dicos pasados y futuros y p\u00e9rdida de capacidad de generar ingresos. Para muchos ni\u00f1os con par\u00e1lisis cerebral, los gastos m\u00e9dicos necesarios para brindar atenci\u00f3n continua son elevados. Los ni\u00f1os con par\u00e1lisis cerebral generalmente necesitan fisioterapia y terapia ocupacional y muchos otros tipos de terapia.<\/p>\n\n\n\n<p>En casos de par\u00e1lisis cerebral grave, es posible que el ni\u00f1o necesite un cuidador a tiempo completo para ayudarle con la alimentaci\u00f3n, el uso del ba\u00f1o y otras funciones b\u00e1sicas. Los demandantes tambi\u00e9n tienen derecho a da\u00f1os no econ\u00f3micos, como dolor y sufrimiento. Cuando los m\u00e9dicos act\u00faan con deliberado desprecio por la seguridad de un paciente, pueden tener derecho a da\u00f1os punitivos adicionales. En <a href=\"https:\/\/lawcdh.com\/es\/sobre-nosotros\/\">CDH Law PLLC<\/a>, trabajamos con una red de expertos para ayudarlo a comprender el alcance total de sus da\u00f1os en el futuro. Desarrollaremos un caso legal s\u00f3lido y buscaremos la cantidad total de compensaci\u00f3n que usted merece.<\/p>\n\n\n\n<h4 class=\"wp-block-heading\"><strong>P\u00f3ngase en Contacto Con Un Abogado Especializado en Par\u00e1lisis Cerebral de Syracuse Y El Centro de Nueva York Hoy<\/strong><\/h4>\n\n\n\n<p>Si el diagn\u00f3stico de par\u00e1lisis cerebral de su hijo se debi\u00f3 a una negligencia m\u00e9dica, es posible que tenga derecho a una compensaci\u00f3n. En CDH Law PLLC revisaremos cuidadosamente su caso durante su evaluaci\u00f3n gratuita y discutiremos sus opciones legales con usted. El Sr. Gillette ha recuperado millones de d\u00f3lares en compensaci\u00f3n para v\u00edctimas de negligencia m\u00e9dica en el \u00e1rea metropolitana de Syracuse y el centro de Nueva York. <a href=\"https:\/\/lawcdh.com\/es\/contacto\/\">Comun\u00edquese con CDH Law PLLC<\/a> hoy para programar su consulta gratuita con uno de nuestros abogados de par\u00e1lisis cerebral.<\/p>\n\n\n\n<p><strong>Carden Dotzler Hammond, PLLC representa a clientes en todo Syracuse y en las siguientes ciudades y pueblos del condado de Onondaga: Camillus, Cicero, Clay, Dewitt, Elbridge, Geddes, Manlius, Marcellus, Onondaga, Salina, Skaneateles, Baldwinsville, East Syracuse, Fayetteville, Liverpool , North Syracuse y Solvay<\/strong>.<\/p>\n","protected":false},"excerpt":{"rendered":"<p>A pesar de todos los avances significativos en la ciencia y la medicina, muchos ni\u00f1os todav\u00eda nacen con lesiones graves como par\u00e1lisis cerebral. Algunas lesiones de nacimiento que causan par\u00e1lisis cerebral se pueden prevenir y ocurren debido a la negligencia del profesional m\u00e9dico tratante. Cuando la negligencia de m\u00e9dicos, enfermeras, parteras u otros profesionales m\u00e9dicos&#8230;<\/p>\n","protected":false},"author":17,"featured_media":1847,"parent":1831,"menu_order":0,"comment_status":"closed","ping_status":"closed","template":"","meta":{"_acf_changed":false,"footnotes":""},"tags":[],"class_list":["post-1840","page","type-page","status-publish","has-post-thumbnail","hentry"],"acf":[],"yoast_head":"<!-- This site is optimized with the Yoast SEO plugin v27.4 - https:\/\/yoast.com\/product\/yoast-seo-wordpress\/ -->\n<title>Abogados de Par\u00e1lisis Cerebral en El Centro de Nueva York | CDH<\/title>\n<meta name=\"description\" content=\"Si el diagn\u00f3stico de par\u00e1lisis cerebral de su hijo se debi\u00f3 a una negligencia m\u00e9dica, es posible que tenga derecho a una compensaci\u00f3n.\" \/>\n<meta name=\"robots\" content=\"index, follow, max-snippet:-1, max-image-preview:large, max-video-preview:-1\" \/>\n<link rel=\"canonical\" href=\"https:\/\/lawcdh.com\/es\/areas-de-practica\/lesiones-personales\/negligencia-medica\/lesion-de-nacimiento\/paralisis-cerebral\/\" \/>\n<meta property=\"og:locale\" content=\"es_MX\" \/>\n<meta property=\"og:type\" content=\"article\" \/>\n<meta property=\"og:title\" content=\"Abogados de Par\u00e1lisis Cerebral en El Centro de Nueva York | CDH\" \/>\n<meta property=\"og:description\" content=\"Si el diagn\u00f3stico de par\u00e1lisis cerebral de su hijo se debi\u00f3 a una negligencia m\u00e9dica, es posible que tenga derecho a una compensaci\u00f3n.\" \/>\n<meta property=\"og:url\" content=\"https:\/\/lawcdh.com\/es\/areas-de-practica\/lesiones-personales\/negligencia-medica\/lesion-de-nacimiento\/paralisis-cerebral\/\" \/>\n<meta property=\"og:site_name\" content=\"CDH Law PLLC ES\" \/>\n<meta property=\"article:modified_time\" content=\"2024-01-31T21:36:06+00:00\" \/>\n<meta property=\"og:image\" content=\"https:\/\/lawcdh.com\/es\/wp-content\/uploads\/sites\/2\/2022\/05\/cerebral-palsy-1.jpg\" \/>\n\t<meta property=\"og:image:width\" content=\"730\" \/>\n\t<meta property=\"og:image:height\" content=\"300\" \/>\n\t<meta property=\"og:image:type\" content=\"image\/jpeg\" \/>\n<meta name=\"twitter:card\" content=\"summary_large_image\" \/>\n<meta name=\"twitter:label1\" content=\"Est. reading time\" \/>\n\t<meta name=\"twitter:data1\" content=\"6 minutos\" \/>\n<script type=\"application\/ld+json\" class=\"yoast-schema-graph\">{\"@context\":\"https:\\\/\\\/schema.org\",\"@graph\":[{\"@type\":\"WebPage\",\"@id\":\"https:\\\/\\\/lawcdh.com\\\/es\\\/areas-de-practica\\\/lesiones-personales\\\/negligencia-medica\\\/lesion-de-nacimiento\\\/paralisis-cerebral\\\/\",\"url\":\"https:\\\/\\\/lawcdh.com\\\/es\\\/areas-de-practica\\\/lesiones-personales\\\/negligencia-medica\\\/lesion-de-nacimiento\\\/paralisis-cerebral\\\/\",\"name\":\"Abogados de Par\u00e1lisis Cerebral en El Centro de Nueva York | CDH\",\"isPartOf\":{\"@id\":\"https:\\\/\\\/lawcdh.com\\\/es\\\/#website\"},\"primaryImageOfPage\":{\"@id\":\"https:\\\/\\\/lawcdh.com\\\/es\\\/areas-de-practica\\\/lesiones-personales\\\/negligencia-medica\\\/lesion-de-nacimiento\\\/paralisis-cerebral\\\/#primaryimage\"},\"image\":{\"@id\":\"https:\\\/\\\/lawcdh.com\\\/es\\\/areas-de-practica\\\/lesiones-personales\\\/negligencia-medica\\\/lesion-de-nacimiento\\\/paralisis-cerebral\\\/#primaryimage\"},\"thumbnailUrl\":\"https:\\\/\\\/lawcdh.com\\\/es\\\/wp-content\\\/uploads\\\/sites\\\/2\\\/2022\\\/05\\\/cerebral-palsy-1.jpg\",\"datePublished\":\"2022-05-16T14:10:25+00:00\",\"dateModified\":\"2024-01-31T21:36:06+00:00\",\"description\":\"Si el diagn\u00f3stico de par\u00e1lisis cerebral de su hijo se debi\u00f3 a una negligencia m\u00e9dica, es posible que tenga derecho a una compensaci\u00f3n.\",\"breadcrumb\":{\"@id\":\"https:\\\/\\\/lawcdh.com\\\/es\\\/areas-de-practica\\\/lesiones-personales\\\/negligencia-medica\\\/lesion-de-nacimiento\\\/paralisis-cerebral\\\/#breadcrumb\"},\"inLanguage\":\"es\",\"potentialAction\":[{\"@type\":\"ReadAction\",\"target\":[\"https:\\\/\\\/lawcdh.com\\\/es\\\/areas-de-practica\\\/lesiones-personales\\\/negligencia-medica\\\/lesion-de-nacimiento\\\/paralisis-cerebral\\\/\"]}]},{\"@type\":\"ImageObject\",\"inLanguage\":\"es\",\"@id\":\"https:\\\/\\\/lawcdh.com\\\/es\\\/areas-de-practica\\\/lesiones-personales\\\/negligencia-medica\\\/lesion-de-nacimiento\\\/paralisis-cerebral\\\/#primaryimage\",\"url\":\"https:\\\/\\\/lawcdh.com\\\/es\\\/wp-content\\\/uploads\\\/sites\\\/2\\\/2022\\\/05\\\/cerebral-palsy-1.jpg\",\"contentUrl\":\"https:\\\/\\\/lawcdh.com\\\/es\\\/wp-content\\\/uploads\\\/sites\\\/2\\\/2022\\\/05\\\/cerebral-palsy-1.jpg\",\"width\":730,\"height\":300,\"caption\":\"child with cerebral palsy in wheelchair\"},{\"@type\":\"BreadcrumbList\",\"@id\":\"https:\\\/\\\/lawcdh.com\\\/es\\\/areas-de-practica\\\/lesiones-personales\\\/negligencia-medica\\\/lesion-de-nacimiento\\\/paralisis-cerebral\\\/#breadcrumb\",\"itemListElement\":[{\"@type\":\"ListItem\",\"position\":1,\"name\":\"Home\",\"item\":\"https:\\\/\\\/lawcdh.com\\\/es\\\/\"},{\"@type\":\"ListItem\",\"position\":2,\"name\":\"\u00c1reas de Pr\u00e1ctica\",\"item\":\"https:\\\/\\\/lawcdh.com\\\/es\\\/areas-de-practica\\\/\"},{\"@type\":\"ListItem\",\"position\":3,\"name\":\"Lesiones Personales\",\"item\":\"https:\\\/\\\/lawcdh.com\\\/es\\\/areas-de-practica\\\/lesiones-personales\\\/\"},{\"@type\":\"ListItem\",\"position\":4,\"name\":\"Negligencia M\u00e9dica\",\"item\":\"https:\\\/\\\/lawcdh.com\\\/es\\\/areas-de-practica\\\/lesiones-personales\\\/negligencia-medica\\\/\"},{\"@type\":\"ListItem\",\"position\":5,\"name\":\"Lesi\u00f3n de Nacimiento\",\"item\":\"https:\\\/\\\/lawcdh.com\\\/es\\\/areas-de-practica\\\/lesiones-personales\\\/negligencia-medica\\\/lesion-de-nacimiento\\\/\"},{\"@type\":\"ListItem\",\"position\":6,\"name\":\"Par\u00e1lisis Cerebral\"}]},{\"@type\":\"WebSite\",\"@id\":\"https:\\\/\\\/lawcdh.com\\\/es\\\/#website\",\"url\":\"https:\\\/\\\/lawcdh.com\\\/es\\\/\",\"name\":\"CDH Law PLLC ES\",\"description\":\"\",\"potentialAction\":[{\"@type\":\"SearchAction\",\"target\":{\"@type\":\"EntryPoint\",\"urlTemplate\":\"https:\\\/\\\/lawcdh.com\\\/es\\\/?s={search_term_string}\"},\"query-input\":{\"@type\":\"PropertyValueSpecification\",\"valueRequired\":true,\"valueName\":\"search_term_string\"}}],\"inLanguage\":\"es\"}]}<\/script>\n<!-- \/ Yoast SEO plugin. -->","yoast_head_json":{"title":"Abogados de Par\u00e1lisis Cerebral en El Centro de Nueva York | CDH","description":"Si el diagn\u00f3stico de par\u00e1lisis cerebral de su hijo se debi\u00f3 a una negligencia m\u00e9dica, es posible que tenga derecho a una compensaci\u00f3n.","robots":{"index":"index","follow":"follow","max-snippet":"max-snippet:-1","max-image-preview":"max-image-preview:large","max-video-preview":"max-video-preview:-1"},"canonical":"https:\/\/lawcdh.com\/es\/areas-de-practica\/lesiones-personales\/negligencia-medica\/lesion-de-nacimiento\/paralisis-cerebral\/","og_locale":"es_MX","og_type":"article","og_title":"Abogados de Par\u00e1lisis Cerebral en El Centro de Nueva York | CDH","og_description":"Si el diagn\u00f3stico de par\u00e1lisis cerebral de su hijo se debi\u00f3 a una negligencia m\u00e9dica, es posible que tenga derecho a una compensaci\u00f3n.","og_url":"https:\/\/lawcdh.com\/es\/areas-de-practica\/lesiones-personales\/negligencia-medica\/lesion-de-nacimiento\/paralisis-cerebral\/","og_site_name":"CDH Law PLLC ES","article_modified_time":"2024-01-31T21:36:06+00:00","og_image":[{"width":730,"height":300,"url":"https:\/\/lawcdh.com\/es\/wp-content\/uploads\/sites\/2\/2022\/05\/cerebral-palsy-1.jpg","type":"image\/jpeg"}],"twitter_card":"summary_large_image","twitter_misc":{"Est. reading time":"6 minutos"},"schema":{"@context":"https:\/\/schema.org","@graph":[{"@type":"WebPage","@id":"https:\/\/lawcdh.com\/es\/areas-de-practica\/lesiones-personales\/negligencia-medica\/lesion-de-nacimiento\/paralisis-cerebral\/","url":"https:\/\/lawcdh.com\/es\/areas-de-practica\/lesiones-personales\/negligencia-medica\/lesion-de-nacimiento\/paralisis-cerebral\/","name":"Abogados de Par\u00e1lisis Cerebral en El Centro de Nueva York | CDH","isPartOf":{"@id":"https:\/\/lawcdh.com\/es\/#website"},"primaryImageOfPage":{"@id":"https:\/\/lawcdh.com\/es\/areas-de-practica\/lesiones-personales\/negligencia-medica\/lesion-de-nacimiento\/paralisis-cerebral\/#primaryimage"},"image":{"@id":"https:\/\/lawcdh.com\/es\/areas-de-practica\/lesiones-personales\/negligencia-medica\/lesion-de-nacimiento\/paralisis-cerebral\/#primaryimage"},"thumbnailUrl":"https:\/\/lawcdh.com\/es\/wp-content\/uploads\/sites\/2\/2022\/05\/cerebral-palsy-1.jpg","datePublished":"2022-05-16T14:10:25+00:00","dateModified":"2024-01-31T21:36:06+00:00","description":"Si el diagn\u00f3stico de par\u00e1lisis cerebral de su hijo se debi\u00f3 a una negligencia m\u00e9dica, es posible que tenga derecho a una compensaci\u00f3n.","breadcrumb":{"@id":"https:\/\/lawcdh.com\/es\/areas-de-practica\/lesiones-personales\/negligencia-medica\/lesion-de-nacimiento\/paralisis-cerebral\/#breadcrumb"},"inLanguage":"es","potentialAction":[{"@type":"ReadAction","target":["https:\/\/lawcdh.com\/es\/areas-de-practica\/lesiones-personales\/negligencia-medica\/lesion-de-nacimiento\/paralisis-cerebral\/"]}]},{"@type":"ImageObject","inLanguage":"es","@id":"https:\/\/lawcdh.com\/es\/areas-de-practica\/lesiones-personales\/negligencia-medica\/lesion-de-nacimiento\/paralisis-cerebral\/#primaryimage","url":"https:\/\/lawcdh.com\/es\/wp-content\/uploads\/sites\/2\/2022\/05\/cerebral-palsy-1.jpg","contentUrl":"https:\/\/lawcdh.com\/es\/wp-content\/uploads\/sites\/2\/2022\/05\/cerebral-palsy-1.jpg","width":730,"height":300,"caption":"child with cerebral palsy in wheelchair"},{"@type":"BreadcrumbList","@id":"https:\/\/lawcdh.com\/es\/areas-de-practica\/lesiones-personales\/negligencia-medica\/lesion-de-nacimiento\/paralisis-cerebral\/#breadcrumb","itemListElement":[{"@type":"ListItem","position":1,"name":"Home","item":"https:\/\/lawcdh.com\/es\/"},{"@type":"ListItem","position":2,"name":"\u00c1reas de Pr\u00e1ctica","item":"https:\/\/lawcdh.com\/es\/areas-de-practica\/"},{"@type":"ListItem","position":3,"name":"Lesiones Personales","item":"https:\/\/lawcdh.com\/es\/areas-de-practica\/lesiones-personales\/"},{"@type":"ListItem","position":4,"name":"Negligencia M\u00e9dica","item":"https:\/\/lawcdh.com\/es\/areas-de-practica\/lesiones-personales\/negligencia-medica\/"},{"@type":"ListItem","position":5,"name":"Lesi\u00f3n de Nacimiento","item":"https:\/\/lawcdh.com\/es\/areas-de-practica\/lesiones-personales\/negligencia-medica\/lesion-de-nacimiento\/"},{"@type":"ListItem","position":6,"name":"Par\u00e1lisis Cerebral"}]},{"@type":"WebSite","@id":"https:\/\/lawcdh.com\/es\/#website","url":"https:\/\/lawcdh.com\/es\/","name":"CDH Law PLLC ES","description":"","potentialAction":[{"@type":"SearchAction","target":{"@type":"EntryPoint","urlTemplate":"https:\/\/lawcdh.com\/es\/?s={search_term_string}"},"query-input":{"@type":"PropertyValueSpecification","valueRequired":true,"valueName":"search_term_string"}}],"inLanguage":"es"}]}},"_links":{"self":[{"href":"https:\/\/lawcdh.com\/es\/wp-json\/wp\/v2\/pages\/1840","targetHints":{"allow":["GET"]}}],"collection":[{"href":"https:\/\/lawcdh.com\/es\/wp-json\/wp\/v2\/pages"}],"about":[{"href":"https:\/\/lawcdh.com\/es\/wp-json\/wp\/v2\/types\/page"}],"author":[{"embeddable":true,"href":"https:\/\/lawcdh.com\/es\/wp-json\/wp\/v2\/users\/17"}],"replies":[{"embeddable":true,"href":"https:\/\/lawcdh.com\/es\/wp-json\/wp\/v2\/comments?post=1840"}],"version-history":[{"count":0,"href":"https:\/\/lawcdh.com\/es\/wp-json\/wp\/v2\/pages\/1840\/revisions"}],"up":[{"embeddable":true,"href":"https:\/\/lawcdh.com\/es\/wp-json\/wp\/v2\/pages\/1831"}],"wp:featuredmedia":[{"embeddable":true,"href":"https:\/\/lawcdh.com\/es\/wp-json\/wp\/v2\/media\/1847"}],"wp:attachment":[{"href":"https:\/\/lawcdh.com\/es\/wp-json\/wp\/v2\/media?parent=1840"}],"wp:term":[{"taxonomy":"post_tag","embeddable":true,"href":"https:\/\/lawcdh.com\/es\/wp-json\/wp\/v2\/tags?post=1840"}],"curies":[{"name":"wp","href":"https:\/\/api.w.org\/{rel}","templated":true}]}}