{"id":1890,"date":"2022-08-29T18:40:20","date_gmt":"2022-08-29T18:40:20","guid":{"rendered":"https:\/\/lawcdh.com\/?page_id=1890"},"modified":"2024-01-30T22:44:43","modified_gmt":"2024-01-30T22:44:43","slug":"lesion-de-la-medula-espinal","status":"publish","type":"page","link":"https:\/\/lawcdh.com\/es\/areas-de-practica\/lesiones-personales\/lesion-de-la-medula-espinal\/","title":{"rendered":"Lesi\u00f3n de la M\u00e9dula Espinal"},"content":{"rendered":"\n<p>Las lesiones de la m\u00e9dula espinal se encuentran entre las lesiones m\u00e1s debilitantes y graves que le pueden ocurrir a cualquier persona. Las v\u00edctimas de lesiones de la m\u00e9dula espinal generalmente incurren en costos m\u00e9dicos importantes, necesitan ausentarse del trabajo y soportar dolor, estr\u00e9s y da\u00f1o emocional. Si usted o un ser querido ha sufrido una lesi\u00f3n de la m\u00e9dula espinal debido a la negligencia o imprudencia de otra persona, es posible que tenga derecho a una compensaci\u00f3n significativa por sus p\u00e9rdidas.<\/p>\n\n\n\n<h2 class=\"wp-block-heading\" id=\"pongase-en-contacto-con-un-abogado-especializado-en-lesiones-de-la-medula-espinal-de-syracuse-y-el-centro-de-nueva-york\">P\u00f3ngase en Contacto Con Un Abogado Especializado en Lesiones de la M\u00e9dula Espinal de Syracuse Y El Centro de Nueva York<\/h2>\n\n\n\n<p>En CDH Law PLLC, nuestros abogados tienen una amplia experiencia representando a clientes que han sufrido lesiones debilitantes de la m\u00e9dula espinal. Nuestros abogados trabajan en estrecha colaboraci\u00f3n con los clientes y tienen los recursos y la experiencia para investigar a fondo su caso y obtener la cantidad total de compensaci\u00f3n que se merece. Comun\u00edquese con los <a href=\"https:\/\/lawcdh.com\/es\/areas-de-practica\/lesiones-personales\/\">abogados de lesiones<\/a> de la m\u00e9dula espinal de Syracuse y el centro de Nueva York de <a href=\"https:\/\/lawcdh.com\/es\/\">CDH Law PLLC<\/a> para programar la evaluaci\u00f3n gratuita de su caso.<\/p>\n\n\n\n<h3 class=\"wp-block-heading\">Comprender Las Lesiones de la M\u00e9dula Espinal<\/h3>\n\n\n\n<p>Una lesi\u00f3n de la m\u00e9dula espinal puede ser una de las diversas lesiones que afectan la columna y da\u00f1an el sistema nervioso de una persona. La m\u00e9dula espinal est\u00e1 rodeada por los huesos de la columna vertebral que la protegen, pero esa protecci\u00f3n puede ser traspasada por un traumatismo. La gravedad de una lesi\u00f3n de la m\u00e9dula espinal depende de cu\u00e1nto da\u00f1o se produce y de la ubicaci\u00f3n del da\u00f1o.<\/p>\n\n\n\n<p>Si el da\u00f1o est\u00e1 cerca del cuello, llamada regi\u00f3n cervical, el riesgo de da\u00f1o generalmente es mayor. Puede implicar cuadriplej\u00eda (la incapacidad de controlar los brazos y las piernas voluntariamente) y puede afectar la capacidad de una persona para respirar. Los s\u00edntomas de las lesiones de la m\u00e9dula espinal pueden incluir los siguientes:<\/p>\n\n\n\n<ul class=\"wp-block-list\">\n<li>P\u00e9rdida de control de la vejiga o los intestinos.<\/li>\n\n\n\n<li>dificultad para caminar<\/li>\n\n\n\n<li>Incapacidad para mover los brazos o las piernas.<\/li>\n\n\n\n<li><a href=\"https:\/\/lawcdh.com\/es\/areas-de-practica\/lesiones-personales\/dano-cerebral\/\">Dolor de Cabeza<\/a><\/li>\n\n\n\n<li>Inconsciencia<\/li>\n\n\n\n<li>Sensaci\u00f3n de hormigueo o entumecimiento extendido en las extremidades.<\/li>\n\n\n\n<li>Dolor, rigidez y presi\u00f3n en la espalda o el cuello.<\/li>\n\n\n\n<li>Signos de shock<\/li>\n\n\n\n<li>Posici\u00f3n antinatural de la cabeza.<\/li>\n<\/ul>\n\n\n\n<p>Las lesiones en la regi\u00f3n tor\u00e1cica o lumbar, en la parte media o baja de la espalda, pueden afectar las piernas, la vejiga y la funci\u00f3n intestinal de una persona. El tratamiento de las lesiones de la m\u00e9dula espinal puede resultar dif\u00edcil una vez que se produce la lesi\u00f3n. La cirug\u00eda de emergencia o los esteroides pueden ayudar, pero, desafortunadamente, una vez que se ha producido el da\u00f1o a la m\u00e9dula espinal, no hay manera de repararlo. El tratamiento implica controlar los s\u00edntomas. Las lesiones de la m\u00e9dula espinal pueden provocar lo siguiente:<\/p>\n\n\n\n<ul class=\"wp-block-list\">\n<li>Par\u00e1lisis<\/li>\n\n\n\n<li>Dolor cr\u00f3nico<\/li>\n\n\n\n<li>Perdida de la sensibilidad<\/li>\n\n\n\n<li>Paraplej\u00eda<\/li>\n\n\n\n<li>cuadriplej\u00eda<\/li>\n<\/ul>\n\n\n\n<h3 class=\"wp-block-heading\">Accidentes Que Pueden Provocar Una Lesi\u00f3n de la M\u00e9dula Espinal<\/h3>\n\n\n\n<p>Las lesiones de la m\u00e9dula espinal suelen ser el resultado de un accidente o un evento violento que se puede prevenir. Todos los siguientes accidentes e incidentes pueden provocar da\u00f1o a la m\u00e9dula espinal, incluidos:<\/p>\n\n\n\n<ul class=\"wp-block-list\">\n<li>Un ataque violento como un disparo o un apu\u00f1alamiento.<\/li>\n\n\n\n<li>Bucear en aguas demasiado poco profundas y tocar el fondo.<\/li>\n\n\n\n<li>Accidentes automovil\u00edsticos, accidentes de camiones, accidentes de bicicletas y accidentes de peatones<\/li>\n\n\n\n<li>Caer desde una altura significativa<\/li>\n\n\n\n<li>Actividades recreativas<\/li>\n\n\n\n<li>Eventos deportivos<\/li>\n\n\n\n<li>Accidentes por resbalones y ca\u00eddas<\/li>\n\n\n\n<li>Accidentes electricos<\/li>\n\n\n\n<li>Torsi\u00f3n severa de la parte media del torso.<\/li>\n<\/ul>\n\n\n\n<h3 class=\"wp-block-heading\">Solicitar Una Compensaci\u00f3n a Trav\u00e9s de Una Demanda Por Lesiones Personales<\/h3>\n\n\n\n<p>Las v\u00edctimas de lesiones de la m\u00e9dula espinal que quedan total o parcialmente paralizadas pueden necesitar atenci\u00f3n m\u00e9dica de por vida. Un abogado experimentado puede ayudarlo a comprender las necesidades a corto y largo plazo que tendr\u00e1 debido a sus lesiones. Los pacientes con lesi\u00f3n de la m\u00e9dula espinal frecuentemente requieren rehabilitaci\u00f3n extensa, condiciones de vida especiales y equipo de adaptaci\u00f3n como aparatos ortop\u00e9dicos, muletas y sillas de ruedas.<\/p>\n\n\n\n<p>Los abogados de CDH Law PLLC trabajar\u00e1n para garantizar que se tengan en cuenta todas sus necesidades m\u00e9dicas actuales y futuras mientras buscamos el valor total de su reclamo. Lucharemos para obtener la compensaci\u00f3n completa que necesita para cubrir sus necesidades m\u00e9dicas en el futuro, de modo que no se quede sin los recursos financieros que necesita y merece.<\/p>\n\n\n\n<h3 class=\"wp-block-heading\">\u00bfCu\u00e1nto Vale Mi Caso?<\/h3>\n\n\n\n<p>Si ha sufrido una lesi\u00f3n en la m\u00e9dula espinal, es posible que se pregunte cu\u00e1nto vale su reclamo. La mejor manera de conocer el valor de su caso es discutirlo con un abogado con experiencia en lesiones personales de Syracuse y el centro de Nueva York. Generalmente, cuanto m\u00e1s debilitantes y que alteren su vida sean sus lesiones, mayor ser\u00e1 el valor de su caso. La gravedad de las lesiones de la m\u00e9dula espinal determinar\u00e1 qu\u00e9 tipo de tratamiento m\u00e9dico necesita y cu\u00e1nta compensaci\u00f3n podr\u00e1 recuperar en su caso. Las v\u00edctimas de lesiones de la m\u00e9dula espinal pueden solicitar una indemnizaci\u00f3n por una amplia gama de da\u00f1os, incluidos los siguientes:<\/p>\n\n\n\n<ul class=\"wp-block-list\">\n<li>Gastos m\u00e9dicos pasados y futuros<\/li>\n\n\n\n<li>Salarios perdidos<\/li>\n\n\n\n<li>P\u00e9rdida de capacidad de generar ingresos futuros<\/li>\n\n\n\n<li>Estr\u00e9s emocional<\/li>\n\n\n\n<li>Dolor y sufrimiento<\/li>\n\n\n\n<li>Disminuci\u00f3n de la calidad de vida.<\/li>\n\n\n\n<li>Lesi\u00f3n Permanente<\/li>\n<\/ul>\n\n\n\n<p>Cuando la persona que caus\u00f3 sus lesiones actu\u00f3 de manera intencional, imprudente o atroz, tambi\u00e9n se pueden otorgar da\u00f1os punitivos. Los da\u00f1os punitivos tienen como objetivo castigar al infractor y disuadir a otros de participar en comportamientos similares en el futuro.<\/p>\n\n\n\n<h3 class=\"wp-block-heading\">Qu\u00e9 Hacer Despu\u00e9s de Sufrir Una Lesi\u00f3n de la M\u00e9dula Espinal<\/h3>\n\n\n\n<p>Las lesiones de la m\u00e9dula espinal pueden tener consecuencias graves y es importante tomar las medidas adecuadas para proteger sus derechos. Si usted o un ser querido tiene una lesi\u00f3n en la m\u00e9dula espinal, llame al 911 de inmediato y espere a que llegue el personal m\u00e9dico de emergencia. No moleste a la persona lesionada a menos que sea esencial. Los m\u00e9dicos realizar\u00e1n pruebas de diagn\u00f3stico cuando la v\u00edctima llegue al hospital para determinar si hay una lesi\u00f3n en la m\u00e9dula espinal y la ubicaci\u00f3n de la lesi\u00f3n.<\/p>\n\n\n\n<p>Adem\u00e1s de asegurarse de recibir una compensaci\u00f3n m\u00e9dica, es importante que se asegure de recibir el tratamiento adecuado. Siga las indicaciones de su m\u00e9dico y conserve toda la documentaci\u00f3n de su tratamiento. Hacerlo har\u00e1 que sea m\u00e1s f\u00e1cil establecer la responsabilidad si presenta una demanda. Despu\u00e9s de recibir tratamiento m\u00e9dico, es importante discutir su caso con un abogado.<\/p>\n\n\n\n<p>Las compa\u00f1\u00edas de seguros pueden presionarlo para que admita su culpa o acepte una oferta de acuerdo excesivamente baja. Un abogado puede garantizar que reciba un trato justo y negociar una oferta de acuerdo justo. Adem\u00e1s, su abogado puede comenzar a investigar su caso y recopilar hechos y pruebas.<\/p>\n\n\n\n<h4 class=\"wp-block-heading\"><strong>P\u00f3ngase en Contacto Con Un Abogado Con Experiencia en Lesiones de la M\u00e9dula Espinal de Syracuse Y El Centro de Nueva York<\/strong><\/h4>\n\n\n\n<p>Si usted o su ser querido ha sufrido una lesi\u00f3n de la m\u00e9dula espinal, es importante discutir su caso con un abogado con experiencia. Solicitar una compensaci\u00f3n despu\u00e9s de una lesi\u00f3n personal grave es complejo, pero usted no est\u00e1 solo. Los abogados de CDH Law PLLC est\u00e1n aqu\u00ed para ayudarlo a comprender sus derechos y opciones. <a href=\"https:\/\/lawcdh.com\/es\/contacto\/\">P\u00f3ngase en contacto con nuestra oficina hoy<\/a>.<\/p>\n","protected":false},"excerpt":{"rendered":"<p>Las lesiones de la m\u00e9dula espinal se encuentran entre las lesiones m\u00e1s debilitantes y graves que le pueden ocurrir a cualquier persona. Las v\u00edctimas de lesiones de la m\u00e9dula espinal generalmente incurren en costos m\u00e9dicos importantes, necesitan ausentarse del trabajo y soportar dolor, estr\u00e9s y da\u00f1o emocional. Si usted o un ser querido ha sufrido&#8230;<\/p>\n","protected":false},"author":17,"featured_media":1891,"parent":1771,"menu_order":0,"comment_status":"closed","ping_status":"closed","template":"","meta":{"_acf_changed":false,"footnotes":""},"tags":[],"class_list":["post-1890","page","type-page","status-publish","has-post-thumbnail","hentry"],"acf":[],"yoast_head":"<!-- This site is optimized with the Yoast SEO plugin v27.3 - https:\/\/yoast.com\/product\/yoast-seo-wordpress\/ -->\n<title>Abogado de Lesiones de la M\u00e9dula Espinal en Syracuse | CDH<\/title>\n<meta name=\"description\" content=\"En Nueva York, las v\u00edctimas de lesiones de la m\u00e9dula espinal tienen un tiempo limitado para presentar una demanda por lesiones personales.\" \/>\n<meta name=\"robots\" content=\"index, follow, max-snippet:-1, max-image-preview:large, max-video-preview:-1\" \/>\n<link rel=\"canonical\" href=\"https:\/\/lawcdh.com\/es\/areas-de-practica\/lesiones-personales\/lesion-de-la-medula-espinal\/\" \/>\n<meta property=\"og:locale\" content=\"es_MX\" \/>\n<meta property=\"og:type\" content=\"article\" \/>\n<meta property=\"og:title\" content=\"Abogado de Lesiones de la M\u00e9dula Espinal en Syracuse | CDH\" \/>\n<meta property=\"og:description\" content=\"En Nueva York, las v\u00edctimas de lesiones de la m\u00e9dula espinal tienen un tiempo limitado para presentar una demanda por lesiones personales.\" \/>\n<meta property=\"og:url\" content=\"https:\/\/lawcdh.com\/es\/areas-de-practica\/lesiones-personales\/lesion-de-la-medula-espinal\/\" \/>\n<meta property=\"og:site_name\" content=\"CDH Law PLLC ES\" \/>\n<meta property=\"article:modified_time\" content=\"2024-01-30T22:44:43+00:00\" \/>\n<meta property=\"og:image\" content=\"https:\/\/lawcdh.com\/es\/wp-content\/uploads\/sites\/2\/2022\/08\/spinal-cord-3.jpg\" \/>\n\t<meta property=\"og:image:width\" content=\"730\" \/>\n\t<meta property=\"og:image:height\" content=\"300\" \/>\n\t<meta property=\"og:image:type\" content=\"image\/jpeg\" \/>\n<meta name=\"twitter:card\" content=\"summary_large_image\" \/>\n<meta name=\"twitter:label1\" content=\"Est. reading time\" \/>\n\t<meta name=\"twitter:data1\" content=\"6 minutos\" \/>\n<script type=\"application\/ld+json\" class=\"yoast-schema-graph\">{\"@context\":\"https:\\\/\\\/schema.org\",\"@graph\":[{\"@type\":\"WebPage\",\"@id\":\"https:\\\/\\\/lawcdh.com\\\/es\\\/areas-de-practica\\\/lesiones-personales\\\/lesion-de-la-medula-espinal\\\/\",\"url\":\"https:\\\/\\\/lawcdh.com\\\/es\\\/areas-de-practica\\\/lesiones-personales\\\/lesion-de-la-medula-espinal\\\/\",\"name\":\"Abogado de Lesiones de la M\u00e9dula Espinal en Syracuse | CDH\",\"isPartOf\":{\"@id\":\"https:\\\/\\\/lawcdh.com\\\/es\\\/#website\"},\"primaryImageOfPage\":{\"@id\":\"https:\\\/\\\/lawcdh.com\\\/es\\\/areas-de-practica\\\/lesiones-personales\\\/lesion-de-la-medula-espinal\\\/#primaryimage\"},\"image\":{\"@id\":\"https:\\\/\\\/lawcdh.com\\\/es\\\/areas-de-practica\\\/lesiones-personales\\\/lesion-de-la-medula-espinal\\\/#primaryimage\"},\"thumbnailUrl\":\"https:\\\/\\\/lawcdh.com\\\/es\\\/wp-content\\\/uploads\\\/sites\\\/2\\\/2022\\\/08\\\/spinal-cord-3.jpg\",\"datePublished\":\"2022-08-29T18:40:20+00:00\",\"dateModified\":\"2024-01-30T22:44:43+00:00\",\"description\":\"En Nueva York, las v\u00edctimas de lesiones de la m\u00e9dula espinal tienen un tiempo limitado para presentar una demanda por lesiones personales.\",\"breadcrumb\":{\"@id\":\"https:\\\/\\\/lawcdh.com\\\/es\\\/areas-de-practica\\\/lesiones-personales\\\/lesion-de-la-medula-espinal\\\/#breadcrumb\"},\"inLanguage\":\"es\",\"potentialAction\":[{\"@type\":\"ReadAction\",\"target\":[\"https:\\\/\\\/lawcdh.com\\\/es\\\/areas-de-practica\\\/lesiones-personales\\\/lesion-de-la-medula-espinal\\\/\"]}]},{\"@type\":\"ImageObject\",\"inLanguage\":\"es\",\"@id\":\"https:\\\/\\\/lawcdh.com\\\/es\\\/areas-de-practica\\\/lesiones-personales\\\/lesion-de-la-medula-espinal\\\/#primaryimage\",\"url\":\"https:\\\/\\\/lawcdh.com\\\/es\\\/wp-content\\\/uploads\\\/sites\\\/2\\\/2022\\\/08\\\/spinal-cord-3.jpg\",\"contentUrl\":\"https:\\\/\\\/lawcdh.com\\\/es\\\/wp-content\\\/uploads\\\/sites\\\/2\\\/2022\\\/08\\\/spinal-cord-3.jpg\",\"width\":730,\"height\":300,\"caption\":\"doctor examining an x-ray picture of bones\"},{\"@type\":\"BreadcrumbList\",\"@id\":\"https:\\\/\\\/lawcdh.com\\\/es\\\/areas-de-practica\\\/lesiones-personales\\\/lesion-de-la-medula-espinal\\\/#breadcrumb\",\"itemListElement\":[{\"@type\":\"ListItem\",\"position\":1,\"name\":\"Home\",\"item\":\"https:\\\/\\\/lawcdh.com\\\/es\\\/\"},{\"@type\":\"ListItem\",\"position\":2,\"name\":\"\u00c1reas de Pr\u00e1ctica\",\"item\":\"https:\\\/\\\/lawcdh.com\\\/es\\\/areas-de-practica\\\/\"},{\"@type\":\"ListItem\",\"position\":3,\"name\":\"Lesiones Personales\",\"item\":\"https:\\\/\\\/lawcdh.com\\\/es\\\/areas-de-practica\\\/lesiones-personales\\\/\"},{\"@type\":\"ListItem\",\"position\":4,\"name\":\"Lesi\u00f3n de la M\u00e9dula Espinal\"}]},{\"@type\":\"WebSite\",\"@id\":\"https:\\\/\\\/lawcdh.com\\\/es\\\/#website\",\"url\":\"https:\\\/\\\/lawcdh.com\\\/es\\\/\",\"name\":\"CDH Law PLLC ES\",\"description\":\"\",\"potentialAction\":[{\"@type\":\"SearchAction\",\"target\":{\"@type\":\"EntryPoint\",\"urlTemplate\":\"https:\\\/\\\/lawcdh.com\\\/es\\\/?s={search_term_string}\"},\"query-input\":{\"@type\":\"PropertyValueSpecification\",\"valueRequired\":true,\"valueName\":\"search_term_string\"}}],\"inLanguage\":\"es\"}]}<\/script>\n<!-- \/ Yoast SEO plugin. -->","yoast_head_json":{"title":"Abogado de Lesiones de la M\u00e9dula Espinal en Syracuse | CDH","description":"En Nueva York, las v\u00edctimas de lesiones de la m\u00e9dula espinal tienen un tiempo limitado para presentar una demanda por lesiones personales.","robots":{"index":"index","follow":"follow","max-snippet":"max-snippet:-1","max-image-preview":"max-image-preview:large","max-video-preview":"max-video-preview:-1"},"canonical":"https:\/\/lawcdh.com\/es\/areas-de-practica\/lesiones-personales\/lesion-de-la-medula-espinal\/","og_locale":"es_MX","og_type":"article","og_title":"Abogado de Lesiones de la M\u00e9dula Espinal en Syracuse | CDH","og_description":"En Nueva York, las v\u00edctimas de lesiones de la m\u00e9dula espinal tienen un tiempo limitado para presentar una demanda por lesiones personales.","og_url":"https:\/\/lawcdh.com\/es\/areas-de-practica\/lesiones-personales\/lesion-de-la-medula-espinal\/","og_site_name":"CDH Law PLLC ES","article_modified_time":"2024-01-30T22:44:43+00:00","og_image":[{"width":730,"height":300,"url":"https:\/\/lawcdh.com\/es\/wp-content\/uploads\/sites\/2\/2022\/08\/spinal-cord-3.jpg","type":"image\/jpeg"}],"twitter_card":"summary_large_image","twitter_misc":{"Est. reading time":"6 minutos"},"schema":{"@context":"https:\/\/schema.org","@graph":[{"@type":"WebPage","@id":"https:\/\/lawcdh.com\/es\/areas-de-practica\/lesiones-personales\/lesion-de-la-medula-espinal\/","url":"https:\/\/lawcdh.com\/es\/areas-de-practica\/lesiones-personales\/lesion-de-la-medula-espinal\/","name":"Abogado de Lesiones de la M\u00e9dula Espinal en Syracuse | CDH","isPartOf":{"@id":"https:\/\/lawcdh.com\/es\/#website"},"primaryImageOfPage":{"@id":"https:\/\/lawcdh.com\/es\/areas-de-practica\/lesiones-personales\/lesion-de-la-medula-espinal\/#primaryimage"},"image":{"@id":"https:\/\/lawcdh.com\/es\/areas-de-practica\/lesiones-personales\/lesion-de-la-medula-espinal\/#primaryimage"},"thumbnailUrl":"https:\/\/lawcdh.com\/es\/wp-content\/uploads\/sites\/2\/2022\/08\/spinal-cord-3.jpg","datePublished":"2022-08-29T18:40:20+00:00","dateModified":"2024-01-30T22:44:43+00:00","description":"En Nueva York, las v\u00edctimas de lesiones de la m\u00e9dula espinal tienen un tiempo limitado para presentar una demanda por lesiones personales.","breadcrumb":{"@id":"https:\/\/lawcdh.com\/es\/areas-de-practica\/lesiones-personales\/lesion-de-la-medula-espinal\/#breadcrumb"},"inLanguage":"es","potentialAction":[{"@type":"ReadAction","target":["https:\/\/lawcdh.com\/es\/areas-de-practica\/lesiones-personales\/lesion-de-la-medula-espinal\/"]}]},{"@type":"ImageObject","inLanguage":"es","@id":"https:\/\/lawcdh.com\/es\/areas-de-practica\/lesiones-personales\/lesion-de-la-medula-espinal\/#primaryimage","url":"https:\/\/lawcdh.com\/es\/wp-content\/uploads\/sites\/2\/2022\/08\/spinal-cord-3.jpg","contentUrl":"https:\/\/lawcdh.com\/es\/wp-content\/uploads\/sites\/2\/2022\/08\/spinal-cord-3.jpg","width":730,"height":300,"caption":"doctor examining an x-ray picture of bones"},{"@type":"BreadcrumbList","@id":"https:\/\/lawcdh.com\/es\/areas-de-practica\/lesiones-personales\/lesion-de-la-medula-espinal\/#breadcrumb","itemListElement":[{"@type":"ListItem","position":1,"name":"Home","item":"https:\/\/lawcdh.com\/es\/"},{"@type":"ListItem","position":2,"name":"\u00c1reas de Pr\u00e1ctica","item":"https:\/\/lawcdh.com\/es\/areas-de-practica\/"},{"@type":"ListItem","position":3,"name":"Lesiones Personales","item":"https:\/\/lawcdh.com\/es\/areas-de-practica\/lesiones-personales\/"},{"@type":"ListItem","position":4,"name":"Lesi\u00f3n de la M\u00e9dula Espinal"}]},{"@type":"WebSite","@id":"https:\/\/lawcdh.com\/es\/#website","url":"https:\/\/lawcdh.com\/es\/","name":"CDH Law PLLC ES","description":"","potentialAction":[{"@type":"SearchAction","target":{"@type":"EntryPoint","urlTemplate":"https:\/\/lawcdh.com\/es\/?s={search_term_string}"},"query-input":{"@type":"PropertyValueSpecification","valueRequired":true,"valueName":"search_term_string"}}],"inLanguage":"es"}]}},"_links":{"self":[{"href":"https:\/\/lawcdh.com\/es\/wp-json\/wp\/v2\/pages\/1890","targetHints":{"allow":["GET"]}}],"collection":[{"href":"https:\/\/lawcdh.com\/es\/wp-json\/wp\/v2\/pages"}],"about":[{"href":"https:\/\/lawcdh.com\/es\/wp-json\/wp\/v2\/types\/page"}],"author":[{"embeddable":true,"href":"https:\/\/lawcdh.com\/es\/wp-json\/wp\/v2\/users\/17"}],"replies":[{"embeddable":true,"href":"https:\/\/lawcdh.com\/es\/wp-json\/wp\/v2\/comments?post=1890"}],"version-history":[{"count":0,"href":"https:\/\/lawcdh.com\/es\/wp-json\/wp\/v2\/pages\/1890\/revisions"}],"up":[{"embeddable":true,"href":"https:\/\/lawcdh.com\/es\/wp-json\/wp\/v2\/pages\/1771"}],"wp:featuredmedia":[{"embeddable":true,"href":"https:\/\/lawcdh.com\/es\/wp-json\/wp\/v2\/media\/1891"}],"wp:attachment":[{"href":"https:\/\/lawcdh.com\/es\/wp-json\/wp\/v2\/media?parent=1890"}],"wp:term":[{"taxonomy":"post_tag","embeddable":true,"href":"https:\/\/lawcdh.com\/es\/wp-json\/wp\/v2\/tags?post=1890"}],"curies":[{"name":"wp","href":"https:\/\/api.w.org\/{rel}","templated":true}]}}