{"id":1928,"date":"2022-10-24T14:56:53","date_gmt":"2022-10-24T14:56:53","guid":{"rendered":"https:\/\/lawcdh.com\/?page_id=1928"},"modified":"2024-01-31T18:38:17","modified_gmt":"2024-01-31T18:38:17","slug":"accidente-de-caida","status":"publish","type":"page","link":"https:\/\/lawcdh.com\/es\/areas-de-practica\/lesiones-personales\/accidentes-de-construccion\/accidente-de-caida\/","title":{"rendered":"Ca\u00edda de la Construcci\u00f3n"},"content":{"rendered":"\n<p>Los trabajadores de la construcci\u00f3n corren un mayor riesgo de sufrir lesiones en un accidente de ca\u00edda porque a menudo trabajan en alturas elevadas. Las ca\u00eddas son una de las principales causas de accidentes en obras de construcci\u00f3n. Los trabajadores pueden caerse y sufrir lesiones devastadoras cuando los empleadores no mantienen un ambiente de trabajo seguro.<\/p>\n\n\n\n<p>Las lesiones resultantes de ca\u00eddas en accidentes de construcci\u00f3n suelen ser graves y el proceso de rehabilitaci\u00f3n a menudo implica cirug\u00eda, rehabilitaci\u00f3n continua y medicamentos costosos. Si result\u00f3 lesionado en una ca\u00edda en un sitio de construcci\u00f3n, un abogado puede ayudarlo a obtener una compensaci\u00f3n por sus gastos m\u00e9dicos pasados y futuros y otros tipos de compensaci\u00f3n, incluido el dolor y el sufrimiento. Comun\u00edquese con <a href=\"https:\/\/lawcdh.com\/es\/\">CDH Law PLLC<\/a> hoy para programar una evaluaci\u00f3n gratuita de su caso y obtener m\u00e1s informaci\u00f3n sobre sus opciones legales.<\/p>\n\n\n\n<h2 class=\"wp-block-heading\" id=\"presentar-un-reclamo-en-el-centro-de-nueva-york-despues-de-sufrir-una-lesion-por-accidente-de-construccion-causada-por-una-caida\">Presentar Un Reclamo en El Centro de Nueva York Despu\u00e9s de Sufrir Una Lesi\u00f3n Por Accidente de Construcci\u00f3n Causada Por Una Ca\u00edda<\/h2>\n\n\n\n<p>Muchas <a href=\"https:\/\/lawcdh.com\/es\/areas-de-practica\/lesiones-personales\/accidentes-de-construccion\/\">lesiones en la construcci\u00f3n<\/a> podr\u00edan haberse evitado si un empleador o un compa\u00f1ero de trabajo hubieran tenido un cuidado razonable. Muchos accidentes por ca\u00eddas son causados por la falta de procedimientos de seguridad adecuados o por no proporcionar a los trabajadores de la construcci\u00f3n el equipo de seguridad y la capacitaci\u00f3n necesarios. Cuando los empleadores saben que sus trabajadores trabajar\u00e1n a grandes alturas o estar\u00e1n expuestos a agujeros de mantenimiento, deben asegurarse de que su lugar de trabajo cumpla con todos los requisitos de seguridad.<\/p>\n\n\n\n<h3 class=\"wp-block-heading\">Causas de Las Lesiones Por Accidentes de Construcci\u00f3n Causadas Por Ca\u00eddas<\/h3>\n\n\n\n<p>Hay tres causas principales de ca\u00eddas en la construcci\u00f3n, incluidas las condiciones laborales peligrosas, la falta de capacitaci\u00f3n en seguridad y la falta de suministro de equipos de seguridad a los trabajadores. Pueden ocurrir ca\u00eddas evitables cuando los empleadores no proporcionan a sus empleados equipo de seguridad. Por ejemplo, pueden ocurrir ca\u00eddas peligrosas cuando los empleados no utilizan barandillas, cubiertas, sistemas de protecci\u00f3n y arneses.<\/p>\n\n\n\n<p>La falta de formaci\u00f3n en seguridad provoca otras ca\u00eddas. Los empleadores deben capacitar a los empleados sobre los riesgos laborales conocidos y c\u00f3mo utilizar correctamente el equipo de seguridad. Por \u00faltimo, las condiciones laborales peligrosas en las obras de construcci\u00f3n tambi\u00e9n pueden provocar ca\u00eddas. Cuando los lados de un edificio no est\u00e1n protegidos, los andamios no son seguros o hay escombros innecesarios en el lugar de trabajo, los trabajadores de la construcci\u00f3n corren un mayor riesgo de sufrir lesiones graves durante el trabajo. Otras causas de ca\u00eddas por accidentes de construcci\u00f3n incluyen:<\/p>\n\n\n\n<ul class=\"wp-block-list\">\n<li>Andamios mal construidos<\/li>\n\n\n\n<li>Inclemencias del tiempo al realizar trabajos de tejado.<\/li>\n\n\n\n<li>Huecos de ascensores sin vigilancia<\/li>\n\n\n\n<li>Sitios de excavaci\u00f3n y trincheras no se\u00f1alizados<\/li>\n\n\n\n<li>Escaleras defectuosas<\/li>\n\n\n\n<li>Aberturas de pared, repisas y orificios en el piso sin marcar o sin protecci\u00f3n<\/li>\n<\/ul>\n\n\n\n<h3 class=\"wp-block-heading\">Lesiones Comunes Causadas Por Ca\u00eddas en la Construcci\u00f3n<\/h3>\n\n\n\n<p>Los trabajadores de la construcci\u00f3n con frecuencia sufren lesiones graves debido a ca\u00eddas en el sitio de construcci\u00f3n, especialmente cuando caen desde una distancia de 6 pies o m\u00e1s. Generalmente, cuanto mayor sea la distancia que caiga el trabajador de la construcci\u00f3n, m\u00e1s grave ser\u00e1 la lesi\u00f3n. Algunas de las lesiones m\u00e1s comunes que se producen por ca\u00eddas en obras de construcci\u00f3n incluyen las siguientes:<\/p>\n\n\n\n<ul class=\"wp-block-list\">\n<li><a href=\"https:\/\/lawcdh.com\/es\/areas-de-practica\/lesiones-personales\/lesion-de-la-medula-espinal\/\">Lesiones de la m\u00e9dula espinal<\/a><\/li>\n\n\n\n<li><a href=\"https:\/\/lawcdh.com\/es\/areas-de-practica\/lesiones-personales\/lesion-de-hueso-roto\/\">Fracturas de hueso<\/a><\/li>\n\n\n\n<li><a href=\"https:\/\/lawcdh.com\/es\/areas-de-practica\/lesiones-personales\/dano-cerebral\/\">Lesiones cerebrales traum\u00e1ticas (TBI)<\/a><\/li>\n\n\n\n<li>Abrasiones o moretones severos<\/li>\n\n\n\n<li>Lesiones que resultan en amputaci\u00f3n<\/li>\n\n\n\n<li><a href=\"https:\/\/lawcdh.com\/es\/areas-de-practica\/lesiones-personales\/negligencia-medica\/lesion-de-nacimiento\/paralisis-cerebral\/\">Incapacidades permanentes<\/a><\/li>\n\n\n\n<li><a href=\"https:\/\/lawcdh.com\/es\/areas-de-practica\/lesiones-personales\/muerte-injusta\/\">Muerte<\/a><\/li>\n<\/ul>\n\n\n\n<h3 class=\"wp-block-heading\">Cayendo a Un Nivel Inferior<\/h3>\n\n\n\n<p>La capacitaci\u00f3n en prevenci\u00f3n de ca\u00eddas est\u00e1 ampliamente disponible para las empresas constructoras. Desafortunadamente, muchas empresas constructoras de Nueva York no implementan medidas prevenibles que eviten ca\u00eddas a un nivel m\u00e1s bajo. Las tres causas principales de las ca\u00eddas desde niveles inferiores incluyen la falta de seguridad en las escaleras, la seguridad en los andamios y la seguridad en el trabajo con techos.<\/p>\n\n\n\n<h3 class=\"wp-block-heading\">Ca\u00eddas de Andamios<\/h3>\n\n\n\n<p>Los andamios deben construirse antes de que los trabajadores de la construcci\u00f3n puedan usarlos, lo que presenta peligros \u00fanicos para los trabajadores de la construcci\u00f3n. Cuando los andamios no se han construido de forma segura, es posible que no puedan soportar el peso de los trabajadores de la construcci\u00f3n m\u00e1s todos sus suministros y materiales.<\/p>\n\n\n\n<p>Otros peligros comunes con los andamios incluyen la falta de barandillas y rodapi\u00e9s adecuados en todos los lados del andamio. Las escaleras presentan condiciones peligrosas cuando no pueden soportar al menos cuatro veces la carga m\u00e1xima prevista o cuando los trabajadores las utilizan sin seguir las instrucciones del fabricante.<\/p>\n\n\n\n<p>Finalmente, los techadores pueden sufrir ca\u00eddas peligrosas cuando trabajan en condiciones peligrosas causadas por la nieve, la pintura, la lluvia u otros riesgos de resbalones. Los sistemas personales de detenci\u00f3n de ca\u00eddas mal instalados o defectuosos pueden no proteger a los techadores cuando se caen del techo. Finalmente, las aberturas del techo sin protecci\u00f3n u otros tragaluces que no est\u00e9n marcados con barandillas pueden provocar ca\u00eddas peligrosas desde alturas.<\/p>\n\n\n\n<h3 class=\"wp-block-heading\">Accidentes Por Resbalones Y Ca\u00eddas en Sitios de Construcci\u00f3n<\/h3>\n\n\n\n<p>Los accidentes por resbalones y ca\u00eddas tambi\u00e9n pueden ser peligrosos en las obras de construcci\u00f3n. Las inclemencias del tiempo pueden provocar hielo, nieve, barro o lluvia que pueden provocar resbalones. Los trabajadores pueden tropezar con materiales, cables el\u00e9ctricos, grasa, pintura y exceso de aserr\u00edn cuando los empleadores no mantienen su lugar de trabajo libre de escombros. Los defectos de servicio, como baches, pasillos temporales o surcos, tambi\u00e9n pueden provocar accidentes por resbalones y ca\u00eddas.<\/p>\n\n\n\n<h3 class=\"wp-block-heading\">Recuperaci\u00f3n de Compensaci\u00f3n Despu\u00e9s de Una Lesi\u00f3n Por Ca\u00edda en Un Accidente de Construcci\u00f3n<\/h3>\n\n\n\n<p>A lo largo de la vida de una v\u00edctima, las lesiones graves causadas por accidentes de construcci\u00f3n pueden generar cientos de miles o incluso m\u00e1s de $1 mill\u00f3n en gastos m\u00e9dicos. Por ejemplo, es posible que necesite equipo m\u00e9dico importante y duradero si ha sufrido una lesi\u00f3n cerebral traum\u00e1tica o una lesi\u00f3n de la m\u00e9dula espinal. Es posible que deba someterse a m\u00faltiples cirug\u00edas, permanecer en un centro de rehabilitaci\u00f3n o recibir asistencia m\u00e9dica las 24 horas.<\/p>\n\n\n\n<p>Si la negligencia de otra persona caus\u00f3 sus lesiones, es fundamental que hable con un abogado lo antes posible. Es posible que pueda presentar una demanda por lesiones personales contra la parte o partes negligentes y recuperar la cantidad total y justa de compensaci\u00f3n que necesita y merece. Los abogados de CDH Law PLLC tienen los recursos y la experiencia necesarios para evaluar todos los da\u00f1os en los que ha incurrido y en los que incurrir\u00e1 en el futuro. Trabajaremos con expertos financieros y m\u00e9dicos para determinar el valor total de su reclamo. Una vez que comprendamos que su caso tiene valor, comenzaremos a negociar agresivamente un acuerdo de conciliaci\u00f3n favorable.<\/p>\n\n\n\n<h4 class=\"wp-block-heading\"><strong>\u00a1Discute Hoy Su Caso de Accidente de Construcci\u00f3n Por Ca\u00edda en Syracuse O El Centro de Nueva York Con Un Abogado Experimentado!<\/strong><\/h4>\n\n\n\n<p>Las v\u00edctimas de ca\u00eddas en accidentes de construcci\u00f3n pueden tener varias opciones para recuperar la compensaci\u00f3n que necesitan y merecen. Si usted o un ser querido ha sufrido una lesi\u00f3n por ca\u00edda mientras trabajaba en un sitio de construcci\u00f3n, los abogados expertos en lesiones personales de CDH Law PLLC est\u00e1n aqu\u00ed para ayudarlo. Discutiremos su posible reclamo con usted durante una consulta gratuita para determinar si tiene derecho a presentar una demanda contra su empleador u otro tercero negligente. <a href=\"\/es\/contacto\/\">Comun\u00edquese con CDH Law PLLC hoy<\/a> para programar su consulta gratuita y obtener m\u00e1s informaci\u00f3n sobre sus derechos.<\/p>\n","protected":false},"excerpt":{"rendered":"<p>Los trabajadores de la construcci\u00f3n corren un mayor riesgo de sufrir lesiones en un accidente de ca\u00edda porque a menudo trabajan en alturas elevadas. Las ca\u00eddas son una de las principales causas de accidentes en obras de construcci\u00f3n. Los trabajadores pueden caerse y sufrir lesiones devastadoras cuando los empleadores no mantienen un ambiente de trabajo&#8230;<\/p>\n","protected":false},"author":17,"featured_media":1929,"parent":1796,"menu_order":0,"comment_status":"closed","ping_status":"closed","template":"","meta":{"_acf_changed":false,"footnotes":""},"tags":[],"class_list":["post-1928","page","type-page","status-publish","has-post-thumbnail","hentry"],"acf":[],"yoast_head":"<!-- This site is optimized with the Yoast SEO plugin v27.3 - https:\/\/yoast.com\/product\/yoast-seo-wordpress\/ -->\n<title>Syracuse &amp; Central New York Construction Fall Accident Lawyer<\/title>\n<meta name=\"description\" content=\"If you&#039;ve been hurt in a Central New York construction fall, you may be entitled to compensation. Call our CDH Law accident attorney today!\" \/>\n<meta name=\"robots\" content=\"index, follow, max-snippet:-1, max-image-preview:large, max-video-preview:-1\" \/>\n<link rel=\"canonical\" href=\"https:\/\/lawcdh.com\/es\/areas-de-practica\/lesiones-personales\/accidentes-de-construccion\/accidente-de-caida\/\" \/>\n<meta property=\"og:locale\" content=\"en_US\" \/>\n<meta property=\"og:type\" content=\"article\" \/>\n<meta property=\"og:title\" content=\"Syracuse &amp; Central New York Construction Fall Accident Lawyer\" \/>\n<meta property=\"og:description\" content=\"If you&#039;ve been hurt in a Central New York construction fall, you may be entitled to compensation. Call our CDH Law accident attorney today!\" \/>\n<meta property=\"og:url\" content=\"https:\/\/lawcdh.com\/es\/areas-de-practica\/lesiones-personales\/accidentes-de-construccion\/accidente-de-caida\/\" \/>\n<meta property=\"og:site_name\" content=\"CDH Law PLLC ES\" \/>\n<meta property=\"article:modified_time\" content=\"2024-01-31T18:38:17+00:00\" \/>\n<meta property=\"og:image\" content=\"https:\/\/lawcdh.com\/es\/wp-content\/uploads\/sites\/2\/2022\/10\/construction-fall-3.jpg\" \/>\n\t<meta property=\"og:image:width\" content=\"730\" \/>\n\t<meta property=\"og:image:height\" content=\"300\" \/>\n\t<meta property=\"og:image:type\" content=\"image\/jpeg\" \/>\n<meta name=\"twitter:card\" content=\"summary_large_image\" \/>\n<meta name=\"twitter:label1\" content=\"Est. reading time\" \/>\n\t<meta name=\"twitter:data1\" content=\"6 minutes\" \/>\n<script type=\"application\/ld+json\" class=\"yoast-schema-graph\">{\"@context\":\"https:\\\/\\\/schema.org\",\"@graph\":[{\"@type\":\"WebPage\",\"@id\":\"https:\\\/\\\/lawcdh.com\\\/es\\\/areas-de-practica\\\/lesiones-personales\\\/accidentes-de-construccion\\\/accidente-de-caida\\\/\",\"url\":\"https:\\\/\\\/lawcdh.com\\\/es\\\/areas-de-practica\\\/lesiones-personales\\\/accidentes-de-construccion\\\/accidente-de-caida\\\/\",\"name\":\"Syracuse & Central New York Construction Fall Accident Lawyer\",\"isPartOf\":{\"@id\":\"https:\\\/\\\/lawcdh.com\\\/es\\\/#website\"},\"primaryImageOfPage\":{\"@id\":\"https:\\\/\\\/lawcdh.com\\\/es\\\/areas-de-practica\\\/lesiones-personales\\\/accidentes-de-construccion\\\/accidente-de-caida\\\/#primaryimage\"},\"image\":{\"@id\":\"https:\\\/\\\/lawcdh.com\\\/es\\\/areas-de-practica\\\/lesiones-personales\\\/accidentes-de-construccion\\\/accidente-de-caida\\\/#primaryimage\"},\"thumbnailUrl\":\"https:\\\/\\\/lawcdh.com\\\/es\\\/wp-content\\\/uploads\\\/sites\\\/2\\\/2022\\\/10\\\/construction-fall-3.jpg\",\"datePublished\":\"2022-10-24T14:56:53+00:00\",\"dateModified\":\"2024-01-31T18:38:17+00:00\",\"description\":\"If you've been hurt in a Central New York construction fall, you may be entitled to compensation. Call our CDH Law accident attorney today!\",\"breadcrumb\":{\"@id\":\"https:\\\/\\\/lawcdh.com\\\/es\\\/areas-de-practica\\\/lesiones-personales\\\/accidentes-de-construccion\\\/accidente-de-caida\\\/#breadcrumb\"},\"inLanguage\":\"en-US\",\"potentialAction\":[{\"@type\":\"ReadAction\",\"target\":[\"https:\\\/\\\/lawcdh.com\\\/es\\\/areas-de-practica\\\/lesiones-personales\\\/accidentes-de-construccion\\\/accidente-de-caida\\\/\"]}]},{\"@type\":\"ImageObject\",\"inLanguage\":\"en-US\",\"@id\":\"https:\\\/\\\/lawcdh.com\\\/es\\\/areas-de-practica\\\/lesiones-personales\\\/accidentes-de-construccion\\\/accidente-de-caida\\\/#primaryimage\",\"url\":\"https:\\\/\\\/lawcdh.com\\\/es\\\/wp-content\\\/uploads\\\/sites\\\/2\\\/2022\\\/10\\\/construction-fall-3.jpg\",\"contentUrl\":\"https:\\\/\\\/lawcdh.com\\\/es\\\/wp-content\\\/uploads\\\/sites\\\/2\\\/2022\\\/10\\\/construction-fall-3.jpg\",\"width\":730,\"height\":300,\"caption\":\"A construction worker on a high platform\"},{\"@type\":\"BreadcrumbList\",\"@id\":\"https:\\\/\\\/lawcdh.com\\\/es\\\/areas-de-practica\\\/lesiones-personales\\\/accidentes-de-construccion\\\/accidente-de-caida\\\/#breadcrumb\",\"itemListElement\":[{\"@type\":\"ListItem\",\"position\":1,\"name\":\"Home\",\"item\":\"https:\\\/\\\/lawcdh.com\\\/es\\\/\"},{\"@type\":\"ListItem\",\"position\":2,\"name\":\"\u00c1reas de Pr\u00e1ctica\",\"item\":\"https:\\\/\\\/lawcdh.com\\\/es\\\/areas-de-practica\\\/\"},{\"@type\":\"ListItem\",\"position\":3,\"name\":\"Lesiones Personales\",\"item\":\"https:\\\/\\\/lawcdh.com\\\/es\\\/areas-de-practica\\\/lesiones-personales\\\/\"},{\"@type\":\"ListItem\",\"position\":4,\"name\":\"Accidentes de Construccion\",\"item\":\"https:\\\/\\\/lawcdh.com\\\/es\\\/areas-de-practica\\\/lesiones-personales\\\/accidentes-de-construccion\\\/\"},{\"@type\":\"ListItem\",\"position\":5,\"name\":\"Ca\u00edda de la Construcci\u00f3n\"}]},{\"@type\":\"WebSite\",\"@id\":\"https:\\\/\\\/lawcdh.com\\\/es\\\/#website\",\"url\":\"https:\\\/\\\/lawcdh.com\\\/es\\\/\",\"name\":\"CDH Law PLLC ES\",\"description\":\"\",\"potentialAction\":[{\"@type\":\"SearchAction\",\"target\":{\"@type\":\"EntryPoint\",\"urlTemplate\":\"https:\\\/\\\/lawcdh.com\\\/es\\\/?s={search_term_string}\"},\"query-input\":{\"@type\":\"PropertyValueSpecification\",\"valueRequired\":true,\"valueName\":\"search_term_string\"}}],\"inLanguage\":\"en-US\"}]}<\/script>\n<!-- \/ Yoast SEO plugin. -->","yoast_head_json":{"title":"Syracuse & Central New York Construction Fall Accident Lawyer","description":"If you've been hurt in a Central New York construction fall, you may be entitled to compensation. Call our CDH Law accident attorney today!","robots":{"index":"index","follow":"follow","max-snippet":"max-snippet:-1","max-image-preview":"max-image-preview:large","max-video-preview":"max-video-preview:-1"},"canonical":"https:\/\/lawcdh.com\/es\/areas-de-practica\/lesiones-personales\/accidentes-de-construccion\/accidente-de-caida\/","og_locale":"en_US","og_type":"article","og_title":"Syracuse & Central New York Construction Fall Accident Lawyer","og_description":"If you've been hurt in a Central New York construction fall, you may be entitled to compensation. Call our CDH Law accident attorney today!","og_url":"https:\/\/lawcdh.com\/es\/areas-de-practica\/lesiones-personales\/accidentes-de-construccion\/accidente-de-caida\/","og_site_name":"CDH Law PLLC ES","article_modified_time":"2024-01-31T18:38:17+00:00","og_image":[{"width":730,"height":300,"url":"https:\/\/lawcdh.com\/es\/wp-content\/uploads\/sites\/2\/2022\/10\/construction-fall-3.jpg","type":"image\/jpeg"}],"twitter_card":"summary_large_image","twitter_misc":{"Est. reading time":"6 minutes"},"schema":{"@context":"https:\/\/schema.org","@graph":[{"@type":"WebPage","@id":"https:\/\/lawcdh.com\/es\/areas-de-practica\/lesiones-personales\/accidentes-de-construccion\/accidente-de-caida\/","url":"https:\/\/lawcdh.com\/es\/areas-de-practica\/lesiones-personales\/accidentes-de-construccion\/accidente-de-caida\/","name":"Syracuse & Central New York Construction Fall Accident Lawyer","isPartOf":{"@id":"https:\/\/lawcdh.com\/es\/#website"},"primaryImageOfPage":{"@id":"https:\/\/lawcdh.com\/es\/areas-de-practica\/lesiones-personales\/accidentes-de-construccion\/accidente-de-caida\/#primaryimage"},"image":{"@id":"https:\/\/lawcdh.com\/es\/areas-de-practica\/lesiones-personales\/accidentes-de-construccion\/accidente-de-caida\/#primaryimage"},"thumbnailUrl":"https:\/\/lawcdh.com\/es\/wp-content\/uploads\/sites\/2\/2022\/10\/construction-fall-3.jpg","datePublished":"2022-10-24T14:56:53+00:00","dateModified":"2024-01-31T18:38:17+00:00","description":"If you've been hurt in a Central New York construction fall, you may be entitled to compensation. Call our CDH Law accident attorney today!","breadcrumb":{"@id":"https:\/\/lawcdh.com\/es\/areas-de-practica\/lesiones-personales\/accidentes-de-construccion\/accidente-de-caida\/#breadcrumb"},"inLanguage":"en-US","potentialAction":[{"@type":"ReadAction","target":["https:\/\/lawcdh.com\/es\/areas-de-practica\/lesiones-personales\/accidentes-de-construccion\/accidente-de-caida\/"]}]},{"@type":"ImageObject","inLanguage":"en-US","@id":"https:\/\/lawcdh.com\/es\/areas-de-practica\/lesiones-personales\/accidentes-de-construccion\/accidente-de-caida\/#primaryimage","url":"https:\/\/lawcdh.com\/es\/wp-content\/uploads\/sites\/2\/2022\/10\/construction-fall-3.jpg","contentUrl":"https:\/\/lawcdh.com\/es\/wp-content\/uploads\/sites\/2\/2022\/10\/construction-fall-3.jpg","width":730,"height":300,"caption":"A construction worker on a high platform"},{"@type":"BreadcrumbList","@id":"https:\/\/lawcdh.com\/es\/areas-de-practica\/lesiones-personales\/accidentes-de-construccion\/accidente-de-caida\/#breadcrumb","itemListElement":[{"@type":"ListItem","position":1,"name":"Home","item":"https:\/\/lawcdh.com\/es\/"},{"@type":"ListItem","position":2,"name":"\u00c1reas de Pr\u00e1ctica","item":"https:\/\/lawcdh.com\/es\/areas-de-practica\/"},{"@type":"ListItem","position":3,"name":"Lesiones Personales","item":"https:\/\/lawcdh.com\/es\/areas-de-practica\/lesiones-personales\/"},{"@type":"ListItem","position":4,"name":"Accidentes de Construccion","item":"https:\/\/lawcdh.com\/es\/areas-de-practica\/lesiones-personales\/accidentes-de-construccion\/"},{"@type":"ListItem","position":5,"name":"Ca\u00edda de la Construcci\u00f3n"}]},{"@type":"WebSite","@id":"https:\/\/lawcdh.com\/es\/#website","url":"https:\/\/lawcdh.com\/es\/","name":"CDH Law PLLC ES","description":"","potentialAction":[{"@type":"SearchAction","target":{"@type":"EntryPoint","urlTemplate":"https:\/\/lawcdh.com\/es\/?s={search_term_string}"},"query-input":{"@type":"PropertyValueSpecification","valueRequired":true,"valueName":"search_term_string"}}],"inLanguage":"en-US"}]}},"_links":{"self":[{"href":"https:\/\/lawcdh.com\/es\/wp-json\/wp\/v2\/pages\/1928","targetHints":{"allow":["GET"]}}],"collection":[{"href":"https:\/\/lawcdh.com\/es\/wp-json\/wp\/v2\/pages"}],"about":[{"href":"https:\/\/lawcdh.com\/es\/wp-json\/wp\/v2\/types\/page"}],"author":[{"embeddable":true,"href":"https:\/\/lawcdh.com\/es\/wp-json\/wp\/v2\/users\/17"}],"replies":[{"embeddable":true,"href":"https:\/\/lawcdh.com\/es\/wp-json\/wp\/v2\/comments?post=1928"}],"version-history":[{"count":0,"href":"https:\/\/lawcdh.com\/es\/wp-json\/wp\/v2\/pages\/1928\/revisions"}],"up":[{"embeddable":true,"href":"https:\/\/lawcdh.com\/es\/wp-json\/wp\/v2\/pages\/1796"}],"wp:featuredmedia":[{"embeddable":true,"href":"https:\/\/lawcdh.com\/es\/wp-json\/wp\/v2\/media\/1929"}],"wp:attachment":[{"href":"https:\/\/lawcdh.com\/es\/wp-json\/wp\/v2\/media?parent=1928"}],"wp:term":[{"taxonomy":"post_tag","embeddable":true,"href":"https:\/\/lawcdh.com\/es\/wp-json\/wp\/v2\/tags?post=1928"}],"curies":[{"name":"wp","href":"https:\/\/api.w.org\/{rel}","templated":true}]}}