{"id":1939,"date":"2022-11-21T21:39:30","date_gmt":"2022-11-21T21:39:30","guid":{"rendered":"https:\/\/lawcdh.com\/?page_id=1939"},"modified":"2024-01-31T18:32:39","modified_gmt":"2024-01-31T18:32:39","slug":"accidente-por-caida-de-objetos","status":"publish","type":"page","link":"https:\/\/lawcdh.com\/es\/areas-de-practica\/lesiones-personales\/accidentes-de-construccion\/accidente-por-caida-de-objetos\/","title":{"rendered":"Accidente por Ca\u00edda de Objetos"},"content":{"rendered":"\n<p>La ca\u00edda de objetos en las obras puede provocar lesiones graves a los trabajadores y a los transe\u00fantes desprevenidos. La ca\u00edda de un objeto, como una herramienta, equipo u otro material, puede provocar lesiones graves e incluso la muerte. Las lesiones causadas por la ca\u00edda de objetos en las obras de construcci\u00f3n se pueden prevenir y, a menudo, ocurren debido a descuidos, maquinaria defectuosa, falta de equipo de seguridad y otras formas de negligencia.<\/p>\n\n\n\n<p>Si usted o su ser querido han resultado gravemente heridos en un accidente de construcci\u00f3n causado por la ca\u00edda de objetos, es posible que tenga derecho a una compensaci\u00f3n. Las v\u00edctimas pueden presentar un reclamo legal por sus gastos m\u00e9dicos pasados y futuros, da\u00f1os a la propiedad, dolor y sufrimiento, y m\u00e1s. Comun\u00edquese con <a href=\"https:\/\/lawcdh.com\/es\/\">CDH Law PLLC<\/a> hoy para programar una evaluaci\u00f3n gratuita de su caso.<\/p>\n\n\n\n<h2 class=\"wp-block-heading\" id=\"los-peligros-de-la-caida-de-objetos-en-las-obras-de-construccion\">Los Peligros de la Ca\u00edda de Objetos en Las Obras de Construcci\u00f3n<\/h2>\n\n\n\n<p>La ca\u00edda de objetos se encuentra entre los tipos de <a href=\"https:\/\/lawcdh.com\/es\/areas-de-practica\/lesiones-personales\/accidentes-de-construccion\/\">accidentes de construcci\u00f3n<\/a> m\u00e1s peligrosos. Ya sea un martillo o un trozo de concreto, dejar caer un objeto desde un techo o un andamio puede causar lesiones cerebrales, lesiones de la m\u00e9dula espinal y m\u00e1s. Seg\u00fan la <a href=\"https:\/\/www.osha.gov\/sites\/default\/files\/publications\/osha3173.pdf\" target=\"_blank\" rel=\"noreferrer noopener\">Administraci\u00f3n de Salud y Seguridad Ocupacional (OSHA)<\/a>, ser golpeado por un objeto que cae es una de las principales causas de muerte para muchos grupos de personas:<\/p>\n\n\n\n<ul class=\"wp-block-list\">\n<li>Techadores<\/li>\n\n\n\n<li>Trabajadores de la construcci\u00f3n<\/li>\n\n\n\n<li>Supervisores de primera l\u00ednea<\/li>\n\n\n\n<li>Electricistas<\/li>\n\n\n\n<li>Carpinteros<\/li>\n<\/ul>\n\n\n\n<p>No todas las lesiones por ca\u00edda de objetos incluyen materiales que caen del techo de un edificio. Las renovaciones, demoliciones y desmontajes pueden provocar que los materiales de construcci\u00f3n caigan de las paredes o los techos sobre los trabajadores de la construcci\u00f3n. Por ejemplo, los trabajadores de la construcci\u00f3n pueden sufrir lesiones al caer vigas al desmantelarse del lateral del edificio.<\/p>\n\n\n\n<h3 class=\"wp-block-heading\">Muchos Accidentes de Construcci\u00f3n Que Involucran la Ca\u00edda de Objetos Son Causados Por Negligencia<\/h3>\n\n\n\n<p>Los accidentes por ca\u00edda de objetos en obras de construcci\u00f3n se pueden prevenir con el equipo y los procedimientos de seguridad adecuados. Adem\u00e1s de prevenir ca\u00eddas, OSHA exige que los trabajadores y empleadores de la construcci\u00f3n eviten la ca\u00edda de objetos mediante correas, redes de seguridad y marquesinas. Cuando los propietarios de una empresa constructora no ponen el cuidado razonable para mantener a sus empleados seguros y ocurre un accidente, la v\u00edctima puede solicitar una compensaci\u00f3n a la empresa.<\/p>\n\n\n\n<p>Las redes de seguridad, las correas y los cascos no son s\u00f3lo lujos; son necesarios para que los empleadores eviten que la ca\u00edda de objetos lastime a las personas. La ca\u00edda de equipos, herramientas y materiales de construcci\u00f3n se puede prevenir cuando los trabajadores y los empleadores anteponen la seguridad mutua. Desafortunadamente, muchas empresas de construcci\u00f3n anteponen las ganancias a la seguridad, lo que pone a los trabajadores de la construcci\u00f3n y a los peatones en mayor riesgo de sufrir lesiones graves. Ejemplos de lesiones causadas por accidentes de construcci\u00f3n incluyen los siguientes:<\/p>\n\n\n\n<ul class=\"wp-block-list\">\n<li>Asegurar todas las herramientas que pesen m\u00e1s de cinco libras con una correa a un punto de anclaje<\/li>\n\n\n\n<li>Proporcionar a los trabajadores de la construcci\u00f3n cordones y puntos de sujeci\u00f3n que les permitan utilizar herramientas y evitar que se caigan de los techos.<\/li>\n\n\n\n<li>Instalar redes de seguridad alrededor de las \u00e1reas de ca\u00edda para evitar que las herramientas caigan sobre las personas que se encuentran debajo.<\/li>\n\n\n\n<li>Garantizar que los dispositivos de seguridad est\u00e9n correctamente configurados y dise\u00f1ados para funcionar juntos.<\/li>\n\n\n\n<li>Uso de toboganes cubiertos para retirar materiales de construcci\u00f3n de los techos<\/li>\n\n\n\n<li>Garantizar que los trabajadores comprendan c\u00f3mo mover sus materiales de forma segura sin dejarlos caer.<\/li>\n<\/ul>\n\n\n\n<h3 class=\"wp-block-heading\">Los Gerentes Deben Proporcionar Equipos de Seguridad Para Evitar la Ca\u00edda de Escombros<\/h3>\n\n\n\n<p>Los administradores de obras de construcci\u00f3n deben asegurarse de que sus trabajadores tengan todo el equipo de seguridad que necesitan para evitar lesiones, incluido lo siguiente:<\/p>\n\n\n\n<ul class=\"wp-block-list\">\n<li>Materiales sobre barandillas y andamios<\/li>\n\n\n\n<li>Pantallas para atrapar escombros que caen<\/li>\n\n\n\n<li>Cinta autovulcanizante<\/li>\n\n\n\n<li>Se\u00f1alizaci\u00f3n<\/li>\n\n\n\n<li>Pulseras<\/li>\n\n\n\n<li>Anillos en D<\/li>\n\n\n\n<li>Cinchas de herramientas para arneses<\/li>\n\n\n\n<li>Redes para escombros<\/li>\n\n\n\n<li>Rodapi\u00e9s<\/li>\n\n\n\n<li>Equipo de protecci\u00f3n personal, como cascos.<\/li>\n<\/ul>\n\n\n\n<p>Los trabajadores y gerentes deben verificar las capacidades de carga para determinar c\u00f3mo un equipo o herramienta est\u00e1 firmemente sujeto a una persona u otro punto de anclaje estable. Cuando un objeto no est\u00e9 en uso, se debe asegurar en un lugar estable para evitar que se caiga. Tomar medidas preventivas puede ayudar a proteger a los peatones y trabajadores de la construcci\u00f3n de la ca\u00edda de escombros, permitiendo a los trabajadores de la construcci\u00f3n realizar bien sus tareas y crear un \u00e1rea de construcci\u00f3n m\u00e1s segura.<\/p>\n\n\n\n<h3 class=\"wp-block-heading\">No Advertir a Los Transe\u00fantes Del Peligro<\/h3>\n\n\n\n<p>Los transe\u00fantes pueden resultar heridos cuando las empresas constructoras no les advierten eficazmente del peligro. Las se\u00f1ales de advertencia y la colocaci\u00f3n adecuada de barricadas pueden prevenir lesiones e incluso salvar vidas. Cuando las empresas constructoras no previenen o advierten a los transe\u00fantes sobre condiciones potencialmente peligrosas, pueden ser consideradas responsables de las lesiones. Aunque todav\u00eda pueden ocurrir accidentes, las medidas de seguridad pueden ayudar a prevenir lesiones, incluso si un objeto cae del cielo.<\/p>\n\n\n\n<h3 class=\"wp-block-heading\">Lesiones Causadas Por la Ca\u00edda de Escombros<\/h3>\n\n\n\n<p>Cuando los objetos caen desde grandes alturas, pueden causar lesiones graves, incluso si el objeto en s\u00ed no es pesado ni grande. Incluso los objetos o herramientas m\u00e1s peque\u00f1os pueden ser peligrosos debido a la f\u00edsica. Como resultado, la ca\u00edda de escombros es una de las principales causas de lesiones en la construcci\u00f3n. Los objetos que caen pueden golpear cualquier parte del cuerpo de una persona, pero la cabeza de una persona a menudo recibe la mayor parte del golpe del objeto que cae. Cuando un objeto cae y golpea a alguien en la cabeza, esta puede sufrir lesiones cerebrales que van desde conmociones cerebrales leves hasta da\u00f1o cerebral permanente. Los tipos m\u00e1s comunes de lesiones por ca\u00edda de escombros incluyen los siguientes:<\/p>\n\n\n\n<ul class=\"wp-block-list\">\n<li><a href=\"https:\/\/lawcdh.com\/es\/areas-de-practica\/lesiones-personales\/negligencia-medica\/lesion-de-nacimiento\/paralisis-cerebral\/\">Par\u00e1lisis<\/a><\/li>\n\n\n\n<li><a href=\"https:\/\/lawcdh.com\/es\/areas-de-practica\/lesiones-personales\/dano-cerebral\/\">Lesi\u00f3n cerebral traum\u00e1tica (TBI)<\/a><\/li>\n\n\n\n<li>Desfiguraci\u00f3n<\/li>\n\n\n\n<li>Amputaciones<\/li>\n\n\n\n<li><a href=\"https:\/\/lawcdh.com\/es\/areas-de-practica\/lesiones-personales\/lesion-de-hueso-roto\/\">Huesos rotos<\/a><\/li>\n\n\n\n<li>Lesiones musculoesquel\u00e9ticas<\/li>\n\n\n\n<li>Lesiones de espalda o cuello<\/li>\n\n\n\n<li>Laceraciones<\/li>\n\n\n\n<li>Cicatrizaci\u00f3n<\/li>\n\n\n\n<li><a href=\"https:\/\/lawcdh.com\/es\/areas-de-practica\/lesiones-personales\/muerte-injusta\/\">Muerte<\/a><\/li>\n<\/ul>\n\n\n\n<h3 class=\"wp-block-heading\">Solicitar Una Compensaci\u00f3n Por Sus Lesiones en la Construcci\u00f3n<\/h3>\n\n\n\n<p>Como v\u00edctima de un accidente por ca\u00edda de escombros en un sitio de construcci\u00f3n, usted tiene derecho a solicitar una compensaci\u00f3n por sus lesiones. El valor de su caso depender\u00e1 de m\u00faltiples factores, incluida la gravedad de sus lesiones y los hechos que condujeron a su accidente. Generalmente, cuanto m\u00e1s graves y debilitantes sean las lesiones de la v\u00edctima, m\u00e1s compensaci\u00f3n podr\u00e1 obtener. Hay tres categor\u00edas principales de da\u00f1os y perjuicios que puede reclamar: facturas m\u00e9dicas, dolor y sufrimiento y p\u00e9rdida de ingresos.<\/p>\n\n\n\n<p>Cada uno de estos tipos de compensaci\u00f3n puede incluir gastos pasados y gastos futuros relacionados con sus lesiones. Por ejemplo, supongamos que ha sufrido una lesi\u00f3n cerebral traum\u00e1tica debido a que una herramienta de construcci\u00f3n le golpe\u00f3 en la cabeza. Es posible que ya haya estado en rehabilitaci\u00f3n, pero necesite tratamiento continuo. Puede solicitar una compensaci\u00f3n por sus gastos m\u00e9dicos pasados y futuros, como terapia ocupacional, visitas al m\u00e9dico y m\u00e1s. Si no puede trabajar debido a sus lesiones, tambi\u00e9n puede solicitar una compensaci\u00f3n por la p\u00e9rdida de su capacidad de generar ingresos.<\/p>\n\n\n\n<h4 class=\"wp-block-heading\">P\u00f3ngase en Contacto Con Un Abogado de Lesiones Personales de Syracuse<\/h4>\n\n\n\n<p>\u00bfLa ca\u00edda de escombros le ha herido en una obra de construcci\u00f3n en Syracuse, Nueva York? Los abogados con experiencia en lesiones personales de CDH Law PLLC est\u00e1n aqu\u00ed para ayudarlo. Despu\u00e9s de revisar cuidadosamente su caso, lo ayudaremos a comprender sus opciones legales. <a href=\"https:\/\/lawcdh.com\/es\/contacto\/\">Comun\u00edquese con los abogados expertos<\/a> de CDH Law PLLC para obtener m\u00e1s informaci\u00f3n.<\/p>\n","protected":false},"excerpt":{"rendered":"<p>La ca\u00edda de objetos en las obras puede provocar lesiones graves a los trabajadores y a los transe\u00fantes desprevenidos. La ca\u00edda de un objeto, como una herramienta, equipo u otro material, puede provocar lesiones graves e incluso la muerte. Las lesiones causadas por la ca\u00edda de objetos en las obras de construcci\u00f3n se pueden prevenir&#8230;<\/p>\n","protected":false},"author":17,"featured_media":1940,"parent":1796,"menu_order":0,"comment_status":"closed","ping_status":"closed","template":"","meta":{"_acf_changed":false,"footnotes":""},"tags":[],"class_list":["post-1939","page","type-page","status-publish","has-post-thumbnail","hentry"],"acf":[],"yoast_head":"<!-- This site is optimized with the Yoast SEO plugin v27.3 - https:\/\/yoast.com\/product\/yoast-seo-wordpress\/ -->\n<title>Syracuse &amp; Central New York Falling Objects Accident Lawyer<\/title>\n<meta name=\"description\" content=\"If you have been in a construction accident in Syracuse or Central New York and suffered injuries from falling objects, contact CDH today.\" \/>\n<meta name=\"robots\" content=\"index, follow, max-snippet:-1, max-image-preview:large, max-video-preview:-1\" \/>\n<link rel=\"canonical\" href=\"https:\/\/lawcdh.com\/es\/areas-de-practica\/lesiones-personales\/accidentes-de-construccion\/accidente-por-caida-de-objetos\/\" \/>\n<meta property=\"og:locale\" content=\"es_MX\" \/>\n<meta property=\"og:type\" content=\"article\" \/>\n<meta property=\"og:title\" content=\"Syracuse &amp; Central New York Falling Objects Accident Lawyer\" \/>\n<meta property=\"og:description\" content=\"If you have been in a construction accident in Syracuse or Central New York and suffered injuries from falling objects, contact CDH today.\" \/>\n<meta property=\"og:url\" content=\"https:\/\/lawcdh.com\/es\/areas-de-practica\/lesiones-personales\/accidentes-de-construccion\/accidente-por-caida-de-objetos\/\" \/>\n<meta property=\"og:site_name\" content=\"CDH Law PLLC ES\" \/>\n<meta property=\"article:modified_time\" content=\"2024-01-31T18:32:39+00:00\" \/>\n<meta property=\"og:image\" content=\"https:\/\/lawcdh.com\/es\/wp-content\/uploads\/sites\/2\/2022\/11\/falling-objects-injury-3.jpg\" \/>\n\t<meta property=\"og:image:width\" content=\"730\" \/>\n\t<meta property=\"og:image:height\" content=\"300\" \/>\n\t<meta property=\"og:image:type\" content=\"image\/jpeg\" \/>\n<meta name=\"twitter:card\" content=\"summary_large_image\" \/>\n<meta name=\"twitter:label1\" content=\"Est. reading time\" \/>\n\t<meta name=\"twitter:data1\" content=\"6 minutos\" \/>\n<script type=\"application\/ld+json\" class=\"yoast-schema-graph\">{\"@context\":\"https:\\\/\\\/schema.org\",\"@graph\":[{\"@type\":\"WebPage\",\"@id\":\"https:\\\/\\\/lawcdh.com\\\/es\\\/areas-de-practica\\\/lesiones-personales\\\/accidentes-de-construccion\\\/accidente-por-caida-de-objetos\\\/\",\"url\":\"https:\\\/\\\/lawcdh.com\\\/es\\\/areas-de-practica\\\/lesiones-personales\\\/accidentes-de-construccion\\\/accidente-por-caida-de-objetos\\\/\",\"name\":\"Syracuse & Central New York Falling Objects Accident Lawyer\",\"isPartOf\":{\"@id\":\"https:\\\/\\\/lawcdh.com\\\/es\\\/#website\"},\"primaryImageOfPage\":{\"@id\":\"https:\\\/\\\/lawcdh.com\\\/es\\\/areas-de-practica\\\/lesiones-personales\\\/accidentes-de-construccion\\\/accidente-por-caida-de-objetos\\\/#primaryimage\"},\"image\":{\"@id\":\"https:\\\/\\\/lawcdh.com\\\/es\\\/areas-de-practica\\\/lesiones-personales\\\/accidentes-de-construccion\\\/accidente-por-caida-de-objetos\\\/#primaryimage\"},\"thumbnailUrl\":\"https:\\\/\\\/lawcdh.com\\\/es\\\/wp-content\\\/uploads\\\/sites\\\/2\\\/2022\\\/11\\\/falling-objects-injury-3.jpg\",\"datePublished\":\"2022-11-21T21:39:30+00:00\",\"dateModified\":\"2024-01-31T18:32:39+00:00\",\"description\":\"If you have been in a construction accident in Syracuse or Central New York and suffered injuries from falling objects, contact CDH today.\",\"breadcrumb\":{\"@id\":\"https:\\\/\\\/lawcdh.com\\\/es\\\/areas-de-practica\\\/lesiones-personales\\\/accidentes-de-construccion\\\/accidente-por-caida-de-objetos\\\/#breadcrumb\"},\"inLanguage\":\"es\",\"potentialAction\":[{\"@type\":\"ReadAction\",\"target\":[\"https:\\\/\\\/lawcdh.com\\\/es\\\/areas-de-practica\\\/lesiones-personales\\\/accidentes-de-construccion\\\/accidente-por-caida-de-objetos\\\/\"]}]},{\"@type\":\"ImageObject\",\"inLanguage\":\"es\",\"@id\":\"https:\\\/\\\/lawcdh.com\\\/es\\\/areas-de-practica\\\/lesiones-personales\\\/accidentes-de-construccion\\\/accidente-por-caida-de-objetos\\\/#primaryimage\",\"url\":\"https:\\\/\\\/lawcdh.com\\\/es\\\/wp-content\\\/uploads\\\/sites\\\/2\\\/2022\\\/11\\\/falling-objects-injury-3.jpg\",\"contentUrl\":\"https:\\\/\\\/lawcdh.com\\\/es\\\/wp-content\\\/uploads\\\/sites\\\/2\\\/2022\\\/11\\\/falling-objects-injury-3.jpg\",\"width\":\"730\",\"height\":\"300\",\"caption\":\"falling-objects-injury\"},{\"@type\":\"BreadcrumbList\",\"@id\":\"https:\\\/\\\/lawcdh.com\\\/es\\\/areas-de-practica\\\/lesiones-personales\\\/accidentes-de-construccion\\\/accidente-por-caida-de-objetos\\\/#breadcrumb\",\"itemListElement\":[{\"@type\":\"ListItem\",\"position\":1,\"name\":\"Home\",\"item\":\"https:\\\/\\\/lawcdh.com\\\/es\\\/\"},{\"@type\":\"ListItem\",\"position\":2,\"name\":\"\u00c1reas de Pr\u00e1ctica\",\"item\":\"https:\\\/\\\/lawcdh.com\\\/es\\\/areas-de-practica\\\/\"},{\"@type\":\"ListItem\",\"position\":3,\"name\":\"Lesiones Personales\",\"item\":\"https:\\\/\\\/lawcdh.com\\\/es\\\/areas-de-practica\\\/lesiones-personales\\\/\"},{\"@type\":\"ListItem\",\"position\":4,\"name\":\"Accidentes de Construccion\",\"item\":\"https:\\\/\\\/lawcdh.com\\\/es\\\/areas-de-practica\\\/lesiones-personales\\\/accidentes-de-construccion\\\/\"},{\"@type\":\"ListItem\",\"position\":5,\"name\":\"Accidente por Ca\u00edda de Objetos\"}]},{\"@type\":\"WebSite\",\"@id\":\"https:\\\/\\\/lawcdh.com\\\/es\\\/#website\",\"url\":\"https:\\\/\\\/lawcdh.com\\\/es\\\/\",\"name\":\"CDH Law PLLC ES\",\"description\":\"\",\"potentialAction\":[{\"@type\":\"SearchAction\",\"target\":{\"@type\":\"EntryPoint\",\"urlTemplate\":\"https:\\\/\\\/lawcdh.com\\\/es\\\/?s={search_term_string}\"},\"query-input\":{\"@type\":\"PropertyValueSpecification\",\"valueRequired\":true,\"valueName\":\"search_term_string\"}}],\"inLanguage\":\"es\"}]}<\/script>\n<!-- \/ Yoast SEO plugin. -->","yoast_head_json":{"title":"Syracuse & Central New York Falling Objects Accident Lawyer","description":"If you have been in a construction accident in Syracuse or Central New York and suffered injuries from falling objects, contact CDH today.","robots":{"index":"index","follow":"follow","max-snippet":"max-snippet:-1","max-image-preview":"max-image-preview:large","max-video-preview":"max-video-preview:-1"},"canonical":"https:\/\/lawcdh.com\/es\/areas-de-practica\/lesiones-personales\/accidentes-de-construccion\/accidente-por-caida-de-objetos\/","og_locale":"es_MX","og_type":"article","og_title":"Syracuse & Central New York Falling Objects Accident Lawyer","og_description":"If you have been in a construction accident in Syracuse or Central New York and suffered injuries from falling objects, contact CDH today.","og_url":"https:\/\/lawcdh.com\/es\/areas-de-practica\/lesiones-personales\/accidentes-de-construccion\/accidente-por-caida-de-objetos\/","og_site_name":"CDH Law PLLC ES","article_modified_time":"2024-01-31T18:32:39+00:00","og_image":[{"width":730,"height":300,"url":"https:\/\/lawcdh.com\/es\/wp-content\/uploads\/sites\/2\/2022\/11\/falling-objects-injury-3.jpg","type":"image\/jpeg"}],"twitter_card":"summary_large_image","twitter_misc":{"Est. reading time":"6 minutos"},"schema":{"@context":"https:\/\/schema.org","@graph":[{"@type":"WebPage","@id":"https:\/\/lawcdh.com\/es\/areas-de-practica\/lesiones-personales\/accidentes-de-construccion\/accidente-por-caida-de-objetos\/","url":"https:\/\/lawcdh.com\/es\/areas-de-practica\/lesiones-personales\/accidentes-de-construccion\/accidente-por-caida-de-objetos\/","name":"Syracuse & Central New York Falling Objects Accident Lawyer","isPartOf":{"@id":"https:\/\/lawcdh.com\/es\/#website"},"primaryImageOfPage":{"@id":"https:\/\/lawcdh.com\/es\/areas-de-practica\/lesiones-personales\/accidentes-de-construccion\/accidente-por-caida-de-objetos\/#primaryimage"},"image":{"@id":"https:\/\/lawcdh.com\/es\/areas-de-practica\/lesiones-personales\/accidentes-de-construccion\/accidente-por-caida-de-objetos\/#primaryimage"},"thumbnailUrl":"https:\/\/lawcdh.com\/es\/wp-content\/uploads\/sites\/2\/2022\/11\/falling-objects-injury-3.jpg","datePublished":"2022-11-21T21:39:30+00:00","dateModified":"2024-01-31T18:32:39+00:00","description":"If you have been in a construction accident in Syracuse or Central New York and suffered injuries from falling objects, contact CDH today.","breadcrumb":{"@id":"https:\/\/lawcdh.com\/es\/areas-de-practica\/lesiones-personales\/accidentes-de-construccion\/accidente-por-caida-de-objetos\/#breadcrumb"},"inLanguage":"es","potentialAction":[{"@type":"ReadAction","target":["https:\/\/lawcdh.com\/es\/areas-de-practica\/lesiones-personales\/accidentes-de-construccion\/accidente-por-caida-de-objetos\/"]}]},{"@type":"ImageObject","inLanguage":"es","@id":"https:\/\/lawcdh.com\/es\/areas-de-practica\/lesiones-personales\/accidentes-de-construccion\/accidente-por-caida-de-objetos\/#primaryimage","url":"https:\/\/lawcdh.com\/es\/wp-content\/uploads\/sites\/2\/2022\/11\/falling-objects-injury-3.jpg","contentUrl":"https:\/\/lawcdh.com\/es\/wp-content\/uploads\/sites\/2\/2022\/11\/falling-objects-injury-3.jpg","width":"730","height":"300","caption":"falling-objects-injury"},{"@type":"BreadcrumbList","@id":"https:\/\/lawcdh.com\/es\/areas-de-practica\/lesiones-personales\/accidentes-de-construccion\/accidente-por-caida-de-objetos\/#breadcrumb","itemListElement":[{"@type":"ListItem","position":1,"name":"Home","item":"https:\/\/lawcdh.com\/es\/"},{"@type":"ListItem","position":2,"name":"\u00c1reas de Pr\u00e1ctica","item":"https:\/\/lawcdh.com\/es\/areas-de-practica\/"},{"@type":"ListItem","position":3,"name":"Lesiones Personales","item":"https:\/\/lawcdh.com\/es\/areas-de-practica\/lesiones-personales\/"},{"@type":"ListItem","position":4,"name":"Accidentes de Construccion","item":"https:\/\/lawcdh.com\/es\/areas-de-practica\/lesiones-personales\/accidentes-de-construccion\/"},{"@type":"ListItem","position":5,"name":"Accidente por Ca\u00edda de Objetos"}]},{"@type":"WebSite","@id":"https:\/\/lawcdh.com\/es\/#website","url":"https:\/\/lawcdh.com\/es\/","name":"CDH Law PLLC ES","description":"","potentialAction":[{"@type":"SearchAction","target":{"@type":"EntryPoint","urlTemplate":"https:\/\/lawcdh.com\/es\/?s={search_term_string}"},"query-input":{"@type":"PropertyValueSpecification","valueRequired":true,"valueName":"search_term_string"}}],"inLanguage":"es"}]}},"_links":{"self":[{"href":"https:\/\/lawcdh.com\/es\/wp-json\/wp\/v2\/pages\/1939","targetHints":{"allow":["GET"]}}],"collection":[{"href":"https:\/\/lawcdh.com\/es\/wp-json\/wp\/v2\/pages"}],"about":[{"href":"https:\/\/lawcdh.com\/es\/wp-json\/wp\/v2\/types\/page"}],"author":[{"embeddable":true,"href":"https:\/\/lawcdh.com\/es\/wp-json\/wp\/v2\/users\/17"}],"replies":[{"embeddable":true,"href":"https:\/\/lawcdh.com\/es\/wp-json\/wp\/v2\/comments?post=1939"}],"version-history":[{"count":0,"href":"https:\/\/lawcdh.com\/es\/wp-json\/wp\/v2\/pages\/1939\/revisions"}],"up":[{"embeddable":true,"href":"https:\/\/lawcdh.com\/es\/wp-json\/wp\/v2\/pages\/1796"}],"wp:featuredmedia":[{"embeddable":true,"href":"https:\/\/lawcdh.com\/es\/wp-json\/wp\/v2\/media\/1940"}],"wp:attachment":[{"href":"https:\/\/lawcdh.com\/es\/wp-json\/wp\/v2\/media?parent=1939"}],"wp:term":[{"taxonomy":"post_tag","embeddable":true,"href":"https:\/\/lawcdh.com\/es\/wp-json\/wp\/v2\/tags?post=1939"}],"curies":[{"name":"wp","href":"https:\/\/api.w.org\/{rel}","templated":true}]}}