{"id":1962,"date":"2023-01-05T17:25:58","date_gmt":"2023-01-05T17:25:58","guid":{"rendered":"https:\/\/lawcdh.com\/?page_id=1962"},"modified":"2024-01-31T18:06:17","modified_gmt":"2024-01-31T18:06:17","slug":"accidentes-de-camiones","status":"publish","type":"page","link":"https:\/\/lawcdh.com\/es\/areas-de-practica\/lesiones-personales\/accidentes-de-camiones\/","title":{"rendered":"Accidentes de Camiones"},"content":{"rendered":"\n<p>Los accidentes de camiones pueden ser especialmente devastadores para las v\u00edctimas debido al gran tama\u00f1o y peso de los camiones <a href=\"https:\/\/lawcdh.com\/es\/areas-de-practica\/lesiones-personales\/accidentes-de-camiones\/accidente-de-vehiculo-comercial\/\">comerciales<\/a>. Cuando un cami\u00f3n y un veh\u00edculo de pasajeros chocan, los pasajeros del veh\u00edculo m\u00e1s peque\u00f1o suelen sufrir las lesiones m\u00e1s devastadoras. Incluso cuando el accidente de cami\u00f3n no es fatal, las v\u00edctimas pueden sufrir lesiones catastr\u00f3ficas permanentes que afectan sus vidas.<\/p>\n\n\n\n<p><a href=\"\/es\/\">CDH Law PLLC<\/a> tiene amplia experiencia litigando reclamaciones por accidentes de camiones. Utilizamos nuestra experiencia para trabajar para nuestros clientes investigando sus casos y negociando para obtener el mejor resultado posible. Si usted o su ser querido ha sufrido una lesi\u00f3n grave, comun\u00edquese con CDH Law PLLC hoy para programar una evaluaci\u00f3n gratuita de su caso.<\/p>\n\n\n\n<h2 class=\"wp-block-heading\" id=\"causas-comunes-de-accidentes-de-camiones\">Causas Comunes de Accidentes de Camiones<\/h2>\n\n\n\n<p>Los conductores de camiones deben descansar lo suficiente, comprobar si hay problemas de mantenimiento del cami\u00f3n y prestar atenci\u00f3n a la carretera. Desafortunadamente, muchos camioneros no cumplen con estos requisitos legales. En lugar de prestar atenci\u00f3n a la carretera, no tienen un cuidado razonable al conducir un veh\u00edculo enorme, lo que pone a todos los dem\u00e1s en riesgo de sufrir lesiones. Los camioneros suelen verse presionados a cumplir estrictos plazos de entrega.<\/p>\n\n\n\n<p>Los plazos para el transporte por carretera pueden no ser razonables. Como resultado, los conductores de camiones pueden ignorar las reglas de seguridad al no tomar un descanso para completar el trabajo m\u00e1s r\u00e1pidamente. La fatiga del conductor de cami\u00f3n puede provocar que el conductor se quede dormido y se desv\u00ede hacia otros veh\u00edculos o no est\u00e9 lo suficientemente atento para evitar un accidente. Para combatir la fatiga, los camioneros pueden tomar drogas ilegales como estimulantes para mantenerse despiertos, lo que tambi\u00e9n puede provocar accidentes. Otras causas comunes de accidentes de camiones en Nueva York incluyen las siguientes:<\/p>\n\n\n\n<ul class=\"wp-block-list\">\n<li>Conducci\u00f3n distrail<\/li>\n\n\n\n<li>Exceso de velocidad o conducci\u00f3n agresiva<\/li>\n\n\n\n<li>No inspeccionar y mantener adecuadamente el cami\u00f3n.<\/li>\n\n\n\n<li>Frenos mal mantenidos<\/li>\n\n\n\n<li>Neum\u00e1ticos mal mantenidos o desgastados<\/li>\n\n\n\n<li>Defectos en el cami\u00f3n<\/li>\n\n\n\n<li>Cambios de carril inseguros<\/li>\n\n\n\n<li>Giros inseguros<\/li>\n\n\n\n<li>No comprobar si hay puntos ciegos<\/li>\n\n\n\n<li>Conducir bajo la influencia de <a href=\"https:\/\/lawcdh.com\/es\/areas-de-practica\/delitos-de-drogas\/\">drogas<\/a> o <a href=\"https:\/\/lawcdh.com\/es\/areas-de-practica\/dwi\/\">alcohol<\/a>.<\/li>\n\n\n\n<li>Falta de experiencia conduciendo un veh\u00edculo comercial grande.<\/li>\n<\/ul>\n\n\n\n<h3 class=\"wp-block-heading\">\u00bfCu\u00e1nto Vale MI Caso de Accidentes de Camiones?<\/h3>\n\n\n\n<p>Debido a su enorme tama\u00f1o y peso, los accidentes de camiones tienden a causar lesiones m\u00e1s graves que aquellos en los que participan veh\u00edculos m\u00e1s peque\u00f1os. Si ha estado involucrado en un accidente de cami\u00f3n, puede sufrir m\u00e1s da\u00f1os que las v\u00edctimas lesionadas en otros accidentes automovil\u00edsticos. El valor de su caso depender\u00e1 de m\u00faltiples factores, incluida la gravedad de sus lesiones. Si una compa\u00f1\u00eda de seguros o un juez determina que la parte responsable es totalmente responsable de sus lesiones, usted puede obtener una indemnizaci\u00f3n por los m\u00faltiples gastos incurridos. Por ejemplo, puede solicitar una compensaci\u00f3n por todo lo siguiente:<\/p>\n\n\n\n<ul class=\"wp-block-list\">\n<li>Gastos m\u00e9dicos pendientes y futuros<\/li>\n\n\n\n<li>Da\u00f1o o p\u00e9rdida de propiedad<\/li>\n\n\n\n<li>Modificaciones de veh\u00edculos y viviendas, como rampas y ascensores para sillas de ruedas.<\/li>\n\n\n\n<li>P\u00e9rdida de salario, carrera o capacidad de obtener ingresos.<\/li>\n\n\n\n<li>Angustia emocional y angustia mental.<\/li>\n\n\n\n<li>Dolor y sufrimiento<\/li>\n<\/ul>\n\n\n\n<h3 class=\"wp-block-heading\">Determinar Qui\u00e9n Tiene la Culpa de Sus Lesiones<\/h3>\n\n\n\n<p>Si ha estado involucrado en un accidente de cami\u00f3n, puede asumir que el conductor del cami\u00f3n es responsable de pagarle por sus lesiones. Sin embargo, otras partes pueden ser responsables de sus lesiones porque su negligencia caus\u00f3 o contribuy\u00f3 al accidente. Trabajar con un abogado es esencial para recuperar la compensaci\u00f3n que merece.<\/p>\n\n\n\n<p>Un abogado puede comenzar de inmediato a investigar la escena del accidente, reunir pruebas, hablar con los testigos y determinar qu\u00e9 parte o partes tienen la culpa de sus lesiones. Identificar la parte o partes financieramente responsables le ayudar\u00e1 a usted y a su abogado a desarrollar una estrategia eficaz para recuperar la compensaci\u00f3n. En una demanda por accidente de cami\u00f3n, las siguientes partes pueden ser responsables:<\/p>\n\n\n\n<ul class=\"wp-block-list\">\n<li>Conductores de camiones<\/li>\n\n\n\n<li>Fabricantes de camiones<\/li>\n\n\n\n<li>Empresas de transporte<\/li>\n\n\n\n<li>Fabricantes de piezas de veh\u00edculos<\/li>\n\n\n\n<li>Empresas de mantenimiento de camiones<\/li>\n\n\n\n<li>Municipios<\/li>\n\n\n\n<li>Controladores de terceros<\/li>\n\n\n\n<li>La empresa que alquil\u00f3 el cami\u00f3n al propietario.<\/li>\n\n\n\n<li>Otro conductor que provoc\u00f3 un accidente de varios veh\u00edculos<\/li>\n\n\n\n<li>La empresa que carg\u00f3 la carga en el cami\u00f3n.<\/li>\n<\/ul>\n\n\n\n<h3 class=\"wp-block-heading\">Responsabilizar a la Empresa de Transporte Por la Negligencia de Su Conductor<\/h3>\n\n\n\n<p>Muchos accidentes de camiones son causados por negligencia o error del conductor. Las v\u00edctimas lesionadas por error del conductor tienen derecho a solicitar una compensaci\u00f3n al conductor del cami\u00f3n negligente. Sin embargo, muchos camioneros no tienen los bienes necesarios para compensar a la v\u00edctima de una lesi\u00f3n grave. Cuando grandes camiones con remolque y semirremolques se ven involucrados en accidentes, puede ser beneficioso para las v\u00edctimas solicitar una compensaci\u00f3n a la empresa de transporte que emple\u00f3 al conductor o mediante la p\u00f3liza de seguro comercial de la empresa. Los demandantes en demandas por lesiones personales pueden responsabilizar financieramente a los empleadores por las lesiones causadas por actos negligentes de sus empleados. La empresa de transporte puede intentar afirmar que el conductor del cami\u00f3n no es un empleado sino un contratista independiente para evitar responsabilidad. Trabajar con un abogado experimentado puede ayudar a demostrar que el conductor del cami\u00f3n era un empleado y que la empresa de transporte es legalmente responsable de emplear a un conductor negligente.<\/p>\n\n\n\n<h3 class=\"wp-block-heading\">Solicitar Una Compensaci\u00f3n a Trav\u00e9s de Un Acuerdo de Seguro<\/h3>\n\n\n\n<p>Generalmente, las empresas de transporte tienen p\u00f3lizas de seguro comerciales. Seg\u00fan la ley de Nueva York, las v\u00edctimas de accidentes automovil\u00edsticos tienen derecho a una compensaci\u00f3n a trav\u00e9s de un reclamo de seguro con la p\u00f3liza de seguro del conductor culpable. Las compa\u00f1\u00edas de seguros comerciales son conocidas por intentar negar reclamos u ofrecer a las v\u00edctimas acuerdos bajos. La compa\u00f1\u00eda de seguros puede intentar culparlo por el accidente ocurrido como una forma de evitar pagarle una compensaci\u00f3n. Es posible que env\u00eden investigadores de inmediato al lugar del accidente e intenten demostrar que el conductor del cami\u00f3n no tuvo la culpa.<\/p>\n\n\n\n<p>Los abogados de CDH Law PLLC tienen amplia experiencia en responsabilizar a los conductores de camiones negligentes, a sus empleadores y a las compa\u00f1\u00edas de seguros. Nuestros abogados expertos en lesiones personales trabajar\u00e1n diligentemente para contrarrestar cualquier intento de la compa\u00f1\u00eda de seguros de echarle la culpa. Despu\u00e9s de evaluar cuidadosamente el valor de su reclamo, comenzaremos a negociar con la compa\u00f1\u00eda de seguros para llegar a un acuerdo justo y completo.<\/p>\n\n\n\n<h4 class=\"wp-block-heading\"><strong>Discuta Su Caso Con Un Abogado Con Experiencia en Accidentes de Camiones en Syracuse<\/strong><\/h4>\n\n\n\n<p>Si ha resultado gravemente herido o su ser querido ha muerto a causa de una lesi\u00f3n mortal causada por un accidente de cami\u00f3n, es posible que tenga derecho a una compensaci\u00f3n. Saber qu\u00e9 pasos tomar despu\u00e9s de un accidente automovil\u00edstico grave puede resultar un desaf\u00edo. Los compasivos abogados de CDH Law PLLC le explicar\u00e1n cuidadosamente sus opciones y responder\u00e1n cualquier pregunta que tenga. Investigaremos su caso y lo ayudaremos a comprender sus opciones legales. P\u00f3ngase en <a href=\"\/es\/contacto\/\">contacto<\/a> con los abogados de accidentes de camiones del centro de Nueva York de CDH Law PLLC hoy para programar una consulta gratuita y obtener m\u00e1s informaci\u00f3n sobre c\u00f3mo podemos defenderlo.<\/p>\n","protected":false},"excerpt":{"rendered":"<p>Los accidentes de camiones pueden ser especialmente devastadores para las v\u00edctimas debido al gran tama\u00f1o y peso de los camiones comerciales. Cuando un cami\u00f3n y un veh\u00edculo de pasajeros chocan, los pasajeros del veh\u00edculo m\u00e1s peque\u00f1o suelen sufrir las lesiones m\u00e1s devastadoras. Incluso cuando el accidente de cami\u00f3n no es fatal, las v\u00edctimas pueden sufrir&#8230;<\/p>\n","protected":false},"author":17,"featured_media":1966,"parent":1771,"menu_order":0,"comment_status":"closed","ping_status":"closed","template":"","meta":{"_acf_changed":false,"footnotes":""},"tags":[],"class_list":["post-1962","page","type-page","status-publish","has-post-thumbnail","hentry"],"acf":[],"yoast_head":"<!-- This site is optimized with the Yoast SEO plugin v27.4 - https:\/\/yoast.com\/product\/yoast-seo-wordpress\/ -->\n<title>Syracuse Truck Accident Lawyer | Semi Truck Accident Attorney<\/title>\n<meta name=\"description\" content=\"If you or a loved one were injured in truck accidents in Syracuse and Central New York, please contact CDH Law PLLC today.\" \/>\n<meta name=\"robots\" content=\"index, follow, max-snippet:-1, max-image-preview:large, max-video-preview:-1\" \/>\n<link rel=\"canonical\" href=\"https:\/\/lawcdh.com\/es\/areas-de-practica\/lesiones-personales\/accidentes-de-camiones\/\" \/>\n<meta property=\"og:locale\" content=\"es_MX\" \/>\n<meta property=\"og:type\" content=\"article\" \/>\n<meta property=\"og:title\" content=\"Syracuse Truck Accident Lawyer | Semi Truck Accident Attorney\" \/>\n<meta property=\"og:description\" content=\"If you or a loved one were injured in truck accidents in Syracuse and Central New York, please contact CDH Law PLLC today.\" \/>\n<meta property=\"og:url\" content=\"https:\/\/lawcdh.com\/es\/areas-de-practica\/lesiones-personales\/accidentes-de-camiones\/\" \/>\n<meta property=\"og:site_name\" content=\"CDH Law PLLC ES\" \/>\n<meta property=\"article:modified_time\" content=\"2024-01-31T18:06:17+00:00\" \/>\n<meta property=\"og:image\" content=\"https:\/\/lawcdh.com\/es\/wp-content\/uploads\/sites\/2\/2023\/01\/truck-accidents-1-2.jpg\" \/>\n\t<meta property=\"og:image:width\" content=\"730\" \/>\n\t<meta property=\"og:image:height\" content=\"300\" \/>\n\t<meta property=\"og:image:type\" content=\"image\/jpeg\" \/>\n<meta name=\"twitter:card\" content=\"summary_large_image\" \/>\n<meta name=\"twitter:label1\" content=\"Est. reading time\" \/>\n\t<meta name=\"twitter:data1\" content=\"6 minutos\" \/>\n<script type=\"application\/ld+json\" class=\"yoast-schema-graph\">{\"@context\":\"https:\\\/\\\/schema.org\",\"@graph\":[{\"@type\":\"WebPage\",\"@id\":\"https:\\\/\\\/lawcdh.com\\\/es\\\/areas-de-practica\\\/lesiones-personales\\\/accidentes-de-camiones\\\/\",\"url\":\"https:\\\/\\\/lawcdh.com\\\/es\\\/areas-de-practica\\\/lesiones-personales\\\/accidentes-de-camiones\\\/\",\"name\":\"Syracuse Truck Accident Lawyer | Semi Truck Accident Attorney\",\"isPartOf\":{\"@id\":\"https:\\\/\\\/lawcdh.com\\\/es\\\/#website\"},\"primaryImageOfPage\":{\"@id\":\"https:\\\/\\\/lawcdh.com\\\/es\\\/areas-de-practica\\\/lesiones-personales\\\/accidentes-de-camiones\\\/#primaryimage\"},\"image\":{\"@id\":\"https:\\\/\\\/lawcdh.com\\\/es\\\/areas-de-practica\\\/lesiones-personales\\\/accidentes-de-camiones\\\/#primaryimage\"},\"thumbnailUrl\":\"https:\\\/\\\/lawcdh.com\\\/es\\\/wp-content\\\/uploads\\\/sites\\\/2\\\/2023\\\/01\\\/truck-accidents-1-2.jpg\",\"datePublished\":\"2023-01-05T17:25:58+00:00\",\"dateModified\":\"2024-01-31T18:06:17+00:00\",\"description\":\"If you or a loved one were injured in truck accidents in Syracuse and Central New York, please contact CDH Law PLLC today.\",\"breadcrumb\":{\"@id\":\"https:\\\/\\\/lawcdh.com\\\/es\\\/areas-de-practica\\\/lesiones-personales\\\/accidentes-de-camiones\\\/#breadcrumb\"},\"inLanguage\":\"es\",\"potentialAction\":[{\"@type\":\"ReadAction\",\"target\":[\"https:\\\/\\\/lawcdh.com\\\/es\\\/areas-de-practica\\\/lesiones-personales\\\/accidentes-de-camiones\\\/\"]}]},{\"@type\":\"ImageObject\",\"inLanguage\":\"es\",\"@id\":\"https:\\\/\\\/lawcdh.com\\\/es\\\/areas-de-practica\\\/lesiones-personales\\\/accidentes-de-camiones\\\/#primaryimage\",\"url\":\"https:\\\/\\\/lawcdh.com\\\/es\\\/wp-content\\\/uploads\\\/sites\\\/2\\\/2023\\\/01\\\/truck-accidents-1-2.jpg\",\"contentUrl\":\"https:\\\/\\\/lawcdh.com\\\/es\\\/wp-content\\\/uploads\\\/sites\\\/2\\\/2023\\\/01\\\/truck-accidents-1-2.jpg\",\"width\":730,\"height\":300,\"caption\":\"A big commercial truck driving down a road\"},{\"@type\":\"BreadcrumbList\",\"@id\":\"https:\\\/\\\/lawcdh.com\\\/es\\\/areas-de-practica\\\/lesiones-personales\\\/accidentes-de-camiones\\\/#breadcrumb\",\"itemListElement\":[{\"@type\":\"ListItem\",\"position\":1,\"name\":\"Home\",\"item\":\"https:\\\/\\\/lawcdh.com\\\/es\\\/\"},{\"@type\":\"ListItem\",\"position\":2,\"name\":\"\u00c1reas de Pr\u00e1ctica\",\"item\":\"https:\\\/\\\/lawcdh.com\\\/es\\\/areas-de-practica\\\/\"},{\"@type\":\"ListItem\",\"position\":3,\"name\":\"Lesiones Personales\",\"item\":\"https:\\\/\\\/lawcdh.com\\\/es\\\/areas-de-practica\\\/lesiones-personales\\\/\"},{\"@type\":\"ListItem\",\"position\":4,\"name\":\"Accidentes de Camiones\"}]},{\"@type\":\"WebSite\",\"@id\":\"https:\\\/\\\/lawcdh.com\\\/es\\\/#website\",\"url\":\"https:\\\/\\\/lawcdh.com\\\/es\\\/\",\"name\":\"CDH Law PLLC ES\",\"description\":\"\",\"potentialAction\":[{\"@type\":\"SearchAction\",\"target\":{\"@type\":\"EntryPoint\",\"urlTemplate\":\"https:\\\/\\\/lawcdh.com\\\/es\\\/?s={search_term_string}\"},\"query-input\":{\"@type\":\"PropertyValueSpecification\",\"valueRequired\":true,\"valueName\":\"search_term_string\"}}],\"inLanguage\":\"es\"}]}<\/script>\n<!-- \/ Yoast SEO plugin. -->","yoast_head_json":{"title":"Syracuse Truck Accident Lawyer | Semi Truck Accident Attorney","description":"If you or a loved one were injured in truck accidents in Syracuse and Central New York, please contact CDH Law PLLC today.","robots":{"index":"index","follow":"follow","max-snippet":"max-snippet:-1","max-image-preview":"max-image-preview:large","max-video-preview":"max-video-preview:-1"},"canonical":"https:\/\/lawcdh.com\/es\/areas-de-practica\/lesiones-personales\/accidentes-de-camiones\/","og_locale":"es_MX","og_type":"article","og_title":"Syracuse Truck Accident Lawyer | Semi Truck Accident Attorney","og_description":"If you or a loved one were injured in truck accidents in Syracuse and Central New York, please contact CDH Law PLLC today.","og_url":"https:\/\/lawcdh.com\/es\/areas-de-practica\/lesiones-personales\/accidentes-de-camiones\/","og_site_name":"CDH Law PLLC ES","article_modified_time":"2024-01-31T18:06:17+00:00","og_image":[{"width":730,"height":300,"url":"https:\/\/lawcdh.com\/es\/wp-content\/uploads\/sites\/2\/2023\/01\/truck-accidents-1-2.jpg","type":"image\/jpeg"}],"twitter_card":"summary_large_image","twitter_misc":{"Est. reading time":"6 minutos"},"schema":{"@context":"https:\/\/schema.org","@graph":[{"@type":"WebPage","@id":"https:\/\/lawcdh.com\/es\/areas-de-practica\/lesiones-personales\/accidentes-de-camiones\/","url":"https:\/\/lawcdh.com\/es\/areas-de-practica\/lesiones-personales\/accidentes-de-camiones\/","name":"Syracuse Truck Accident Lawyer | Semi Truck Accident Attorney","isPartOf":{"@id":"https:\/\/lawcdh.com\/es\/#website"},"primaryImageOfPage":{"@id":"https:\/\/lawcdh.com\/es\/areas-de-practica\/lesiones-personales\/accidentes-de-camiones\/#primaryimage"},"image":{"@id":"https:\/\/lawcdh.com\/es\/areas-de-practica\/lesiones-personales\/accidentes-de-camiones\/#primaryimage"},"thumbnailUrl":"https:\/\/lawcdh.com\/es\/wp-content\/uploads\/sites\/2\/2023\/01\/truck-accidents-1-2.jpg","datePublished":"2023-01-05T17:25:58+00:00","dateModified":"2024-01-31T18:06:17+00:00","description":"If you or a loved one were injured in truck accidents in Syracuse and Central New York, please contact CDH Law PLLC today.","breadcrumb":{"@id":"https:\/\/lawcdh.com\/es\/areas-de-practica\/lesiones-personales\/accidentes-de-camiones\/#breadcrumb"},"inLanguage":"es","potentialAction":[{"@type":"ReadAction","target":["https:\/\/lawcdh.com\/es\/areas-de-practica\/lesiones-personales\/accidentes-de-camiones\/"]}]},{"@type":"ImageObject","inLanguage":"es","@id":"https:\/\/lawcdh.com\/es\/areas-de-practica\/lesiones-personales\/accidentes-de-camiones\/#primaryimage","url":"https:\/\/lawcdh.com\/es\/wp-content\/uploads\/sites\/2\/2023\/01\/truck-accidents-1-2.jpg","contentUrl":"https:\/\/lawcdh.com\/es\/wp-content\/uploads\/sites\/2\/2023\/01\/truck-accidents-1-2.jpg","width":730,"height":300,"caption":"A big commercial truck driving down a road"},{"@type":"BreadcrumbList","@id":"https:\/\/lawcdh.com\/es\/areas-de-practica\/lesiones-personales\/accidentes-de-camiones\/#breadcrumb","itemListElement":[{"@type":"ListItem","position":1,"name":"Home","item":"https:\/\/lawcdh.com\/es\/"},{"@type":"ListItem","position":2,"name":"\u00c1reas de Pr\u00e1ctica","item":"https:\/\/lawcdh.com\/es\/areas-de-practica\/"},{"@type":"ListItem","position":3,"name":"Lesiones Personales","item":"https:\/\/lawcdh.com\/es\/areas-de-practica\/lesiones-personales\/"},{"@type":"ListItem","position":4,"name":"Accidentes de Camiones"}]},{"@type":"WebSite","@id":"https:\/\/lawcdh.com\/es\/#website","url":"https:\/\/lawcdh.com\/es\/","name":"CDH Law PLLC ES","description":"","potentialAction":[{"@type":"SearchAction","target":{"@type":"EntryPoint","urlTemplate":"https:\/\/lawcdh.com\/es\/?s={search_term_string}"},"query-input":{"@type":"PropertyValueSpecification","valueRequired":true,"valueName":"search_term_string"}}],"inLanguage":"es"}]}},"_links":{"self":[{"href":"https:\/\/lawcdh.com\/es\/wp-json\/wp\/v2\/pages\/1962","targetHints":{"allow":["GET"]}}],"collection":[{"href":"https:\/\/lawcdh.com\/es\/wp-json\/wp\/v2\/pages"}],"about":[{"href":"https:\/\/lawcdh.com\/es\/wp-json\/wp\/v2\/types\/page"}],"author":[{"embeddable":true,"href":"https:\/\/lawcdh.com\/es\/wp-json\/wp\/v2\/users\/17"}],"replies":[{"embeddable":true,"href":"https:\/\/lawcdh.com\/es\/wp-json\/wp\/v2\/comments?post=1962"}],"version-history":[{"count":0,"href":"https:\/\/lawcdh.com\/es\/wp-json\/wp\/v2\/pages\/1962\/revisions"}],"up":[{"embeddable":true,"href":"https:\/\/lawcdh.com\/es\/wp-json\/wp\/v2\/pages\/1771"}],"wp:featuredmedia":[{"embeddable":true,"href":"https:\/\/lawcdh.com\/es\/wp-json\/wp\/v2\/media\/1966"}],"wp:attachment":[{"href":"https:\/\/lawcdh.com\/es\/wp-json\/wp\/v2\/media?parent=1962"}],"wp:term":[{"taxonomy":"post_tag","embeddable":true,"href":"https:\/\/lawcdh.com\/es\/wp-json\/wp\/v2\/tags?post=1962"}],"curies":[{"name":"wp","href":"https:\/\/api.w.org\/{rel}","templated":true}]}}