{"id":1968,"date":"2023-01-19T15:47:24","date_gmt":"2023-01-19T15:47:24","guid":{"rendered":"https:\/\/lawcdh.com\/?page_id=1968"},"modified":"2024-01-30T21:38:41","modified_gmt":"2024-01-30T21:38:41","slug":"accidentes-de-peatones","status":"publish","type":"page","link":"https:\/\/lawcdh.com\/es\/areas-de-practica\/lesiones-personales\/accidentes-de-peatones\/","title":{"rendered":"Accidente de Peatones"},"content":{"rendered":"\n<p>Todo peat\u00f3n tiene derecho a sentirse seguro cuando camina, pero, lamentablemente, los peatones resultan cada vez m\u00e1s lesionados por accidentes causados por conductores negligentes. Cuando un veh\u00edculo motorizado choca con un peat\u00f3n, es probable que el peat\u00f3n sufra lesiones debilitantes a largo plazo, incluidas lesiones cerebrales, lesiones de la m\u00e9dula espinal y fracturas \u00f3seas. Estas lesiones en un accidente de peatones pueden generar importantes facturas m\u00e9dicas y dejar a las v\u00edctimas sin poder regresar al trabajo.<\/p>\n\n\n\n<p>Si usted o su ser querido ha resultado gravemente herido en un accidente de peatones en el centro de Nueva York, no est\u00e1 solo. <a href=\"\/es\/\">CDH Law PLLC<\/a> est\u00e1 preparado para defenderlo a usted y sus derechos. Es posible que tenga derecho a presentar un reclamo ante la p\u00f3liza de seguro del conductor o una demanda civil por lesiones personales en un tribunal civil de Nueva York. Comun\u00edquese con CDH Law PLLC hoy para programar una evaluaci\u00f3n de caso gratuita y sin compromiso para determinar la mejor estrategia para usted.<\/p>\n\n\n\n<h2 class=\"wp-block-heading\" id=\"causas-comunes-de-accidentes-de-peatones-en-syracuse\">Causas Comunes de Accidentes de Peatones en Syracuse<\/h2>\n\n\n\n<p>Muchos factores han causado peligrosos accidentes de peatones a lo largo de los a\u00f1os. Los peatones pueden resultar lesionados casi en cualquier lugar, desde una intersecci\u00f3n hasta un estacionamiento. Los conductores se distraen m\u00e1s que nunca enviando mensajes de texto, viendo v\u00eddeos y no concentr\u00e1ndose en la carretera. S\u00f3lo pasan unos segundos antes de que un conductor choque con un peat\u00f3n. Algunas de las principales causas de accidentes de peatones incluyen las siguientes:<\/p>\n\n\n\n<ul class=\"wp-block-list\">\n<li>Hacer giros en U peligrosos o ilegales en las intersecciones<\/li>\n\n\n\n<li><a href=\"https:\/\/lawcdh.com\/es\/areas-de-practica\/lesiones-personales\/accidente-automovilistico\/accidente-de-automovilismo-por-conduccion-imprudente\/\">Conducci\u00f3n distraida<\/a><\/li>\n\n\n\n<li>Conductores agresivos que aceleran en un intento de atravesar una intersecci\u00f3n.<\/li>\n\n\n\n<li>No ceder el paso a los peatones<\/li>\n\n\n\n<li>Conducir bajo la influencia de <a href=\"https:\/\/lawcdh.com\/es\/areas-de-practica\/delitos-de-drogas\/\">drogas<\/a> o <a href=\"https:\/\/lawcdh.com\/es\/areas-de-practica\/dwi\/\">alcohol<\/a>.<\/li>\n\n\n\n<li>Falla de frenos u otras fallas mec\u00e1nicas.<\/li>\n<\/ul>\n\n\n\n<p>Los conductores negligentes son responsables de muchos accidentes de peatones, pero los conductores no siempre son responsables. Las aceras da\u00f1adas, la visibilidad limitada debido a la oscuridad o el mal tiempo, las condiciones peligrosas de la carretera y los productos defectuosos tambi\u00e9n pueden causar accidentes de peatones. Determinar la causa de su accidente y qui\u00e9n tiene la culpa es un paso crucial para recuperar la compensaci\u00f3n que necesita y merece.<\/p>\n\n\n\n<h3 class=\"wp-block-heading\">Determinaci\u00f3n de la Responsabilidad Despu\u00e9s de Un Accidente de Peatones<\/h3>\n\n\n\n<p>Hay dos formas principales de recuperar una compensaci\u00f3n despu\u00e9s de un accidente de peatones: un reclamo de seguro o una demanda por lesiones personales. El primer paso para solicitar una compensaci\u00f3n es trabajar con un abogado que pueda investigar las circunstancias del accidente y determinar qu\u00e9 parte o partes tienen la culpa. Seg\u00fan la ley de Nueva York, cuando la negligencia de una persona resulta en lesiones de otra, la persona negligente es responsable de pagar los da\u00f1os resultantes.<\/p>\n\n\n\n<p>Cualquier persona o empresa que contribuy\u00f3 al accidente que caus\u00f3 sus lesiones podr\u00eda ser financieramente responsable de sus gastos m\u00e9dicos, p\u00e9rdida de ingresos, da\u00f1os a la propiedad y m\u00e1s. Dependiendo de los hechos de su caso, es posible que tenga derecho a solicitar una compensaci\u00f3n de una o m\u00e1s de las siguientes partes:<\/p>\n\n\n\n<ul class=\"wp-block-list\">\n<li>Conductor de veh\u00edculo de pasajeros<\/li>\n\n\n\n<li>Conductor de autob\u00fas urbano<\/li>\n\n\n\n<li>Empresa de tr\u00e1nsito<\/li>\n\n\n\n<li>El empleador del tercero negligente<\/li>\n\n\n\n<li><a href=\"https:\/\/lawcdh.com\/es\/areas-de-practica\/lesiones-personales\/accidentes-de-moto\/\">Motociclista<\/a><\/li>\n\n\n\n<li><a href=\"https:\/\/lawcdh.com\/es\/areas-de-practica\/lesiones-personales\/accidentes-de-bicicleta\/\">Ciclista<\/a><\/li>\n\n\n\n<li>Operador de scooter o ciclomotor el\u00e9ctrico<\/li>\n\n\n\n<li>Otro peat\u00f3n<\/li>\n\n\n\n<li>Fabricante de un producto o veh\u00edculo defectuoso<\/li>\n\n\n\n<li>Entidad gubernamental<\/li>\n<\/ul>\n\n\n\n<h3 class=\"wp-block-heading\">Los accidentes de peatones pueden provocar lesiones debilitantes<\/h3>\n\n\n\n<p>Cuando los peatones se ven involucrados en accidentes automovil\u00edsticos, tienen m\u00e1s probabilidades de sufrir lesiones graves que los conductores y pasajeros. No existe protecci\u00f3n externa para los peatones. Cuando los conductores golpean a los peatones a alta velocidad, el peat\u00f3n puede sufrir fracturas \u00f3seas peligrosas, lesiones de la m\u00e9dula espinal y lesiones por aterrizar con fuerza en el suelo. En muchos casos, un veh\u00edculo motorizado causar\u00e1 lesiones en las rodillas, piernas y pies del peat\u00f3n cuando la parte delantera del veh\u00edculo choca con un peat\u00f3n parado. Los peatones lesionados pueden sufrir lesiones graves que los lleven a quedar permanentemente discapacitados y no puedan regresar a trabajar. Algunos de los tipos de lesiones m\u00e1s comunes entre los peatones incluyen los siguientes:<\/p>\n\n\n\n<ul class=\"wp-block-list\">\n<li><a href=\"https:\/\/lawcdh.com\/es\/areas-de-practica\/lesiones-personales\/dano-cerebral\/\">Lesiones cerebrales, incluidas las lesiones cerebrales traum\u00e1ticas (TBI)<\/a><\/li>\n\n\n\n<li><a href=\"https:\/\/lawcdh.com\/es\/areas-de-practica\/lesiones-personales\/lesion-de-la-medula-espinal\/\">Da\u00f1o de la m\u00e9dula espinal<\/a><\/li>\n\n\n\n<li><a href=\"https:\/\/lawcdh.com\/es\/areas-de-practica\/lesiones-personales\/lesion-de-hueso-roto\/\">Huesos rotos<\/a><\/li>\n\n\n\n<li>quemaduras<\/li>\n\n\n\n<li>Heridas en la cabeza<\/li>\n\n\n\n<li>Lesiones por aplastamiento<\/li>\n\n\n\n<li>Amputaciones de extremidades<\/li>\n\n\n\n<li>Lesiones de cuello y espalda<\/li>\n\n\n\n<li>Par\u00e1lisis<\/li>\n\n\n\n<li><a href=\"https:\/\/lawcdh.com\/es\/areas-de-practica\/lesiones-personales\/muerte-injusta\/\">Muerte injusta<\/a><\/li>\n<\/ul>\n\n\n\n<h3 class=\"wp-block-heading\">Recuperaci\u00f3n de Indemnizaci\u00f3n Por Lesiones Graves<\/h3>\n\n\n\n<p>Si ha sufrido una de las lesiones mencionadas anteriormente u otra lesi\u00f3n grave, es posible que tenga que afrontar cientos de miles de d\u00f3lares en gastos m\u00e9dicos. Una lesi\u00f3n de la m\u00e9dula espinal puede generar m\u00e1s de un mill\u00f3n de d\u00f3lares en gastos m\u00e9dicos y de rehabilitaci\u00f3n a lo largo de la vida de una persona. Recuperar la compensaci\u00f3n es fundamental para garantizar que reciba la atenci\u00f3n m\u00e9dica que necesita en el futuro.<\/p>\n\n\n\n<p>Puede recuperar una compensaci\u00f3n por sus da\u00f1os econ\u00f3micos y no econ\u00f3micos presentando una demanda por lesiones personales. Los da\u00f1os econ\u00f3micos incluyen da\u00f1os f\u00e1cilmente cuantificables, como gastos m\u00e9dicos, da\u00f1os a la propiedad, p\u00e9rdida de ingresos y el costo de equipo m\u00e9dico duradero. Tambi\u00e9n puede recuperar da\u00f1os no econ\u00f3micos por su dolor y sufrimiento. Se pueden otorgar da\u00f1os punitivos adicionales cuando la conducta del acusado fue intencional o imprudente, como conducir en estado de ebriedad.<\/p>\n\n\n\n<h3 class=\"wp-block-heading\">Los Beneficios de Trabajar Con Un Abogado de Accidentes de Peatones<\/h3>\n\n\n\n<p>Trabajar con un abogado puede aumentar la probabilidad de recuperar la compensaci\u00f3n total que necesita y merece. Si otra persona negligentemente caus\u00f3 que usted sufriera una lesi\u00f3n, puede responsabilizarla por los da\u00f1os que sufri\u00f3 debido a su negligencia. Incluso si est\u00e1 claro que la negligencia de la otra parte caus\u00f3 el accidente que provoc\u00f3 sus lesiones, obtener una compensaci\u00f3n no siempre es f\u00e1cil. Por ejemplo, la compa\u00f1\u00eda de seguros del conductor culpable puede intentar luchar contra usted en cada paso del camino y reducir el valor de su reclamo. En algunos casos, la compa\u00f1\u00eda de seguros puede rechazar su reclamo por completo y echarle la culpa del accidente.<\/p>\n\n\n\n<p>Trabajar con un abogado experimentado puede ayudarle a nivelar el campo de juego y protegerse a s\u00ed mismo y a sus derechos. Los litigantes de CDH Law PLLC actuar\u00e1n como sus m\u00e1s feroces defensores durante todo el proceso, defendiendo sus derechos. Cuando trabaja con nuestro equipo legal, puede estar seguro de que tomaremos los siguientes pasos:<\/p>\n\n\n\n<ul class=\"wp-block-list\">\n<li>Negociar con compa\u00f1\u00edas de seguros.<\/li>\n\n\n\n<li>Aseg\u00farese de que las compa\u00f1\u00edas de seguros tomen en serio su reclamo<\/li>\n\n\n\n<li>Proporcionarle comunicaci\u00f3n actualizada sobre el estado de su caso.<\/li>\n\n\n\n<li>Investigar a fondo el accidente para determinar la causa y qui\u00e9n tiene la culpa.<\/li>\n\n\n\n<li>Buscar una compensaci\u00f3n de cada parte responsable<\/li>\n\n\n\n<li>Protegerte cuando otros intenten culparte por tus lesiones.<\/li>\n\n\n\n<li>Consulte con los principales expertos m\u00e9dicos y financieros para determinar el valor de su caso.<\/li>\n<\/ul>\n\n\n\n<h4 class=\"wp-block-heading\">Discuta Su Caso Con Un Abogado Con Experiencia en Accidentes de Peatones en El Centro de Nueva York<\/h4>\n\n\n\n<p>Si result\u00f3 lesionado en un accidente de peatones, es importante hablar con un abogado lo antes posible. Los abogados con experiencia en lesiones personales del centro de Nueva York de CDH Law PLLC tienen un historial comprobado de recuperaci\u00f3n de compensaciones significativas para nuestros clientes. <a href=\"\/es\/contacto\/\">Comun\u00edquese<\/a> con CDH Law PLLC para programar una consulta gratuita y obtener m\u00e1s informaci\u00f3n sobre sus derechos legales.<\/p>\n","protected":false},"excerpt":{"rendered":"<p>Todo peat\u00f3n tiene derecho a sentirse seguro cuando camina, pero, lamentablemente, los peatones resultan cada vez m\u00e1s lesionados por accidentes causados por conductores negligentes. Cuando un veh\u00edculo motorizado choca con un peat\u00f3n, es probable que el peat\u00f3n sufra lesiones debilitantes a largo plazo, incluidas lesiones cerebrales, lesiones de la m\u00e9dula espinal y fracturas \u00f3seas. Estas&#8230;<\/p>\n","protected":false},"author":17,"featured_media":1972,"parent":1771,"menu_order":0,"comment_status":"closed","ping_status":"closed","template":"","meta":{"_acf_changed":false,"footnotes":""},"tags":[],"class_list":["post-1968","page","type-page","status-publish","has-post-thumbnail","hentry"],"acf":[],"yoast_head":"<!-- This site is optimized with the Yoast SEO plugin v27.6 - https:\/\/yoast.com\/product\/yoast-seo-wordpress\/ -->\n<title>Abogado de Accidentes de Peatones en Syracuse | CDH Law<\/title>\n<meta name=\"description\" content=\"Si result\u00f3 lesionado en un accidente de peatones en el centro de Nueva York, comun\u00edquese con nuestros abogados de lesiones personales.\" \/>\n<meta name=\"robots\" content=\"index, follow, max-snippet:-1, max-image-preview:large, max-video-preview:-1\" \/>\n<link rel=\"canonical\" href=\"https:\/\/lawcdh.com\/es\/areas-de-practica\/lesiones-personales\/accidentes-de-peatones\/\" \/>\n<meta property=\"og:locale\" content=\"es_MX\" \/>\n<meta property=\"og:type\" content=\"article\" \/>\n<meta property=\"og:title\" content=\"Abogado de Accidentes de Peatones en Syracuse | CDH Law\" \/>\n<meta property=\"og:description\" content=\"Si result\u00f3 lesionado en un accidente de peatones en el centro de Nueva York, comun\u00edquese con nuestros abogados de lesiones personales.\" \/>\n<meta property=\"og:url\" content=\"https:\/\/lawcdh.com\/es\/areas-de-practica\/lesiones-personales\/accidentes-de-peatones\/\" \/>\n<meta property=\"og:site_name\" content=\"CDH Law PLLC ES\" \/>\n<meta property=\"article:modified_time\" content=\"2024-01-30T21:38:41+00:00\" \/>\n<meta property=\"og:image\" content=\"https:\/\/lawcdh.com\/es\/wp-content\/uploads\/sites\/2\/2023\/01\/pedestrian-1.jpg\" \/>\n\t<meta property=\"og:image:width\" content=\"730\" \/>\n\t<meta property=\"og:image:height\" content=\"300\" \/>\n\t<meta property=\"og:image:type\" content=\"image\/jpeg\" \/>\n<meta name=\"twitter:card\" content=\"summary_large_image\" \/>\n<meta name=\"twitter:label1\" content=\"Est. reading time\" \/>\n\t<meta name=\"twitter:data1\" content=\"6 minutos\" \/>\n<script type=\"application\/ld+json\" class=\"yoast-schema-graph\">{\"@context\":\"https:\\\/\\\/schema.org\",\"@graph\":[{\"@type\":\"WebPage\",\"@id\":\"https:\\\/\\\/lawcdh.com\\\/es\\\/areas-de-practica\\\/lesiones-personales\\\/accidentes-de-peatones\\\/\",\"url\":\"https:\\\/\\\/lawcdh.com\\\/es\\\/areas-de-practica\\\/lesiones-personales\\\/accidentes-de-peatones\\\/\",\"name\":\"Abogado de Accidentes de Peatones en Syracuse | CDH Law\",\"isPartOf\":{\"@id\":\"https:\\\/\\\/lawcdh.com\\\/es\\\/#website\"},\"primaryImageOfPage\":{\"@id\":\"https:\\\/\\\/lawcdh.com\\\/es\\\/areas-de-practica\\\/lesiones-personales\\\/accidentes-de-peatones\\\/#primaryimage\"},\"image\":{\"@id\":\"https:\\\/\\\/lawcdh.com\\\/es\\\/areas-de-practica\\\/lesiones-personales\\\/accidentes-de-peatones\\\/#primaryimage\"},\"thumbnailUrl\":\"https:\\\/\\\/lawcdh.com\\\/es\\\/wp-content\\\/uploads\\\/sites\\\/2\\\/2023\\\/01\\\/pedestrian-1.jpg\",\"datePublished\":\"2023-01-19T15:47:24+00:00\",\"dateModified\":\"2024-01-30T21:38:41+00:00\",\"description\":\"Si result\u00f3 lesionado en un accidente de peatones en el centro de Nueva York, comun\u00edquese con nuestros abogados de lesiones personales.\",\"breadcrumb\":{\"@id\":\"https:\\\/\\\/lawcdh.com\\\/es\\\/areas-de-practica\\\/lesiones-personales\\\/accidentes-de-peatones\\\/#breadcrumb\"},\"inLanguage\":\"es\",\"potentialAction\":[{\"@type\":\"ReadAction\",\"target\":[\"https:\\\/\\\/lawcdh.com\\\/es\\\/areas-de-practica\\\/lesiones-personales\\\/accidentes-de-peatones\\\/\"]}]},{\"@type\":\"ImageObject\",\"inLanguage\":\"es\",\"@id\":\"https:\\\/\\\/lawcdh.com\\\/es\\\/areas-de-practica\\\/lesiones-personales\\\/accidentes-de-peatones\\\/#primaryimage\",\"url\":\"https:\\\/\\\/lawcdh.com\\\/es\\\/wp-content\\\/uploads\\\/sites\\\/2\\\/2023\\\/01\\\/pedestrian-1.jpg\",\"contentUrl\":\"https:\\\/\\\/lawcdh.com\\\/es\\\/wp-content\\\/uploads\\\/sites\\\/2\\\/2023\\\/01\\\/pedestrian-1.jpg\",\"width\":\"730\",\"height\":\"300\",\"caption\":\"Pedestrians crossing a busy intersection street\"},{\"@type\":\"BreadcrumbList\",\"@id\":\"https:\\\/\\\/lawcdh.com\\\/es\\\/areas-de-practica\\\/lesiones-personales\\\/accidentes-de-peatones\\\/#breadcrumb\",\"itemListElement\":[{\"@type\":\"ListItem\",\"position\":1,\"name\":\"Home\",\"item\":\"https:\\\/\\\/lawcdh.com\\\/es\\\/\"},{\"@type\":\"ListItem\",\"position\":2,\"name\":\"\u00c1reas de Pr\u00e1ctica\",\"item\":\"https:\\\/\\\/lawcdh.com\\\/es\\\/areas-de-practica\\\/\"},{\"@type\":\"ListItem\",\"position\":3,\"name\":\"Lesiones Personales\",\"item\":\"https:\\\/\\\/lawcdh.com\\\/es\\\/areas-de-practica\\\/lesiones-personales\\\/\"},{\"@type\":\"ListItem\",\"position\":4,\"name\":\"Accidente de Peatones\"}]},{\"@type\":\"WebSite\",\"@id\":\"https:\\\/\\\/lawcdh.com\\\/es\\\/#website\",\"url\":\"https:\\\/\\\/lawcdh.com\\\/es\\\/\",\"name\":\"CDH Law PLLC ES\",\"description\":\"\",\"potentialAction\":[{\"@type\":\"SearchAction\",\"target\":{\"@type\":\"EntryPoint\",\"urlTemplate\":\"https:\\\/\\\/lawcdh.com\\\/es\\\/?s={search_term_string}\"},\"query-input\":{\"@type\":\"PropertyValueSpecification\",\"valueRequired\":true,\"valueName\":\"search_term_string\"}}],\"inLanguage\":\"es\"}]}<\/script>\n<!-- \/ Yoast SEO plugin. -->","yoast_head_json":{"title":"Abogado de Accidentes de Peatones en Syracuse | CDH Law","description":"Si result\u00f3 lesionado en un accidente de peatones en el centro de Nueva York, comun\u00edquese con nuestros abogados de lesiones personales.","robots":{"index":"index","follow":"follow","max-snippet":"max-snippet:-1","max-image-preview":"max-image-preview:large","max-video-preview":"max-video-preview:-1"},"canonical":"https:\/\/lawcdh.com\/es\/areas-de-practica\/lesiones-personales\/accidentes-de-peatones\/","og_locale":"es_MX","og_type":"article","og_title":"Abogado de Accidentes de Peatones en Syracuse | CDH Law","og_description":"Si result\u00f3 lesionado en un accidente de peatones en el centro de Nueva York, comun\u00edquese con nuestros abogados de lesiones personales.","og_url":"https:\/\/lawcdh.com\/es\/areas-de-practica\/lesiones-personales\/accidentes-de-peatones\/","og_site_name":"CDH Law PLLC ES","article_modified_time":"2024-01-30T21:38:41+00:00","og_image":[{"width":730,"height":300,"url":"https:\/\/lawcdh.com\/es\/wp-content\/uploads\/sites\/2\/2023\/01\/pedestrian-1.jpg","type":"image\/jpeg"}],"twitter_card":"summary_large_image","twitter_misc":{"Est. reading time":"6 minutos"},"schema":{"@context":"https:\/\/schema.org","@graph":[{"@type":"WebPage","@id":"https:\/\/lawcdh.com\/es\/areas-de-practica\/lesiones-personales\/accidentes-de-peatones\/","url":"https:\/\/lawcdh.com\/es\/areas-de-practica\/lesiones-personales\/accidentes-de-peatones\/","name":"Abogado de Accidentes de Peatones en Syracuse | CDH Law","isPartOf":{"@id":"https:\/\/lawcdh.com\/es\/#website"},"primaryImageOfPage":{"@id":"https:\/\/lawcdh.com\/es\/areas-de-practica\/lesiones-personales\/accidentes-de-peatones\/#primaryimage"},"image":{"@id":"https:\/\/lawcdh.com\/es\/areas-de-practica\/lesiones-personales\/accidentes-de-peatones\/#primaryimage"},"thumbnailUrl":"https:\/\/lawcdh.com\/es\/wp-content\/uploads\/sites\/2\/2023\/01\/pedestrian-1.jpg","datePublished":"2023-01-19T15:47:24+00:00","dateModified":"2024-01-30T21:38:41+00:00","description":"Si result\u00f3 lesionado en un accidente de peatones en el centro de Nueva York, comun\u00edquese con nuestros abogados de lesiones personales.","breadcrumb":{"@id":"https:\/\/lawcdh.com\/es\/areas-de-practica\/lesiones-personales\/accidentes-de-peatones\/#breadcrumb"},"inLanguage":"es","potentialAction":[{"@type":"ReadAction","target":["https:\/\/lawcdh.com\/es\/areas-de-practica\/lesiones-personales\/accidentes-de-peatones\/"]}]},{"@type":"ImageObject","inLanguage":"es","@id":"https:\/\/lawcdh.com\/es\/areas-de-practica\/lesiones-personales\/accidentes-de-peatones\/#primaryimage","url":"https:\/\/lawcdh.com\/es\/wp-content\/uploads\/sites\/2\/2023\/01\/pedestrian-1.jpg","contentUrl":"https:\/\/lawcdh.com\/es\/wp-content\/uploads\/sites\/2\/2023\/01\/pedestrian-1.jpg","width":"730","height":"300","caption":"Pedestrians crossing a busy intersection street"},{"@type":"BreadcrumbList","@id":"https:\/\/lawcdh.com\/es\/areas-de-practica\/lesiones-personales\/accidentes-de-peatones\/#breadcrumb","itemListElement":[{"@type":"ListItem","position":1,"name":"Home","item":"https:\/\/lawcdh.com\/es\/"},{"@type":"ListItem","position":2,"name":"\u00c1reas de Pr\u00e1ctica","item":"https:\/\/lawcdh.com\/es\/areas-de-practica\/"},{"@type":"ListItem","position":3,"name":"Lesiones Personales","item":"https:\/\/lawcdh.com\/es\/areas-de-practica\/lesiones-personales\/"},{"@type":"ListItem","position":4,"name":"Accidente de Peatones"}]},{"@type":"WebSite","@id":"https:\/\/lawcdh.com\/es\/#website","url":"https:\/\/lawcdh.com\/es\/","name":"CDH Law PLLC ES","description":"","potentialAction":[{"@type":"SearchAction","target":{"@type":"EntryPoint","urlTemplate":"https:\/\/lawcdh.com\/es\/?s={search_term_string}"},"query-input":{"@type":"PropertyValueSpecification","valueRequired":true,"valueName":"search_term_string"}}],"inLanguage":"es"}]}},"_links":{"self":[{"href":"https:\/\/lawcdh.com\/es\/wp-json\/wp\/v2\/pages\/1968","targetHints":{"allow":["GET"]}}],"collection":[{"href":"https:\/\/lawcdh.com\/es\/wp-json\/wp\/v2\/pages"}],"about":[{"href":"https:\/\/lawcdh.com\/es\/wp-json\/wp\/v2\/types\/page"}],"author":[{"embeddable":true,"href":"https:\/\/lawcdh.com\/es\/wp-json\/wp\/v2\/users\/17"}],"replies":[{"embeddable":true,"href":"https:\/\/lawcdh.com\/es\/wp-json\/wp\/v2\/comments?post=1968"}],"version-history":[{"count":0,"href":"https:\/\/lawcdh.com\/es\/wp-json\/wp\/v2\/pages\/1968\/revisions"}],"up":[{"embeddable":true,"href":"https:\/\/lawcdh.com\/es\/wp-json\/wp\/v2\/pages\/1771"}],"wp:featuredmedia":[{"embeddable":true,"href":"https:\/\/lawcdh.com\/es\/wp-json\/wp\/v2\/media\/1972"}],"wp:attachment":[{"href":"https:\/\/lawcdh.com\/es\/wp-json\/wp\/v2\/media?parent=1968"}],"wp:term":[{"taxonomy":"post_tag","embeddable":true,"href":"https:\/\/lawcdh.com\/es\/wp-json\/wp\/v2\/tags?post=1968"}],"curies":[{"name":"wp","href":"https:\/\/api.w.org\/{rel}","templated":true}]}}