{"id":2062,"date":"2023-02-24T18:14:53","date_gmt":"2023-02-24T18:14:53","guid":{"rendered":"https:\/\/lawcdh.com\/?page_id=2062"},"modified":"2024-02-08T21:28:32","modified_gmt":"2024-02-08T21:28:32","slug":"accidentes-de-moto","status":"publish","type":"page","link":"https:\/\/lawcdh.com\/es\/areas-de-practica\/lesiones-personales\/accidentes-de-moto\/","title":{"rendered":"Accidentes de Motocicleta"},"content":{"rendered":"\n<p>Las motocicletas son populares en Nueva York porque permiten a los conductores disfrutar de toda nuestra belleza natural y carreteras esc\u00e9nicas. Si bien conducir una motocicleta puede ser divertido, edificante y ahorrar combustible, tambi\u00e9n puede ser peligroso debido al riesgo de sufrir accidentes de motocicleta. Cuando los motociclistas se ven involucrados en accidentes, a menudo sufren lesiones devastadoras porque no tienen la misma protecci\u00f3n externa y mecanismos de seguridad que los conductores de pasajeros.<\/p>\n\n\n\n<p>Cuando la negligencia o imprudencia de otra parte causa las lesiones de un motociclista, la v\u00edctima puede solicitar una compensaci\u00f3n a trav\u00e9s de un reclamo de seguro o una demanda por lesiones personales. Si result\u00f3 gravemente herido en un accidente de motocicleta en Syracuse, <a href=\"\/es\/\">CDH Law PLLC<\/a> est\u00e1 aqu\u00ed para ayudarlo. Nuestros abogados expertos en accidentes de motocicleta tienen un historial comprobado de recuperaci\u00f3n de compensaciones significativas para las v\u00edctimas de accidentes. Comun\u00edquese con CDH Law PLLC para programar una consulta gratuita y sin compromiso.<\/p>\n\n\n\n<h2 class=\"wp-block-heading\" id=\"tipos-de-casos-de-accidentes-de-motocicleta-que-manejamos\">Tipos de Casos de Accidentes de Motocicleta Que Manejamos<\/h2>\n\n\n\n<p>Los accidentes de motocicleta pueden surgir por muchas circunstancias diferentes. El clima extremo, las condiciones peligrosas de la carretera y la negligencia del conductor son causas comunes de accidentes de motocicleta. Cualesquiera que sean las circunstancias del accidente de motocicleta que caus\u00f3 sus lesiones, es importante que analice su caso con un abogado con experiencia. Su abogado podr\u00e1 comenzar a investigar su caso y reunir pruebas en su nombre.<\/p>\n\n\n\n<p>Determinar la causa del accidente y qui\u00e9n tuvo la culpa es un primer paso importante para obtener la compensaci\u00f3n que necesita y merece. Los abogados de CDH Law PLLC representan a clientes que han resultado lesionados en una amplia gama de accidentes de motocicleta, incluidos los siguientes:<\/p>\n\n\n\n<ul class=\"wp-block-list\">\n<li>Accidentes de atropello y fuga<\/li>\n\n\n\n<li>Accidentes de puertas<\/li>\n\n\n\n<li>Accidentes por cambio de carril<\/li>\n\n\n\n<li>Accidentes por alcance<\/li>\n\n\n\n<li>Accidentes de vuelco<\/li>\n\n\n\n<li>Colisiones frontales<\/li>\n\n\n\n<li>Colisiones de impacto lateral o T-bone<\/li>\n\n\n\n<li>Accidentes con camiones comerciales grandes<\/li>\n<\/ul>\n\n\n\n<h3 class=\"wp-block-heading\">Muchos Accidentes de Motocicleta Son Causados Por Negligencia<\/h3>\n\n\n\n<p>Muchos accidentes de motocicleta causan lesiones devastadoras y podr\u00edan haberse evitado si el conductor culpable hubiera tenido un cuidado razonable. Los conductores est\u00e1n m\u00e1s distra\u00eddos que nunca y es m\u00e1s dif\u00edcil ver las motocicletas en la carretera. Cuando los conductores env\u00edan mensajes de texto o adoptan otras conductas que los distraen, es posible que no vean a un motociclista y choquen con \u00e9l. Comer, maquillarse, usar un tel\u00e9fono celular o la falta general de conciencia pueden provocar un accidente de motocicleta devastador. Otras causas comunes de accidentes de motocicleta prevenibles incluyen las siguientes:<\/p>\n\n\n\n<ul class=\"wp-block-list\">\n<li>Conducir en estado de ebriedad por drogas o alcohol<\/li>\n\n\n\n<li>No comprobar adecuadamente los puntos ciegos de los motociclistas<\/li>\n\n\n\n<li>Divisi\u00f3n de carriles o l\u00ednea blanca<\/li>\n\n\n\n<li>Exceso de velocidad, carreras o participar en otros tipos de conducci\u00f3n imprudente<\/li>\n\n\n\n<li>Condiciones peligrosas de la carretera<\/li>\n\n\n\n<li>Carreteras mal dise\u00f1adas<\/li>\n\n\n\n<li>Sem\u00e1foros defectuosos<\/li>\n<\/ul>\n\n\n\n<p>Probar la causa del accidente es crucial. Si busca una compensaci\u00f3n a trav\u00e9s de un reclamo de seguro o una demanda, debe demostrar que la negligencia del conductor caus\u00f3 el accidente. CDH Law PLLC tiene amplia experiencia en la investigaci\u00f3n de accidentes de motocicleta y la mejora de la responsabilidad. Le ayudaremos a buscar justicia.<\/p>\n\n\n\n<h3 class=\"wp-block-heading\">Los Beneficios de Trabajar Con Un Abogado Experto en Accidentes de Motocicleta<\/h3>\n\n\n\n<p>Los abogados de CDH Law PLLC comprenden las consecuencias devastadoras que los accidentes tienen para las v\u00edctimas. Adem\u00e1s de lidiar con el dolor y otras dificultades que conlleva una lesi\u00f3n, las v\u00edctimas tambi\u00e9n enfrentan importantes costos de por vida. En CDH Law PLLC, le damos al caso de cada cliente la atenci\u00f3n que merece. Utilizaremos inmediatamente nuestros recursos y experiencia para investigar su caso y determinar qu\u00e9 sucedi\u00f3, qui\u00e9n es responsable de sus da\u00f1os y qu\u00e9 tipo de v\u00edas de compensaci\u00f3n est\u00e1n disponibles.<\/p>\n\n\n\n<h3 class=\"wp-block-heading\">Da\u00f1os Disponibles en Casos de Accidentes de Motocicleta<\/h3>\n\n\n\n<p>Las lesiones causadas por accidentes de motocicleta pueden ser m\u00e1s graves debido a la falta de bolsas de aire, cinturones de seguridad y otras medidas de protecci\u00f3n. Cuando un veh\u00edculo m\u00e1s grande choca con una motocicleta, el motociclista puede salirse de la motocicleta y ser aplastado por el veh\u00edculo o chocar con el suelo con fuerza. <a href=\"https:\/\/lawcdh.com\/es\/areas-de-practica\/lesiones-personales\/dano-cerebral\/\">Las lesiones cerebrales traum\u00e1ticas (TBI)<\/a>, las lesiones de la m\u00e9dula espinal, las erupciones en la carretera, las infecciones y <a href=\"https:\/\/lawcdh.com\/es\/areas-de-practica\/lesiones-personales\/lesion-de-hueso-roto\/\">las fracturas \u00f3seas<\/a> son lesiones graves y comunes que sufren los motociclistas. Seg\u00fan la ley de da\u00f1os de Nueva York, las v\u00edctimas de accidentes pueden solicitar una compensaci\u00f3n por los siguientes tipos de da\u00f1os econ\u00f3micos:<\/p>\n\n\n\n<ul class=\"wp-block-list\">\n<li>Gastos m\u00e9dicos actuales y futuros<\/li>\n\n\n\n<li>P\u00e9rdida de ingreso<\/li>\n\n\n\n<li>P\u00e9rdida de la capacidad de generar ingresos debido a una discapacidad.<\/li>\n\n\n\n<li>Cuidado personal<\/li>\n\n\n\n<li>Rehabilitaci\u00f3n, incluida fisioterapia.<\/li>\n\n\n\n<li>Cuidados de enfermer\u00eda a largo plazo<\/li>\n\n\n\n<li>Otros gastos de bolsillo<\/li>\n<\/ul>\n\n\n\n<p>Los demandantes tambi\u00e9n pueden reclamar da\u00f1os no econ\u00f3micos por lesiones que son m\u00e1s dif\u00edciles de cuantificar. Los da\u00f1os no econ\u00f3micos proporcionan una compensaci\u00f3n por el dolor y el sufrimiento por el que ha pasado una v\u00edctima y pueden incluir lo siguiente:<\/p>\n\n\n\n<ul class=\"wp-block-list\">\n<li>Malestar f\u00edsico<\/li>\n\n\n\n<li>Estr\u00e9s emocional<\/li>\n\n\n\n<li>Angustia mental<\/li>\n\n\n\n<li>Deficiencias<\/li>\n\n\n\n<li>cicatrizaci\u00f3n<\/li>\n\n\n\n<li>Desfiguraci\u00f3n<\/li>\n\n\n\n<li>P\u00e9rdida del disfrute de la vida.<\/li>\n<\/ul>\n\n\n\n<h3 class=\"wp-block-heading\">Demandas Por Muerte Por Negligencia<\/h3>\n\n\n\n<p>Desafortunadamente, los motociclistas tienen m\u00e1s probabilidades de verse involucrados en accidentes fatales que los conductores de veh\u00edculos de pasajeros y veh\u00edculos comerciales. Si su ser querido fue v\u00edctima de un accidente fatal de motocicleta en Nueva York, nada podr\u00eda traerlo de regreso. Sin embargo, presentar una <a href=\"https:\/\/lawcdh.com\/es\/areas-de-practica\/lesiones-personales\/negligencia-medica\/\">demanda por muerte por negligencia<\/a> puede ayudar a su familia a avanzar financieramente y al mismo tiempo responsabilizar al conductor culpable. Es posible que tenga derecho a una compensaci\u00f3n por gastos funerarios y de entierro, p\u00e9rdida de servicios dom\u00e9sticos, p\u00e9rdida de ingresos de su ser querido y otros da\u00f1os. Los compasivos abogados de CDH Law PLLC pueden ayudarlo a responder sus preguntas y comprender sus opciones legales.<\/p>\n\n\n\n<h3 class=\"wp-block-heading\">\u00bfCu\u00e1nto Tiempo Tengo Para Presentar Un Reclamo en Nueva York?<\/h3>\n\n\n\n<p>Despu\u00e9s de recibir tratamiento m\u00e9dico, es importante que se comunique con un abogado con respecto a su reclamo de compensaci\u00f3n. Si desea presentar una demanda por lesiones personales en un tribunal civil, debe presentar su caso antes de que expire el plazo. El plazo de prescripci\u00f3n para las demandas por lesiones personales es de tres a\u00f1os en Nueva York. Si presenta su reclamo dentro de los tres a\u00f1os posteriores al accidente, podr\u00eda conservar su derecho a solicitar una compensaci\u00f3n. Cuanto antes analice su caso con un abogado, m\u00e1s tiempo tendr\u00e1 su abogado para reunir pruebas en su nombre.<\/p>\n\n\n\n<h4 class=\"wp-block-heading\">Comun\u00edquese Con Un Abogado de Accidentes de Syracuse Para Programar Una Evaluaci\u00f3n Gratuita de Su Caso<\/h4>\n\n\n\n<p>Recuperarse de una lesi\u00f3n grave ya es bastante dif\u00edcil y buscar una compensaci\u00f3n a trav\u00e9s de una demanda por lesiones personales puede parecer abrumador. Los abogados de accidentes de motocicleta de Syracuse de CDH Law PLLC comprenden lo dif\u00edcil que puede ser recuperarse de un accidente devastador. Cuando trabaja con nosotros, puede estar seguro de que nos encargaremos de todos los aspectos de su caso para que pueda concentrarse en su recuperaci\u00f3n. Nuestros abogados est\u00e1n preparados para negociar el mejor acuerdo posible en su nombre. <a href=\"\/es\/contacto\/\">Comun\u00edquese con CDH Law PLLC<\/a> hoy para discutir su caso con un abogado con experiencia en lesiones personales.<\/p>\n","protected":false},"excerpt":{"rendered":"<p>Las motocicletas son populares en Nueva York porque permiten a los conductores disfrutar de toda nuestra belleza natural y carreteras esc\u00e9nicas. Si bien conducir una motocicleta puede ser divertido, edificante y ahorrar combustible, tambi\u00e9n puede ser peligroso debido al riesgo de sufrir accidentes de motocicleta. Cuando los motociclistas se ven involucrados en accidentes, a menudo&#8230;<\/p>\n","protected":false},"author":17,"featured_media":2067,"parent":1771,"menu_order":0,"comment_status":"closed","ping_status":"closed","template":"","meta":{"_acf_changed":false,"footnotes":""},"tags":[],"class_list":["post-2062","page","type-page","status-publish","has-post-thumbnail","hentry"],"acf":[],"yoast_head":"<!-- This site is optimized with the Yoast SEO plugin v27.4 - https:\/\/yoast.com\/product\/yoast-seo-wordpress\/ -->\n<title>Motorcycle Accident Lawyer in Syracuse | CDH Law, PLLC<\/title>\n<meta name=\"description\" content=\"If you have been injured in a motorcycle accident in Syracuse or the surrounding Central New York area, contact our personal injury lawyers.\" \/>\n<meta name=\"robots\" content=\"index, follow, max-snippet:-1, max-image-preview:large, max-video-preview:-1\" \/>\n<link rel=\"canonical\" href=\"https:\/\/lawcdh.com\/es\/areas-de-practica\/lesiones-personales\/accidentes-de-moto\/\" \/>\n<meta property=\"og:locale\" content=\"es_MX\" \/>\n<meta property=\"og:type\" content=\"article\" \/>\n<meta property=\"og:title\" content=\"Motorcycle Accident Lawyer in Syracuse | CDH Law, PLLC\" \/>\n<meta property=\"og:description\" content=\"If you have been injured in a motorcycle accident in Syracuse or the surrounding Central New York area, contact our personal injury lawyers.\" \/>\n<meta property=\"og:url\" content=\"https:\/\/lawcdh.com\/es\/areas-de-practica\/lesiones-personales\/accidentes-de-moto\/\" \/>\n<meta property=\"og:site_name\" content=\"CDH Law PLLC ES\" \/>\n<meta property=\"article:modified_time\" content=\"2024-02-08T21:28:32+00:00\" \/>\n<meta property=\"og:image\" content=\"https:\/\/lawcdh.com\/es\/wp-content\/uploads\/sites\/2\/2023\/02\/motorcycle-accidents-2-1.jpg\" \/>\n\t<meta property=\"og:image:width\" content=\"730\" \/>\n\t<meta property=\"og:image:height\" content=\"300\" \/>\n\t<meta property=\"og:image:type\" content=\"image\/jpeg\" \/>\n<meta name=\"twitter:card\" content=\"summary_large_image\" \/>\n<meta name=\"twitter:label1\" content=\"Est. reading time\" \/>\n\t<meta name=\"twitter:data1\" content=\"6 minutos\" \/>\n<script type=\"application\/ld+json\" class=\"yoast-schema-graph\">{\"@context\":\"https:\\\/\\\/schema.org\",\"@graph\":[{\"@type\":\"WebPage\",\"@id\":\"https:\\\/\\\/lawcdh.com\\\/es\\\/areas-de-practica\\\/lesiones-personales\\\/accidentes-de-moto\\\/\",\"url\":\"https:\\\/\\\/lawcdh.com\\\/es\\\/areas-de-practica\\\/lesiones-personales\\\/accidentes-de-moto\\\/\",\"name\":\"Motorcycle Accident Lawyer in Syracuse | CDH Law, PLLC\",\"isPartOf\":{\"@id\":\"https:\\\/\\\/lawcdh.com\\\/es\\\/#website\"},\"primaryImageOfPage\":{\"@id\":\"https:\\\/\\\/lawcdh.com\\\/es\\\/areas-de-practica\\\/lesiones-personales\\\/accidentes-de-moto\\\/#primaryimage\"},\"image\":{\"@id\":\"https:\\\/\\\/lawcdh.com\\\/es\\\/areas-de-practica\\\/lesiones-personales\\\/accidentes-de-moto\\\/#primaryimage\"},\"thumbnailUrl\":\"https:\\\/\\\/lawcdh.com\\\/es\\\/wp-content\\\/uploads\\\/sites\\\/2\\\/2023\\\/02\\\/motorcycle-accidents-2-1.jpg\",\"datePublished\":\"2023-02-24T18:14:53+00:00\",\"dateModified\":\"2024-02-08T21:28:32+00:00\",\"description\":\"If you have been injured in a motorcycle accident in Syracuse or the surrounding Central New York area, contact our personal injury lawyers.\",\"breadcrumb\":{\"@id\":\"https:\\\/\\\/lawcdh.com\\\/es\\\/areas-de-practica\\\/lesiones-personales\\\/accidentes-de-moto\\\/#breadcrumb\"},\"inLanguage\":\"es\",\"potentialAction\":[{\"@type\":\"ReadAction\",\"target\":[\"https:\\\/\\\/lawcdh.com\\\/es\\\/areas-de-practica\\\/lesiones-personales\\\/accidentes-de-moto\\\/\"]}]},{\"@type\":\"ImageObject\",\"inLanguage\":\"es\",\"@id\":\"https:\\\/\\\/lawcdh.com\\\/es\\\/areas-de-practica\\\/lesiones-personales\\\/accidentes-de-moto\\\/#primaryimage\",\"url\":\"https:\\\/\\\/lawcdh.com\\\/es\\\/wp-content\\\/uploads\\\/sites\\\/2\\\/2023\\\/02\\\/motorcycle-accidents-2-1.jpg\",\"contentUrl\":\"https:\\\/\\\/lawcdh.com\\\/es\\\/wp-content\\\/uploads\\\/sites\\\/2\\\/2023\\\/02\\\/motorcycle-accidents-2-1.jpg\",\"width\":730,\"height\":300,\"caption\":\"Red motorcycle parked on the road\"},{\"@type\":\"BreadcrumbList\",\"@id\":\"https:\\\/\\\/lawcdh.com\\\/es\\\/areas-de-practica\\\/lesiones-personales\\\/accidentes-de-moto\\\/#breadcrumb\",\"itemListElement\":[{\"@type\":\"ListItem\",\"position\":1,\"name\":\"Home\",\"item\":\"https:\\\/\\\/lawcdh.com\\\/es\\\/\"},{\"@type\":\"ListItem\",\"position\":2,\"name\":\"\u00c1reas de Pr\u00e1ctica\",\"item\":\"https:\\\/\\\/lawcdh.com\\\/es\\\/areas-de-practica\\\/\"},{\"@type\":\"ListItem\",\"position\":3,\"name\":\"Lesiones Personales\",\"item\":\"https:\\\/\\\/lawcdh.com\\\/es\\\/areas-de-practica\\\/lesiones-personales\\\/\"},{\"@type\":\"ListItem\",\"position\":4,\"name\":\"Accidentes de Motocicleta\"}]},{\"@type\":\"WebSite\",\"@id\":\"https:\\\/\\\/lawcdh.com\\\/es\\\/#website\",\"url\":\"https:\\\/\\\/lawcdh.com\\\/es\\\/\",\"name\":\"CDH Law PLLC ES\",\"description\":\"\",\"potentialAction\":[{\"@type\":\"SearchAction\",\"target\":{\"@type\":\"EntryPoint\",\"urlTemplate\":\"https:\\\/\\\/lawcdh.com\\\/es\\\/?s={search_term_string}\"},\"query-input\":{\"@type\":\"PropertyValueSpecification\",\"valueRequired\":true,\"valueName\":\"search_term_string\"}}],\"inLanguage\":\"es\"}]}<\/script>\n<!-- \/ Yoast SEO plugin. -->","yoast_head_json":{"title":"Motorcycle Accident Lawyer in Syracuse | CDH Law, PLLC","description":"If you have been injured in a motorcycle accident in Syracuse or the surrounding Central New York area, contact our personal injury lawyers.","robots":{"index":"index","follow":"follow","max-snippet":"max-snippet:-1","max-image-preview":"max-image-preview:large","max-video-preview":"max-video-preview:-1"},"canonical":"https:\/\/lawcdh.com\/es\/areas-de-practica\/lesiones-personales\/accidentes-de-moto\/","og_locale":"es_MX","og_type":"article","og_title":"Motorcycle Accident Lawyer in Syracuse | CDH Law, PLLC","og_description":"If you have been injured in a motorcycle accident in Syracuse or the surrounding Central New York area, contact our personal injury lawyers.","og_url":"https:\/\/lawcdh.com\/es\/areas-de-practica\/lesiones-personales\/accidentes-de-moto\/","og_site_name":"CDH Law PLLC ES","article_modified_time":"2024-02-08T21:28:32+00:00","og_image":[{"width":730,"height":300,"url":"https:\/\/lawcdh.com\/es\/wp-content\/uploads\/sites\/2\/2023\/02\/motorcycle-accidents-2-1.jpg","type":"image\/jpeg"}],"twitter_card":"summary_large_image","twitter_misc":{"Est. reading time":"6 minutos"},"schema":{"@context":"https:\/\/schema.org","@graph":[{"@type":"WebPage","@id":"https:\/\/lawcdh.com\/es\/areas-de-practica\/lesiones-personales\/accidentes-de-moto\/","url":"https:\/\/lawcdh.com\/es\/areas-de-practica\/lesiones-personales\/accidentes-de-moto\/","name":"Motorcycle Accident Lawyer in Syracuse | CDH Law, PLLC","isPartOf":{"@id":"https:\/\/lawcdh.com\/es\/#website"},"primaryImageOfPage":{"@id":"https:\/\/lawcdh.com\/es\/areas-de-practica\/lesiones-personales\/accidentes-de-moto\/#primaryimage"},"image":{"@id":"https:\/\/lawcdh.com\/es\/areas-de-practica\/lesiones-personales\/accidentes-de-moto\/#primaryimage"},"thumbnailUrl":"https:\/\/lawcdh.com\/es\/wp-content\/uploads\/sites\/2\/2023\/02\/motorcycle-accidents-2-1.jpg","datePublished":"2023-02-24T18:14:53+00:00","dateModified":"2024-02-08T21:28:32+00:00","description":"If you have been injured in a motorcycle accident in Syracuse or the surrounding Central New York area, contact our personal injury lawyers.","breadcrumb":{"@id":"https:\/\/lawcdh.com\/es\/areas-de-practica\/lesiones-personales\/accidentes-de-moto\/#breadcrumb"},"inLanguage":"es","potentialAction":[{"@type":"ReadAction","target":["https:\/\/lawcdh.com\/es\/areas-de-practica\/lesiones-personales\/accidentes-de-moto\/"]}]},{"@type":"ImageObject","inLanguage":"es","@id":"https:\/\/lawcdh.com\/es\/areas-de-practica\/lesiones-personales\/accidentes-de-moto\/#primaryimage","url":"https:\/\/lawcdh.com\/es\/wp-content\/uploads\/sites\/2\/2023\/02\/motorcycle-accidents-2-1.jpg","contentUrl":"https:\/\/lawcdh.com\/es\/wp-content\/uploads\/sites\/2\/2023\/02\/motorcycle-accidents-2-1.jpg","width":730,"height":300,"caption":"Red motorcycle parked on the road"},{"@type":"BreadcrumbList","@id":"https:\/\/lawcdh.com\/es\/areas-de-practica\/lesiones-personales\/accidentes-de-moto\/#breadcrumb","itemListElement":[{"@type":"ListItem","position":1,"name":"Home","item":"https:\/\/lawcdh.com\/es\/"},{"@type":"ListItem","position":2,"name":"\u00c1reas de Pr\u00e1ctica","item":"https:\/\/lawcdh.com\/es\/areas-de-practica\/"},{"@type":"ListItem","position":3,"name":"Lesiones Personales","item":"https:\/\/lawcdh.com\/es\/areas-de-practica\/lesiones-personales\/"},{"@type":"ListItem","position":4,"name":"Accidentes de Motocicleta"}]},{"@type":"WebSite","@id":"https:\/\/lawcdh.com\/es\/#website","url":"https:\/\/lawcdh.com\/es\/","name":"CDH Law PLLC ES","description":"","potentialAction":[{"@type":"SearchAction","target":{"@type":"EntryPoint","urlTemplate":"https:\/\/lawcdh.com\/es\/?s={search_term_string}"},"query-input":{"@type":"PropertyValueSpecification","valueRequired":true,"valueName":"search_term_string"}}],"inLanguage":"es"}]}},"_links":{"self":[{"href":"https:\/\/lawcdh.com\/es\/wp-json\/wp\/v2\/pages\/2062","targetHints":{"allow":["GET"]}}],"collection":[{"href":"https:\/\/lawcdh.com\/es\/wp-json\/wp\/v2\/pages"}],"about":[{"href":"https:\/\/lawcdh.com\/es\/wp-json\/wp\/v2\/types\/page"}],"author":[{"embeddable":true,"href":"https:\/\/lawcdh.com\/es\/wp-json\/wp\/v2\/users\/17"}],"replies":[{"embeddable":true,"href":"https:\/\/lawcdh.com\/es\/wp-json\/wp\/v2\/comments?post=2062"}],"version-history":[{"count":0,"href":"https:\/\/lawcdh.com\/es\/wp-json\/wp\/v2\/pages\/2062\/revisions"}],"up":[{"embeddable":true,"href":"https:\/\/lawcdh.com\/es\/wp-json\/wp\/v2\/pages\/1771"}],"wp:featuredmedia":[{"embeddable":true,"href":"https:\/\/lawcdh.com\/es\/wp-json\/wp\/v2\/media\/2067"}],"wp:attachment":[{"href":"https:\/\/lawcdh.com\/es\/wp-json\/wp\/v2\/media?parent=2062"}],"wp:term":[{"taxonomy":"post_tag","embeddable":true,"href":"https:\/\/lawcdh.com\/es\/wp-json\/wp\/v2\/tags?post=2062"}],"curies":[{"name":"wp","href":"https:\/\/api.w.org\/{rel}","templated":true}]}}