{"id":2084,"date":"2023-04-28T21:09:11","date_gmt":"2023-04-28T21:09:11","guid":{"rendered":"https:\/\/lawcdh.com\/?page_id=2084"},"modified":"2024-01-30T21:19:10","modified_gmt":"2024-01-30T21:19:10","slug":"accidente-de-automovilismo-por-conduccion-imprudente","status":"publish","type":"page","link":"https:\/\/lawcdh.com\/es\/areas-de-practica\/lesiones-personales\/accidente-automovilistico\/accidente-de-automovilismo-por-conduccion-imprudente\/","title":{"rendered":"Accidente Automovil\u00edstico Por Conducci\u00f3n Imprudente"},"content":{"rendered":"\n<p>Los accidentes causados por la conducci\u00f3n temeraria pueden ocasionar lesiones catastr\u00f3ficas y la muerte de v\u00edctimas inocentes. Cuando los conductores conducen de manera temeraria, ponen en riesgo a todos los dem\u00e1s en la carretera de sufrir lesiones graves. Los conductores temerarios tienen una capacidad disminuida para evitar accidentes, mantener una velocidad segura y tomar decisiones seguras mientras conducen.<\/p>\n\n\n\n<p>Si t\u00fa o un ser querido han sufrido lesiones graves en un accidente de conducci\u00f3n temeraria en Nueva York, es crucial que hables con un abogado experimentado lo antes posible. Puedes tener el derecho de emprender una demanda por lesiones personales contra el conductor temerario o agresivo que caus\u00f3 el accidente que result\u00f3 en tu lesi\u00f3n. Ponte en contacto con los abogados de conducci\u00f3n temeraria de Syracuse en <a href=\"https:\/\/lawcdh.com\/es\/\">CDH Law PLLC<\/a> para programar una consulta gratuita y sin compromiso y aprender m\u00e1s sobre tus opciones legales.<\/p>\n\n\n\n<h2 class=\"wp-block-heading\" id=\"ejemplos-comunes-de-conduccion-temeraria\">Ejemplos Comunes de Conducci\u00f3n Temeraria<\/h2>\n\n\n\n<p>Un conductor que se involucra en la conducci\u00f3n temeraria sabe o deber\u00eda saber que su conducta es peligrosa y elige involucrarse en la conducta de todos modos. La temeridad es diferente de la negligencia porque un conductor temerario pone deliberadamente a otras personas en peligro, mientras que un conductor negligente comete un error o es descuidado.<\/p>\n\n\n\n<p><a href=\"https:\/\/nysenate.gov\/legislation\/laws\/VAT\/1212\" target=\"_blank\" rel=\"noreferrer noopener\">La Ley de Veh\u00edculos y Tr\u00e1fico de Nueva York (VAT) \u00a71212<\/a> define la conducci\u00f3n temeraria como conducir un veh\u00edculo de motor de manera que ponga en riesgo a otros o cause una interferencia irrazonable en el uso leg\u00edtimo de las v\u00edas p\u00fablicas por parte de otra persona. La definici\u00f3n de conducci\u00f3n temeraria es amplia y abarca muchos tipos diferentes de actividades peligrosas en la carretera. Como resultado, la conducci\u00f3n temeraria puede incluir cualquiera de lo siguiente:<\/p>\n\n\n\n<ul class=\"wp-block-list\">\n<li>Seguir muy de cerca a otros veh\u00edculos.<\/li>\n\n\n\n<li>Carreras con otros veh\u00edculos.<\/li>\n\n\n\n<li>Adelantar por el arc\u00e9n.<\/li>\n\n\n\n<li>Pasarse sem\u00e1foros en rojo y se\u00f1ales de alto.<\/li>\n\n\n\n<li>Conducir bajo la influencia de <a href=\"https:\/\/lawcdh.com\/es\/areas-de-practica\/delitos-de-drogas\/\">drogas<\/a> o <a href=\"https:\/\/lawcdh.com\/es\/areas-de-practica\/dwi\/\">alcohol<\/a>.<\/li>\n\n\n\n<li>Conducir sobre la acera.<\/li>\n\n\n\n<li>Usar dispositivos electr\u00f3nicos mientras se conduce.<\/li>\n\n\n\n<li>Conducir con un n\u00famero excesivo de pasajeros.<\/li>\n\n\n\n<li>Cambiar abruptamente de carril.<\/li>\n\n\n\n<li>No ceder el paso a veh\u00edculos de emergencia.<\/li>\n\n\n\n<li>No fusionarse de manera segura en el momento adecuado.<\/li>\n\n\n\n<li>Conducir distra\u00eddo.<\/li>\n\n\n\n<li>Conducir fatigado.<\/li>\n<\/ul>\n\n\n\n<h3 class=\"wp-block-heading\">Cargos Criminales por Conducci\u00f3n Temeraria<\/h3>\n\n\n\n<p>La conducci\u00f3n temeraria se considera un delito en Nueva York. Si un conductor temerario te ha lesionado, el estado de Nueva York podr\u00eda presentar cargos contra el conductor que caus\u00f3 el accidente. Sin embargo, independientemente de si el conductor temerario ha sido acusado de un delito y condenado, tienes el derecho de emprender una demanda por lesiones personales contra el conductor en el tribunal civil.<\/p>\n\n\n\n<h3 class=\"wp-block-heading\">La Conducci\u00f3n Temeraria y Agresiva Puede Causar Lesiones Catastr\u00f3ficas<\/h3>\n\n\n\n<p>La conducci\u00f3n temeraria es particularmente peligrosa porque a menudo implica altas velocidades y otras violaciones flagrantes de la seguridad vial. En Nueva York, la conducci\u00f3n temeraria ha sido una de las principales causas de accidentes prevenibles durante d\u00e9cadas. Cuando los conductores muestran un desprecio consciente por la seguridad de otras personas en la carretera, los resultados pueden ser devastadores para las v\u00edctimas y sus seres queridos. Las v\u00edctimas de accidentes de conducci\u00f3n temeraria a menudo sufren lesiones debilitantes, que incluyen:<\/p>\n\n\n\n<ul class=\"wp-block-list\">\n<li>Lesiones cerebrales traum\u00e1ticas (TBI) y conmociones cerebrales.<\/li>\n\n\n\n<li>Lesiones en el cuello y la espalda, incluyendo hernias discales.<\/li>\n\n\n\n<li>Lesiones de la m\u00e9dula espinal que pueden resultar en par\u00e1lisis parcial o total.<\/li>\n\n\n\n<li>Latigazo cervical y otras lesiones de tejidos blandos.<\/li>\n\n\n\n<li>Da\u00f1o u hemorragia en \u00f3rganos internos.<\/li>\n\n\n\n<li>Fracturas \u00f3seas.<\/li>\n\n\n\n<li><a href=\"https:\/\/lawcdh.com\/es\/areas-de-practica\/lesiones-personales\/muerte-injusta\/\">Muerte<\/a><\/li>\n<\/ul>\n\n\n\n<h3 class=\"wp-block-heading\">Demostrar la Responsabilidad en un Caso de Accidente de Autom\u00f3vil<\/h3>\n\n\n\n<p>Las v\u00edctimas de la conducci\u00f3n temeraria deben demostrar que la conducta del conductor temerario caus\u00f3 el accidente de autom\u00f3vil que result\u00f3 en sus lesiones para poder recibir compensaci\u00f3n. Hay dos formas principales de que las v\u00edctimas reciban compensaci\u00f3n: a trav\u00e9s de un reclamo de seguro con el proveedor de seguros del conductor culpable o a trav\u00e9s de una demanda por lesiones personales. En ambos casos, la v\u00edctima de lesiones debe demostrar que las acciones del conductor causaron el accidente. Si el conductor que caus\u00f3 tu accidente recibi\u00f3 una multa por conducci\u00f3n temeraria o agresiva y fue condenado, esa condena puede servir como evidencia que puede fortalecer tu demanda civil contra el conductor.<\/p>\n\n\n\n<h2 class=\"wp-block-heading\" id=\"los-beneficios-de-trabajar-con-un-abogado-experimentado\">Los Beneficios de Trabajar con un Abogado Experimentado<\/h2>\n\n\n\n<p>Demostrar la responsabilidad puede ser un desaf\u00edo, y trabajar con un abogado puede ayudarte a recopilar la evidencia necesaria para demostrar que la parte culpable caus\u00f3 tus lesiones. Los abogados de <a href=\"https:\/\/lawcdh.com\/es\/sobre-nosotros\/\">CDH Law PLLC<\/a> tienen la experiencia y los recursos necesarios para investigar a fondo tu caso de accidente de autom\u00f3vil. Hablaremos con testigos e identificaremos cualquier evidencia en video o fotogr\u00e1fica que respalde tu reclamo. Comenzaremos inmediatamente a investigar tu caso y a hablar con los ajustadores de seguros en tu nombre.<\/p>\n\n\n\n<p>Antes de firmar un acuerdo de liquidaci\u00f3n con un ajustador de seguros o el demandado, es crucial que discutas tu caso con un abogado. La oferta puede ser demasiado baja y no cubrir todos tus gastos m\u00e9dicos, especialmente si has sufrido una lesi\u00f3n catastr\u00f3fica. En CDH Law PLLC, trabajamos con expertos financieros y m\u00e9dicos para estimar cuidadosamente el valor total de las reclamaciones de nuestros clientes, para poder comenzar a negociar de manera agresiva con la parte contraria para obtener el mejor resultado posible.<\/p>\n\n\n\n<h3 class=\"wp-block-heading\">Da\u00f1os Disponibles para las V\u00edctimas de Accidentes de Autom\u00f3vil<\/h3>\n\n\n\n<p>Los accidentes de conducci\u00f3n temeraria pueden causar lesiones f\u00edsicas y otros da\u00f1os a las v\u00edctimas. Cuando una v\u00edctima sufre una lesi\u00f3n catastr\u00f3fica, es posible que no pueda vivir como antes de haber sido herida. Puede teneruna discapacidad a largo plazo que le impida volver a trabajar.<\/p>\n\n\n\n<p>Las v\u00edctimas pueden buscar compensaci\u00f3n por sus gastos m\u00e9dicos pasados y futuros y por la discapacidad debida a sus lesiones. La cantidad de compensaci\u00f3n depende de m\u00faltiples factores, incluyendo la gravedad de las lesiones de la v\u00edctima. Las v\u00edctimas de lesiones personales pueden buscar los siguientes tipos de da\u00f1os:<\/p>\n\n\n\n<ul class=\"wp-block-list\">\n<li>Gastos m\u00e9dicos actuales y futuros, incluyendo rehabilitaci\u00f3n y terapia.<\/li>\n\n\n\n<li>Salarios perdidos.<\/li>\n\n\n\n<li>P\u00e9rdida de ingresos futuros.<\/li>\n\n\n\n<li>Angustia mental.<\/li>\n\n\n\n<li>Costos de reparaci\u00f3n o reemplazo del veh\u00edculo.<\/li>\n<\/ul>\n\n\n\n<p>Ponte en contacto con un Abogado de Accidentes de Conducci\u00f3n Temeraria en el Centro de Nueva York<br>Cuando una persona pone en peligro deliberadamente a otros en la carretera y causa lesiones o muerte, el conductor temerario debe rendir cuentas. Si has sido lesionado por un conductor temerario o agresivo en Syracuse o en el Centro de Nueva York, los abogados de CDH Law PLLC est\u00e1n preparados para defender tus derechos. Tenemos un historial comprobado de obtener con \u00e9xito compensaci\u00f3n para las v\u00edctimas de conductores temerarios. No dudes en ponerte en <a href=\"https:\/\/lawcdh.com\/es\/contacto\/\">contacto<\/a> con CDH Law PLLC para programar una consulta gratuita y aprender m\u00e1s sobre c\u00f3mo podemos ayudarte.<\/p>\n","protected":false},"excerpt":{"rendered":"<p>Los accidentes causados por la conducci\u00f3n temeraria pueden ocasionar lesiones catastr\u00f3ficas y la muerte de v\u00edctimas inocentes. Cuando los conductores conducen de manera temeraria, ponen en riesgo a todos los dem\u00e1s en la carretera de sufrir lesiones graves. Los conductores temerarios tienen una capacidad disminuida para evitar accidentes, mantener una velocidad segura y tomar decisiones&#8230;<\/p>\n","protected":false},"author":17,"featured_media":2085,"parent":1794,"menu_order":0,"comment_status":"closed","ping_status":"closed","template":"","meta":{"_acf_changed":false,"footnotes":""},"tags":[],"class_list":["post-2084","page","type-page","status-publish","has-post-thumbnail","hentry"],"acf":[],"yoast_head":"<!-- This site is optimized with the Yoast SEO plugin v27.3 - https:\/\/yoast.com\/product\/yoast-seo-wordpress\/ -->\n<title>Abogados de Accidentes Por Conducci\u00f3n Imprudente en Syracuse<\/title>\n<meta name=\"description\" content=\"Si result\u00f3 lesionado en un accidente automovil\u00edstico causado por un conductor imprudente en Syracuse o el centro de Nueva York, cont\u00e1ctenos.\" \/>\n<meta name=\"robots\" content=\"index, follow, max-snippet:-1, max-image-preview:large, max-video-preview:-1\" \/>\n<link rel=\"canonical\" href=\"https:\/\/lawcdh.com\/es\/areas-de-practica\/lesiones-personales\/accidente-automovilistico\/accidente-de-automovilismo-por-conduccion-imprudente\/\" \/>\n<meta property=\"og:locale\" content=\"es_MX\" \/>\n<meta property=\"og:type\" content=\"article\" \/>\n<meta property=\"og:title\" content=\"Abogados de Accidentes Por Conducci\u00f3n Imprudente en Syracuse\" \/>\n<meta property=\"og:description\" content=\"Si result\u00f3 lesionado en un accidente automovil\u00edstico causado por un conductor imprudente en Syracuse o el centro de Nueva York, cont\u00e1ctenos.\" \/>\n<meta property=\"og:url\" content=\"https:\/\/lawcdh.com\/es\/areas-de-practica\/lesiones-personales\/accidente-automovilistico\/accidente-de-automovilismo-por-conduccion-imprudente\/\" \/>\n<meta property=\"og:site_name\" content=\"CDH Law PLLC ES\" \/>\n<meta property=\"article:modified_time\" content=\"2024-01-30T21:19:10+00:00\" \/>\n<meta property=\"og:image\" content=\"https:\/\/lawcdh.com\/es\/wp-content\/uploads\/sites\/2\/2023\/04\/reckless-driving-3.jpg\" \/>\n\t<meta property=\"og:image:width\" content=\"730\" \/>\n\t<meta property=\"og:image:height\" content=\"300\" \/>\n\t<meta property=\"og:image:type\" content=\"image\/jpeg\" \/>\n<meta name=\"twitter:card\" content=\"summary_large_image\" \/>\n<meta name=\"twitter:label1\" content=\"Est. reading time\" \/>\n\t<meta name=\"twitter:data1\" content=\"6 minutos\" \/>\n<script type=\"application\/ld+json\" class=\"yoast-schema-graph\">{\"@context\":\"https:\\\/\\\/schema.org\",\"@graph\":[{\"@type\":\"WebPage\",\"@id\":\"https:\\\/\\\/lawcdh.com\\\/es\\\/areas-de-practica\\\/lesiones-personales\\\/accidente-automovilistico\\\/accidente-de-automovilismo-por-conduccion-imprudente\\\/\",\"url\":\"https:\\\/\\\/lawcdh.com\\\/es\\\/areas-de-practica\\\/lesiones-personales\\\/accidente-automovilistico\\\/accidente-de-automovilismo-por-conduccion-imprudente\\\/\",\"name\":\"Abogados de Accidentes Por Conducci\u00f3n Imprudente en Syracuse\",\"isPartOf\":{\"@id\":\"https:\\\/\\\/lawcdh.com\\\/es\\\/#website\"},\"primaryImageOfPage\":{\"@id\":\"https:\\\/\\\/lawcdh.com\\\/es\\\/areas-de-practica\\\/lesiones-personales\\\/accidente-automovilistico\\\/accidente-de-automovilismo-por-conduccion-imprudente\\\/#primaryimage\"},\"image\":{\"@id\":\"https:\\\/\\\/lawcdh.com\\\/es\\\/areas-de-practica\\\/lesiones-personales\\\/accidente-automovilistico\\\/accidente-de-automovilismo-por-conduccion-imprudente\\\/#primaryimage\"},\"thumbnailUrl\":\"https:\\\/\\\/lawcdh.com\\\/es\\\/wp-content\\\/uploads\\\/sites\\\/2\\\/2023\\\/04\\\/reckless-driving-3.jpg\",\"datePublished\":\"2023-04-28T21:09:11+00:00\",\"dateModified\":\"2024-01-30T21:19:10+00:00\",\"description\":\"Si result\u00f3 lesionado en un accidente automovil\u00edstico causado por un conductor imprudente en Syracuse o el centro de Nueva York, cont\u00e1ctenos.\",\"breadcrumb\":{\"@id\":\"https:\\\/\\\/lawcdh.com\\\/es\\\/areas-de-practica\\\/lesiones-personales\\\/accidente-automovilistico\\\/accidente-de-automovilismo-por-conduccion-imprudente\\\/#breadcrumb\"},\"inLanguage\":\"es\",\"potentialAction\":[{\"@type\":\"ReadAction\",\"target\":[\"https:\\\/\\\/lawcdh.com\\\/es\\\/areas-de-practica\\\/lesiones-personales\\\/accidente-automovilistico\\\/accidente-de-automovilismo-por-conduccion-imprudente\\\/\"]}]},{\"@type\":\"ImageObject\",\"inLanguage\":\"es\",\"@id\":\"https:\\\/\\\/lawcdh.com\\\/es\\\/areas-de-practica\\\/lesiones-personales\\\/accidente-automovilistico\\\/accidente-de-automovilismo-por-conduccion-imprudente\\\/#primaryimage\",\"url\":\"https:\\\/\\\/lawcdh.com\\\/es\\\/wp-content\\\/uploads\\\/sites\\\/2\\\/2023\\\/04\\\/reckless-driving-3.jpg\",\"contentUrl\":\"https:\\\/\\\/lawcdh.com\\\/es\\\/wp-content\\\/uploads\\\/sites\\\/2\\\/2023\\\/04\\\/reckless-driving-3.jpg\",\"width\":730,\"height\":300,\"caption\":\"Reckless driver texting while driving\"},{\"@type\":\"BreadcrumbList\",\"@id\":\"https:\\\/\\\/lawcdh.com\\\/es\\\/areas-de-practica\\\/lesiones-personales\\\/accidente-automovilistico\\\/accidente-de-automovilismo-por-conduccion-imprudente\\\/#breadcrumb\",\"itemListElement\":[{\"@type\":\"ListItem\",\"position\":1,\"name\":\"Home\",\"item\":\"https:\\\/\\\/lawcdh.com\\\/es\\\/\"},{\"@type\":\"ListItem\",\"position\":2,\"name\":\"\u00c1reas de Pr\u00e1ctica\",\"item\":\"https:\\\/\\\/lawcdh.com\\\/es\\\/areas-de-practica\\\/\"},{\"@type\":\"ListItem\",\"position\":3,\"name\":\"Lesiones Personales\",\"item\":\"https:\\\/\\\/lawcdh.com\\\/es\\\/areas-de-practica\\\/lesiones-personales\\\/\"},{\"@type\":\"ListItem\",\"position\":4,\"name\":\"Accidente Automovilistico\",\"item\":\"https:\\\/\\\/lawcdh.com\\\/es\\\/areas-de-practica\\\/lesiones-personales\\\/accidente-automovilistico\\\/\"},{\"@type\":\"ListItem\",\"position\":5,\"name\":\"Accidente Automovil\u00edstico Por Conducci\u00f3n Imprudente\"}]},{\"@type\":\"WebSite\",\"@id\":\"https:\\\/\\\/lawcdh.com\\\/es\\\/#website\",\"url\":\"https:\\\/\\\/lawcdh.com\\\/es\\\/\",\"name\":\"CDH Law PLLC ES\",\"description\":\"\",\"potentialAction\":[{\"@type\":\"SearchAction\",\"target\":{\"@type\":\"EntryPoint\",\"urlTemplate\":\"https:\\\/\\\/lawcdh.com\\\/es\\\/?s={search_term_string}\"},\"query-input\":{\"@type\":\"PropertyValueSpecification\",\"valueRequired\":true,\"valueName\":\"search_term_string\"}}],\"inLanguage\":\"es\"}]}<\/script>\n<!-- \/ Yoast SEO plugin. -->","yoast_head_json":{"title":"Abogados de Accidentes Por Conducci\u00f3n Imprudente en Syracuse","description":"Si result\u00f3 lesionado en un accidente automovil\u00edstico causado por un conductor imprudente en Syracuse o el centro de Nueva York, cont\u00e1ctenos.","robots":{"index":"index","follow":"follow","max-snippet":"max-snippet:-1","max-image-preview":"max-image-preview:large","max-video-preview":"max-video-preview:-1"},"canonical":"https:\/\/lawcdh.com\/es\/areas-de-practica\/lesiones-personales\/accidente-automovilistico\/accidente-de-automovilismo-por-conduccion-imprudente\/","og_locale":"es_MX","og_type":"article","og_title":"Abogados de Accidentes Por Conducci\u00f3n Imprudente en Syracuse","og_description":"Si result\u00f3 lesionado en un accidente automovil\u00edstico causado por un conductor imprudente en Syracuse o el centro de Nueva York, cont\u00e1ctenos.","og_url":"https:\/\/lawcdh.com\/es\/areas-de-practica\/lesiones-personales\/accidente-automovilistico\/accidente-de-automovilismo-por-conduccion-imprudente\/","og_site_name":"CDH Law PLLC ES","article_modified_time":"2024-01-30T21:19:10+00:00","og_image":[{"width":730,"height":300,"url":"https:\/\/lawcdh.com\/es\/wp-content\/uploads\/sites\/2\/2023\/04\/reckless-driving-3.jpg","type":"image\/jpeg"}],"twitter_card":"summary_large_image","twitter_misc":{"Est. reading time":"6 minutos"},"schema":{"@context":"https:\/\/schema.org","@graph":[{"@type":"WebPage","@id":"https:\/\/lawcdh.com\/es\/areas-de-practica\/lesiones-personales\/accidente-automovilistico\/accidente-de-automovilismo-por-conduccion-imprudente\/","url":"https:\/\/lawcdh.com\/es\/areas-de-practica\/lesiones-personales\/accidente-automovilistico\/accidente-de-automovilismo-por-conduccion-imprudente\/","name":"Abogados de Accidentes Por Conducci\u00f3n Imprudente en Syracuse","isPartOf":{"@id":"https:\/\/lawcdh.com\/es\/#website"},"primaryImageOfPage":{"@id":"https:\/\/lawcdh.com\/es\/areas-de-practica\/lesiones-personales\/accidente-automovilistico\/accidente-de-automovilismo-por-conduccion-imprudente\/#primaryimage"},"image":{"@id":"https:\/\/lawcdh.com\/es\/areas-de-practica\/lesiones-personales\/accidente-automovilistico\/accidente-de-automovilismo-por-conduccion-imprudente\/#primaryimage"},"thumbnailUrl":"https:\/\/lawcdh.com\/es\/wp-content\/uploads\/sites\/2\/2023\/04\/reckless-driving-3.jpg","datePublished":"2023-04-28T21:09:11+00:00","dateModified":"2024-01-30T21:19:10+00:00","description":"Si result\u00f3 lesionado en un accidente automovil\u00edstico causado por un conductor imprudente en Syracuse o el centro de Nueva York, cont\u00e1ctenos.","breadcrumb":{"@id":"https:\/\/lawcdh.com\/es\/areas-de-practica\/lesiones-personales\/accidente-automovilistico\/accidente-de-automovilismo-por-conduccion-imprudente\/#breadcrumb"},"inLanguage":"es","potentialAction":[{"@type":"ReadAction","target":["https:\/\/lawcdh.com\/es\/areas-de-practica\/lesiones-personales\/accidente-automovilistico\/accidente-de-automovilismo-por-conduccion-imprudente\/"]}]},{"@type":"ImageObject","inLanguage":"es","@id":"https:\/\/lawcdh.com\/es\/areas-de-practica\/lesiones-personales\/accidente-automovilistico\/accidente-de-automovilismo-por-conduccion-imprudente\/#primaryimage","url":"https:\/\/lawcdh.com\/es\/wp-content\/uploads\/sites\/2\/2023\/04\/reckless-driving-3.jpg","contentUrl":"https:\/\/lawcdh.com\/es\/wp-content\/uploads\/sites\/2\/2023\/04\/reckless-driving-3.jpg","width":730,"height":300,"caption":"Reckless driver texting while driving"},{"@type":"BreadcrumbList","@id":"https:\/\/lawcdh.com\/es\/areas-de-practica\/lesiones-personales\/accidente-automovilistico\/accidente-de-automovilismo-por-conduccion-imprudente\/#breadcrumb","itemListElement":[{"@type":"ListItem","position":1,"name":"Home","item":"https:\/\/lawcdh.com\/es\/"},{"@type":"ListItem","position":2,"name":"\u00c1reas de Pr\u00e1ctica","item":"https:\/\/lawcdh.com\/es\/areas-de-practica\/"},{"@type":"ListItem","position":3,"name":"Lesiones Personales","item":"https:\/\/lawcdh.com\/es\/areas-de-practica\/lesiones-personales\/"},{"@type":"ListItem","position":4,"name":"Accidente Automovilistico","item":"https:\/\/lawcdh.com\/es\/areas-de-practica\/lesiones-personales\/accidente-automovilistico\/"},{"@type":"ListItem","position":5,"name":"Accidente Automovil\u00edstico Por Conducci\u00f3n Imprudente"}]},{"@type":"WebSite","@id":"https:\/\/lawcdh.com\/es\/#website","url":"https:\/\/lawcdh.com\/es\/","name":"CDH Law PLLC ES","description":"","potentialAction":[{"@type":"SearchAction","target":{"@type":"EntryPoint","urlTemplate":"https:\/\/lawcdh.com\/es\/?s={search_term_string}"},"query-input":{"@type":"PropertyValueSpecification","valueRequired":true,"valueName":"search_term_string"}}],"inLanguage":"es"}]}},"_links":{"self":[{"href":"https:\/\/lawcdh.com\/es\/wp-json\/wp\/v2\/pages\/2084","targetHints":{"allow":["GET"]}}],"collection":[{"href":"https:\/\/lawcdh.com\/es\/wp-json\/wp\/v2\/pages"}],"about":[{"href":"https:\/\/lawcdh.com\/es\/wp-json\/wp\/v2\/types\/page"}],"author":[{"embeddable":true,"href":"https:\/\/lawcdh.com\/es\/wp-json\/wp\/v2\/users\/17"}],"replies":[{"embeddable":true,"href":"https:\/\/lawcdh.com\/es\/wp-json\/wp\/v2\/comments?post=2084"}],"version-history":[{"count":0,"href":"https:\/\/lawcdh.com\/es\/wp-json\/wp\/v2\/pages\/2084\/revisions"}],"up":[{"embeddable":true,"href":"https:\/\/lawcdh.com\/es\/wp-json\/wp\/v2\/pages\/1794"}],"wp:featuredmedia":[{"embeddable":true,"href":"https:\/\/lawcdh.com\/es\/wp-json\/wp\/v2\/media\/2085"}],"wp:attachment":[{"href":"https:\/\/lawcdh.com\/es\/wp-json\/wp\/v2\/media?parent=2084"}],"wp:term":[{"taxonomy":"post_tag","embeddable":true,"href":"https:\/\/lawcdh.com\/es\/wp-json\/wp\/v2\/tags?post=2084"}],"curies":[{"name":"wp","href":"https:\/\/api.w.org\/{rel}","templated":true}]}}