{"id":2106,"date":"2023-05-31T13:48:04","date_gmt":"2023-05-31T13:48:04","guid":{"rendered":"https:\/\/lawcdh.com\/?page_id=2106"},"modified":"2024-01-30T21:46:23","modified_gmt":"2024-01-30T21:46:23","slug":"accidentes-de-bicicleta","status":"publish","type":"page","link":"https:\/\/lawcdh.com\/es\/areas-de-practica\/lesiones-personales\/accidentes-de-bicicleta\/","title":{"rendered":"Accidentes de Bicicleta"},"content":{"rendered":"\n<p>Muchos residentes de Nueva York van en bicicleta para recreaci\u00f3n y para ir y volver del trabajo. Desafortunadamente, miles de ciclistas resultan heridos cada a\u00f1o en accidentes de bicicleta causados por conductores negligentes. Incluso los accidentes menores de bicicleta pueden causar lesiones graves. Las v\u00edctimas de accidentes de bicicleta pueden tener derecho a una compensaci\u00f3n por sus gastos m\u00e9dicos, p\u00e9rdida de ingresos, dolor y sufrimiento y otros da\u00f1os.<\/p>\n\n\n\n<p>Los abogados de <a href=\"https:\/\/lawcdh.com\/es\/areas-de-practica\/lesiones-personales\/\">lesiones personales<\/a> de CDH Law PLLC en el centro de Nueva York tienen a\u00f1os de experiencia representando a v\u00edctimas de accidentes de bicicleta y sus familias en Syracuse y sus alrededores. Tenemos amplia experiencia en el manejo de demandas catastr\u00f3ficas por accidentes de bicicleta. <a href=\"https:\/\/lawcdh.com\/es\/\">Comun\u00edquese con CDH Law PLLC<\/a> para programar una evaluaci\u00f3n de caso gratuita y sin compromiso y obtener m\u00e1s informaci\u00f3n sobre sus derechos legales.<\/p>\n\n\n\n<h2 class=\"wp-block-heading\" id=\"tipos-comunes-de-accidentes-de-bicicleta\">Tipos Comunes de Accidentes de Bicicleta<\/h2>\n\n\n\n<p>Muchos accidentes de bicicleta podr\u00edan evitarse si los motociclistas y ciclistas eliminaran la conducci\u00f3n distra\u00edda, cedieran adecuadamente el derecho de paso a otros viajeros y obedecieran las normas de tr\u00e1nsito. Aunque los ciclistas pueden tener la culpa en un accidente, cuando veh\u00edculos motorizados y bicicletas chocan, la mayor\u00eda de las veces se debe a que los conductores est\u00e1n distra\u00eddos y no prestan suficiente atenci\u00f3n para detectar a los ciclistas en la carretera y evitar una colisi\u00f3n. Los siguientes son algunos tipos comunes de accidentes de bicicleta:<\/p>\n\n\n\n<ul class=\"wp-block-list\">\n<li>Accidentes de bicicleta por puertas<\/li>\n\n\n\n<li>Accidentes de bicicletas que involucran camiones y tractocamiones<\/li>\n\n\n\n<li>Accidentes de patinete el\u00e9ctrico<\/li>\n\n\n\n<li>Accidentes que involucran veh\u00edculos de motor<\/li>\n\n\n\n<li>Choques que involucran defectos en la calle<\/li>\n\n\n\n<li>Accidentes de bicicletas compartidas en Nueva York<\/li>\n\n\n\n<li>Choques con conductores de viajes compartidos<\/li>\n\n\n\n<li>Accidentes y colisiones de <a href=\"https:\/\/lawcdh.com\/es\/areas-de-practica\/lesiones-personales\/accidentes-de-peatones\/\">peatones<\/a><\/li>\n\n\n\n<li>Accidentes de mensajero en bicicleta<\/li>\n\n\n\n<li>Accidentes de scooter y VESPA<\/li>\n\n\n\n<li>Reclamaciones por accidentes de bicicleta por atropello y fuga<\/li>\n<\/ul>\n\n\n\n<h3 class=\"wp-block-heading\">Accidentes de Bicicleta en El Cruce a la Derecha<\/h3>\n\n\n\n<p>Los ciclistas son tratados como cualquier otro veh\u00edculo motorizado en la carretera. Como resultado, los conductores deben ceder el paso a los ciclistas que circulan en el tr\u00e1fico fluido. Una colisi\u00f3n transversal a la derecha ocurre cuando un ciclista se mueve con el tr\u00e1fico del lado derecho de la carretera y un veh\u00edculo motorizado sale de una calle lateral o camino de entrada por el lado derecho del ciclista. El automovilista golpear\u00e1 al ciclista o se adelantar\u00e1 al ciclista, quien chocar\u00e1 con el lado izquierdo del veh\u00edculo de motor. Las colisiones cruzadas a la izquierda ocurren cuando un ciclista viaja con el flujo del tr\u00e1fico y un automovilista que viene en sentido contrario gira a la izquierda frente al ciclista.<\/p>\n\n\n\n<h3 class=\"wp-block-heading\">Conducir Contra El Tr\u00e1fico<\/h3>\n\n\n\n<p>Muchos accidentes de bicicletas y veh\u00edculos motorizados ocurren cuando un ciclista circula en direcci\u00f3n contraria y un veh\u00edculo que viene en sentido contrario gira a la derecha frente a \u00e9l. Los automovilistas no esperan que los pasajeros viajen en contra del flujo del tr\u00e1fico. Es m\u00e1s probable que ocurran accidentes cuando los ciclistas no circulan siguiendo el flujo del tr\u00e1fico.<\/p>\n\n\n\n<h3 class=\"wp-block-heading\">Colisiones de Peatones<\/h3>\n\n\n\n<p>Otro tipo com\u00fan de accidente de bicicleta es cuando un ciclista choca con un peat\u00f3n. Cuando los ciclistas circulan por la acera en lugar de por los carriles designados para bicicletas o cuando circulan por las intersecciones, pueden chocar con los peatones que cruzan la calle. En otros casos, es posible que los peatones no est\u00e9n prestando atenci\u00f3n y se interpongan en el carril de un ciclista, lo que resulta en una colisi\u00f3n.<\/p>\n\n\n\n<h3 class=\"wp-block-heading\">\u00bfQui\u00e9n Es Responsable de Mis Lesiones Despu\u00e9s de Un Accidente de Bicicleta?<\/h3>\n\n\n\n<p>Seg\u00fan la ley del estado de Nueva York, cualquier parte que haya contribuido a un accidente de bicicleta puede ser considerada responsable de los da\u00f1os resultantes del accidente. Si ha resultado gravemente herido en un accidente de bicicleta, es posible que tenga un reclamo leg\u00edtimo contra cualquier persona cuyo descuido o negligencia haya provocado su lesi\u00f3n. Trabajar con un abogado puede ayudarlo a determinar qu\u00e9 parte o partes pueden ser responsables de sus da\u00f1os, que pueden incluir:<\/p>\n\n\n\n<ul class=\"wp-block-list\">\n<li>Conductor o conductores de <a href=\"https:\/\/lawcdh.com\/es\/areas-de-practica\/lesiones-personales\/accidente-automovilistico\/\">veh\u00edculos<\/a> de pasajeros<\/li>\n\n\n\n<li>Peatones<\/li>\n\n\n\n<li>Otros ciclistas<\/li>\n\n\n\n<li>Empleadores de partes negligentes<\/li>\n\n\n\n<li>Agencias gubernamentales<\/li>\n\n\n\n<li>Empresas de tr\u00e1nsito<\/li>\n\n\n\n<li>Empresas que vendieron o fabricaron bicicletas, veh\u00edculos u otros equipos de seguridad defectuosos.<\/li>\n<\/ul>\n\n\n\n<h3 class=\"wp-block-heading\">Los Accidentes de Bicicleta Pueden Causar Lesiones Graves<\/h3>\n\n\n\n<p>Los ciclistas no cuentan con protecci\u00f3n externa, airbags ni cinturones de seguridad. En consecuencia, los ciclistas tienen m\u00e1s probabilidades de sufrir lesiones catastr\u00f3ficas cuando se ven involucrados en accidentes con veh\u00edculos de pasajeros. Las lesiones catastr\u00f3ficas, como las lesiones cerebrales traum\u00e1ticas y las lesiones de la m\u00e9dula espinal, pueden generar millones de d\u00f3lares en gastos m\u00e9dicos a lo largo de la vida de una persona. Algunas de las lesiones m\u00e1s comunes causadas por accidentes de bicicleta incluyen las siguientes:<\/p>\n\n\n\n<ul class=\"wp-block-list\">\n<li><a href=\"\/es\/areas-de-practica\/lesiones-personales\/lesion-de-hueso-roto\/\">Huesos rotos<\/a><\/li>\n\n\n\n<li>Da\u00f1o a los tejidos blandos<\/li>\n\n\n\n<li>Quemaduras de carreteras<\/li>\n\n\n\n<li>Herida de ojo<\/li>\n\n\n\n<li>Degloving<\/li>\n\n\n\n<li><a href=\"https:\/\/lawcdh.com\/es\/areas-de-practica\/lesiones-personales\/dano-cerebral\/\">Lesiones en la cabeza y el cerebro<\/a><\/li>\n\n\n\n<li>Lesiones de cuello y espalda<\/li>\n\n\n\n<li>Miembros perdidos<\/li>\n\n\n\n<li><a href=\"https:\/\/lawcdh.com\/es\/areas-de-practica\/lesiones-personales\/lesion-de-la-medula-espinal\/\">Da\u00f1o de la m\u00e9dula espinal<\/a><\/li>\n\n\n\n<li>Par\u00e1lisis<\/li>\n\n\n\n<li><a href=\"https:\/\/lawcdh.com\/es\/areas-de-practica\/lesiones-personales\/muerte-injusta\/\">Muerte injusta<\/a><\/li>\n<\/ul>\n\n\n\n<h3 class=\"wp-block-heading\">\u00bfQu\u00e9 Da\u00f1os Pueden Estar Disponibles Despu\u00e9s de Un Accidente de Bicicleta?<\/h3>\n\n\n\n<p>Los gastos relacionados con un accidente de bicicleta pueden ser abrumadores. Cuando otra persona es, al menos en parte, responsable de causar su accidente, usted no deber\u00eda sufrir las consecuencias financieras solo. Es posible que tenga derecho a presentar un reclamo ante la compa\u00f1\u00eda de seguros de la parte culpable o presentar una demanda por lesiones personales. Los demandantes en demandas por lesiones personales pueden solicitar una compensaci\u00f3n por todo lo siguiente:<\/p>\n\n\n\n<ul class=\"wp-block-list\">\n<li>Gastos y facturas m\u00e9dicas<\/li>\n\n\n\n<li>Hospitalizaci\u00f3n<\/li>\n\n\n\n<li>Salarios e ingresos perdidos<\/li>\n\n\n\n<li>Estr\u00e9s emocional<\/li>\n\n\n\n<li>Incapacidad temporal o permanente<\/li>\n\n\n\n<li>Dolor y sufrimiento<\/li>\n\n\n\n<li>P\u00e9rdida del disfrute de la vida.<\/li>\n\n\n\n<li>Desfiguraci\u00f3n, p.e. cicatrizaci\u00f3n<\/li>\n<\/ul>\n\n\n\n<p>Los abogados expertos en lesiones personales de CDH Law PLLC tienen los recursos y la red profesional para determinar el monto total de su reclamo de compensaci\u00f3n. Una vez que determinemos todos los da\u00f1os que sufrir\u00e1 en el futuro, comenzaremos a negociar un acuerdo completo y justo.<\/p>\n\n\n\n<h3 class=\"wp-block-heading\">\u00bfCu\u00e1nto Tiempo Tengo Para Presentar Una Demanda Despu\u00e9s de Un Accidente de Bicicleta en Syracuse?<\/h3>\n\n\n\n<p>Seg\u00fan el estatuto de limitaciones de Nueva York, una v\u00edctima de lesiones personales debe presentar una demanda dentro de los tres a\u00f1os siguientes a la fecha de la lesi\u00f3n. Si su ser querido muri\u00f3 en un accidente de bicicleta, tiene dos a\u00f1os para presentar una demanda por muerte por negligencia.<\/p>\n\n\n\n<p>Dos o tres a\u00f1os pueden parecer mucho tiempo para presentar una demanda. Sin embargo, las demandas por accidentes de bicicleta pueden ser complejas y requerir un largo proceso de descubrimiento. Discutir su caso con un abogado experimentado lo antes posible despu\u00e9s del accidente puede garantizar que proteja su reclamo legal de compensaci\u00f3n y cumpla con el plazo de presentaci\u00f3n.<\/p>\n\n\n\n<h4 class=\"wp-block-heading\"><strong>P\u00f3ngase en Contacto Con Un Abogado Especializado en Accidentes de Bicicletas en El Centro de Nueva York<\/strong><\/h4>\n\n\n\n<p>Las personas lesionadas en accidentes de bicicleta enfrentan desaf\u00edos legales \u00fanicos al momento de recuperar una compensaci\u00f3n. Trabajar con un abogado experimentado puede ayudarle a navegar el proceso de presentar un reclamo de compensaci\u00f3n. Mientras usted se concentra en usted mismo y se recupera de sus lesiones, los abogados de CDH Law PLLC se encargar\u00e1n de todos los aspectos de su reclamo.<\/p>\n\n\n\n<p>Nuestros abogados con experiencia en lesiones personales negociar\u00e1n la mejor oferta de acuerdo posible en su caso. <a href=\"\/es\/contacto\/\">Comun\u00edquese con CDH Law PLLC<\/a> para programar una consulta gratuita y obtener m\u00e1s informaci\u00f3n sobre c\u00f3mo podemos luchar por usted.\u00a0<\/p>\n","protected":false},"excerpt":{"rendered":"<p>Muchos residentes de Nueva York van en bicicleta para recreaci\u00f3n y para ir y volver del trabajo. Desafortunadamente, miles de ciclistas resultan heridos cada a\u00f1o en accidentes de bicicleta causados por conductores negligentes. Incluso los accidentes menores de bicicleta pueden causar lesiones graves. Las v\u00edctimas de accidentes de bicicleta pueden tener derecho a una compensaci\u00f3n&#8230;<\/p>\n","protected":false},"author":17,"featured_media":2107,"parent":1771,"menu_order":0,"comment_status":"closed","ping_status":"closed","template":"","meta":{"_acf_changed":false,"footnotes":""},"tags":[],"class_list":["post-2106","page","type-page","status-publish","has-post-thumbnail","hentry"],"acf":[],"yoast_head":"<!-- This site is optimized with the Yoast SEO plugin v27.3 - https:\/\/yoast.com\/product\/yoast-seo-wordpress\/ -->\n<title>Abogados de Accidentes de Bicicleta en Syracuse | CDH Law<\/title>\n<meta name=\"description\" content=\"Si ha estado involucrado en un accidente de bicicleta en Syracuse o el centro de Nueva York, consulte a nuestros abogados para obtener ayuda.\" \/>\n<meta name=\"robots\" content=\"index, follow, max-snippet:-1, max-image-preview:large, max-video-preview:-1\" \/>\n<link rel=\"canonical\" href=\"https:\/\/lawcdh.com\/es\/areas-de-practica\/lesiones-personales\/accidentes-de-bicicleta\/\" \/>\n<meta property=\"og:locale\" content=\"es_MX\" \/>\n<meta property=\"og:type\" content=\"article\" \/>\n<meta property=\"og:title\" content=\"Abogados de Accidentes de Bicicleta en Syracuse | CDH Law\" \/>\n<meta property=\"og:description\" content=\"Si ha estado involucrado en un accidente de bicicleta en Syracuse o el centro de Nueva York, consulte a nuestros abogados para obtener ayuda.\" \/>\n<meta property=\"og:url\" content=\"https:\/\/lawcdh.com\/es\/areas-de-practica\/lesiones-personales\/accidentes-de-bicicleta\/\" \/>\n<meta property=\"og:site_name\" content=\"CDH Law PLLC ES\" \/>\n<meta property=\"article:modified_time\" content=\"2024-01-30T21:46:23+00:00\" \/>\n<meta property=\"og:image\" content=\"https:\/\/lawcdh.com\/es\/wp-content\/uploads\/sites\/2\/2023\/06\/bicycle-accidents-3.jpg\" \/>\n\t<meta property=\"og:image:width\" content=\"730\" \/>\n\t<meta property=\"og:image:height\" content=\"300\" \/>\n\t<meta property=\"og:image:type\" content=\"image\/jpeg\" \/>\n<meta name=\"twitter:card\" content=\"summary_large_image\" \/>\n<meta name=\"twitter:label1\" content=\"Est. reading time\" \/>\n\t<meta name=\"twitter:data1\" content=\"6 minutos\" \/>\n<script type=\"application\/ld+json\" class=\"yoast-schema-graph\">{\"@context\":\"https:\\\/\\\/schema.org\",\"@graph\":[{\"@type\":\"WebPage\",\"@id\":\"https:\\\/\\\/lawcdh.com\\\/es\\\/areas-de-practica\\\/lesiones-personales\\\/accidentes-de-bicicleta\\\/\",\"url\":\"https:\\\/\\\/lawcdh.com\\\/es\\\/areas-de-practica\\\/lesiones-personales\\\/accidentes-de-bicicleta\\\/\",\"name\":\"Abogados de Accidentes de Bicicleta en Syracuse | CDH Law\",\"isPartOf\":{\"@id\":\"https:\\\/\\\/lawcdh.com\\\/es\\\/#website\"},\"primaryImageOfPage\":{\"@id\":\"https:\\\/\\\/lawcdh.com\\\/es\\\/areas-de-practica\\\/lesiones-personales\\\/accidentes-de-bicicleta\\\/#primaryimage\"},\"image\":{\"@id\":\"https:\\\/\\\/lawcdh.com\\\/es\\\/areas-de-practica\\\/lesiones-personales\\\/accidentes-de-bicicleta\\\/#primaryimage\"},\"thumbnailUrl\":\"https:\\\/\\\/lawcdh.com\\\/es\\\/wp-content\\\/uploads\\\/sites\\\/2\\\/2023\\\/06\\\/bicycle-accidents-3.jpg\",\"datePublished\":\"2023-05-31T13:48:04+00:00\",\"dateModified\":\"2024-01-30T21:46:23+00:00\",\"description\":\"Si ha estado involucrado en un accidente de bicicleta en Syracuse o el centro de Nueva York, consulte a nuestros abogados para obtener ayuda.\",\"breadcrumb\":{\"@id\":\"https:\\\/\\\/lawcdh.com\\\/es\\\/areas-de-practica\\\/lesiones-personales\\\/accidentes-de-bicicleta\\\/#breadcrumb\"},\"inLanguage\":\"es\",\"potentialAction\":[{\"@type\":\"ReadAction\",\"target\":[\"https:\\\/\\\/lawcdh.com\\\/es\\\/areas-de-practica\\\/lesiones-personales\\\/accidentes-de-bicicleta\\\/\"]}]},{\"@type\":\"ImageObject\",\"inLanguage\":\"es\",\"@id\":\"https:\\\/\\\/lawcdh.com\\\/es\\\/areas-de-practica\\\/lesiones-personales\\\/accidentes-de-bicicleta\\\/#primaryimage\",\"url\":\"https:\\\/\\\/lawcdh.com\\\/es\\\/wp-content\\\/uploads\\\/sites\\\/2\\\/2023\\\/06\\\/bicycle-accidents-3.jpg\",\"contentUrl\":\"https:\\\/\\\/lawcdh.com\\\/es\\\/wp-content\\\/uploads\\\/sites\\\/2\\\/2023\\\/06\\\/bicycle-accidents-3.jpg\",\"width\":730,\"height\":300,\"caption\":\"Old man riding his bicycle on the bicycle lane of the road.\"},{\"@type\":\"BreadcrumbList\",\"@id\":\"https:\\\/\\\/lawcdh.com\\\/es\\\/areas-de-practica\\\/lesiones-personales\\\/accidentes-de-bicicleta\\\/#breadcrumb\",\"itemListElement\":[{\"@type\":\"ListItem\",\"position\":1,\"name\":\"Home\",\"item\":\"https:\\\/\\\/lawcdh.com\\\/es\\\/\"},{\"@type\":\"ListItem\",\"position\":2,\"name\":\"\u00c1reas de Pr\u00e1ctica\",\"item\":\"https:\\\/\\\/lawcdh.com\\\/es\\\/areas-de-practica\\\/\"},{\"@type\":\"ListItem\",\"position\":3,\"name\":\"Lesiones Personales\",\"item\":\"https:\\\/\\\/lawcdh.com\\\/es\\\/areas-de-practica\\\/lesiones-personales\\\/\"},{\"@type\":\"ListItem\",\"position\":4,\"name\":\"Accidentes de Bicicleta\"}]},{\"@type\":\"WebSite\",\"@id\":\"https:\\\/\\\/lawcdh.com\\\/es\\\/#website\",\"url\":\"https:\\\/\\\/lawcdh.com\\\/es\\\/\",\"name\":\"CDH Law PLLC ES\",\"description\":\"\",\"potentialAction\":[{\"@type\":\"SearchAction\",\"target\":{\"@type\":\"EntryPoint\",\"urlTemplate\":\"https:\\\/\\\/lawcdh.com\\\/es\\\/?s={search_term_string}\"},\"query-input\":{\"@type\":\"PropertyValueSpecification\",\"valueRequired\":true,\"valueName\":\"search_term_string\"}}],\"inLanguage\":\"es\"}]}<\/script>\n<!-- \/ Yoast SEO plugin. -->","yoast_head_json":{"title":"Abogados de Accidentes de Bicicleta en Syracuse | CDH Law","description":"Si ha estado involucrado en un accidente de bicicleta en Syracuse o el centro de Nueva York, consulte a nuestros abogados para obtener ayuda.","robots":{"index":"index","follow":"follow","max-snippet":"max-snippet:-1","max-image-preview":"max-image-preview:large","max-video-preview":"max-video-preview:-1"},"canonical":"https:\/\/lawcdh.com\/es\/areas-de-practica\/lesiones-personales\/accidentes-de-bicicleta\/","og_locale":"es_MX","og_type":"article","og_title":"Abogados de Accidentes de Bicicleta en Syracuse | CDH Law","og_description":"Si ha estado involucrado en un accidente de bicicleta en Syracuse o el centro de Nueva York, consulte a nuestros abogados para obtener ayuda.","og_url":"https:\/\/lawcdh.com\/es\/areas-de-practica\/lesiones-personales\/accidentes-de-bicicleta\/","og_site_name":"CDH Law PLLC ES","article_modified_time":"2024-01-30T21:46:23+00:00","og_image":[{"width":730,"height":300,"url":"https:\/\/lawcdh.com\/es\/wp-content\/uploads\/sites\/2\/2023\/06\/bicycle-accidents-3.jpg","type":"image\/jpeg"}],"twitter_card":"summary_large_image","twitter_misc":{"Est. reading time":"6 minutos"},"schema":{"@context":"https:\/\/schema.org","@graph":[{"@type":"WebPage","@id":"https:\/\/lawcdh.com\/es\/areas-de-practica\/lesiones-personales\/accidentes-de-bicicleta\/","url":"https:\/\/lawcdh.com\/es\/areas-de-practica\/lesiones-personales\/accidentes-de-bicicleta\/","name":"Abogados de Accidentes de Bicicleta en Syracuse | CDH Law","isPartOf":{"@id":"https:\/\/lawcdh.com\/es\/#website"},"primaryImageOfPage":{"@id":"https:\/\/lawcdh.com\/es\/areas-de-practica\/lesiones-personales\/accidentes-de-bicicleta\/#primaryimage"},"image":{"@id":"https:\/\/lawcdh.com\/es\/areas-de-practica\/lesiones-personales\/accidentes-de-bicicleta\/#primaryimage"},"thumbnailUrl":"https:\/\/lawcdh.com\/es\/wp-content\/uploads\/sites\/2\/2023\/06\/bicycle-accidents-3.jpg","datePublished":"2023-05-31T13:48:04+00:00","dateModified":"2024-01-30T21:46:23+00:00","description":"Si ha estado involucrado en un accidente de bicicleta en Syracuse o el centro de Nueva York, consulte a nuestros abogados para obtener ayuda.","breadcrumb":{"@id":"https:\/\/lawcdh.com\/es\/areas-de-practica\/lesiones-personales\/accidentes-de-bicicleta\/#breadcrumb"},"inLanguage":"es","potentialAction":[{"@type":"ReadAction","target":["https:\/\/lawcdh.com\/es\/areas-de-practica\/lesiones-personales\/accidentes-de-bicicleta\/"]}]},{"@type":"ImageObject","inLanguage":"es","@id":"https:\/\/lawcdh.com\/es\/areas-de-practica\/lesiones-personales\/accidentes-de-bicicleta\/#primaryimage","url":"https:\/\/lawcdh.com\/es\/wp-content\/uploads\/sites\/2\/2023\/06\/bicycle-accidents-3.jpg","contentUrl":"https:\/\/lawcdh.com\/es\/wp-content\/uploads\/sites\/2\/2023\/06\/bicycle-accidents-3.jpg","width":730,"height":300,"caption":"Old man riding his bicycle on the bicycle lane of the road."},{"@type":"BreadcrumbList","@id":"https:\/\/lawcdh.com\/es\/areas-de-practica\/lesiones-personales\/accidentes-de-bicicleta\/#breadcrumb","itemListElement":[{"@type":"ListItem","position":1,"name":"Home","item":"https:\/\/lawcdh.com\/es\/"},{"@type":"ListItem","position":2,"name":"\u00c1reas de Pr\u00e1ctica","item":"https:\/\/lawcdh.com\/es\/areas-de-practica\/"},{"@type":"ListItem","position":3,"name":"Lesiones Personales","item":"https:\/\/lawcdh.com\/es\/areas-de-practica\/lesiones-personales\/"},{"@type":"ListItem","position":4,"name":"Accidentes de Bicicleta"}]},{"@type":"WebSite","@id":"https:\/\/lawcdh.com\/es\/#website","url":"https:\/\/lawcdh.com\/es\/","name":"CDH Law PLLC ES","description":"","potentialAction":[{"@type":"SearchAction","target":{"@type":"EntryPoint","urlTemplate":"https:\/\/lawcdh.com\/es\/?s={search_term_string}"},"query-input":{"@type":"PropertyValueSpecification","valueRequired":true,"valueName":"search_term_string"}}],"inLanguage":"es"}]}},"_links":{"self":[{"href":"https:\/\/lawcdh.com\/es\/wp-json\/wp\/v2\/pages\/2106","targetHints":{"allow":["GET"]}}],"collection":[{"href":"https:\/\/lawcdh.com\/es\/wp-json\/wp\/v2\/pages"}],"about":[{"href":"https:\/\/lawcdh.com\/es\/wp-json\/wp\/v2\/types\/page"}],"author":[{"embeddable":true,"href":"https:\/\/lawcdh.com\/es\/wp-json\/wp\/v2\/users\/17"}],"replies":[{"embeddable":true,"href":"https:\/\/lawcdh.com\/es\/wp-json\/wp\/v2\/comments?post=2106"}],"version-history":[{"count":0,"href":"https:\/\/lawcdh.com\/es\/wp-json\/wp\/v2\/pages\/2106\/revisions"}],"up":[{"embeddable":true,"href":"https:\/\/lawcdh.com\/es\/wp-json\/wp\/v2\/pages\/1771"}],"wp:featuredmedia":[{"embeddable":true,"href":"https:\/\/lawcdh.com\/es\/wp-json\/wp\/v2\/media\/2107"}],"wp:attachment":[{"href":"https:\/\/lawcdh.com\/es\/wp-json\/wp\/v2\/media?parent=2106"}],"wp:term":[{"taxonomy":"post_tag","embeddable":true,"href":"https:\/\/lawcdh.com\/es\/wp-json\/wp\/v2\/tags?post=2106"}],"curies":[{"name":"wp","href":"https:\/\/api.w.org\/{rel}","templated":true}]}}