{"id":2123,"date":"2023-06-05T15:00:00","date_gmt":"2023-06-05T15:00:00","guid":{"rendered":"https:\/\/lawcdh.com\/?page_id=2123"},"modified":"2024-01-31T21:41:10","modified_gmt":"2024-01-31T21:41:10","slug":"responsabilidad-del-producto","status":"publish","type":"page","link":"https:\/\/lawcdh.com\/es\/areas-de-practica\/lesiones-personales\/responsabilidad-del-producto\/","title":{"rendered":"Responsabilidad del Producto"},"content":{"rendered":"\n<p>La persona promedio encuentra cientos de productos diariamente, desde alimentos hasta repuestos de veh\u00edculos. Cuando los productos de consumo peligrosos causan lesiones evitables o incluso muerte por negligencia, las v\u00edctimas pueden tener derecho a solicitar una compensaci\u00f3n a trav\u00e9s de una demanda por responsabilidad del producto. Sin embargo, obtener la compensaci\u00f3n que merece puede ser un desaf\u00edo, especialmente si se enfrenta a una gran corporaci\u00f3n.<\/p>\n\n\n\n<p>Los abogados de responsabilidad de productos de <a href=\"\/es\/\">CDH Law, PLLC<\/a> en Central New York y Syracuse saben c\u00f3mo llevar a las corporaciones ante la justicia por las lesiones causadas por sus productos. Las corporaciones est\u00e1n legalmente obligadas a garantizar que sus productos sean razonablemente seguros para los consumidores y no sean defectuosos. Es posible que tenga derecho a una compensaci\u00f3n si un producto defectuoso le ha causado lesiones graves a usted o a su ser querido. Comun\u00edquese con CDH Law para obtener m\u00e1s informaci\u00f3n sobre c\u00f3mo podemos defenderlo.<\/p>\n\n\n\n<h2 class=\"wp-block-heading\" id=\"tipos-de-casos-de-responsabilidad-de-productos-que-manejamos\">Tipos de Casos de Responsabilidad de Productos Que Manejamos<\/h2>\n\n\n\n<p>En su mayor parte, los productos de consumo funcionan de forma segura, seg\u00fan lo previsto. Sin embargo, los dise\u00f1os defectuosos, los errores de fabricaci\u00f3n y la falta de advertencia pueden provocar lesiones graves. Los consumidores no deber\u00edan tener que preocuparse de que los medicamentos recetados que toman o los juguetes que compran para sus hijos causen lesiones. En CDH Law PLLC, estamos listos para ayudar a los consumidores que han resultado lesionados por productos defectuosos o peligrosos. Nuestros abogados de responsabilidad de productos han manejado con \u00e9xito una amplia gama de casos de responsabilidad de productos, incluidos, entre otros, los siguientes:<\/p>\n\n\n\n<ul class=\"wp-block-list\">\n<li>Dispositivos m\u00e9dicos<\/li>\n\n\n\n<li>Medicamentos recetados peligrosos<\/li>\n\n\n\n<li>Juguetes y productos infantiles.<\/li>\n\n\n\n<li>Veh\u00edculos, equipos de seguridad y bolsas de aire.<\/li>\n\n\n\n<li>Maquinaria<\/li>\n\n\n\n<li>Herramientas<\/li>\n\n\n\n<li>Defectos del equipo de seguridad<\/li>\n\n\n\n<li>Equipos de construcci\u00f3n<\/li>\n\n\n\n<li>Bater\u00edas<\/li>\n\n\n\n<li>Productos electr\u00f3nicos<\/li>\n<\/ul>\n\n\n\n<h3 class=\"wp-block-heading\">Lesiones Debilitantes Causadas Por Productos Defectuosos<\/h3>\n\n\n\n<p>Las lesiones causadas por productos defectuosos var\u00edan desde menores hasta catastr\u00f3ficas. Enfrentar una lesi\u00f3n inesperada puede resultar abrumador. Si no puede venir a nuestra oficina legal de Syracuse para discutir su caso, uno de nuestros abogados puede concertar una cita para visitarlo. Las lesiones catastr\u00f3ficas pueden generar importantes gastos m\u00e9dicos. Trabajar con un abogado calificado puede ayudarlo a garantizar que contin\u00fae recibiendo la atenci\u00f3n m\u00e9dica y el tratamiento de rehabilitaci\u00f3n que necesita. Algunas de las lesiones causadas por productos defectuosos incluyen:<\/p>\n\n\n\n<ul class=\"wp-block-list\">\n<li>Quemaduras severas<\/li>\n\n\n\n<li><a href=\"\/es\/areas-de-practica\/lesiones-personales\/lesion-de-hueso-roto\/\">Huesos rotos<\/a><\/li>\n\n\n\n<li>Heridas en la cabeza<\/li>\n\n\n\n<li><a href=\"https:\/\/lawcdh.com\/es\/areas-de-practica\/lesiones-personales\/dano-cerebral\/\">Lesiones cerebrales traum\u00e1ticas<\/a><\/li>\n\n\n\n<li>Lesiones de cuello y espalda<\/li>\n\n\n\n<li>Lesiones por aplastamiento<\/li>\n\n\n\n<li>Da\u00f1o a \u00f3rganos internos<\/li>\n\n\n\n<li><a href=\"https:\/\/lawcdh.com\/es\/areas-de-practica\/lesiones-personales\/lesion-de-la-medula-espinal\/\">Da\u00f1o de la m\u00e9dula espinal<\/a><\/li>\n\n\n\n<li>Miembros perdidos<\/li>\n\n\n\n<li><a href=\"https:\/\/lawcdh.com\/es\/areas-de-practica\/lesiones-personales\/negligencia-medica\/lesion-de-nacimiento\/paralisis-cerebral\/\">Par\u00e1lisis<\/a><\/li>\n\n\n\n<li><a href=\"https:\/\/lawcdh.com\/es\/areas-de-practica\/lesiones-personales\/muerte-injusta\/\">Muerte injusta<\/a><\/li>\n<\/ul>\n\n\n\n<h3 class=\"wp-block-heading\">Defectos de Dise\u00f1o<\/h3>\n\n\n\n<p>Los productos con defectos de dise\u00f1o son intr\u00ednsecamente peligrosos debido a c\u00f3mo se ha dise\u00f1ado el producto. Si una empresa conoce o deber\u00eda conocer la condici\u00f3n peligrosa de un producto, deber\u00eda encontrar otra forma m\u00e1s segura de dise\u00f1ar el producto. Cuando no es posible dise\u00f1ar un producto diferente, la empresa debe agregar una protecci\u00f3n o revelar los peligros del producto a los consumidores.<\/p>\n\n\n\n<p>Cuando se ha identificado un peligro que puede causar lesiones o la muerte al consumidor, el ingeniero de dise\u00f1o debe seguir un protocolo de dise\u00f1o aceptado para minimizar la condici\u00f3n peligrosa asociada con el producto. Un ejemplo de un dise\u00f1o intr\u00ednsecamente peligroso ser\u00eda un juguete para ni\u00f1os con una cuerda de 12 pulgadas de largo comercializado para ni\u00f1os menores de 5 a\u00f1os. La cuerda podr\u00eda representar razonablemente un peligro de estrangulamiento.<\/p>\n\n\n\n<h3 class=\"wp-block-heading\">Defectos de Fabricaci\u00f3n<\/h3>\n\n\n\n<p>A veces un producto es peligroso debido a un defecto en el proceso de fabricaci\u00f3n. Los defectos en el proceso de fabricaci\u00f3n pueden afectar un producto en una l\u00ednea de montaje o un lote completo de productos. Los defectos de fabricaci\u00f3n ocurren cuando un producto ha sido dise\u00f1ado de manera segura pero es peligroso debido a la forma en que fue ensamblado o construido. Este tipo de reclamaciones de responsabilidad por productos defectuosos a menudo implican casos en los que una pieza no funciona correctamente debido al uso de material m\u00e1s barato en la l\u00ednea de montaje.<\/p>\n\n\n\n<h3 class=\"wp-block-heading\">No Advertir a Los Clientes de Posibles Riesgos<\/h3>\n\n\n\n<p>Cuando una empresa conoce o deber\u00eda haber conocido los peligros asociados con el uso adecuado de un producto, tiene la obligaci\u00f3n legal de advertir a los clientes. Cuando una empresa no advierte a los consumidores sobre los riesgos asociados con su producto o contin\u00faa comercializando un producto sin advertencias sabiendo que es peligroso, la empresa puede ser responsable de las lesiones resultantes.<\/p>\n\n\n\n<h3 class=\"wp-block-heading\">Demostraci\u00f3n de Responsabilidad en Casos de Responsabilidad Del Producto<\/h3>\n\n\n\n<p>Seg\u00fan la ley del estado de Nueva York, las v\u00edctimas de productos peligrosos tienen derecho a presentar un reclamo de responsabilidad del producto contra la parte responsable. Las v\u00edctimas pueden recuperar una compensaci\u00f3n por los da\u00f1os que han sufrido. Cuando un producto defectuoso causa la muerte de una v\u00edctima, los familiares sobrevivientes de la v\u00edctima fallecida pueden presentar un reclamo de responsabilidad del producto contra la parte responsable. Al presentar un reclamo por responsabilidad del producto, el demandante debe demostrar que la naturaleza defectuosa del producto fue causada por un error de dise\u00f1o, error de fabricaci\u00f3n y\/o una advertencia inadecuada sobre los peligros asociados con el uso del producto.<\/p>\n\n\n\n<h3 class=\"wp-block-heading\">Responsabilizar a los Dabricantes Negligentes<\/h3>\n\n\n\n<p>Dependiendo de los hechos de su caso, es posible que deba probar la teor\u00eda legal de negligencia. Los fabricantes son negligentes cuando no tienen el cuidado que tendr\u00eda un fabricante razonable al dise\u00f1ar y fabricar o advertir de los peligros asociados con el uso de su producto.<\/p>\n\n\n\n<p>Otros casos implican un incumplimiento de garant\u00eda expresa o impl\u00edcita. En estos casos, el fabricante garantizaba que su producto funcionar\u00eda de una manera espec\u00edfica. Cuando un producto no funciona de esa manera y causa lesiones al comprador o a un usuario previsible, la v\u00edctima puede responsabilizar al fabricante y a los minoristas.<\/p>\n\n\n\n<p>En otros casos de responsabilidad por productos defectuosos, las v\u00edctimas pueden responsabilizar estrictamente a los fabricantes por las lesiones causadas por su producto. Al probar la responsabilidad objetiva, el demandante no tiene que demostrar que el demandado tuvo la culpa. En cambio, deben demostrar la amenaza del producto en s\u00ed. Establecer responsabilidad estricta requiere que el demandante demuestre que el demandado vendi\u00f3 un producto en condiciones defectuosas, lo que lo hac\u00eda irrazonablemente peligroso. Finalmente, el demandante debe demostrar que el producto no hab\u00eda sido alterado cuando fue vendido al consumidor.<\/p>\n\n\n\n<h4 class=\"wp-block-heading\"><strong>Comun\u00edquese Con Un Abogado de Responsabilidad Por Productos Defectuosos Del Centro de Nueva York<\/strong><\/h4>\n\n\n\n<p>Si ha resultado gravemente herido por un producto que compr\u00f3 y utiliz\u00f3 seg\u00fan lo previsto, es posible que tenga derecho a una indemnizaci\u00f3n por da\u00f1os econ\u00f3micos y no econ\u00f3micos. Los abogados de responsabilidad de productos de CDH Law PLLC tienen un historial comprobado de responsabilizar a las empresas cuando sus productos defectuosos o dise\u00f1ados peligrosamente causan lesiones a los consumidores. <a href=\"https:\/\/lawcdh.com\/es\/contacto\/\">Comun\u00edquese con CDH Law PLLC<\/a> para programar una evaluaci\u00f3n de caso gratuita y sin compromiso y obtener m\u00e1s informaci\u00f3n sobre c\u00f3mo podemos defenderlo.<\/p>\n","protected":false},"excerpt":{"rendered":"<p>La persona promedio encuentra cientos de productos diariamente, desde alimentos hasta repuestos de veh\u00edculos. Cuando los productos de consumo peligrosos causan lesiones evitables o incluso muerte por negligencia, las v\u00edctimas pueden tener derecho a solicitar una compensaci\u00f3n a trav\u00e9s de una demanda por responsabilidad del producto. Sin embargo, obtener la compensaci\u00f3n que merece puede ser&#8230;<\/p>\n","protected":false},"author":17,"featured_media":2124,"parent":1771,"menu_order":0,"comment_status":"closed","ping_status":"closed","template":"","meta":{"_acf_changed":false,"footnotes":""},"tags":[],"class_list":["post-2123","page","type-page","status-publish","has-post-thumbnail","hentry"],"acf":[],"yoast_head":"<!-- This site is optimized with the Yoast SEO plugin v27.4 - https:\/\/yoast.com\/product\/yoast-seo-wordpress\/ -->\n<title>Abogados de Responsabilidad de Productos de Syracuse | CDH<\/title>\n<meta name=\"description\" content=\"Si ha resultado lesionado debido a un producto defectuoso, comun\u00edquese con nuestros abogados de Syracuse y el centro de Nueva York.\" \/>\n<meta name=\"robots\" content=\"index, follow, max-snippet:-1, max-image-preview:large, max-video-preview:-1\" \/>\n<link rel=\"canonical\" href=\"https:\/\/lawcdh.com\/es\/areas-de-practica\/lesiones-personales\/responsabilidad-del-producto\/\" \/>\n<meta property=\"og:locale\" content=\"es_MX\" \/>\n<meta property=\"og:type\" content=\"article\" \/>\n<meta property=\"og:title\" content=\"Abogados de Responsabilidad de Productos de Syracuse | CDH\" \/>\n<meta property=\"og:description\" content=\"Si ha resultado lesionado debido a un producto defectuoso, comun\u00edquese con nuestros abogados de Syracuse y el centro de Nueva York.\" \/>\n<meta property=\"og:url\" content=\"https:\/\/lawcdh.com\/es\/areas-de-practica\/lesiones-personales\/responsabilidad-del-producto\/\" \/>\n<meta property=\"og:site_name\" content=\"CDH Law PLLC ES\" \/>\n<meta property=\"article:modified_time\" content=\"2024-01-31T21:41:10+00:00\" \/>\n<meta property=\"og:image\" content=\"https:\/\/lawcdh.com\/es\/wp-content\/uploads\/sites\/2\/2023\/06\/product-liability-2.png\" \/>\n\t<meta property=\"og:image:width\" content=\"1200\" \/>\n\t<meta property=\"og:image:height\" content=\"675\" \/>\n\t<meta property=\"og:image:type\" content=\"image\/png\" \/>\n<meta name=\"twitter:card\" content=\"summary_large_image\" \/>\n<meta name=\"twitter:label1\" content=\"Est. reading time\" \/>\n\t<meta name=\"twitter:data1\" content=\"6 minutos\" \/>\n<script type=\"application\/ld+json\" class=\"yoast-schema-graph\">{\"@context\":\"https:\\\/\\\/schema.org\",\"@graph\":[{\"@type\":\"WebPage\",\"@id\":\"https:\\\/\\\/lawcdh.com\\\/es\\\/areas-de-practica\\\/lesiones-personales\\\/responsabilidad-del-producto\\\/\",\"url\":\"https:\\\/\\\/lawcdh.com\\\/es\\\/areas-de-practica\\\/lesiones-personales\\\/responsabilidad-del-producto\\\/\",\"name\":\"Abogados de Responsabilidad de Productos de Syracuse | CDH\",\"isPartOf\":{\"@id\":\"https:\\\/\\\/lawcdh.com\\\/es\\\/#website\"},\"primaryImageOfPage\":{\"@id\":\"https:\\\/\\\/lawcdh.com\\\/es\\\/areas-de-practica\\\/lesiones-personales\\\/responsabilidad-del-producto\\\/#primaryimage\"},\"image\":{\"@id\":\"https:\\\/\\\/lawcdh.com\\\/es\\\/areas-de-practica\\\/lesiones-personales\\\/responsabilidad-del-producto\\\/#primaryimage\"},\"thumbnailUrl\":\"https:\\\/\\\/lawcdh.com\\\/es\\\/wp-content\\\/uploads\\\/sites\\\/2\\\/2023\\\/06\\\/product-liability-2.png\",\"datePublished\":\"2023-06-05T15:00:00+00:00\",\"dateModified\":\"2024-01-31T21:41:10+00:00\",\"description\":\"Si ha resultado lesionado debido a un producto defectuoso, comun\u00edquese con nuestros abogados de Syracuse y el centro de Nueva York.\",\"breadcrumb\":{\"@id\":\"https:\\\/\\\/lawcdh.com\\\/es\\\/areas-de-practica\\\/lesiones-personales\\\/responsabilidad-del-producto\\\/#breadcrumb\"},\"inLanguage\":\"es\",\"potentialAction\":[{\"@type\":\"ReadAction\",\"target\":[\"https:\\\/\\\/lawcdh.com\\\/es\\\/areas-de-practica\\\/lesiones-personales\\\/responsabilidad-del-producto\\\/\"]}]},{\"@type\":\"ImageObject\",\"inLanguage\":\"es\",\"@id\":\"https:\\\/\\\/lawcdh.com\\\/es\\\/areas-de-practica\\\/lesiones-personales\\\/responsabilidad-del-producto\\\/#primaryimage\",\"url\":\"https:\\\/\\\/lawcdh.com\\\/es\\\/wp-content\\\/uploads\\\/sites\\\/2\\\/2023\\\/06\\\/product-liability-2.png\",\"contentUrl\":\"https:\\\/\\\/lawcdh.com\\\/es\\\/wp-content\\\/uploads\\\/sites\\\/2\\\/2023\\\/06\\\/product-liability-2.png\",\"width\":\"1200\",\"height\":\"675\",\"caption\":\"Gavel and mallet by a shopping cart to represent product liability\"},{\"@type\":\"BreadcrumbList\",\"@id\":\"https:\\\/\\\/lawcdh.com\\\/es\\\/areas-de-practica\\\/lesiones-personales\\\/responsabilidad-del-producto\\\/#breadcrumb\",\"itemListElement\":[{\"@type\":\"ListItem\",\"position\":1,\"name\":\"Home\",\"item\":\"https:\\\/\\\/lawcdh.com\\\/es\\\/\"},{\"@type\":\"ListItem\",\"position\":2,\"name\":\"\u00c1reas de Pr\u00e1ctica\",\"item\":\"https:\\\/\\\/lawcdh.com\\\/es\\\/areas-de-practica\\\/\"},{\"@type\":\"ListItem\",\"position\":3,\"name\":\"Lesiones Personales\",\"item\":\"https:\\\/\\\/lawcdh.com\\\/es\\\/areas-de-practica\\\/lesiones-personales\\\/\"},{\"@type\":\"ListItem\",\"position\":4,\"name\":\"Responsabilidad del Producto\"}]},{\"@type\":\"WebSite\",\"@id\":\"https:\\\/\\\/lawcdh.com\\\/es\\\/#website\",\"url\":\"https:\\\/\\\/lawcdh.com\\\/es\\\/\",\"name\":\"CDH Law PLLC ES\",\"description\":\"\",\"potentialAction\":[{\"@type\":\"SearchAction\",\"target\":{\"@type\":\"EntryPoint\",\"urlTemplate\":\"https:\\\/\\\/lawcdh.com\\\/es\\\/?s={search_term_string}\"},\"query-input\":{\"@type\":\"PropertyValueSpecification\",\"valueRequired\":true,\"valueName\":\"search_term_string\"}}],\"inLanguage\":\"es\"}]}<\/script>\n<!-- \/ Yoast SEO plugin. -->","yoast_head_json":{"title":"Abogados de Responsabilidad de Productos de Syracuse | CDH","description":"Si ha resultado lesionado debido a un producto defectuoso, comun\u00edquese con nuestros abogados de Syracuse y el centro de Nueva York.","robots":{"index":"index","follow":"follow","max-snippet":"max-snippet:-1","max-image-preview":"max-image-preview:large","max-video-preview":"max-video-preview:-1"},"canonical":"https:\/\/lawcdh.com\/es\/areas-de-practica\/lesiones-personales\/responsabilidad-del-producto\/","og_locale":"es_MX","og_type":"article","og_title":"Abogados de Responsabilidad de Productos de Syracuse | CDH","og_description":"Si ha resultado lesionado debido a un producto defectuoso, comun\u00edquese con nuestros abogados de Syracuse y el centro de Nueva York.","og_url":"https:\/\/lawcdh.com\/es\/areas-de-practica\/lesiones-personales\/responsabilidad-del-producto\/","og_site_name":"CDH Law PLLC ES","article_modified_time":"2024-01-31T21:41:10+00:00","og_image":[{"width":1200,"height":675,"url":"https:\/\/lawcdh.com\/es\/wp-content\/uploads\/sites\/2\/2023\/06\/product-liability-2.png","type":"image\/png"}],"twitter_card":"summary_large_image","twitter_misc":{"Est. reading time":"6 minutos"},"schema":{"@context":"https:\/\/schema.org","@graph":[{"@type":"WebPage","@id":"https:\/\/lawcdh.com\/es\/areas-de-practica\/lesiones-personales\/responsabilidad-del-producto\/","url":"https:\/\/lawcdh.com\/es\/areas-de-practica\/lesiones-personales\/responsabilidad-del-producto\/","name":"Abogados de Responsabilidad de Productos de Syracuse | CDH","isPartOf":{"@id":"https:\/\/lawcdh.com\/es\/#website"},"primaryImageOfPage":{"@id":"https:\/\/lawcdh.com\/es\/areas-de-practica\/lesiones-personales\/responsabilidad-del-producto\/#primaryimage"},"image":{"@id":"https:\/\/lawcdh.com\/es\/areas-de-practica\/lesiones-personales\/responsabilidad-del-producto\/#primaryimage"},"thumbnailUrl":"https:\/\/lawcdh.com\/es\/wp-content\/uploads\/sites\/2\/2023\/06\/product-liability-2.png","datePublished":"2023-06-05T15:00:00+00:00","dateModified":"2024-01-31T21:41:10+00:00","description":"Si ha resultado lesionado debido a un producto defectuoso, comun\u00edquese con nuestros abogados de Syracuse y el centro de Nueva York.","breadcrumb":{"@id":"https:\/\/lawcdh.com\/es\/areas-de-practica\/lesiones-personales\/responsabilidad-del-producto\/#breadcrumb"},"inLanguage":"es","potentialAction":[{"@type":"ReadAction","target":["https:\/\/lawcdh.com\/es\/areas-de-practica\/lesiones-personales\/responsabilidad-del-producto\/"]}]},{"@type":"ImageObject","inLanguage":"es","@id":"https:\/\/lawcdh.com\/es\/areas-de-practica\/lesiones-personales\/responsabilidad-del-producto\/#primaryimage","url":"https:\/\/lawcdh.com\/es\/wp-content\/uploads\/sites\/2\/2023\/06\/product-liability-2.png","contentUrl":"https:\/\/lawcdh.com\/es\/wp-content\/uploads\/sites\/2\/2023\/06\/product-liability-2.png","width":"1200","height":"675","caption":"Gavel and mallet by a shopping cart to represent product liability"},{"@type":"BreadcrumbList","@id":"https:\/\/lawcdh.com\/es\/areas-de-practica\/lesiones-personales\/responsabilidad-del-producto\/#breadcrumb","itemListElement":[{"@type":"ListItem","position":1,"name":"Home","item":"https:\/\/lawcdh.com\/es\/"},{"@type":"ListItem","position":2,"name":"\u00c1reas de Pr\u00e1ctica","item":"https:\/\/lawcdh.com\/es\/areas-de-practica\/"},{"@type":"ListItem","position":3,"name":"Lesiones Personales","item":"https:\/\/lawcdh.com\/es\/areas-de-practica\/lesiones-personales\/"},{"@type":"ListItem","position":4,"name":"Responsabilidad del Producto"}]},{"@type":"WebSite","@id":"https:\/\/lawcdh.com\/es\/#website","url":"https:\/\/lawcdh.com\/es\/","name":"CDH Law PLLC ES","description":"","potentialAction":[{"@type":"SearchAction","target":{"@type":"EntryPoint","urlTemplate":"https:\/\/lawcdh.com\/es\/?s={search_term_string}"},"query-input":{"@type":"PropertyValueSpecification","valueRequired":true,"valueName":"search_term_string"}}],"inLanguage":"es"}]}},"_links":{"self":[{"href":"https:\/\/lawcdh.com\/es\/wp-json\/wp\/v2\/pages\/2123","targetHints":{"allow":["GET"]}}],"collection":[{"href":"https:\/\/lawcdh.com\/es\/wp-json\/wp\/v2\/pages"}],"about":[{"href":"https:\/\/lawcdh.com\/es\/wp-json\/wp\/v2\/types\/page"}],"author":[{"embeddable":true,"href":"https:\/\/lawcdh.com\/es\/wp-json\/wp\/v2\/users\/17"}],"replies":[{"embeddable":true,"href":"https:\/\/lawcdh.com\/es\/wp-json\/wp\/v2\/comments?post=2123"}],"version-history":[{"count":0,"href":"https:\/\/lawcdh.com\/es\/wp-json\/wp\/v2\/pages\/2123\/revisions"}],"up":[{"embeddable":true,"href":"https:\/\/lawcdh.com\/es\/wp-json\/wp\/v2\/pages\/1771"}],"wp:featuredmedia":[{"embeddable":true,"href":"https:\/\/lawcdh.com\/es\/wp-json\/wp\/v2\/media\/2124"}],"wp:attachment":[{"href":"https:\/\/lawcdh.com\/es\/wp-json\/wp\/v2\/media?parent=2123"}],"wp:term":[{"taxonomy":"post_tag","embeddable":true,"href":"https:\/\/lawcdh.com\/es\/wp-json\/wp\/v2\/tags?post=2123"}],"curies":[{"name":"wp","href":"https:\/\/api.w.org\/{rel}","templated":true}]}}