{"id":2137,"date":"2023-07-13T14:42:37","date_gmt":"2023-07-13T14:42:37","guid":{"rendered":"https:\/\/lawcdh.com\/?page_id=2137"},"modified":"2024-06-13T15:09:28","modified_gmt":"2024-06-13T15:09:28","slug":"responsabilidad-de-las-instalaciones","status":"publish","type":"page","link":"https:\/\/lawcdh.com\/es\/areas-de-practica\/lesiones-personales\/responsabilidad-de-las-instalaciones\/","title":{"rendered":"Responsabilidad de Las Instalaciones"},"content":{"rendered":"\n<p>Los propietarios de terrenos son legalmente responsables de mantener sus propiedades razonablemente libres de peligros que puedan da\u00f1ar a hu\u00e9spedes y clientes. Cuando los propietarios incumplen sus deberes de cuidado, las v\u00edctimas lesionadas pueden tener derecho a presentar una demanda por responsabilidad de las instalaciones para obtener una compensaci\u00f3n. Muchos accidentes de responsabilidad de locales causan lesiones, incluidos accidentes por resbalones y ca\u00eddas, accidentes de escaleras y ca\u00edda de objetos.<\/p>\n\n\n\n<p>Si usted o su ser querido han resultado lesionados en un accidente de responsabilidad de locales, los abogados de responsabilidad de locales de CDH Law PLLC est\u00e1n aqu\u00ed para ayudarlo. Nuestros abogados tienen experiencia significativa en la obtenci\u00f3n de compensaci\u00f3n para v\u00edctimas de <a href=\"https:\/\/lawcdh.com\/es\/areas-de-practica\/lesiones-personales\/\">lesiones personales<\/a> en Syracuse y sus alrededores. Ofrecemos a los clientes potenciales una evaluaci\u00f3n de caso gratuita y sin compromiso. Comun\u00edquese con CDH Law PLLC para obtener m\u00e1s informaci\u00f3n sobre sus derechos y opciones legales.<\/p>\n\n\n\n<h2 class=\"wp-block-heading\" id=\"tipos-de-casos-de-responsabilidad-de-locales-de-syracuse-que-manejamos\">Tipos de Casos de Responsabilidad de Locales de Syracuse Que Manejamos<\/h2>\n\n\n\n<p>Los casos de responsabilidad de locales pueden ocurrir en cualquier lugar, desde una tienda minorista hasta las escaleras heladas de un vecino. Los abogados de <a href=\"\/\">CDH Law PLLC<\/a> tienen un historial comprobado de recuperaci\u00f3n de compensaciones significativas en una amplia gama de casos de responsabilidad de locales. Nuestros abogados con experiencia en lesiones personales han representado a clientes que han resultado lesionados en todos los siguientes tipos de accidentes:<\/p>\n\n\n\n<ul class=\"wp-block-list\">\n<li>Accidentes por resbalones y ca\u00eddas<\/li>\n\n\n\n<li>Seguridad negligente<\/li>\n\n\n\n<li>Accidentes por tropiezos y ca\u00eddas<\/li>\n\n\n\n<li>Accidentes de ascensores y escaleras mec\u00e1nicas<\/li>\n\n\n\n<li>Accidentes de incendio<\/li>\n\n\n\n<li>Seguridad negligente del hotel<\/li>\n\n\n\n<li>Seguridad negligente en el complejo de apartamentos<\/li>\n\n\n\n<li>Accidentes en la guarder\u00eda o la escuela.<\/li>\n\n\n\n<li>Casos relacionados con pintura con plomo<\/li>\n\n\n\n<li>Accidentes por resbalones y ca\u00eddas causados por nieve y hielo<\/li>\n\n\n\n<li>Accidentes en obras de construcci\u00f3n<\/li>\n\n\n\n<li><a href=\"https:\/\/lawcdh.com\/es\/areas-de-practica\/lesiones-personales\/accidentes-de-construccion\/\">Accidentes en piscinas<\/a><\/li>\n\n\n\n<li>Accidentes en parques de atracciones<\/li>\n\n\n\n<li>Lesiones por mordedura de perro<\/li>\n<\/ul>\n\n\n\n<h3 class=\"wp-block-heading\">\u00bfQu\u00e9 ES la Responsabilidad de Las Instalaciones?<\/h3>\n\n\n\n<p>La responsabilidad de las instalaciones es un tipo espec\u00edfico de ley de lesiones personales que busca responsabilizar financieramente a los propietarios por las lesiones causadas por su negligencia en su propiedad. Seg\u00fan la ley de Nueva York, los propietarios tienen el deber legal de mantener sus propiedades razonablemente seguras para los visitantes, invitados y clientes. Los propietarios tambi\u00e9n tienen el deber de advertir sobre cualquier peligro conocido en su propiedad. Las v\u00edctimas pueden obtener una compensaci\u00f3n por los da\u00f1os causados por sus lesiones cuando pueden probar todos los elementos de un caso de responsabilidad de locales.<\/p>\n\n\n\n<p>Al solicitar una compensaci\u00f3n, el demandante debe demostrar que el propietario le deb\u00eda el deber de diligencia para mantener la propiedad razonablemente segura. Si tiene permiso expreso o impl\u00edcito para estar en la propiedad, el propietario tiene el deber de cuidar de mantener la propiedad razonablemente segura. Por ejemplo, si lleg\u00f3 a la propiedad como cliente o invitado o porque estaba abierta al p\u00fablico, el propietario le deb\u00eda el deber de diligencia.<\/p>\n\n\n\n<p>Generalmente, una persona debe estar legalmente en la propiedad para responsabilizar a un propietario negligente por un accidente. Por esta raz\u00f3n, es dif\u00edcil para los intrusos obtener una compensaci\u00f3n en casos de responsabilidad de locales. Si tiene preguntas sobre si tiene un reclamo v\u00e1lido, discutir su caso con un abogado experimentado puede ayudarlo a comprender si tiene un reclamo.<\/p>\n\n\n\n<h2 class=\"wp-block-heading\" id=\"demostracion-de-negligencia-en-una-demanda-por-responsabilidad-de-locales\">Demostraci\u00f3n de Negligencia en Una Demanda Por Responsabilidad de Locales<\/h2>\n\n\n\n<p>El demandante tambi\u00e9n debe demostrar que el due\u00f1o de la propiedad actu\u00f3 de manera negligente o imprudente. Los due\u00f1os de negocios deben cumplir con est\u00e1ndares m\u00e1s altos porque sus clientes son considerados invitados que est\u00e1n all\u00ed para beneficiar el negocio.<\/p>\n\n\n\n<p>Cuando los propietarios no inspeccionan peri\u00f3dicamente sus instalaciones en busca de condiciones peligrosas, no reparan peligros conocidos o advierten a otros sobre peligros que no pueden solucionarse de inmediato, incumplen su deber de diligencia y act\u00faan con negligencia. Los tribunales de Nueva York han dictaminado que los propietarios deben actuar de manera razonable y mantener su propiedad de forma segura. La probabilidad de lesiones a los visitantes puede influir en este deber, los costos de remediar los riesgos en la propiedad y la identidad de los visitantes e invitados potenciales.<\/p>\n\n\n\n<p>Adem\u00e1s de demostrar que el propietario actu\u00f3 con negligencia, el demandante tambi\u00e9n debe probar la causalidad. El demandante debe probar que las acciones u omisiones del due\u00f1o de la propiedad causaron el accidente que result\u00f3 en sus lesiones. Finalmente, el demandante debe probar que sufri\u00f3 una lesi\u00f3n o da\u00f1o, llamado da\u00f1os y perjuicios, por el accidente en la propiedad del propietario.<\/p>\n\n\n\n<h3 class=\"wp-block-heading\">\u00bfQui\u00e9n ES Responsable de Mis Lesiones?<\/h3>\n\n\n\n<p>Si result\u00f3 lesionado en la propiedad de otra persona, es importante que se comunique con un abogado lo antes posible. Un abogado puede ayudarle a reunir pruebas importantes que demuestren que el accidente fue culpa del propietario. La evidencia tiende a desaparecer r\u00e1pidamente en los accidentes de responsabilidad de locales. Por ejemplo, si se resbala y cae en un charco en el supermercado, un empleado puede limpiar r\u00e1pidamente el charco. Cuando sea posible, intente tomar fotograf\u00edas o videos de las condiciones peligrosas que causaron su accidente. Otros tipos de evidencia que pueden probar que el due\u00f1o de la propiedad incumpli\u00f3 su deber de diligencia hacia usted incluyen los siguientes:<\/p>\n\n\n\n<ul class=\"wp-block-list\">\n<li>Informes de accidentes elaborados por la empresa.<\/li>\n\n\n\n<li>Reporte policial<\/li>\n\n\n\n<li>Registros de mantenimiento<\/li>\n\n\n\n<li>El testimonio de un testigo visual<\/li>\n\n\n\n<li>Informes policiales de actividad criminal en o cerca de la propiedad.<\/li>\n\n\n\n<li>Evidencia de violaciones de seguridad.<\/li>\n\n\n\n<li>Im\u00e1genes de v\u00eddeo de seguridad<\/li>\n<\/ul>\n\n\n\n<p>La evidencia que recopile su abogado lo ayudar\u00e1 a determinar qu\u00e9 parte o partes tienen la culpa del accidente que caus\u00f3 sus lesiones. Dependiendo de las circunstancias \u00fanicas de su caso, una o m\u00e1s de las siguientes partes pueden ser responsables:<\/p>\n\n\n\n<ul class=\"wp-block-list\">\n<li>Propietarios de propiedades privadas<\/li>\n\n\n\n<li>Due\u00f1os de negocios<\/li>\n\n\n\n<li>Terceros que contratan con el due\u00f1o del inmueble<\/li>\n\n\n\n<li>Entidades gubernamentales responsables del mantenimiento de la propiedad.<\/li>\n\n\n\n<li>Empresas de transporte responsables del mantenimiento de las estaciones de metro, aceras y m\u00e1s<\/li>\n<\/ul>\n\n\n\n<h3 class=\"wp-block-heading\">Compensaci\u00f3n Disponible en Una Demanda Por Responsabilidad de Locales<\/h3>\n\n\n\n<p>Los accidentes de responsabilidad de locales pueden causar lesiones devastadoras a largo plazo. Por ejemplo, cuando un adulto mayor se resbala y cae debido a la negligencia del due\u00f1o de una propiedad, podr\u00eda sufrir una fractura de cadera. Recuperarse de una fractura de cadera puede llevar meses y muchas personas mayores nunca recuperan completamente su movilidad. Los accidentes con lesiones personales graves pueden costar millones de d\u00f3lares en gastos m\u00e9dicos y de cuidados. Presentar una demanda por responsabilidad de locales puede ayudar a las v\u00edctimas de lesiones brind\u00e1ndoles una compensaci\u00f3n por sus da\u00f1os econ\u00f3micos y no econ\u00f3micos, tales como:<\/p>\n\n\n\n<ul class=\"wp-block-list\">\n<li>Gastos m\u00e9dicos<\/li>\n\n\n\n<li>Gastos gastos m\u00e9dicos y de cuidados futuros<\/li>\n\n\n\n<li>Salarios perdidos<\/li>\n\n\n\n<li>P\u00e9rdida de capacidad de generar ingresos<\/li>\n\n\n\n<li>Gastos de fisioterapia y terapia ocupacional.<\/li>\n\n\n\n<li>Da\u00f1o a la propiedad<\/li>\n\n\n\n<li>Dolor y sufrimiento<\/li>\n\n\n\n<li>P\u00e9rdida del disfrute de la vida.<\/li>\n\n\n\n<li>Estr\u00e9s emocional<\/li>\n\n\n\n<li>Da\u00f1os por muerte por negligencia<\/li>\n<\/ul>\n\n\n\n<h4 class=\"wp-block-heading\"><strong>P\u00f3ngase en Contacto Con Un Abogado de Responsabilidad de Locales en Syracuse<\/strong><\/h4>\n\n\n\n<p>Los casos de responsabilidad de locales pueden ser complejos y es fundamental que trabaje con un abogado con experiencia. En CDH Law PLLC, nuestros abogados tienen amplia experiencia representando a clientes en diversos casos de responsabilidad de locales. Si ha resultado lesionado debido a la negligencia del propietario, no dude en <a href=\"https:\/\/lawcdh.com\/es\/contacto\/\">comunicarse con CDH Law PLLC<\/a> y programar una consulta gratuita.<\/p>\n\n\n\n<p><strong><em>Carden Dotzler Hammond, PLLC representa a clientes en el centro de Nueva York, Syracuse, el condado de Monroe, el condado de Jefferson, el condado de Oswego, el condado de Ontario y el condado de Onondaga, incluidos los pueblos y aldeas de Camillus, Cicero, Clay, Dewitt, Elbridge, Geddes, Manlius, Marcellus, Onondaga, Salina, Skaneateles, Baldwinsville, East Syracuse, Fayetteville, Liverpool, North Syracuse y Solvay.<\/em><\/strong><\/p>\n","protected":false},"excerpt":{"rendered":"<p>Los propietarios de terrenos son legalmente responsables de mantener sus propiedades razonablemente libres de peligros que puedan da\u00f1ar a hu\u00e9spedes y clientes. Cuando los propietarios incumplen sus deberes de cuidado, las v\u00edctimas lesionadas pueden tener derecho a presentar una demanda por responsabilidad de las instalaciones para obtener una compensaci\u00f3n. Muchos accidentes de responsabilidad de locales&#8230;<\/p>\n","protected":false},"author":17,"featured_media":2138,"parent":1771,"menu_order":0,"comment_status":"closed","ping_status":"closed","template":"","meta":{"_acf_changed":true,"footnotes":""},"tags":[],"class_list":["post-2137","page","type-page","status-publish","has-post-thumbnail","hentry"],"acf":[],"yoast_head":"<!-- This site is optimized with the Yoast SEO plugin v27.4 - https:\/\/yoast.com\/product\/yoast-seo-wordpress\/ -->\n<title>Abogados de Responsabilidad de Las Instalaciones de Syracuse - CDH Law PLLC ES<\/title>\n<meta name=\"description\" content=\"Si ha resultado lesionado debido a la negligencia de otra persona, comun\u00edquese con nuestros abogados de CDH para programar una consulta.\" \/>\n<meta name=\"robots\" content=\"index, follow, max-snippet:-1, max-image-preview:large, max-video-preview:-1\" \/>\n<link rel=\"canonical\" href=\"https:\/\/lawcdh.com\/es\/areas-de-practica\/lesiones-personales\/responsabilidad-de-las-instalaciones\/\" \/>\n<meta property=\"og:locale\" content=\"es_MX\" \/>\n<meta property=\"og:type\" content=\"article\" \/>\n<meta property=\"og:title\" content=\"Abogados de Responsabilidad de Las Instalaciones de Syracuse - CDH Law PLLC ES\" \/>\n<meta property=\"og:description\" content=\"Si ha resultado lesionado debido a la negligencia de otra persona, comun\u00edquese con nuestros abogados de CDH para programar una consulta.\" \/>\n<meta property=\"og:url\" content=\"https:\/\/lawcdh.com\/es\/areas-de-practica\/lesiones-personales\/responsabilidad-de-las-instalaciones\/\" \/>\n<meta property=\"og:site_name\" content=\"CDH Law PLLC ES\" \/>\n<meta property=\"article:modified_time\" content=\"2024-06-13T15:09:28+00:00\" \/>\n<meta property=\"og:image\" content=\"https:\/\/lawcdh.com\/es\/wp-content\/uploads\/sites\/2\/2023\/07\/wet-floor-premises-liability-3-e1718291250873.png\" \/>\n\t<meta property=\"og:image:width\" content=\"1200\" \/>\n\t<meta property=\"og:image:height\" content=\"494\" \/>\n\t<meta property=\"og:image:type\" content=\"image\/png\" \/>\n<meta name=\"twitter:card\" content=\"summary_large_image\" \/>\n<meta name=\"twitter:label1\" content=\"Est. reading time\" \/>\n\t<meta name=\"twitter:data1\" content=\"6 minutos\" \/>\n<script type=\"application\/ld+json\" class=\"yoast-schema-graph\">{\"@context\":\"https:\\\/\\\/schema.org\",\"@graph\":[{\"@type\":\"WebPage\",\"@id\":\"https:\\\/\\\/lawcdh.com\\\/es\\\/areas-de-practica\\\/lesiones-personales\\\/responsabilidad-de-las-instalaciones\\\/\",\"url\":\"https:\\\/\\\/lawcdh.com\\\/es\\\/areas-de-practica\\\/lesiones-personales\\\/responsabilidad-de-las-instalaciones\\\/\",\"name\":\"Abogados de Responsabilidad de Las Instalaciones de Syracuse - CDH Law PLLC ES\",\"isPartOf\":{\"@id\":\"https:\\\/\\\/lawcdh.com\\\/es\\\/#website\"},\"primaryImageOfPage\":{\"@id\":\"https:\\\/\\\/lawcdh.com\\\/es\\\/areas-de-practica\\\/lesiones-personales\\\/responsabilidad-de-las-instalaciones\\\/#primaryimage\"},\"image\":{\"@id\":\"https:\\\/\\\/lawcdh.com\\\/es\\\/areas-de-practica\\\/lesiones-personales\\\/responsabilidad-de-las-instalaciones\\\/#primaryimage\"},\"thumbnailUrl\":\"https:\\\/\\\/lawcdh.com\\\/es\\\/wp-content\\\/uploads\\\/sites\\\/2\\\/2023\\\/07\\\/wet-floor-premises-liability-3-e1718291250873.png\",\"datePublished\":\"2023-07-13T14:42:37+00:00\",\"dateModified\":\"2024-06-13T15:09:28+00:00\",\"description\":\"Si ha resultado lesionado debido a la negligencia de otra persona, comun\u00edquese con nuestros abogados de CDH para programar una consulta.\",\"breadcrumb\":{\"@id\":\"https:\\\/\\\/lawcdh.com\\\/es\\\/areas-de-practica\\\/lesiones-personales\\\/responsabilidad-de-las-instalaciones\\\/#breadcrumb\"},\"inLanguage\":\"es\",\"potentialAction\":[{\"@type\":\"ReadAction\",\"target\":[\"https:\\\/\\\/lawcdh.com\\\/es\\\/areas-de-practica\\\/lesiones-personales\\\/responsabilidad-de-las-instalaciones\\\/\"]}]},{\"@type\":\"ImageObject\",\"inLanguage\":\"es\",\"@id\":\"https:\\\/\\\/lawcdh.com\\\/es\\\/areas-de-practica\\\/lesiones-personales\\\/responsabilidad-de-las-instalaciones\\\/#primaryimage\",\"url\":\"https:\\\/\\\/lawcdh.com\\\/es\\\/wp-content\\\/uploads\\\/sites\\\/2\\\/2023\\\/07\\\/wet-floor-premises-liability-3-e1718291250873.png\",\"contentUrl\":\"https:\\\/\\\/lawcdh.com\\\/es\\\/wp-content\\\/uploads\\\/sites\\\/2\\\/2023\\\/07\\\/wet-floor-premises-liability-3-e1718291250873.png\",\"width\":1200,\"height\":494,\"caption\":\"Signo de piso mojado dentro de un edificio de oficinas\"},{\"@type\":\"BreadcrumbList\",\"@id\":\"https:\\\/\\\/lawcdh.com\\\/es\\\/areas-de-practica\\\/lesiones-personales\\\/responsabilidad-de-las-instalaciones\\\/#breadcrumb\",\"itemListElement\":[{\"@type\":\"ListItem\",\"position\":1,\"name\":\"Home\",\"item\":\"https:\\\/\\\/lawcdh.com\\\/es\\\/\"},{\"@type\":\"ListItem\",\"position\":2,\"name\":\"\u00c1reas de Pr\u00e1ctica\",\"item\":\"https:\\\/\\\/lawcdh.com\\\/es\\\/areas-de-practica\\\/\"},{\"@type\":\"ListItem\",\"position\":3,\"name\":\"Lesiones Personales\",\"item\":\"https:\\\/\\\/lawcdh.com\\\/es\\\/areas-de-practica\\\/lesiones-personales\\\/\"},{\"@type\":\"ListItem\",\"position\":4,\"name\":\"Responsabilidad de Las Instalaciones\"}]},{\"@type\":\"WebSite\",\"@id\":\"https:\\\/\\\/lawcdh.com\\\/es\\\/#website\",\"url\":\"https:\\\/\\\/lawcdh.com\\\/es\\\/\",\"name\":\"CDH Law PLLC ES\",\"description\":\"\",\"potentialAction\":[{\"@type\":\"SearchAction\",\"target\":{\"@type\":\"EntryPoint\",\"urlTemplate\":\"https:\\\/\\\/lawcdh.com\\\/es\\\/?s={search_term_string}\"},\"query-input\":{\"@type\":\"PropertyValueSpecification\",\"valueRequired\":true,\"valueName\":\"search_term_string\"}}],\"inLanguage\":\"es\"}]}<\/script>\n<!-- \/ Yoast SEO plugin. -->","yoast_head_json":{"title":"Abogados de Responsabilidad de Las Instalaciones de Syracuse - CDH Law PLLC ES","description":"Si ha resultado lesionado debido a la negligencia de otra persona, comun\u00edquese con nuestros abogados de CDH para programar una consulta.","robots":{"index":"index","follow":"follow","max-snippet":"max-snippet:-1","max-image-preview":"max-image-preview:large","max-video-preview":"max-video-preview:-1"},"canonical":"https:\/\/lawcdh.com\/es\/areas-de-practica\/lesiones-personales\/responsabilidad-de-las-instalaciones\/","og_locale":"es_MX","og_type":"article","og_title":"Abogados de Responsabilidad de Las Instalaciones de Syracuse - CDH Law PLLC ES","og_description":"Si ha resultado lesionado debido a la negligencia de otra persona, comun\u00edquese con nuestros abogados de CDH para programar una consulta.","og_url":"https:\/\/lawcdh.com\/es\/areas-de-practica\/lesiones-personales\/responsabilidad-de-las-instalaciones\/","og_site_name":"CDH Law PLLC ES","article_modified_time":"2024-06-13T15:09:28+00:00","og_image":[{"width":1200,"height":494,"url":"https:\/\/lawcdh.com\/es\/wp-content\/uploads\/sites\/2\/2023\/07\/wet-floor-premises-liability-3-e1718291250873.png","type":"image\/png"}],"twitter_card":"summary_large_image","twitter_misc":{"Est. reading time":"6 minutos"},"schema":{"@context":"https:\/\/schema.org","@graph":[{"@type":"WebPage","@id":"https:\/\/lawcdh.com\/es\/areas-de-practica\/lesiones-personales\/responsabilidad-de-las-instalaciones\/","url":"https:\/\/lawcdh.com\/es\/areas-de-practica\/lesiones-personales\/responsabilidad-de-las-instalaciones\/","name":"Abogados de Responsabilidad de Las Instalaciones de Syracuse - CDH Law PLLC ES","isPartOf":{"@id":"https:\/\/lawcdh.com\/es\/#website"},"primaryImageOfPage":{"@id":"https:\/\/lawcdh.com\/es\/areas-de-practica\/lesiones-personales\/responsabilidad-de-las-instalaciones\/#primaryimage"},"image":{"@id":"https:\/\/lawcdh.com\/es\/areas-de-practica\/lesiones-personales\/responsabilidad-de-las-instalaciones\/#primaryimage"},"thumbnailUrl":"https:\/\/lawcdh.com\/es\/wp-content\/uploads\/sites\/2\/2023\/07\/wet-floor-premises-liability-3-e1718291250873.png","datePublished":"2023-07-13T14:42:37+00:00","dateModified":"2024-06-13T15:09:28+00:00","description":"Si ha resultado lesionado debido a la negligencia de otra persona, comun\u00edquese con nuestros abogados de CDH para programar una consulta.","breadcrumb":{"@id":"https:\/\/lawcdh.com\/es\/areas-de-practica\/lesiones-personales\/responsabilidad-de-las-instalaciones\/#breadcrumb"},"inLanguage":"es","potentialAction":[{"@type":"ReadAction","target":["https:\/\/lawcdh.com\/es\/areas-de-practica\/lesiones-personales\/responsabilidad-de-las-instalaciones\/"]}]},{"@type":"ImageObject","inLanguage":"es","@id":"https:\/\/lawcdh.com\/es\/areas-de-practica\/lesiones-personales\/responsabilidad-de-las-instalaciones\/#primaryimage","url":"https:\/\/lawcdh.com\/es\/wp-content\/uploads\/sites\/2\/2023\/07\/wet-floor-premises-liability-3-e1718291250873.png","contentUrl":"https:\/\/lawcdh.com\/es\/wp-content\/uploads\/sites\/2\/2023\/07\/wet-floor-premises-liability-3-e1718291250873.png","width":1200,"height":494,"caption":"Signo de piso mojado dentro de un edificio de oficinas"},{"@type":"BreadcrumbList","@id":"https:\/\/lawcdh.com\/es\/areas-de-practica\/lesiones-personales\/responsabilidad-de-las-instalaciones\/#breadcrumb","itemListElement":[{"@type":"ListItem","position":1,"name":"Home","item":"https:\/\/lawcdh.com\/es\/"},{"@type":"ListItem","position":2,"name":"\u00c1reas de Pr\u00e1ctica","item":"https:\/\/lawcdh.com\/es\/areas-de-practica\/"},{"@type":"ListItem","position":3,"name":"Lesiones Personales","item":"https:\/\/lawcdh.com\/es\/areas-de-practica\/lesiones-personales\/"},{"@type":"ListItem","position":4,"name":"Responsabilidad de Las Instalaciones"}]},{"@type":"WebSite","@id":"https:\/\/lawcdh.com\/es\/#website","url":"https:\/\/lawcdh.com\/es\/","name":"CDH Law PLLC ES","description":"","potentialAction":[{"@type":"SearchAction","target":{"@type":"EntryPoint","urlTemplate":"https:\/\/lawcdh.com\/es\/?s={search_term_string}"},"query-input":{"@type":"PropertyValueSpecification","valueRequired":true,"valueName":"search_term_string"}}],"inLanguage":"es"}]}},"_links":{"self":[{"href":"https:\/\/lawcdh.com\/es\/wp-json\/wp\/v2\/pages\/2137","targetHints":{"allow":["GET"]}}],"collection":[{"href":"https:\/\/lawcdh.com\/es\/wp-json\/wp\/v2\/pages"}],"about":[{"href":"https:\/\/lawcdh.com\/es\/wp-json\/wp\/v2\/types\/page"}],"author":[{"embeddable":true,"href":"https:\/\/lawcdh.com\/es\/wp-json\/wp\/v2\/users\/17"}],"replies":[{"embeddable":true,"href":"https:\/\/lawcdh.com\/es\/wp-json\/wp\/v2\/comments?post=2137"}],"version-history":[{"count":0,"href":"https:\/\/lawcdh.com\/es\/wp-json\/wp\/v2\/pages\/2137\/revisions"}],"up":[{"embeddable":true,"href":"https:\/\/lawcdh.com\/es\/wp-json\/wp\/v2\/pages\/1771"}],"wp:featuredmedia":[{"embeddable":true,"href":"https:\/\/lawcdh.com\/es\/wp-json\/wp\/v2\/media\/2138"}],"wp:attachment":[{"href":"https:\/\/lawcdh.com\/es\/wp-json\/wp\/v2\/media?parent=2137"}],"wp:term":[{"taxonomy":"post_tag","embeddable":true,"href":"https:\/\/lawcdh.com\/es\/wp-json\/wp\/v2\/tags?post=2137"}],"curies":[{"name":"wp","href":"https:\/\/api.w.org\/{rel}","templated":true}]}}