{"id":2251,"date":"2023-10-02T17:16:53","date_gmt":"2023-10-02T17:16:53","guid":{"rendered":"https:\/\/lawcdh.com\/?page_id=2251"},"modified":"2024-01-31T18:28:57","modified_gmt":"2024-01-31T18:28:57","slug":"accidente-de-electrocucion","status":"publish","type":"page","link":"https:\/\/lawcdh.com\/es\/areas-de-practica\/lesiones-personales\/accidentes-de-construccion\/accidente-de-electrocucion\/","title":{"rendered":"Accidente de Electrocuci\u00f3n"},"content":{"rendered":"\n<p>Los accidentes por electrocuci\u00f3n pueden ocurrir en el hogar o en el lugar de trabajo y provocar lesiones catastr\u00f3ficas o la muerte. Cuando una persona ha sufrido lesiones por electrocuci\u00f3n debido a la negligencia de otra parte, puede tener derecho a solicitar una compensaci\u00f3n a trav\u00e9s de una demanda por lesiones personales.<\/p>\n\n\n\n<p>Si usted o su ser querido han sufrido una lesi\u00f3n por electrocuci\u00f3n debido a la negligencia de otra parte, incluso la negligencia de su empleador, merece ser compensado por sus da\u00f1os. Es posible que tenga derecho a una indemnizaci\u00f3n por sus gastos m\u00e9dicos pasados y futuros, p\u00e9rdida de ingresos, p\u00e9rdida de capacidad de ingresos futura, dolor y sufrimiento y otros da\u00f1os. Los abogados de lesiones personales de Syracuse de <a href=\"\/es\/\">CDH Law PLLC<\/a> est\u00e1n preparados para defenderlo a usted y sus derechos.<\/p>\n\n\n\n<h2 class=\"wp-block-heading\" id=\"ocupaciones-con-mayor-riesgo-de-electrocucion\">Ocupaciones Con Mayor Riesgo de Electrocuci\u00f3n<\/h2>\n\n\n\n<p>Los trabajadores de casi cualquier ocupaci\u00f3n podr\u00edan resultar lesionados debido a un accidente de electrocuci\u00f3n. Un trabajador en un complejo de oficinas podr\u00eda entrar en contacto con un cable expuesto peligroso y sufrir lesiones por descarga el\u00e9ctrica. Los trabajadores de una escuela podr\u00edan resultar heridos en un incendio provocado por un cableado el\u00e9ctrico defectuoso. Sin embargo, algunos trabajos plantean un mayor nivel de riesgo para los trabajadores relacionado con la electrocuci\u00f3n. Las ocupaciones con mayor riesgo de lesiones el\u00e9ctricas incluyen las siguientes:<\/p>\n\n\n\n<ul class=\"wp-block-list\">\n<li>Equipos de remodelaci\u00f3n<\/li>\n\n\n\n<li>Trabajadores de la <a href=\"https:\/\/lawcdh.com\/es\/areas-de-practica\/lesiones-personales\/accidentes-de-construccion\/\">construcci\u00f3n<\/a><\/li>\n\n\n\n<li>Carpinteros<\/li>\n\n\n\n<li>T\u00e9cnicos en reparaci\u00f3n e instalaci\u00f3n de l\u00edneas el\u00e9ctricas.<\/li>\n\n\n\n<li>Podadores de \u00e1rboles<\/li>\n\n\n\n<li>Instaladores o reparadores de l\u00edneas de telecomunicaciones<\/li>\n\n\n\n<li>Profesionales del mantenimiento del terreno y el paisajismo.<\/li>\n\n\n\n<li>Conductores de veh\u00edculos de motor <a href=\"https:\/\/lawcdh.com\/es\/areas-de-practica\/lesiones-personales\/accidentes-de-camiones\/accidente-de-vehiculo-comercial\/\">comerciales<\/a><\/li>\n\n\n\n<li>Mudanzas<\/li>\n\n\n\n<li>Trabajadores de mantenimiento de instalaciones<\/li>\n\n\n\n<li>Trabajadores agr\u00edcolas y agricultores<\/li>\n\n\n\n<li>T\u00e9cnicos en m\u00e1quinas industriales o comerciales.<\/li>\n\n\n\n<li>Trabajadores de mantenimiento de instalaciones<\/li>\n\n\n\n<li>Trabajadores de reparaci\u00f3n o instalaci\u00f3n de HVAC<\/li>\n\n\n\n<li>electricistas<\/li>\n\n\n\n<li>Instaladores o reparadores de techos.<\/li>\n<\/ul>\n\n\n\n<h3 class=\"wp-block-heading\">Accidentes El\u00e9ctricos Causados Por Cableado Viejo O Defectuoso<\/h3>\n\n\n\n<p>Seg\u00fan la Comisi\u00f3n de Seguridad de Productos de Consumo (CPSC), aproximadamente 40.000 <a href=\"https:\/\/www.cpsc.gov\/Newsroom\/News-Releases\/1996\/CPSC-Launches-Program-to-Prevent-Home-Electrical-Wiring-System-Fires\" target=\"_blank\" rel=\"noreferrer noopener\">incendios<\/a> en viviendas residenciales son causados por accidentes residenciales cada a\u00f1o. Durante los \u00faltimos diez a\u00f1os, los sistemas de cableado el\u00e9ctrico defectuosos han sido una de las principales causas de muerte por incendios.<\/p>\n\n\n\n<p>Es posible que las casas y complejos de apartamentos m\u00e1s antiguos no cumplan con los c\u00f3digos de seguridad actuales, lo que pone a los residentes en riesgo de sufrir incendios el\u00e9ctricos. Las quemaduras el\u00e9ctricas pueden ser dif\u00edciles de tratar y extremadamente dolorosas y debilitantes. El cableado deficiente en casas y complejos de apartamentos m\u00e1s nuevos puede provocar incendios y descargas el\u00e9ctricas.<\/p>\n\n\n\n<p>Adem\u00e1s, la falta de dispositivos preventivos, como interruptores de circuito de falla a tierra, puede provocar incendios el\u00e9ctricos. Los interruptores de circuito monitorean y cortan la corriente el\u00e9ctrica si el flujo fluct\u00faa. La falta de enchufes de tres clavijas, enchufes polarizados, conectores sueltos y cables el\u00e9ctricos que pasan debajo de las alfombras pueden provocar incendios el\u00e9ctricos.<\/p>\n\n\n\n<h3 class=\"wp-block-heading\">Accidentes Por Descarga El\u00e9ctrica<\/h3>\n\n\n\n<p>Los accidentes por descarga el\u00e9ctrica ocurren cuando un dedo, brazo o mano se coloca sobre una corriente el\u00e9ctrica. El cuerpo de una persona conducir\u00e1 electricidad porque est\u00e1 compuesto principalmente de agua. La descarga el\u00e9ctrica cuando el cuerpo entra en contacto con una corriente el\u00e9ctrica puede provocar lesiones leves, moderadas o graves.<\/p>\n\n\n\n<p>Una descarga el\u00e9ctrica leve provoca una ligera sensaci\u00f3n de hormigueo. Una descarga el\u00e9ctrica moderada puede hacer que los m\u00fasculos de una persona se contraigan y puede resultarle dif\u00edcil alejarse de la corriente el\u00e9ctrica. Una descarga el\u00e9ctrica grave puede provocar insuficiencia respiratoria o card\u00edaca o da\u00f1os a \u00f3rganos internos.<\/p>\n\n\n\n<h3 class=\"wp-block-heading\">Quemaduras El\u00e9ctricas Causadas Por Electrocuci\u00f3n<\/h3>\n\n\n\n<p>Cuando una descarga el\u00e9ctrica grave provoca quemaduras en los tejidos de una persona, esta puede sufrir quemaduras leves, moderadas o graves. Las quemaduras el\u00e9ctricas provocadas por electrocuci\u00f3n pueden ser internas o externas. Las quemaduras el\u00e9ctricas internas ocurren cuando la corriente el\u00e9ctrica atraviesa el hueso de una persona y quema el tejido profundo.<\/p>\n\n\n\n<h3 class=\"wp-block-heading\">Incendios El\u00e9ctricos<\/h3>\n\n\n\n<p>Muchas lesiones por quemaduras residenciales y laborales son causadas por incendios el\u00e9ctricos. Un incendio el\u00e9ctrico ocurre cuando una corriente el\u00e9ctrica enciende materiales inflamables. Los incendios el\u00e9ctricos son extremadamente peligrosos. Las personas pueden intentar apagar un incendio el\u00e9ctrico roci\u00e1ndolo con agua, lo que podr\u00eda exponer a una persona a un mayor riesgo de descarga el\u00e9ctrica.<\/p>\n\n\n\n<h3 class=\"wp-block-heading\">Lesiones Por Quemaduras Causadas Por Accidentes de Electrocuci\u00f3n<\/h3>\n\n\n\n<p>A medida que la tecnolog\u00eda sigue evolucionando, cada vez m\u00e1s hogares cuentan con equipos el\u00e9ctricos en sus hogares y lugares de trabajo. Como resultado, la incidencia de quemaduras el\u00e9ctricas sigue aumentando. Los trabajadores de determinadas profesiones, como la construcci\u00f3n, el servicio de cables y la reparaci\u00f3n el\u00e9ctrica, exponen a los trabajadores a un mayor riesgo de sufrir lesiones por quemaduras el\u00e9ctricas. Las lesiones por quemaduras el\u00e9ctricas van desde quemaduras de primer grado hasta quemaduras m\u00e1s graves de tercer grado.<\/p>\n\n\n\n<h3 class=\"wp-block-heading\">Lesiones Por Ca\u00eddas Por Electrocuci\u00f3n<\/h3>\n\n\n\n<p>Las lesiones por <a href=\"https:\/\/lawcdh.com\/es\/areas-de-practica\/lesiones-personales\/accidentes-de-construccion\/accidente-por-caida-de-objetos\/\">ca\u00eddas<\/a> el\u00e9ctricas generalmente ocurren en los lugares de trabajo cuando un trabajador est\u00e1 trabajando en una l\u00ednea el\u00e9ctrica o cerca de ella. Este tipo de lesiones pueden hacer que el trabajador se caiga de la l\u00ednea el\u00e9ctrica, provocando lesiones catastr\u00f3ficas o devastadoras. Los sobrevivientes de ca\u00eddas pueden enfrentar par\u00e1lisis debido a lesiones de la m\u00e9dula espinal, lesiones cerebrales traum\u00e1ticas, fracturas \u00f3seas m\u00faltiples y otras afecciones graves.<\/p>\n\n\n\n<p>Cuando se ha producido una ca\u00edda debido a una electrocuci\u00f3n, el trabajador puede tener un reclamo v\u00e1lido de indemnizaci\u00f3n contra su empleador. Si el trabajador puede demostrar que la negligencia del empleador caus\u00f3 el accidente de electrocuci\u00f3n, puede tener derecho a una compensaci\u00f3n.<\/p>\n\n\n\n<h2 class=\"wp-block-heading\" id=\"responsabilizar-a-los-empleadores-por-accidentes-de-electrocucion-en-el-lugar-de-trabajo\">Responsabilizar a Los Empleadores Por Accidentes de Electrocuci\u00f3n en El Lugar de Trabajo<\/h2>\n\n\n\n<p>Los empleadores son legalmente responsables de garantizar que los empleados tengan un entorno seguro en el que trabajar diariamente. Cuando un empleador descuida estas responsabilidades o se comporta de manera imprudente, puede poner la vida de los trabajadores en riesgo de electrocuci\u00f3n en el lugar de trabajo. Espec\u00edficamente, cuando los empleadores no toman las siguientes medidas de seguridad, los empleadores pueden obtener una compensaci\u00f3n de ellos a trav\u00e9s de una demanda:<\/p>\n\n\n\n<ul class=\"wp-block-list\">\n<li>Repare o elimine cables, l\u00edneas, bater\u00edas y enchufes expuestos rotos<\/li>\n\n\n\n<li>Aseg\u00farese de que los trabajadores sepan c\u00f3mo utilizar correctamente los equipos de alto voltaje.<\/li>\n\n\n\n<li>Contratar a un profesional para inspeccionar la calidad y seguridad del equipo de forma rutinaria.<\/li>\n\n\n\n<li>Reportar inmediatamente cualquier electrocuci\u00f3n en el lugar de trabajo a las autoridades de la propiedad.<\/li>\n\n\n\n<li>Reparar o retirar electrodom\u00e9sticos que funcionan mal del lugar de trabajo.<\/li>\n\n\n\n<li>Discutir las medidas preventivas con los empleados.<\/li>\n\n\n\n<li>Discutir los pasos a seguir si un trabajador se electrocuta<\/li>\n<\/ul>\n\n\n\n<h3 class=\"wp-block-heading\">Beneficios de Compensaci\u00f3n Para Trabajadores Por Lesiones Por Electrocuci\u00f3n<\/h3>\n\n\n\n<p>Si ha resultado lesionado debido a una electrocuci\u00f3n en su lugar de trabajo, probablemente tendr\u00e1 derecho a beneficios de compensaci\u00f3n laboral por sus gastos m\u00e9dicos y tiempo libre en el trabajo. Sin embargo, aceptar los beneficios de compensaci\u00f3n laboral le prohibir\u00e1 presentar una demanda por lesiones personales contra su empleador. Una demanda por lesiones personales podr\u00eda permitirle recuperar una compensaci\u00f3n adicional por sus lesiones de la que puede recuperar a trav\u00e9s de los beneficios de compensaci\u00f3n laboral. Antes de aceptar los beneficios de compensaci\u00f3n laboral, es fundamental que se comunique con un abogado con experiencia para analizar sus opciones.<\/p>\n\n\n\n<h4 class=\"wp-block-heading\"><strong>P\u00f3ngase en Contacto Con Un Abogado de Electrocuci\u00f3n en Siracusa<\/strong><\/h4>\n\n\n\n<p>Los abogados de CDH Law PLLC comprenden lo devastadoras que pueden ser las lesiones por electrocuci\u00f3n. Si result\u00f3 herido en un accidente por electrocuci\u00f3n o su ser querido muri\u00f3 en un accidente evitable, es fundamental que se comunique con un abogado. No dude en <a href=\"https:\/\/lawcdh.com\/es\/contacto\/\">comunicarse<\/a> con CDH Law PLLC para programar una evaluaci\u00f3n gratuita de su caso.<\/p>\n","protected":false},"excerpt":{"rendered":"<p>Los accidentes por electrocuci\u00f3n pueden ocurrir en el hogar o en el lugar de trabajo y provocar lesiones catastr\u00f3ficas o la muerte. Cuando una persona ha sufrido lesiones por electrocuci\u00f3n debido a la negligencia de otra parte, puede tener derecho a solicitar una compensaci\u00f3n a trav\u00e9s de una demanda por lesiones personales. Si usted o&#8230;<\/p>\n","protected":false},"author":17,"featured_media":2252,"parent":1796,"menu_order":0,"comment_status":"closed","ping_status":"closed","template":"","meta":{"_acf_changed":false,"footnotes":""},"tags":[],"class_list":["post-2251","page","type-page","status-publish","has-post-thumbnail","hentry"],"acf":[],"yoast_head":"<!-- This site is optimized with the Yoast SEO plugin v27.5 - https:\/\/yoast.com\/product\/yoast-seo-wordpress\/ -->\n<title>Syracuse &amp; Central NY Accidente de Electrocuci\u00f3n Lawyers - CDH Law PLLC ES<\/title>\n<meta name=\"description\" content=\"If you\u2019ve been injured due to electrocution at your job site, contact our construction accident attorneys in Syracuse\/Central NY today.\" \/>\n<meta name=\"robots\" content=\"index, follow, max-snippet:-1, max-image-preview:large, max-video-preview:-1\" \/>\n<link rel=\"canonical\" href=\"https:\/\/lawcdh.com\/es\/areas-de-practica\/lesiones-personales\/accidentes-de-construccion\/accidente-de-electrocucion\/\" \/>\n<meta property=\"og:locale\" content=\"es_MX\" \/>\n<meta property=\"og:type\" content=\"article\" \/>\n<meta property=\"og:title\" content=\"Syracuse &amp; Central NY Accidente de Electrocuci\u00f3n Lawyers - CDH Law PLLC ES\" \/>\n<meta property=\"og:description\" content=\"If you\u2019ve been injured due to electrocution at your job site, contact our construction accident attorneys in Syracuse\/Central NY today.\" \/>\n<meta property=\"og:url\" content=\"https:\/\/lawcdh.com\/es\/areas-de-practica\/lesiones-personales\/accidentes-de-construccion\/accidente-de-electrocucion\/\" \/>\n<meta property=\"og:site_name\" content=\"CDH Law PLLC ES\" \/>\n<meta property=\"article:modified_time\" content=\"2024-01-31T18:28:57+00:00\" \/>\n<meta property=\"og:image\" content=\"https:\/\/lawcdh.com\/es\/wp-content\/uploads\/sites\/2\/2023\/10\/electrocution-accident-2.jpg\" \/>\n\t<meta property=\"og:image:width\" content=\"730\" \/>\n\t<meta property=\"og:image:height\" content=\"300\" \/>\n\t<meta property=\"og:image:type\" content=\"image\/jpeg\" \/>\n<meta name=\"twitter:card\" content=\"summary_large_image\" \/>\n<meta name=\"twitter:label1\" content=\"Est. reading time\" \/>\n\t<meta name=\"twitter:data1\" content=\"6 minutos\" \/>\n<script type=\"application\/ld+json\" class=\"yoast-schema-graph\">{\"@context\":\"https:\\\/\\\/schema.org\",\"@graph\":[{\"@type\":\"WebPage\",\"@id\":\"https:\\\/\\\/lawcdh.com\\\/es\\\/areas-de-practica\\\/lesiones-personales\\\/accidentes-de-construccion\\\/accidente-de-electrocucion\\\/\",\"url\":\"https:\\\/\\\/lawcdh.com\\\/es\\\/areas-de-practica\\\/lesiones-personales\\\/accidentes-de-construccion\\\/accidente-de-electrocucion\\\/\",\"name\":\"Syracuse & Central NY Accidente de Electrocuci\u00f3n Lawyers - CDH Law PLLC ES\",\"isPartOf\":{\"@id\":\"https:\\\/\\\/lawcdh.com\\\/es\\\/#website\"},\"primaryImageOfPage\":{\"@id\":\"https:\\\/\\\/lawcdh.com\\\/es\\\/areas-de-practica\\\/lesiones-personales\\\/accidentes-de-construccion\\\/accidente-de-electrocucion\\\/#primaryimage\"},\"image\":{\"@id\":\"https:\\\/\\\/lawcdh.com\\\/es\\\/areas-de-practica\\\/lesiones-personales\\\/accidentes-de-construccion\\\/accidente-de-electrocucion\\\/#primaryimage\"},\"thumbnailUrl\":\"https:\\\/\\\/lawcdh.com\\\/es\\\/wp-content\\\/uploads\\\/sites\\\/2\\\/2023\\\/10\\\/electrocution-accident-2.jpg\",\"datePublished\":\"2023-10-02T17:16:53+00:00\",\"dateModified\":\"2024-01-31T18:28:57+00:00\",\"description\":\"If you\u2019ve been injured due to electrocution at your job site, contact our construction accident attorneys in Syracuse\\\/Central NY today.\",\"breadcrumb\":{\"@id\":\"https:\\\/\\\/lawcdh.com\\\/es\\\/areas-de-practica\\\/lesiones-personales\\\/accidentes-de-construccion\\\/accidente-de-electrocucion\\\/#breadcrumb\"},\"inLanguage\":\"es\",\"potentialAction\":[{\"@type\":\"ReadAction\",\"target\":[\"https:\\\/\\\/lawcdh.com\\\/es\\\/areas-de-practica\\\/lesiones-personales\\\/accidentes-de-construccion\\\/accidente-de-electrocucion\\\/\"]}]},{\"@type\":\"ImageObject\",\"inLanguage\":\"es\",\"@id\":\"https:\\\/\\\/lawcdh.com\\\/es\\\/areas-de-practica\\\/lesiones-personales\\\/accidentes-de-construccion\\\/accidente-de-electrocucion\\\/#primaryimage\",\"url\":\"https:\\\/\\\/lawcdh.com\\\/es\\\/wp-content\\\/uploads\\\/sites\\\/2\\\/2023\\\/10\\\/electrocution-accident-2.jpg\",\"contentUrl\":\"https:\\\/\\\/lawcdh.com\\\/es\\\/wp-content\\\/uploads\\\/sites\\\/2\\\/2023\\\/10\\\/electrocution-accident-2.jpg\",\"width\":730,\"height\":300,\"caption\":\"Construction worker working with wires\"},{\"@type\":\"BreadcrumbList\",\"@id\":\"https:\\\/\\\/lawcdh.com\\\/es\\\/areas-de-practica\\\/lesiones-personales\\\/accidentes-de-construccion\\\/accidente-de-electrocucion\\\/#breadcrumb\",\"itemListElement\":[{\"@type\":\"ListItem\",\"position\":1,\"name\":\"Home\",\"item\":\"https:\\\/\\\/lawcdh.com\\\/es\\\/\"},{\"@type\":\"ListItem\",\"position\":2,\"name\":\"\u00c1reas de Pr\u00e1ctica\",\"item\":\"https:\\\/\\\/lawcdh.com\\\/es\\\/areas-de-practica\\\/\"},{\"@type\":\"ListItem\",\"position\":3,\"name\":\"Lesiones Personales\",\"item\":\"https:\\\/\\\/lawcdh.com\\\/es\\\/areas-de-practica\\\/lesiones-personales\\\/\"},{\"@type\":\"ListItem\",\"position\":4,\"name\":\"Accidentes de Construccion\",\"item\":\"https:\\\/\\\/lawcdh.com\\\/es\\\/areas-de-practica\\\/lesiones-personales\\\/accidentes-de-construccion\\\/\"},{\"@type\":\"ListItem\",\"position\":5,\"name\":\"Accidente de Electrocuci\u00f3n\"}]},{\"@type\":\"WebSite\",\"@id\":\"https:\\\/\\\/lawcdh.com\\\/es\\\/#website\",\"url\":\"https:\\\/\\\/lawcdh.com\\\/es\\\/\",\"name\":\"CDH Law PLLC ES\",\"description\":\"\",\"potentialAction\":[{\"@type\":\"SearchAction\",\"target\":{\"@type\":\"EntryPoint\",\"urlTemplate\":\"https:\\\/\\\/lawcdh.com\\\/es\\\/?s={search_term_string}\"},\"query-input\":{\"@type\":\"PropertyValueSpecification\",\"valueRequired\":true,\"valueName\":\"search_term_string\"}}],\"inLanguage\":\"es\"}]}<\/script>\n<!-- \/ Yoast SEO plugin. -->","yoast_head_json":{"title":"Syracuse & Central NY Accidente de Electrocuci\u00f3n Lawyers - CDH Law PLLC ES","description":"If you\u2019ve been injured due to electrocution at your job site, contact our construction accident attorneys in Syracuse\/Central NY today.","robots":{"index":"index","follow":"follow","max-snippet":"max-snippet:-1","max-image-preview":"max-image-preview:large","max-video-preview":"max-video-preview:-1"},"canonical":"https:\/\/lawcdh.com\/es\/areas-de-practica\/lesiones-personales\/accidentes-de-construccion\/accidente-de-electrocucion\/","og_locale":"es_MX","og_type":"article","og_title":"Syracuse & Central NY Accidente de Electrocuci\u00f3n Lawyers - CDH Law PLLC ES","og_description":"If you\u2019ve been injured due to electrocution at your job site, contact our construction accident attorneys in Syracuse\/Central NY today.","og_url":"https:\/\/lawcdh.com\/es\/areas-de-practica\/lesiones-personales\/accidentes-de-construccion\/accidente-de-electrocucion\/","og_site_name":"CDH Law PLLC ES","article_modified_time":"2024-01-31T18:28:57+00:00","og_image":[{"width":730,"height":300,"url":"https:\/\/lawcdh.com\/es\/wp-content\/uploads\/sites\/2\/2023\/10\/electrocution-accident-2.jpg","type":"image\/jpeg"}],"twitter_card":"summary_large_image","twitter_misc":{"Est. reading time":"6 minutos"},"schema":{"@context":"https:\/\/schema.org","@graph":[{"@type":"WebPage","@id":"https:\/\/lawcdh.com\/es\/areas-de-practica\/lesiones-personales\/accidentes-de-construccion\/accidente-de-electrocucion\/","url":"https:\/\/lawcdh.com\/es\/areas-de-practica\/lesiones-personales\/accidentes-de-construccion\/accidente-de-electrocucion\/","name":"Syracuse & Central NY Accidente de Electrocuci\u00f3n Lawyers - CDH Law PLLC ES","isPartOf":{"@id":"https:\/\/lawcdh.com\/es\/#website"},"primaryImageOfPage":{"@id":"https:\/\/lawcdh.com\/es\/areas-de-practica\/lesiones-personales\/accidentes-de-construccion\/accidente-de-electrocucion\/#primaryimage"},"image":{"@id":"https:\/\/lawcdh.com\/es\/areas-de-practica\/lesiones-personales\/accidentes-de-construccion\/accidente-de-electrocucion\/#primaryimage"},"thumbnailUrl":"https:\/\/lawcdh.com\/es\/wp-content\/uploads\/sites\/2\/2023\/10\/electrocution-accident-2.jpg","datePublished":"2023-10-02T17:16:53+00:00","dateModified":"2024-01-31T18:28:57+00:00","description":"If you\u2019ve been injured due to electrocution at your job site, contact our construction accident attorneys in Syracuse\/Central NY today.","breadcrumb":{"@id":"https:\/\/lawcdh.com\/es\/areas-de-practica\/lesiones-personales\/accidentes-de-construccion\/accidente-de-electrocucion\/#breadcrumb"},"inLanguage":"es","potentialAction":[{"@type":"ReadAction","target":["https:\/\/lawcdh.com\/es\/areas-de-practica\/lesiones-personales\/accidentes-de-construccion\/accidente-de-electrocucion\/"]}]},{"@type":"ImageObject","inLanguage":"es","@id":"https:\/\/lawcdh.com\/es\/areas-de-practica\/lesiones-personales\/accidentes-de-construccion\/accidente-de-electrocucion\/#primaryimage","url":"https:\/\/lawcdh.com\/es\/wp-content\/uploads\/sites\/2\/2023\/10\/electrocution-accident-2.jpg","contentUrl":"https:\/\/lawcdh.com\/es\/wp-content\/uploads\/sites\/2\/2023\/10\/electrocution-accident-2.jpg","width":730,"height":300,"caption":"Construction worker working with wires"},{"@type":"BreadcrumbList","@id":"https:\/\/lawcdh.com\/es\/areas-de-practica\/lesiones-personales\/accidentes-de-construccion\/accidente-de-electrocucion\/#breadcrumb","itemListElement":[{"@type":"ListItem","position":1,"name":"Home","item":"https:\/\/lawcdh.com\/es\/"},{"@type":"ListItem","position":2,"name":"\u00c1reas de Pr\u00e1ctica","item":"https:\/\/lawcdh.com\/es\/areas-de-practica\/"},{"@type":"ListItem","position":3,"name":"Lesiones Personales","item":"https:\/\/lawcdh.com\/es\/areas-de-practica\/lesiones-personales\/"},{"@type":"ListItem","position":4,"name":"Accidentes de Construccion","item":"https:\/\/lawcdh.com\/es\/areas-de-practica\/lesiones-personales\/accidentes-de-construccion\/"},{"@type":"ListItem","position":5,"name":"Accidente de Electrocuci\u00f3n"}]},{"@type":"WebSite","@id":"https:\/\/lawcdh.com\/es\/#website","url":"https:\/\/lawcdh.com\/es\/","name":"CDH Law PLLC ES","description":"","potentialAction":[{"@type":"SearchAction","target":{"@type":"EntryPoint","urlTemplate":"https:\/\/lawcdh.com\/es\/?s={search_term_string}"},"query-input":{"@type":"PropertyValueSpecification","valueRequired":true,"valueName":"search_term_string"}}],"inLanguage":"es"}]}},"_links":{"self":[{"href":"https:\/\/lawcdh.com\/es\/wp-json\/wp\/v2\/pages\/2251","targetHints":{"allow":["GET"]}}],"collection":[{"href":"https:\/\/lawcdh.com\/es\/wp-json\/wp\/v2\/pages"}],"about":[{"href":"https:\/\/lawcdh.com\/es\/wp-json\/wp\/v2\/types\/page"}],"author":[{"embeddable":true,"href":"https:\/\/lawcdh.com\/es\/wp-json\/wp\/v2\/users\/17"}],"replies":[{"embeddable":true,"href":"https:\/\/lawcdh.com\/es\/wp-json\/wp\/v2\/comments?post=2251"}],"version-history":[{"count":0,"href":"https:\/\/lawcdh.com\/es\/wp-json\/wp\/v2\/pages\/2251\/revisions"}],"up":[{"embeddable":true,"href":"https:\/\/lawcdh.com\/es\/wp-json\/wp\/v2\/pages\/1796"}],"wp:featuredmedia":[{"embeddable":true,"href":"https:\/\/lawcdh.com\/es\/wp-json\/wp\/v2\/media\/2252"}],"wp:attachment":[{"href":"https:\/\/lawcdh.com\/es\/wp-json\/wp\/v2\/media?parent=2251"}],"wp:term":[{"taxonomy":"post_tag","embeddable":true,"href":"https:\/\/lawcdh.com\/es\/wp-json\/wp\/v2\/tags?post=2251"}],"curies":[{"name":"wp","href":"https:\/\/api.w.org\/{rel}","templated":true}]}}