{"id":2928,"date":"2024-04-04T17:09:54","date_gmt":"2024-04-04T17:09:54","guid":{"rendered":"https:\/\/lawcdh.com\/es\/?page_id=2928"},"modified":"2024-04-04T17:09:55","modified_gmt":"2024-04-04T17:09:55","slug":"lesiones-por-amputacion","status":"publish","type":"page","link":"https:\/\/lawcdh.com\/es\/areas-de-practica\/lesiones-personales\/lesiones-por-amputacion\/","title":{"rendered":"Lesiones por Amputaci\u00f3n"},"content":{"rendered":"\n<p>\u00bfEst\u00e1s lidiando con las secuelas de una lesi\u00f3n por amputaci\u00f3n y te preguntas cu\u00e1les deben ser tus pr\u00f3ximos pasos? Un abogado de lesiones en Syracuse de CDH Law, PLLC puede proporcionar el apoyo y la orientaci\u00f3n que necesitas durante este dif\u00edcil momento. Nuestro equipo sabe c\u00f3mo manejar casos como el tuyo, y estamos listos para luchar por la indemnizaci\u00f3n que te mereces.<\/p>\n\n\n\n<p>No pases por esto solo. Cont\u00e1ctanos hoy para una consulta inicial, y hablemos de c\u00f3mo podemos ayudarte a seguir adelante.<\/p>\n\n\n\n<h2 class=\"wp-block-heading\" id=\"tipos-de-amputaciones\"><a><\/a>Tipos de Amputaciones<\/h2>\n\n\n\n<p>Una amputaci\u00f3n es la p\u00e9rdida o extirpaci\u00f3n de una parte del cuerpo, casi siempre una extremidad o parte de ella. Las amputaciones pueden ser consecuencia de diversos incidentes y otros factores, como accidentes, afecciones m\u00e9dicas y necesidades quir\u00fargicas. Los principales tipos de amputaciones son los siguientes:<\/p>\n\n\n\n<p><em>Amputaciones por Traumatismo<\/em><\/p>\n\n\n\n<p>Este tipo de amputaci\u00f3n se produce repentinamente durante un accidente o lesi\u00f3n. Por ejemplo, una persona puede perder un dedo o una mano en un accidente laboral con maquinaria o perder un brazo o una pierna en un accidente vehicular grave. Las amputaciones traum\u00e1ticas suelen producirse sin previo aviso, dejando a los pacientes con lesiones inmediatas que les cambian la vida. El tratamiento m\u00e9dico de urgencia es esencial para la supervivencia del amputado y para preservar la posibilidad de reimplantar el miembro amputado, aunque la reimplantaci\u00f3n no siempre es posible.<\/p>\n\n\n\n<p><em>Amputaciones Quir\u00fargicas<\/em><\/p>\n\n\n\n<p>A veces los m\u00e9dicos tienen que extirpar una extremidad o parte de ella para salvar la vida de una persona o mejorar su salud general. Esto puede ocurrir si una persona tiene una infecci\u00f3n grave que podr\u00eda extenderse al resto del cuerpo o una extremidad gravemente da\u00f1ada sin posibilidad de curaci\u00f3n. Las amputaciones quir\u00fargicas, en ciertas ocasiones, tambi\u00e9n son necesarias para los pacientes diab\u00e9ticos que tienen una mala circulaci\u00f3n que imposibilita la curaci\u00f3n de una parte del cuerpo. La amputaci\u00f3n quir\u00fargica implica una cuidadosa planificaci\u00f3n y precisi\u00f3n. Si los cirujanos u otros profesionales m\u00e9dicos no realizan las amputaciones quir\u00fargicas correctamente, pueden ser responsables de negligencia.<\/p>\n\n\n\n<p><em>Amputaciones por Revisi\u00f3n<\/em><\/p>\n\n\n\n<p>A veces, una amputaci\u00f3n inicial no cicatriza como se esperaba o surgen complicaciones que hacen necesaria una nueva intervenci\u00f3n quir\u00fargica conocida como amputaci\u00f3n por revisi\u00f3n. Esto puede ocurrir si hay una infecci\u00f3n que no desaparece, un hueso que no cicatriza correctamente o un dolor intenso en el lugar de la amputaci\u00f3n original que no puede tratarse eficazmente. Durante una amputaci\u00f3n por revisi\u00f3n, los cirujanos extirpan una parte mayor de la extremidad o realizan ajustes en la extremidad restante para favorecer una mejor cicatrizaci\u00f3n, mejorar la funci\u00f3n de las pr\u00f3tesis o aliviar el dolor.<\/p>\n\n\n\n<h2 class=\"wp-block-heading\" id=\"causas-comunes-de-lesiones-por-amputacion\"><a><\/a>Causas Comunes de Lesiones por Amputaci\u00f3n<\/h2>\n\n\n\n<p>He aqu\u00ed algunos de los factores m\u00e1s comunes que contribuyen a las lesiones traum\u00e1ticas por amputaci\u00f3n o que hacen necesarias las amputaciones quir\u00fargicas:<\/p>\n\n\n\n<ul class=\"wp-block-list\">\n<li><strong>Accidentes con Traumatismos: <\/strong>Los accidentes que causan lesiones graves en las extremidades, como los producidos por accidentes de tr\u00e1nsito, percances industriales o en obras de construcci\u00f3n, o quemaduras graves, pueden provocar o hacer necesarias amputaciones. Cuando una extremidad est\u00e1 aplastada o da\u00f1ada sin posibilidad de reparaci\u00f3n, los m\u00e9dicos pueden tener que amputarla para salvar la vida de la persona o evitar mayores complicaciones de salud.<\/li>\n\n\n\n<li><strong>Infecciones: <\/strong>Las infecciones que no responden a los antibi\u00f3ticos u otros tratamientos a veces requieren una amputaci\u00f3n quir\u00fargica. Esto se debe a que ciertas infecciones pueden destruir m\u00fasculos, huesos y otros tejidos o incluso extenderse por todo el cuerpo, lo que supone un riesgo para la vida.<\/li>\n\n\n\n<li><strong>Quemaduras Graves: <\/strong>Las quemaduras pueden destruir la piel, los m\u00fasculos y los huesos, dejando las extremidades afectadas sin funci\u00f3n o con riesgo de infecci\u00f3n grave. En casos graves, la amputaci\u00f3n puede ser la \u00fanica opci\u00f3n para eliminar el tejido da\u00f1ado y favorecer la cicatrizaci\u00f3n.<\/li>\n\n\n\n<li><strong>Negligencia M\u00e9dica:<\/strong> La negligencia m\u00e9dica tambi\u00e9n puede provocar amputaciones cuando los profesionales m\u00e9dicos no proporcionan el nivel de atenci\u00f3n adecuado. Los errores quir\u00fargicos, los diagn\u00f3sticos err\u00f3neos, el tratamiento incorrecto o el retraso en el tratamiento pueden provocar complicaciones que dejen la amputaci\u00f3n como \u00fanica opci\u00f3n viable para salvar la vida del paciente o evitar un mayor deterioro de su salud.<\/li>\n<\/ul>\n\n\n\n<h2 class=\"wp-block-heading\" id=\"indemnizacion-por-lesiones-causadas-por-amputacion\"><a><\/a>Indemnizaci\u00f3n por Lesiones Causadas por Amputaci\u00f3n<\/h2>\n\n\n\n<p>Dependiendo de las circunstancias que rodearon la lesi\u00f3n por amputaci\u00f3n, podr\u00edas tener motivos para una o varias de las siguientes tipos de demandas por indemnizaci\u00f3n:<\/p>\n\n\n\n<ul class=\"wp-block-list\">\n<li><strong>Demandas por Lesiones Personales: <\/strong>Si la negligencia o el comportamiento intencionado de alguien hace que sufras una amputaci\u00f3n, podr\u00edas tener una demanda por <a href=\"https:\/\/lawcdh.com\/es\/areas-de-practica\/lesiones-personales\/\">lesiones personales<\/a> contra esa persona.<\/li>\n\n\n\n<li><strong>Demandas por Accidente Vehicular: <\/strong>Estas demandas se aplican cuando sufres una amputaci\u00f3n como consecuencia de un accidente de autom\u00f3vil, motocicleta, bicicleta o peatonal. Si la negligencia de otro conductor caus\u00f3 el accidente, podr\u00edas presentar una demanda contra el seguro de ese conductor.<\/li>\n\n\n\n<li><strong>Demandas de Indemnizaci\u00f3n Laboral: <\/strong>Si tu amputaci\u00f3n se produjo mientras trabajabas o realizabas tareas relacionadas con el trabajo, es posible que tengas derecho a recibir prestaciones por indemnizaci\u00f3n laboral.<\/li>\n\n\n\n<li><strong>Demandas de Responsabilidad por Productos Defectuosos: <\/strong>Si un producto defectuoso o peligroso provoca tu amputaci\u00f3n, podr\u00edas presentar una demanda de responsabilidad por productos defectuosos contra el fabricante, distribuidor o minorista.<\/li>\n\n\n\n<li><strong>Demanda por Responsabilidad de las Instalaciones:<\/strong> Si se produce una amputaci\u00f3n debido a condiciones inseguras en la propiedad de otra persona, como un resbal\u00f3n y ca\u00edda en un piso mojado, podr\u00edas<strong> <\/strong>tener una demanda de responsabilidad de locales contra el due\u00f1o de la propiedad.<\/li>\n\n\n\n<li><strong>Demanda por Negligencia M\u00e9dica: <\/strong>Si la negligencia o el tratamiento inadecuado de un profesional m\u00e9dico provoca una amputaci\u00f3n, podr\u00edas presentar una Demanda por negligencia m\u00e9dica.<\/li>\n<\/ul>\n\n\n\n<h2 class=\"wp-block-heading\" id=\"cuanto-cuesta-mi-indemnizacion-por-amputacion\"><a><\/a>\u00bfCu\u00e1nto Cuesta mi Indemnizaci\u00f3n por Amputaci\u00f3n?<\/h2>\n\n\n\n<p>Cuando presentas una demanda por lesiones por amputaci\u00f3n, puedes exigir una compensaci\u00f3n econ\u00f3mica por los da\u00f1os que has sufrido debido a la amputaci\u00f3n. Esto podr\u00eda incluir una indemnizaci\u00f3n por:<\/p>\n\n\n\n<ul class=\"wp-block-list\">\n<li>Gastos m\u00e9dicos del tratamiento inicial<\/li>\n\n\n\n<li>Gastos de atenci\u00f3n m\u00e9dica continuada<\/li>\n\n\n\n<li>Pr\u00f3tesis y dispositivos<\/li>\n\n\n\n<li>P\u00e9rdida de salario por baja laboral<\/li>\n\n\n\n<li>P\u00e9rdida de la capacidad para obtener ingresos en el futuro<\/li>\n\n\n\n<li>Dolor y sufrimiento<\/li>\n\n\n\n<li>P\u00e9rdida de calidad de vida<\/li>\n\n\n\n<li>Gastos de bolsillo relacionados con la lesi\u00f3n<\/li>\n<\/ul>\n\n\n\n<h2 class=\"wp-block-heading\" id=\"como-puede-ayudar-un-abogado-de-lesiones-por-amputacion\"><a><\/a>C\u00f3mo Puede Ayudar un Abogado de Lesiones por Amputaci\u00f3n<\/h2>\n\n\n\n<p>Si est\u00e1s lidiando con las secuelas de una lesi\u00f3n por amputaci\u00f3n, tener un abogado con experiencia a tu lado puede hacer una diferencia significativa en tu demanda por lesiones. Un abogado de lesiones con conocimientos en Syracuse, Nueva York, puede ayudarte a:<\/p>\n\n\n\n<ul class=\"wp-block-list\">\n<li>Investigar a fondo las circunstancias de tu lesi\u00f3n<\/li>\n\n\n\n<li>Recopilar y analizar los historiales m\u00e9dicos relacionados con la amputaci\u00f3n<\/li>\n\n\n\n<li>Consultar a expertos m\u00e9dicos para reforzar tu caso<\/li>\n\n\n\n<li>Identificar todas las posibles fuentes de indemnizaci\u00f3n<\/li>\n\n\n\n<li>Calcular el alcance total de tus p\u00e9rdidas econ\u00f3micas y emocionales<\/li>\n\n\n\n<li>Negociar con las compa\u00f1\u00edas de seguros en tu representaci\u00f3n<\/li>\n\n\n\n<li>Preparar y presentar con precisi\u00f3n todos los documentos legales necesarios<\/li>\n\n\n\n<li>Impugnar cualquier intento de infravalorar o denegar tu demanda<\/li>\n\n\n\n<li>Discutir las opciones de liquidaci\u00f3n y asesorarte sobre si aceptar o no la misma<\/li>\n\n\n\n<li>Representarte ante los tribunales si tu caso llega a juicio<\/li>\n\n\n\n<li>Garantizar la presentaci\u00f3n puntual de todas las demandas y acciones legales<\/li>\n\n\n\n<li>Protegerte de las pr\u00e1cticas desleales de la parte contraria<\/li>\n\n\n\n<li>Mantenerte informado de la evoluci\u00f3n de tu caso<\/li>\n<\/ul>\n\n\n\n<h2 class=\"wp-block-heading\" id=\"contacta-a-un-abogado-de-lesiones-en-syracuse-ahora\"><a><\/a>Contacta a un Abogado de Lesiones en Syracuse Ahora<\/h2>\n\n\n\n<p>\u00bfListo para obtener el apoyo que necesita despu\u00e9s de una lesi\u00f3n por amputaci\u00f3n? <a href=\"https:\/\/lawcdh.com\/es\/contacto\/\">Contacta<\/a> a CDH Law PLLC hoy para una consulta inicial. Nuestro equipo en Syracuse, Nueva York, est\u00e1 aqu\u00ed para escuchar tu historia, entender tus necesidades y discutir c\u00f3mo podemos ayudarte a exigir una recuperaci\u00f3n justa.<\/p>\n","protected":false},"excerpt":{"rendered":"<p>\u00bfEst\u00e1s lidiando con las secuelas de una lesi\u00f3n por amputaci\u00f3n y te preguntas cu\u00e1les deben ser tus pr\u00f3ximos pasos? Un abogado de lesiones en Syracuse de CDH Law, PLLC puede proporcionar el apoyo y la orientaci\u00f3n que necesitas durante este dif\u00edcil momento. Nuestro equipo sabe c\u00f3mo manejar casos como el tuyo, y estamos listos para&#8230;<\/p>\n","protected":false},"author":21,"featured_media":2929,"parent":1771,"menu_order":0,"comment_status":"closed","ping_status":"closed","template":"","meta":{"_acf_changed":false,"footnotes":""},"tags":[],"class_list":["post-2928","page","type-page","status-publish","has-post-thumbnail","hentry"],"acf":[],"yoast_head":"<!-- This site is optimized with the Yoast SEO plugin v27.4 - https:\/\/yoast.com\/product\/yoast-seo-wordpress\/ -->\n<title>Lesiones por Amputaci\u00f3n - CDH Law PLLC ES<\/title>\n<meta name=\"robots\" content=\"index, follow, max-snippet:-1, max-image-preview:large, max-video-preview:-1\" \/>\n<link rel=\"canonical\" href=\"https:\/\/lawcdh.com\/es\/areas-de-practica\/lesiones-personales\/lesiones-por-amputacion\/\" \/>\n<meta property=\"og:locale\" content=\"es_MX\" \/>\n<meta property=\"og:type\" content=\"article\" \/>\n<meta property=\"og:title\" content=\"Lesiones por Amputaci\u00f3n - CDH Law PLLC ES\" \/>\n<meta property=\"og:description\" content=\"\u00bfEst\u00e1s lidiando con las secuelas de una lesi\u00f3n por amputaci\u00f3n y te preguntas cu\u00e1les deben ser tus pr\u00f3ximos pasos? Un abogado de lesiones en Syracuse de CDH Law, PLLC puede proporcionar el apoyo y la orientaci\u00f3n que necesitas durante este dif\u00edcil momento. Nuestro equipo sabe c\u00f3mo manejar casos como el tuyo, y estamos listos para...\" \/>\n<meta property=\"og:url\" content=\"https:\/\/lawcdh.com\/es\/areas-de-practica\/lesiones-personales\/lesiones-por-amputacion\/\" \/>\n<meta property=\"og:site_name\" content=\"CDH Law PLLC ES\" \/>\n<meta property=\"article:modified_time\" content=\"2024-04-04T17:09:55+00:00\" \/>\n<meta property=\"og:image\" content=\"https:\/\/lawcdh.com\/es\/wp-content\/uploads\/sites\/2\/2024\/04\/iStock-1498970326.jpg\" \/>\n\t<meta property=\"og:image:width\" content=\"724\" \/>\n\t<meta property=\"og:image:height\" content=\"483\" \/>\n\t<meta property=\"og:image:type\" content=\"image\/jpeg\" \/>\n<meta name=\"twitter:card\" content=\"summary_large_image\" \/>\n<meta name=\"twitter:label1\" content=\"Est. reading time\" \/>\n\t<meta name=\"twitter:data1\" content=\"6 minutos\" \/>\n<script type=\"application\/ld+json\" class=\"yoast-schema-graph\">{\"@context\":\"https:\\\/\\\/schema.org\",\"@graph\":[{\"@type\":\"WebPage\",\"@id\":\"https:\\\/\\\/lawcdh.com\\\/es\\\/areas-de-practica\\\/lesiones-personales\\\/lesiones-por-amputacion\\\/\",\"url\":\"https:\\\/\\\/lawcdh.com\\\/es\\\/areas-de-practica\\\/lesiones-personales\\\/lesiones-por-amputacion\\\/\",\"name\":\"Lesiones por Amputaci\u00f3n - CDH Law PLLC ES\",\"isPartOf\":{\"@id\":\"https:\\\/\\\/lawcdh.com\\\/es\\\/#website\"},\"primaryImageOfPage\":{\"@id\":\"https:\\\/\\\/lawcdh.com\\\/es\\\/areas-de-practica\\\/lesiones-personales\\\/lesiones-por-amputacion\\\/#primaryimage\"},\"image\":{\"@id\":\"https:\\\/\\\/lawcdh.com\\\/es\\\/areas-de-practica\\\/lesiones-personales\\\/lesiones-por-amputacion\\\/#primaryimage\"},\"thumbnailUrl\":\"https:\\\/\\\/lawcdh.com\\\/es\\\/wp-content\\\/uploads\\\/sites\\\/2\\\/2024\\\/04\\\/iStock-1498970326.jpg\",\"datePublished\":\"2024-04-04T17:09:54+00:00\",\"dateModified\":\"2024-04-04T17:09:55+00:00\",\"breadcrumb\":{\"@id\":\"https:\\\/\\\/lawcdh.com\\\/es\\\/areas-de-practica\\\/lesiones-personales\\\/lesiones-por-amputacion\\\/#breadcrumb\"},\"inLanguage\":\"es\",\"potentialAction\":[{\"@type\":\"ReadAction\",\"target\":[\"https:\\\/\\\/lawcdh.com\\\/es\\\/areas-de-practica\\\/lesiones-personales\\\/lesiones-por-amputacion\\\/\"]}]},{\"@type\":\"ImageObject\",\"inLanguage\":\"es\",\"@id\":\"https:\\\/\\\/lawcdh.com\\\/es\\\/areas-de-practica\\\/lesiones-personales\\\/lesiones-por-amputacion\\\/#primaryimage\",\"url\":\"https:\\\/\\\/lawcdh.com\\\/es\\\/wp-content\\\/uploads\\\/sites\\\/2\\\/2024\\\/04\\\/iStock-1498970326.jpg\",\"contentUrl\":\"https:\\\/\\\/lawcdh.com\\\/es\\\/wp-content\\\/uploads\\\/sites\\\/2\\\/2024\\\/04\\\/iStock-1498970326.jpg\",\"width\":724,\"height\":483},{\"@type\":\"BreadcrumbList\",\"@id\":\"https:\\\/\\\/lawcdh.com\\\/es\\\/areas-de-practica\\\/lesiones-personales\\\/lesiones-por-amputacion\\\/#breadcrumb\",\"itemListElement\":[{\"@type\":\"ListItem\",\"position\":1,\"name\":\"Home\",\"item\":\"https:\\\/\\\/lawcdh.com\\\/es\\\/\"},{\"@type\":\"ListItem\",\"position\":2,\"name\":\"\u00c1reas de Pr\u00e1ctica\",\"item\":\"https:\\\/\\\/lawcdh.com\\\/es\\\/areas-de-practica\\\/\"},{\"@type\":\"ListItem\",\"position\":3,\"name\":\"Lesiones Personales\",\"item\":\"https:\\\/\\\/lawcdh.com\\\/es\\\/areas-de-practica\\\/lesiones-personales\\\/\"},{\"@type\":\"ListItem\",\"position\":4,\"name\":\"Lesiones por Amputaci\u00f3n\"}]},{\"@type\":\"WebSite\",\"@id\":\"https:\\\/\\\/lawcdh.com\\\/es\\\/#website\",\"url\":\"https:\\\/\\\/lawcdh.com\\\/es\\\/\",\"name\":\"CDH Law PLLC ES\",\"description\":\"\",\"potentialAction\":[{\"@type\":\"SearchAction\",\"target\":{\"@type\":\"EntryPoint\",\"urlTemplate\":\"https:\\\/\\\/lawcdh.com\\\/es\\\/?s={search_term_string}\"},\"query-input\":{\"@type\":\"PropertyValueSpecification\",\"valueRequired\":true,\"valueName\":\"search_term_string\"}}],\"inLanguage\":\"es\"}]}<\/script>\n<!-- \/ Yoast SEO plugin. -->","yoast_head_json":{"title":"Lesiones por Amputaci\u00f3n - CDH Law PLLC ES","robots":{"index":"index","follow":"follow","max-snippet":"max-snippet:-1","max-image-preview":"max-image-preview:large","max-video-preview":"max-video-preview:-1"},"canonical":"https:\/\/lawcdh.com\/es\/areas-de-practica\/lesiones-personales\/lesiones-por-amputacion\/","og_locale":"es_MX","og_type":"article","og_title":"Lesiones por Amputaci\u00f3n - CDH Law PLLC ES","og_description":"\u00bfEst\u00e1s lidiando con las secuelas de una lesi\u00f3n por amputaci\u00f3n y te preguntas cu\u00e1les deben ser tus pr\u00f3ximos pasos? Un abogado de lesiones en Syracuse de CDH Law, PLLC puede proporcionar el apoyo y la orientaci\u00f3n que necesitas durante este dif\u00edcil momento. Nuestro equipo sabe c\u00f3mo manejar casos como el tuyo, y estamos listos para...","og_url":"https:\/\/lawcdh.com\/es\/areas-de-practica\/lesiones-personales\/lesiones-por-amputacion\/","og_site_name":"CDH Law PLLC ES","article_modified_time":"2024-04-04T17:09:55+00:00","og_image":[{"width":724,"height":483,"url":"https:\/\/lawcdh.com\/es\/wp-content\/uploads\/sites\/2\/2024\/04\/iStock-1498970326.jpg","type":"image\/jpeg"}],"twitter_card":"summary_large_image","twitter_misc":{"Est. reading time":"6 minutos"},"schema":{"@context":"https:\/\/schema.org","@graph":[{"@type":"WebPage","@id":"https:\/\/lawcdh.com\/es\/areas-de-practica\/lesiones-personales\/lesiones-por-amputacion\/","url":"https:\/\/lawcdh.com\/es\/areas-de-practica\/lesiones-personales\/lesiones-por-amputacion\/","name":"Lesiones por Amputaci\u00f3n - CDH Law PLLC ES","isPartOf":{"@id":"https:\/\/lawcdh.com\/es\/#website"},"primaryImageOfPage":{"@id":"https:\/\/lawcdh.com\/es\/areas-de-practica\/lesiones-personales\/lesiones-por-amputacion\/#primaryimage"},"image":{"@id":"https:\/\/lawcdh.com\/es\/areas-de-practica\/lesiones-personales\/lesiones-por-amputacion\/#primaryimage"},"thumbnailUrl":"https:\/\/lawcdh.com\/es\/wp-content\/uploads\/sites\/2\/2024\/04\/iStock-1498970326.jpg","datePublished":"2024-04-04T17:09:54+00:00","dateModified":"2024-04-04T17:09:55+00:00","breadcrumb":{"@id":"https:\/\/lawcdh.com\/es\/areas-de-practica\/lesiones-personales\/lesiones-por-amputacion\/#breadcrumb"},"inLanguage":"es","potentialAction":[{"@type":"ReadAction","target":["https:\/\/lawcdh.com\/es\/areas-de-practica\/lesiones-personales\/lesiones-por-amputacion\/"]}]},{"@type":"ImageObject","inLanguage":"es","@id":"https:\/\/lawcdh.com\/es\/areas-de-practica\/lesiones-personales\/lesiones-por-amputacion\/#primaryimage","url":"https:\/\/lawcdh.com\/es\/wp-content\/uploads\/sites\/2\/2024\/04\/iStock-1498970326.jpg","contentUrl":"https:\/\/lawcdh.com\/es\/wp-content\/uploads\/sites\/2\/2024\/04\/iStock-1498970326.jpg","width":724,"height":483},{"@type":"BreadcrumbList","@id":"https:\/\/lawcdh.com\/es\/areas-de-practica\/lesiones-personales\/lesiones-por-amputacion\/#breadcrumb","itemListElement":[{"@type":"ListItem","position":1,"name":"Home","item":"https:\/\/lawcdh.com\/es\/"},{"@type":"ListItem","position":2,"name":"\u00c1reas de Pr\u00e1ctica","item":"https:\/\/lawcdh.com\/es\/areas-de-practica\/"},{"@type":"ListItem","position":3,"name":"Lesiones Personales","item":"https:\/\/lawcdh.com\/es\/areas-de-practica\/lesiones-personales\/"},{"@type":"ListItem","position":4,"name":"Lesiones por Amputaci\u00f3n"}]},{"@type":"WebSite","@id":"https:\/\/lawcdh.com\/es\/#website","url":"https:\/\/lawcdh.com\/es\/","name":"CDH Law PLLC ES","description":"","potentialAction":[{"@type":"SearchAction","target":{"@type":"EntryPoint","urlTemplate":"https:\/\/lawcdh.com\/es\/?s={search_term_string}"},"query-input":{"@type":"PropertyValueSpecification","valueRequired":true,"valueName":"search_term_string"}}],"inLanguage":"es"}]}},"_links":{"self":[{"href":"https:\/\/lawcdh.com\/es\/wp-json\/wp\/v2\/pages\/2928","targetHints":{"allow":["GET"]}}],"collection":[{"href":"https:\/\/lawcdh.com\/es\/wp-json\/wp\/v2\/pages"}],"about":[{"href":"https:\/\/lawcdh.com\/es\/wp-json\/wp\/v2\/types\/page"}],"author":[{"embeddable":true,"href":"https:\/\/lawcdh.com\/es\/wp-json\/wp\/v2\/users\/21"}],"replies":[{"embeddable":true,"href":"https:\/\/lawcdh.com\/es\/wp-json\/wp\/v2\/comments?post=2928"}],"version-history":[{"count":0,"href":"https:\/\/lawcdh.com\/es\/wp-json\/wp\/v2\/pages\/2928\/revisions"}],"up":[{"embeddable":true,"href":"https:\/\/lawcdh.com\/es\/wp-json\/wp\/v2\/pages\/1771"}],"wp:featuredmedia":[{"embeddable":true,"href":"https:\/\/lawcdh.com\/es\/wp-json\/wp\/v2\/media\/2929"}],"wp:attachment":[{"href":"https:\/\/lawcdh.com\/es\/wp-json\/wp\/v2\/media?parent=2928"}],"wp:term":[{"taxonomy":"post_tag","embeddable":true,"href":"https:\/\/lawcdh.com\/es\/wp-json\/wp\/v2\/tags?post=2928"}],"curies":[{"name":"wp","href":"https:\/\/api.w.org\/{rel}","templated":true}]}}