{"id":2981,"date":"2024-05-03T17:42:35","date_gmt":"2024-05-03T17:42:35","guid":{"rendered":"https:\/\/lawcdh.com\/es\/?page_id=2981"},"modified":"2024-05-03T17:42:36","modified_gmt":"2024-05-03T17:42:36","slug":"accidente-de-volcamiento-de-camion","status":"publish","type":"page","link":"https:\/\/lawcdh.com\/es\/areas-de-practica\/lesiones-personales\/accidentes-de-camiones\/accidente-de-volcamiento-de-camion\/","title":{"rendered":"Accidente de Volcamiento de Cami\u00f3n"},"content":{"rendered":"\n<p><a href=\"https:\/\/lawcdh.com\/es\/areas-de-practica\/lesiones-personales\/accidentes-de-camiones\/\">Los accidentes de volcamiento de camiones<\/a> son raros, pero pueden tener consecuencias devastadoras. Debido al gran tama\u00f1o de los camiones comerciales, cuando uno se voltea, es m\u00e1s probable que sea muy grave y frecuentemente resulte en fatalidades o lesiones catastr\u00f3ficas. Pasar por un accidente automovil\u00edstico puede ser traum\u00e1tico, y saber qu\u00e9 pasos tomar despu\u00e9s de recibir atenci\u00f3n m\u00e9dica puede parecer abrumador.<\/p>\n\n\n\n<p>Si usted o un ser querido ha sido gravemente herido en un accidente de volcamiento de cami\u00f3n en Nueva York, puede tener derecho a compensaci\u00f3n por sus da\u00f1os. Los abogados de Carden Dotzler Hammond, PLLC representan a v\u00edctimas de accidentes de camiones en Syracuse. Sabemos c\u00f3mo proteger sus derechos legales y perseguiremos la compensaci\u00f3n completa que usted merece.<\/p>\n\n\n\n<h2 class=\"wp-block-heading\" id=\"causas-de-accidentes-de-volcamiento-de-camiones-en-nueva-york\"><strong>Causas de Accidentes de Volcamiento de Camiones en Nueva York<\/strong><\/h2>\n\n\n\n<p>Generalmente, los accidentes de volcamiento solo ocurren a altas velocidades. Carreteras rurales de un s\u00f3lo carril, autopistas y autopistas son lugares comunes para los accidentes de volcamiento. La mayor\u00eda de los accidentes de volcamiento son causados por la negligencia o imprudencia de una o m\u00e1s personas. Ejemplos comunes de conducci\u00f3n negligente incluyen la conducci\u00f3n distra\u00edda, la conducci\u00f3n imprudente, el exceso de velocidad, la ira en la carretera y la intoxicaci\u00f3n.<\/p>\n\n\n\n<p>Determinar la causa del accidente de cami\u00f3n te ayudar\u00e1 a demostrar la responsabilidad. Para recuperar compensaci\u00f3n a trav\u00e9s de una reclamaci\u00f3n de seguro de auto o una demanda por lesiones personales, deber\u00e1s demostrar que la negligencia de la parte culpable caus\u00f3 el accidente de volcamiento que result\u00f3 en tus lesiones. Las causas comunes de accidentes de volcamiento de camiones incluyen las siguientes:<\/p>\n\n\n\n<ul class=\"wp-block-list\">\n<li>Choques laterales causados por cambios de carril o fusiones no seguras<\/li>\n\n\n\n<li>Pile-ups (amontonamiento) de varios veh\u00edculos causados por conductores negligentes<\/li>\n\n\n\n<li>Accidentes de choque lateral en intersecciones<\/li>\n\n\n\n<li>Desviarse hacia un carril de tr\u00e1fico contrario, obligando a otro conductor a salir de la carretera<\/li>\n\n\n\n<li>Explosiones e incendios causados por accidentes de volcamiento de camiones<\/li>\n<\/ul>\n\n\n\n<h2 class=\"wp-block-heading\" id=\"quien-es-responsable-de-un-accidente-de-volcamiento-de-camion\"><strong>\u00bfQui\u00e9n es responsable de un accidente de volcamiento de cami\u00f3n?<\/strong><\/h2>\n\n\n\n<p>Con frecuencia, los conductores de camiones son responsables de los accidentes de volcamiento de camiones. Cuando los conductores de camiones no toman los descansos requeridos para llegar m\u00e1s r\u00e1pido a su destino, es m\u00e1s probable que causen accidentes debido a la conducci\u00f3n fatigada. De manera similar, cuando un conductor de cami\u00f3n no tiene suficiente experiencia, hace un giro demasiado r\u00e1pido, lo que provoca que el cami\u00f3n pierda el equilibrio y se voltee. Cuando el conductor de un veh\u00edculo masivo realiza un giro brusco y repentino, el \u00e1ngulo del giro podr\u00eda hacer que el peso del cami\u00f3n se desplace y que este se caiga o voltee.<\/p>\n\n\n\n<h2 class=\"wp-block-heading\" id=\"responsabilizar-a-las-empresas-de-transporte\"><strong>Responsabilizar a las Empresas de Transporte<\/strong><\/h2>\n\n\n\n<p>Las v\u00edctimas de accidentes de volcamiento de camiones pueden ser capaces de responsabilizar al empleador del conductor del cami\u00f3n por sus lesiones si participaron en negligencia. Por ejemplo, supongamos que contrataron a un conductor con un historial de conducir bajo los efectos del alcohol, y el conductor caus\u00f3 un accidente de volcamiento mientras estaba intoxicado. En ese caso, pueden ser considerados responsables vicarios por su empleado.<\/p>\n\n\n\n<h2 class=\"wp-block-heading\" id=\"accidentes-de-volcamiento-causados-por-remolques-sobrecargados\"><strong>Accidentes de Volcamiento Causados por Remolques Sobrecargados<\/strong><\/h2>\n\n\n\n<p>Otros accidentes de volcamiento de camiones son causados por remolques que est\u00e1n sobrecargados m\u00e1s all\u00e1 de su l\u00edmite de peso seguro. Los camiones est\u00e1n dise\u00f1ados s\u00f3lo para transportar cargas hasta ciertos l\u00edmites de peso. Cuando una empresa de transporte o una empresa de carga sobrepasa conscientemente ese l\u00edmite de peso, crean una situaci\u00f3n peligrosa en la que es m\u00e1s probable que ocurra un volcamiento.<\/p>\n\n\n\n<p>Las v\u00edctimas pueden ser capaces de responsabilizar a la empresa por el accidente de volcamiento resultante, especialmente si el conductor no estaba al tanto de la violaci\u00f3n del peso. De manera similar, cuando la carga en el remolque de un cami\u00f3n no ha sido asegurada adecuadamente, puede moverse y hacer que el cami\u00f3n se voltee.<\/p>\n\n\n\n<h2 class=\"wp-block-heading\" id=\"problemas-mecanicos-que-resultan-en-accidentes-de-camiones\"><strong>Problemas Mec\u00e1nicos que Resultan en Accidentes de Camiones<\/strong><\/h2>\n\n\n\n<p>En otros casos, un fallo mec\u00e1nico puede causar un accidente de volcamiento de cami\u00f3n. Cuando un cami\u00f3n tiene un defecto de dise\u00f1o o un defecto de fabricaci\u00f3n que provoca un accidente, las v\u00edctimas pueden tener derecho a entablar una demanda contra el dise\u00f1ador o fabricante culpable.<\/p>\n\n\n\n<h2 class=\"wp-block-heading\" id=\"investigacion-exhaustiva-de-casos-de-accidentes-de-camiones\"><strong>Investigaci\u00f3n Exhaustiva de Casos de Accidentes de Camiones<\/strong><\/h2>\n\n\n\n<p>Determinar la responsabilidad en accidentes de volcamiento puede ser desafiante. Los abogados de lesiones personales en Carden Dotzler Hammond, PLLC trabajar\u00e1n con expertos en reconstrucci\u00f3n de accidentes y otros especialistas para recopilar evidencia y determinar la causa del accidente de cami\u00f3n que result\u00f3 en tus lesiones.<\/p>\n\n\n\n<h2 class=\"wp-block-heading\" id=\"danos-disponibles-en-accidentes-de-volcamiento-en-nueva-york\"><strong>Da\u00f1os Disponibles en Accidentes de Volcamiento en Nueva York<\/strong><\/h2>\n\n\n\n<p>Las v\u00edctimas de accidentes de volcamiento de camiones generalmente sufren lesiones graves, a veces potencialmente mortales, cuando sus veh\u00edculos se voltean. No es raro que las v\u00edctimas sufran lesiones en la m\u00e9dula espinal, par\u00e1lisis, lesiones cerebrales traum\u00e1ticas (TBI), latigazo cervical grave, fracturas \u00f3seas y contusiones despu\u00e9s de un accidente. Las v\u00edctimas pueden buscar da\u00f1os por los da\u00f1os econ\u00f3micos y no econ\u00f3micos que han incurrido, incluidos los siguientes:<\/p>\n\n\n\n<ul class=\"wp-block-list\">\n<li>Gastos m\u00e9dicos actuales y futuros<\/li>\n\n\n\n<li>Gastos de rehabilitaci\u00f3n<\/li>\n\n\n\n<li>Atenci\u00f3n m\u00e9dica en el hogar<\/li>\n\n\n\n<li>Equipos m\u00e9dicos duraderos<\/li>\n\n\n\n<li>Da\u00f1os a la propiedad<\/li>\n\n\n\n<li>Salarios perdidos<\/li>\n\n\n\n<li>P\u00e9rdida de ingresos futuros debido a la discapacidad<\/li>\n\n\n\n<li>Dolor y sufrimiento<\/li>\n\n\n\n<li>Angustia emocional<\/li>\n<\/ul>\n\n\n\n<h2 class=\"wp-block-heading\" id=\"que-debo-hacer-si-he-estado-en-un-accidente-de-volcamiento-de-camion\"><strong>\u00bfQu\u00e9 debo hacer si he estado en un accidente de volcamiento de cami\u00f3n?<\/strong><\/h2>\n\n\n\n<p>Lo primero que debes hacer despu\u00e9s de cualquier accidente, incluido un accidente de volcamiento, es llamar al 911 y solicitar atenci\u00f3n m\u00e9dica inmediata. Incluso si no est\u00e1s seguro de cu\u00e1n herido est\u00e1s, es beneficioso someterse a un examen m\u00e9dico. Las v\u00edctimas de accidentes graves pueden no sentir todo el dolor de sus lesiones hasta horas o incluso d\u00edas despu\u00e9s. Por ejemplo, si has sufrido problemas de cuello y espalda, podr\u00eda pasar algunos d\u00edas antes de que te des cuenta de la gravedad de tus lesiones.<\/p>\n\n\n\n<p>Cuando lleguen los trabajadores de emergencia, debes seguir sus instrucciones y ser honesto al hablar con la polic\u00eda. Sin embargo, debes evitar admitir involuntariamente la culpa por el accidente. Tambi\u00e9n es importante seguir todas las instrucciones de tu m\u00e9dico y mantener registros de tus citas. Mantener un registro de tus niveles de dolor y fotos de tus lesiones puede ayudarte a demostrar la gravedad de tus lesiones.<\/p>\n\n\n\n<p>No proporciones a la compa\u00f1\u00eda de seguros una declaraci\u00f3n grabada hasta que hayas discutido tu caso con un abogado experimentado en lesiones personales. Cuando trabajas con Carden Dotzler Hammond, PLLC, nosotros nos encargaremos de todas las negociaciones entre t\u00fa y los ajustadores de seguros para que puedas concentrarte en tu recuperaci\u00f3n.<\/p>\n\n\n\n<h2 class=\"wp-block-heading\" id=\"ponte-en-contacto-con-un-abogado-de-accidentes-de-volcamiento-en-nueva-york\"><strong>Ponte en contacto con un Abogado de Accidentes de Volcamiento en Nueva York<\/strong> <\/h2>\n\n\n\n<p>Las v\u00edctimas de accidentes de volcamiento de camiones merecen una compensaci\u00f3n completa por parte de la parte culpable. Los abogados en Carden Dotzler Hammond, PLLC est\u00e1n preparados para responder tus preguntas y ayudarte a entender tus derechos legales y opciones. Tenemos un historial probado de recuperar compensaci\u00f3n para v\u00edctimas de accidentes automovil\u00edsticos. No dudes en ponerte en <a href=\"https:\/\/lawcdh.com\/es\/contacto\/\">contacto<\/a> con Carden Dotzler Hammond, PLLC para programar una evaluaci\u00f3n de caso gratuita con un h\u00e1bil abogado de accidentes de camiones.<\/p>\n","protected":false},"excerpt":{"rendered":"<p>Los accidentes de volcamiento de camiones son raros, pero pueden tener consecuencias devastadoras. Debido al gran tama\u00f1o de los camiones comerciales, cuando uno se voltea, es m\u00e1s probable que sea muy grave y frecuentemente resulte en fatalidades o lesiones catastr\u00f3ficas. Pasar por un accidente automovil\u00edstico puede ser traum\u00e1tico, y saber qu\u00e9 pasos tomar despu\u00e9s de&#8230;<\/p>\n","protected":false},"author":21,"featured_media":2982,"parent":1962,"menu_order":0,"comment_status":"closed","ping_status":"closed","template":"","meta":{"_acf_changed":false,"footnotes":""},"tags":[],"class_list":["post-2981","page","type-page","status-publish","has-post-thumbnail","hentry"],"acf":[],"yoast_head":"<!-- This site is optimized with the Yoast SEO plugin v27.4 - https:\/\/yoast.com\/product\/yoast-seo-wordpress\/ -->\n<title>Accidente de Volcamiento de Cami\u00f3n - CDH Law PLLC ES<\/title>\n<meta name=\"description\" content=\"Las v\u00edctimas de accidentes de volcamiento de camiones merecen una compensaci\u00f3n completa por parte de la parte culpable. No dudes en ponerte en contacto con Carden Dotzler Hammond, PLLC.\" \/>\n<meta name=\"robots\" content=\"index, follow, max-snippet:-1, max-image-preview:large, max-video-preview:-1\" \/>\n<link rel=\"canonical\" href=\"https:\/\/lawcdh.com\/es\/areas-de-practica\/lesiones-personales\/accidentes-de-camiones\/accidente-de-volcamiento-de-camion\/\" \/>\n<meta property=\"og:locale\" content=\"es_MX\" \/>\n<meta property=\"og:type\" content=\"article\" \/>\n<meta property=\"og:title\" content=\"Accidente de Volcamiento de Cami\u00f3n - CDH Law PLLC ES\" \/>\n<meta property=\"og:description\" content=\"Las v\u00edctimas de accidentes de volcamiento de camiones merecen una compensaci\u00f3n completa por parte de la parte culpable. No dudes en ponerte en contacto con Carden Dotzler Hammond, PLLC.\" \/>\n<meta property=\"og:url\" content=\"https:\/\/lawcdh.com\/es\/areas-de-practica\/lesiones-personales\/accidentes-de-camiones\/accidente-de-volcamiento-de-camion\/\" \/>\n<meta property=\"og:site_name\" content=\"CDH Law PLLC ES\" \/>\n<meta property=\"article:modified_time\" content=\"2024-05-03T17:42:36+00:00\" \/>\n<meta property=\"og:image\" content=\"https:\/\/lawcdh.com\/es\/wp-content\/uploads\/sites\/2\/2024\/05\/iStock-1238578448.jpg\" \/>\n\t<meta property=\"og:image:width\" content=\"724\" \/>\n\t<meta property=\"og:image:height\" content=\"483\" \/>\n\t<meta property=\"og:image:type\" content=\"image\/jpeg\" \/>\n<meta name=\"twitter:card\" content=\"summary_large_image\" \/>\n<meta name=\"twitter:label1\" content=\"Est. reading time\" \/>\n\t<meta name=\"twitter:data1\" content=\"6 minutos\" \/>\n<script type=\"application\/ld+json\" class=\"yoast-schema-graph\">{\"@context\":\"https:\\\/\\\/schema.org\",\"@graph\":[{\"@type\":\"WebPage\",\"@id\":\"https:\\\/\\\/lawcdh.com\\\/es\\\/areas-de-practica\\\/lesiones-personales\\\/accidentes-de-camiones\\\/accidente-de-volcamiento-de-camion\\\/\",\"url\":\"https:\\\/\\\/lawcdh.com\\\/es\\\/areas-de-practica\\\/lesiones-personales\\\/accidentes-de-camiones\\\/accidente-de-volcamiento-de-camion\\\/\",\"name\":\"Accidente de Volcamiento de Cami\u00f3n - CDH Law PLLC ES\",\"isPartOf\":{\"@id\":\"https:\\\/\\\/lawcdh.com\\\/es\\\/#website\"},\"primaryImageOfPage\":{\"@id\":\"https:\\\/\\\/lawcdh.com\\\/es\\\/areas-de-practica\\\/lesiones-personales\\\/accidentes-de-camiones\\\/accidente-de-volcamiento-de-camion\\\/#primaryimage\"},\"image\":{\"@id\":\"https:\\\/\\\/lawcdh.com\\\/es\\\/areas-de-practica\\\/lesiones-personales\\\/accidentes-de-camiones\\\/accidente-de-volcamiento-de-camion\\\/#primaryimage\"},\"thumbnailUrl\":\"https:\\\/\\\/lawcdh.com\\\/es\\\/wp-content\\\/uploads\\\/sites\\\/2\\\/2024\\\/05\\\/iStock-1238578448.jpg\",\"datePublished\":\"2024-05-03T17:42:35+00:00\",\"dateModified\":\"2024-05-03T17:42:36+00:00\",\"description\":\"Las v\u00edctimas de accidentes de volcamiento de camiones merecen una compensaci\u00f3n completa por parte de la parte culpable. No dudes en ponerte en contacto con Carden Dotzler Hammond, PLLC.\",\"breadcrumb\":{\"@id\":\"https:\\\/\\\/lawcdh.com\\\/es\\\/areas-de-practica\\\/lesiones-personales\\\/accidentes-de-camiones\\\/accidente-de-volcamiento-de-camion\\\/#breadcrumb\"},\"inLanguage\":\"es\",\"potentialAction\":[{\"@type\":\"ReadAction\",\"target\":[\"https:\\\/\\\/lawcdh.com\\\/es\\\/areas-de-practica\\\/lesiones-personales\\\/accidentes-de-camiones\\\/accidente-de-volcamiento-de-camion\\\/\"]}]},{\"@type\":\"ImageObject\",\"inLanguage\":\"es\",\"@id\":\"https:\\\/\\\/lawcdh.com\\\/es\\\/areas-de-practica\\\/lesiones-personales\\\/accidentes-de-camiones\\\/accidente-de-volcamiento-de-camion\\\/#primaryimage\",\"url\":\"https:\\\/\\\/lawcdh.com\\\/es\\\/wp-content\\\/uploads\\\/sites\\\/2\\\/2024\\\/05\\\/iStock-1238578448.jpg\",\"contentUrl\":\"https:\\\/\\\/lawcdh.com\\\/es\\\/wp-content\\\/uploads\\\/sites\\\/2\\\/2024\\\/05\\\/iStock-1238578448.jpg\",\"width\":724,\"height\":483},{\"@type\":\"BreadcrumbList\",\"@id\":\"https:\\\/\\\/lawcdh.com\\\/es\\\/areas-de-practica\\\/lesiones-personales\\\/accidentes-de-camiones\\\/accidente-de-volcamiento-de-camion\\\/#breadcrumb\",\"itemListElement\":[{\"@type\":\"ListItem\",\"position\":1,\"name\":\"Home\",\"item\":\"https:\\\/\\\/lawcdh.com\\\/es\\\/\"},{\"@type\":\"ListItem\",\"position\":2,\"name\":\"\u00c1reas de Pr\u00e1ctica\",\"item\":\"https:\\\/\\\/lawcdh.com\\\/es\\\/areas-de-practica\\\/\"},{\"@type\":\"ListItem\",\"position\":3,\"name\":\"Lesiones Personales\",\"item\":\"https:\\\/\\\/lawcdh.com\\\/es\\\/areas-de-practica\\\/lesiones-personales\\\/\"},{\"@type\":\"ListItem\",\"position\":4,\"name\":\"Accidentes de Camiones\",\"item\":\"https:\\\/\\\/lawcdh.com\\\/es\\\/areas-de-practica\\\/lesiones-personales\\\/accidentes-de-camiones\\\/\"},{\"@type\":\"ListItem\",\"position\":5,\"name\":\"Accidente de Volcamiento de Cami\u00f3n\"}]},{\"@type\":\"WebSite\",\"@id\":\"https:\\\/\\\/lawcdh.com\\\/es\\\/#website\",\"url\":\"https:\\\/\\\/lawcdh.com\\\/es\\\/\",\"name\":\"CDH Law PLLC ES\",\"description\":\"\",\"potentialAction\":[{\"@type\":\"SearchAction\",\"target\":{\"@type\":\"EntryPoint\",\"urlTemplate\":\"https:\\\/\\\/lawcdh.com\\\/es\\\/?s={search_term_string}\"},\"query-input\":{\"@type\":\"PropertyValueSpecification\",\"valueRequired\":true,\"valueName\":\"search_term_string\"}}],\"inLanguage\":\"es\"}]}<\/script>\n<!-- \/ Yoast SEO plugin. -->","yoast_head_json":{"title":"Accidente de Volcamiento de Cami\u00f3n - CDH Law PLLC ES","description":"Las v\u00edctimas de accidentes de volcamiento de camiones merecen una compensaci\u00f3n completa por parte de la parte culpable. No dudes en ponerte en contacto con Carden Dotzler Hammond, PLLC.","robots":{"index":"index","follow":"follow","max-snippet":"max-snippet:-1","max-image-preview":"max-image-preview:large","max-video-preview":"max-video-preview:-1"},"canonical":"https:\/\/lawcdh.com\/es\/areas-de-practica\/lesiones-personales\/accidentes-de-camiones\/accidente-de-volcamiento-de-camion\/","og_locale":"es_MX","og_type":"article","og_title":"Accidente de Volcamiento de Cami\u00f3n - CDH Law PLLC ES","og_description":"Las v\u00edctimas de accidentes de volcamiento de camiones merecen una compensaci\u00f3n completa por parte de la parte culpable. No dudes en ponerte en contacto con Carden Dotzler Hammond, PLLC.","og_url":"https:\/\/lawcdh.com\/es\/areas-de-practica\/lesiones-personales\/accidentes-de-camiones\/accidente-de-volcamiento-de-camion\/","og_site_name":"CDH Law PLLC ES","article_modified_time":"2024-05-03T17:42:36+00:00","og_image":[{"width":724,"height":483,"url":"https:\/\/lawcdh.com\/es\/wp-content\/uploads\/sites\/2\/2024\/05\/iStock-1238578448.jpg","type":"image\/jpeg"}],"twitter_card":"summary_large_image","twitter_misc":{"Est. reading time":"6 minutos"},"schema":{"@context":"https:\/\/schema.org","@graph":[{"@type":"WebPage","@id":"https:\/\/lawcdh.com\/es\/areas-de-practica\/lesiones-personales\/accidentes-de-camiones\/accidente-de-volcamiento-de-camion\/","url":"https:\/\/lawcdh.com\/es\/areas-de-practica\/lesiones-personales\/accidentes-de-camiones\/accidente-de-volcamiento-de-camion\/","name":"Accidente de Volcamiento de Cami\u00f3n - CDH Law PLLC ES","isPartOf":{"@id":"https:\/\/lawcdh.com\/es\/#website"},"primaryImageOfPage":{"@id":"https:\/\/lawcdh.com\/es\/areas-de-practica\/lesiones-personales\/accidentes-de-camiones\/accidente-de-volcamiento-de-camion\/#primaryimage"},"image":{"@id":"https:\/\/lawcdh.com\/es\/areas-de-practica\/lesiones-personales\/accidentes-de-camiones\/accidente-de-volcamiento-de-camion\/#primaryimage"},"thumbnailUrl":"https:\/\/lawcdh.com\/es\/wp-content\/uploads\/sites\/2\/2024\/05\/iStock-1238578448.jpg","datePublished":"2024-05-03T17:42:35+00:00","dateModified":"2024-05-03T17:42:36+00:00","description":"Las v\u00edctimas de accidentes de volcamiento de camiones merecen una compensaci\u00f3n completa por parte de la parte culpable. No dudes en ponerte en contacto con Carden Dotzler Hammond, PLLC.","breadcrumb":{"@id":"https:\/\/lawcdh.com\/es\/areas-de-practica\/lesiones-personales\/accidentes-de-camiones\/accidente-de-volcamiento-de-camion\/#breadcrumb"},"inLanguage":"es","potentialAction":[{"@type":"ReadAction","target":["https:\/\/lawcdh.com\/es\/areas-de-practica\/lesiones-personales\/accidentes-de-camiones\/accidente-de-volcamiento-de-camion\/"]}]},{"@type":"ImageObject","inLanguage":"es","@id":"https:\/\/lawcdh.com\/es\/areas-de-practica\/lesiones-personales\/accidentes-de-camiones\/accidente-de-volcamiento-de-camion\/#primaryimage","url":"https:\/\/lawcdh.com\/es\/wp-content\/uploads\/sites\/2\/2024\/05\/iStock-1238578448.jpg","contentUrl":"https:\/\/lawcdh.com\/es\/wp-content\/uploads\/sites\/2\/2024\/05\/iStock-1238578448.jpg","width":724,"height":483},{"@type":"BreadcrumbList","@id":"https:\/\/lawcdh.com\/es\/areas-de-practica\/lesiones-personales\/accidentes-de-camiones\/accidente-de-volcamiento-de-camion\/#breadcrumb","itemListElement":[{"@type":"ListItem","position":1,"name":"Home","item":"https:\/\/lawcdh.com\/es\/"},{"@type":"ListItem","position":2,"name":"\u00c1reas de Pr\u00e1ctica","item":"https:\/\/lawcdh.com\/es\/areas-de-practica\/"},{"@type":"ListItem","position":3,"name":"Lesiones Personales","item":"https:\/\/lawcdh.com\/es\/areas-de-practica\/lesiones-personales\/"},{"@type":"ListItem","position":4,"name":"Accidentes de Camiones","item":"https:\/\/lawcdh.com\/es\/areas-de-practica\/lesiones-personales\/accidentes-de-camiones\/"},{"@type":"ListItem","position":5,"name":"Accidente de Volcamiento de Cami\u00f3n"}]},{"@type":"WebSite","@id":"https:\/\/lawcdh.com\/es\/#website","url":"https:\/\/lawcdh.com\/es\/","name":"CDH Law PLLC ES","description":"","potentialAction":[{"@type":"SearchAction","target":{"@type":"EntryPoint","urlTemplate":"https:\/\/lawcdh.com\/es\/?s={search_term_string}"},"query-input":{"@type":"PropertyValueSpecification","valueRequired":true,"valueName":"search_term_string"}}],"inLanguage":"es"}]}},"_links":{"self":[{"href":"https:\/\/lawcdh.com\/es\/wp-json\/wp\/v2\/pages\/2981","targetHints":{"allow":["GET"]}}],"collection":[{"href":"https:\/\/lawcdh.com\/es\/wp-json\/wp\/v2\/pages"}],"about":[{"href":"https:\/\/lawcdh.com\/es\/wp-json\/wp\/v2\/types\/page"}],"author":[{"embeddable":true,"href":"https:\/\/lawcdh.com\/es\/wp-json\/wp\/v2\/users\/21"}],"replies":[{"embeddable":true,"href":"https:\/\/lawcdh.com\/es\/wp-json\/wp\/v2\/comments?post=2981"}],"version-history":[{"count":0,"href":"https:\/\/lawcdh.com\/es\/wp-json\/wp\/v2\/pages\/2981\/revisions"}],"up":[{"embeddable":true,"href":"https:\/\/lawcdh.com\/es\/wp-json\/wp\/v2\/pages\/1962"}],"wp:featuredmedia":[{"embeddable":true,"href":"https:\/\/lawcdh.com\/es\/wp-json\/wp\/v2\/media\/2982"}],"wp:attachment":[{"href":"https:\/\/lawcdh.com\/es\/wp-json\/wp\/v2\/media?parent=2981"}],"wp:term":[{"taxonomy":"post_tag","embeddable":true,"href":"https:\/\/lawcdh.com\/es\/wp-json\/wp\/v2\/tags?post=2981"}],"curies":[{"name":"wp","href":"https:\/\/api.w.org\/{rel}","templated":true}]}}