{"id":3024,"date":"2025-02-12T15:58:22","date_gmt":"2025-02-12T15:58:22","guid":{"rendered":"https:\/\/lawcdh.com\/es\/?page_id=3024"},"modified":"2025-02-12T15:58:22","modified_gmt":"2025-02-12T15:58:22","slug":"accidentes-agricolas","status":"publish","type":"page","link":"https:\/\/lawcdh.com\/es\/areas-de-practica\/lesiones-personales\/accidentes-agricolas\/","title":{"rendered":"Accidentes Agr\u00edcolas"},"content":{"rendered":"\n<p>Los agricultores del \u00e1rea metropolitana de Syracuse trabajan arduamente para proporcionarnos los alimentos que necesitamos. Todos los d\u00edas, cientos de trabajadores agr\u00edcolas sufren lesiones graves en Nueva York y en todo Estados Unidos. La mayor\u00eda de los accidentes agr\u00edcolas se dan por la operaci\u00f3n negligente o imprudente de grandes equipos agr\u00edcolas. Otros accidentes involucran condiciones peligrosas en la granja. En cuesti\u00f3n de segundos, las v\u00edctimas pueden sufrir lesiones devastadoras.<\/p>\n\n\n\n<p>Si has resultado lesionado\/a en un accidente agr\u00edcola, es posible que tengas derecho a una compensaci\u00f3n por tus gastos m\u00e9dicos, da\u00f1os a la propiedad, dolor, sufrimiento y otros da\u00f1os. Los abogados expertos en <a href=\"https:\/\/lawcdh.com\/es\/areas-de-practica\/lesiones-personales\/\">lesiones personales<\/a> de <a href=\"https:\/\/lawcdh.com\/es\/\">Carden Dotzler Hammond, PLLC<\/a> est\u00e1n preparados para revisar tu caso, responder a tus preguntas y ayudarte a comprender tus derechos legales.<\/p>\n\n\n\n<h2 class=\"wp-block-heading\" id=\"accidentes-agricolas-que-involucran-lesiones-de-tractores-y-cosechadoras\">Accidentes agr\u00edcolas que involucran lesiones de tractores y cosechadoras<\/h2>\n\n\n\n<p>Las lesiones relacionadas con tractores son demasiado comunes. Los tractores pueden volcarse o rodar debido a un defecto, lo que pone a los operadores en riesgo de lesiones. Los trabajadores pueden sufrir lesiones si un conductor de tractor negligente los atropella. Otros accidentes involucran la exposici\u00f3n a cables el\u00e9ctricos que sobresalen mientras se opera un tractor.<\/p>\n\n\n\n<p>Muchos tractores comerciales son enormes. Cuando los operadores retroceden contra una pared u otro veh\u00edculo, las v\u00edctimas pueden quedar atrapadas entre \u00e9stos. Los operadores de tractores pueden caerse accidentalmente de ellos, rompi\u00e9ndose los huesos en la colisi\u00f3n. Las colisiones entre tractores y otros veh\u00edculos, incluyendo los veh\u00edculos de pasajeros en las v\u00edas p\u00fablicas, pueden causar lesiones devastadoras.<\/p>\n\n\n\n<p>Los tractores son solo uno de los varios tipos de maquinaria pesada que se utilizan en las granjas. Las cosechadoras pueden ser peligrosas cuando el operador no tiene experiencia o est\u00e1 operando la m\u00e1quina de manera negligente. Los agricultores pueden ser golpeados o atrapados por m\u00e1quinas combinadas. Tambi\u00e9n pueden enredarse en correas, cadenas, engranajes y m\u00e1quinas cosechadoras. Por ejemplo, en el pasado, los trabajadores agr\u00edcolas pod\u00edan morir mientras eran inmovilizados por el brazo de un agitador de almendras.<\/p>\n\n\n\n<h2 class=\"wp-block-heading\" id=\"lesiones-causadas-por-trabajar-con-animales-de-granja\">Lesiones causadas por trabajar con animales de granja<\/h2>\n\n\n\n<p>Cuando los agricultores trabajan con ganado, pueden ocurrir dos tipos principales de accidentes. Las colisiones de veh\u00edculos motorizados pueden ser causadas cuando animales grandes se abren paso en la carretera. Cuando las cercas no son seguras, o los trabajadores no aseguran las puertas, los conductores pueden lesionarse al chocar con animales grandes. El segundo tipo de accidente agr\u00edcola que involucra animales grandes ocurre cuando los trabajadores se lesionan mientras alimentan, transportan, administran medicamentos, etiquetan y acicalan al ganado. Los accidentes de ganado podr\u00edan incluir los siguientes:<\/p>\n\n\n\n<ul class=\"wp-block-list\">\n<li>El ganado muerde<\/li>\n\n\n\n<li>Los caballos o vacas pisan los pies de los trabajadores<\/li>\n\n\n\n<li>Vacas cargando contra los trabajadores y aplast\u00e1ndolos<\/li>\n\n\n\n<li>Animales de ganado pateando o golpeando a los trabajadores<\/li>\n\n\n\n<li>Ser pisoteado o aplastado por un animal de ganado<\/li>\n\n\n\n<li>Un animal con cuernos cornea a los trabajadores<\/li>\n\n\n\n<li>Exposici\u00f3n a enfermedades transmitidas por ganado<\/li>\n<\/ul>\n\n\n\n<h2 class=\"wp-block-heading\" id=\"he-resultado-herido-a-en-un-accidente-agricola-cuales-son-mis-derechos-legales\">He resultado herido\/a en un accidente agr\u00edcola. \u00bfCu\u00e1les son mis derechos legales?<\/h2>\n\n\n\n<p>Si has resultado lesionado\/a en un accidente agr\u00edcola, es posible que tengas derecho a una compensaci\u00f3n por tus lesiones. Esto podr\u00eda incluir el reembolso de tus gastos m\u00e9dicos, una compensaci\u00f3n por tu dolor y sufrimiento, e incluso cobertura para futuros tratamientos m\u00e9dicos o salarios perdidos si tus lesiones te impiden trabajar.<\/p>\n\n\n\n<p>Para recuperar esta compensaci\u00f3n a trav\u00e9s de una demanda por lesiones personales, t\u00fa y tu abogado deben probar que la negligencia de otra persona caus\u00f3 tus lesiones. Si resultaste lesionado\/a debido a la negligencia o conducta imprudente de otra persona, empresa o negocio, tienes derecho a obtener una compensaci\u00f3n de ellos.<\/p>\n\n\n\n<p>Por ejemplo, supongamos que te lesionaste mientras operabas un tractor y luego descubriste que el propietario del tractor no le hizo mantenimiento, lo que caus\u00f3 el accidente. En ese caso, es probable que tengas que reclamar una indemnizaci\u00f3n. Hablar con un abogado antes de hablar con cualquier compa\u00f1\u00eda de seguros puede ayudar a proteger tu reclamo de compensaci\u00f3n.<\/p>\n\n\n\n<p>Un abogado puede ayudarte a identificar las partes culpables responsables de tus lesiones. Es posible que tengas derecho a presentar una reclamaci\u00f3n contra la granja. Si la granja es una empresa independiente, es posible que tengas derecho a presentar una reclamaci\u00f3n contra los agricultores como individuos y contra la granja. Tu abogado de lesiones personales investigar\u00e1 tu caso y reunir\u00e1 pruebas relacionadas con la causa del accidente. Tu abogado tambi\u00e9n obtendr\u00e1 tus registros m\u00e9dicos y trabajar\u00e1 con expertos m\u00e9dicos para determinar el alcance total de tus gastos m\u00e9dicos, y de tu dolor y sufrimiento.<\/p>\n\n\n\n<h2 class=\"wp-block-heading\" id=\"como-recuperar-dinero-despues-de-lesionarme-en-una-granja\">\u00bfC\u00f3mo recuperar dinero despu\u00e9s de lesionarme en una granja?<\/h2>\n\n\n\n<p>Existen dos v\u00edas principales para recuperar una compensaci\u00f3n despu\u00e9s de una lesi\u00f3n en una granja en Nueva York. Si la negligencia del propietario de la granja caus\u00f3 tus lesiones, es probable que tengas derecho a presentar un reclamo por seguro a trav\u00e9s de la p\u00f3liza de seguro comercial del agricultor. Ciertos remolques y veh\u00edculos agr\u00edcolas deben mantener una cobertura de seguro de responsabilidad civil para autom\u00f3viles del estado de Nueva York. Es probable que el propietario de la tierra o la granja tengan una cobertura de seguro comercial adicional para accidentes y lesiones en la granja.<\/p>\n\n\n\n<h2 class=\"wp-block-heading\" id=\"compensaciones-disponibles-en-reclamos-por-accidentes-agricolas\">Compensaciones disponibles en reclamos por accidentes agr\u00edcolas<\/h2>\n\n\n\n<p>Un abogado con experiencia puede proporcionarte una estimaci\u00f3n del valor monetario de tu reclamo. El valor de tu reclamo depende de varios factores, incluida la gravedad de tus lesiones f\u00edsicas. Las lesiones graves, como las lesiones cerebrales, las lesiones que requieren cirug\u00edas y las lesiones de la m\u00e9dula espinal pueden valorarse entre cientos de miles de d\u00f3lares y varios millones de d\u00f3lares.<\/p>\n\n\n\n<p>El impacto en tu vida determinar\u00e1 en \u00faltima instancia el valor de tu caso. Por ejemplo, supongamos que ya no puedes trabajar debido a tus lesiones. En ese caso, tu abogado puede perseguir la p\u00e9rdida de ingresos futuros y tus gastos m\u00e9dicos futuros, que probablemente ser\u00e1n un porcentaje significativo de tus da\u00f1os.<\/p>\n\n\n\n<p>Si tus lesiones son extensas, presentar una demanda por lesiones personales en un tribunal civil de Nueva York puede ser una mejor estrategia para recuperar una compensaci\u00f3n por todos tus da\u00f1os. Sin embargo, es importante tener en cuenta que las demandas por lesiones personales pueden ser complejas. Tambi\u00e9n pueden implicar negociaciones con compa\u00f1\u00edas de seguros u otras partes. A trav\u00e9s de una demanda por lesiones personales, las v\u00edctimas pueden buscar una compensaci\u00f3n por da\u00f1os econ\u00f3micos y no econ\u00f3micos, como una compensaci\u00f3n por dolor y sufrimiento. Tu abogado te guiar\u00e1 a trav\u00e9s de este proceso y trabajar\u00e1 para garantizar que recibas la compensaci\u00f3n que mereces.<\/p>\n\n\n\n<h2 class=\"wp-block-heading\" id=\"contacta-un-abogado-con-experiencia-en-accidentes-agricolas-de-syracuse\">Contacta un abogado con experiencia en accidentes agr\u00edcolas de Syracuse<\/h2>\n\n\n\n<p>En Carden Dotzler Hammond, PLLC, tenemos un historial de obtener con \u00e9xito la compensaci\u00f3n completa que necesitan nuestros clientes. Si has sufrido un accidente agr\u00edcola, no est\u00e1s solo\/a. Nuestros abogados expertos est\u00e1n preparados para buscar la compensaci\u00f3n completa que necesitas y mereces. Nos encargaremos de todos los aspectos de tu caso mientras t\u00fa te enfoca en tu recuperaci\u00f3n. No dudes en ponerte en <a href=\"https:\/\/lawcdh.com\/es\/contacto\/\">contacto<\/a> con Carden Dotzler Hammond, PLLC para programar una evaluaci\u00f3n gratuita y sin compromiso de tu caso.<\/p>\n\n\n\n<p><strong><em>Carden Dotzler Hammond, PLLC representa a clientes en el centro de Nueva York, Syracuse, el condado de Monroe, el condado de Jefferson, el condado de Oswego, el condado de Ontario y el condado de Onondaga, incluidos los pueblos y aldeas de Camillus, Cicero, Clay, Dewitt, Elbridge, Geddes, Manlius, Marcellus, Onondaga, Salina, Skaneateles, Baldwinsville, East Syracuse, Fayetteville, Liverpool, North Syracuse y Solvay.<\/em><\/strong><\/p>\n","protected":false},"excerpt":{"rendered":"<p>Los agricultores del \u00e1rea metropolitana de Syracuse trabajan arduamente para proporcionarnos los alimentos que necesitamos. Todos los d\u00edas, cientos de trabajadores agr\u00edcolas sufren lesiones graves en Nueva York y en todo Estados Unidos. La mayor\u00eda de los accidentes agr\u00edcolas se dan por la operaci\u00f3n negligente o imprudente de grandes equipos agr\u00edcolas. Otros accidentes involucran condiciones&#8230;<\/p>\n","protected":false},"author":17,"featured_media":3116,"parent":1771,"menu_order":0,"comment_status":"closed","ping_status":"closed","template":"","meta":{"_acf_changed":true,"footnotes":""},"tags":[],"class_list":["post-3024","page","type-page","status-publish","has-post-thumbnail","hentry"],"acf":[],"yoast_head":"<!-- This site is optimized with the Yoast SEO plugin v27.3 - https:\/\/yoast.com\/product\/yoast-seo-wordpress\/ -->\n<title>Abogado de Accidentes Agr\u00edcolas en Syracuse - CDH Law PLLC ES<\/title>\n<meta name=\"description\" content=\"Si ha resultado herido\/a en un accidente agr\u00edcola, CDH Law puede ayudarle a recuperar una compensaci\u00f3n. Ponte en contacto con nosotros hoy.\" \/>\n<meta name=\"robots\" content=\"index, follow, max-snippet:-1, max-image-preview:large, max-video-preview:-1\" \/>\n<link rel=\"canonical\" href=\"https:\/\/lawcdh.com\/es\/areas-de-practica\/lesiones-personales\/accidentes-agricolas\/\" \/>\n<meta property=\"og:locale\" content=\"en_US\" \/>\n<meta property=\"og:type\" content=\"article\" \/>\n<meta property=\"og:title\" content=\"Abogado de Accidentes Agr\u00edcolas en Syracuse - CDH Law PLLC ES\" \/>\n<meta property=\"og:description\" content=\"Si ha resultado herido\/a en un accidente agr\u00edcola, CDH Law puede ayudarle a recuperar una compensaci\u00f3n. Ponte en contacto con nosotros hoy.\" \/>\n<meta property=\"og:url\" content=\"https:\/\/lawcdh.com\/es\/areas-de-practica\/lesiones-personales\/accidentes-agricolas\/\" \/>\n<meta property=\"og:site_name\" content=\"CDH Law PLLC ES\" \/>\n<meta property=\"og:image\" content=\"https:\/\/lawcdh.com\/es\/wp-content\/uploads\/sites\/2\/2025\/02\/centrral-new-york-syracuse-farming-accident-attorneys.png\" \/>\n\t<meta property=\"og:image:width\" content=\"730\" \/>\n\t<meta property=\"og:image:height\" content=\"300\" \/>\n\t<meta property=\"og:image:type\" content=\"image\/png\" \/>\n<meta name=\"twitter:card\" content=\"summary_large_image\" \/>\n<meta name=\"twitter:label1\" content=\"Est. reading time\" \/>\n\t<meta name=\"twitter:data1\" content=\"6 minutes\" \/>\n<script type=\"application\/ld+json\" class=\"yoast-schema-graph\">{\"@context\":\"https:\\\/\\\/schema.org\",\"@graph\":[{\"@type\":\"WebPage\",\"@id\":\"https:\\\/\\\/lawcdh.com\\\/es\\\/areas-de-practica\\\/lesiones-personales\\\/accidentes-agricolas\\\/\",\"url\":\"https:\\\/\\\/lawcdh.com\\\/es\\\/areas-de-practica\\\/lesiones-personales\\\/accidentes-agricolas\\\/\",\"name\":\"Abogado de Accidentes Agr\u00edcolas en Syracuse - CDH Law PLLC ES\",\"isPartOf\":{\"@id\":\"https:\\\/\\\/lawcdh.com\\\/es\\\/#website\"},\"primaryImageOfPage\":{\"@id\":\"https:\\\/\\\/lawcdh.com\\\/es\\\/areas-de-practica\\\/lesiones-personales\\\/accidentes-agricolas\\\/#primaryimage\"},\"image\":{\"@id\":\"https:\\\/\\\/lawcdh.com\\\/es\\\/areas-de-practica\\\/lesiones-personales\\\/accidentes-agricolas\\\/#primaryimage\"},\"thumbnailUrl\":\"https:\\\/\\\/lawcdh.com\\\/es\\\/wp-content\\\/uploads\\\/sites\\\/2\\\/2025\\\/02\\\/centrral-new-york-syracuse-farming-accident-attorneys.png\",\"datePublished\":\"2025-02-12T15:58:22+00:00\",\"description\":\"Si ha resultado herido\\\/a en un accidente agr\u00edcola, CDH Law puede ayudarle a recuperar una compensaci\u00f3n. Ponte en contacto con nosotros hoy.\",\"breadcrumb\":{\"@id\":\"https:\\\/\\\/lawcdh.com\\\/es\\\/areas-de-practica\\\/lesiones-personales\\\/accidentes-agricolas\\\/#breadcrumb\"},\"inLanguage\":\"en-US\",\"potentialAction\":[{\"@type\":\"ReadAction\",\"target\":[\"https:\\\/\\\/lawcdh.com\\\/es\\\/areas-de-practica\\\/lesiones-personales\\\/accidentes-agricolas\\\/\"]}]},{\"@type\":\"ImageObject\",\"inLanguage\":\"en-US\",\"@id\":\"https:\\\/\\\/lawcdh.com\\\/es\\\/areas-de-practica\\\/lesiones-personales\\\/accidentes-agricolas\\\/#primaryimage\",\"url\":\"https:\\\/\\\/lawcdh.com\\\/es\\\/wp-content\\\/uploads\\\/sites\\\/2\\\/2025\\\/02\\\/centrral-new-york-syracuse-farming-accident-attorneys.png\",\"contentUrl\":\"https:\\\/\\\/lawcdh.com\\\/es\\\/wp-content\\\/uploads\\\/sites\\\/2\\\/2025\\\/02\\\/centrral-new-york-syracuse-farming-accident-attorneys.png\",\"width\":730,\"height\":300,\"caption\":\"Hombres trabajando en una granja\"},{\"@type\":\"BreadcrumbList\",\"@id\":\"https:\\\/\\\/lawcdh.com\\\/es\\\/areas-de-practica\\\/lesiones-personales\\\/accidentes-agricolas\\\/#breadcrumb\",\"itemListElement\":[{\"@type\":\"ListItem\",\"position\":1,\"name\":\"Home\",\"item\":\"https:\\\/\\\/lawcdh.com\\\/es\\\/\"},{\"@type\":\"ListItem\",\"position\":2,\"name\":\"\u00c1reas de Pr\u00e1ctica\",\"item\":\"https:\\\/\\\/lawcdh.com\\\/es\\\/areas-de-practica\\\/\"},{\"@type\":\"ListItem\",\"position\":3,\"name\":\"Lesiones Personales\",\"item\":\"https:\\\/\\\/lawcdh.com\\\/es\\\/areas-de-practica\\\/lesiones-personales\\\/\"},{\"@type\":\"ListItem\",\"position\":4,\"name\":\"Accidentes Agr\u00edcolas\"}]},{\"@type\":\"WebSite\",\"@id\":\"https:\\\/\\\/lawcdh.com\\\/es\\\/#website\",\"url\":\"https:\\\/\\\/lawcdh.com\\\/es\\\/\",\"name\":\"CDH Law PLLC ES\",\"description\":\"\",\"potentialAction\":[{\"@type\":\"SearchAction\",\"target\":{\"@type\":\"EntryPoint\",\"urlTemplate\":\"https:\\\/\\\/lawcdh.com\\\/es\\\/?s={search_term_string}\"},\"query-input\":{\"@type\":\"PropertyValueSpecification\",\"valueRequired\":true,\"valueName\":\"search_term_string\"}}],\"inLanguage\":\"en-US\"}]}<\/script>\n<!-- \/ Yoast SEO plugin. -->","yoast_head_json":{"title":"Abogado de Accidentes Agr\u00edcolas en Syracuse - CDH Law PLLC ES","description":"Si ha resultado herido\/a en un accidente agr\u00edcola, CDH Law puede ayudarle a recuperar una compensaci\u00f3n. Ponte en contacto con nosotros hoy.","robots":{"index":"index","follow":"follow","max-snippet":"max-snippet:-1","max-image-preview":"max-image-preview:large","max-video-preview":"max-video-preview:-1"},"canonical":"https:\/\/lawcdh.com\/es\/areas-de-practica\/lesiones-personales\/accidentes-agricolas\/","og_locale":"en_US","og_type":"article","og_title":"Abogado de Accidentes Agr\u00edcolas en Syracuse - CDH Law PLLC ES","og_description":"Si ha resultado herido\/a en un accidente agr\u00edcola, CDH Law puede ayudarle a recuperar una compensaci\u00f3n. Ponte en contacto con nosotros hoy.","og_url":"https:\/\/lawcdh.com\/es\/areas-de-practica\/lesiones-personales\/accidentes-agricolas\/","og_site_name":"CDH Law PLLC ES","og_image":[{"width":730,"height":300,"url":"https:\/\/lawcdh.com\/es\/wp-content\/uploads\/sites\/2\/2025\/02\/centrral-new-york-syracuse-farming-accident-attorneys.png","type":"image\/png"}],"twitter_card":"summary_large_image","twitter_misc":{"Est. reading time":"6 minutes"},"schema":{"@context":"https:\/\/schema.org","@graph":[{"@type":"WebPage","@id":"https:\/\/lawcdh.com\/es\/areas-de-practica\/lesiones-personales\/accidentes-agricolas\/","url":"https:\/\/lawcdh.com\/es\/areas-de-practica\/lesiones-personales\/accidentes-agricolas\/","name":"Abogado de Accidentes Agr\u00edcolas en Syracuse - CDH Law PLLC ES","isPartOf":{"@id":"https:\/\/lawcdh.com\/es\/#website"},"primaryImageOfPage":{"@id":"https:\/\/lawcdh.com\/es\/areas-de-practica\/lesiones-personales\/accidentes-agricolas\/#primaryimage"},"image":{"@id":"https:\/\/lawcdh.com\/es\/areas-de-practica\/lesiones-personales\/accidentes-agricolas\/#primaryimage"},"thumbnailUrl":"https:\/\/lawcdh.com\/es\/wp-content\/uploads\/sites\/2\/2025\/02\/centrral-new-york-syracuse-farming-accident-attorneys.png","datePublished":"2025-02-12T15:58:22+00:00","description":"Si ha resultado herido\/a en un accidente agr\u00edcola, CDH Law puede ayudarle a recuperar una compensaci\u00f3n. Ponte en contacto con nosotros hoy.","breadcrumb":{"@id":"https:\/\/lawcdh.com\/es\/areas-de-practica\/lesiones-personales\/accidentes-agricolas\/#breadcrumb"},"inLanguage":"en-US","potentialAction":[{"@type":"ReadAction","target":["https:\/\/lawcdh.com\/es\/areas-de-practica\/lesiones-personales\/accidentes-agricolas\/"]}]},{"@type":"ImageObject","inLanguage":"en-US","@id":"https:\/\/lawcdh.com\/es\/areas-de-practica\/lesiones-personales\/accidentes-agricolas\/#primaryimage","url":"https:\/\/lawcdh.com\/es\/wp-content\/uploads\/sites\/2\/2025\/02\/centrral-new-york-syracuse-farming-accident-attorneys.png","contentUrl":"https:\/\/lawcdh.com\/es\/wp-content\/uploads\/sites\/2\/2025\/02\/centrral-new-york-syracuse-farming-accident-attorneys.png","width":730,"height":300,"caption":"Hombres trabajando en una granja"},{"@type":"BreadcrumbList","@id":"https:\/\/lawcdh.com\/es\/areas-de-practica\/lesiones-personales\/accidentes-agricolas\/#breadcrumb","itemListElement":[{"@type":"ListItem","position":1,"name":"Home","item":"https:\/\/lawcdh.com\/es\/"},{"@type":"ListItem","position":2,"name":"\u00c1reas de Pr\u00e1ctica","item":"https:\/\/lawcdh.com\/es\/areas-de-practica\/"},{"@type":"ListItem","position":3,"name":"Lesiones Personales","item":"https:\/\/lawcdh.com\/es\/areas-de-practica\/lesiones-personales\/"},{"@type":"ListItem","position":4,"name":"Accidentes Agr\u00edcolas"}]},{"@type":"WebSite","@id":"https:\/\/lawcdh.com\/es\/#website","url":"https:\/\/lawcdh.com\/es\/","name":"CDH Law PLLC ES","description":"","potentialAction":[{"@type":"SearchAction","target":{"@type":"EntryPoint","urlTemplate":"https:\/\/lawcdh.com\/es\/?s={search_term_string}"},"query-input":{"@type":"PropertyValueSpecification","valueRequired":true,"valueName":"search_term_string"}}],"inLanguage":"en-US"}]}},"_links":{"self":[{"href":"https:\/\/lawcdh.com\/es\/wp-json\/wp\/v2\/pages\/3024","targetHints":{"allow":["GET"]}}],"collection":[{"href":"https:\/\/lawcdh.com\/es\/wp-json\/wp\/v2\/pages"}],"about":[{"href":"https:\/\/lawcdh.com\/es\/wp-json\/wp\/v2\/types\/page"}],"author":[{"embeddable":true,"href":"https:\/\/lawcdh.com\/es\/wp-json\/wp\/v2\/users\/17"}],"replies":[{"embeddable":true,"href":"https:\/\/lawcdh.com\/es\/wp-json\/wp\/v2\/comments?post=3024"}],"version-history":[{"count":0,"href":"https:\/\/lawcdh.com\/es\/wp-json\/wp\/v2\/pages\/3024\/revisions"}],"up":[{"embeddable":true,"href":"https:\/\/lawcdh.com\/es\/wp-json\/wp\/v2\/pages\/1771"}],"wp:featuredmedia":[{"embeddable":true,"href":"https:\/\/lawcdh.com\/es\/wp-json\/wp\/v2\/media\/3116"}],"wp:attachment":[{"href":"https:\/\/lawcdh.com\/es\/wp-json\/wp\/v2\/media?parent=3024"}],"wp:term":[{"taxonomy":"post_tag","embeddable":true,"href":"https:\/\/lawcdh.com\/es\/wp-json\/wp\/v2\/tags?post=3024"}],"curies":[{"name":"wp","href":"https:\/\/api.w.org\/{rel}","templated":true}]}}