{"id":3029,"date":"2025-02-12T15:55:30","date_gmt":"2025-02-12T15:55:30","guid":{"rendered":"https:\/\/lawcdh.com\/es\/?page_id=3029"},"modified":"2025-02-12T15:55:30","modified_gmt":"2025-02-12T15:55:30","slug":"seguridad-negligente","status":"publish","type":"page","link":"https:\/\/lawcdh.com\/es\/areas-de-practica\/lesiones-personales\/responsabilidad-de-las-instalaciones\/seguridad-negligente\/","title":{"rendered":"Seguridad Negligente"},"content":{"rendered":"\n<p>Cuando estamos en la propiedad de otra persona, esperamos que est\u00e9 libre de peligros y riesgos aparentes. Cuando los propietarios no mantienen sus propiedades razonablemente seguras para los hu\u00e9spedes y clientes, las v\u00edctimas inocentes pueden resultar gravemente heridas por ataques criminales, incluidos los asaltos. Las v\u00edctimas de negligencia en accidentes de seguridad pueden sufrir lesiones catastr\u00f3ficas o incluso la muerte.<\/p>\n\n\n\n<p>Si t\u00fa o un ser querido ha resultado lesionado en la propiedad de otra persona, es posible que tengas derecho a solicitar una compensaci\u00f3n a trav\u00e9s de una demanda por seguridad negligente. Los abogados de <a href=\"https:\/\/lawcdh.com\/es\/areas-de-practica\/lesiones-personales\/\">lesiones personales<\/a> de Carden Dotzler Hammond, PLLC, est\u00e1n preparados para ayudarte a comprender sus derechos legales y buscar el acuerdo m\u00e1s favorable posible en tu caso. No dudes en ponerte en contacto con nosotros y programar una evaluaci\u00f3n gratuita de tu caso para obtener m\u00e1s informaci\u00f3n sobre tus opciones legales.<\/p>\n\n\n\n<h2 class=\"wp-block-heading\" id=\"que-es-seguridad-negligente\">\u00bfQu\u00e9 es seguridad negligente?<\/h2>\n\n\n\n<p>Muchas v\u00edctimas de actividades delictivas no son conscientes de que los propietarios podr\u00edan ser responsables de sus lesiones. Seg\u00fan la ley de Nueva York, todos los propietarios son responsables de mantener a las personas razonablemente a salvo de sufrir lesiones graves. La seguridad negligente ocurre cuando los propietarios no usan un cuidado razonable para evitar que las personas resulten heridas por ataques criminales en su propiedad.<\/p>\n\n\n\n<p>Cuando los propietarios saben o deber\u00edan saber que la actividad delictiva podr\u00eda ocurrir razonablemente en su propiedad, deben tomar medidas para prevenir \u00e9sta y mantener a las personas seguras. Entre los ejemplos m\u00e1s comunes de seguridad negligente se incluyen los siguientes:<\/p>\n\n\n\n<ul class=\"wp-block-list\">\n<li>Falta de c\u00e1maras de seguridad y alarmas<\/li>\n\n\n\n<li>Falta de guardias de seguridad<\/li>\n\n\n\n<li>Guardias de seguridad sin entrenamiento o negligentes<\/li>\n\n\n\n<li>Poca iluminaci\u00f3n en \u00e1reas peligrosas<\/li>\n\n\n\n<li>Falta de cerraduras en puertas y ventanas<\/li>\n\n\n\n<li>Cerraduras rotas o ineficaces en puertas y ventanas<\/li>\n<\/ul>\n\n\n\n<h2 class=\"wp-block-heading\" id=\"tengo-un-caso-de-responsabilidad-de-establecimientos\">\u00bfTengo un caso de responsabilidad de establecimientos?<\/h2>\n\n\n\n<p>Los casos de seguridad negligente caen bajo el paraguas de los casos de responsabilidad de establecimientos. La mejor manera de saber si tienes un caso v\u00e1lido de responsabilidad de establecimientos es hablar con un abogado con experiencia. \u00c9ste podr\u00e1 revisar los hechos de tu caso y aconsejarte si cree que podr\u00e1 probar todos los elementos de un caso de responsabilidad de establecimientos, y el valor potencial de tu reclamo. Debes probar que el due\u00f1o de la propiedad ten\u00eda un deber de cuidado hacia ti.<\/p>\n\n\n\n<p>Siempre y cuando t\u00fa estuvieras legalmente en la propiedad y no invadi\u00e9ndola, es probable que el due\u00f1o de la propiedad tuviera un deber de cuidado para protegerte de lesiones previsibles causadas por condiciones peligrosas. Tambi\u00e9n debes demostrar que el ataque que caus\u00f3 tus lesiones era previsible por el due\u00f1o de la propiedad.<\/p>\n\n\n\n<p>Un ejemplo de un delito previsible ser\u00eda un robo en un local comercial en una zona con un alto \u00edndice de criminalidad. Si los negocios cercanos a la propiedad hubieran sido objeto de robos, es previsible que se produjera un robo. El due\u00f1o de la propiedad debe saber que los clientes corren un mayor riesgo de ser atacados por ladrones y debe tomar las precauciones adecuadas para evitar que se lesionen. Por \u00faltimo, tendr\u00e1s que demostrar que el due\u00f1o de la propiedad no se asegur\u00f3 de que hubiera una seguridad adecuada en la propiedad para evitar el ataque y tus lesiones.<\/p>\n\n\n\n<h2 class=\"wp-block-heading\" id=\"lesiones-causadas-por-seguridad-negligente\">Lesiones causadas por seguridad negligente<\/h2>\n\n\n\n<p>Los ataques f\u00edsicos pueden causar lesiones devastadoras y duraderas, que incluyen, entre otras, las siguientes:<\/p>\n\n\n\n<ul class=\"wp-block-list\">\n<li>Par\u00e1lisis<\/li>\n\n\n\n<li>Huesos rotos<\/li>\n\n\n\n<li>Lesiones en el pecho<\/li>\n\n\n\n<li>Da\u00f1os en tejidos blandos<\/li>\n\n\n\n<li>Da\u00f1os a los \u00f3rganos<\/li>\n\n\n\n<li>Lesiones catastr\u00f3ficas<\/li>\n\n\n\n<li>Da\u00f1os a la m\u00e9dula espinal<\/li>\n\n\n\n<li>Lesiones traum\u00e1ticas del cerebro (TBI)<\/li>\n\n\n\n<li>Trastorno de estr\u00e9s postraum\u00e1tico (TEPT)<\/li>\n\n\n\n<li>Lesiones de espalda<\/li>\n\n\n\n<li>Lesiones en cabeza y cuello<\/li>\n<\/ul>\n\n\n\n<p>Algunas agresiones f\u00edsicas pueden incluso provocar lesiones mortales. Si tu ser querido fue asesinado en un ataque violento a la propiedad de otra persona, nuestros abogados de muertes por negligencia luchar\u00e1n para buscar justicia para tu ser querido. Aunque nada puede traerle de vuelta, presentar una demanda por homicidio culposo puede ayudarte a ti y a tu familia a recuperar una compensaci\u00f3n para los gastos funerarios de tu ser querido y otros da\u00f1os.<\/p>\n\n\n\n<h2 class=\"wp-block-heading\" id=\"probar-la-responsabilidad-en-casos-de-seguridad-negligente\">Probar la responsabilidad en casos de seguridad negligente<\/h2>\n\n\n\n<p>Recuperar una compensaci\u00f3n despu\u00e9s de haber sido lesionado\/a debido a una seguridad negligente puede ser un desaf\u00edo. Dos formas principales de recuperar una compensaci\u00f3n incluyen una demanda por lesiones personales y un reclamo de seguro. En ambos casos, deber\u00e1s demostrar que el due\u00f1o de la propiedad es responsable o financiera y legalmente responsable de tus lesiones.<\/p>\n\n\n\n<p>Aun cuando los propietarios tengan un seguro que podr\u00eda cubrir los gastos relacionados con tus lesiones, es posible que traten de evitar aceptar la culpa. Los peritos de seguros pueden afirmar que t\u00fa tuviste la culpa del accidente o que el accidente no est\u00e1 cubierto por la p\u00f3liza de seguro del due\u00f1o de la propiedad.<\/p>\n\n\n\n<p>Antes de proporcionar una declaraci\u00f3n grabada a la compa\u00f1\u00eda de seguros, es importante hablar con tu abogado. En Carden Dotzler Hammond, PLLC, nos encargaremos de todos los aspectos de tu caso, incluidas todas las comunicaciones y negociaciones con la compa\u00f1\u00eda de seguros. Investigaremos cuidadosamente las circunstancias de tu caso y determinaremos qu\u00e9 parte o partes pueden ser consideradas responsables de tus lesiones. Las v\u00edctimas de seguridad negligente pueden responsabilizar a los propietarios de los siguientes tipos de propiedades:<\/p>\n\n\n\n<ul class=\"wp-block-list\">\n<li>Propietarios de apartamentos<\/li>\n\n\n\n<li>Bares and clubes<\/li>\n\n\n\n<li>Due\u00f1os de negocios<\/li>\n\n\n\n<li>Centros comerciales<\/li>\n\n\n\n<li>Hospitales<\/li>\n\n\n\n<li>Estacionamientos<\/li>\n\n\n\n<li>Autoridades locales de transporte<\/li>\n\n\n\n<li>Entidades gubernamentales<\/li>\n\n\n\n<li>Bancos y otras instituciones financieras<\/li>\n<\/ul>\n\n\n\n<h2 class=\"wp-block-heading\" id=\"compensacion-disponible-en-casos-de-seguridad-negligente\">Compensaci\u00f3n disponible en casos de seguridad negligente\u00a0<\/h2>\n\n\n\n<p>Una lesi\u00f3n grave puede tener un costo financiero devastador para la v\u00edctima y sus seres queridos. Tus facturas m\u00e9dicas pueden ser solo la punta del iceberg, especialmente si no puedes trabajar. Carden Dotzler Hammond, PLLC tiene los recursos necesarios para trabajar con expertos m\u00e9dicos financieros para determinar el valor total de tu reclamo y buscar la mayor compensaci\u00f3n posible. Un acuerdo integral por una lesi\u00f3n de seguridad negligente debe cubrir todas tus p\u00e9rdidas financieras actuales y futuras, incluidas las siguientes:<\/p>\n\n\n\n<ul class=\"wp-block-list\">\n<li>Facturas m\u00e9dicas actuales y futuras<\/li>\n\n\n\n<li>Costos de rehabilitaci\u00f3n y terapia f\u00edsica<\/li>\n\n\n\n<li>Cuidados de enfermer\u00eda<\/li>\n\n\n\n<li>Modificaciones para adaptar tu casa<\/li>\n\n\n\n<li>Salarios perdidos<\/li>\n\n\n\n<li>P\u00e9rdida de la capacidad de ingresos debido a discapacidad<\/li>\n\n\n\n<li>Dolor y sufrimiento<\/li>\n\n\n\n<li>Disminuci\u00f3n de la calidad de vida<\/li>\n\n\n\n<li>Trauma emocional<\/li>\n\n\n\n<li>Da\u00f1os a la propiedad<\/li>\n<\/ul>\n\n\n\n<h2 class=\"wp-block-heading\" id=\"contacta-un-abogado-experimentado-en-lesiones-personales-en-syracuse\"><strong>Contacta un abogado experimentado en lesiones personales en Syracuse<\/strong><\/h2>\n\n\n\n<p>Cuando las pr\u00e1cticas de seguridad negligentes del due\u00f1o de una propiedad resultan en lesiones, las v\u00edctimas pueden buscar una compensaci\u00f3n a trav\u00e9s de una demanda por lesiones personales. Los abogados de lesiones personales de Carden Dotzler Hammond, PLLC est\u00e1n preparados para ayudarte a recuperar la mayor compensaci\u00f3n posible. Solo cobramos honorarios legales una vez que llegamos a un acuerdo o veredicto para nuestros clientes. Ponte en <a href=\"https:\/\/lawcdh.com\/es\/contacto\/\">contacto<\/a> con Carden Dotzler Hammond, PLLC para programar una evaluaci\u00f3n gratuita de tu caso.<\/p>\n\n\n\n<p><strong><em>Carden Dotzler Hammond, PLLC representa a clientes en el centro de Nueva York, Syracuse, el condado de Monroe, el condado de Jefferson, el condado de Oswego, el condado de Ontario y el condado de Onondaga, incluidos los pueblos y aldeas de Camillus, Cicero, Clay, Dewitt, Elbridge, Geddes, Manlius, Marcellus, Onondaga, Salina, Skaneateles, Baldwinsville, East Syracuse, Fayetteville, Liverpool, North Syracuse y Solvay.<\/em><\/strong><\/p>\n","protected":false},"excerpt":{"rendered":"<p>Cuando estamos en la propiedad de otra persona, esperamos que est\u00e9 libre de peligros y riesgos aparentes. Cuando los propietarios no mantienen sus propiedades razonablemente seguras para los hu\u00e9spedes y clientes, las v\u00edctimas inocentes pueden resultar gravemente heridas por ataques criminales, incluidos los asaltos. Las v\u00edctimas de negligencia en accidentes de seguridad pueden sufrir lesiones&#8230;<\/p>\n","protected":false},"author":17,"featured_media":3115,"parent":2137,"menu_order":0,"comment_status":"closed","ping_status":"closed","template":"","meta":{"_acf_changed":true,"footnotes":""},"tags":[],"class_list":["post-3029","page","type-page","status-publish","has-post-thumbnail","hentry"],"acf":[],"yoast_head":"<!-- This site is optimized with the Yoast SEO plugin v27.4 - https:\/\/yoast.com\/product\/yoast-seo-wordpress\/ -->\n<title>Abogado de Seguridad Negligente en Syracuse - CDH Law PLLC ES<\/title>\n<meta name=\"description\" content=\"Si ha resultado gravemente herido por seguridad negligente en Syracuse, comun\u00edquese con los abogados de Carden Dotzler Hammond, PLLC.\" \/>\n<meta name=\"robots\" content=\"index, follow, max-snippet:-1, max-image-preview:large, max-video-preview:-1\" \/>\n<link rel=\"canonical\" href=\"https:\/\/lawcdh.com\/es\/areas-de-practica\/lesiones-personales\/responsabilidad-de-las-instalaciones\/seguridad-negligente\/\" \/>\n<meta property=\"og:locale\" content=\"es_MX\" \/>\n<meta property=\"og:type\" content=\"article\" \/>\n<meta property=\"og:title\" content=\"Abogado de Seguridad Negligente en Syracuse - CDH Law PLLC ES\" \/>\n<meta property=\"og:description\" content=\"Si ha resultado gravemente herido por seguridad negligente en Syracuse, comun\u00edquese con los abogados de Carden Dotzler Hammond, PLLC.\" \/>\n<meta property=\"og:url\" content=\"https:\/\/lawcdh.com\/es\/areas-de-practica\/lesiones-personales\/responsabilidad-de-las-instalaciones\/seguridad-negligente\/\" \/>\n<meta property=\"og:site_name\" content=\"CDH Law PLLC ES\" \/>\n<meta property=\"og:image\" content=\"https:\/\/lawcdh.com\/es\/wp-content\/uploads\/sites\/2\/2025\/02\/central-new-york-negligent-security-attorneys.png\" \/>\n\t<meta property=\"og:image:width\" content=\"730\" \/>\n\t<meta property=\"og:image:height\" content=\"300\" \/>\n\t<meta property=\"og:image:type\" content=\"image\/png\" \/>\n<meta name=\"twitter:card\" content=\"summary_large_image\" \/>\n<meta name=\"twitter:label1\" content=\"Est. reading time\" \/>\n\t<meta name=\"twitter:data1\" content=\"6 minutos\" \/>\n<script type=\"application\/ld+json\" class=\"yoast-schema-graph\">{\"@context\":\"https:\\\/\\\/schema.org\",\"@graph\":[{\"@type\":\"WebPage\",\"@id\":\"https:\\\/\\\/lawcdh.com\\\/es\\\/areas-de-practica\\\/lesiones-personales\\\/responsabilidad-de-las-instalaciones\\\/seguridad-negligente\\\/\",\"url\":\"https:\\\/\\\/lawcdh.com\\\/es\\\/areas-de-practica\\\/lesiones-personales\\\/responsabilidad-de-las-instalaciones\\\/seguridad-negligente\\\/\",\"name\":\"Abogado de Seguridad Negligente en Syracuse - CDH Law PLLC ES\",\"isPartOf\":{\"@id\":\"https:\\\/\\\/lawcdh.com\\\/es\\\/#website\"},\"primaryImageOfPage\":{\"@id\":\"https:\\\/\\\/lawcdh.com\\\/es\\\/areas-de-practica\\\/lesiones-personales\\\/responsabilidad-de-las-instalaciones\\\/seguridad-negligente\\\/#primaryimage\"},\"image\":{\"@id\":\"https:\\\/\\\/lawcdh.com\\\/es\\\/areas-de-practica\\\/lesiones-personales\\\/responsabilidad-de-las-instalaciones\\\/seguridad-negligente\\\/#primaryimage\"},\"thumbnailUrl\":\"https:\\\/\\\/lawcdh.com\\\/es\\\/wp-content\\\/uploads\\\/sites\\\/2\\\/2025\\\/02\\\/central-new-york-negligent-security-attorneys.png\",\"datePublished\":\"2025-02-12T15:55:30+00:00\",\"description\":\"Si ha resultado gravemente herido por seguridad negligente en Syracuse, comun\u00edquese con los abogados de Carden Dotzler Hammond, PLLC.\",\"breadcrumb\":{\"@id\":\"https:\\\/\\\/lawcdh.com\\\/es\\\/areas-de-practica\\\/lesiones-personales\\\/responsabilidad-de-las-instalaciones\\\/seguridad-negligente\\\/#breadcrumb\"},\"inLanguage\":\"es\",\"potentialAction\":[{\"@type\":\"ReadAction\",\"target\":[\"https:\\\/\\\/lawcdh.com\\\/es\\\/areas-de-practica\\\/lesiones-personales\\\/responsabilidad-de-las-instalaciones\\\/seguridad-negligente\\\/\"]}]},{\"@type\":\"ImageObject\",\"inLanguage\":\"es\",\"@id\":\"https:\\\/\\\/lawcdh.com\\\/es\\\/areas-de-practica\\\/lesiones-personales\\\/responsabilidad-de-las-instalaciones\\\/seguridad-negligente\\\/#primaryimage\",\"url\":\"https:\\\/\\\/lawcdh.com\\\/es\\\/wp-content\\\/uploads\\\/sites\\\/2\\\/2025\\\/02\\\/central-new-york-negligent-security-attorneys.png\",\"contentUrl\":\"https:\\\/\\\/lawcdh.com\\\/es\\\/wp-content\\\/uploads\\\/sites\\\/2\\\/2025\\\/02\\\/central-new-york-negligent-security-attorneys.png\",\"width\":730,\"height\":300,\"caption\":\"Complejo de apartamentos en Siracusa\"},{\"@type\":\"BreadcrumbList\",\"@id\":\"https:\\\/\\\/lawcdh.com\\\/es\\\/areas-de-practica\\\/lesiones-personales\\\/responsabilidad-de-las-instalaciones\\\/seguridad-negligente\\\/#breadcrumb\",\"itemListElement\":[{\"@type\":\"ListItem\",\"position\":1,\"name\":\"Home\",\"item\":\"https:\\\/\\\/lawcdh.com\\\/es\\\/\"},{\"@type\":\"ListItem\",\"position\":2,\"name\":\"\u00c1reas de Pr\u00e1ctica\",\"item\":\"https:\\\/\\\/lawcdh.com\\\/es\\\/areas-de-practica\\\/\"},{\"@type\":\"ListItem\",\"position\":3,\"name\":\"Lesiones Personales\",\"item\":\"https:\\\/\\\/lawcdh.com\\\/es\\\/areas-de-practica\\\/lesiones-personales\\\/\"},{\"@type\":\"ListItem\",\"position\":4,\"name\":\"Responsabilidad de Las Instalaciones\",\"item\":\"https:\\\/\\\/lawcdh.com\\\/es\\\/areas-de-practica\\\/lesiones-personales\\\/responsabilidad-de-las-instalaciones\\\/\"},{\"@type\":\"ListItem\",\"position\":5,\"name\":\"Seguridad Negligente\"}]},{\"@type\":\"WebSite\",\"@id\":\"https:\\\/\\\/lawcdh.com\\\/es\\\/#website\",\"url\":\"https:\\\/\\\/lawcdh.com\\\/es\\\/\",\"name\":\"CDH Law PLLC ES\",\"description\":\"\",\"potentialAction\":[{\"@type\":\"SearchAction\",\"target\":{\"@type\":\"EntryPoint\",\"urlTemplate\":\"https:\\\/\\\/lawcdh.com\\\/es\\\/?s={search_term_string}\"},\"query-input\":{\"@type\":\"PropertyValueSpecification\",\"valueRequired\":true,\"valueName\":\"search_term_string\"}}],\"inLanguage\":\"es\"}]}<\/script>\n<!-- \/ Yoast SEO plugin. -->","yoast_head_json":{"title":"Abogado de Seguridad Negligente en Syracuse - CDH Law PLLC ES","description":"Si ha resultado gravemente herido por seguridad negligente en Syracuse, comun\u00edquese con los abogados de Carden Dotzler Hammond, PLLC.","robots":{"index":"index","follow":"follow","max-snippet":"max-snippet:-1","max-image-preview":"max-image-preview:large","max-video-preview":"max-video-preview:-1"},"canonical":"https:\/\/lawcdh.com\/es\/areas-de-practica\/lesiones-personales\/responsabilidad-de-las-instalaciones\/seguridad-negligente\/","og_locale":"es_MX","og_type":"article","og_title":"Abogado de Seguridad Negligente en Syracuse - CDH Law PLLC ES","og_description":"Si ha resultado gravemente herido por seguridad negligente en Syracuse, comun\u00edquese con los abogados de Carden Dotzler Hammond, PLLC.","og_url":"https:\/\/lawcdh.com\/es\/areas-de-practica\/lesiones-personales\/responsabilidad-de-las-instalaciones\/seguridad-negligente\/","og_site_name":"CDH Law PLLC ES","og_image":[{"width":730,"height":300,"url":"https:\/\/lawcdh.com\/es\/wp-content\/uploads\/sites\/2\/2025\/02\/central-new-york-negligent-security-attorneys.png","type":"image\/png"}],"twitter_card":"summary_large_image","twitter_misc":{"Est. reading time":"6 minutos"},"schema":{"@context":"https:\/\/schema.org","@graph":[{"@type":"WebPage","@id":"https:\/\/lawcdh.com\/es\/areas-de-practica\/lesiones-personales\/responsabilidad-de-las-instalaciones\/seguridad-negligente\/","url":"https:\/\/lawcdh.com\/es\/areas-de-practica\/lesiones-personales\/responsabilidad-de-las-instalaciones\/seguridad-negligente\/","name":"Abogado de Seguridad Negligente en Syracuse - CDH Law PLLC ES","isPartOf":{"@id":"https:\/\/lawcdh.com\/es\/#website"},"primaryImageOfPage":{"@id":"https:\/\/lawcdh.com\/es\/areas-de-practica\/lesiones-personales\/responsabilidad-de-las-instalaciones\/seguridad-negligente\/#primaryimage"},"image":{"@id":"https:\/\/lawcdh.com\/es\/areas-de-practica\/lesiones-personales\/responsabilidad-de-las-instalaciones\/seguridad-negligente\/#primaryimage"},"thumbnailUrl":"https:\/\/lawcdh.com\/es\/wp-content\/uploads\/sites\/2\/2025\/02\/central-new-york-negligent-security-attorneys.png","datePublished":"2025-02-12T15:55:30+00:00","description":"Si ha resultado gravemente herido por seguridad negligente en Syracuse, comun\u00edquese con los abogados de Carden Dotzler Hammond, PLLC.","breadcrumb":{"@id":"https:\/\/lawcdh.com\/es\/areas-de-practica\/lesiones-personales\/responsabilidad-de-las-instalaciones\/seguridad-negligente\/#breadcrumb"},"inLanguage":"es","potentialAction":[{"@type":"ReadAction","target":["https:\/\/lawcdh.com\/es\/areas-de-practica\/lesiones-personales\/responsabilidad-de-las-instalaciones\/seguridad-negligente\/"]}]},{"@type":"ImageObject","inLanguage":"es","@id":"https:\/\/lawcdh.com\/es\/areas-de-practica\/lesiones-personales\/responsabilidad-de-las-instalaciones\/seguridad-negligente\/#primaryimage","url":"https:\/\/lawcdh.com\/es\/wp-content\/uploads\/sites\/2\/2025\/02\/central-new-york-negligent-security-attorneys.png","contentUrl":"https:\/\/lawcdh.com\/es\/wp-content\/uploads\/sites\/2\/2025\/02\/central-new-york-negligent-security-attorneys.png","width":730,"height":300,"caption":"Complejo de apartamentos en Siracusa"},{"@type":"BreadcrumbList","@id":"https:\/\/lawcdh.com\/es\/areas-de-practica\/lesiones-personales\/responsabilidad-de-las-instalaciones\/seguridad-negligente\/#breadcrumb","itemListElement":[{"@type":"ListItem","position":1,"name":"Home","item":"https:\/\/lawcdh.com\/es\/"},{"@type":"ListItem","position":2,"name":"\u00c1reas de Pr\u00e1ctica","item":"https:\/\/lawcdh.com\/es\/areas-de-practica\/"},{"@type":"ListItem","position":3,"name":"Lesiones Personales","item":"https:\/\/lawcdh.com\/es\/areas-de-practica\/lesiones-personales\/"},{"@type":"ListItem","position":4,"name":"Responsabilidad de Las Instalaciones","item":"https:\/\/lawcdh.com\/es\/areas-de-practica\/lesiones-personales\/responsabilidad-de-las-instalaciones\/"},{"@type":"ListItem","position":5,"name":"Seguridad Negligente"}]},{"@type":"WebSite","@id":"https:\/\/lawcdh.com\/es\/#website","url":"https:\/\/lawcdh.com\/es\/","name":"CDH Law PLLC ES","description":"","potentialAction":[{"@type":"SearchAction","target":{"@type":"EntryPoint","urlTemplate":"https:\/\/lawcdh.com\/es\/?s={search_term_string}"},"query-input":{"@type":"PropertyValueSpecification","valueRequired":true,"valueName":"search_term_string"}}],"inLanguage":"es"}]}},"_links":{"self":[{"href":"https:\/\/lawcdh.com\/es\/wp-json\/wp\/v2\/pages\/3029","targetHints":{"allow":["GET"]}}],"collection":[{"href":"https:\/\/lawcdh.com\/es\/wp-json\/wp\/v2\/pages"}],"about":[{"href":"https:\/\/lawcdh.com\/es\/wp-json\/wp\/v2\/types\/page"}],"author":[{"embeddable":true,"href":"https:\/\/lawcdh.com\/es\/wp-json\/wp\/v2\/users\/17"}],"replies":[{"embeddable":true,"href":"https:\/\/lawcdh.com\/es\/wp-json\/wp\/v2\/comments?post=3029"}],"version-history":[{"count":0,"href":"https:\/\/lawcdh.com\/es\/wp-json\/wp\/v2\/pages\/3029\/revisions"}],"up":[{"embeddable":true,"href":"https:\/\/lawcdh.com\/es\/wp-json\/wp\/v2\/pages\/2137"}],"wp:featuredmedia":[{"embeddable":true,"href":"https:\/\/lawcdh.com\/es\/wp-json\/wp\/v2\/media\/3115"}],"wp:attachment":[{"href":"https:\/\/lawcdh.com\/es\/wp-json\/wp\/v2\/media?parent=3029"}],"wp:term":[{"taxonomy":"post_tag","embeddable":true,"href":"https:\/\/lawcdh.com\/es\/wp-json\/wp\/v2\/tags?post=3029"}],"curies":[{"name":"wp","href":"https:\/\/api.w.org\/{rel}","templated":true}]}}