{"id":3099,"date":"2024-10-12T15:03:00","date_gmt":"2024-10-12T15:03:00","guid":{"rendered":"https:\/\/lawcdh.com\/es\/?page_id=3099"},"modified":"2025-02-13T15:19:53","modified_gmt":"2025-02-13T15:19:53","slug":"paralisis","status":"publish","type":"page","link":"https:\/\/lawcdh.com\/es\/areas-de-practica\/lesiones-personales\/paralisis\/","title":{"rendered":"Par\u00e1lisis"},"content":{"rendered":"\n<p>Una lesi\u00f3n que causa par\u00e1lisis genera cambios profundos no solo para la persona afectada, sino tambi\u00e9n para toda su familia. Ya sea causada por un accidente laboral, un choque vehicular o un error m\u00e9dico, la par\u00e1lisis altera la rutina diaria, las oportunidades profesionales y los planes a futuro.<\/p>\n\n\n\n<p>En <strong><a href=\"https:\/\/lawcdh.com\/es\/\">CDH Law PLLC<\/a><\/strong>, nuestros abogados de <a href=\"https:\/\/lawcdh.com\/es\/areas-de-practica\/lesiones-personales\/\">lesiones personales<\/a> comprenden los desaf\u00edos complejos que enfrentan las personas que viven con par\u00e1lisis y sus familias. Contamos con experiencia comprobada en juicios y los recursos necesarios para luchar por la compensaci\u00f3n total que nuestros clientes merecen.<\/p>\n\n\n\n<h2 class=\"wp-block-heading\" id=\"entendiendo-la-paralisis\">Entendiendo la Par\u00e1lisis<\/h2>\n\n\n\n<p>La par\u00e1lisis ocurre cuando se interrumpe la conexi\u00f3n entre el cerebro y los m\u00fasculos, lo que lleva a una p\u00e9rdida de funci\u00f3n muscular en parte del cuerpo. Esto puede variar desde una p\u00e9rdida parcial hasta una p\u00e9rdida total de movimiento y puede afectar solo un lado o ambos lados del cuerpo. Cuando la par\u00e1lisis afecta la mitad inferior del cuerpo, incluidas ambas piernas, se conoce como paraplej\u00eda. Si afecta las cuatro extremidades \u2014ambos brazos y piernas\u2014 se llama cuadriplej\u00eda.<\/p>\n\n\n\n<p><strong>Los tipos m\u00e1s comunes incluyen:<\/strong><\/p>\n\n\n\n<ul class=\"wp-block-list\">\n<li><strong>Cuadriplej\u00eda<\/strong> \u2013 Afecta los cuatro miembros y el tronco (suele ser causada por lesiones en la regi\u00f3n cervical de la columna vertebral).<\/li>\n\n\n\n<li><strong>Monoplej\u00eda<\/strong> \u2013 Afecta un solo miembro o \u00e1rea del cuerpo (a menudo causada por da\u00f1o localizado en los nervios o ciertos tipos de accidentes cerebrovasculares).<\/li>\n\n\n\n<li><strong>Hemiplej\u00eda<\/strong> \u2013 Afecta un lado del cuerpo (frecuentemente ocurre despu\u00e9s de accidentes cerebrovasculares o lesiones cerebrales traum\u00e1ticas).<\/li>\n\n\n\n<li><strong>Paraplej\u00eda<\/strong> \u2013 Afecta la parte inferior del cuerpo, incluidas las piernas, los \u00f3rganos p\u00e9lvicos y el tronco inferior (generalmente resulta de lesiones en la columna tor\u00e1cica o lumbar).<\/li>\n<\/ul>\n\n\n\n<h2 class=\"wp-block-heading\" id=\"causas-de-la-paralisis\">Causas de la Par\u00e1lisis<\/h2>\n\n\n\n<p>La par\u00e1lisis puede ser causada por varios incidentes, a menudo accidentes repentinos o acciones perjudiciales. Estas son algunas de las causas m\u00e1s comunes:<\/p>\n\n\n\n<ul class=\"wp-block-list\">\n<li><strong>Accidentes de Tr\u00e1nsito:<\/strong> Los choques que involucran <a href=\"https:\/\/lawcdh.com\/es\/areas-de-practica\/lesiones-personales\/accidente-automovilistico\/\">autos<\/a>, <a href=\"https:\/\/lawcdh.com\/es\/areas-de-practica\/lesiones-personales\/accidentes-de-moto\/\">motocicletas<\/a> o <a href=\"https:\/\/lawcdh.com\/es\/areas-de-practica\/lesiones-personales\/accidentes-de-camiones\/\">camiones<\/a> frecuentemente causan par\u00e1lisis. La fuerza del impacto puede da\u00f1ar gravemente la m\u00e9dula espinal, resultando en p\u00e9rdida de movimiento y sensaci\u00f3n.<\/li>\n\n\n\n<li><strong>Accidentes Laborales:<\/strong> Ca\u00eddas desde alturas, accidentes con maquinaria pesada o ser golpeado por objetos en lugares de trabajo como sitios de construcci\u00f3n pueden causar <a href=\"https:\/\/lawcdh.com\/es\/areas-de-practica\/lesiones-personales\/lesion-de-la-medula-espinal\/\" data-wpil-monitor-id=\"10\">lesiones graves en la m\u00e9dula espinal<\/a>.<\/li>\n\n\n\n<li><strong>Negligencia M\u00e9dica:<\/strong> <a href=\"https:\/\/lawcdh.com\/es\/areas-de-practica\/lesiones-personales\/negligencia-medica\/errores-quirurgicos\/\">Errores durante cirug\u00edas<\/a>, <a href=\"https:\/\/lawcdh.com\/es\/areas-de-practica\/lesiones-personales\/negligencia-medica\/no-diagnosticar\/\">diagn\u00f3sticos err\u00f3neos<\/a> o tratamientos m\u00e9dicos inadecuados pueden a veces causar par\u00e1lisis. Estos errores pueden causar da\u00f1os irreversibles en la m\u00e9dula espinal o el cerebro.<\/li>\n\n\n\n<li><strong>Accidentes por Resbalones y Ca\u00eddas:<\/strong> Resbalar en pisos mojados, tropezar con superficies irregulares o caer por escaleras puede causar lesiones en la m\u00e9dula espinal, especialmente en adultos mayores.<\/li>\n\n\n\n<li><strong>Actos de Violencia:<\/strong> Disparos, apu\u00f1alamientos o agresiones f\u00edsicas pueden da\u00f1ar la m\u00e9dula espinal, provocando par\u00e1lisis.<\/li>\n<\/ul>\n\n\n\n<p>No importa la causa, los abogados de CDH Law trabajar\u00e1n para identificar a la parte responsable, responsabilizarlos y luchar por la compensaci\u00f3n que necesitas y mereces.<\/p>\n\n\n\n<h2 class=\"wp-block-heading\" id=\"buscando-compensacion-por-lesiones-de-paralisis\">Buscando Compensaci\u00f3n por Lesiones de Par\u00e1lisis<\/h2>\n\n\n\n<p>Buscar una compensaci\u00f3n es un paso crucial para manejar las cargas financieras de una lesi\u00f3n tan grave. As\u00ed es como lo abordamos:<\/p>\n\n\n\n<ul class=\"wp-block-list\">\n<li><strong>Recopilaci\u00f3n de Evidencia: <\/strong>Reunimos toda la documentaci\u00f3n necesaria, incluidos registros m\u00e9dicos, informes de accidentes y declaraciones de testigos, para construir un caso s\u00f3lido.<\/li>\n\n\n\n<li><strong>Establecimiento de Responsabilidad: <\/strong>Trabajamos para demostrar que la negligencia de otra persona caus\u00f3 la lesi\u00f3n. Esto es clave para responsabilizar a la parte culpable.<\/li>\n\n\n\n<li><strong>Demandas de Compensaci\u00f3n:<\/strong> Una vez que tenemos un caso s\u00f3lido, exigimos compensaci\u00f3n para cubrir gastos m\u00e9dicos, atenci\u00f3n continua, salarios perdidos y dolor y sufrimiento.<\/li>\n\n\n\n<li><strong>Negociaciones y Acci\u00f3n Legal:<\/strong> Nuestro objetivo es negociar un acuerdo justo con la compa\u00f1\u00eda de seguros. Si esto no es posible, estamos preparados para llevar el caso a los tribunales y luchar por la compensaci\u00f3n que mereces.<\/li>\n<\/ul>\n\n\n\n<p>Nuestro objetivo es ayudarte a asegurar el apoyo financiero necesario para enfocarte en tu recuperaci\u00f3n y cuidado futuro.<\/p>\n\n\n\n<h2 class=\"wp-block-heading\" id=\"derechos-y-opciones-legales\">Derechos y Opciones Legales<\/h2>\n\n\n\n<p>Cuando la negligencia de otra persona causa una lesi\u00f3n que resulta en par\u00e1lisis, la ley de Nueva York permite a las v\u00edctimas buscar compensaci\u00f3n a trav\u00e9s de una demanda por lesiones personales. Esta compensaci\u00f3n puede cubrir:<\/p>\n\n\n\n<ul class=\"wp-block-list\">\n<li><strong>Gastos m\u00e9dicos actuales y futuros<\/strong> \u2013 Incluyendo hospitalizaci\u00f3n, rehabilitaci\u00f3n, medicamentos y atenci\u00f3n continua.<\/li>\n\n\n\n<li><strong>P\u00e9rdida de salarios y capacidad de generar ingresos<\/strong> \u2013 Tanto la p\u00e9rdida inmediata de ingresos como la reducci\u00f3n de la capacidad de trabajar en el futuro.<\/li>\n\n\n\n<li><strong>Modificaciones en el hogar<\/strong> \u2013 Adaptaciones necesarias para hacer que el espacio de vida sea accesible y funcional.<\/li>\n\n\n\n<li><strong>Cuidado personal<\/strong> \u2013 Costos de asistencia en el hogar y servicios de cuidado.<\/li>\n\n\n\n<li><strong>Dolor y sufrimiento<\/strong> \u2013 Malestar f\u00edsico y angustia emocional causados por la lesi\u00f3n.<\/li>\n\n\n\n<li><strong>P\u00e9rdida de calidad de vida<\/strong> \u2013 Cambios en la capacidad de disfrutar actividades previas y en el estilo de vida.<\/li>\n<\/ul>\n\n\n\n<p>En <strong>CDH Law PLLC<\/strong>, sabemos c\u00f3mo construir casos s\u00f3lidos de lesiones por par\u00e1lisis. Trabajamos con expertos m\u00e9dicos, planificadores de vida y economistas para calcular el impacto total de la lesi\u00f3n en nuestros clientes. Nuestro enfoque estrat\u00e9gico y preparado para el juicio muestra a las aseguradoras y a la parte contraria que estamos listos para luchar por una compensaci\u00f3n justa.<\/p>\n\n\n\n<h2 class=\"wp-block-heading\" id=\"como-puede-ayudarte-cdh-law\">C\u00f3mo Puede Ayudarte CDH Law<\/h2>\n\n\n\n<p>En CDH Law, entendemos que lidiar con la par\u00e1lisis es abrumador f\u00edsica, emocional y financieramente. Estamos aqu\u00ed para asumir la carga legal, permiti\u00e9ndote enfocarte en sanar y adaptarte a tu nueva realidad. Desde el momento en que te pongas en contacto con nosotros, escucharemos tu historia, entenderemos tus necesidades y adaptaremos una estrategia legal a tu situaci\u00f3n.<\/p>\n\n\n\n<p>Conf\u00eda en nosotros para brindarte apoyo y orientaci\u00f3n, y estar a tu lado en cada paso del camino. Ya sea negociando con compa\u00f1\u00edas de seguros o represent\u00e1ndote en los tribunales, estamos comprometidos a luchar por la compensaci\u00f3n que mereces. Te mantendremos informado e involucrado durante todo el proceso y te guiaremos en el camino a seguir. Juntos, trabajaremos para asegurar un futuro donde puedas centrarte en tu recuperaci\u00f3n y reconstrucci\u00f3n de tu vida.<\/p>\n\n\n\n<h2 class=\"wp-block-heading\" id=\"habla-con-nuestro-abogado-de-lesiones-por-paralisis-en-syracuse\"><strong>Habla con Nuestro Abogado de Lesiones por Par\u00e1lisis en Syracuse<\/strong><\/h2>\n\n\n\n<p>Perm\u00edtenos ayudarte a dar el siguiente paso hacia la justicia y la seguridad financiera. <a href=\"\/es\/contacto\/\">Contacta a CDH Law hoy para una consulta gratuita<\/a> y hablemos sobre c\u00f3mo podemos apoyarte en este momento dif\u00edcil.<\/p>\n\n\n\n<p><strong><em>Carden Dotzler Hammond, PLLC representa a clientes en el centro de Nueva York, Syracuse, el condado de Monroe, el condado de Jefferson, el condado de Oswego, el condado de Ontario y el condado de Onondaga, incluidos los pueblos y aldeas de Camillus, Cicero, Clay, Dewitt, Elbridge, Geddes, Manlius, Marcellus, Onondaga, Salina, Skaneateles, Baldwinsville, East Syracuse, Fayetteville, Liverpool, North Syracuse y Solvay.<\/em><\/strong><\/p>\n","protected":false},"excerpt":{"rendered":"<p>Una lesi\u00f3n que causa par\u00e1lisis genera cambios profundos no solo para la persona afectada, sino tambi\u00e9n para toda su familia. Ya sea causada por un accidente laboral, un choque vehicular o un error m\u00e9dico, la par\u00e1lisis altera la rutina diaria, las oportunidades profesionales y los planes a futuro. En CDH Law PLLC, nuestros abogados de&#8230;<\/p>\n","protected":false},"author":17,"featured_media":3100,"parent":1771,"menu_order":0,"comment_status":"closed","ping_status":"closed","template":"","meta":{"_acf_changed":false,"footnotes":""},"tags":[],"class_list":["post-3099","page","type-page","status-publish","has-post-thumbnail","hentry"],"acf":[],"yoast_head":"<!-- This site is optimized with the Yoast SEO plugin v27.6 - https:\/\/yoast.com\/product\/yoast-seo-wordpress\/ -->\n<title>Abogado de Lesiones Par\u00e1lisis en Syracuse - CDH Law<\/title>\n<meta name=\"description\" content=\"\u00bfSufres par\u00e1lisis debido a un accidente? CDH Law lucha por tu derecho a una compensaci\u00f3n. Cont\u00e1ctanos hoy para una consulta gratuita.\" \/>\n<meta name=\"robots\" content=\"index, follow, max-snippet:-1, max-image-preview:large, max-video-preview:-1\" \/>\n<link rel=\"canonical\" href=\"https:\/\/lawcdh.com\/es\/areas-de-practica\/lesiones-personales\/paralisis\/\" \/>\n<meta property=\"og:locale\" content=\"es_MX\" \/>\n<meta property=\"og:type\" content=\"article\" \/>\n<meta property=\"og:title\" content=\"Abogado de Lesiones Par\u00e1lisis en Syracuse - CDH Law\" \/>\n<meta property=\"og:description\" content=\"\u00bfSufres par\u00e1lisis debido a un accidente? CDH Law lucha por tu derecho a una compensaci\u00f3n. Cont\u00e1ctanos hoy para una consulta gratuita.\" \/>\n<meta property=\"og:url\" content=\"https:\/\/lawcdh.com\/es\/areas-de-practica\/lesiones-personales\/paralisis\/\" \/>\n<meta property=\"og:site_name\" content=\"CDH Law PLLC ES\" \/>\n<meta property=\"article:modified_time\" content=\"2025-02-13T15:19:53+00:00\" \/>\n<meta property=\"og:image\" content=\"https:\/\/lawcdh.com\/es\/wp-content\/uploads\/sites\/2\/2025\/02\/farmington-hills-paralysis-attorneys.png\" \/>\n\t<meta property=\"og:image:width\" content=\"730\" \/>\n\t<meta property=\"og:image:height\" content=\"300\" \/>\n\t<meta property=\"og:image:type\" content=\"image\/png\" \/>\n<meta name=\"twitter:card\" content=\"summary_large_image\" \/>\n<meta name=\"twitter:label1\" content=\"Est. reading time\" \/>\n\t<meta name=\"twitter:data1\" content=\"5 minutos\" \/>\n<script type=\"application\/ld+json\" class=\"yoast-schema-graph\">{\"@context\":\"https:\\\/\\\/schema.org\",\"@graph\":[{\"@type\":\"WebPage\",\"@id\":\"https:\\\/\\\/lawcdh.com\\\/es\\\/areas-de-practica\\\/lesiones-personales\\\/paralisis\\\/\",\"url\":\"https:\\\/\\\/lawcdh.com\\\/es\\\/areas-de-practica\\\/lesiones-personales\\\/paralisis\\\/\",\"name\":\"Abogado de Lesiones Par\u00e1lisis en Syracuse - CDH Law\",\"isPartOf\":{\"@id\":\"https:\\\/\\\/lawcdh.com\\\/es\\\/#website\"},\"primaryImageOfPage\":{\"@id\":\"https:\\\/\\\/lawcdh.com\\\/es\\\/areas-de-practica\\\/lesiones-personales\\\/paralisis\\\/#primaryimage\"},\"image\":{\"@id\":\"https:\\\/\\\/lawcdh.com\\\/es\\\/areas-de-practica\\\/lesiones-personales\\\/paralisis\\\/#primaryimage\"},\"thumbnailUrl\":\"https:\\\/\\\/lawcdh.com\\\/es\\\/wp-content\\\/uploads\\\/sites\\\/2\\\/2025\\\/02\\\/farmington-hills-paralysis-attorneys.png\",\"datePublished\":\"2024-10-12T15:03:00+00:00\",\"dateModified\":\"2025-02-13T15:19:53+00:00\",\"description\":\"\u00bfSufres par\u00e1lisis debido a un accidente? CDH Law lucha por tu derecho a una compensaci\u00f3n. Cont\u00e1ctanos hoy para una consulta gratuita.\",\"breadcrumb\":{\"@id\":\"https:\\\/\\\/lawcdh.com\\\/es\\\/areas-de-practica\\\/lesiones-personales\\\/paralisis\\\/#breadcrumb\"},\"inLanguage\":\"es\",\"potentialAction\":[{\"@type\":\"ReadAction\",\"target\":[\"https:\\\/\\\/lawcdh.com\\\/es\\\/areas-de-practica\\\/lesiones-personales\\\/paralisis\\\/\"]}]},{\"@type\":\"ImageObject\",\"inLanguage\":\"es\",\"@id\":\"https:\\\/\\\/lawcdh.com\\\/es\\\/areas-de-practica\\\/lesiones-personales\\\/paralisis\\\/#primaryimage\",\"url\":\"https:\\\/\\\/lawcdh.com\\\/es\\\/wp-content\\\/uploads\\\/sites\\\/2\\\/2025\\\/02\\\/farmington-hills-paralysis-attorneys.png\",\"contentUrl\":\"https:\\\/\\\/lawcdh.com\\\/es\\\/wp-content\\\/uploads\\\/sites\\\/2\\\/2025\\\/02\\\/farmington-hills-paralysis-attorneys.png\",\"width\":730,\"height\":300,\"caption\":\"Hombre en silla de ruedas por par\u00e1lisis\"},{\"@type\":\"BreadcrumbList\",\"@id\":\"https:\\\/\\\/lawcdh.com\\\/es\\\/areas-de-practica\\\/lesiones-personales\\\/paralisis\\\/#breadcrumb\",\"itemListElement\":[{\"@type\":\"ListItem\",\"position\":1,\"name\":\"Home\",\"item\":\"https:\\\/\\\/lawcdh.com\\\/es\\\/\"},{\"@type\":\"ListItem\",\"position\":2,\"name\":\"\u00c1reas de Pr\u00e1ctica\",\"item\":\"https:\\\/\\\/lawcdh.com\\\/es\\\/areas-de-practica\\\/\"},{\"@type\":\"ListItem\",\"position\":3,\"name\":\"Lesiones Personales\",\"item\":\"https:\\\/\\\/lawcdh.com\\\/es\\\/areas-de-practica\\\/lesiones-personales\\\/\"},{\"@type\":\"ListItem\",\"position\":4,\"name\":\"Par\u00e1lisis\"}]},{\"@type\":\"WebSite\",\"@id\":\"https:\\\/\\\/lawcdh.com\\\/es\\\/#website\",\"url\":\"https:\\\/\\\/lawcdh.com\\\/es\\\/\",\"name\":\"CDH Law PLLC ES\",\"description\":\"\",\"potentialAction\":[{\"@type\":\"SearchAction\",\"target\":{\"@type\":\"EntryPoint\",\"urlTemplate\":\"https:\\\/\\\/lawcdh.com\\\/es\\\/?s={search_term_string}\"},\"query-input\":{\"@type\":\"PropertyValueSpecification\",\"valueRequired\":true,\"valueName\":\"search_term_string\"}}],\"inLanguage\":\"es\"}]}<\/script>\n<!-- \/ Yoast SEO plugin. -->","yoast_head_json":{"title":"Abogado de Lesiones Par\u00e1lisis en Syracuse - CDH Law","description":"\u00bfSufres par\u00e1lisis debido a un accidente? CDH Law lucha por tu derecho a una compensaci\u00f3n. Cont\u00e1ctanos hoy para una consulta gratuita.","robots":{"index":"index","follow":"follow","max-snippet":"max-snippet:-1","max-image-preview":"max-image-preview:large","max-video-preview":"max-video-preview:-1"},"canonical":"https:\/\/lawcdh.com\/es\/areas-de-practica\/lesiones-personales\/paralisis\/","og_locale":"es_MX","og_type":"article","og_title":"Abogado de Lesiones Par\u00e1lisis en Syracuse - CDH Law","og_description":"\u00bfSufres par\u00e1lisis debido a un accidente? CDH Law lucha por tu derecho a una compensaci\u00f3n. Cont\u00e1ctanos hoy para una consulta gratuita.","og_url":"https:\/\/lawcdh.com\/es\/areas-de-practica\/lesiones-personales\/paralisis\/","og_site_name":"CDH Law PLLC ES","article_modified_time":"2025-02-13T15:19:53+00:00","og_image":[{"width":730,"height":300,"url":"https:\/\/lawcdh.com\/es\/wp-content\/uploads\/sites\/2\/2025\/02\/farmington-hills-paralysis-attorneys.png","type":"image\/png"}],"twitter_card":"summary_large_image","twitter_misc":{"Est. reading time":"5 minutos"},"schema":{"@context":"https:\/\/schema.org","@graph":[{"@type":"WebPage","@id":"https:\/\/lawcdh.com\/es\/areas-de-practica\/lesiones-personales\/paralisis\/","url":"https:\/\/lawcdh.com\/es\/areas-de-practica\/lesiones-personales\/paralisis\/","name":"Abogado de Lesiones Par\u00e1lisis en Syracuse - CDH Law","isPartOf":{"@id":"https:\/\/lawcdh.com\/es\/#website"},"primaryImageOfPage":{"@id":"https:\/\/lawcdh.com\/es\/areas-de-practica\/lesiones-personales\/paralisis\/#primaryimage"},"image":{"@id":"https:\/\/lawcdh.com\/es\/areas-de-practica\/lesiones-personales\/paralisis\/#primaryimage"},"thumbnailUrl":"https:\/\/lawcdh.com\/es\/wp-content\/uploads\/sites\/2\/2025\/02\/farmington-hills-paralysis-attorneys.png","datePublished":"2024-10-12T15:03:00+00:00","dateModified":"2025-02-13T15:19:53+00:00","description":"\u00bfSufres par\u00e1lisis debido a un accidente? CDH Law lucha por tu derecho a una compensaci\u00f3n. Cont\u00e1ctanos hoy para una consulta gratuita.","breadcrumb":{"@id":"https:\/\/lawcdh.com\/es\/areas-de-practica\/lesiones-personales\/paralisis\/#breadcrumb"},"inLanguage":"es","potentialAction":[{"@type":"ReadAction","target":["https:\/\/lawcdh.com\/es\/areas-de-practica\/lesiones-personales\/paralisis\/"]}]},{"@type":"ImageObject","inLanguage":"es","@id":"https:\/\/lawcdh.com\/es\/areas-de-practica\/lesiones-personales\/paralisis\/#primaryimage","url":"https:\/\/lawcdh.com\/es\/wp-content\/uploads\/sites\/2\/2025\/02\/farmington-hills-paralysis-attorneys.png","contentUrl":"https:\/\/lawcdh.com\/es\/wp-content\/uploads\/sites\/2\/2025\/02\/farmington-hills-paralysis-attorneys.png","width":730,"height":300,"caption":"Hombre en silla de ruedas por par\u00e1lisis"},{"@type":"BreadcrumbList","@id":"https:\/\/lawcdh.com\/es\/areas-de-practica\/lesiones-personales\/paralisis\/#breadcrumb","itemListElement":[{"@type":"ListItem","position":1,"name":"Home","item":"https:\/\/lawcdh.com\/es\/"},{"@type":"ListItem","position":2,"name":"\u00c1reas de Pr\u00e1ctica","item":"https:\/\/lawcdh.com\/es\/areas-de-practica\/"},{"@type":"ListItem","position":3,"name":"Lesiones Personales","item":"https:\/\/lawcdh.com\/es\/areas-de-practica\/lesiones-personales\/"},{"@type":"ListItem","position":4,"name":"Par\u00e1lisis"}]},{"@type":"WebSite","@id":"https:\/\/lawcdh.com\/es\/#website","url":"https:\/\/lawcdh.com\/es\/","name":"CDH Law PLLC ES","description":"","potentialAction":[{"@type":"SearchAction","target":{"@type":"EntryPoint","urlTemplate":"https:\/\/lawcdh.com\/es\/?s={search_term_string}"},"query-input":{"@type":"PropertyValueSpecification","valueRequired":true,"valueName":"search_term_string"}}],"inLanguage":"es"}]}},"_links":{"self":[{"href":"https:\/\/lawcdh.com\/es\/wp-json\/wp\/v2\/pages\/3099","targetHints":{"allow":["GET"]}}],"collection":[{"href":"https:\/\/lawcdh.com\/es\/wp-json\/wp\/v2\/pages"}],"about":[{"href":"https:\/\/lawcdh.com\/es\/wp-json\/wp\/v2\/types\/page"}],"author":[{"embeddable":true,"href":"https:\/\/lawcdh.com\/es\/wp-json\/wp\/v2\/users\/17"}],"replies":[{"embeddable":true,"href":"https:\/\/lawcdh.com\/es\/wp-json\/wp\/v2\/comments?post=3099"}],"version-history":[{"count":0,"href":"https:\/\/lawcdh.com\/es\/wp-json\/wp\/v2\/pages\/3099\/revisions"}],"up":[{"embeddable":true,"href":"https:\/\/lawcdh.com\/es\/wp-json\/wp\/v2\/pages\/1771"}],"wp:featuredmedia":[{"embeddable":true,"href":"https:\/\/lawcdh.com\/es\/wp-json\/wp\/v2\/media\/3100"}],"wp:attachment":[{"href":"https:\/\/lawcdh.com\/es\/wp-json\/wp\/v2\/media?parent=3099"}],"wp:term":[{"taxonomy":"post_tag","embeddable":true,"href":"https:\/\/lawcdh.com\/es\/wp-json\/wp\/v2\/tags?post=3099"}],"curies":[{"name":"wp","href":"https:\/\/api.w.org\/{rel}","templated":true}]}}