{"id":3138,"date":"2024-11-10T15:21:00","date_gmt":"2024-11-10T15:21:00","guid":{"rendered":"https:\/\/lawcdh.com\/es\/?page_id=3138"},"modified":"2025-02-13T15:24:47","modified_gmt":"2025-02-13T15:24:47","slug":"lesiones-de-espalda","status":"publish","type":"page","link":"https:\/\/lawcdh.com\/es\/areas-de-practica\/lesiones-personales\/lesiones-de-espalda\/","title":{"rendered":"Lesiones de Espalda"},"content":{"rendered":"\n<p>Las lesiones de espalda pueden afectar profundamente la calidad de vida de una persona, causando dolor f\u00edsico, angustia emocional y problemas financieros. Estas lesiones suelen requerir atenci\u00f3n m\u00e9dica extensa, rehabilitaci\u00f3n y tiempo fuera del trabajo. Si t\u00fa o un ser querido ha sufrido una lesi\u00f3n de espalda debido a la negligencia de otra persona en Syracuse, <a href=\"https:\/\/lawcdh.com\/es\/\"><strong>CDH Law<\/strong> est\u00e1 aqu\u00ed para ayudarte<\/a>.<\/p>\n\n\n\n<p>Como un bufete l\u00edder en <a href=\"https:\/\/lawcdh.com\/es\/areas-de-practica\/lesiones-personales\/\">lesiones personales<\/a>, contamos con la experiencia y los recursos necesarios para ayudarte a buscar la compensaci\u00f3n que necesitas para tu recuperaci\u00f3n y cuidado futuro. Ofrecemos consultas gratuitas y no cobramos honorarios de abogados hasta que obtengamos compensaci\u00f3n para ti. Cont\u00e1ctanos hoy mismo para comenzar con un abogado de lesiones de espalda capacitado y comprometido.<\/p>\n\n\n\n<h2 class=\"wp-block-heading\" id=\"causas-comunes-de-lesiones-de-espalda-en-nueva-york\">Causas Comunes de Lesiones de Espalda en Nueva York<\/h2>\n\n\n\n<p>Las lesiones de espalda pueden resultar de varios incidentes, a menudo repentinos e inesperados. Algunas de las causas comunes incluyen:<\/p>\n\n\n\n<ul class=\"wp-block-list\">\n<li><strong>Accidentes automovil\u00edsticos:<\/strong> Las <a href=\"https:\/\/lawcdh.com\/es\/areas-de-practica\/lesiones-personales\/accidente-automovilistico\/\">colisiones<\/a> traseras y otros choques de veh\u00edculos frecuentemente provocan lesiones como el latigazo cervical y otras lesiones de espalda.<\/li>\n\n\n\n<li><strong>Accidentes laborales:<\/strong> Trabajos que involucran levantar objetos pesados, movimientos repetitivos o el uso de maquinaria pueden poner a los <a href=\"https:\/\/lawcdh.com\/es\/areas-de-practica\/lesiones-personales\/accidentes-de-construccion\/\">trabajadores<\/a> en riesgo de lesiones de espalda.<\/li>\n\n\n\n<li><strong>Accidentes por resbalones y ca\u00eddas:<\/strong> Caer en superficies resbaladizas o irregulares puede da\u00f1ar la espalda, especialmente en adultos mayores.<\/li>\n\n\n\n<li><strong>Negligencia m\u00e9dica:<\/strong> Errores durante cirug\u00edas o tratamientos <a href=\"https:\/\/lawcdh.com\/es\/areas-de-practica\/lesiones-personales\/negligencia-medica\/\">m\u00e9dicos<\/a> inadecuados pueden resultar en lesiones de espalda o agravar condiciones preexistentes.<\/li>\n\n\n\n<li><strong>Lesiones deportivas:<\/strong> Deportes o actividades de alto impacto pueden ejercer una presi\u00f3n excesiva en la espalda, causando lesiones con el tiempo.<\/li>\n<\/ul>\n\n\n\n<p>Independientemente de c\u00f3mo ocurri\u00f3 tu lesi\u00f3n, nuestro equipo en CDH Law investigar\u00e1 a fondo tu caso para identificar a las partes responsables y exigir que rindan cuentas.<\/p>\n\n\n\n<h2 class=\"wp-block-heading\" id=\"tipos-de-lesiones-de-espalda\">Tipos de Lesiones de Espalda<\/h2>\n\n\n\n<p>Las lesiones de espalda pueden variar en gravedad e impacto:<\/p>\n\n\n\n<ul class=\"wp-block-list\">\n<li><strong>Distensiones y esguinces:<\/strong> El estiramiento excesivo de m\u00fasculos o ligamentos puede causar distensiones y esguinces, generando dolor y movilidad limitada.<\/li>\n\n\n\n<li><strong>Hernias discales:<\/strong> Cuando los discos amortiguadores entre las v\u00e9rtebras se da\u00f1an o se deslizan de su lugar, pueden comprimir los nervios y provocar dolor intenso.<\/li>\n\n\n\n<li><strong>Fracturas vertebrales:<\/strong> Un hueso roto en la columna puede causar molestias graves e incluso par\u00e1lisis si afecta la m\u00e9dula espinal.<\/li>\n\n\n\n<li><strong>Lesiones de la m\u00e9dula espinal:<\/strong> Estas lesiones pueden cambiar la vida, resultando en par\u00e1lisis parcial o completa.<\/li>\n<\/ul>\n\n\n\n<p>Cada tipo de lesi\u00f3n puede afectar tu vida de manera diferente, y en <strong>CDH Law<\/strong> estamos preparados para luchar por una compensaci\u00f3n que cubra la magnitud completa de tu lesi\u00f3n.<\/p>\n\n\n\n<h2 class=\"wp-block-heading\" id=\"el-impacto-de-las-lesiones-de-espalda\">El Impacto de las Lesiones de Espalda<\/h2>\n\n\n\n<p>Las lesiones de espalda pueden interrumpir tu capacidad para realizar tareas diarias, mantener un empleo y disfrutar de la vida. El dolor f\u00edsico a menudo se acompa\u00f1a de estr\u00e9s emocional y la carga financiera de las facturas m\u00e9dicas y los ingresos perdidos.<\/p>\n\n\n\n<p>En <strong>CDH Law<\/strong>, entendemos lo desafiante que puede ser este momento para ti y tu familia. Puedes confiar en nosotros para aliviar esa carga gui\u00e1ndote durante el proceso legal y luchando por la m\u00e1xima compensaci\u00f3n que mereces.<\/p>\n\n\n\n<h2 class=\"wp-block-heading\" id=\"nuestro-enfoque\">Nuestro Enfoque<\/h2>\n\n\n\n<p>Los reclamos por lesiones de espalda pueden ser complicados, lo que hace que la representaci\u00f3n calificada de <strong>CDH Law<\/strong> sea esencial. Nuestro enfoque estrat\u00e9gico incluye:<\/p>\n\n\n\n<ul class=\"wp-block-list\">\n<li><strong>Recolecci\u00f3n de evidencia:<\/strong> Recopilamos toda la evidencia necesaria, incluidos registros m\u00e9dicos, informes de accidentes y testimonios de expertos, para respaldar tu reclamo.<\/li>\n\n\n\n<li><strong>Establecimiento de responsabilidad:<\/strong> Probar la negligencia de la parte responsable es crucial en estos casos. Nuestro equipo analiza a fondo las circunstancias de tu lesi\u00f3n para determinar la responsabilidad.<\/li>\n\n\n\n<li><strong>C\u00e1lculo de da\u00f1os:<\/strong> Consideramos todos los aspectos de tu lesi\u00f3n, incluidos los gastos m\u00e9dicos, las necesidades de atenci\u00f3n futura, los ingresos perdidos y el dolor y sufrimiento, para determinar una compensaci\u00f3n justa.<\/li>\n\n\n\n<li><strong>Negociaci\u00f3n y litigio:<\/strong> Nuestros abogados son negociadores h\u00e1biles que trabajan para asegurar un acuerdo justo. Estamos completamente preparados para llevar tu caso a los tribunales si no se puede alcanzar un acuerdo.<\/li>\n<\/ul>\n\n\n\n<p>Sobre todo, trabajaremos incansablemente para obtener los recursos m\u00e9dicos y financieros que necesitas para recuperarte y retomar tu vida.<\/p>\n\n\n\n<h2 class=\"wp-block-heading\" id=\"por-que-elegir-cdh-law\">\u00bfPor Qu\u00e9 Elegir CDH Law?<\/h2>\n\n\n\n<p>En <strong>CDH Law<\/strong>, ofrecemos una representaci\u00f3n personalizada y compasiva para personas que enfrentan lesiones graves de espalda. Desde tu primera consulta, escucharemos tu historia, responderemos tus preguntas y desarrollaremos una estrategia legal adaptada a tu situaci\u00f3n \u00fanica. Nuestro equipo est\u00e1 dedicado a apoyarte en cada paso del proceso legal, ya sea negociando con compa\u00f1\u00edas de seguros o abogando por ti en los tribunales.<\/p>\n\n\n\n<p>Entendemos que lidiar con una lesi\u00f3n de espalda no solo es doloroso f\u00edsicamente, sino tambi\u00e9n agotador emocionalmente. Perm\u00edtenos encargarnos de los detalles legales para que puedas concentrarte en tu recuperaci\u00f3n y adaptarte a los nuevos desaf\u00edos.<\/p>\n\n\n\n<h2 class=\"wp-block-heading\" id=\"habla-con-un-abogado-de-lesiones-de-espalda-con-experiencia-hoy\">Habla con un Abogado de Lesiones de Espalda con Experiencia Hoy<\/h2>\n\n\n\n<p>Si est\u00e1s enfrentando las consecuencias de una lesi\u00f3n de espalda, acude a <strong>CDH Law<\/strong> para obtener el apoyo y la orientaci\u00f3n que necesitas. Estamos aqu\u00ed para ayudarte a lograr justicia y estabilidad financiera en este momento dif\u00edcil. <a href=\"\/es\/contacto\/\">Cont\u00e1ctanos hoy mismo para una consulta gratuita.<\/a><\/p>\n\n\n\n<p><strong><em>Carden Dotzler Hammond, PLLC representa a clientes en el centro de Nueva York, Syracuse, el condado de Monroe, el condado de Jefferson, el condado de Oswego, el condado de Ontario y el condado de Onondaga, incluidos los pueblos y aldeas de Camillus, Cicero, Clay, Dewitt, Elbridge, Geddes, Manlius, Marcellus, Onondaga, Salina, Skaneateles, Baldwinsville, East Syracuse, Fayetteville, Liverpool, North Syracuse y Solvay.<\/em><\/strong><\/p>\n","protected":false},"excerpt":{"rendered":"<p>Las lesiones de espalda pueden afectar profundamente la calidad de vida de una persona, causando dolor f\u00edsico, angustia emocional y problemas financieros. Estas lesiones suelen requerir atenci\u00f3n m\u00e9dica extensa, rehabilitaci\u00f3n y tiempo fuera del trabajo. Si t\u00fa o un ser querido ha sufrido una lesi\u00f3n de espalda debido a la negligencia de otra persona en&#8230;<\/p>\n","protected":false},"author":17,"featured_media":3125,"parent":1771,"menu_order":0,"comment_status":"closed","ping_status":"closed","template":"","meta":{"_acf_changed":true,"footnotes":""},"tags":[],"class_list":["post-3138","page","type-page","status-publish","has-post-thumbnail","hentry"],"acf":[],"yoast_head":"<!-- This site is optimized with the Yoast SEO plugin v27.4 - https:\/\/yoast.com\/product\/yoast-seo-wordpress\/ -->\n<title>Abogado de Lesiones de Espalda en Syracuse - CDH Law<\/title>\n<meta name=\"description\" content=\"\u00bfSufriste una lesi\u00f3n de espalda? Deja que CDH Law luche por la compensaci\u00f3n que mereces. \u00a1Cont\u00e1ctanos hoy para una consulta gratuita!\" \/>\n<meta name=\"robots\" content=\"index, follow, max-snippet:-1, max-image-preview:large, max-video-preview:-1\" \/>\n<link rel=\"canonical\" href=\"https:\/\/lawcdh.com\/es\/areas-de-practica\/lesiones-personales\/lesiones-de-espalda\/\" \/>\n<meta property=\"og:locale\" content=\"es_MX\" \/>\n<meta property=\"og:type\" content=\"article\" \/>\n<meta property=\"og:title\" content=\"Abogado de Lesiones de Espalda en Syracuse - CDH Law\" \/>\n<meta property=\"og:description\" content=\"\u00bfSufriste una lesi\u00f3n de espalda? Deja que CDH Law luche por la compensaci\u00f3n que mereces. \u00a1Cont\u00e1ctanos hoy para una consulta gratuita!\" \/>\n<meta property=\"og:url\" content=\"https:\/\/lawcdh.com\/es\/areas-de-practica\/lesiones-personales\/lesiones-de-espalda\/\" \/>\n<meta property=\"og:site_name\" content=\"CDH Law PLLC ES\" \/>\n<meta property=\"article:modified_time\" content=\"2025-02-13T15:24:47+00:00\" \/>\n<meta property=\"og:image\" content=\"https:\/\/lawcdh.com\/es\/wp-content\/uploads\/sites\/2\/2025\/02\/dallas-surgical-errors-attorneys.jpg\" \/>\n\t<meta property=\"og:image:width\" content=\"730\" \/>\n\t<meta property=\"og:image:height\" content=\"300\" \/>\n\t<meta property=\"og:image:type\" content=\"image\/jpeg\" \/>\n<meta name=\"twitter:card\" content=\"summary_large_image\" \/>\n<meta name=\"twitter:label1\" content=\"Est. reading time\" \/>\n\t<meta name=\"twitter:data1\" content=\"5 minutos\" \/>\n<script type=\"application\/ld+json\" class=\"yoast-schema-graph\">{\"@context\":\"https:\\\/\\\/schema.org\",\"@graph\":[{\"@type\":\"WebPage\",\"@id\":\"https:\\\/\\\/lawcdh.com\\\/es\\\/areas-de-practica\\\/lesiones-personales\\\/lesiones-de-espalda\\\/\",\"url\":\"https:\\\/\\\/lawcdh.com\\\/es\\\/areas-de-practica\\\/lesiones-personales\\\/lesiones-de-espalda\\\/\",\"name\":\"Abogado de Lesiones de Espalda en Syracuse - CDH Law\",\"isPartOf\":{\"@id\":\"https:\\\/\\\/lawcdh.com\\\/es\\\/#website\"},\"primaryImageOfPage\":{\"@id\":\"https:\\\/\\\/lawcdh.com\\\/es\\\/areas-de-practica\\\/lesiones-personales\\\/lesiones-de-espalda\\\/#primaryimage\"},\"image\":{\"@id\":\"https:\\\/\\\/lawcdh.com\\\/es\\\/areas-de-practica\\\/lesiones-personales\\\/lesiones-de-espalda\\\/#primaryimage\"},\"thumbnailUrl\":\"https:\\\/\\\/lawcdh.com\\\/es\\\/wp-content\\\/uploads\\\/sites\\\/2\\\/2025\\\/02\\\/dallas-surgical-errors-attorneys.jpg\",\"datePublished\":\"2024-11-10T15:21:00+00:00\",\"dateModified\":\"2025-02-13T15:24:47+00:00\",\"description\":\"\u00bfSufriste una lesi\u00f3n de espalda? Deja que CDH Law luche por la compensaci\u00f3n que mereces. \u00a1Cont\u00e1ctanos hoy para una consulta gratuita!\",\"breadcrumb\":{\"@id\":\"https:\\\/\\\/lawcdh.com\\\/es\\\/areas-de-practica\\\/lesiones-personales\\\/lesiones-de-espalda\\\/#breadcrumb\"},\"inLanguage\":\"es\",\"potentialAction\":[{\"@type\":\"ReadAction\",\"target\":[\"https:\\\/\\\/lawcdh.com\\\/es\\\/areas-de-practica\\\/lesiones-personales\\\/lesiones-de-espalda\\\/\"]}]},{\"@type\":\"ImageObject\",\"inLanguage\":\"es\",\"@id\":\"https:\\\/\\\/lawcdh.com\\\/es\\\/areas-de-practica\\\/lesiones-personales\\\/lesiones-de-espalda\\\/#primaryimage\",\"url\":\"https:\\\/\\\/lawcdh.com\\\/es\\\/wp-content\\\/uploads\\\/sites\\\/2\\\/2025\\\/02\\\/dallas-surgical-errors-attorneys.jpg\",\"contentUrl\":\"https:\\\/\\\/lawcdh.com\\\/es\\\/wp-content\\\/uploads\\\/sites\\\/2\\\/2025\\\/02\\\/dallas-surgical-errors-attorneys.jpg\",\"width\":730,\"height\":300,\"caption\":\"Exploraci\u00f3n de la m\u00e9dula espinal para representar errores quir\u00fargicos\"},{\"@type\":\"BreadcrumbList\",\"@id\":\"https:\\\/\\\/lawcdh.com\\\/es\\\/areas-de-practica\\\/lesiones-personales\\\/lesiones-de-espalda\\\/#breadcrumb\",\"itemListElement\":[{\"@type\":\"ListItem\",\"position\":1,\"name\":\"Home\",\"item\":\"https:\\\/\\\/lawcdh.com\\\/es\\\/\"},{\"@type\":\"ListItem\",\"position\":2,\"name\":\"\u00c1reas de Pr\u00e1ctica\",\"item\":\"https:\\\/\\\/lawcdh.com\\\/es\\\/areas-de-practica\\\/\"},{\"@type\":\"ListItem\",\"position\":3,\"name\":\"Lesiones Personales\",\"item\":\"https:\\\/\\\/lawcdh.com\\\/es\\\/areas-de-practica\\\/lesiones-personales\\\/\"},{\"@type\":\"ListItem\",\"position\":4,\"name\":\"Lesiones de Espalda\"}]},{\"@type\":\"WebSite\",\"@id\":\"https:\\\/\\\/lawcdh.com\\\/es\\\/#website\",\"url\":\"https:\\\/\\\/lawcdh.com\\\/es\\\/\",\"name\":\"CDH Law PLLC ES\",\"description\":\"\",\"potentialAction\":[{\"@type\":\"SearchAction\",\"target\":{\"@type\":\"EntryPoint\",\"urlTemplate\":\"https:\\\/\\\/lawcdh.com\\\/es\\\/?s={search_term_string}\"},\"query-input\":{\"@type\":\"PropertyValueSpecification\",\"valueRequired\":true,\"valueName\":\"search_term_string\"}}],\"inLanguage\":\"es\"}]}<\/script>\n<!-- \/ Yoast SEO plugin. -->","yoast_head_json":{"title":"Abogado de Lesiones de Espalda en Syracuse - CDH Law","description":"\u00bfSufriste una lesi\u00f3n de espalda? Deja que CDH Law luche por la compensaci\u00f3n que mereces. \u00a1Cont\u00e1ctanos hoy para una consulta gratuita!","robots":{"index":"index","follow":"follow","max-snippet":"max-snippet:-1","max-image-preview":"max-image-preview:large","max-video-preview":"max-video-preview:-1"},"canonical":"https:\/\/lawcdh.com\/es\/areas-de-practica\/lesiones-personales\/lesiones-de-espalda\/","og_locale":"es_MX","og_type":"article","og_title":"Abogado de Lesiones de Espalda en Syracuse - CDH Law","og_description":"\u00bfSufriste una lesi\u00f3n de espalda? Deja que CDH Law luche por la compensaci\u00f3n que mereces. \u00a1Cont\u00e1ctanos hoy para una consulta gratuita!","og_url":"https:\/\/lawcdh.com\/es\/areas-de-practica\/lesiones-personales\/lesiones-de-espalda\/","og_site_name":"CDH Law PLLC ES","article_modified_time":"2025-02-13T15:24:47+00:00","og_image":[{"width":730,"height":300,"url":"https:\/\/lawcdh.com\/es\/wp-content\/uploads\/sites\/2\/2025\/02\/dallas-surgical-errors-attorneys.jpg","type":"image\/jpeg"}],"twitter_card":"summary_large_image","twitter_misc":{"Est. reading time":"5 minutos"},"schema":{"@context":"https:\/\/schema.org","@graph":[{"@type":"WebPage","@id":"https:\/\/lawcdh.com\/es\/areas-de-practica\/lesiones-personales\/lesiones-de-espalda\/","url":"https:\/\/lawcdh.com\/es\/areas-de-practica\/lesiones-personales\/lesiones-de-espalda\/","name":"Abogado de Lesiones de Espalda en Syracuse - CDH Law","isPartOf":{"@id":"https:\/\/lawcdh.com\/es\/#website"},"primaryImageOfPage":{"@id":"https:\/\/lawcdh.com\/es\/areas-de-practica\/lesiones-personales\/lesiones-de-espalda\/#primaryimage"},"image":{"@id":"https:\/\/lawcdh.com\/es\/areas-de-practica\/lesiones-personales\/lesiones-de-espalda\/#primaryimage"},"thumbnailUrl":"https:\/\/lawcdh.com\/es\/wp-content\/uploads\/sites\/2\/2025\/02\/dallas-surgical-errors-attorneys.jpg","datePublished":"2024-11-10T15:21:00+00:00","dateModified":"2025-02-13T15:24:47+00:00","description":"\u00bfSufriste una lesi\u00f3n de espalda? Deja que CDH Law luche por la compensaci\u00f3n que mereces. \u00a1Cont\u00e1ctanos hoy para una consulta gratuita!","breadcrumb":{"@id":"https:\/\/lawcdh.com\/es\/areas-de-practica\/lesiones-personales\/lesiones-de-espalda\/#breadcrumb"},"inLanguage":"es","potentialAction":[{"@type":"ReadAction","target":["https:\/\/lawcdh.com\/es\/areas-de-practica\/lesiones-personales\/lesiones-de-espalda\/"]}]},{"@type":"ImageObject","inLanguage":"es","@id":"https:\/\/lawcdh.com\/es\/areas-de-practica\/lesiones-personales\/lesiones-de-espalda\/#primaryimage","url":"https:\/\/lawcdh.com\/es\/wp-content\/uploads\/sites\/2\/2025\/02\/dallas-surgical-errors-attorneys.jpg","contentUrl":"https:\/\/lawcdh.com\/es\/wp-content\/uploads\/sites\/2\/2025\/02\/dallas-surgical-errors-attorneys.jpg","width":730,"height":300,"caption":"Exploraci\u00f3n de la m\u00e9dula espinal para representar errores quir\u00fargicos"},{"@type":"BreadcrumbList","@id":"https:\/\/lawcdh.com\/es\/areas-de-practica\/lesiones-personales\/lesiones-de-espalda\/#breadcrumb","itemListElement":[{"@type":"ListItem","position":1,"name":"Home","item":"https:\/\/lawcdh.com\/es\/"},{"@type":"ListItem","position":2,"name":"\u00c1reas de Pr\u00e1ctica","item":"https:\/\/lawcdh.com\/es\/areas-de-practica\/"},{"@type":"ListItem","position":3,"name":"Lesiones Personales","item":"https:\/\/lawcdh.com\/es\/areas-de-practica\/lesiones-personales\/"},{"@type":"ListItem","position":4,"name":"Lesiones de Espalda"}]},{"@type":"WebSite","@id":"https:\/\/lawcdh.com\/es\/#website","url":"https:\/\/lawcdh.com\/es\/","name":"CDH Law PLLC ES","description":"","potentialAction":[{"@type":"SearchAction","target":{"@type":"EntryPoint","urlTemplate":"https:\/\/lawcdh.com\/es\/?s={search_term_string}"},"query-input":{"@type":"PropertyValueSpecification","valueRequired":true,"valueName":"search_term_string"}}],"inLanguage":"es"}]}},"_links":{"self":[{"href":"https:\/\/lawcdh.com\/es\/wp-json\/wp\/v2\/pages\/3138","targetHints":{"allow":["GET"]}}],"collection":[{"href":"https:\/\/lawcdh.com\/es\/wp-json\/wp\/v2\/pages"}],"about":[{"href":"https:\/\/lawcdh.com\/es\/wp-json\/wp\/v2\/types\/page"}],"author":[{"embeddable":true,"href":"https:\/\/lawcdh.com\/es\/wp-json\/wp\/v2\/users\/17"}],"replies":[{"embeddable":true,"href":"https:\/\/lawcdh.com\/es\/wp-json\/wp\/v2\/comments?post=3138"}],"version-history":[{"count":0,"href":"https:\/\/lawcdh.com\/es\/wp-json\/wp\/v2\/pages\/3138\/revisions"}],"up":[{"embeddable":true,"href":"https:\/\/lawcdh.com\/es\/wp-json\/wp\/v2\/pages\/1771"}],"wp:featuredmedia":[{"embeddable":true,"href":"https:\/\/lawcdh.com\/es\/wp-json\/wp\/v2\/media\/3125"}],"wp:attachment":[{"href":"https:\/\/lawcdh.com\/es\/wp-json\/wp\/v2\/media?parent=3138"}],"wp:term":[{"taxonomy":"post_tag","embeddable":true,"href":"https:\/\/lawcdh.com\/es\/wp-json\/wp\/v2\/tags?post=3138"}],"curies":[{"name":"wp","href":"https:\/\/api.w.org\/{rel}","templated":true}]}}