{"id":3254,"date":"2025-10-19T20:34:17","date_gmt":"2025-10-19T20:34:17","guid":{"rendered":"https:\/\/lawcdh.com\/es\/?page_id=3254"},"modified":"2025-10-19T20:34:18","modified_gmt":"2025-10-19T20:34:18","slug":"accidente-por-conduccion-temeraria","status":"publish","type":"page","link":"https:\/\/lawcdh.com\/es\/areas-de-practica\/lesiones-personales\/accidente-automovilistico\/accidente-de-automovilismo-por-conduccion-imprudente\/accidente-por-conduccion-temeraria\/","title":{"rendered":"Accidente por Conducci\u00f3n Temeraria"},"content":{"rendered":"\n<p>Todo conductor tiene el deber legal de manejar con seguridad, obedecer las leyes de tr\u00e1nsito y evitar conductas peligrosas innecesarias. La conducci\u00f3n temeraria es una de las violaciones m\u00e1s graves de esta obligaci\u00f3n. Los conductores que act\u00faan sin consideraci\u00f3n por la seguridad de los dem\u00e1s tienen m\u00e1s probabilidades de causar accidentes catastr\u00f3ficos y muertes.<\/p>\n\n\n\n<p>Las v\u00edctimas de choques por conducci\u00f3n temeraria pueden enfrentar numerosas p\u00e9rdidas personales y econ\u00f3micas, como facturas m\u00e9dicas elevadas, p\u00e9rdida de ingresos y dolor y sufrimiento. Afortunadamente, tienen derecho a emprender acciones legales para reclamar la compensaci\u00f3n que necesitan. Si usted o un ser querido resultaron heridos en un accidente de este tipo, los abogados de Carden Dotzler Hammond, PLLC en Syracuse, NY est\u00e1n listos para defenderlo.<\/p>\n\n\n\n<h2 class=\"wp-block-heading\" id=\"ejemplos-comunes-de-conduccion-temeraria\">Ejemplos Comunes de Conducci\u00f3n Temeraria<\/h2>\n\n\n\n<p>Mientras que la negligencia implica descuido o un error irresponsable, la conducci\u00f3n temeraria consiste en actuar de manera que la persona sabe, o deber\u00eda saber razonablemente, que es peligrosa y puede causar da\u00f1o a otros. M\u00e1s espec\u00edficamente, seg\u00fan la Ley de Veh\u00edculos y Tr\u00e1nsito de Nueva York (VAT) \u00a71212, la conducci\u00f3n temeraria es operar un veh\u00edculo de manera que ponga a otros en riesgo de lesiones o muerte o interfiera irrazonablemente con el uso legal de calles y carreteras por parte de otras personas. Algunos ejemplos comunes de conducci\u00f3n temeraria incluyen:<\/p>\n\n\n\n<ul class=\"wp-block-list\">\n<li>Conducir demasiado cerca (tailgating)<\/li>\n\n\n\n<li>Exceso de velocidad<\/li>\n\n\n\n<li>Competir con otros conductores (carreras)<\/li>\n\n\n\n<li>Pasarse sem\u00e1foros en rojo y se\u00f1ales de alto<\/li>\n\n\n\n<li>Conducir bajo los efectos de drogas o alcohol<\/li>\n\n\n\n<li>Conducir distra\u00eddo (ej. enviar mensajes de texto)<\/li>\n\n\n\n<li>Conducir fatigado<\/li>\n\n\n\n<li>Cambiar de carril bruscamente o sin integrarse con seguridad<\/li>\n\n\n\n<li>Conducir sobre la banqueta o la acera<\/li>\n\n\n\n<li>Conducir con exceso de pasajeros<\/li>\n\n\n\n<li>No detenerse ante veh\u00edculos de emergencia<\/li>\n\n\n\n<li>Rebasar por el acotamiento<\/li>\n<\/ul>\n\n\n\n<h2 class=\"wp-block-heading\" id=\"lesiones-que-resultan-de-la-conduccion-temeraria\">Lesiones que Resultan de la Conducci\u00f3n Temeraria<\/h2>\n\n\n\n<p>Si usted o un ser querido resultaron heridos en un accidente por conducci\u00f3n temeraria, es fundamental buscar atenci\u00f3n m\u00e9dica inmediata. No hacerlo podr\u00eda agravar su condici\u00f3n y poner en riesgo sus derechos legales. Entre las lesiones m\u00e1s comunes se encuentran:<\/p>\n\n\n\n<ul class=\"wp-block-list\">\n<li>Latigazo cervical<\/li>\n\n\n\n<li>Fracturas \u00f3seas<\/li>\n\n\n\n<li>Conmoci\u00f3n cerebral<\/li>\n\n\n\n<li>Lesiones en cuello, espalda y m\u00e9dula espinal<\/li>\n\n\n\n<li>Da\u00f1os en \u00f3rganos internos<\/li>\n\n\n\n<li>Hemorragias internas<\/li>\n\n\n\n<li>Lesi\u00f3n cerebral traum\u00e1tica (TBI)<\/li>\n\n\n\n<li>Par\u00e1lisis<\/li>\n<\/ul>\n\n\n\n<h2 class=\"wp-block-heading\" id=\"como-probar-la-conduccion-temeraria-en-syracuse-ny\">C\u00f3mo Probar la Conducci\u00f3n Temeraria en Syracuse, NY<\/h2>\n\n\n\n<p>La v\u00edctima de un accidente por conducci\u00f3n temeraria tiene la carga de la prueba en una demanda civil, lo que significa que debe demostrar lo siguiente:<\/p>\n\n\n\n<ul class=\"wp-block-list\">\n<li>Deber de cuidado: Todo conductor debe conducir con seguridad y obedecer las leyes de tr\u00e1nsito, evitando conductas que puedan causar lesiones a otros conductores, peatones o ciclistas.<\/li>\n\n\n\n<li>Incumplimiento: Una violaci\u00f3n de ese deber de cuidado, ya sea por un acto negligente u, en este caso, una acci\u00f3n temeraria como las ya mencionadas.<\/li>\n\n\n\n<li>Causalidad: El incumplimiento (la conducci\u00f3n temeraria) debe ser la causa directa de las lesiones de la v\u00edctima. Esto puede complicarse si existen varias partes responsables.<\/li>\n\n\n\n<li>Da\u00f1os: La v\u00edctima debe probar la naturaleza y el monto de los da\u00f1os reclamados, incluyendo tanto los pasados como los razonablemente futuros.<\/li>\n<\/ul>\n\n\n\n<h2 class=\"wp-block-heading\" id=\"que-tipos-de-danos-estan-disponibles\">Qu\u00e9 Tipos de Da\u00f1os Est\u00e1n Disponibles<\/h2>\n\n\n\n<p>La v\u00edctima de un accidente por conducci\u00f3n temeraria puede recibir compensaci\u00f3n por sus p\u00e9rdidas financieras y personales, tales como:<\/p>\n\n\n\n<ul class=\"wp-block-list\">\n<li>Facturas m\u00e9dicas: Atenci\u00f3n de ambulancia, hospitalizaci\u00f3n, cirug\u00edas, medicamentos, terapia f\u00edsica, equipos m\u00e9dicos adaptativos y futuros gastos m\u00e9dicos proyectados.<\/li>\n\n\n\n<li>Salarios perdidos: Durante la recuperaci\u00f3n, usted puede perder ingresos sustanciales. Tiene derecho a solicitar compensaci\u00f3n por esta p\u00e9rdida.<\/li>\n\n\n\n<li>Capacidad de ingresos reducida: Sus lesiones pueden impedirle trabajar con el mismo nivel de productividad que antes. Puede reclamar compensaci\u00f3n por ingresos, bonos, beneficios y otros pagos que dejar\u00e1 de percibir en el futuro.<\/li>\n\n\n\n<li>Dolor y sufrimiento: El dolor f\u00edsico y la angustia emocional derivados de la conducci\u00f3n temeraria son p\u00e9rdidas reales y pueden ser compensadas como da\u00f1os no econ\u00f3micos.<\/li>\n\n\n\n<li>Da\u00f1os a la propiedad: Si su veh\u00edculo fue da\u00f1ado o destruido en el accidente, puede reclamar los costos de reparaci\u00f3n o reemplazo. Lo mismo aplica a otras pertenencias personales.<\/li>\n\n\n\n<li>Da\u00f1os por muerte injusta: La conducci\u00f3n temeraria cobra la vida de numerosas personas cada a\u00f1o en Nueva York. Los sobrevivientes con derecho pueden reclamar da\u00f1os por muerte injusta, con la ayuda de nuestro bufete en Syracuse.<\/li>\n<\/ul>\n\n\n\n<p>En ciertos casos de lesiones personales donde la conducta fue particularmente temeraria o maliciosa, la v\u00edctima puede tener derecho a da\u00f1os punitivos, dise\u00f1ados para castigar el comportamiento indebido y disuadir futuras conductas similares.<\/p>\n\n\n\n<h2 class=\"wp-block-heading\" id=\"como-pueden-afectar-los-cargos-penales-a-su-caso-civil\">C\u00f3mo Pueden Afectar los Cargos Penales a su Caso Civil<\/h2>\n\n\n\n<p>La conducci\u00f3n temeraria es un delito en Nueva York, y un conductor condenado puede enfrentar c\u00e1rcel y otras sanciones. Sin embargo, un caso penal es distinto de una demanda civil por lesiones personales. Aunque el conductor temerario sea condenado, esa condena penal no otorga compensaci\u00f3n monetaria a la v\u00edctima.<\/p>\n\n\n\n<p>La v\u00edctima deber\u00e1 presentar una demanda civil en el tribunal correspondiente. Aun as\u00ed, una condena penal puede fortalecer significativamente el caso civil, ya que el abogado de lesiones personales en Syracuse puede usarla para argumentar que el conductor debe ser considerado responsable de los da\u00f1os monetarios de la v\u00edctima.<\/p>\n\n\n\n<h2 class=\"wp-block-heading\" id=\"mi-caso-llegara-a-juicio\">\u00bfMi Caso Llegar\u00e1 a Juicio?<\/h2>\n\n\n\n<p>Existen generalmente dos caminos para resolver un caso de conducci\u00f3n temeraria:<\/p>\n\n\n\n<ul class=\"wp-block-list\">\n<li>Acuerdo con la aseguradora: Muchos casos se resuelven fuera de los tribunales si la aseguradora del conductor culpable negocia de buena fe. Pero si usted firma un acuerdo, libera a la aseguradora de cualquier responsabilidad adicional. Por eso, consulte siempre con un abogado antes de aceptar.<\/li>\n\n\n\n<li>Juicio: Muchas aseguradoras negocian de mala fe, haciendo ofertas demasiado bajas o impugnando reclamos por da\u00f1os punitivos. Nosotros negociaremos para lograr el mejor acuerdo posible y le ayudaremos a decidir si aceptar la oferta final o ir a juicio.<\/li>\n<\/ul>\n\n\n\n<h2 class=\"wp-block-heading\" id=\"como-un-abogado-de-lesiones-personales-con-experiencia-puede-ayudar\">C\u00f3mo un Abogado de Lesiones Personales con Experiencia Puede Ayudar<\/h2>\n\n\n\n<p>Al contratar a CDH Law para su caso de accidente por conducci\u00f3n temeraria en Syracuse, nosotros:<\/p>\n\n\n\n<ul class=\"wp-block-list\">\n<li>Investigamos las circunstancias de su accidente y reunimos pruebas valiosas<\/li>\n\n\n\n<li>Identificamos a todas las partes responsables de sus lesiones<\/li>\n\n\n\n<li>Entrevistamos testigos que puedan testificar a su favor<\/li>\n\n\n\n<li>Negociamos su reclamo con la aseguradora de las partes responsables<\/li>\n\n\n\n<li>Lo representamos en mediaci\u00f3n para intentar llegar a un acuerdo favorable<\/li>\n\n\n\n<li>Explicamos las consecuencias legales de aceptar un acuerdo frente a ir a juicio<\/li>\n\n\n\n<li>Presentamos y notificamos la demanda si no se alcanza un acuerdo justo<\/li>\n\n\n\n<li>Conducimos el proceso de descubrimiento (intercambio de informaci\u00f3n y documentos entre las partes)<\/li>\n\n\n\n<li>Aplicamos la ley sustantiva sobre conducci\u00f3n temeraria a su caso<\/li>\n\n\n\n<li>Respetamos las reglas procesales y de evidencia de los tribunales<\/li>\n\n\n\n<li>Contratamos peritos que puedan brindar testimonio sobre responsabilidad, da\u00f1os futuros y otros aspectos<\/li>\n\n\n\n<li>Litigamos su caso ante un jurado exigiendo la m\u00e1xima compensaci\u00f3n posible<\/li>\n<\/ul>\n\n\n\n<h3 class=\"wp-block-heading\">Contacte a Nuestro Abogado de Accidentes por Conducci\u00f3n Temeraria en Syracuse y Nueva York<\/h3>\n\n\n\n<p>Entendemos el estr\u00e9s que probablemente est\u00e9 experimentando tras un accidente de conducci\u00f3n temeraria, al faltar al trabajo y ver c\u00f3mo se acumulan las facturas m\u00e9dicas. Por eso, en CDH Law estamos listos para manejar cada aspecto de su caso, de principio a fin, represent\u00e1ndolo con la dedicaci\u00f3n y el profesionalismo que usted merece. Cont\u00e1ctenos hoy para comenzar a trabajar en su caso.<\/p>\n","protected":false},"excerpt":{"rendered":"<p>Todo conductor tiene el deber legal de manejar con seguridad, obedecer las leyes de tr\u00e1nsito y evitar conductas peligrosas innecesarias. La conducci\u00f3n temeraria es una de las violaciones m\u00e1s graves de esta obligaci\u00f3n. Los conductores que act\u00faan sin consideraci\u00f3n por la seguridad de los dem\u00e1s tienen m\u00e1s probabilidades de causar accidentes catastr\u00f3ficos y muertes. Las&#8230;<\/p>\n","protected":false},"author":2,"featured_media":0,"parent":2084,"menu_order":0,"comment_status":"closed","ping_status":"closed","template":"","meta":{"_acf_changed":true,"footnotes":""},"tags":[],"class_list":["post-3254","page","type-page","status-publish","hentry"],"acf":[],"yoast_head":"<!-- This site is optimized with the Yoast SEO plugin v27.3 - https:\/\/yoast.com\/product\/yoast-seo-wordpress\/ -->\n<title>Abogado de Accidentes por Conducci\u00f3n Temeraria en Syracuse y Nueva York<\/title>\n<meta name=\"description\" content=\"Los accidentes de conducci\u00f3n temeraria dejan a las v\u00edctimas con lesiones graves, a veces fatales. Ayudamos a las v\u00edctimas en Syracuse, NY y a sus familias a obtener justicia.\" \/>\n<meta name=\"robots\" content=\"index, follow, max-snippet:-1, max-image-preview:large, max-video-preview:-1\" \/>\n<link rel=\"canonical\" href=\"https:\/\/lawcdh.com\/es\/areas-de-practica\/lesiones-personales\/accidente-automovilistico\/accidente-de-automovilismo-por-conduccion-imprudente\/accidente-por-conduccion-temeraria\/\" \/>\n<meta property=\"og:locale\" content=\"es_MX\" \/>\n<meta property=\"og:type\" content=\"article\" \/>\n<meta property=\"og:title\" content=\"Abogado de Accidentes por Conducci\u00f3n Temeraria en Syracuse y Nueva York\" \/>\n<meta property=\"og:description\" content=\"Los accidentes de conducci\u00f3n temeraria dejan a las v\u00edctimas con lesiones graves, a veces fatales. Ayudamos a las v\u00edctimas en Syracuse, NY y a sus familias a obtener justicia.\" \/>\n<meta property=\"og:url\" content=\"https:\/\/lawcdh.com\/es\/areas-de-practica\/lesiones-personales\/accidente-automovilistico\/accidente-de-automovilismo-por-conduccion-imprudente\/accidente-por-conduccion-temeraria\/\" \/>\n<meta property=\"og:site_name\" content=\"CDH Law PLLC ES\" \/>\n<meta property=\"article:modified_time\" content=\"2025-10-19T20:34:18+00:00\" \/>\n<meta name=\"twitter:card\" content=\"summary_large_image\" \/>\n<meta name=\"twitter:label1\" content=\"Est. reading time\" \/>\n\t<meta name=\"twitter:data1\" content=\"6 minutos\" \/>\n<script type=\"application\/ld+json\" class=\"yoast-schema-graph\">{\"@context\":\"https:\\\/\\\/schema.org\",\"@graph\":[{\"@type\":\"WebPage\",\"@id\":\"https:\\\/\\\/lawcdh.com\\\/es\\\/areas-de-practica\\\/lesiones-personales\\\/accidente-automovilistico\\\/accidente-de-automovilismo-por-conduccion-imprudente\\\/accidente-por-conduccion-temeraria\\\/\",\"url\":\"https:\\\/\\\/lawcdh.com\\\/es\\\/areas-de-practica\\\/lesiones-personales\\\/accidente-automovilistico\\\/accidente-de-automovilismo-por-conduccion-imprudente\\\/accidente-por-conduccion-temeraria\\\/\",\"name\":\"Abogado de Accidentes por Conducci\u00f3n Temeraria en Syracuse y Nueva York\",\"isPartOf\":{\"@id\":\"https:\\\/\\\/lawcdh.com\\\/es\\\/#website\"},\"datePublished\":\"2025-10-19T20:34:17+00:00\",\"dateModified\":\"2025-10-19T20:34:18+00:00\",\"description\":\"Los accidentes de conducci\u00f3n temeraria dejan a las v\u00edctimas con lesiones graves, a veces fatales. Ayudamos a las v\u00edctimas en Syracuse, NY y a sus familias a obtener justicia.\",\"breadcrumb\":{\"@id\":\"https:\\\/\\\/lawcdh.com\\\/es\\\/areas-de-practica\\\/lesiones-personales\\\/accidente-automovilistico\\\/accidente-de-automovilismo-por-conduccion-imprudente\\\/accidente-por-conduccion-temeraria\\\/#breadcrumb\"},\"inLanguage\":\"es\",\"potentialAction\":[{\"@type\":\"ReadAction\",\"target\":[\"https:\\\/\\\/lawcdh.com\\\/es\\\/areas-de-practica\\\/lesiones-personales\\\/accidente-automovilistico\\\/accidente-de-automovilismo-por-conduccion-imprudente\\\/accidente-por-conduccion-temeraria\\\/\"]}]},{\"@type\":\"BreadcrumbList\",\"@id\":\"https:\\\/\\\/lawcdh.com\\\/es\\\/areas-de-practica\\\/lesiones-personales\\\/accidente-automovilistico\\\/accidente-de-automovilismo-por-conduccion-imprudente\\\/accidente-por-conduccion-temeraria\\\/#breadcrumb\",\"itemListElement\":[{\"@type\":\"ListItem\",\"position\":1,\"name\":\"Home\",\"item\":\"https:\\\/\\\/lawcdh.com\\\/es\\\/\"},{\"@type\":\"ListItem\",\"position\":2,\"name\":\"\u00c1reas de Pr\u00e1ctica\",\"item\":\"https:\\\/\\\/lawcdh.com\\\/es\\\/areas-de-practica\\\/\"},{\"@type\":\"ListItem\",\"position\":3,\"name\":\"Lesiones Personales\",\"item\":\"https:\\\/\\\/lawcdh.com\\\/es\\\/areas-de-practica\\\/lesiones-personales\\\/\"},{\"@type\":\"ListItem\",\"position\":4,\"name\":\"Accidente Automovilistico\",\"item\":\"https:\\\/\\\/lawcdh.com\\\/es\\\/areas-de-practica\\\/lesiones-personales\\\/accidente-automovilistico\\\/\"},{\"@type\":\"ListItem\",\"position\":5,\"name\":\"Accidente Automovil\u00edstico Por Conducci\u00f3n Imprudente\",\"item\":\"https:\\\/\\\/lawcdh.com\\\/es\\\/areas-de-practica\\\/lesiones-personales\\\/accidente-automovilistico\\\/accidente-de-automovilismo-por-conduccion-imprudente\\\/\"},{\"@type\":\"ListItem\",\"position\":6,\"name\":\"Accidente por Conducci\u00f3n Temeraria\"}]},{\"@type\":\"WebSite\",\"@id\":\"https:\\\/\\\/lawcdh.com\\\/es\\\/#website\",\"url\":\"https:\\\/\\\/lawcdh.com\\\/es\\\/\",\"name\":\"CDH Law PLLC ES\",\"description\":\"\",\"potentialAction\":[{\"@type\":\"SearchAction\",\"target\":{\"@type\":\"EntryPoint\",\"urlTemplate\":\"https:\\\/\\\/lawcdh.com\\\/es\\\/?s={search_term_string}\"},\"query-input\":{\"@type\":\"PropertyValueSpecification\",\"valueRequired\":true,\"valueName\":\"search_term_string\"}}],\"inLanguage\":\"es\"}]}<\/script>\n<!-- \/ Yoast SEO plugin. -->","yoast_head_json":{"title":"Abogado de Accidentes por Conducci\u00f3n Temeraria en Syracuse y Nueva York","description":"Los accidentes de conducci\u00f3n temeraria dejan a las v\u00edctimas con lesiones graves, a veces fatales. Ayudamos a las v\u00edctimas en Syracuse, NY y a sus familias a obtener justicia.","robots":{"index":"index","follow":"follow","max-snippet":"max-snippet:-1","max-image-preview":"max-image-preview:large","max-video-preview":"max-video-preview:-1"},"canonical":"https:\/\/lawcdh.com\/es\/areas-de-practica\/lesiones-personales\/accidente-automovilistico\/accidente-de-automovilismo-por-conduccion-imprudente\/accidente-por-conduccion-temeraria\/","og_locale":"es_MX","og_type":"article","og_title":"Abogado de Accidentes por Conducci\u00f3n Temeraria en Syracuse y Nueva York","og_description":"Los accidentes de conducci\u00f3n temeraria dejan a las v\u00edctimas con lesiones graves, a veces fatales. Ayudamos a las v\u00edctimas en Syracuse, NY y a sus familias a obtener justicia.","og_url":"https:\/\/lawcdh.com\/es\/areas-de-practica\/lesiones-personales\/accidente-automovilistico\/accidente-de-automovilismo-por-conduccion-imprudente\/accidente-por-conduccion-temeraria\/","og_site_name":"CDH Law PLLC ES","article_modified_time":"2025-10-19T20:34:18+00:00","twitter_card":"summary_large_image","twitter_misc":{"Est. reading time":"6 minutos"},"schema":{"@context":"https:\/\/schema.org","@graph":[{"@type":"WebPage","@id":"https:\/\/lawcdh.com\/es\/areas-de-practica\/lesiones-personales\/accidente-automovilistico\/accidente-de-automovilismo-por-conduccion-imprudente\/accidente-por-conduccion-temeraria\/","url":"https:\/\/lawcdh.com\/es\/areas-de-practica\/lesiones-personales\/accidente-automovilistico\/accidente-de-automovilismo-por-conduccion-imprudente\/accidente-por-conduccion-temeraria\/","name":"Abogado de Accidentes por Conducci\u00f3n Temeraria en Syracuse y Nueva York","isPartOf":{"@id":"https:\/\/lawcdh.com\/es\/#website"},"datePublished":"2025-10-19T20:34:17+00:00","dateModified":"2025-10-19T20:34:18+00:00","description":"Los accidentes de conducci\u00f3n temeraria dejan a las v\u00edctimas con lesiones graves, a veces fatales. Ayudamos a las v\u00edctimas en Syracuse, NY y a sus familias a obtener justicia.","breadcrumb":{"@id":"https:\/\/lawcdh.com\/es\/areas-de-practica\/lesiones-personales\/accidente-automovilistico\/accidente-de-automovilismo-por-conduccion-imprudente\/accidente-por-conduccion-temeraria\/#breadcrumb"},"inLanguage":"es","potentialAction":[{"@type":"ReadAction","target":["https:\/\/lawcdh.com\/es\/areas-de-practica\/lesiones-personales\/accidente-automovilistico\/accidente-de-automovilismo-por-conduccion-imprudente\/accidente-por-conduccion-temeraria\/"]}]},{"@type":"BreadcrumbList","@id":"https:\/\/lawcdh.com\/es\/areas-de-practica\/lesiones-personales\/accidente-automovilistico\/accidente-de-automovilismo-por-conduccion-imprudente\/accidente-por-conduccion-temeraria\/#breadcrumb","itemListElement":[{"@type":"ListItem","position":1,"name":"Home","item":"https:\/\/lawcdh.com\/es\/"},{"@type":"ListItem","position":2,"name":"\u00c1reas de Pr\u00e1ctica","item":"https:\/\/lawcdh.com\/es\/areas-de-practica\/"},{"@type":"ListItem","position":3,"name":"Lesiones Personales","item":"https:\/\/lawcdh.com\/es\/areas-de-practica\/lesiones-personales\/"},{"@type":"ListItem","position":4,"name":"Accidente Automovilistico","item":"https:\/\/lawcdh.com\/es\/areas-de-practica\/lesiones-personales\/accidente-automovilistico\/"},{"@type":"ListItem","position":5,"name":"Accidente Automovil\u00edstico Por Conducci\u00f3n Imprudente","item":"https:\/\/lawcdh.com\/es\/areas-de-practica\/lesiones-personales\/accidente-automovilistico\/accidente-de-automovilismo-por-conduccion-imprudente\/"},{"@type":"ListItem","position":6,"name":"Accidente por Conducci\u00f3n Temeraria"}]},{"@type":"WebSite","@id":"https:\/\/lawcdh.com\/es\/#website","url":"https:\/\/lawcdh.com\/es\/","name":"CDH Law PLLC ES","description":"","potentialAction":[{"@type":"SearchAction","target":{"@type":"EntryPoint","urlTemplate":"https:\/\/lawcdh.com\/es\/?s={search_term_string}"},"query-input":{"@type":"PropertyValueSpecification","valueRequired":true,"valueName":"search_term_string"}}],"inLanguage":"es"}]}},"_links":{"self":[{"href":"https:\/\/lawcdh.com\/es\/wp-json\/wp\/v2\/pages\/3254","targetHints":{"allow":["GET"]}}],"collection":[{"href":"https:\/\/lawcdh.com\/es\/wp-json\/wp\/v2\/pages"}],"about":[{"href":"https:\/\/lawcdh.com\/es\/wp-json\/wp\/v2\/types\/page"}],"author":[{"embeddable":true,"href":"https:\/\/lawcdh.com\/es\/wp-json\/wp\/v2\/users\/2"}],"replies":[{"embeddable":true,"href":"https:\/\/lawcdh.com\/es\/wp-json\/wp\/v2\/comments?post=3254"}],"version-history":[{"count":0,"href":"https:\/\/lawcdh.com\/es\/wp-json\/wp\/v2\/pages\/3254\/revisions"}],"up":[{"embeddable":true,"href":"https:\/\/lawcdh.com\/es\/wp-json\/wp\/v2\/pages\/2084"}],"wp:attachment":[{"href":"https:\/\/lawcdh.com\/es\/wp-json\/wp\/v2\/media?parent=3254"}],"wp:term":[{"taxonomy":"post_tag","embeddable":true,"href":"https:\/\/lawcdh.com\/es\/wp-json\/wp\/v2\/tags?post=3254"}],"curies":[{"name":"wp","href":"https:\/\/api.w.org\/{rel}","templated":true}]}}