{"id":3263,"date":"2025-10-19T20:53:34","date_gmt":"2025-10-19T20:53:34","guid":{"rendered":"https:\/\/lawcdh.com\/es\/?page_id=3263"},"modified":"2025-10-19T20:53:35","modified_gmt":"2025-10-19T20:53:35","slug":"lesiones-por-quemaduras","status":"publish","type":"page","link":"https:\/\/lawcdh.com\/es\/areas-de-practica\/lesiones-personales\/lesiones-por-quemaduras\/","title":{"rendered":"Lesiones por quemaduras"},"content":{"rendered":"\n<p>Las quemaduras son de las lesiones m\u00e1s dolorosas que una persona puede sufrir, y sus efectos pueden continuar mucho tiempo despu\u00e9s de la curaci\u00f3n inicial. Adem\u00e1s del sufrimiento f\u00edsico, la v\u00edctima probablemente enfrentar\u00e1 desfiguraci\u00f3n y cicatrices permanentes. Cuando estas quemaduras resultan de la conducta negligente de otra persona o entidad, la v\u00edctima tiene derecho a reclamar compensaci\u00f3n por sus p\u00e9rdidas.<\/p>\n\n\n\n<p>Sin embargo, no es una tarea sencilla, y las aseguradoras y abogados que representan a la parte culpable suelen impugnar con fuerza cualquier reclamaci\u00f3n de da\u00f1os. \u00bfQui\u00e9n defender\u00e1 sus derechos si ha sufrido una lesi\u00f3n por quemadura en Syracuse, NY? Puede confiar en los abogados con experiencia de Carden Dotzler Hammond, PLLC.<\/p>\n\n\n\n<h2 class=\"wp-block-heading\" id=\"diferentes-grados-de-quemaduras\">Diferentes grados de quemaduras<\/h2>\n\n\n\n<p>Existen hasta cuatro grados de quemaduras reconocidos, cada uno con mayor gravedad. Cuanto m\u00e1s alto es el grado, mayor es la probabilidad de que la v\u00edctima pueda reclamar una compensaci\u00f3n significativa.<\/p>\n\n\n\n<ul class=\"wp-block-list\">\n<li><strong>Primer grado:<\/strong> Afectan s\u00f3lo la epidermis (capa externa de la piel) y causan enrojecimiento, dolor e hinchaz\u00f3n leve. Generalmente sanan en pocos d\u00edas sin dejar cicatriz. La compensaci\u00f3n en estos casos suele ser m\u00ednima.<\/li>\n\n\n\n<li><strong>Segundo grado:<\/strong> Afectan tanto la epidermis como la dermis (capa inferior). Provocan dolor intenso, hinchaz\u00f3n, enrojecimiento, ampollas y cicatrices. Debido a la necesidad de atenci\u00f3n m\u00e9dica y a la probabilidad de cicatrizaci\u00f3n, las v\u00edctimas suelen poder reclamar m\u00e1s da\u00f1os.<\/li>\n\n\n\n<li><strong>Tercer grado:<\/strong> Atraviesan todas las capas de la piel y, en ocasiones, da\u00f1an m\u00fasculos, huesos y nervios. Puede no haber dolor debido al da\u00f1o nervioso. Generalmente requieren atenci\u00f3n m\u00e9dica inmediata, injertos de piel y tratamiento intensivo.<\/li>\n\n\n\n<li><strong>Cuarto grado:<\/strong> Da\u00f1a la piel, m\u00fasculos, tendones, nervios e incluso huesos. Son tan graves que pueden afectar el funcionamiento de \u00f3rganos y representar un riesgo inmediato de muerte. Una quemadura de cuarto grado causada por negligencia casi siempre es elegible para indemnizaci\u00f3n.<br><\/li>\n<\/ul>\n\n\n\n<h2 class=\"wp-block-heading\" id=\"causas-mas-comunes-de-lesiones-por-quemaduras\">Causas m\u00e1s comunes de lesiones por quemaduras<\/h2>\n\n\n\n<p>Las personas en Syracuse pueden sufrir quemaduras de diversas maneras, muchas de ellas relacionadas con negligencia:<\/p>\n\n\n\n<ul class=\"wp-block-list\">\n<li><strong>Accidentes automovil\u00edsticos:<\/strong> Las v\u00edctimas pueden estar expuestas a sustancias calientes o incendios. Tambi\u00e9n son comunes las lesiones por fricci\u00f3n que desgarran la piel.<\/li>\n\n\n\n<li><strong>Productos defectuosos:<\/strong> Cuando fabricantes o minoristas venden productos defectuosos, el consumidor puede sufrir quemaduras graves. Ejemplo: electrodom\u00e9sticos defectuosos.<\/li>\n\n\n\n<li><strong>Accidentes laborales:<\/strong> Exposici\u00f3n a qu\u00edmicos, incendios, cableado deficiente u otros riesgos en el trabajo. Adem\u00e1s de una reclamaci\u00f3n laboral, puede ser posible una demanda de lesiones personales contra un tercero.<\/li>\n\n\n\n<li><strong>Responsabilidad de locales:<\/strong> Los due\u00f1os o administradores de propiedades deben mantener sus instalaciones libres de riesgos indebidos. Cualquier condici\u00f3n peligrosa que provoque incendios o quemaduras a visitantes puede dar lugar a una demanda.<br><\/li>\n<\/ul>\n\n\n\n<h2 class=\"wp-block-heading\" id=\"quien-puede-ser-responsable-por-su-lesion-por-quemadura\">\u00bfQui\u00e9n puede ser responsable por su lesi\u00f3n por quemadura?<\/h2>\n\n\n\n<p>Uno de los principales beneficios de contratar a un abogado de lesiones personales en Syracuse es identificar a las partes responsables. Seg\u00fan las circunstancias, podr\u00edan ser responsables:<\/p>\n\n\n\n<ul class=\"wp-block-list\">\n<li>Individuos negligentes, incluidos conductores<\/li>\n\n\n\n<li>Dise\u00f1adores y fabricantes de productos<\/li>\n\n\n\n<li>Minoristas y mayoristas<\/li>\n\n\n\n<li>Propietarios de inmuebles<\/li>\n\n\n\n<li>Contratistas generales y subcontratistas<\/li>\n<\/ul>\n\n\n\n<p>Si hay m\u00e1s de una parte potencialmente responsable, aumentan las probabilidades de recuperar una compensaci\u00f3n sustancial. Nuestro bufete trabaja para identificar a todos los responsables y fortalecer su caso.<\/p>\n\n\n\n<h2 class=\"wp-block-heading\" id=\"posibles-danos-en-un-caso-de-lesiones-por-quemaduras-en-syracuse\">Posibles da\u00f1os en un caso de lesiones por quemaduras en Syracuse<\/h2>\n\n\n\n<p>Las quemaduras son lesiones serias y deben tratarse como tales. Incluso con atenci\u00f3n m\u00e9dica r\u00e1pida, la v\u00edctima puede enfrentar p\u00e9rdidas graves. Los da\u00f1os que pueden reclamarse incluyen:<\/p>\n\n\n\n<ul class=\"wp-block-list\">\n<li><strong>Facturas m\u00e9dicas:<\/strong> Ambulancia, atenci\u00f3n de urgencias, hospitalizaci\u00f3n, cirug\u00eda (incluidos injertos de piel), medicamentos, tratamientos posteriores, terapia f\u00edsica y rehabilitaci\u00f3n.<\/li>\n\n\n\n<li><strong>Salarios perdidos:<\/strong> El tiempo de recuperaci\u00f3n puede ser de semanas o meses, durante los cuales la v\u00edctima no puede trabajar.<\/li>\n\n\n\n<li><strong>P\u00e9rdida de capacidad de ingresos:<\/strong> La lesi\u00f3n puede limitar la capacidad laboral futura o impedir regresar a la carrera anterior.<\/li>\n\n\n\n<li><strong>Da\u00f1os no econ\u00f3micos:<\/strong> Dolor y sufrimiento, angustia emocional, discapacidad, desfiguraci\u00f3n, p\u00e9rdida del disfrute de la vida, p\u00e9rdida de consorcio y m\u00e1s.<\/li>\n\n\n\n<li><strong>Da\u00f1os punitivos:<\/strong> En casos de negligencia extrema, la v\u00edctima puede reclamar estos da\u00f1os, que buscan castigar la conducta indebida.<\/li>\n\n\n\n<li><strong>Da\u00f1os a la propiedad:<\/strong> Como en accidentes automovil\u00edsticos que tambi\u00e9n destruyen pertenencias personales.<\/li>\n\n\n\n<li><strong>Da\u00f1os por muerte injusta:<\/strong> Si la v\u00edctima fallece a causa de las quemaduras, la familia puede reclamar gastos funerarios, ingresos futuros perdidos y el sufrimiento de la v\u00edctima antes de morir.<\/li>\n<\/ul>\n\n\n\n<h3 class=\"wp-block-heading\">Contacte a nuestro abogado de lesiones por quemaduras en Syracuse, NY<\/h3>\n\n\n\n<p>En CDH Law representamos a v\u00edctimas de quemaduras luchando por la compensaci\u00f3n que merecen para que puedan enfocarse en sanar y recuperarse. \u00bfUsted o un ser querido sufrieron quemaduras en un accidente y desea conocer sus opciones legales? Comun\u00edquese hoy con nuestro equipo dedicado y compasivo para obtener m\u00e1s informaci\u00f3n.<\/p>\n","protected":false},"excerpt":{"rendered":"<p>Las quemaduras son de las lesiones m\u00e1s dolorosas que una persona puede sufrir, y sus efectos pueden continuar mucho tiempo despu\u00e9s de la curaci\u00f3n inicial. Adem\u00e1s del sufrimiento f\u00edsico, la v\u00edctima probablemente enfrentar\u00e1 desfiguraci\u00f3n y cicatrices permanentes. Cuando estas quemaduras resultan de la conducta negligente de otra persona o entidad, la v\u00edctima tiene derecho a&#8230;<\/p>\n","protected":false},"author":2,"featured_media":0,"parent":1771,"menu_order":0,"comment_status":"closed","ping_status":"closed","template":"","meta":{"_acf_changed":true,"footnotes":""},"tags":[],"class_list":["post-3263","page","type-page","status-publish","hentry"],"acf":[],"yoast_head":"<!-- This site is optimized with the Yoast SEO plugin v27.4 - https:\/\/yoast.com\/product\/yoast-seo-wordpress\/ -->\n<title>Abogado de lesiones por quemaduras en Syracuse, NY<\/title>\n<meta name=\"description\" content=\"Las lesiones por quemaduras son de las m\u00e1s dolorosas y permanentes que puede sufrir una v\u00edctima. Nuestros abogados de lesiones personales luchan por la compensaci\u00f3n que usted merece.\" \/>\n<meta name=\"robots\" content=\"index, follow, max-snippet:-1, max-image-preview:large, max-video-preview:-1\" \/>\n<link rel=\"canonical\" href=\"https:\/\/lawcdh.com\/es\/areas-de-practica\/lesiones-personales\/lesiones-por-quemaduras\/\" \/>\n<meta property=\"og:locale\" content=\"es_MX\" \/>\n<meta property=\"og:type\" content=\"article\" \/>\n<meta property=\"og:title\" content=\"Abogado de lesiones por quemaduras en Syracuse, NY\" \/>\n<meta property=\"og:description\" content=\"Las lesiones por quemaduras son de las m\u00e1s dolorosas y permanentes que puede sufrir una v\u00edctima. Nuestros abogados de lesiones personales luchan por la compensaci\u00f3n que usted merece.\" \/>\n<meta property=\"og:url\" content=\"https:\/\/lawcdh.com\/es\/areas-de-practica\/lesiones-personales\/lesiones-por-quemaduras\/\" \/>\n<meta property=\"og:site_name\" content=\"CDH Law PLLC ES\" \/>\n<meta property=\"article:modified_time\" content=\"2025-10-19T20:53:35+00:00\" \/>\n<meta name=\"twitter:card\" content=\"summary_large_image\" \/>\n<meta name=\"twitter:label1\" content=\"Est. reading time\" \/>\n\t<meta name=\"twitter:data1\" content=\"4 minutos\" \/>\n<script type=\"application\/ld+json\" class=\"yoast-schema-graph\">{\"@context\":\"https:\\\/\\\/schema.org\",\"@graph\":[{\"@type\":\"WebPage\",\"@id\":\"https:\\\/\\\/lawcdh.com\\\/es\\\/areas-de-practica\\\/lesiones-personales\\\/lesiones-por-quemaduras\\\/\",\"url\":\"https:\\\/\\\/lawcdh.com\\\/es\\\/areas-de-practica\\\/lesiones-personales\\\/lesiones-por-quemaduras\\\/\",\"name\":\"Abogado de lesiones por quemaduras en Syracuse, NY\",\"isPartOf\":{\"@id\":\"https:\\\/\\\/lawcdh.com\\\/es\\\/#website\"},\"datePublished\":\"2025-10-19T20:53:34+00:00\",\"dateModified\":\"2025-10-19T20:53:35+00:00\",\"description\":\"Las lesiones por quemaduras son de las m\u00e1s dolorosas y permanentes que puede sufrir una v\u00edctima. Nuestros abogados de lesiones personales luchan por la compensaci\u00f3n que usted merece.\",\"breadcrumb\":{\"@id\":\"https:\\\/\\\/lawcdh.com\\\/es\\\/areas-de-practica\\\/lesiones-personales\\\/lesiones-por-quemaduras\\\/#breadcrumb\"},\"inLanguage\":\"es\",\"potentialAction\":[{\"@type\":\"ReadAction\",\"target\":[\"https:\\\/\\\/lawcdh.com\\\/es\\\/areas-de-practica\\\/lesiones-personales\\\/lesiones-por-quemaduras\\\/\"]}]},{\"@type\":\"BreadcrumbList\",\"@id\":\"https:\\\/\\\/lawcdh.com\\\/es\\\/areas-de-practica\\\/lesiones-personales\\\/lesiones-por-quemaduras\\\/#breadcrumb\",\"itemListElement\":[{\"@type\":\"ListItem\",\"position\":1,\"name\":\"Home\",\"item\":\"https:\\\/\\\/lawcdh.com\\\/es\\\/\"},{\"@type\":\"ListItem\",\"position\":2,\"name\":\"\u00c1reas de Pr\u00e1ctica\",\"item\":\"https:\\\/\\\/lawcdh.com\\\/es\\\/areas-de-practica\\\/\"},{\"@type\":\"ListItem\",\"position\":3,\"name\":\"Lesiones Personales\",\"item\":\"https:\\\/\\\/lawcdh.com\\\/es\\\/areas-de-practica\\\/lesiones-personales\\\/\"},{\"@type\":\"ListItem\",\"position\":4,\"name\":\"Lesiones por quemaduras\"}]},{\"@type\":\"WebSite\",\"@id\":\"https:\\\/\\\/lawcdh.com\\\/es\\\/#website\",\"url\":\"https:\\\/\\\/lawcdh.com\\\/es\\\/\",\"name\":\"CDH Law PLLC ES\",\"description\":\"\",\"potentialAction\":[{\"@type\":\"SearchAction\",\"target\":{\"@type\":\"EntryPoint\",\"urlTemplate\":\"https:\\\/\\\/lawcdh.com\\\/es\\\/?s={search_term_string}\"},\"query-input\":{\"@type\":\"PropertyValueSpecification\",\"valueRequired\":true,\"valueName\":\"search_term_string\"}}],\"inLanguage\":\"es\"}]}<\/script>\n<!-- \/ Yoast SEO plugin. -->","yoast_head_json":{"title":"Abogado de lesiones por quemaduras en Syracuse, NY","description":"Las lesiones por quemaduras son de las m\u00e1s dolorosas y permanentes que puede sufrir una v\u00edctima. Nuestros abogados de lesiones personales luchan por la compensaci\u00f3n que usted merece.","robots":{"index":"index","follow":"follow","max-snippet":"max-snippet:-1","max-image-preview":"max-image-preview:large","max-video-preview":"max-video-preview:-1"},"canonical":"https:\/\/lawcdh.com\/es\/areas-de-practica\/lesiones-personales\/lesiones-por-quemaduras\/","og_locale":"es_MX","og_type":"article","og_title":"Abogado de lesiones por quemaduras en Syracuse, NY","og_description":"Las lesiones por quemaduras son de las m\u00e1s dolorosas y permanentes que puede sufrir una v\u00edctima. Nuestros abogados de lesiones personales luchan por la compensaci\u00f3n que usted merece.","og_url":"https:\/\/lawcdh.com\/es\/areas-de-practica\/lesiones-personales\/lesiones-por-quemaduras\/","og_site_name":"CDH Law PLLC ES","article_modified_time":"2025-10-19T20:53:35+00:00","twitter_card":"summary_large_image","twitter_misc":{"Est. reading time":"4 minutos"},"schema":{"@context":"https:\/\/schema.org","@graph":[{"@type":"WebPage","@id":"https:\/\/lawcdh.com\/es\/areas-de-practica\/lesiones-personales\/lesiones-por-quemaduras\/","url":"https:\/\/lawcdh.com\/es\/areas-de-practica\/lesiones-personales\/lesiones-por-quemaduras\/","name":"Abogado de lesiones por quemaduras en Syracuse, NY","isPartOf":{"@id":"https:\/\/lawcdh.com\/es\/#website"},"datePublished":"2025-10-19T20:53:34+00:00","dateModified":"2025-10-19T20:53:35+00:00","description":"Las lesiones por quemaduras son de las m\u00e1s dolorosas y permanentes que puede sufrir una v\u00edctima. Nuestros abogados de lesiones personales luchan por la compensaci\u00f3n que usted merece.","breadcrumb":{"@id":"https:\/\/lawcdh.com\/es\/areas-de-practica\/lesiones-personales\/lesiones-por-quemaduras\/#breadcrumb"},"inLanguage":"es","potentialAction":[{"@type":"ReadAction","target":["https:\/\/lawcdh.com\/es\/areas-de-practica\/lesiones-personales\/lesiones-por-quemaduras\/"]}]},{"@type":"BreadcrumbList","@id":"https:\/\/lawcdh.com\/es\/areas-de-practica\/lesiones-personales\/lesiones-por-quemaduras\/#breadcrumb","itemListElement":[{"@type":"ListItem","position":1,"name":"Home","item":"https:\/\/lawcdh.com\/es\/"},{"@type":"ListItem","position":2,"name":"\u00c1reas de Pr\u00e1ctica","item":"https:\/\/lawcdh.com\/es\/areas-de-practica\/"},{"@type":"ListItem","position":3,"name":"Lesiones Personales","item":"https:\/\/lawcdh.com\/es\/areas-de-practica\/lesiones-personales\/"},{"@type":"ListItem","position":4,"name":"Lesiones por quemaduras"}]},{"@type":"WebSite","@id":"https:\/\/lawcdh.com\/es\/#website","url":"https:\/\/lawcdh.com\/es\/","name":"CDH Law PLLC ES","description":"","potentialAction":[{"@type":"SearchAction","target":{"@type":"EntryPoint","urlTemplate":"https:\/\/lawcdh.com\/es\/?s={search_term_string}"},"query-input":{"@type":"PropertyValueSpecification","valueRequired":true,"valueName":"search_term_string"}}],"inLanguage":"es"}]}},"_links":{"self":[{"href":"https:\/\/lawcdh.com\/es\/wp-json\/wp\/v2\/pages\/3263","targetHints":{"allow":["GET"]}}],"collection":[{"href":"https:\/\/lawcdh.com\/es\/wp-json\/wp\/v2\/pages"}],"about":[{"href":"https:\/\/lawcdh.com\/es\/wp-json\/wp\/v2\/types\/page"}],"author":[{"embeddable":true,"href":"https:\/\/lawcdh.com\/es\/wp-json\/wp\/v2\/users\/2"}],"replies":[{"embeddable":true,"href":"https:\/\/lawcdh.com\/es\/wp-json\/wp\/v2\/comments?post=3263"}],"version-history":[{"count":0,"href":"https:\/\/lawcdh.com\/es\/wp-json\/wp\/v2\/pages\/3263\/revisions"}],"up":[{"embeddable":true,"href":"https:\/\/lawcdh.com\/es\/wp-json\/wp\/v2\/pages\/1771"}],"wp:attachment":[{"href":"https:\/\/lawcdh.com\/es\/wp-json\/wp\/v2\/media?parent=3263"}],"wp:term":[{"taxonomy":"post_tag","embeddable":true,"href":"https:\/\/lawcdh.com\/es\/wp-json\/wp\/v2\/tags?post=3263"}],"curies":[{"name":"wp","href":"https:\/\/api.w.org\/{rel}","templated":true}]}}